{"id":14459,"date":"2024-12-12T08:46:03","date_gmt":"2024-12-12T08:46:03","guid":{"rendered":"https:\/\/www.hydraulic-cylinders.net\/product\/replacement-of-vga10742-cargo-box-power-lift-kit\/"},"modified":"2024-12-12T08:46:05","modified_gmt":"2024-12-12T08:46:05","slug":"replacement-of-vga10742-cargo-box-power-lift-kit","status":"publish","type":"product","link":"https:\/\/www.hydraulic-cylinders.net\/lt\/produktas\/replacement-of-vga10742-cargo-box-power-lift-kit\/","title":{"rendered":"VGA10742 krovininio d\u0117\u017e\u0117s pak\u0117limo komplekto keitimas"},"content":{"rendered":"<h2>\u012evadas \u012f VGA10742 krovininio d\u0117\u017e\u0117s pak\u0117limo komplekto keitim\u0105<\/h2>\n<p>\u201eVGA10742 Cargo Box Power Lift Kit\u201c keitimas yra hidraulinis cilindras, skirtas \u012fvairiems tikslams. Jis naudojamas pa\u017eeistiems arba susid\u0117v\u0117jusiems hidrauliniams cilindrams pakeisti ir normaliam \u012frangos veikimui atkurti. \u0160is hidraulinis cilindras atlieka labai svarb\u0173 vaidmen\u012f u\u017etikrinant \u012fvairi\u0173 ma\u0161in\u0173 veikim\u0105 ir saug\u0105.<\/p>\n<h2>Specifikacijos ir modeliai<\/h2>\n<p>VGA10742 krovininio d\u0117\u017e\u0117s pak\u0117limo komplekto pakeitimas turi \u0161ias specifikacijas:<\/p>\n<ul>\n<li>Svoris: 2,05 svaro<\/li>\n<li>Auk\u0161tis: 2,3 colio<\/li>\n<li>Ilgis: 9,6 colio<\/li>\n<\/ul>\n<p>Su \u0161iuo hidrauliniu cilindru suderinami modeliai:<\/p>\n<ul>\n<li>HPX 4X2<\/li>\n<li>HPX 4X2 D<\/li>\n<li>HPX 4X4<\/li>\n<li>HPX 4X4 D<\/li>\n<li>HPX 4X4 TRAIL TIESUS A\u0160MENYS<\/li>\n<\/ul>\n<h2>Pagrindin\u0117s VGA10742 krovininio d\u0117\u017e\u0117s pak\u0117limo komplekto pakeitimo savyb\u0117s<\/h2>\n<ul>\n<li>Pagerintas \u012frangos veikimas: Pakeitus pa\u017eeistus arba susid\u0117v\u0117jusius hidraulinius cilindrus, galima atkurti normal\u0173 \u012frangos veikim\u0105, u\u017etikrinant jos veikim\u0105 \u012fvairiose srityse.<\/li>\n<li>Padidintas saugumas: reguliarus hidraulini\u0173 cilindr\u0173 keitimas suma\u017eina su cilindr\u0173 gedimais susijusi\u0105 saugos rizik\u0105, u\u017etikrindamas operatori\u0173 ir \u012frangos saugum\u0105.<\/li>\n<li>Apsauga nuo perkrovos: Naujoje cilindro konstrukcijoje da\u017enai yra geresni perkrovos apsaugos mechanizmai, kurie padidina saugum\u0105.<\/li>\n<li>Greitas montavimas: \u0160iuolaikiniai hidrauliniai cilindrai yra sukurti taip, kad juos b\u016bt\u0173 lengva montuoti ir pakeisti, taip suma\u017einant prastovas.<\/li>\n<li>Standartizuoti komponentai: Daugelis hidraulini\u0173 cilindr\u0173 yra standartizuoti gaminiai, tod\u0117l rinkoje lengviau gauti atsargini\u0173 dali\u0173.<\/li>\n<\/ul>\n<h2>VGA10742 krovininio d\u0117\u017e\u0117s pak\u0117limo komplekto pakeitimo taikymas<\/h2>\n<p>VGA10742 krovininio d\u0117\u017e\u0117s pak\u0117limo komplekto pakeitimas naudojamas \u012fvairiose srityse, \u012fskaitant:<\/p>\n<ol>\n<li>Ekskavatoriai: D\u0117l ilgalaikio naudojimo ar perkrovos ekskavatoriaus str\u0117l\u0117s arba kau\u0161o hidraulinis cilindras gali sugesti ir j\u012f reikia pakeisti, kad b\u016bt\u0173 atkurtas normalus veikimas.<\/li>\n<li>Kranai: Krano str\u0117l\u0117s hidraulinis cilindras yra link\u0119s susid\u0117v\u0117ti da\u017en\u0173 k\u0117limo ir nuleidimo proces\u0173 metu, tod\u0117l j\u012f reikia reguliariai keisti, siekiant u\u017etikrinti saug\u0105.<\/li>\n<li>Traktoriai: Nuolatinio k\u0117limo ir pakreipimo metu traktoriaus priekinio krautuvo hidraulinis cilindras gali prad\u0117ti nesandar\u0117ti arba pablog\u0117ti jo veikimas, tod\u0117l j\u012f gali tekti pakeisti.<\/li>\n<li>Kombainai: Kombaino hidraulin\u0117 sistema veikia esant auk\u0161tam sl\u0117giui, tod\u0117l d\u0117l nuovargio cilindrai gali b\u016bti pa\u017eeisti, tod\u0117l norint i\u0161laikyti darbo efektyvum\u0105, juos reikia laiku pakeisti.<\/li>\n<li>Automatizuotos gamybos linijos: hidrauliniai cilindrai naudojami robotin\u0117ms rankoms ir kitai automatizuotai \u012frangai valdyti. Cilindr\u0173 gedimai gali smarkiai paveikti gamybos efektyvum\u0105 ir juos reikia nedelsiant pakeisti.<\/li>\n<\/ol>\n<h2>VGA10742 krovininio d\u0117\u017e\u0117s pak\u0117limo komplekto keitimo technin\u0117s prie\u017ei\u016bros u\u017eduotys<\/h2>\n<p>Reguliarios VGA10742 krovininio d\u0117\u017e\u0117s pak\u0117limo komplekto keitimo technin\u0117s prie\u017ei\u016bros u\u017eduotys apima:<\/p>\n<ol>\n<li>Periodin\u0117s patikros<\/li>\n<li>Tinkamas tepimas<\/li>\n<li>Sandariklio keitimas<\/li>\n<li>Kalibravimo patikrinimai<\/li>\n<\/ol>\n<p>B\u016btina pabr\u0117\u017eti teisingo montavimo, tepimo ir reguliavimo svarb\u0105. Tinkamos cilindro lygiavimo montavimo metu instrukcijos ir rekomendacija naudoti tinkamus tvirtinimo laikiklius cilindrui pritvirtinti gali pailginti jo tarnavimo laik\u0105. Be to, norint i\u0161laikyti hidraulinio cilindro veikim\u0105, labai svarbu pasi\u016blyti patikrinimo, remonto ir keitimo proced\u016bras, atsargines dalis ir remonto paslaugas bei pateikti patarim\u0173, kaip padidinti jo ilgaam\u017ei\u0161kum\u0105.<\/p>\n<h2>Saugos aspektai ir aplinkos veiksniai<\/h2>\n<p>Naudojant VGA10742 krovininio d\u0117\u017e\u0117s pak\u0117limo komplekto pakaital\u0105, labai svarbu teikti pirmenyb\u0119 saugos priemon\u0117ms, siekiant u\u017etikrinti operatori\u0173 gerov\u0119 ir i\u0161vengti galim\u0173 nelaiming\u0173 atsitikim\u0173. Tinkamas elgesys ir saugos gairi\u0173 laikymasis yra b\u016btini siekiant suma\u017einti rizik\u0105. Be to, tvariam darbui labai svarbu atsi\u017evelgti \u012f aplinkos veiksnius naudojant hidraulinius cilindrus.<\/p>\n<h2>Gedim\u0173 diagnostika ir da\u017eniausios problemos<\/h2>\n<p>Susid\u016brus su VGA10742 krovininio d\u0117\u017e\u0117s pak\u0117limo komplekto keitimo gedimais ar problemomis, \u0161ie punktai gali pad\u0117ti diagnozuoti ir i\u0161spr\u0119sti da\u017eniausiai pasitaikan\u010dias problemas:<\/p>\n<ol>\n<li>Nuot\u0117kis: patikrinkite, ar n\u0117ra skys\u010dio nuot\u0117kio, ir patikrinkite, ar sandarikliai ar jungtys n\u0117ra pa\u017eeistos.<\/li>\n<li>L\u0117tas arba nepastovus veikimas: \u012fvertinkite hidraulin\u0119 sistem\u0105, ar n\u0117ra galim\u0173 u\u017esikim\u0161im\u0173 arba nepakankamo skys\u010dio lygio.<\/li>\n<li>Ne\u012fprasti garsai: i\u0161tirkite ne\u012fprastus garsus ir vibracijas, kurie gali rodyti mechanines problemas arba netinkam\u0105 suderinim\u0105.<\/li>\n<\/ol>\n<p>Pateikiant trik\u010di\u0173 \u0161alinimo patarimus, sprendimus ir prevencines priemones, skaitytojai gali veiksmingai diagnozuoti ir i\u0161spr\u0119sti su hidrauliniu cilindru susijusias problemas. Svarbu pateikti rekomendacijas, kaip i\u0161vengti galim\u0173 problem\u0173, kad b\u016bt\u0173 u\u017etikrintas sklandus veikimas.<\/p>\n<p><img decoding=\"async\" src=\"https:\/\/www.hydraulic-cylinders.net\/wp-content\/uploads\/2024\/12\/Replacement-Of-John-Deere-Hydraulic-Cylinder-7.webp\" alt=\"John Deere hidraulinio cilindro keitimas\" \/><\/p>\n<h2>Projektavimo aspektai ir atrankos kriterijai<\/h2>\n<p>Projektuojant VGA10742 krovininio d\u0117\u017e\u0117s pak\u0117limo komplekto pakeitim\u0105, labai svarbu atsi\u017evelgti \u012f kelis veiksnius:<\/p>\n<ol>\n<li>Apkrovos paj\u0117gumas<\/li>\n<li>Sandarinimo efektyvumas<\/li>\n<li>Patvarumas<\/li>\n<li>Saugos funkcijos<\/li>\n<li>Prie\u017ei\u016bra<\/li>\n<\/ol>\n<p>I\u0161samus kiekvieno i\u0161 \u0161i\u0173 punkt\u0173 aptarimas u\u017etikrina, kad hidraulinio cilindro pasirinkimo kriterijai bus kruop\u0161\u010diai patenkinti, ir bus pasirinktas patikimas bei efektyvus sprendimas.<\/p>\n<h2>VGA10742 krovininio d\u0117\u017e\u0117s pak\u0117limo komplekto keitimo sandarinimas ir tepimas<\/h2>\n<p>VGA10742 krovininio d\u0117\u017e\u0117s pak\u0117limo komplekto pakeitimui naudojami \u012fvair\u016bs sandarinimo komponentai, tokie kaip st\u016bmokli\u0173 ir stryp\u0173 sandarikliai. \u0160ie sandarikliai pagaminti i\u0161 atspari\u0173 dilimui med\u017eiag\u0173, toki\u0173 kaip poliuretanas ir nitrilo kau\u010diukas. Cilindro korpusas ir srieginis galinis pavir\u0161ius yra kruop\u0161\u010diai apdorojami, siekiant padidinti atsparum\u0105 dilimui. Norint u\u017etikrinti skland\u0173 veikim\u0105 ir ilgaam\u017ei\u0161kum\u0105, reikia reguliariai tepti tinkamu hidraulin\u0117s alyvos kiekiu.<\/p>\n<h2>Reguliarus patikrinimas ir prevencin\u0117 prie\u017ei\u016bra<\/h2>\n<p>Reguliar\u016bs patikrinimai ir prevencin\u0117 prie\u017ei\u016bra yra b\u016btini norint prailginti VGA10742 krovininio d\u0117\u017e\u0117s pak\u0117limo komplekto tarnavimo laik\u0105. Laikydamiesi tinkam\u0173 montavimo, tepimo ir reguliavimo proced\u016br\u0173, operatoriai gali u\u017etikrinti optimal\u0173 na\u0161um\u0105. Patarimai, kaip teisingai sulygiuoti cilindr\u0105 montavimo metu, rekomenduojami tinkami tvirtinimo kron\u0161teinai cilindrui pritvirtinti, rekomenduojamos patikrinimo, remonto ir keitimo proced\u016bros, taip pat atsargini\u0173 dali\u0173 ir remonto paslaug\u0173 si\u016blymas padeda prailginti hidraulinio cilindro tarnavimo laik\u0105.<\/p>\n<h2>Tinkamas VGA10742 krovininio d\u0117\u017e\u0117s pak\u0117limo komplekto pakeitimo montavimo vadovas<\/h2>\n<p>Nor\u0117dami u\u017etikrinti teising\u0105 VGA10742 krovininio d\u0117\u017e\u0117s pak\u0117limo komplekto pakeitimo montavim\u0105, atlikite \u0161iuos veiksmus:<\/p>\n<ol>\n<li>Paruo\u0161kite tvirtinimo pavir\u0161i\u0173 ir \u012fsitikinkite, kad jis \u0161varus ir be \u0161iuk\u0161li\u0173.<\/li>\n<li>Sulygiuokite cilindr\u0105 su tvirtinimo angomis ir pritvirtinkite j\u012f atitinkamais tvirtinimo elementais.<\/li>\n<li>Prijunkite hidraulines \u017earnas arba vamzdelius, u\u017etikrindami tinkam\u0105 sandarum\u0105 ir tvirtum\u0105.<\/li>\n<li>Patikrinkite cilindro veikim\u0105, kad patikrintum\u0117te jo funkcionalum\u0105.<\/li>\n<\/ol>\n<p>Laikydamiesi \u0161i\u0173 \u012frengimo gairi\u0173, operatoriai gali u\u017etikrinti tinkam\u0105 veikim\u0105<\/p>","protected":false},"excerpt":{"rendered":"<p>Introduction to the Replacement Of VGA10742 Cargo Box Power Lift Kit The Replacement Of VGA10742 Cargo Box Power Lift Kit is a hydraulic cylinder designed for various applications. It is used to replace damaged or worn-out hydraulic cylinders and restore the normal operation of equipment. This hydraulic cylinder plays a crucial role in ensuring the [&hellip;]<\/p>","protected":false},"featured_media":12473,"comment_status":"open","ping_status":"closed","template":"","meta":{"_et_pb_use_builder":"","_et_pb_old_content":"","_et_gb_content_width":""},"product_brand":[],"product_cat":[1489],"product_tag":[1380,1490,1491],"class_list":{"0":"post-14459","1":"product","2":"type-product","3":"status-publish","4":"has-post-thumbnail","6":"product_cat-replacement-of-john-deere-hydraulic-cylinder","7":"product_tag-hydraulic-cylinder","8":"product_tag-replacement-of-hydraulic-cylinder","9":"product_tag-replacemet-of-john-deere-hydraulic-cylinder","11":"first","12":"instock","13":"shipping-taxable","14":"product-type-simple"},"amp_enabled":true,"_links":{"self":[{"href":"https:\/\/www.hydraulic-cylinders.net\/lt\/wp-json\/wp\/v2\/product\/14459","targetHints":{"allow":["GET"]}}],"collection":[{"href":"https:\/\/www.hydraulic-cylinders.net\/lt\/wp-json\/wp\/v2\/product"}],"about":[{"href":"https:\/\/www.hydraulic-cylinders.net\/lt\/wp-json\/wp\/v2\/types\/product"}],"replies":[{"embeddable":true,"href":"https:\/\/www.hydraulic-cylinders.net\/lt\/wp-json\/wp\/v2\/comments?post=14459"}],"wp:featuredmedia":[{"embeddable":true,"href":"https:\/\/www.hydraulic-cylinders.net\/lt\/wp-json\/wp\/v2\/media\/12473"}],"wp:attachment":[{"href":"https:\/\/www.hydraulic-cylinders.net\/lt\/wp-json\/wp\/v2\/media?parent=14459"}],"wp:term":[{"taxonomy":"product_brand","embeddable":true,"href":"https:\/\/www.hydraulic-cylinders.net\/lt\/wp-json\/wp\/v2\/product_brand?post=14459"},{"taxonomy":"product_cat","embeddable":true,"href":"https:\/\/www.hydraulic-cylinders.net\/lt\/wp-json\/wp\/v2\/product_cat?post=14459"},{"taxonomy":"product_tag","embeddable":true,"href":"https:\/\/www.hydraulic-cylinders.net\/lt\/wp-json\/wp\/v2\/product_tag?post=14459"}],"curies":[{"name":"wp","href":"https:\/\/api.w.org\/{rel}","templated":true}]}}