{"id":14475,"date":"2024-12-12T08:47:14","date_gmt":"2024-12-12T08:47:14","guid":{"rendered":"https:\/\/www.hydraulic-cylinders.net\/product\/replacement-of-tca12874-cylinder\/"},"modified":"2024-12-12T08:47:16","modified_gmt":"2024-12-12T08:47:16","slug":"replacement-of-tca12874-cylinder","status":"publish","type":"product","link":"https:\/\/www.hydraulic-cylinders.net\/lt\/produktas\/replacement-of-tca12874-cylinder\/","title":{"rendered":"TCA12874 cilindro keitimas"},"content":{"rendered":"<p>TCA12874 cilindro keitimas<\/p>\n<h2>\u012evadas<\/h2>\n<p>TCA12874 cilindro pakeitimas yra hidraulinis cilindras, naudojamas \u012fvairiems tikslams. Jis skirtas pakeisti pa\u017eeistus arba susid\u0117v\u0117jusius hidraulinius cilindrus \u012frangoje, u\u017etikrinant optimal\u0173 j\u0173 veikim\u0105.<\/p>\n<h2>Specifikacijos<\/h2>\n<ul>\n<li>Svoris: 3,32 svaro<\/li>\n<li>Auk\u0161tis: 2,1 colio<\/li>\n<li>Plotis: 2,7 colio<\/li>\n<li>Ilgis: 10,5 colio<\/li>\n<\/ul>\n<h2>Modeliai<\/h2>\n<ul>\n<li>60 60 IN.<\/li>\n<li>1550<\/li>\n<li>1570<\/li>\n<li>1580<\/li>\n<li>1585<\/li>\n<\/ul>\n<h2>Savyb\u0117s<\/h2>\n<ul>\n<li>Pagerintas \u012frangos na\u0161umas: Pakeitus pa\u017eeistus arba susid\u0117v\u0117jusius hidraulinius cilindrus, galima atkurti \u012fprastas \u012frangos eksploatacines galimybes, u\u017etikrinant optimal\u0173 na\u0161um\u0105 \u012fvairiose srityse.<\/li>\n<li>Padidintas saugumas: reguliarus hidraulini\u0173 cilindr\u0173 keitimas suma\u017eina cilindr\u0173 gedim\u0173 keliam\u0105 pavoj\u0173 saugai, u\u017etikrindamas operatori\u0173 ir \u012frangos saugum\u0105.<\/li>\n<li>Apsauga nuo perkrovos: Naujuose cilindr\u0173 modeliuose da\u017enai yra geresni perkrovos apsaugos mechanizmai, kurie padidina saugum\u0105.<\/li>\n<li>Greitas montavimas: \u0160iuolaikiniai hidrauliniai cilindrai yra sukurti taip, kad juos b\u016bt\u0173 lengva montuoti ir pakeisti, taip suma\u017einant prastovas.<\/li>\n<li>Standartizuoti komponentai: Daugelis hidraulini\u0173 cilindr\u0173 yra standartizuoti gaminiai, tod\u0117l rinkoje lengviau gauti atsargini\u0173 dali\u0173.<\/li>\n<\/ul>\n<h2>Parai\u0161kos<\/h2>\n<ul>\n<li>Ekskavatoriai: D\u0117l ilgalaikio naudojimo ar perkrovos ekskavatoriaus str\u0117li\u0173 ar kau\u0161\u0173 hidrauliniai cilindrai gali sugesti, tod\u0117l norint atkurti normal\u0173 veikim\u0105, juos reikia pakeisti.<\/li>\n<li>Kranai: Krano str\u0117l\u0117s hidrauliniai cilindrai yra link\u0119 susid\u0117v\u0117ti da\u017en\u0173 k\u0117limo ir nuleidimo proces\u0173 metu, tod\u0117l saugos sumetimais juos reikia reguliariai keisti.<\/li>\n<li>Traktoriai: Nuolatinio k\u0117limo ir pakreipimo metu traktori\u0173 priekini\u0173 krautuv\u0173 hidrauliniai cilindrai gali prad\u0117ti nesandar\u0117ti arba pablog\u0117ti j\u0173 veikimas, tod\u0117l juos gali tekti keisti.<\/li>\n<li>Derliaus nu\u0117mimo ma\u0161inos: Derliaus nu\u0117mimo \u012frangos hidrauliniai cilindrai derliaus nu\u0117mimo metu patiria didel\u012f sl\u0117g\u012f, o d\u0117l nuovargio cilindrai gali b\u016bti pa\u017eeisti, tod\u0117l norint i\u0161laikyti darbo efektyvum\u0105, juos reikia laiku pakeisti.<\/li>\n<li>Automatizuotos gamybos linijos: hidrauliniai cilindrai naudojami robotin\u0117ms rankoms ir kitai automatizuotai \u012frangai valdyti. Cilindr\u0173 gedimai gali smarkiai paveikti gamybos efektyvum\u0105, tod\u0117l juos reikia nedelsiant pakeisti.<\/li>\n<li>Liejimo ma\u0161inos: Auk\u0161to sl\u0117gio ir auk\u0161tos temperat\u016bros aplinkoje hidraulini\u0173 cilindr\u0173, esan\u010di\u0173 liejimo ma\u0161inose, veikimas gali suprast\u0117ti. Reguliarus keitimas u\u017etikrina gaminio kokyb\u0119.<\/li>\n<li>Kasybos \u012franga: Hidrauliniai cilindrai naudojami sunkiems kroviniams kelti ir perkelti kasybos \u012frangoje. D\u0117l at\u0161iauri\u0173 darbo s\u0105lyg\u0173 b\u016btina reguliariai juos tikrinti ir keisti, kad b\u016bt\u0173 i\u0161vengta \u012frangos gedim\u0173.<\/li>\n<li>Buldozeriai: D\u0117l buldozerio peili\u0173 svir\u010di\u0173 hidraulini\u0173 cilindr\u0173 susid\u0117v\u0117jimo gali suma\u017e\u0117ti st\u016bmimo galia, tod\u0117l norint i\u0161laikyti eksploatacin\u012f efektyvum\u0105, juos reikia laiku pakeisti.<\/li>\n<\/ul>\n<h2>Prie\u017ei\u016bros u\u017eduotys<\/h2>\n<ul>\n<li>Reguliar\u016bs patikrinimai: labai svarbu periodi\u0161kai ap\u017ei\u016br\u0117ti hidraulin\u012f cilindr\u0105, ar n\u0117ra pa\u017eeidim\u0173 ar susid\u0117v\u0117jimo po\u017eymi\u0173, kad b\u016bt\u0173 galima laiku nustatyti technin\u0117s prie\u017ei\u016bros poreikius.<\/li>\n<li>Tinkamas tepimas: Tinkamas tepimas u\u017etikrina skland\u0173 veikim\u0105 ir pailgina hidraulinio cilindro tarnavimo laik\u0105. B\u016btina reguliariai tepti judan\u010dias dalis.<\/li>\n<li>Sandariklio keitimas: Kadangi sandarikliai laikui b\u0117gant gali susid\u0117v\u0117ti, juos kei\u010diant prireikus palaikomas cilindro veikimas ir i\u0161vengiama nuot\u0117ki\u0173.<\/li>\n<li>Kalibravimo patikrinimai: Baliono kalibravimo patikrinimas u\u017etikrina, kad jis veikt\u0173 pagal reikiamas specifikacijas. Optimaliam veikimui b\u016btini reguliar\u016bs patikrinimai.<\/li>\n<\/ul>\n<h2>Saugos aspektai ir aplinkos veiksniai<\/h2>\n<p>Naudojant hidraulinius cilindrus, labai svarbu teikti pirmenyb\u0119 saugos priemon\u0117ms. Tinkamas montavimas, prie\u017ei\u016bra ir saugos gairi\u0173 laikymasis suma\u017eina rizik\u0105. Be to, renkantis ir naudojant cilindrus, labai svarbu atsi\u017evelgti \u012f aplinkos veiksnius, kad b\u016bt\u0173 u\u017etikrintas tvarus veikimas.<\/p>\n<h2>Trik\u010di\u0173 \u0161alinimas ir da\u017eniausiai pasitaikan\u010dios problemos<\/h2>\n<p>Da\u017eniausios hidraulini\u0173 cilindr\u0173 problemos yra nuot\u0117kiai, nepakankamas sl\u0117gis ir netolyg\u016bs judesiai. Nor\u0117dami diagnozuoti ir i\u0161spr\u0119sti \u0161ias problemas:<\/p>\n<ul>\n<li>Nuot\u0117kis: patikrinkite, ar n\u0117ra sandarikli\u0173, jung\u010di\u0173 ir detali\u0173, ar n\u0117ra nuot\u0117kio po\u017eymi\u0173. Pakeiskite pa\u017eeistus komponentus ir u\u017etikrinkite tinkam\u0105 sandarum\u0105.<\/li>\n<li>Nepakankamas sl\u0117gis: patikrinkite, ar hidraulin\u0117je sistemoje n\u0117ra u\u017esikim\u0161im\u0173, pvz., u\u017esikim\u0161usi\u0173 filtr\u0173 ar riboto srauto. Jei reikia, i\u0161valykite arba pakeiskite komponentus.<\/li>\n<li>Nereguliar\u016bs judesiai: patikrinkite, ar sistemoje n\u0117ra oro, ar n\u0117ra netinkamai suderint\u0173 ar susid\u0117v\u0117jusi\u0173 dali\u0173. I\u0161leiskite or\u0105, i\u0161 naujo sulygiuokite ir pakeiskite pa\u017eeistus komponentus.<\/li>\n<\/ul>\n<h2>Prevencin\u0117s priemon\u0117s<\/h2>\n<p>Siekiant suma\u017einti galimas hidraulini\u0173 cilindr\u0173 problemas, rekomenduojamos \u0161ios prevencin\u0117s priemon\u0117s:<\/p>\n<ul>\n<li>Reguliar\u016bs patikrinimai: atlikite periodinius patikrinimus, kad nustatytum\u0117te ankstyvus susid\u0117v\u0117jimo, pa\u017eeidim\u0173 ar kit\u0173 problem\u0173 po\u017eymius. Nedelsdami juos spr\u0119skite, kad i\u0161vengtum\u0117te tolesni\u0173 problem\u0173.<\/li>\n<li>Tinkamas tepimas: u\u017etikrinkite tinkam\u0105 judan\u010di\u0173 dali\u0173 tepim\u0105, kad suma\u017eintum\u0117te trint\u012f ir i\u0161vengtum\u0117te prie\u0161laikinio susid\u0117v\u0117jimo.<\/li>\n<li>Tarpikli\u0173 prie\u017ei\u016bra: Reguliariai tikrinkite ir keiskite tarpiklius, kad jie tinkamai veikt\u0173 ir i\u0161vengtum\u0117te nuot\u0117ki\u0173.<\/li>\n<\/ul>\n<p><img decoding=\"async\" src=\"https:\/\/www.hydraulic-cylinders.net\/wp-content\/uploads\/2024\/12\/Replacement-Of-John-Deere-Hydraulic-Cylinder-7.webp\" alt=\"Hidraulinis cilindras\" \/><\/p>\n<h2>Projektavimo aspektai ir atrankos standartai<\/h2>\n<ul>\n<li>Apkrovos paj\u0117gumas: Hidrauliniai cilindrai turi b\u016bti suprojektuoti taip, kad atlaikyt\u0173 reikiamas apkrovas nepakenkiant saugumui.<\/li>\n<li>Sandarinimo galimyb\u0117s: Veiksmingi sandarikliai yra labai svarb\u016bs norint i\u0161vengti nuot\u0117ki\u0173 ir i\u0161laikyti optimal\u0173 na\u0161um\u0105.<\/li>\n<li>Patvarumas: Hidrauliniai cilindrai turi atlaikyti sud\u0117tingas j\u0173 veikimo s\u0105lygas, kad b\u016bt\u0173 u\u017etikrintas ilgalaikis veikimas.<\/li>\n<li>Sauga: Siekiant suma\u017einti rizik\u0105 eksploatacijos metu, \u012f konstrukcij\u0105 tur\u0117t\u0173 b\u016bti \u012ftrauktos saugos funkcijos.<\/li>\n<li>Prie\u017ei\u016bra: konstrukciniai elementai tur\u0117t\u0173 b\u016bti lengvai pri\u017ei\u016brimi, leid\u017eiantys efektyviai remontuoti ir keisti dalis.<\/li>\n<\/ul>\n<h2>Sandarinimas ir tepimas<\/h2>\n<p>Hidrauliniuose cilindruose naudojami \u012fvair\u016bs sandarinimo komponentai, tokie kaip st\u016bmokli\u0173 ir kot\u0173 sandarikliai, pagaminti i\u0161 atspari\u0173 dilimui med\u017eiag\u0173, toki\u0173 kaip poliuretanas ir nitrilo kau\u010diukas. Cilindro korpusas ir srieginiai galai yra tiksliai apdorojami, siekiant padidinti atsparum\u0105 dilimui. Norint tinkamai veikti, b\u016btina reguliariai tepti tinkama hidrauline alyva.<\/p>\n<h2>Reguliar\u016bs patikrinimai ir prevencin\u0117 prie\u017ei\u016bra<\/h2>\n<ul>\n<li>Teisingas montavimas, tepimas ir reguliavimas: Tinkamas montavimas, tepimas ir reguliavimas yra b\u016btini optimaliam cilindro veikimui. Pateikite nurodymus, kaip teisingai sulygiuoti cilindr\u0105 montavimo metu, ir rekomenduokite naudoti tinkamus tvirtinimo laikiklius stabilumui u\u017etikrinti.<\/li>\n<li>Rekomenduojamos patikros, remonto ir keitimo proced\u016bros: Apib\u016bdinkite rekomenduojamas hidraulini\u0173 cilindr\u0173 komponent\u0173 patikros, remonto ir keitimo proced\u016bras, \u012fskaitant informacij\u0105 apie atsargines dalis ir atnaujinimo paslaugas, siekiant prailginti cilindro tarnavimo laik\u0105.<\/li>\n<li>Ilgesnis hidraulini\u0173 cilindr\u0173 tarnavimo laikas taikant prie\u017ei\u016bros metodus: pasidalykite patarimais, kaip prailginti j\u0173 tarnavimo laik\u0105, pavyzd\u017eiui, tinkama prie\u017ei\u016bra, reguliari ap\u017ei\u016bra ir veiksmingi trik\u010di\u0173 \u0161alinimo \u012fg\u016bd\u017eiai.<\/li>\n<\/ul>\n<h2>Produkto diegimo vadovas<\/h2>\n<p>Pateikite i\u0161sam\u0173 TCA12874 cilindro pakeitimo teisingo montavimo vadov\u0105, \u012fskaitant nuoseklias instrukcijas, saugos atsargumo priemones ir lygiavimo metodus, kad b\u016bt\u0173 u\u017etikrintas tinkamas montavimas.<\/p>\n<p><img","protected":false},"excerpt":{"rendered":"<p>Replacement Of TCA12874 Cylinder Introduction The Replacement Of TCA12874 Cylinder is a hydraulic cylinder used for various applications. It is designed to replace the damaged or worn-out hydraulic cylinders in equipment, ensuring their optimal performance. Specifications Weight: 3.32 lb Height: 2.1 in Width: 2.7 in Length: 10.5 in Models 60 60 IN. 1550 1570 1580 [&hellip;]<\/p>","protected":false},"featured_media":12433,"comment_status":"open","ping_status":"closed","template":"","meta":{"_et_pb_use_builder":"","_et_pb_old_content":"","_et_gb_content_width":""},"product_brand":[],"product_cat":[1489],"product_tag":[1380,1490,1491],"class_list":{"0":"post-14475","1":"product","2":"type-product","3":"status-publish","4":"has-post-thumbnail","6":"product_cat-replacement-of-john-deere-hydraulic-cylinder","7":"product_tag-hydraulic-cylinder","8":"product_tag-replacement-of-hydraulic-cylinder","9":"product_tag-replacemet-of-john-deere-hydraulic-cylinder","11":"first","12":"instock","13":"shipping-taxable","14":"product-type-simple"},"amp_enabled":true,"_links":{"self":[{"href":"https:\/\/www.hydraulic-cylinders.net\/lt\/wp-json\/wp\/v2\/product\/14475","targetHints":{"allow":["GET"]}}],"collection":[{"href":"https:\/\/www.hydraulic-cylinders.net\/lt\/wp-json\/wp\/v2\/product"}],"about":[{"href":"https:\/\/www.hydraulic-cylinders.net\/lt\/wp-json\/wp\/v2\/types\/product"}],"replies":[{"embeddable":true,"href":"https:\/\/www.hydraulic-cylinders.net\/lt\/wp-json\/wp\/v2\/comments?post=14475"}],"wp:featuredmedia":[{"embeddable":true,"href":"https:\/\/www.hydraulic-cylinders.net\/lt\/wp-json\/wp\/v2\/media\/12433"}],"wp:attachment":[{"href":"https:\/\/www.hydraulic-cylinders.net\/lt\/wp-json\/wp\/v2\/media?parent=14475"}],"wp:term":[{"taxonomy":"product_brand","embeddable":true,"href":"https:\/\/www.hydraulic-cylinders.net\/lt\/wp-json\/wp\/v2\/product_brand?post=14475"},{"taxonomy":"product_cat","embeddable":true,"href":"https:\/\/www.hydraulic-cylinders.net\/lt\/wp-json\/wp\/v2\/product_cat?post=14475"},{"taxonomy":"product_tag","embeddable":true,"href":"https:\/\/www.hydraulic-cylinders.net\/lt\/wp-json\/wp\/v2\/product_tag?post=14475"}],"curies":[{"name":"wp","href":"https:\/\/api.w.org\/{rel}","templated":true}]}}