{"id":14478,"date":"2024-12-12T08:47:29","date_gmt":"2024-12-12T08:47:29","guid":{"rendered":"https:\/\/www.hydraulic-cylinders.net\/product\/replacement-of-4369619-cylinder\/"},"modified":"2024-12-12T08:47:31","modified_gmt":"2024-12-12T08:47:31","slug":"replacement-of-4369619-cylinder","status":"publish","type":"product","link":"https:\/\/www.hydraulic-cylinders.net\/lt\/produktas\/replacement-of-4369619-cylinder\/","title":{"rendered":"4369619 cilindro pakeitimas"},"content":{"rendered":"<h2>\u012evadas<\/h2>\n<p>4369619 cilindro pakeitimas yra hidraulinis cilindras, skirtas pakeisti pa\u017eeistus arba susid\u0117v\u0117jusius hidraulinius cilindrus \u012fvairiose ma\u0161inose. Tai esmin\u0117 hidraulini\u0173 sistem\u0173 dalis, atsakinga u\u017e j\u0117gos ir judesio generavim\u0105. Cilindras da\u017eniausiai naudojamas \u012fvairi\u0173 tip\u0173 ma\u0161inose, \u012fskaitant ekskavatorius, kranus, traktorius, derliaus nu\u0117mimo kombainus ir kit\u0105 pramonin\u0119 \u012frang\u0105.<\/p>\n<h2>Specifikacijos ir modelis<\/h2>\n<p>4369619 pakaitinis cilindras sveria 0,4 svaro, yra 0,7 colio auk\u0161\u010dio, 0,799 colio plo\u010dio ir 15,1 colio ilgio. Jis suderinamas su skirtingais ma\u0161in\u0173 modeliais, \u012fskaitant 75D, 75G, 80, 80C, 110, 120C, 120D, 130P, 130G, 135P, 135D, 135G, 160, 160P, 160C, 160D, 160G, 180C W, 180G, 190DW, 190GW, 200, 200G, 200C, 200D, 200G, 210P, 210C W, 210G, 220DW, 225D. 230C, 230GW, 240D, 245P, 245G, 250P, 250G, 270, 270C, 270D, 290G, 300P, 300G, 330C, 345P, 345G LC, 350P, 350D, 350G, 370, 370C, 380P, 380G, 450, 450C, 450D, 470P, 470G, 550, 600C, 650D, 670P, 670G, 750, 800C, 850D ir 870G.<\/p>\n<h2>Savyb\u0117s<\/h2>\n<h3>Pagerintas \u012frangos na\u0161umas<\/h3>\n<p>4369619 cilindro keitimas gali atkurti normal\u0173 ma\u0161in\u0173 veikim\u0105, pakei\u010diant pa\u017eeistus arba susid\u0117v\u0117jusius hidraulinius cilindrus ir u\u017etikrinant j\u0173 veikim\u0105 \u012fvairiose srityse.<\/p>\n<h3>Patobulintas saugumas<\/h3>\n<p>Reguliarus hidraulini\u0173 cilindr\u0173 keitimas gali suma\u017einti cilindr\u0173 gedim\u0173 keliam\u0105 pavoj\u0173 saugai, u\u017etikrinant operatori\u0173 ir \u012frangos saugum\u0105.<\/p>\n<h3>Apsauga nuo perkrovos<\/h3>\n<p>Projektuojant naujus cilindrus, paprastai atsi\u017evelgiama \u012f geresnius apsaugos nuo perkrov\u0173 mechanizmus, kurie pagerina saug\u0105.<\/p>\n<h3>Greitas diegimas<\/h3>\n<p>\u0160iuolaikinis hidraulini\u0173 cilindr\u0173 dizainas paprastai numato lengv\u0105 montavim\u0105 ir keitim\u0105, taip suma\u017einant prastovas.<\/p>\n<h3>Standartizuotos dalys<\/h3>\n<p>Daugelis hidraulini\u0173 cilindr\u0173 yra standartizuoti gaminiai, tod\u0117l rinkoje lengviau gauti atsargini\u0173 dali\u0173.<\/p>\n<h2>Parai\u0161kos<\/h2>\n<p>4369619 cilindro pakaitalas gali b\u016bti naudojamas \u012fvairiose ma\u0161inose, \u012fskaitant, bet neapsiribojant:<\/p>\n<h3>Ekskavatoriai<\/h3>\n<p>Ekskavatori\u0173 hidrauliniai cilindrai gali sugesti d\u0117l ilgalaikio naudojimo arba perkrovos ir juos reikia pakeisti, kad b\u016bt\u0173 atkurtas normalus veikimas.<\/p>\n<h3>Kranai<\/h3>\n<p>Kran\u0173 k\u0117limo svirties hidrauliniai cilindrai yra link\u0119 susid\u0117v\u0117ti d\u0117l da\u017eno k\u0117limo ir nuleidimo, tod\u0117l juos reikia reguliariai keisti, siekiant u\u017etikrinti saug\u0105.<\/p>\n<h3>Traktoriai<\/h3>\n<p>D\u0117l nuolatinio k\u0117limo ir pakreipimo operacij\u0173 traktori\u0173 priekini\u0173 krautuv\u0173 hidrauliniai cilindrai gali prad\u0117ti leisti vanden\u012f arba j\u0173 veikimas gali pablog\u0117ti, tod\u0117l juos reikia keisti.<\/p>\n<h3>Derliaus nu\u0117mimo ma\u0161inos<\/h3>\n<p>Derliaus nu\u0117mimo metu kombain\u0173 hidraulin\u0117 sistema patiria auk\u0161t\u0105 sl\u0117g\u012f, tod\u0117l d\u0117l nuovargio gali sugesti cilindras, tod\u0117l norint i\u0161laikyti darbo efektyvum\u0105, j\u012f reikia laiku pakeisti.<\/p>\n<h3>Automatizuotos gamybos linijos<\/h3>\n<p>Hidrauliniai cilindrai naudojami robotin\u0117ms rankoms ir kitai automatinei \u012frangai gamybos linijose valdyti. Cilindro gedimas gali paveikti gamybos efektyvum\u0105, tod\u0117l j\u012f reikia nedelsiant pakeisti.<\/p>\n<h3>Liejimo ma\u0161inos<\/h3>\n<p>Hidraulini\u0173 cilindr\u0173, naudojam\u0173 liejimo ma\u0161inose, veikimas gali pablog\u0117ti esant auk\u0161tam sl\u0117giui ir auk\u0161tai temperat\u016brai. Reguliarus keitimas u\u017etikrina gaminio kokyb\u0119.<\/p>\n<h3>Kasybos \u012franga<\/h3>\n<p>Hidrauliniai cilindrai naudojami sunkiems kroviniams kelti ir perkelti kasybos \u012frangoje. D\u0117l at\u0161iauri\u0173 darbo s\u0105lyg\u0173 b\u016btina reguliariai juos tikrinti ir keisti, kad b\u016bt\u0173 i\u0161vengta \u012frangos gedim\u0173.<\/p>\n<h3>Buldozeriai<\/h3>\n<p>D\u0117l buldozerio st\u016bmimo svirties hidraulini\u0173 cilindr\u0173 susid\u0117v\u0117jimo gali suma\u017e\u0117ti st\u016bmimo galia, tod\u0117l norint i\u0161laikyti darbo efektyvum\u0105, juos reikia laiku pakeisti.<\/p>\n<h2>Prie\u017ei\u016bros u\u017eduotys<\/h2>\n<p>Reguliarus hidraulini\u0173 cilindr\u0173 techninis aptarnavimas yra b\u016btinas siekiant u\u017etikrinti j\u0173 ilgaam\u017ei\u0161kum\u0105 ir tinkam\u0105 veikim\u0105. Toliau pateikiamos trys da\u017eniausios technin\u0117s prie\u017ei\u016bros u\u017eduotys:<\/p>\n<h3>Ap\u017ei\u016bra<\/h3>\n<p>Periodin\u0117 hidraulini\u0173 cilindr\u0173 ap\u017ei\u016bra padeda nustatyti galimas problemas ir u\u017ekirsti keli\u0105 j\u0173 paa\u0161tr\u0117jimui. Ap\u017ei\u016bra tur\u0117t\u0173 apimti nuot\u0117ki\u0173, nusid\u0117v\u0117jimo ir pa\u017eeidim\u0173 patikrinim\u0105.<\/p>\n<h3>Tepimas<\/h3>\n<p>Tinkamas hidraulini\u0173 cilindr\u0173 tepimas u\u017etikrina skland\u0173 veikim\u0105 ir apsaugo nuo nusid\u0117v\u0117jimo. Rekomenduojama naudoti tinkam\u0105 tepal\u0105, j\u012f reguliariai tikrinti ir papildyti.<\/p>\n<h3>Tarpiklio keitimas ir kalibravimo patikrinimas<\/h3>\n<p>Tarpikli\u0173 keitimas ir hidraulini\u0173 cilindr\u0173 kalibravimas yra labai svarb\u016bs norint i\u0161laikyti optimal\u0173 j\u0173 veikim\u0105. \u0160i u\u017eduotis apima tarpikli\u0173 susid\u0117v\u0117jimo patikrinim\u0105, j\u0173 pakeitim\u0105, jei reikia, ir cilindro kalibravim\u0105, siekiant u\u017etikrinti tinkam\u0105 jo veikim\u0105.<\/p>\n<h2>Saugos aspektai ir aplinkos veiksniai<\/h2>\n<p>Dirbant su hidrauliniais cilindrais, labai svarbu imtis tinkam\u0173 saugos priemoni\u0173. \u0160ios priemon\u0117s apima tinkam\u0173 asmenini\u0173 apsaugos priemoni\u0173 d\u0117v\u0117jim\u0105, hidraulini\u0173 blokavimo \/ \u017eym\u0117jimo proced\u016br\u0173 taikym\u0105 ir gamintojo saugos gairi\u0173 laikym\u0105si.<\/p>\n<h2>Trik\u010di\u0173 \u0161alinimas ir da\u017eniausios problemos<\/h2>\n<p>Hidrauliniai cilindrai gali susidurti su \u012fvairiomis problemomis, tokiomis kaip nuot\u0117kiai, galios tr\u016bkumas ir ne\u012fprastas triuk\u0161mas. Norint diagnozuoti ir pa\u0161alinti \u0161ias problemas, b\u016btina patikrinti sandariklius, skys\u010di\u0173 lyg\u012f ir kitus komponentus. Jei problema i\u0161lieka, rekomenduojama kreiptis \u012f profesional\u0173 specialist\u0105.<\/p>\n<h2>Projektavimo aspektai ir atrankos standartai<\/h2>\n<p>Projektuojant hidraulinius cilindrus, reik\u0117t\u0173 atsi\u017evelgti \u012f j\u0173 laikom\u0105j\u0105 gali\u0105, sandarum\u0105, ilgaam\u017ei\u0161kum\u0105, saugum\u0105 ir prie\u017ei\u016br\u0105. Tinkamas hidraulini\u0173 cilindr\u0173 pasirinkimas apima ma\u0161inos specifikacij\u0173, aplinkos veiksni\u0173 ir kit\u0173 taikymo reikalavim\u0173 \u012fvertinim\u0105.<\/p>\n<h2>Sandarinimas ir tepimas<\/h2>\n<p>4369619 cilindro pakeitimui naudojamos auk\u0161tos kokyb\u0117s sandarinimo med\u017eiagos, tokios kaip poliuretanas ir nitrilo kau\u010diukas, siekiant u\u017etikrinti j\u0173 ilgaam\u017ei\u0161kum\u0105 ir atsparum\u0105 dilimui. Tinkamas tepimas tinkama hidrauline alyva yra b\u016btinas norint u\u017etikrinti skland\u0173 j\u0173 veikim\u0105 ir ilgaam\u017ei\u0161kum\u0105.<\/p>\n<h2>Reguliarus patikrinimas ir prevencin\u0117 prie\u017ei\u016bra<\/h2>\n<p>Reguliarus hidraulini\u0173 cilindr\u0173 patikrinimas ir profilaktin\u0117 prie\u017ei\u016bra gali pad\u0117ti i\u0161vengti galim\u0173 problem\u0173, suma\u017einti prastovas ir pailginti j\u0173 tarnavimo laik\u0105. Rekomenduojama laikytis gamintojo nurodym\u0173 d\u0117l technin\u0117s prie\u017ei\u016bros interval\u0173 ir proced\u016br\u0173.<\/p>\n<h2>Diegimo vadovas<\/h2>\n<p>Hidraulini\u0173 cilindr\u0173 montavimas turi atitikti gamintojo instrukcijas. B\u016btina teisingai sulygiuoti cilindr\u0105, naudoti tinkamus montavimo laikiklius jam pritvirtinti ir laikytis rekomenduojam\u0173 patikrinimo, remonto ir keitimo proced\u016br\u0173.<\/p>\n<p><img decoding=\"async\" src=\"https:\/\/www.hydraulic-cylinders.net\/wp-content\/uploads\/2024\/12\/Replacement-Of-John-Deere-Hydraulic-Cylinder-7.webp\" alt=\"John Deere hidraulinio cilindro keitimas\"><\/p>\n<h2>Apie m\u016bs\u0173 \u012fmon\u0119<\/h2>\n<p>Esame hidraulini\u0173 cilindr\u0173 gamintojas, si\u016blantis plat\u0173 produkt\u0173 ir paslaug\u0173 asortiment\u0105. Esame viena i\u0161 pirmaujan\u010di\u0173 hidraulini\u0173 cilindr\u0173 gamintoj\u0173 ir didmeninink\u0173 vidaus ir tarptautin\u0117se rinkose.<\/p>\n<h3>Profesionalumas<\/h3>\n<p>M\u016bs\u0173 komand\u0105 sudaro auk\u0161tos kvalifikacijos specialistai, kurie yra pasiry\u017e\u0119 teikti geriausius produktus ir paslaugas m\u016bs\u0173 klientams.<\/p>\n<h3>Tarptautinis sertifikavimas<\/h3>\n<p>M\u016bs\u0173 gaminiai yra sertifikuoti pagal tarptautinius standartus, u\u017etikrinant, kad jie atitikt\u0173 auk\u0161\u010diausius kokyb\u0117s ir saugos reikalavimus.<\/p>\n<h3>Pritaikymo paslaugos<\/h3>\n<p>Si\u016blome individualiai pritaikytas paslaugas, kad patenkintume konkre\u010dius klient\u0173 reikalavimus ir pasi\u016blytume individualius sprendimus.<\/p>\n<h3>Gamybos \u012franga<\/h3>\n<p>Naudojame pa\u017eangiausi\u0105 gamybos \u012frang\u0105 ir procesus, kad u\u017etikrintume auk\u0161\u010diausi\u0105 m\u016bs\u0173 gamini\u0173 kokyb\u0119.<\/p>\n<h3>Aptarnavimas po pardavimo<\/h3>\n<p>Mes teikiame puik\u0173 aptarnavim\u0105 po pardavimo, \u012fskaitant remont\u0105, keitim\u0105 ir atstatym\u0105, siekdami u\u017etikrinti klient\u0173 pasitenkinim\u0105 ir m\u016bs\u0173 gamini\u0173 ilgaam\u017ei\u0161kum\u0105.<\/p>\n<p><img decoding=\"async\" src=\"https:\/\/www.hydraulic-cylinders.net\/wp-content\/uploads\/2024\/12\/hydraulic-cylinder-factory.webp\" alt=\"Hidraulini\u0173 cilindr\u0173 gamykla\"><\/p>\n<p>Autorius: lyl.<\/p>","protected":false},"excerpt":{"rendered":"<p>Introduction The Replacement of 4369619 Cylinder is a hydraulic cylinder that is designed to replace the damaged or worn-out hydraulic cylinders in various machines. It is an essential component of hydraulic systems, which is responsible for generating force and motion. The cylinder is commonly used in different types of machinery, including excavators, cranes, tractors, harvesters, [&hellip;]<\/p>","protected":false},"featured_media":10670,"comment_status":"open","ping_status":"closed","template":"","meta":{"_et_pb_use_builder":"","_et_pb_old_content":"","_et_gb_content_width":""},"product_brand":[],"product_cat":[1489],"product_tag":[1380,1490,1491],"class_list":{"0":"post-14478","1":"product","2":"type-product","3":"status-publish","4":"has-post-thumbnail","6":"product_cat-replacement-of-john-deere-hydraulic-cylinder","7":"product_tag-hydraulic-cylinder","8":"product_tag-replacement-of-hydraulic-cylinder","9":"product_tag-replacemet-of-john-deere-hydraulic-cylinder","11":"first","12":"instock","13":"shipping-taxable","14":"product-type-simple"},"amp_enabled":true,"_links":{"self":[{"href":"https:\/\/www.hydraulic-cylinders.net\/lt\/wp-json\/wp\/v2\/product\/14478","targetHints":{"allow":["GET"]}}],"collection":[{"href":"https:\/\/www.hydraulic-cylinders.net\/lt\/wp-json\/wp\/v2\/product"}],"about":[{"href":"https:\/\/www.hydraulic-cylinders.net\/lt\/wp-json\/wp\/v2\/types\/product"}],"replies":[{"embeddable":true,"href":"https:\/\/www.hydraulic-cylinders.net\/lt\/wp-json\/wp\/v2\/comments?post=14478"}],"wp:featuredmedia":[{"embeddable":true,"href":"https:\/\/www.hydraulic-cylinders.net\/lt\/wp-json\/wp\/v2\/media\/10670"}],"wp:attachment":[{"href":"https:\/\/www.hydraulic-cylinders.net\/lt\/wp-json\/wp\/v2\/media?parent=14478"}],"wp:term":[{"taxonomy":"product_brand","embeddable":true,"href":"https:\/\/www.hydraulic-cylinders.net\/lt\/wp-json\/wp\/v2\/product_brand?post=14478"},{"taxonomy":"product_cat","embeddable":true,"href":"https:\/\/www.hydraulic-cylinders.net\/lt\/wp-json\/wp\/v2\/product_cat?post=14478"},{"taxonomy":"product_tag","embeddable":true,"href":"https:\/\/www.hydraulic-cylinders.net\/lt\/wp-json\/wp\/v2\/product_tag?post=14478"}],"curies":[{"name":"wp","href":"https:\/\/api.w.org\/{rel}","templated":true}]}}