{"id":14489,"date":"2024-12-12T08:48:18","date_gmt":"2024-12-12T08:48:18","guid":{"rendered":"https:\/\/www.hydraulic-cylinders.net\/product\/replacement-of-dc213358-cylinder\/"},"modified":"2024-12-12T08:48:20","modified_gmt":"2024-12-12T08:48:20","slug":"replacement-of-dc213358-cylinder","status":"publish","type":"product","link":"https:\/\/www.hydraulic-cylinders.net\/lt\/produktas\/replacement-of-dc213358-cylinder\/","title":{"rendered":"DC213358 cilindro keitimas"},"content":{"rendered":"<p>DC213358 cilindro keitimas<\/p>\n<p>\u012evadas<\/p>\n<p>DC213358 cilindro keitimas yra hidraulinio cilindro tipas, naudojamas pakeisti pa\u017eeistus arba susid\u0117v\u0117jusius cilindrus \u012fvairioje \u012frangoje. Jis padeda atkurti normal\u0173 \u012frangos veikim\u0105 ir u\u017etikrina jos veikim\u0105 \u012fvairiose srityse.<\/p>\n<p>Specifikacijos ir modelis<\/p>\n<p>DC213358 cilindro pakaitinis elementas suderinamas su 533 modeliu ir yra \u012fvairi\u0173 specifikacij\u0173, kad atitikt\u0173 skirtingus \u012frangos reikalavimus.<\/p>\n<p>Savyb\u0117s<\/p>\n<p>1. Pagerintas \u012frangos na\u0161umas: Pakeitus pa\u017eeistus arba susid\u0117v\u0117jusius hidraulinius cilindrus, \u012frangos na\u0161umas gali b\u016bti atkurtas iki optimalaus lygio.<\/p>\n<p>2. Padidintas saugumas: reguliarus hidraulini\u0173 cilindr\u0173 keitimas gali suma\u017einti saugos pavojus ir u\u017etikrinti tiek operatori\u0173, tiek \u012frangos saugum\u0105.<\/p>\n<p>3. Apsauga nuo perkrovos: Naujos cilindr\u0173 konstrukcijos paprastai turi geresnius apsaugos nuo perkrovos mechanizmus, kurie pagerina saugum\u0105.<\/p>\n<p>4. Greitas montavimas: \u0160iuolaikiniai hidrauliniai cilindrai yra sukurti taip, kad juos b\u016bt\u0173 lengva montuoti ir pakeisti, taip suma\u017einant prastovas.<\/p>\n<p>5. Standartizuoti komponentai: Daugelis hidraulini\u0173 cilindr\u0173 yra standartizuoti gaminiai, tod\u0117l rinkoje lengva gauti atsargini\u0173 dali\u0173.<\/p>\n<p>Produkto gamyba ir taikymas<\/p>\n<p>M\u016bs\u0173 \u012fmon\u0117 gali pagaminti pakaitinius DC213358 cilindrus, kurie puikiai pakei\u010dia \u0161iuos hidraulinius cilindrus. Pakaitinis DC213358 cilindras gali b\u016bti naudojamas \u012fvairioje \u012frangoje, \u012fskaitant:<\/p>\n<p>1. Ekskavatoriai: Hidrauliniai cilindrai ekskavatoriaus str\u0117l\u0117je arba kau\u0161e gali b\u016bti pa\u017eeisti d\u0117l ilgalaikio naudojimo arba perkrovos ir juos reikia pakeisti, kad b\u016bt\u0173 atkurtas normalus veikimas.<\/p>\n<p>2. Kranai: Krano str\u0117l\u0117s hidrauliniai cilindrai gali susid\u0117v\u0117ti d\u0117l da\u017en\u0173 k\u0117limo ir nuleidimo proces\u0173. Juos reikia reguliariai keisti, kad b\u016bt\u0173 u\u017etikrintas saugumas.<\/p>\n<p>3. Traktoriai: D\u0117l nuolatinio k\u0117limo ir pakreipimo operacij\u0173 traktoriaus priekinio krautuvo hidrauliniai cilindrai gali prad\u0117ti leisti skyst\u012f arba blogai veikti, tod\u0117l juos reikia pakeisti.<\/p>\n<p>4. Derliaus nu\u0117mimo ma\u0161inos: Derliaus nu\u0117mimo metu derliaus nu\u0117mimo ma\u0161in\u0173 hidrauliniai cilindrai patiria didel\u012f sl\u0117g\u012f, tod\u0117l d\u0117l nuovargio gali atsirasti pa\u017eeidim\u0173, kuriuos reikia laiku pakeisti, kad b\u016bt\u0173 i\u0161laikytas darbo efektyvumas.<\/p>\n<p>5. Automatizuotos gamybos linijos: hidrauliniai cilindrai naudojami robotin\u0117ms rankoms ir kitai automatizuotai \u012frangai valdyti. Cilindro gedimas gali paveikti gamybos efektyvum\u0105 ir j\u012f reikia nedelsiant pakeisti.<\/p>\n<p>Prie\u017ei\u016bra ir remontas<\/p>\n<p>Reguliarus techninis aptarnavimas ir remontas yra svarb\u016bs siekiant u\u017etikrinti cilindro ilgaam\u017ei\u0161kum\u0105. Trys da\u017eniausiai atliekamos technin\u0117s prie\u017ei\u016bros u\u017eduotys:<\/p>\n<p>1. Reguliarus patikrinimas: reguliarus patikrinimas gali pad\u0117ti anksti aptikti problemas ar pa\u017eeidimus, leid\u017eian\u010dius laiku atlikti remont\u0105 arba pakeisti.<\/p>\n<p>2. Tinkamas tepimas: Tinkamas tepimas yra labai svarbus tinkamam cilindro veikimui. Jis padeda i\u0161vengti nusid\u0117v\u0117jimo ir u\u017etikrina skland\u0173 veikim\u0105.<\/p>\n<p>3. Sandarinimo keitimas ir kalibravimo patikrinimas: Sandarikliai laikui b\u0117gant susid\u0117vi ir turi b\u016bti reguliariai kei\u010diami, kad b\u016bt\u0173 i\u0161vengta nuot\u0117ki\u0173. Kalibravimo patikrinimai yra svarb\u016bs siekiant u\u017etikrinti tinkam\u0105 veikim\u0105.<\/p>\n<p>Saugos ir aplinkosaugos aspektai<\/p>\n<p>Naudojant hidraulinius cilindrus, reikia imtis saugos priemoni\u0173, kad b\u016bt\u0173 i\u0161vengta nelaiming\u0173 atsitikim\u0173. B\u016btina atid\u017eiai laikytis instrukcij\u0173 ir d\u0117v\u0117ti apsaugines priemones. Be to, aplinkos veiksniai, tokie kaip temperat\u016bra, sl\u0117gis ir dr\u0117gm\u0117, gali tur\u0117ti \u012ftakos cilindro veikimui, tod\u0117l tinkamas montavimas ir prie\u017ei\u016bra gali pad\u0117ti i\u0161vengti \u017ealos aplinkai.<\/p>\n<p>Gedim\u0173 diagnostika ir trik\u010di\u0173 \u0161alinimas<\/p>\n<p>Da\u017eniausios hidraulini\u0173 cilindr\u0173 problemos yra nuot\u0117kiai, prastas veikimas ir pa\u017eeidimai. Trik\u010di\u0173 \u0161alinimo patarimai apima nuot\u0117ki\u0173 patikrinim\u0105, cilindro pa\u017eeidimo patikrinim\u0105 ir tinkamo \u012frengimo bei prie\u017ei\u016bros u\u017etikrinim\u0105.<\/p>\n<p>I\u0161vada<\/p>\n<p>M\u016bs\u0173 \u012fmon\u0117 yra pirmaujanti hidraulini\u0173 cilindr\u0173 gamintoja ir didmenin\u0117 platintoja, gaminanti plat\u0173 gamini\u0173 asortiment\u0105, skirt\u0105 \u012fvairiems \u012frangos poreikiams tenkinti. Esame \u012fsipareigoj\u0119 teikti auk\u0161tos kokyb\u0117s gaminius ir paslaugas, u\u017etikrindami klient\u0173 pasitenkinim\u0105.<\/p>\n<p>Autorius: lyl<\/p>","protected":false},"excerpt":{"rendered":"<p>Replacement Of DC213358 Cylinder Introduction The Replacement Of DC213358 Cylinder is a type of hydraulic cylinder used to replace damaged or worn-out cylinders in various equipment. It helps restore the normal operation of equipment and ensures its performance in various applications. Specifications and Model The Replacement Of DC213358 Cylinder is compatible with the 533 model [&hellip;]<\/p>","protected":false},"featured_media":12169,"comment_status":"open","ping_status":"closed","template":"","meta":{"_et_pb_use_builder":"","_et_pb_old_content":"","_et_gb_content_width":""},"product_brand":[],"product_cat":[1489],"product_tag":[1380,1490,1491],"class_list":{"0":"post-14489","1":"product","2":"type-product","3":"status-publish","4":"has-post-thumbnail","6":"product_cat-replacement-of-john-deere-hydraulic-cylinder","7":"product_tag-hydraulic-cylinder","8":"product_tag-replacement-of-hydraulic-cylinder","9":"product_tag-replacemet-of-john-deere-hydraulic-cylinder","11":"first","12":"instock","13":"shipping-taxable","14":"product-type-simple"},"amp_enabled":true,"_links":{"self":[{"href":"https:\/\/www.hydraulic-cylinders.net\/lt\/wp-json\/wp\/v2\/product\/14489","targetHints":{"allow":["GET"]}}],"collection":[{"href":"https:\/\/www.hydraulic-cylinders.net\/lt\/wp-json\/wp\/v2\/product"}],"about":[{"href":"https:\/\/www.hydraulic-cylinders.net\/lt\/wp-json\/wp\/v2\/types\/product"}],"replies":[{"embeddable":true,"href":"https:\/\/www.hydraulic-cylinders.net\/lt\/wp-json\/wp\/v2\/comments?post=14489"}],"wp:featuredmedia":[{"embeddable":true,"href":"https:\/\/www.hydraulic-cylinders.net\/lt\/wp-json\/wp\/v2\/media\/12169"}],"wp:attachment":[{"href":"https:\/\/www.hydraulic-cylinders.net\/lt\/wp-json\/wp\/v2\/media?parent=14489"}],"wp:term":[{"taxonomy":"product_brand","embeddable":true,"href":"https:\/\/www.hydraulic-cylinders.net\/lt\/wp-json\/wp\/v2\/product_brand?post=14489"},{"taxonomy":"product_cat","embeddable":true,"href":"https:\/\/www.hydraulic-cylinders.net\/lt\/wp-json\/wp\/v2\/product_cat?post=14489"},{"taxonomy":"product_tag","embeddable":true,"href":"https:\/\/www.hydraulic-cylinders.net\/lt\/wp-json\/wp\/v2\/product_tag?post=14489"}],"curies":[{"name":"wp","href":"https:\/\/api.w.org\/{rel}","templated":true}]}}