{"id":1483,"date":"2023-09-26T06:49:38","date_gmt":"2023-09-26T06:49:38","guid":{"rendered":"https:\/\/hydraulic-cylinders.net\/?post_type=product&#038;p=1483"},"modified":"2025-04-11T03:41:32","modified_gmt":"2025-04-11T03:41:32","slug":"small-excavator-boom-cylinder","status":"publish","type":"product","link":"https:\/\/www.hydraulic-cylinders.net\/lt\/produktas\/small-excavator-boom-cylinder\/","title":{"rendered":"Ma\u017eas ekskavatoriaus str\u0117l\u0117s cilindras"},"content":{"rendered":"<h1 style=\"text-align: center;\"><strong>Ma\u017eas ekskavatoriaus str\u0117l\u0117s cilindras<\/strong><\/h1>\n<p><img loading=\"lazy\" decoding=\"async\" class=\"aligncenter wp-image-1484\" src=\"https:\/\/hydraulic-cylinders.net\/wp-content\/uploads\/2023\/09\/boom-cylinder-1-300x300.webp\" alt=\"\" width=\"400\" height=\"400\" \/><\/p>\n<p>Ma\u017eo ekskavatoriaus str\u0117l\u0117s cilindras yra galingas hidraulinis komponentas, optimizuojantis ma\u017e\u0173 ekskavatori\u0173 k\u0117limo ir siekio galimybes. \u0160is cilindras yra specialiai sukurtas siekiant u\u017etikrinti i\u0161skirtin\u012f tvirtum\u0105, ilgaam\u017ei\u0161kum\u0105 ir tikslum\u0105 kompakti\u0161kose statybin\u0117se ma\u0161inose.<\/p>\n<p>Ma\u017eo ekskavatoriaus str\u0117l\u0117s cilindras yra gyvybi\u0161kai svarbus hidraulinis komponentas, kuris pagerina ma\u017e\u0173 ekskavatori\u0173 efektyvum\u0105 ir na\u0161um\u0105. D\u0117l kompakti\u0161kos konstrukcijos, didel\u0117s keliamosios galios ir tikslaus valdymo \u0161is cilindras suteikia operatoriams galimyb\u0119 lengvai ir tiksliai atlikti \u012fvairias kasimo u\u017eduotis. Laikydamiesi rekomenduojam\u0173 naudojimo metod\u0173 ir prie\u017ei\u016bros praktikos, operatoriai gali u\u017etikrinti optimal\u0173 ma\u017eo ekskavatoriaus str\u0117l\u0117s cilindro na\u0161um\u0105 ir ilgaam\u017ei\u0161kum\u0105, o tai padidina na\u0161um\u0105 ir s\u0117kmingai u\u017ebaigia statybos bei kasimo projektus. Investuokite \u012f \u0161\u012f i\u0161skirtin\u012f hidraulin\u012f cilindr\u0105, kad padidintum\u0117te savo ma\u017eo ekskavatoriaus galimybes ir pasiektum\u0117te geresni\u0173 rezultat\u0173 k\u0117limo ir siekimo operacijose.<\/p>\n<p>Ma\u017eo ekskavatoriaus str\u0117l\u0117s cilindro pagrindin\u0117s charakteristikos:<\/p>\n<ol>\n<li>Kompakti\u0161kas dizainas ir tvirta konstrukcija<\/li>\n<\/ol>\n<ul>\n<li>Ma\u017eo ekskavatoriaus str\u0117l\u0117s cilindras yra specialiai sukurtas ma\u017eiems ekskavatoriams, u\u017etikrinant puik\u0173 pritaikym\u0105 ir optimal\u0173 na\u0161um\u0105.<\/li>\n<li>D\u0117l kompakti\u0161ko dizaino ir tvirtos konstrukcijos jis atlaiko sud\u0117tingas eksploatavimo s\u0105lygas, u\u017etikrinant ilgalaik\u012f tarnavimo laik\u0105.<\/li>\n<\/ul>\n<ol start=\"2\">\n<li>Didel\u0117 keliamoji galia ir siekis<\/li>\n<\/ol>\n<ul>\n<li>Nepaisant ma\u017eo dyd\u017eio, cilindras pasi\u017eymi \u012fsp\u016bdinga keliam\u0105ja galia ir siekiu, tod\u0117l galima efektyviai tvarkyti med\u017eiagas ir atlikti kasimo darbus.<\/li>\n<li>Jis suteikia reikiam\u0105 gali\u0105 ir prailginim\u0105 manevruoti ank\u0161tose erdv\u0117se ir pasiekti sunkiai pasiekiamas vietas.<\/li>\n<\/ul>\n<ol start=\"3\">\n<li>Tikslus valdymas ir sklandus veikimas<\/li>\n<\/ol>\n<ul>\n<li>Pa\u017eangi cilindro hidraulin\u0117 sistema u\u017etikrina tiksl\u0173 valdym\u0105 ir skland\u0173 veikim\u0105, leisdama operatoriams atlikti u\u017eduotis tiksliai ir efektyviai.<\/li>\n<li>Jis pasi\u017eymi puikiu reagavimu ir manevringumu, tod\u0117l u\u017etikrina tiksl\u0173 pad\u0117ties nustatym\u0105 ir padidina produktyvum\u0105 darbo vietoje.<\/li>\n<\/ul>\n<ol start=\"4\">\n<li>Patikimas veikimas ir saugumas<\/li>\n<\/ol>\n<ul>\n<li>Pagamintas i\u0161 auk\u0161tos kokyb\u0117s med\u017eiag\u0173 ir laikantis grie\u017et\u0173 gamybos standart\u0173, ma\u017eo ekskavatoriaus str\u0117l\u0117s cilindras u\u017etikrina patikim\u0105 veikim\u0105 sud\u0117tingomis s\u0105lygomis.<\/li>\n<li>Jame yra saugos funkcijos, kurios apsaugo nuo staigi\u0173 kritim\u0173 ar netik\u0117t\u0173 judesi\u0173, u\u017etikrinant operatoriaus ir \u012frangos saugum\u0105 eksploatacijos metu.<\/li>\n<\/ul>\n<h2><strong>Ma\u017eo ekskavatoriaus str\u0117l\u0117s cilindro parametras:<\/strong><\/h2>\n<table border=\"1\" cellspacing=\"0\" cellpadding=\"0\">\n<tbody>\n<tr>\n<td>Produkto pavadinimas<\/td>\n<td>Ma\u017eas ekskavatoriaus str\u0117l\u0117s cilindras<\/td>\n<\/tr>\n<tr>\n<td>Savyb\u0117s:<\/td>\n<td>Valdykite didel\u0117s rankos k\u0117limo judes\u012f<\/td>\n<\/tr>\n<tr>\n<td>Skyl\u0117s skersmuo:<\/td>\n<td>50 mm ~ 125 mm<\/td>\n<\/tr>\n<tr>\n<td>Strypo skersmuo:<\/td>\n<td>25 mm ~ 75 mm<br \/>\nEiga \u22641000 mm<\/td>\n<\/tr>\n<tr>\n<td>Traukos j\u0117ga:<\/td>\n<td>Maksimali galia 361 kN<\/td>\n<\/tr>\n<tr>\n<td>Skyl\u0117s skersmuo:<\/td>\n<td>125 mm \/ sl\u0117gis 29,4 MPa<\/td>\n<\/tr>\n<\/tbody>\n<\/table>\n<h2><strong>Ma\u017eo ekskavatoriaus str\u0117l\u0117s cilindro identifikavimo schema:<\/strong><\/h2>\n<p><img loading=\"lazy\" decoding=\"async\" class=\"alignnone wp-image-1486 size-full\" src=\"https:\/\/hydraulic-cylinders.net\/wp-content\/uploads\/2023\/09\/boom-cylinder-construction.webp\" alt=\"\" width=\"1481\" height=\"988\" srcset=\"https:\/\/hydraulic-cylinders.net\/wp-content\/uploads\/2023\/09\/boom-cylinder-construction.webp 1481w, https:\/\/hydraulic-cylinders.net\/wp-content\/uploads\/2023\/09\/boom-cylinder-construction-1280x854.webp 1280w, https:\/\/hydraulic-cylinders.net\/wp-content\/uploads\/2023\/09\/boom-cylinder-construction-980x654.webp 980w, https:\/\/hydraulic-cylinders.net\/wp-content\/uploads\/2023\/09\/boom-cylinder-construction-480x320.webp 480w\" sizes=\"(min-width: 0px) and (max-width: 480px) 480px, (min-width: 481px) and (max-width: 980px) 980px, (min-width: 981px) and (max-width: 1280px) 1280px, (min-width: 1281px) 1481px, 100vw\" \/><\/p>\n<h2><strong>Ma\u017eo ekskavatoriaus str\u0117l\u0117s cilindro naudojimo b\u016bdas:<\/strong><\/h2>\n<ol>\n<li>Diegimas ir integravimas<\/li>\n<\/ol>\n<ul>\n<li>Nor\u0117dami tinkamai sumontuoti ma\u017eo ekskavatoriaus str\u0117l\u0117s cilindr\u0105, vadovaukit\u0117s gamintojo instrukcijomis.<\/li>\n<li>U\u017etikrinkite suderinamum\u0105 ir tvirt\u0105 pritvirtinim\u0105 prie ekskavatoriaus str\u0117l\u0117s mazgo.<\/li>\n<li>Laikykit\u0117s rekomenduojam\u0173 sukimo moment\u0173 specifikacij\u0173 ir naudokite tinkamus tvirtinimo elementus.<\/li>\n<\/ul>\n<ol start=\"2\">\n<li>Veiklos aspektai<\/li>\n<\/ol>\n<ul>\n<li>Susipa\u017einkite su ekskavatoriaus valdikliais ir veikimu, \u012fskaitant str\u0117l\u0117s cilindr\u0105.<\/li>\n<li>Prie\u0161 prad\u0117dami faktin\u012f darb\u0105, pasipraktikuokite valdyti ekskavatori\u0173 ir str\u0117l\u0117s cilindr\u0105 kontroliuojamoje aplinkoje.<\/li>\n<li>Laikykit\u0117s saugos nurodym\u0173, dirbkite nevir\u0161ydami ekskavatoriaus apkrovos ir pasiekite ribas, kad i\u0161vengtum\u0117te nelaiming\u0173 atsitikim\u0173 ir \u012frangos pa\u017eeidimo.<\/li>\n<\/ul>\n<ol start=\"3\">\n<li>Efektyv\u016bs k\u0117limo ir siekimo b\u016bdai<\/li>\n<\/ol>\n<ul>\n<li>Pasinaudokite tiksliu ma\u017eo ekskavatoriaus str\u0117l\u0117s cilindro valdymu, kad optimizuotum\u0117te k\u0117limo ir siekimo technikas.<\/li>\n<li>Keldami arba tiesdami str\u0117l\u0119, i\u0161laikykite stabili\u0105 pad\u0117t\u012f, venkite staigi\u0173 ar tr\u016bk\u010diojan\u010di\u0173 judesi\u0173, kurie gali \u012ftempti cilindr\u0105.<\/li>\n<li>U\u017etikrinkite tinkam\u0105 krovinio pad\u0117t\u012f ir i\u0161laikykite pusiausvyr\u0105, kad med\u017eiagos b\u016bt\u0173 tvarkomos saugiai ir efektyviai.<\/li>\n<\/ul>\n<h2><strong>Kaip nuimti hidraulin\u012f cilindr\u0105 nuo ekskavatoriaus?<\/strong><\/h2>\n<p>Hidraulinio cilindro nu\u0117mimas i\u0161 ekskavatoriaus reikalauja kruop\u0161taus d\u0117mesio ir tinkam\u0173 proced\u016br\u0173 laikymosi, kad b\u016bt\u0173 u\u017etikrintas saugumas ir i\u0161vengta \u012frangos pa\u017eeidimo. \u0160tai bendrieji \u017eingsniai, pad\u0117siantys jums atlikti \u0161\u012f proces\u0105:<\/p>\n<ol>\n<li><strong>Paruo\u0161imas:<\/strong><\/li>\n<\/ol>\n<ul>\n<li>\u012esitikinkite, kad ekskavatorius yra i\u0161jungtas ir pastatytas ant lygaus pavir\u0161iaus.<\/li>\n<li>\u012ejunkite apsaugin\u012f u\u017erakt\u0105 ir u\u017efiksuokite str\u0117l\u0119 bei svirt\u012f stabilioje pad\u0117tyje.<\/li>\n<li>D\u0117v\u0117kite tinkamas asmenines apsaugos priemones, tokias kaip pir\u0161tin\u0117s ir apsauginiai akiniai.<\/li>\n<\/ul>\n<ol start=\"2\">\n<li><strong>Cilindro atpa\u017einimas:<\/strong><\/li>\n<\/ol>\n<ul>\n<li>Raskite hidraulin\u012f cilindr\u0105, kur\u012f norite nuimti. Jis gali b\u016bti pritvirtintas prie str\u0117l\u0117s, svirties ar kit\u0173 ekskavatoriaus komponent\u0173.<\/li>\n<\/ul>\n<ol start=\"3\">\n<li><strong>Hidraulinio sl\u0117gio suma\u017einimas:<\/strong><\/li>\n<\/ol>\n<ul>\n<li>Prie\u0161 atjungiant bet kokias hidraulines linijas ar jungiam\u0105sias detales, labai svarbu i\u0161leisti sl\u0117g\u012f sistemoje, kad b\u016bt\u0173 i\u0161vengta staigi\u0173 judesi\u0173 ar skys\u010dio pursl\u0173.<\/li>\n<li>Prad\u0117kite nuo savo ekskavatoriaus modelio sl\u0117gio ma\u017einimo vo\u017etuvo arba sl\u0117gio i\u0161leidimo proced\u016bros suradimo.<\/li>\n<li>Tinkamai i\u0161leiskite sl\u0117g\u012f i\u0161 hidraulin\u0117s sistemos laikydamiesi gamintojo nurodym\u0173.<\/li>\n<\/ul>\n<ol start=\"4\">\n<li><strong>Atjunkite hidraulines linijas:<\/strong><\/li>\n<\/ol>\n<ul>\n<li>Nustatykite prie cilindro prijungtas hidraulines linijas. \u0160ios linijos tiekia hidraulin\u012f skyst\u012f \u012f cilindr\u0105 ir i\u0161 jo.<\/li>\n<li>Nor\u0117dami atlaisvinti ir atjungti hidraulines linijas nuo cilindro, naudokite tinkamus ver\u017eliarak\u010dius arba jungiam\u0105sias detales.<\/li>\n<li>Po atjungtomis linijomis pad\u0117kite talpykl\u0105 arba sugerian\u010di\u0105 med\u017eiag\u0105, kad surinktum\u0117te likus\u012f hidraulin\u012f skyst\u012f.<\/li>\n<\/ul>\n<ol start=\"5\">\n<li><strong>Tvirtinimo detali\u0173 nu\u0117mimas:<\/strong><\/li>\n<\/ol>\n<ul>\n<li>Raskite cilindro tvirtinimo ta\u0161kus. Tai gali b\u016bti var\u017etai arba kai\u0161\u010diai, tvirtinantys cilindr\u0105 prie ekskavatoriaus konstrukcijos.<\/li>\n<li>Priklausomai nuo konkretaus dizaino, tvirtinimo detal\u0117ms nuimti naudokite tinkamus \u012frankius.<\/li>\n<li>I\u0161imant cilindr\u0105, u\u017etikrinkite tinkam\u0105 jo atram\u0105, kad jis nenukrist\u0173 ir nepa\u017eeist\u0173 jo dali\u0173.<\/li>\n<\/ul>\n<ol start=\"6\">\n<li><strong>Cilindro nu\u0117mimas:<\/strong><\/li>\n<\/ol>\n<ul>\n<li>Atsargiai i\u0161stumkite arba pajudinkite cilindr\u0105 i\u0161 jo tvirtinimo pad\u0117ties. Jei jis tvirtai pritvirtintas, gali tekti \u0161velniai j\u012f pastuksenti guminiu plaktuku arba naudoti hidraulin\u012f cilindro traukikl\u012f.<\/li>\n<li>\u012esitikinkite, kad jokie kiti komponentai ar konstrukcijos netrukdo cilindro i\u0161\u0117mimui.<\/li>\n<\/ul>\n<ol start=\"7\">\n<li><strong>Ap\u017ei\u016bra ir prie\u017ei\u016bra:<\/strong><\/li>\n<\/ol>\n<ul>\n<li>Nu\u0117mus cilindr\u0105, patikrinkite, ar n\u0117ra pa\u017eeidim\u0173, nuot\u0117ki\u0173 ar susid\u0117v\u0117jimo po\u017eymi\u0173.<\/li>\n<li>I\u0161valykite cilindr\u0105 ir patikrinkite, ar ant \u0161vaistiklio, sandarikli\u0173 ir kit\u0173 komponent\u0173 n\u0117ra korozijos, \u012fbr\u0117\u017eim\u0173 ar per didelio susid\u0117v\u0117jimo po\u017eymi\u0173.<\/li>\n<li>Prie\u0161 v\u0117l \u012fmontuodami cilindr\u0105, atlikite visus b\u016btinus technin\u0117s prie\u017ei\u016bros ar remonto darbus.<\/li>\n<\/ul>\n<ol start=\"8\">\n<li><strong>Pakartotinis \u012fdiegimas arba pakeitimas:<\/strong><\/li>\n<\/ol>\n<ul>\n<li>Nor\u0117dami v\u0117l sumontuoti hidraulin\u012f cilindr\u0105, atlikite atvirk\u0161tinius i\u0161\u0117mimo proceso veiksmus, u\u017etikrindami tinkam\u0105 sulygiavim\u0105 ir sukimo momento specifikacijas.<\/li>\n<li>Jei cilindras kei\u010diamas, nauj\u0105 cilindr\u0105 atsargiai sumontuokite pagal gamintojo instrukcijas ir rekomendacijas.<\/li>\n<\/ul>\n<h2><strong>Gamyklos paj\u0117gumai ir talpa:<\/strong><\/h2>\n<h3>(1) Surinkimas<\/h3>\n<p>Turime pirmos klas\u0117s nepriklausom\u0105 tyrim\u0173 ir pl\u0117tros surinkimo platform\u0105. Hidraulini\u0173 cilindr\u0173 gamybos ceche yra keturios pusiau automatin\u0117s k\u0117limo cilindr\u0173 surinkimo linijos ir viena automatin\u0117 pakreipimo cilindr\u0173 surinkimo linija, kuri\u0173 projektinis metinis gamybos paj\u0117gumas yra 1 milijonas vienet\u0173. Speciali\u0173j\u0173 cilindr\u0173 ceche \u012frengta \u012fvairi\u0173 specifikacij\u0173 pusiau automatin\u0117 valymo surinkimo sistema, kurios projektinis metinis gamybos paj\u0117gumas yra 200 000 vienet\u0173, ir garsi CNC apdirbimo \u012franga, apdirbimo centras, didelio tikslumo cilindr\u0173 apdirbimo speciali \u012franga, robotinis suvirinimo aparatas, automatinis valymo aparatas, automatinis cilindr\u0173 surinkimo aparatas ir automatin\u0117 da\u017eymo gamybos linija. Esama daugiau nei 300 rinkini\u0173 (komplekt\u0173) kritin\u0117 \u012franga. Optimalus \u012frangos i\u0161tekli\u0173 paskirstymas ir efektyvus naudojimas u\u017etikrina gamini\u0173 tikslumo reikalavimus ir auk\u0161tus gamini\u0173 kokyb\u0117s poreikius.<\/p>\n<p><img loading=\"lazy\" decoding=\"async\" class=\"alignnone wp-image-626\" src=\"https:\/\/hydraulic-cylinders.net\/wp-content\/uploads\/2023\/08\/hydraulic-cylinder-product-1-300x158.webp\" alt=\"\" width=\"495\" height=\"260\" srcset=\"https:\/\/hydraulic-cylinders.net\/wp-content\/uploads\/2023\/08\/hydraulic-cylinder-product-1-300x158.webp 495w, https:\/\/hydraulic-cylinders.net\/wp-content\/uploads\/2023\/08\/hydraulic-cylinder-product-1-480x252.webp 480w\" sizes=\"(min-width: 0px) and (max-width: 480px) 480px, (min-width: 481px) 495px, 100vw\" \/> <img loading=\"lazy\" decoding=\"async\" class=\"alignnone wp-image-627\" src=\"https:\/\/hydraulic-cylinders.net\/wp-content\/uploads\/2023\/08\/hydraulic-cylinder-product-2-300x189.webp\" alt=\"\" width=\"413\" height=\"260\" \/><\/p>\n<h3>(2) Apdirbimas<\/h3>\n<p>Mechaninio apdirbimo ceche \u012frengtas pritaikytas nuo\u017eulnaus b\u0117gio tekinimo centras, apdirbimo centras, greitaeigis galandimo stakl\u0117s, suvirinimo robotas ir kita susijusi \u012franga, galinti apdirbti cilindrinius vamzd\u017eius, kuri\u0173 maksimalus vidinis skersmuo yra 400 mm, o maksimalus ilgis \u2013 6 metrai.<\/p>\n<p><img loading=\"lazy\" decoding=\"async\" class=\"alignnone wp-image-628 size-large\" src=\"https:\/\/hydraulic-cylinders.net\/wp-content\/uploads\/2023\/08\/hydraulic-cylinder-product-3-1024x391.webp\" alt=\"\" width=\"1024\" height=\"391\" srcset=\"https:\/\/hydraulic-cylinders.net\/wp-content\/uploads\/2023\/08\/hydraulic-cylinder-product-3-980x374.webp 980w, https:\/\/hydraulic-cylinders.net\/wp-content\/uploads\/2023\/08\/hydraulic-cylinder-product-3-480x183.webp 480w\" sizes=\"(min-width: 0px) and (max-width: 480px) 480px, (min-width: 481px) and (max-width: 980px) 980px, (min-width: 981px) 1024px, 100vw\" \/><\/p>\n<h3>(3) Suvirinimas<\/h3>\n<p><img loading=\"lazy\" decoding=\"async\" class=\"alignnone wp-image-629 size-large\" src=\"https:\/\/hydraulic-cylinders.net\/wp-content\/uploads\/2023\/08\/hydraulic-cylinder-product-4-1024x510.webp\" alt=\"\" width=\"1024\" height=\"510\" srcset=\"https:\/\/hydraulic-cylinders.net\/wp-content\/uploads\/2023\/08\/hydraulic-cylinder-product-4-980x488.webp 980w, https:\/\/hydraulic-cylinders.net\/wp-content\/uploads\/2023\/08\/hydraulic-cylinder-product-4-480x239.webp 480w\" sizes=\"(min-width: 0px) and (max-width: 480px) 480px, (min-width: 481px) and (max-width: 980px) 980px, (min-width: 981px) 1024px, 100vw\" \/><\/p>\n<h3>(4) Da\u017eymas ir dengimas<\/h3>\n<p>Su ma\u017eomis ir vidutinio dyd\u017eio cilindrin\u0117mis automatin\u0117mis vandens pagrindo da\u017e\u0173 dengimo linijomis, siekiant automatinio robot\u0173 pakrovimo ir i\u0161krovimo bei automatinio pur\u0161kimo, projektinis paj\u0117gumas yra 4000 vienet\u0173 per pamain\u0105;<br \/>\nTaip pat turime pusiau automatin\u0119 dideli\u0173 cilindr\u0173 da\u017e\u0173 gamybos linij\u0105, varom\u0105 grandin\u0117s, kurios projektinis na\u0161umas yra 60 d\u0117\u017ei\u0173 per pamain\u0105.<\/p>\n<p><img loading=\"lazy\" decoding=\"async\" class=\"alignnone wp-image-630\" src=\"https:\/\/hydraulic-cylinders.net\/wp-content\/uploads\/2023\/08\/hydraulic-cylinder-product-5-300x213.webp\" alt=\"\" width=\"366\" height=\"260\" \/> <img loading=\"lazy\" decoding=\"async\" class=\"alignnone wp-image-631\" src=\"https:\/\/hydraulic-cylinders.net\/wp-content\/uploads\/2023\/08\/hydraulic-cylinder-product-6-300x225.webp\" alt=\"\" width=\"347\" height=\"260\" \/><\/p>\n<h3>(5) Testavimas<\/h3>\n<p>Turime auk\u0161\u010diausios klas\u0117s patikros patalpas ir bandym\u0173 stendus, kad u\u017etikrintume, jog baliono veikimas atitinka reikalavimus.<\/p>\n<p><img loading=\"lazy\" decoding=\"async\" class=\"alignnone wp-image-632\" src=\"https:\/\/hydraulic-cylinders.net\/wp-content\/uploads\/2023\/08\/hydraulic-cylinder-product-8-300x200.webp\" alt=\"\" width=\"389\" height=\"260\" \/><\/p>\n<p>&nbsp;<\/p>\n<p>&nbsp;<\/p>\n<p>Esame vienas geriausi\u0173 hidraulini\u0173 cilindr\u0173 gamintoj\u0173. Galime pasi\u016blyti i\u0161samius hidraulinius cilindrus. Taip pat teikiame atitinkamus <a href=\"https:\/\/hzpt.com\/agricultural-pto-gearbox\/\" target=\"_blank\" rel=\"noopener\">\u017eem\u0117s \u016bkio pavar\u0173 d\u0117\u017e\u0117s<\/a>Mes eksportuojame savo gaminius klientams visame pasaulyje ir peln\u0117me ger\u0105 reputacij\u0105 d\u0117l auk\u0161\u010diausios gamini\u0173 kokyb\u0117s ir aptarnavimo po pardavimo. Mes laukiame klient\u0173 \u0161alyje ir u\u017esienyje, norin\u010di\u0173 susisiekti su mumis der\u0117tis d\u0117l verslo, keistis informacija ir... <a href=\"https:\/\/www.hydraulic-cylinders.net\/lt\/contact-us\/\">bendradarbiauti su mumis<\/a>!<\/p>","protected":false},"excerpt":{"rendered":"<p>Small Excavator Boom Cylinder The Small Excavator Boom Cylinder is a powerful hydraulic component that optimizes small excavators&#8217; lifting and reaching capabilities. This cylinder is specifically engineered to deliver exceptional strength, durability, and precision in compact construction machinery. The Small Excavator Boom Cylinder is a vital hydraulic component that enhances the efficiency and performance of [&hellip;]<\/p>","protected":false},"featured_media":1485,"comment_status":"open","ping_status":"closed","template":"","meta":{"_et_pb_use_builder":"","_et_pb_old_content":"","_et_gb_content_width":""},"product_brand":[],"product_cat":[1550,1503,1376],"product_tag":[1380],"class_list":{"0":"post-1483","1":"product","2":"type-product","3":"status-publish","4":"has-post-thumbnail","6":"product_cat-double-acting-hydraulic-cylinder","7":"product_cat-excavator-hydraulic-cylinders","8":"product_cat-hydraulic-cylinder","9":"product_tag-hydraulic-cylinder","11":"first","12":"instock","13":"shipping-taxable","14":"product-type-simple"},"amp_enabled":true,"_links":{"self":[{"href":"https:\/\/www.hydraulic-cylinders.net\/lt\/wp-json\/wp\/v2\/product\/1483","targetHints":{"allow":["GET"]}}],"collection":[{"href":"https:\/\/www.hydraulic-cylinders.net\/lt\/wp-json\/wp\/v2\/product"}],"about":[{"href":"https:\/\/www.hydraulic-cylinders.net\/lt\/wp-json\/wp\/v2\/types\/product"}],"replies":[{"embeddable":true,"href":"https:\/\/www.hydraulic-cylinders.net\/lt\/wp-json\/wp\/v2\/comments?post=1483"}],"wp:featuredmedia":[{"embeddable":true,"href":"https:\/\/www.hydraulic-cylinders.net\/lt\/wp-json\/wp\/v2\/media\/1485"}],"wp:attachment":[{"href":"https:\/\/www.hydraulic-cylinders.net\/lt\/wp-json\/wp\/v2\/media?parent=1483"}],"wp:term":[{"taxonomy":"product_brand","embeddable":true,"href":"https:\/\/www.hydraulic-cylinders.net\/lt\/wp-json\/wp\/v2\/product_brand?post=1483"},{"taxonomy":"product_cat","embeddable":true,"href":"https:\/\/www.hydraulic-cylinders.net\/lt\/wp-json\/wp\/v2\/product_cat?post=1483"},{"taxonomy":"product_tag","embeddable":true,"href":"https:\/\/www.hydraulic-cylinders.net\/lt\/wp-json\/wp\/v2\/product_tag?post=1483"}],"curies":[{"name":"wp","href":"https:\/\/api.w.org\/{rel}","templated":true}]}}