{"id":1487,"date":"2023-09-26T06:55:27","date_gmt":"2023-09-26T06:55:27","guid":{"rendered":"https:\/\/hydraulic-cylinders.net\/?post_type=product&#038;p=1487"},"modified":"2025-04-11T03:41:29","modified_gmt":"2025-04-11T03:41:29","slug":"small-excavator-stick-cylinder","status":"publish","type":"product","link":"https:\/\/www.hydraulic-cylinders.net\/lt\/produktas\/small-excavator-stick-cylinder\/","title":{"rendered":"Ma\u017eas ekskavatoriaus lazdel\u0117s cilindras"},"content":{"rendered":"<h1 style=\"text-align: center;\"><strong>Ma\u017eas ekskavatoriaus lazdel\u0117s cilindras<\/strong><\/h1>\n<p><img loading=\"lazy\" decoding=\"async\" class=\"aligncenter wp-image-1488\" src=\"https:\/\/hydraulic-cylinders.net\/wp-content\/uploads\/2023\/09\/stick-cylinder-1-300x300.webp\" alt=\"\" width=\"400\" height=\"400\" \/><\/p>\n<p>Ma\u017eo ekskavatoriaus strypo cilindras yra labai patikimas ir tvirtas hidraulinis komponentas, skirtas ma\u017e\u0173 ekskavatori\u0173 na\u0161umui ir efektyvumui pagerinti. \u0160is cilindras yra specialiai sukurtas siekiant u\u017etikrinti i\u0161skirtin\u0119 gali\u0105, tikslum\u0105 ir ilgaam\u017ei\u0161kum\u0105 kompakti\u0161kose statybin\u0117se ma\u0161inose.<\/p>\n<p>Ma\u017eo ekskavatoriaus strypo cilindras yra gyvybi\u0161kai svarbus hidraulinis komponentas, kuris \u017eymiai pagerina ma\u017e\u0173 ekskavatori\u0173 na\u0161um\u0105 ir efektyvum\u0105. D\u0117l kompakti\u0161kos konstrukcijos, \u012fsp\u016bdingo siekio ir kasimo gylio, padidintos kasimo j\u0117gos ir tikslaus valdymo \u0161is cilindras suteikia operatoriams galimyb\u0119 lengvai ir tiksliai atlikti kasimo darbus. Laikydamiesi rekomenduojam\u0173 naudojimo metod\u0173 ir prie\u017ei\u016bros praktikos, operatoriai gali u\u017etikrinti optimal\u0173 ma\u017eo ekskavatoriaus strypo cilindro na\u0161um\u0105 ir ilgaam\u017ei\u0161kum\u0105, o tai padidina na\u0161um\u0105 ir s\u0117kmingai u\u017ebaigia statybos bei kasimo projektus. Investuokite \u012f \u0161\u012f i\u0161skirtin\u012f hidraulin\u012f cilindr\u0105, kad padidintum\u0117te savo ma\u017eo ekskavatoriaus galimybes ir pasiektum\u0117te geresni\u0173 rezultat\u0173 kasimo darbuose.<\/p>\n<p>Ma\u017eo ekskavatoriaus lazdel\u0117s cilindro pagrindin\u0117s charakteristikos:<\/p>\n<ol>\n<li>Kompakti\u0161kas dizainas ir tvirta konstrukcija<\/li>\n<\/ol>\n<ul>\n<li>Ma\u017eo ekskavatoriaus strypo cilindras yra specialiai sukurtas ma\u017eiems ekskavatoriams, u\u017etikrinant puik\u0173 pritaikym\u0105 ir optimal\u0173 na\u0161um\u0105.<\/li>\n<li>D\u0117l kompakti\u0161ko dizaino ir tvirtos konstrukcijos jis gali atlaikyti sud\u0117tingas eksploatavimo s\u0105lygas, u\u017etikrindamas ilgalaik\u012f tarnavim\u0105.<\/li>\n<\/ul>\n<ol start=\"2\">\n<li>\u012esp\u016bdingas siekis ir kasimo gylis<\/li>\n<\/ol>\n<ul>\n<li>Nepaisant ma\u017eo dyd\u017eio, cilindras pasi\u017eymi \u012fsp\u016bdingu siekiu ir kasimo gyliu, maksimaliai padidindamas ekskavatoriaus veikimo diapazon\u0105.<\/li>\n<li>Tai leid\u017eia operatoriams pasiekti ank\u0161tas erdves ir efektyviai bei lengvai atlikti kasimo darbus ank\u0161tose vietose.<\/li>\n<\/ul>\n<ol start=\"3\">\n<li>Padidinta kasimo j\u0117ga ir efektyvumas<\/li>\n<\/ol>\n<ul>\n<li>Cilindras u\u017etikrina didesn\u0119 kasimo j\u0117g\u0105, leid\u017eian\u010di\u0105 efektyviai i\u0161kasti \u012fvairias med\u017eiagas, \u012fskaitant dirvo\u017eem\u012f, uolienas ir \u0161iuk\u0161les.<\/li>\n<li>Tai optimizuoja ekskavatoriaus kasimo na\u0161um\u0105, padidindama na\u0161um\u0105 ir sutrumpindama projekto u\u017ebaigimo laik\u0105.<\/li>\n<\/ul>\n<ol start=\"4\">\n<li>Sklandus veikimas ir tikslus valdymas<\/li>\n<\/ol>\n<ul>\n<li>Ma\u017eo ekskavatoriaus strypo cilindre \u012fdiegtos pa\u017eangios hidraulin\u0117s technologijos, u\u017etikrinan\u010dios skland\u0173 veikim\u0105 ir tiksl\u0173 valdym\u0105.<\/li>\n<li>Jis pasi\u017eymi puikiu reagavimu, leisdamas operatoriams atlikti subtilias operacijas tiksliai ir efektyviai.<\/li>\n<\/ul>\n<h2><strong>Ma\u017eo ekskavatoriaus lazdel\u0117s cilindro parametras:<\/strong><\/h2>\n<table border=\"1\" cellspacing=\"0\" cellpadding=\"0\">\n<tbody>\n<tr>\n<td>Produkto pavadinimas<\/td>\n<td>Ma\u017eas ekskavatoriaus lazdel\u0117s cilindras<\/td>\n<\/tr>\n<tr>\n<td>Savyb\u0117s:<\/td>\n<td>Valdykite dilbio judesius<\/td>\n<\/tr>\n<tr>\n<td>Skyl\u0117s skersmuo:<\/td>\n<td>50 mm ~ 115 mm<\/td>\n<\/tr>\n<tr>\n<td>Strypo skersmuo:<\/td>\n<td>25 mm ~ 70 mm<br \/>\nEiga \u22641000 mm<\/td>\n<\/tr>\n<tr>\n<td>Traukos j\u0117ga:<\/td>\n<td>Maksimali galia 305 kN<\/td>\n<\/tr>\n<tr>\n<td>Skyl\u0117s skersmuo:<\/td>\n<td>115 mm \/ sl\u0117gis 29,4 MPa)<\/td>\n<\/tr>\n<\/tbody>\n<\/table>\n<h2><strong>Ma\u017eo ekskavatoriaus strypo cilindro identifikavimo schema:<\/strong><\/h2>\n<p><img loading=\"lazy\" decoding=\"async\" class=\"alignnone wp-image-1490 size-full\" src=\"https:\/\/hydraulic-cylinders.net\/wp-content\/uploads\/2023\/09\/stick-cylinder-construction.webp\" alt=\"\" width=\"1481\" height=\"988\" srcset=\"https:\/\/hydraulic-cylinders.net\/wp-content\/uploads\/2023\/09\/stick-cylinder-construction.webp 1481w, https:\/\/hydraulic-cylinders.net\/wp-content\/uploads\/2023\/09\/stick-cylinder-construction-1280x854.webp 1280w, https:\/\/hydraulic-cylinders.net\/wp-content\/uploads\/2023\/09\/stick-cylinder-construction-980x654.webp 980w, https:\/\/hydraulic-cylinders.net\/wp-content\/uploads\/2023\/09\/stick-cylinder-construction-480x320.webp 480w\" sizes=\"(min-width: 0px) and (max-width: 480px) 480px, (min-width: 481px) and (max-width: 980px) 980px, (min-width: 981px) and (max-width: 1280px) 1280px, (min-width: 1281px) 1481px, 100vw\" \/><\/p>\n<h2><strong>Ma\u017eo ekskavatoriaus lazdel\u0117s cilindro naudojimo b\u016bdas:<\/strong><\/h2>\n<ol>\n<li>Diegimas ir integravimas<\/li>\n<\/ol>\n<ul>\n<li>Nor\u0117dami tinkamai sumontuoti ma\u017eo ekskavatoriaus strypo cilindr\u0105, \u017er. gamintojo instrukcijas.<\/li>\n<li>\u012esitikinkite suderinamumu ir tvirtai pritvirtinkite cilindr\u0105 prie ekskavatoriaus koto mazgo.<\/li>\n<li>Laikykit\u0117s rekomenduojam\u0173 sukimo moment\u0173 specifikacij\u0173 ir naudokite tinkamus tvirtinimo elementus.<\/li>\n<\/ul>\n<ol start=\"2\">\n<li>Veiklos aspektai<\/li>\n<\/ol>\n<ul>\n<li>Susipa\u017einkite su ekskavatoriaus valdikliais ir veikimu, \u012fskaitant str\u0117l\u0117s cilindr\u0105.<\/li>\n<li>Prie\u0161 prad\u0117dami faktin\u012f darb\u0105, pasipraktikuokite valdyti ekskavatori\u0173 ir str\u0117l\u0117s cilindr\u0105 kontroliuojamoje aplinkoje.<\/li>\n<li>Laikykit\u0117s saugos nurodym\u0173 ir dirbkite nevir\u0161ydami ekskavatoriaus apkrovos ir siekio rib\u0173, kad i\u0161vengtum\u0117te nelaiming\u0173 atsitikim\u0173 ir \u012frangos pa\u017eeidimo.<\/li>\n<\/ul>\n<ol start=\"3\">\n<li>Kasimo na\u0161umo optimizavimas<\/li>\n<\/ol>\n<ul>\n<li>Pasinaudokite tiksliu ma\u017eo ekskavatoriaus strypo cilindro valdymu, kad optimizuotum\u0117te kasimo na\u0161um\u0105.<\/li>\n<li>Kasdami i\u0161laikykite stabili\u0105 pad\u0117t\u012f, venkite staigi\u0173 ar tr\u016bk\u010diojan\u010di\u0173 judesi\u0173, kurie gali \u012ftempti cilindr\u0105.<\/li>\n<li>U\u017etikrinkite tinkam\u0105 kau\u0161o pad\u0117t\u012f ir dant\u0173 sukibim\u0105, kad kasimas b\u016bt\u0173 efektyvus.<\/li>\n<\/ul>\n<h2><strong>Kokio dyd\u017eio cilindras ekskavatoriaus nyk\u0161\u010diui?<\/strong><\/h2>\n<p>Ekskavatoriaus nyk\u0161\u010dio cilindro dydis gali skirtis priklausomai nuo konkre\u010di\u0173 ekskavatoriaus reikalavim\u0173 ir numatyto nyk\u0161\u010dio tvirtinimo \u012ftaiso naudojimo. Tinkamas cilindro dydis paprastai nustatomas atsi\u017evelgiant \u012f tokius veiksnius kaip ekskavatoriaus darbinis svoris, pageidaujama nyk\u0161\u010dio keliamoji galia ir suderinamumas su ekskavatoriaus hidrauline sistema.<\/p>\n<p>Norint nustatyti tinkam\u0105 ekskavatoriaus nyk\u0161\u010dio cilindro dyd\u012f, rekomenduojama pasikonsultuoti su nyk\u0161\u010dio tvirtinimo detal\u0117s gamintoju arba tiek\u0117ju. Jie gali pateikti rekomendacij\u0173, atsi\u017evelgdami \u012f ekskavatoriaus specifikacijas ir numatyt\u0105 nyk\u0161\u010dio paskirt\u012f.<\/p>\n<p>Verta pamin\u0117ti, kad ekskavatoriaus nyk\u0161\u010diai b\u016bna \u012fvairi\u0173 dyd\u017ei\u0173 ir konfig\u016bracij\u0173, kad tikt\u0173 skirtingiems ekskavatori\u0173 modeliams ir dyd\u017eiams. Nyk\u0161\u010dio tvirtinimo element\u0105 paprastai sudaro centrin\u0117 konstrukcija arba r\u0117mas, tvirtinamas prie ekskavatoriaus str\u0117l\u0117s, ir hidraulinis cilindras, kuris atlieka sugriebimo arba prispaudimo funkcij\u0105. Cilindro dydis tur\u0117t\u0173 b\u016bti parinktas taip, kad b\u016bt\u0173 u\u017etikrintas suderinamumas su nyk\u0161\u010dio tvirtinimo elementu ir kad b\u016bt\u0173 u\u017etikrinta reikiama sugriebimo j\u0117ga numatytoms u\u017eduotims atlikti.<\/p>\n<p>Renkantis ekskavatoriaus nyk\u0161\u010dio cilindro dyd\u012f, labai svarbu rasti pusiausvyr\u0105 tarp pakankamos keliamosios galios ir u\u017etikrinimo, kad ekskavatoriaus hidraulin\u0117 sistema gal\u0117t\u0173 tinkamai palaikyti nyk\u0161\u010dio veikim\u0105. Per didelis cilindro dydis gali pernelyg apkrauti ekskavatoriaus hidraulin\u0119 sistem\u0105, o nepakankamas dydis gali lemti ribot\u0105 keliam\u0105j\u0105 gali\u0105 ir suma\u017e\u0117jus\u012f na\u0161um\u0105.<\/p>\n<p>Apibendrinant, ekskavatoriaus nyk\u0161\u010dio cilindro dydis tur\u0117t\u0173 b\u016bti nustatomas atsi\u017evelgiant \u012f tokius veiksnius kaip ekskavatoriaus darbinis svoris, pageidaujama keliamoji galia ir suderinamumas su nyk\u0161\u010dio priedu bei hidrauline sistema. Rekomenduojama pasikonsultuoti su nyk\u0161\u010dio priedo gamintoju arba tiek\u0117ju, kad b\u016bt\u0173 u\u017etikrintas tinkamas dydis ir optimalus veikimas.<\/p>\n<h2><strong>Gamyklos paj\u0117gumai ir talpa:<\/strong><\/h2>\n<h3>(1) Surinkimas<\/h3>\n<p>Turime pirmos klas\u0117s nepriklausom\u0105 tyrim\u0173 ir pl\u0117tros surinkimo platform\u0105. Hidraulini\u0173 cilindr\u0173 gamybos ceche yra keturios pusiau automatin\u0117s k\u0117limo cilindr\u0173 surinkimo linijos ir viena automatin\u0117 pakreipimo cilindr\u0173 surinkimo linija, kuri\u0173 projektinis metinis gamybos paj\u0117gumas yra 1 milijonas vienet\u0173. Speciali\u0173j\u0173 cilindr\u0173 ceche \u012frengta \u012fvairi\u0173 specifikacij\u0173 pusiau automatin\u0117 valymo surinkimo sistema, kurios projektinis metinis gamybos paj\u0117gumas yra 200 000 vienet\u0173, ir garsi CNC apdirbimo \u012franga, apdirbimo centras, didelio tikslumo cilindr\u0173 apdirbimo speciali \u012franga, robotinis suvirinimo aparatas, automatinis valymo aparatas, automatinis cilindr\u0173 surinkimo aparatas ir automatin\u0117 da\u017eymo gamybos linija. Esama daugiau nei 300 rinkini\u0173 (komplekt\u0173) kritin\u0117 \u012franga. Optimalus \u012frangos i\u0161tekli\u0173 paskirstymas ir efektyvus naudojimas u\u017etikrina gamini\u0173 tikslumo reikalavimus ir auk\u0161tus gamini\u0173 kokyb\u0117s poreikius.<\/p>\n<p><img loading=\"lazy\" decoding=\"async\" class=\"alignnone wp-image-626\" src=\"https:\/\/hydraulic-cylinders.net\/wp-content\/uploads\/2023\/08\/hydraulic-cylinder-product-1-300x158.webp\" alt=\"\" width=\"495\" height=\"260\" srcset=\"https:\/\/hydraulic-cylinders.net\/wp-content\/uploads\/2023\/08\/hydraulic-cylinder-product-1-300x158.webp 495w, https:\/\/hydraulic-cylinders.net\/wp-content\/uploads\/2023\/08\/hydraulic-cylinder-product-1-480x252.webp 480w\" sizes=\"(min-width: 0px) and (max-width: 480px) 480px, (min-width: 481px) 495px, 100vw\" \/> <img loading=\"lazy\" decoding=\"async\" class=\"alignnone wp-image-627\" src=\"https:\/\/hydraulic-cylinders.net\/wp-content\/uploads\/2023\/08\/hydraulic-cylinder-product-2-300x189.webp\" alt=\"\" width=\"413\" height=\"260\" \/><\/p>\n<h3>(2) Apdirbimas<\/h3>\n<p>Mechaninio apdirbimo ceche \u012frengtas pritaikytas nuo\u017eulnaus b\u0117gio tekinimo centras, apdirbimo centras, greitaeigis galandimo stakl\u0117s, suvirinimo robotas ir kita susijusi \u012franga, galinti apdirbti cilindrinius vamzd\u017eius, kuri\u0173 maksimalus vidinis skersmuo yra 400 mm, o maksimalus ilgis \u2013 6 metrai.<\/p>\n<p><img loading=\"lazy\" decoding=\"async\" class=\"alignnone wp-image-628 size-large\" src=\"https:\/\/hydraulic-cylinders.net\/wp-content\/uploads\/2023\/08\/hydraulic-cylinder-product-3-1024x391.webp\" alt=\"\" width=\"1024\" height=\"391\" srcset=\"https:\/\/hydraulic-cylinders.net\/wp-content\/uploads\/2023\/08\/hydraulic-cylinder-product-3-980x374.webp 980w, https:\/\/hydraulic-cylinders.net\/wp-content\/uploads\/2023\/08\/hydraulic-cylinder-product-3-480x183.webp 480w\" sizes=\"(min-width: 0px) and (max-width: 480px) 480px, (min-width: 481px) and (max-width: 980px) 980px, (min-width: 981px) 1024px, 100vw\" \/><\/p>\n<h3>(3) Suvirinimas<\/h3>\n<p><img loading=\"lazy\" decoding=\"async\" class=\"alignnone wp-image-629 size-large\" src=\"https:\/\/hydraulic-cylinders.net\/wp-content\/uploads\/2023\/08\/hydraulic-cylinder-product-4-1024x510.webp\" alt=\"\" width=\"1024\" height=\"510\" srcset=\"https:\/\/hydraulic-cylinders.net\/wp-content\/uploads\/2023\/08\/hydraulic-cylinder-product-4-980x488.webp 980w, https:\/\/hydraulic-cylinders.net\/wp-content\/uploads\/2023\/08\/hydraulic-cylinder-product-4-480x239.webp 480w\" sizes=\"(min-width: 0px) and (max-width: 480px) 480px, (min-width: 481px) and (max-width: 980px) 980px, (min-width: 981px) 1024px, 100vw\" \/><\/p>\n<h3>(4) Da\u017eymas ir dengimas<\/h3>\n<p>Su ma\u017eomis ir vidutinio dyd\u017eio cilindrin\u0117mis automatin\u0117mis vandens pagrindo da\u017e\u0173 dengimo linijomis, siekiant automatinio robot\u0173 pakrovimo ir i\u0161krovimo bei automatinio pur\u0161kimo, projektinis paj\u0117gumas yra 4000 vienet\u0173 per pamain\u0105;<br \/>\nTaip pat turime pusiau automatin\u0119 dideli\u0173 cilindr\u0173 da\u017e\u0173 gamybos linij\u0105, varom\u0105 grandin\u0117s, kurios projektinis na\u0161umas yra 60 d\u0117\u017ei\u0173 per pamain\u0105.<\/p>\n<p><img loading=\"lazy\" decoding=\"async\" class=\"alignnone wp-image-630\" src=\"https:\/\/hydraulic-cylinders.net\/wp-content\/uploads\/2023\/08\/hydraulic-cylinder-product-5-300x213.webp\" alt=\"\" width=\"366\" height=\"260\" \/> <img loading=\"lazy\" decoding=\"async\" class=\"alignnone wp-image-631\" src=\"https:\/\/hydraulic-cylinders.net\/wp-content\/uploads\/2023\/08\/hydraulic-cylinder-product-6-300x225.webp\" alt=\"\" width=\"347\" height=\"260\" \/><\/p>\n<h3>(5) Testavimas<\/h3>\n<p>Turime auk\u0161\u010diausios klas\u0117s patikros patalpas ir bandym\u0173 stendus, kad u\u017etikrintume, jog baliono veikimas atitinka reikalavimus.<\/p>\n<p><img loading=\"lazy\" decoding=\"async\" class=\"alignnone wp-image-632\" src=\"https:\/\/hydraulic-cylinders.net\/wp-content\/uploads\/2023\/08\/hydraulic-cylinder-product-8-300x200.webp\" alt=\"\" width=\"389\" height=\"260\" \/><\/p>\n<p>&nbsp;<\/p>\n<p>&nbsp;<\/p>\n<p>Esame vienas geriausi\u0173 hidraulini\u0173 cilindr\u0173 gamintoj\u0173. Galime pasi\u016blyti i\u0161samius hidraulinius cilindrus. Taip pat teikiame atitinkamus <a href=\"https:\/\/hzpt.com\/agricultural-pto-gearbox\/\" target=\"_blank\" rel=\"noopener\">\u017eem\u0117s \u016bkio pavar\u0173 d\u0117\u017e\u0117s<\/a>Mes eksportuojame savo gaminius klientams visame pasaulyje ir peln\u0117me ger\u0105 reputacij\u0105 d\u0117l auk\u0161\u010diausios gamini\u0173 kokyb\u0117s ir aptarnavimo po pardavimo. Mes laukiame klient\u0173 \u0161alyje ir u\u017esienyje, norin\u010di\u0173 susisiekti su mumis der\u0117tis d\u0117l verslo, keistis informacija ir... <a href=\"https:\/\/www.hydraulic-cylinders.net\/lt\/contact-us\/\">bendradarbiauti su mumis<\/a>!<\/p>","protected":false},"excerpt":{"rendered":"<p>Small Excavator Stick Cylinder The Small Excavator Stick Cylinder is a highly reliable and robust hydraulic component designed to enhance the performance and efficiency of small excavators. This cylinder is specifically engineered to deliver exceptional power, precision, and durability in compact construction machinery. The Small Excavator Stick Cylinder is a vital hydraulic component that significantly [&hellip;]<\/p>","protected":false},"featured_media":1489,"comment_status":"open","ping_status":"closed","template":"","meta":{"_et_pb_use_builder":"","_et_pb_old_content":"","_et_gb_content_width":""},"product_brand":[],"product_cat":[1550,1503,1376],"product_tag":[1380],"class_list":{"0":"post-1487","1":"product","2":"type-product","3":"status-publish","4":"has-post-thumbnail","6":"product_cat-double-acting-hydraulic-cylinder","7":"product_cat-excavator-hydraulic-cylinders","8":"product_cat-hydraulic-cylinder","9":"product_tag-hydraulic-cylinder","11":"first","12":"instock","13":"shipping-taxable","14":"product-type-simple"},"amp_enabled":true,"_links":{"self":[{"href":"https:\/\/www.hydraulic-cylinders.net\/lt\/wp-json\/wp\/v2\/product\/1487","targetHints":{"allow":["GET"]}}],"collection":[{"href":"https:\/\/www.hydraulic-cylinders.net\/lt\/wp-json\/wp\/v2\/product"}],"about":[{"href":"https:\/\/www.hydraulic-cylinders.net\/lt\/wp-json\/wp\/v2\/types\/product"}],"replies":[{"embeddable":true,"href":"https:\/\/www.hydraulic-cylinders.net\/lt\/wp-json\/wp\/v2\/comments?post=1487"}],"wp:featuredmedia":[{"embeddable":true,"href":"https:\/\/www.hydraulic-cylinders.net\/lt\/wp-json\/wp\/v2\/media\/1489"}],"wp:attachment":[{"href":"https:\/\/www.hydraulic-cylinders.net\/lt\/wp-json\/wp\/v2\/media?parent=1487"}],"wp:term":[{"taxonomy":"product_brand","embeddable":true,"href":"https:\/\/www.hydraulic-cylinders.net\/lt\/wp-json\/wp\/v2\/product_brand?post=1487"},{"taxonomy":"product_cat","embeddable":true,"href":"https:\/\/www.hydraulic-cylinders.net\/lt\/wp-json\/wp\/v2\/product_cat?post=1487"},{"taxonomy":"product_tag","embeddable":true,"href":"https:\/\/www.hydraulic-cylinders.net\/lt\/wp-json\/wp\/v2\/product_tag?post=1487"}],"curies":[{"name":"wp","href":"https:\/\/api.w.org\/{rel}","templated":true}]}}