{"id":1495,"date":"2023-09-26T08:04:05","date_gmt":"2023-09-26T08:04:05","guid":{"rendered":"https:\/\/hydraulic-cylinders.net\/?post_type=product&#038;p=1495"},"modified":"2025-04-11T03:41:22","modified_gmt":"2025-04-11T03:41:22","slug":"small-excavator-rotary-actuator","status":"publish","type":"product","link":"https:\/\/www.hydraulic-cylinders.net\/lt\/produktas\/small-excavator-rotary-actuator\/","title":{"rendered":"Ma\u017eas ekskavatoriaus sukamasis pavaros mechanizmas"},"content":{"rendered":"<h1 style=\"text-align: center;\"><strong>Ma\u017eas ekskavatoriaus sukamasis pavaros mechanizmas<\/strong><\/h1>\n<p><img loading=\"lazy\" decoding=\"async\" class=\"aligncenter wp-image-1497\" src=\"https:\/\/hydraulic-cylinders.net\/wp-content\/uploads\/2023\/09\/rotary-actuator-1-1-300x300.webp\" alt=\"\" width=\"400\" height=\"400\" \/><\/p>\n<p>Ma\u017eo ekskavatoriaus rotacin\u0117 pavara yra galingas hidraulinis komponentas, skirtas ma\u017e\u0173 ekskavatori\u0173 universalumui ir na\u0161umui pagerinti. \u0160i pavara yra tiksliai suprojektuota taip, kad u\u017etikrint\u0173 tiksl\u0173 sukim\u0105si ir valdym\u0105, leid\u017eiant\u012f efektyviai dirbti \u012fvairiose statybos ir kasimo u\u017eduotyse.<\/p>\n<p>Ma\u017eo ekskavatoriaus rotacin\u0117 pavara yra labai svarbus hidraulinis komponentas, kuris padidina ma\u017e\u0173 ekskavatori\u0173 universalum\u0105 ir na\u0161um\u0105. D\u0117l kompakti\u0161kos konstrukcijos, tikslaus sukimosi ir valdymo, universalaus pried\u0173 suderinamumo ir sklandaus veikimo \u0161i pavara suteikia operatoriams galimyb\u0119 efektyviai atlikti \u012fvairias statybos ir kasimo u\u017eduotis. Laikydamiesi rekomenduojam\u0173 naudojimo metod\u0173 ir prie\u017ei\u016bros praktikos, operatoriai gali u\u017etikrinti optimal\u0173 ma\u017eo ekskavatoriaus rotacin\u0117s pavaros veikim\u0105 ir ilgaam\u017ei\u0161kum\u0105, o tai padidina na\u0161um\u0105 ir padeda s\u0117kmingai u\u017ebaigti projektus. Investuokite \u012f \u0161i\u0105 i\u0161skirtin\u0119 hidraulin\u0119 pavar\u0105, kad padidintum\u0117te savo ma\u017eo ekskavatoriaus galimybes ir pasiektum\u0117te geresni\u0173 rezultat\u0173 statybos ir kasimo darbuose.<\/p>\n<p>Ma\u017eos ekskavatoriaus rotacin\u0117s pavaros pagrindin\u0117s charakteristikos:<\/p>\n<ol>\n<li>Kompakti\u0161kas dizainas ir tvirta konstrukcija<\/li>\n<\/ol>\n<ul>\n<li>Ma\u017eo ekskavatoriaus rotacinis pavaros mechanizmas yra kompakti\u0161ko dizaino, tod\u0117l idealiai tinka ma\u017eiems ekskavatoriams, neprarandant galios ir na\u0161umo.<\/li>\n<li>Pagaminta i\u0161 auk\u0161tos kokyb\u0117s med\u017eiag\u0173 ir tvirtos konstrukcijos, \u0161i pavara u\u017etikrina patvarum\u0105 ir ilgaam\u017ei\u0161kum\u0105 net ir sud\u0117tingomis darbo s\u0105lygomis.<\/li>\n<\/ul>\n<ol start=\"2\">\n<li>Tikslus sukimasis ir valdymas<\/li>\n<\/ol>\n<ul>\n<li>\u0160i pavara u\u017etikrina tiksl\u0173 sukim\u0105si ir valdym\u0105, leisdama operatoriams lengvai pozicionuoti ir valdyti priedus, tokius kaip kau\u0161ai, gr\u0105\u017etai ir griebtuvai.<\/li>\n<li>Tai leid\u017eia tiksliai ir efektyviai dirbti, didinant produktyvum\u0105 ir sutrumpinant kasimo darbams reikaling\u0105 laik\u0105.<\/li>\n<\/ul>\n<ol start=\"3\">\n<li>Universalus pried\u0173 suderinamumas<\/li>\n<\/ol>\n<ul>\n<li>Ma\u017eo ekskavatoriaus sukamoji pavara suderinama su \u012fvairiais priedais, tod\u0117l tinka \u012fvairiems tikslams.<\/li>\n<li>J\u012f galima naudoti su kau\u0161ais kasimui, griebtuvais med\u017eiag\u0173 tvarkymui ir gr\u0119\u017eimo sraigtais, tod\u0117l jis yra universalus ir lankstus darbo vietoje.<\/li>\n<\/ul>\n<ol start=\"4\">\n<li>Sklandus ir efektyvus veikimas<\/li>\n<\/ol>\n<ul>\n<li>\u0160i pavara, apr\u016bpinta pa\u017eangiomis hidraulin\u0117mis technologijomis, u\u017etikrina skland\u0173 ir efektyv\u0173 veikim\u0105.<\/li>\n<li>Jis pasi\u017eymi puikiu reagavimu, leisdamas operatoriams lengvai ir kontroliuojamai atlikti tikslius judesius.<\/li>\n<\/ul>\n<h2><strong>Ma\u017eo ekskavatoriaus sukamojo pavaros parametras:<\/strong><\/h2>\n<table border=\"1\" cellspacing=\"0\" cellpadding=\"0\">\n<tbody>\n<tr>\n<td>Produkto pavadinimas<\/td>\n<td>Ma\u017eas ekskavatoriaus lazdel\u0117s cilindras<\/td>\n<\/tr>\n<tr>\n<td>Savyb\u0117s:<\/td>\n<td>Valdykite dilbio judesius<\/td>\n<\/tr>\n<tr>\n<td>Skyl\u0117s skersmuo:<\/td>\n<td>50 mm ~ 115 mm<\/td>\n<\/tr>\n<tr>\n<td>Strypo skersmuo:<\/td>\n<td>25 mm ~ 70 mm<br \/>\nEiga \u22641000 mm<\/td>\n<\/tr>\n<tr>\n<td>Traukos j\u0117ga:<\/td>\n<td>Maksimali galia 305 kN<\/td>\n<\/tr>\n<tr>\n<td>Skyl\u0117s skersmuo:<\/td>\n<td>115 mm \/ sl\u0117gis 29,4 MPa)<\/td>\n<\/tr>\n<\/tbody>\n<\/table>\n<h2><strong>Ma\u017eo ekskavatoriaus sukamojo pavaros identifikavimo schema:<\/strong><\/h2>\n<p><img loading=\"lazy\" decoding=\"async\" class=\"alignnone wp-image-1490 size-full\" src=\"https:\/\/hydraulic-cylinders.net\/wp-content\/uploads\/2023\/09\/stick-cylinder-construction.webp\" alt=\"\" width=\"1481\" height=\"988\" srcset=\"https:\/\/hydraulic-cylinders.net\/wp-content\/uploads\/2023\/09\/stick-cylinder-construction.webp 1481w, https:\/\/hydraulic-cylinders.net\/wp-content\/uploads\/2023\/09\/stick-cylinder-construction-1280x854.webp 1280w, https:\/\/hydraulic-cylinders.net\/wp-content\/uploads\/2023\/09\/stick-cylinder-construction-980x654.webp 980w, https:\/\/hydraulic-cylinders.net\/wp-content\/uploads\/2023\/09\/stick-cylinder-construction-480x320.webp 480w\" sizes=\"(min-width: 0px) and (max-width: 480px) 480px, (min-width: 481px) and (max-width: 980px) 980px, (min-width: 981px) and (max-width: 1280px) 1280px, (min-width: 1281px) 1481px, 100vw\" \/><\/p>\n<h2><strong>Ma\u017eo ekskavatoriaus sukamojo pavaros naudojimo b\u016bdas:<\/strong><\/h2>\n<ol>\n<li>Diegimas ir integravimas<\/li>\n<\/ol>\n<ul>\n<li>Prad\u0117kite nuo gamintojo instrukcij\u0173, kaip tinkamai sumontuoti ma\u017eo ekskavatoriaus sukam\u0105j\u012f pavaros mechanizm\u0105.<\/li>\n<li>U\u017etikrinkite suderinamum\u0105 ir tvirtai pritvirtinkite pavar\u0105 prie ekskavatoriaus tvirtinimo ta\u0161ko.<\/li>\n<li>Laikykit\u0117s rekomenduojam\u0173 sukimo moment\u0173 specifikacij\u0173 ir naudokite tinkamas tvirtinimo detales, kad jungtis b\u016bt\u0173 saugi ir patikima.<\/li>\n<\/ul>\n<ol start=\"2\">\n<li>Veiklos aspektai<\/li>\n<\/ol>\n<ul>\n<li>Susipa\u017einkite su ma\u017eo ekskavatoriaus valdikliais ir veikimu, \u012fskaitant sukam\u0105j\u012f pavaros mechanizm\u0105.<\/li>\n<li>Prie\u0161 prad\u0117dami realias u\u017eduotis, praktikuokite ekskavatoriaus ir pavaros valdym\u0105 kontroliuojamoje aplinkoje.<\/li>\n<li>Laikykit\u0117s saugos nurodym\u0173 ir dirbkite nevir\u0161ydami ekskavatoriaus keliamosios galios rib\u0173, kad i\u0161vengtum\u0117te nelaiming\u0173 atsitikim\u0173 ir \u012frangos pa\u017eeidim\u0173.<\/li>\n<\/ul>\n<ol start=\"3\">\n<li>Pried\u0173 naudojimas ir valdymas<\/li>\n<\/ol>\n<ul>\n<li>Pritvirtinkite norim\u0105 \u012frank\u012f arba pried\u0105 prie ma\u017eo ekskavatoriaus sukamojo pavaros mechanizmo, pvz., kau\u0161\u0105, griebtuv\u0105 arba gr\u0105\u017et\u0105.<\/li>\n<li>Pasinaudokite tiksliu pavaros valdymu, kad nustatytum\u0117te ir valdytum\u0117te pried\u0105 pagal atliekamos u\u017eduoties poreikius.<\/li>\n<li>Sukimosi greit\u012f ir krypt\u012f reguliuokite pagal konkre\u010dius kasimo ar statybos projekto reikalavimus.<\/li>\n<\/ul>\n<h2><strong>Kokio dyd\u017eio cilindras ekskavatoriaus nyk\u0161\u010diui?<\/strong><\/h2>\n<p>Ekskavatoriaus nyk\u0161\u010dio cilindro dydis gali skirtis priklausomai nuo konkre\u010di\u0173 ekskavatoriaus reikalavim\u0173 ir numatyto nyk\u0161\u010dio tvirtinimo \u012ftaiso naudojimo. Tinkamas cilindro dydis paprastai nustatomas atsi\u017evelgiant \u012f tokius veiksnius kaip ekskavatoriaus darbinis svoris, pageidaujama nyk\u0161\u010dio keliamoji galia ir suderinamumas su ekskavatoriaus hidrauline sistema.<\/p>\n<p>Norint nustatyti tinkam\u0105 ekskavatoriaus nyk\u0161\u010dio cilindro dyd\u012f, rekomenduojama pasikonsultuoti su nyk\u0161\u010dio tvirtinimo detal\u0117s gamintoju arba tiek\u0117ju. Jie gali pateikti rekomendacij\u0173, atsi\u017evelgdami \u012f ekskavatoriaus specifikacijas ir numatyt\u0105 nyk\u0161\u010dio paskirt\u012f.<\/p>\n<p>Verta pamin\u0117ti, kad ekskavatoriaus nyk\u0161\u010diai b\u016bna \u012fvairi\u0173 dyd\u017ei\u0173 ir konfig\u016bracij\u0173, kad tikt\u0173 skirtingiems ekskavatori\u0173 modeliams ir dyd\u017eiams. Nyk\u0161\u010dio tvirtinimo element\u0105 paprastai sudaro centrin\u0117 konstrukcija arba r\u0117mas, tvirtinamas prie ekskavatoriaus str\u0117l\u0117s, ir hidraulinis cilindras, kuris atlieka sugriebimo arba prispaudimo funkcij\u0105. Cilindro dydis tur\u0117t\u0173 b\u016bti parinktas taip, kad b\u016bt\u0173 u\u017etikrintas suderinamumas su nyk\u0161\u010dio tvirtinimo elementu ir kad b\u016bt\u0173 u\u017etikrinta reikiama sugriebimo j\u0117ga numatytoms u\u017eduotims atlikti.<\/p>\n<p>Renkantis ekskavatoriaus nyk\u0161\u010dio cilindro dyd\u012f, labai svarbu rasti pusiausvyr\u0105 tarp pakankamos keliamosios galios ir u\u017etikrinimo, kad ekskavatoriaus hidraulin\u0117 sistema gal\u0117t\u0173 tinkamai palaikyti nyk\u0161\u010dio veikim\u0105. Per didelis cilindro dydis gali pernelyg apkrauti ekskavatoriaus hidraulin\u0119 sistem\u0105, o nepakankamas dydis gali lemti ribot\u0105 keliam\u0105j\u0105 gali\u0105 ir suma\u017e\u0117jus\u012f na\u0161um\u0105.<\/p>\n<p>Apibendrinant, ekskavatoriaus nyk\u0161\u010dio cilindro dydis tur\u0117t\u0173 b\u016bti nustatomas atsi\u017evelgiant \u012f tokius veiksnius kaip ekskavatoriaus darbinis svoris, pageidaujama keliamoji galia ir suderinamumas su nyk\u0161\u010dio priedu bei hidrauline sistema. Rekomenduojama pasikonsultuoti su nyk\u0161\u010dio priedo gamintoju arba tiek\u0117ju, kad b\u016bt\u0173 u\u017etikrintas tinkamas dydis ir optimalus veikimas.<\/p>\n<h2><strong>Gamyklos paj\u0117gumai ir talpa:<\/strong><\/h2>\n<h3>(1) Surinkimas<\/h3>\n<p>Turime pirmos klas\u0117s nepriklausom\u0105 tyrim\u0173 ir pl\u0117tros surinkimo platform\u0105. Hidraulini\u0173 cilindr\u0173 gamybos ceche yra keturios pusiau automatin\u0117s k\u0117limo cilindr\u0173 surinkimo linijos ir viena automatin\u0117 pakreipimo cilindr\u0173 surinkimo linija, kuri\u0173 projektinis metinis gamybos paj\u0117gumas yra 1 milijonas vienet\u0173. Speciali\u0173j\u0173 cilindr\u0173 ceche \u012frengta \u012fvairi\u0173 specifikacij\u0173 pusiau automatin\u0117 valymo surinkimo sistema, kurios projektinis metinis gamybos paj\u0117gumas yra 200 000 vienet\u0173, ir garsi CNC apdirbimo \u012franga, apdirbimo centras, didelio tikslumo cilindr\u0173 apdirbimo speciali \u012franga, robotinis suvirinimo aparatas, automatinis valymo aparatas, automatinis cilindr\u0173 surinkimo aparatas ir automatin\u0117 da\u017eymo gamybos linija. Esama daugiau nei 300 rinkini\u0173 (komplekt\u0173) kritin\u0117 \u012franga. Optimalus \u012frangos i\u0161tekli\u0173 paskirstymas ir efektyvus naudojimas u\u017etikrina gamini\u0173 tikslumo reikalavimus ir auk\u0161tus gamini\u0173 kokyb\u0117s poreikius.<\/p>\n<p><img loading=\"lazy\" decoding=\"async\" class=\"alignnone wp-image-626\" src=\"https:\/\/hydraulic-cylinders.net\/wp-content\/uploads\/2023\/08\/hydraulic-cylinder-product-1-300x158.webp\" alt=\"\" width=\"495\" height=\"260\" srcset=\"https:\/\/hydraulic-cylinders.net\/wp-content\/uploads\/2023\/08\/hydraulic-cylinder-product-1-300x158.webp 495w, https:\/\/hydraulic-cylinders.net\/wp-content\/uploads\/2023\/08\/hydraulic-cylinder-product-1-480x252.webp 480w\" sizes=\"(min-width: 0px) and (max-width: 480px) 480px, (min-width: 481px) 495px, 100vw\" \/> <img loading=\"lazy\" decoding=\"async\" class=\"alignnone wp-image-627\" src=\"https:\/\/hydraulic-cylinders.net\/wp-content\/uploads\/2023\/08\/hydraulic-cylinder-product-2-300x189.webp\" alt=\"\" width=\"413\" height=\"260\" \/><\/p>\n<h3>(2) Apdirbimas<\/h3>\n<p>Mechaninio apdirbimo ceche \u012frengtas pritaikytas nuo\u017eulnaus b\u0117gio tekinimo centras, apdirbimo centras, greitaeigis galandimo stakl\u0117s, suvirinimo robotas ir kita susijusi \u012franga, galinti apdirbti cilindrinius vamzd\u017eius, kuri\u0173 maksimalus vidinis skersmuo yra 400 mm, o maksimalus ilgis \u2013 6 metrai.<\/p>\n<p><img loading=\"lazy\" decoding=\"async\" class=\"alignnone wp-image-628 size-large\" src=\"https:\/\/hydraulic-cylinders.net\/wp-content\/uploads\/2023\/08\/hydraulic-cylinder-product-3-1024x391.webp\" alt=\"\" width=\"1024\" height=\"391\" srcset=\"https:\/\/hydraulic-cylinders.net\/wp-content\/uploads\/2023\/08\/hydraulic-cylinder-product-3-980x374.webp 980w, https:\/\/hydraulic-cylinders.net\/wp-content\/uploads\/2023\/08\/hydraulic-cylinder-product-3-480x183.webp 480w\" sizes=\"(min-width: 0px) and (max-width: 480px) 480px, (min-width: 481px) and (max-width: 980px) 980px, (min-width: 981px) 1024px, 100vw\" \/><\/p>\n<h3>(3) Suvirinimas<\/h3>\n<p><img loading=\"lazy\" decoding=\"async\" class=\"alignnone wp-image-629 size-large\" src=\"https:\/\/hydraulic-cylinders.net\/wp-content\/uploads\/2023\/08\/hydraulic-cylinder-product-4-1024x510.webp\" alt=\"\" width=\"1024\" height=\"510\" srcset=\"https:\/\/hydraulic-cylinders.net\/wp-content\/uploads\/2023\/08\/hydraulic-cylinder-product-4-980x488.webp 980w, https:\/\/hydraulic-cylinders.net\/wp-content\/uploads\/2023\/08\/hydraulic-cylinder-product-4-480x239.webp 480w\" sizes=\"(min-width: 0px) and (max-width: 480px) 480px, (min-width: 481px) and (max-width: 980px) 980px, (min-width: 981px) 1024px, 100vw\" \/><\/p>\n<h3>(4) Da\u017eymas ir dengimas<\/h3>\n<p>Su ma\u017eomis ir vidutinio dyd\u017eio cilindrin\u0117mis automatin\u0117mis vandens pagrindo da\u017e\u0173 dengimo linijomis, siekiant automatinio robot\u0173 pakrovimo ir i\u0161krovimo bei automatinio pur\u0161kimo, projektinis paj\u0117gumas yra 4000 vienet\u0173 per pamain\u0105;<br \/>\nTaip pat turime pusiau automatin\u0119 dideli\u0173 cilindr\u0173 da\u017e\u0173 gamybos linij\u0105, varom\u0105 grandin\u0117s, kurios projektinis na\u0161umas yra 60 d\u0117\u017ei\u0173 per pamain\u0105.<\/p>\n<p><img loading=\"lazy\" decoding=\"async\" class=\"alignnone wp-image-630\" src=\"https:\/\/hydraulic-cylinders.net\/wp-content\/uploads\/2023\/08\/hydraulic-cylinder-product-5-300x213.webp\" alt=\"\" width=\"366\" height=\"260\" \/> <img loading=\"lazy\" decoding=\"async\" class=\"alignnone wp-image-631\" src=\"https:\/\/hydraulic-cylinders.net\/wp-content\/uploads\/2023\/08\/hydraulic-cylinder-product-6-300x225.webp\" alt=\"\" width=\"347\" height=\"260\" \/><\/p>\n<h3>(5) Testavimas<\/h3>\n<p>Turime auk\u0161\u010diausios klas\u0117s patikros patalpas ir bandym\u0173 stendus, kad u\u017etikrintume, jog baliono veikimas atitinka reikalavimus.<\/p>\n<p><img loading=\"lazy\" decoding=\"async\" class=\"alignnone wp-image-632\" src=\"https:\/\/hydraulic-cylinders.net\/wp-content\/uploads\/2023\/08\/hydraulic-cylinder-product-8-300x200.webp\" alt=\"\" width=\"389\" height=\"260\" \/><\/p>\n<p>&nbsp;<\/p>\n<p>&nbsp;<\/p>\n<p>Esame vienas geriausi\u0173 hidraulini\u0173 cilindr\u0173 gamintoj\u0173. Galime pasi\u016blyti i\u0161samius hidraulinius cilindrus. Taip pat teikiame atitinkamus <a href=\"https:\/\/hzpt.com\/agricultural-pto-gearbox\/\" target=\"_blank\" rel=\"noopener\">\u017eem\u0117s \u016bkio pavar\u0173 d\u0117\u017e\u0117s<\/a>Mes eksportuojame savo gaminius klientams visame pasaulyje ir peln\u0117me ger\u0105 reputacij\u0105 d\u0117l auk\u0161\u010diausios gamini\u0173 kokyb\u0117s ir aptarnavimo po pardavimo. Mes laukiame klient\u0173 \u0161alyje ir u\u017esienyje, norin\u010di\u0173 susisiekti su mumis der\u0117tis d\u0117l verslo, keistis informacija ir... <a href=\"https:\/\/www.hydraulic-cylinders.net\/lt\/contact-us\/\">bendradarbiauti su mumis<\/a>!<\/p>","protected":false},"excerpt":{"rendered":"<p>Small Excavator Rotary Actuator The small excavator rotary actuator is a powerful hydraulic component designed to enhance the versatility and performance of small excavators. This actuator is precisely engineered to provide precise rotation and control, enabling efficient operation in various construction and excavation tasks. The small excavator rotary actuator is a crucial hydraulic component that [&hellip;]<\/p>","protected":false},"featured_media":1496,"comment_status":"open","ping_status":"closed","template":"","meta":{"_et_pb_use_builder":"","_et_pb_old_content":"","_et_gb_content_width":""},"product_brand":[],"product_cat":[1550,1503,1376],"product_tag":[1380],"class_list":{"0":"post-1495","1":"product","2":"type-product","3":"status-publish","4":"has-post-thumbnail","6":"product_cat-double-acting-hydraulic-cylinder","7":"product_cat-excavator-hydraulic-cylinders","8":"product_cat-hydraulic-cylinder","9":"product_tag-hydraulic-cylinder","11":"first","12":"instock","13":"shipping-taxable","14":"product-type-simple"},"amp_enabled":true,"_links":{"self":[{"href":"https:\/\/www.hydraulic-cylinders.net\/lt\/wp-json\/wp\/v2\/product\/1495","targetHints":{"allow":["GET"]}}],"collection":[{"href":"https:\/\/www.hydraulic-cylinders.net\/lt\/wp-json\/wp\/v2\/product"}],"about":[{"href":"https:\/\/www.hydraulic-cylinders.net\/lt\/wp-json\/wp\/v2\/types\/product"}],"replies":[{"embeddable":true,"href":"https:\/\/www.hydraulic-cylinders.net\/lt\/wp-json\/wp\/v2\/comments?post=1495"}],"wp:featuredmedia":[{"embeddable":true,"href":"https:\/\/www.hydraulic-cylinders.net\/lt\/wp-json\/wp\/v2\/media\/1496"}],"wp:attachment":[{"href":"https:\/\/www.hydraulic-cylinders.net\/lt\/wp-json\/wp\/v2\/media?parent=1495"}],"wp:term":[{"taxonomy":"product_brand","embeddable":true,"href":"https:\/\/www.hydraulic-cylinders.net\/lt\/wp-json\/wp\/v2\/product_brand?post=1495"},{"taxonomy":"product_cat","embeddable":true,"href":"https:\/\/www.hydraulic-cylinders.net\/lt\/wp-json\/wp\/v2\/product_cat?post=1495"},{"taxonomy":"product_tag","embeddable":true,"href":"https:\/\/www.hydraulic-cylinders.net\/lt\/wp-json\/wp\/v2\/product_tag?post=1495"}],"curies":[{"name":"wp","href":"https:\/\/api.w.org\/{rel}","templated":true}]}}