{"id":1498,"date":"2023-09-27T06:51:49","date_gmt":"2023-09-27T06:51:49","guid":{"rendered":"https:\/\/hydraulic-cylinders.net\/?post_type=product&#038;p=1498"},"modified":"2025-04-11T03:41:19","modified_gmt":"2025-04-11T03:41:19","slug":"large-excavator-bucket-cylinder","status":"publish","type":"product","link":"https:\/\/www.hydraulic-cylinders.net\/lt\/produktas\/large-excavator-bucket-cylinder\/","title":{"rendered":"Didelis ekskavatoriaus kau\u0161o cilindras"},"content":{"rendered":"<h1 style=\"text-align: center;\"><strong>Didelis ekskavatoriaus kau\u0161o cilindras<\/strong><\/h1>\n<p><img loading=\"lazy\" decoding=\"async\" class=\"wp-image-1499 aligncenter\" src=\"https:\/\/hydraulic-cylinders.net\/wp-content\/uploads\/2023\/09\/bucket-cylinder-1-2-300x300.webp\" alt=\"\" width=\"400\" height=\"400\" \/><\/p>\n<p>Didelis ekskavatoriaus kau\u0161o cilindras yra tvirtas hidraulinis komponentas, skirtas maksimaliai padidinti dideli\u0173 ekskavatori\u0173 \u017eem\u0117s kasimo galimybes. \u0160is cilindras yra tiksliai suprojektuotas taip, kad u\u017etikrint\u0173 i\u0161skirtin\u0119 gali\u0105, ilgaam\u017ei\u0161kum\u0105 ir tikslum\u0105 atliekant sunkias statybos ir kasimo u\u017eduotis.<\/p>\n<p>Didelis ekskavatoriaus kau\u0161o cilindras yra tvirtas ir patikimas hidraulinis komponentas, kuris pagerina dideli\u0173 ekskavatori\u0173 \u017eem\u0117s darb\u0173 galimybes. D\u0117l didel\u0117s galios ir stiprumo, tikslaus valdymo ir manevringumo, taip pat patvarumo ir suderinamumo \u0161is cilindras leid\u017eia operatoriams lengvai atlikti sunkias statybos ir kasimo u\u017eduotis. Laikydamiesi rekomenduojam\u0173 naudojimo metod\u0173 ir prie\u017ei\u016bros praktikos, operatoriai gali u\u017etikrinti optimal\u0173 didelio ekskavatoriaus kau\u0161o cilindro na\u0161um\u0105 ir ilgaam\u017ei\u0161kum\u0105, o tai padidina na\u0161um\u0105 ir s\u0117kmingai u\u017ebaigia didelio masto \u017eem\u0117s darb\u0173 projektus. Investuokite \u012f \u0161\u012f i\u0161skirtin\u012f hidraulin\u012f cilindr\u0105, kad i\u0161naudotum\u0117te vis\u0105 savo didelio ekskavatoriaus potencial\u0105 ir pasiektum\u0117te puiki\u0173 rezultat\u0173 \u017eem\u0117s darb\u0173 metu.<\/p>\n<p>Didel\u0117s ekskavatoriaus kau\u0161o cilindro pagrindin\u0117s charakteristikos:<\/p>\n<ol>\n<li>Didel\u0117 galia ir stiprumas<\/li>\n<\/ol>\n<ul>\n<li>Didelis ekskavatoriaus kau\u0161o cilindras skirtas sunkiems kroviniams atlaikyti ir sud\u0117tingoms \u017eem\u0117s kasimo u\u017eduotims.<\/li>\n<li>D\u0117l didel\u0117s galios jis u\u017etikrina didel\u0119 j\u0117g\u0105, leid\u017eian\u010di\u0105 efektyviai atlikti kasimo darbus ir tvarkyti med\u017eiagas.<\/li>\n<\/ul>\n<ol start=\"2\">\n<li>Tikslus valdymas ir manevringumas<\/li>\n<\/ol>\n<ul>\n<li>\u0160is cilindras u\u017etikrina tiksl\u0173 ekskavatoriaus kau\u0161o valdym\u0105, leisdamas operatoriams tiksliai pozicionuoti ir valdyti med\u017eiagas.<\/li>\n<li>Tai u\u017etikrina skland\u0173 ir jautr\u0173 jud\u0117jim\u0105, padidindama manevringum\u0105 ir na\u0161um\u0105 darbo vietoje.<\/li>\n<\/ul>\n<ol start=\"3\">\n<li>Patvarumas ir ilgaam\u017ei\u0161kumas<\/li>\n<\/ol>\n<ul>\n<li>Didelis ekskavatoriaus kau\u0161o cilindras pagamintas i\u0161 auk\u0161tos kokyb\u0117s med\u017eiag\u0173 ir pa\u017eangios in\u017einerijos, u\u017etikrinant ilgalaik\u012f patvarum\u0105.<\/li>\n<li>Jis sukurtas taip, kad atlaikyt\u0173 at\u0161iaurias darbo s\u0105lygas, suma\u017eint\u0173 prastovas ir prie\u017ei\u016bros i\u0161laidas.<\/li>\n<\/ul>\n<ol start=\"4\">\n<li>Suderinamumas ir universalumas<\/li>\n<\/ol>\n<ul>\n<li>Cilindras suderinamas su daugeliu dideli\u0173 ekskavatori\u0173 modeli\u0173, tod\u0117l j\u012f galima naudoti \u012fvairiuose statybos projektuose.<\/li>\n<li>J\u012f galima lengvai integruoti \u012f esamas ekskavatori\u0173 sistemas, tod\u0117l tai prakti\u0161kas pasirinkimas rangovams ir operatoriams.<\/li>\n<\/ul>\n<h2><strong>Didelio ekskavatoriaus kau\u0161o cilindro parametras:<\/strong><\/h2>\n<table border=\"1\" cellspacing=\"0\" cellpadding=\"0\">\n<tbody>\n<tr>\n<td>Produkto pavadinimas<\/td>\n<td>Didelis ekskavatoriaus kau\u0161o cilindras<\/td>\n<\/tr>\n<tr>\n<td>Savyb\u0117s:<\/td>\n<td>Valdykite kibiro jud\u0117jim\u0105<\/td>\n<\/tr>\n<tr>\n<td>Skyl\u0117s skersmuo:<\/td>\n<td>200 mm\uff5e360 mm<\/td>\n<\/tr>\n<tr>\n<td>Strypo skersmuo:<\/td>\n<td>140 mm\uff5e260 mm<br \/>\nEiga \u22642500 mm<\/td>\n<\/tr>\n<tr>\n<td>Traukos j\u0117ga:<\/td>\n<td>Maksimali 3560,8 kN<\/td>\n<\/tr>\n<tr>\n<td>Skyl\u0117s skersmuo:<\/td>\n<td>420 mm \/ sl\u0117gis 35 MPa<\/td>\n<\/tr>\n<\/tbody>\n<\/table>\n<h2><strong>Didelio ekskavatoriaus kau\u0161o cilindro identifikavimo schema:<\/strong><\/h2>\n<p><img loading=\"lazy\" decoding=\"async\" class=\"alignnone wp-image-1500 size-full\" src=\"https:\/\/hydraulic-cylinders.net\/wp-content\/uploads\/2023\/09\/bucket-cylinder-2.webp\" alt=\"\" width=\"1418\" height=\"946\" srcset=\"https:\/\/hydraulic-cylinders.net\/wp-content\/uploads\/2023\/09\/bucket-cylinder-2.webp 1418w, https:\/\/hydraulic-cylinders.net\/wp-content\/uploads\/2023\/09\/bucket-cylinder-2-1280x854.webp 1280w, https:\/\/hydraulic-cylinders.net\/wp-content\/uploads\/2023\/09\/bucket-cylinder-2-980x654.webp 980w, https:\/\/hydraulic-cylinders.net\/wp-content\/uploads\/2023\/09\/bucket-cylinder-2-480x320.webp 480w\" sizes=\"(min-width: 0px) and (max-width: 480px) 480px, (min-width: 481px) and (max-width: 980px) 980px, (min-width: 981px) and (max-width: 1280px) 1280px, (min-width: 1281px) 1418px, 100vw\" \/><\/p>\n<h2><strong>Didelio ekskavatoriaus kau\u0161o cilindro naudojimo b\u016bdas:<\/strong><\/h2>\n<ol>\n<li>Diegimas ir konfig\u016bravimas<\/li>\n<\/ol>\n<ul>\n<li>Nor\u0117dami tinkamai sumontuoti didel\u012f ekskavatoriaus kau\u0161o cilindr\u0105, \u017er. gamintojo instrukcijas.<\/li>\n<li>U\u017etikrinkite suderinamum\u0105 ir tvirtai pritvirtinkite cilindr\u0105 prie ekskavatoriaus kau\u0161o mazgo.<\/li>\n<li>Laikykit\u0117s rekomenduojam\u0173 sukimo moment\u0173 specifikacij\u0173 ir naudokite tinkamas tvirtinimo detales, kad jungtis b\u016bt\u0173 saugi ir patikima.<\/li>\n<\/ul>\n<ol start=\"2\">\n<li>Veiklos aspektai<\/li>\n<\/ol>\n<ul>\n<li>Susipa\u017einkite su didelio ekskavatoriaus valdikliais ir veikimu, \u012fskaitant kau\u0161o cilindr\u0105.<\/li>\n<li>Prie\u0161 prad\u0117dami realius \u017eem\u0117s kasimo darbus, pasipraktikuokite valdyti ekskavatori\u0173 ir cilindr\u0105 kontroliuojamoje aplinkoje.<\/li>\n<li>Laikykit\u0117s saugos nurodym\u0173 ir dirbkite nevir\u0161ydami ekskavatoriaus keliamosios galios rib\u0173, kad i\u0161vengtum\u0117te nelaiming\u0173 atsitikim\u0173 ir \u012frangos pa\u017eeidim\u0173.<\/li>\n<\/ul>\n<ol start=\"3\">\n<li>\u017dem\u0117s darb\u0173 na\u0161umo optimizavimas<\/li>\n<\/ol>\n<ul>\n<li>Pasinaudokite didelio ekskavatoriaus kau\u0161o cilindro tiksliu valdymu, kad optimizuotum\u0117te \u017eem\u0117s kasimo na\u0161um\u0105.<\/li>\n<li>Kasimo metu palaikykite pastov\u0173 ir kontroliuojam\u0105 greit\u012f, kad cilindras gal\u0117t\u0173 veikti pastovi\u0105 j\u0117g\u0105.<\/li>\n<li>Kau\u0161o kamp\u0105 ir auk\u0161t\u012f reguliuokite pagal konkre\u010dius kasimo reikalavimus, u\u017etikrindami efektyv\u0173 med\u017eiag\u0173 tvarkym\u0105.<\/li>\n<\/ul>\n<h2><strong>Kaip nuimti hidraulin\u012f cilindr\u0105 nuo ekskavatoriaus?<\/strong><\/h2>\n<p>Hidraulinio cilindro nu\u0117mimas i\u0161 ekskavatoriaus reikalauja kruop\u0161taus d\u0117mesio ir tinkam\u0173 proced\u016br\u0173 laikymosi, kad b\u016bt\u0173 u\u017etikrintas saugumas ir i\u0161vengta \u012frangos pa\u017eeidimo. \u0160tai bendrieji \u017eingsniai, pad\u0117siantys jums atlikti \u0161\u012f proces\u0105:<\/p>\n<ol>\n<li><strong>Paruo\u0161imas:<\/strong><\/li>\n<\/ol>\n<ul>\n<li>\u012esitikinkite, kad ekskavatorius yra i\u0161jungtas ir pastatytas ant lygaus pavir\u0161iaus.<\/li>\n<li>\u012ejunkite apsaugin\u012f u\u017erakt\u0105 ir u\u017efiksuokite str\u0117l\u0119 bei svirt\u012f stabilioje pad\u0117tyje.<\/li>\n<li>D\u0117v\u0117kite tinkamas asmenines apsaugos priemones, tokias kaip pir\u0161tin\u0117s ir apsauginiai akiniai.<\/li>\n<\/ul>\n<ol start=\"2\">\n<li><strong>Cilindro atpa\u017einimas:<\/strong><\/li>\n<\/ol>\n<ul>\n<li>Raskite hidraulin\u012f cilindr\u0105, kur\u012f norite nuimti. Jis gali b\u016bti pritvirtintas prie str\u0117l\u0117s, svirties ar kit\u0173 ekskavatoriaus komponent\u0173.<\/li>\n<\/ul>\n<ol start=\"3\">\n<li><strong>Hidraulinio sl\u0117gio suma\u017einimas:<\/strong><\/li>\n<\/ol>\n<ul>\n<li>Prie\u0161 atjungiant bet kokias hidraulines linijas ar jungiam\u0105sias detales, labai svarbu i\u0161leisti sl\u0117g\u012f sistemoje, kad b\u016bt\u0173 i\u0161vengta staigi\u0173 judesi\u0173 ar skys\u010dio pursl\u0173.<\/li>\n<li>Prad\u0117kite nuo savo ekskavatoriaus modelio sl\u0117gio ma\u017einimo vo\u017etuvo arba sl\u0117gio i\u0161leidimo proced\u016bros suradimo.<\/li>\n<li>Tinkamai i\u0161leiskite sl\u0117g\u012f i\u0161 hidraulin\u0117s sistemos laikydamiesi gamintojo nurodym\u0173.<\/li>\n<\/ul>\n<ol start=\"4\">\n<li><strong>Atjunkite hidraulines linijas:<\/strong><\/li>\n<\/ol>\n<ul>\n<li>Nustatykite prie cilindro prijungtas hidraulines linijas. \u0160ios linijos tiekia hidraulin\u012f skyst\u012f \u012f cilindr\u0105 ir i\u0161 jo.<\/li>\n<li>Nor\u0117dami atlaisvinti ir atjungti hidraulines linijas nuo cilindro, naudokite tinkamus ver\u017eliarak\u010dius arba jungiam\u0105sias detales.<\/li>\n<li>Po atjungtomis linijomis pad\u0117kite talpykl\u0105 arba sugerian\u010di\u0105 med\u017eiag\u0105, kad surinktum\u0117te likus\u012f hidraulin\u012f skyst\u012f.<\/li>\n<\/ul>\n<ol start=\"5\">\n<li><strong>Tvirtinimo detali\u0173 nu\u0117mimas:<\/strong><\/li>\n<\/ol>\n<ul>\n<li>Raskite cilindro tvirtinimo ta\u0161kus. Tai gali b\u016bti var\u017etai arba kai\u0161\u010diai, tvirtinantys cilindr\u0105 prie ekskavatoriaus konstrukcijos.<\/li>\n<li>Priklausomai nuo konkretaus dizaino, tvirtinimo detal\u0117ms nuimti naudokite tinkamus \u012frankius.<\/li>\n<li>I\u0161imant cilindr\u0105, u\u017etikrinkite tinkam\u0105 jo atram\u0105, kad jis nenukrist\u0173 ir nepa\u017eeist\u0173 jo dali\u0173.<\/li>\n<\/ul>\n<ol start=\"6\">\n<li><strong>Cilindro nu\u0117mimas:<\/strong><\/li>\n<\/ol>\n<ul>\n<li>Atsargiai i\u0161stumkite arba pajudinkite cilindr\u0105 i\u0161 jo tvirtinimo pad\u0117ties. Jei jis tvirtai pritvirtintas, gali tekti \u0161velniai j\u012f pastuksenti guminiu plaktuku arba naudoti hidraulin\u012f cilindro traukikl\u012f.<\/li>\n<li>\u012esitikinkite, kad jokie kiti komponentai ar konstrukcijos netrukdo cilindro i\u0161\u0117mimui.<\/li>\n<\/ul>\n<ol start=\"7\">\n<li><strong>Ap\u017ei\u016bra ir prie\u017ei\u016bra:<\/strong><\/li>\n<\/ol>\n<ul>\n<li>Nu\u0117mus cilindr\u0105, patikrinkite, ar n\u0117ra pa\u017eeidim\u0173, nuot\u0117ki\u0173 ar susid\u0117v\u0117jimo po\u017eymi\u0173.<\/li>\n<li>I\u0161valykite cilindr\u0105 ir patikrinkite, ar ant \u0161vaistiklio, sandarikli\u0173 ir kit\u0173 komponent\u0173 n\u0117ra korozijos, \u012fbr\u0117\u017eim\u0173 ar per didelio susid\u0117v\u0117jimo po\u017eymi\u0173.<\/li>\n<li>Prie\u0161 v\u0117l \u012fmontuodami cilindr\u0105, atlikite visus b\u016btinus technin\u0117s prie\u017ei\u016bros ar remonto darbus.<\/li>\n<\/ul>\n<ol start=\"8\">\n<li><strong>Pakartotinis \u012fdiegimas arba pakeitimas:<\/strong><\/li>\n<\/ol>\n<ul>\n<li>Nor\u0117dami v\u0117l sumontuoti hidraulin\u012f cilindr\u0105, atlikite atvirk\u0161tinius i\u0161\u0117mimo proceso veiksmus, u\u017etikrindami tinkam\u0105 sulygiavim\u0105 ir sukimo momento specifikacijas.<\/li>\n<li>Jei cilindras kei\u010diamas, nauj\u0105 cilindr\u0105 atsargiai sumontuokite pagal gamintojo instrukcijas ir rekomendacijas.<\/li>\n<\/ul>\n<h2><strong>Gamyklos paj\u0117gumai ir talpa:<\/strong><\/h2>\n<h3>(1) Surinkimas<\/h3>\n<p>Turime pirmos klas\u0117s nepriklausom\u0105 tyrim\u0173 ir pl\u0117tros surinkimo platform\u0105. Hidraulini\u0173 cilindr\u0173 gamybos ceche yra keturios pusiau automatin\u0117s k\u0117limo cilindr\u0173 surinkimo linijos ir viena automatin\u0117 pakreipimo cilindr\u0173 surinkimo linija, kuri\u0173 projektinis metinis gamybos paj\u0117gumas yra 1 milijonas vienet\u0173. Speciali\u0173j\u0173 cilindr\u0173 ceche \u012frengta \u012fvairi\u0173 specifikacij\u0173 pusiau automatin\u0117 valymo surinkimo sistema, kurios projektinis metinis gamybos paj\u0117gumas yra 200 000 vienet\u0173, ir garsi CNC apdirbimo \u012franga, apdirbimo centras, didelio tikslumo cilindr\u0173 apdirbimo speciali \u012franga, robotinis suvirinimo aparatas, automatinis valymo aparatas, automatinis cilindr\u0173 surinkimo aparatas ir automatin\u0117 da\u017eymo gamybos linija. Esama daugiau nei 300 rinkini\u0173 (komplekt\u0173) kritin\u0117 \u012franga. Optimalus \u012frangos i\u0161tekli\u0173 paskirstymas ir efektyvus naudojimas u\u017etikrina gamini\u0173 tikslumo reikalavimus ir auk\u0161tus gamini\u0173 kokyb\u0117s poreikius.<\/p>\n<p><img loading=\"lazy\" decoding=\"async\" class=\"alignnone wp-image-626\" src=\"https:\/\/hydraulic-cylinders.net\/wp-content\/uploads\/2023\/08\/hydraulic-cylinder-product-1-300x158.webp\" alt=\"\" width=\"495\" height=\"260\" srcset=\"https:\/\/hydraulic-cylinders.net\/wp-content\/uploads\/2023\/08\/hydraulic-cylinder-product-1-300x158.webp 495w, https:\/\/hydraulic-cylinders.net\/wp-content\/uploads\/2023\/08\/hydraulic-cylinder-product-1-480x252.webp 480w\" sizes=\"(min-width: 0px) and (max-width: 480px) 480px, (min-width: 481px) 495px, 100vw\" \/> <img loading=\"lazy\" decoding=\"async\" class=\"alignnone wp-image-627\" src=\"https:\/\/hydraulic-cylinders.net\/wp-content\/uploads\/2023\/08\/hydraulic-cylinder-product-2-300x189.webp\" alt=\"\" width=\"413\" height=\"260\" \/><\/p>\n<h3>(2) Apdirbimas<\/h3>\n<p>Mechaninio apdirbimo ceche \u012frengtas pritaikytas nuo\u017eulnaus b\u0117gio tekinimo centras, apdirbimo centras, greitaeigis galandimo stakl\u0117s, suvirinimo robotas ir kita susijusi \u012franga, galinti apdirbti cilindrinius vamzd\u017eius, kuri\u0173 maksimalus vidinis skersmuo yra 400 mm, o maksimalus ilgis \u2013 6 metrai.<\/p>\n<p><img loading=\"lazy\" decoding=\"async\" class=\"alignnone wp-image-628 size-large\" src=\"https:\/\/hydraulic-cylinders.net\/wp-content\/uploads\/2023\/08\/hydraulic-cylinder-product-3-1024x391.webp\" alt=\"\" width=\"1024\" height=\"391\" srcset=\"https:\/\/hydraulic-cylinders.net\/wp-content\/uploads\/2023\/08\/hydraulic-cylinder-product-3-980x374.webp 980w, https:\/\/hydraulic-cylinders.net\/wp-content\/uploads\/2023\/08\/hydraulic-cylinder-product-3-480x183.webp 480w\" sizes=\"(min-width: 0px) and (max-width: 480px) 480px, (min-width: 481px) and (max-width: 980px) 980px, (min-width: 981px) 1024px, 100vw\" \/><\/p>\n<h3>(3) Suvirinimas<\/h3>\n<p><img loading=\"lazy\" decoding=\"async\" class=\"alignnone wp-image-629 size-large\" src=\"https:\/\/hydraulic-cylinders.net\/wp-content\/uploads\/2023\/08\/hydraulic-cylinder-product-4-1024x510.webp\" alt=\"\" width=\"1024\" height=\"510\" srcset=\"https:\/\/hydraulic-cylinders.net\/wp-content\/uploads\/2023\/08\/hydraulic-cylinder-product-4-980x488.webp 980w, https:\/\/hydraulic-cylinders.net\/wp-content\/uploads\/2023\/08\/hydraulic-cylinder-product-4-480x239.webp 480w\" sizes=\"(min-width: 0px) and (max-width: 480px) 480px, (min-width: 481px) and (max-width: 980px) 980px, (min-width: 981px) 1024px, 100vw\" \/><\/p>\n<h3>(4) Da\u017eymas ir dengimas<\/h3>\n<p>Su ma\u017eomis ir vidutinio dyd\u017eio cilindrin\u0117mis automatin\u0117mis vandens pagrindo da\u017e\u0173 dengimo linijomis, siekiant automatinio robot\u0173 pakrovimo ir i\u0161krovimo bei automatinio pur\u0161kimo, projektinis paj\u0117gumas yra 4000 vienet\u0173 per pamain\u0105;<br \/>\nTaip pat turime pusiau automatin\u0119 dideli\u0173 cilindr\u0173 da\u017e\u0173 gamybos linij\u0105, varom\u0105 grandin\u0117s, kurios projektinis na\u0161umas yra 60 d\u0117\u017ei\u0173 per pamain\u0105.<\/p>\n<p><img loading=\"lazy\" decoding=\"async\" class=\"alignnone wp-image-630\" src=\"https:\/\/hydraulic-cylinders.net\/wp-content\/uploads\/2023\/08\/hydraulic-cylinder-product-5-300x213.webp\" alt=\"\" width=\"366\" height=\"260\" \/> <img loading=\"lazy\" decoding=\"async\" class=\"alignnone wp-image-631\" src=\"https:\/\/hydraulic-cylinders.net\/wp-content\/uploads\/2023\/08\/hydraulic-cylinder-product-6-300x225.webp\" alt=\"\" width=\"347\" height=\"260\" \/><\/p>\n<h3>(5) Testavimas<\/h3>\n<p>Turime auk\u0161\u010diausios klas\u0117s patikros patalpas ir bandym\u0173 stendus, kad u\u017etikrintume, jog baliono veikimas atitinka reikalavimus.<\/p>\n<p><img loading=\"lazy\" decoding=\"async\" class=\"alignnone wp-image-632\" src=\"https:\/\/hydraulic-cylinders.net\/wp-content\/uploads\/2023\/08\/hydraulic-cylinder-product-8-300x200.webp\" alt=\"\" width=\"389\" height=\"260\" \/><\/p>\n<p>&nbsp;<\/p>\n<p>&nbsp;<\/p>\n<p>Esame vienas geriausi\u0173 hidraulini\u0173 cilindr\u0173 gamintoj\u0173. Galime pasi\u016blyti i\u0161samius hidraulinius cilindrus. Taip pat teikiame atitinkamus <a href=\"https:\/\/hzpt.com\/agricultural-pto-gearbox\/\" target=\"_blank\" rel=\"noopener\">\u017eem\u0117s \u016bkio pavar\u0173 d\u0117\u017e\u0117s<\/a>Mes eksportuojame savo gaminius klientams visame pasaulyje ir peln\u0117me ger\u0105 reputacij\u0105 d\u0117l auk\u0161\u010diausios gamini\u0173 kokyb\u0117s ir aptarnavimo po pardavimo. Mes laukiame klient\u0173 \u0161alyje ir u\u017esienyje, norin\u010di\u0173 susisiekti su mumis der\u0117tis d\u0117l verslo, keistis informacija ir... <a href=\"https:\/\/www.hydraulic-cylinders.net\/lt\/contact-us\/\">bendradarbiauti su mumis<\/a>!<\/p>","protected":false},"excerpt":{"rendered":"<p>Large Excavator Bucket Cylinder The large excavator bucket cylinder is a robust hydraulic component designed to maximize the earthmoving capabilities of large excavators. This cylinder is precisely engineered to deliver exceptional power, durability, and precision in heavy-duty construction and excavation tasks. The large excavator bucket cylinder is a robust and reliable hydraulic component that enhances [&hellip;]<\/p>","protected":false},"featured_media":1501,"comment_status":"open","ping_status":"closed","template":"","meta":{"_et_pb_use_builder":"","_et_pb_old_content":"","_et_gb_content_width":""},"product_brand":[],"product_cat":[1550,1503,1376],"product_tag":[1380],"class_list":{"0":"post-1498","1":"product","2":"type-product","3":"status-publish","4":"has-post-thumbnail","6":"product_cat-double-acting-hydraulic-cylinder","7":"product_cat-excavator-hydraulic-cylinders","8":"product_cat-hydraulic-cylinder","9":"product_tag-hydraulic-cylinder","11":"first","12":"instock","13":"shipping-taxable","14":"product-type-simple"},"amp_enabled":true,"_links":{"self":[{"href":"https:\/\/www.hydraulic-cylinders.net\/lt\/wp-json\/wp\/v2\/product\/1498","targetHints":{"allow":["GET"]}}],"collection":[{"href":"https:\/\/www.hydraulic-cylinders.net\/lt\/wp-json\/wp\/v2\/product"}],"about":[{"href":"https:\/\/www.hydraulic-cylinders.net\/lt\/wp-json\/wp\/v2\/types\/product"}],"replies":[{"embeddable":true,"href":"https:\/\/www.hydraulic-cylinders.net\/lt\/wp-json\/wp\/v2\/comments?post=1498"}],"wp:featuredmedia":[{"embeddable":true,"href":"https:\/\/www.hydraulic-cylinders.net\/lt\/wp-json\/wp\/v2\/media\/1501"}],"wp:attachment":[{"href":"https:\/\/www.hydraulic-cylinders.net\/lt\/wp-json\/wp\/v2\/media?parent=1498"}],"wp:term":[{"taxonomy":"product_brand","embeddable":true,"href":"https:\/\/www.hydraulic-cylinders.net\/lt\/wp-json\/wp\/v2\/product_brand?post=1498"},{"taxonomy":"product_cat","embeddable":true,"href":"https:\/\/www.hydraulic-cylinders.net\/lt\/wp-json\/wp\/v2\/product_cat?post=1498"},{"taxonomy":"product_tag","embeddable":true,"href":"https:\/\/www.hydraulic-cylinders.net\/lt\/wp-json\/wp\/v2\/product_tag?post=1498"}],"curies":[{"name":"wp","href":"https:\/\/api.w.org\/{rel}","templated":true}]}}