{"id":1502,"date":"2023-09-27T07:01:44","date_gmt":"2023-09-27T07:01:44","guid":{"rendered":"https:\/\/hydraulic-cylinders.net\/?post_type=product&#038;p=1502"},"modified":"2025-04-11T03:41:16","modified_gmt":"2025-04-11T03:41:16","slug":"large-excavator-boom-cylinder","status":"publish","type":"product","link":"https:\/\/www.hydraulic-cylinders.net\/lt\/produktas\/large-excavator-boom-cylinder\/","title":{"rendered":"Didelis ekskavatoriaus str\u0117l\u0117s cilindras"},"content":{"rendered":"<h1 style=\"text-align: center;\"><strong>Didelis ekskavatoriaus str\u0117l\u0117s cilindras<\/strong><\/h1>\n<p><img loading=\"lazy\" decoding=\"async\" class=\"aligncenter wp-image-1503\" src=\"https:\/\/hydraulic-cylinders.net\/wp-content\/uploads\/2023\/09\/boom-cylinder-1-2-300x300.webp\" alt=\"\" width=\"400\" height=\"400\" \/><\/p>\n<p>Didel\u0117s ekskavatoriaus str\u0117l\u0117s cilindras yra gyvybi\u0161kai svarbus hidraulinis komponentas, atliekantis lemiam\u0105 vaidmen\u012f efektyviai eksploatuojant didelius ekskavatorius. \u0160is cilindras yra specialiai sukurtas tam, kad u\u017etikrint\u0173 galing\u0105 str\u0117l\u0117s i\u0161tiesim\u0105 ir \u012ftraukim\u0105, taip u\u017etikrinant tiksl\u0173 valdym\u0105 ir geresn\u012f na\u0161um\u0105 sunkiuose statybos projektuose.<\/p>\n<p>Didel\u0117s ekskavatoriaus str\u0117l\u0117s cilindras yra galingas hidraulinis komponentas, b\u016btinas efektyviai eksploatuojant didelius ekskavatorius. D\u0117l tvirtos konstrukcijos, tikslaus valdymo, ilgo siekio ir keliamosios galios \u0161is cilindras suteikia operatoriams galimyb\u0119 pasiekti didesn\u012f na\u0161um\u0105 ir produktyvum\u0105 sunkiuose statybos projektuose. Laikydamiesi rekomenduojam\u0173 naudojimo metod\u0173 ir prie\u017ei\u016bros praktikos, operatoriai gali u\u017etikrinti optimal\u0173 didel\u0117s ekskavatoriaus str\u0117l\u0117s cilindro na\u0161um\u0105 ir ilgaam\u017ei\u0161kum\u0105, o tai padidina efektyvum\u0105 ir padeda s\u0117kmingai atlikti statybos u\u017eduotis. Investuokite \u012f \u0161\u012f i\u0161skirtin\u012f hidraulin\u012f cilindr\u0105, kad i\u0161naudotum\u0117te vis\u0105 savo didelio ekskavatoriaus potencial\u0105 ir pakeltum\u0117te savo statybos galimybes \u012f naujas auk\u0161tumas.<\/p>\n<p>Didel\u0117s ekskavatoriaus kau\u0161o cilindro pagrindin\u0117s charakteristikos:<\/p>\n<ol>\n<li>Tvirta konstrukcija ir didelis stiprumas<\/li>\n<\/ol>\n<ul>\n<li>Didelis ekskavatoriaus str\u0117l\u0117s cilindras pagamintas i\u0161 patvari\u0173 med\u017eiag\u0173 ir pasi\u017eymi tvirta konstrukcija, u\u017etikrinan\u010dia optimal\u0173 na\u0161um\u0105 net ir sud\u0117tingomis s\u0105lygomis.<\/li>\n<li>Jis pasi\u017eymi dideliu stiprumu, tod\u0117l gali atlaikyti dideles apkrovas ir eksploatacijos metu daryti didel\u0119 j\u0117g\u0105.<\/li>\n<\/ul>\n<ol start=\"2\">\n<li>Tikslus valdymas ir sklandus veikimas<\/li>\n<\/ol>\n<ul>\n<li>\u0160is cilindras u\u017etikrina tiksl\u0173 str\u0117l\u0117s i\u0161pl\u0117timo ir \u012ftraukimo valdym\u0105, tod\u0117l operatoriai gali pasiekti tiksli\u0105 pad\u0117t\u012f ir manevringum\u0105.<\/li>\n<li>Tai u\u017etikrina skland\u0173 ir skland\u0173 veikim\u0105, suma\u017eina tr\u016bk\u010diojan\u010dius judesius ir optimizuoja efektyvum\u0105 atliekant statybos darbus.<\/li>\n<\/ul>\n<ol start=\"3\">\n<li>Padidintas siekis ir keliamoji galia<\/li>\n<\/ol>\n<ul>\n<li>D\u0117l \u012fsp\u016bding\u0173 i\u0161pl\u0117timo galimybi\u0173 didelis ekskavatoriaus str\u0117l\u0117s cilindras leid\u017eia ekskavatoriui pasiekti didesnius atstumus, i\u0161pl\u0117sdamas jo darbin\u012f diapazon\u0105.<\/li>\n<li>Tai padidina ekskavatoriaus keliam\u0105j\u0105 gali\u0105, tod\u0117l galima efektyviai tvarkyti sunkias med\u017eiagas ir pagerinti na\u0161um\u0105 darbo vietoje.<\/li>\n<\/ul>\n<ol start=\"4\">\n<li>Suderinamumas ir prisitaikymas<\/li>\n<\/ol>\n<ul>\n<li>Didelis ekskavatoriaus str\u0117l\u0117s cilindras yra suprojektuotas taip, kad b\u016bt\u0173 suderinamas su \u012fvairiais dideli\u0173 ekskavatori\u0173 modeliais, u\u017etikrinant universalum\u0105 ir lengv\u0105 integravim\u0105.<\/li>\n<li>Jis gali lengvai prisitaikyti prie skirting\u0173 str\u0117l\u0117s konfig\u016bracij\u0173, tod\u0117l yra universalus hidraulinis komponentas \u012fvairiems statybos darbams.<\/li>\n<\/ul>\n<h2><strong>Didelio ekskavatoriaus str\u0117l\u0117s cilindro parametras:<\/strong><\/h2>\n<table border=\"1\" cellspacing=\"0\" cellpadding=\"0\">\n<tbody>\n<tr>\n<td>Produkto pavadinimas<\/td>\n<td>Didelis ekskavatoriaus str\u0117l\u0117s cilindras<\/td>\n<\/tr>\n<tr>\n<td>Savyb\u0117s:<\/td>\n<td>Valdykite didel\u0117s rankos k\u0117limo judes\u012f<\/td>\n<\/tr>\n<tr>\n<td>Skyl\u0117s skersmuo:<\/td>\n<td>200 mm\uff5e420 mm<\/td>\n<\/tr>\n<tr>\n<td>Strypo skersmuo:<\/td>\n<td>140 mm\uff5e300 mm<br \/>\nEiga \u22643500 mm<\/td>\n<\/tr>\n<tr>\n<td>Traukos j\u0117ga:<\/td>\n<td>Maksimali 4846,6 kN<\/td>\n<\/tr>\n<tr>\n<td>Skyl\u0117s skersmuo:<\/td>\n<td>420 mm \/ sl\u0117gis 35 MPa<\/td>\n<\/tr>\n<\/tbody>\n<\/table>\n<h2><strong>Didel\u0117s ekskavatoriaus str\u0117l\u0117s cilindro identifikavimo schema:<\/strong><\/h2>\n<p><img loading=\"lazy\" decoding=\"async\" class=\"alignnone wp-image-1504 size-full\" src=\"https:\/\/hydraulic-cylinders.net\/wp-content\/uploads\/2023\/09\/boom-cylinder-2.webp\" alt=\"\" width=\"1418\" height=\"946\" srcset=\"https:\/\/hydraulic-cylinders.net\/wp-content\/uploads\/2023\/09\/boom-cylinder-2.webp 1418w, https:\/\/hydraulic-cylinders.net\/wp-content\/uploads\/2023\/09\/boom-cylinder-2-1280x854.webp 1280w, https:\/\/hydraulic-cylinders.net\/wp-content\/uploads\/2023\/09\/boom-cylinder-2-980x654.webp 980w, https:\/\/hydraulic-cylinders.net\/wp-content\/uploads\/2023\/09\/boom-cylinder-2-480x320.webp 480w\" sizes=\"(min-width: 0px) and (max-width: 480px) 480px, (min-width: 481px) and (max-width: 980px) 980px, (min-width: 981px) and (max-width: 1280px) 1280px, (min-width: 1281px) 1418px, 100vw\" \/><\/p>\n<h2><strong>Didelio ekskavatoriaus str\u0117l\u0117s cilindro naudojimo b\u016bdas:<\/strong><\/h2>\n<ol>\n<li>Diegimas ir konfig\u016bravimas<\/li>\n<\/ol>\n<ul>\n<li>Laikykit\u0117s gamintojo nurodym\u0173, kaip tinkamai sumontuoti didel\u012f ekskavatoriaus str\u0117l\u0117s cilindr\u0105.<\/li>\n<li>U\u017etikrinkite suderinamum\u0105 ir tvirtai pritvirtinkite cilindr\u0105 prie ekskavatoriaus str\u0117l\u0117s mazgo.<\/li>\n<li>Nor\u0117dami u\u017etikrinti patikim\u0105 jungt\u012f, naudokite rekomenduojamus sukimo momentus ir tinkamas tvirtinimo detales.<\/li>\n<\/ul>\n<ol start=\"2\">\n<li>Veiklos aspektai<\/li>\n<\/ol>\n<ul>\n<li>Susipa\u017einkite su didelio ekskavatoriaus valdikliais ir veikimu, \u012fskaitant str\u0117l\u0117s cilindr\u0105.<\/li>\n<li>Prie\u0161 prad\u0117dami statybos darbus, pasipraktikuokite valdyti ekskavatori\u0173 ir cilindr\u0105 kontroliuojamoje aplinkoje.<\/li>\n<li>Laikykit\u0117s saugos nurodym\u0173 ir dirbkite nevir\u0161ydami ekskavatoriaus keliamosios galios rib\u0173, kad u\u017etikrintum\u0117te saugum\u0105 ir i\u0161vengtum\u0117te \u012frangos pa\u017eeidim\u0173.<\/li>\n<\/ul>\n<ol start=\"3\">\n<li>Na\u0161umo optimizavimas<\/li>\n<\/ol>\n<ul>\n<li>Pasinaudokite tiksliu didelio ekskavatoriaus str\u0117l\u0117s cilindro valdymu, kad optimizuotum\u0117te na\u0161um\u0105 statybos projekt\u0173 metu.<\/li>\n<li>I\u0161tieskite ir sutraukite str\u0117l\u0119 pagal poreik\u012f konkre\u010dioms u\u017eduotims atlikti, u\u017etikrindami tiksl\u0173 med\u017eiag\u0173 i\u0161d\u0117stym\u0105 ir efektyv\u0173 kasim\u0105 ar k\u0117lim\u0105.<\/li>\n<li>Reguliuokite str\u0117l\u0117s kamp\u0105 ir auk\u0161t\u012f pagal projekto reikalavimus, taip maksimaliai padidindami pasiekiamum\u0105 ir na\u0161um\u0105 darbo vietoje.<\/li>\n<\/ul>\n<h2><strong>Kokio dyd\u017eio cilindras ekskavatoriaus nyk\u0161\u010diui?<\/strong><\/h2>\n<p>Ekskavatoriaus nyk\u0161\u010dio cilindro dydis gali skirtis priklausomai nuo konkre\u010di\u0173 ekskavatoriaus reikalavim\u0173 ir numatyto nyk\u0161\u010dio tvirtinimo \u012ftaiso naudojimo. Tinkamas cilindro dydis paprastai nustatomas atsi\u017evelgiant \u012f tokius veiksnius kaip ekskavatoriaus darbinis svoris, pageidaujama nyk\u0161\u010dio keliamoji galia ir suderinamumas su ekskavatoriaus hidrauline sistema.<\/p>\n<p>Norint nustatyti tinkam\u0105 ekskavatoriaus nyk\u0161\u010dio cilindro dyd\u012f, rekomenduojama pasikonsultuoti su nyk\u0161\u010dio tvirtinimo detal\u0117s gamintoju arba tiek\u0117ju. Jie gali pateikti rekomendacij\u0173, atsi\u017evelgdami \u012f ekskavatoriaus specifikacijas ir numatyt\u0105 nyk\u0161\u010dio paskirt\u012f.<\/p>\n<p>Verta pamin\u0117ti, kad ekskavatoriaus nyk\u0161\u010diai b\u016bna \u012fvairi\u0173 dyd\u017ei\u0173 ir konfig\u016bracij\u0173, kad tikt\u0173 skirtingiems ekskavatori\u0173 modeliams ir dyd\u017eiams. Nyk\u0161\u010dio tvirtinimo element\u0105 paprastai sudaro centrin\u0117 konstrukcija arba r\u0117mas, tvirtinamas prie ekskavatoriaus str\u0117l\u0117s, ir hidraulinis cilindras, kuris atlieka sugriebimo arba prispaudimo funkcij\u0105. Cilindro dydis tur\u0117t\u0173 b\u016bti parinktas taip, kad b\u016bt\u0173 u\u017etikrintas suderinamumas su nyk\u0161\u010dio tvirtinimo elementu ir kad b\u016bt\u0173 u\u017etikrinta reikiama sugriebimo j\u0117ga numatytoms u\u017eduotims atlikti.<\/p>\n<p>Renkantis ekskavatoriaus nyk\u0161\u010dio cilindro dyd\u012f, labai svarbu rasti pusiausvyr\u0105 tarp pakankamos keliamosios galios ir u\u017etikrinimo, kad ekskavatoriaus hidraulin\u0117 sistema gal\u0117t\u0173 tinkamai palaikyti nyk\u0161\u010dio veikim\u0105. Per didelis cilindro dydis gali pernelyg apkrauti ekskavatoriaus hidraulin\u0119 sistem\u0105, o nepakankamas dydis gali lemti ribot\u0105 keliam\u0105j\u0105 gali\u0105 ir suma\u017e\u0117jus\u012f na\u0161um\u0105.<\/p>\n<p>Apibendrinant, ekskavatoriaus nyk\u0161\u010dio cilindro dydis tur\u0117t\u0173 b\u016bti nustatomas atsi\u017evelgiant \u012f tokius veiksnius kaip ekskavatoriaus darbinis svoris, pageidaujama keliamoji galia ir suderinamumas su nyk\u0161\u010dio priedu bei hidrauline sistema. Rekomenduojama pasikonsultuoti su nyk\u0161\u010dio priedo gamintoju arba tiek\u0117ju, kad b\u016bt\u0173 u\u017etikrintas tinkamas dydis ir optimalus veikimas.<\/p>\n<h2><strong>Gamyklos paj\u0117gumai ir talpa:<\/strong><\/h2>\n<h3>(1) Surinkimas<\/h3>\n<p>Turime pirmos klas\u0117s nepriklausom\u0105 tyrim\u0173 ir pl\u0117tros surinkimo platform\u0105. Hidraulini\u0173 cilindr\u0173 gamybos ceche yra keturios pusiau automatin\u0117s k\u0117limo cilindr\u0173 surinkimo linijos ir viena automatin\u0117 pakreipimo cilindr\u0173 surinkimo linija, kuri\u0173 projektinis metinis gamybos paj\u0117gumas yra 1 milijonas vienet\u0173. Speciali\u0173j\u0173 cilindr\u0173 ceche \u012frengta \u012fvairi\u0173 specifikacij\u0173 pusiau automatin\u0117 valymo surinkimo sistema, kurios projektinis metinis gamybos paj\u0117gumas yra 200 000 vienet\u0173, ir garsi CNC apdirbimo \u012franga, apdirbimo centras, didelio tikslumo cilindr\u0173 apdirbimo speciali \u012franga, robotinis suvirinimo aparatas, automatinis valymo aparatas, automatinis cilindr\u0173 surinkimo aparatas ir automatin\u0117 da\u017eymo gamybos linija. Esama daugiau nei 300 rinkini\u0173 (komplekt\u0173) kritin\u0117 \u012franga. Optimalus \u012frangos i\u0161tekli\u0173 paskirstymas ir efektyvus naudojimas u\u017etikrina gamini\u0173 tikslumo reikalavimus ir auk\u0161tus gamini\u0173 kokyb\u0117s poreikius.<\/p>\n<p><img loading=\"lazy\" decoding=\"async\" class=\"alignnone wp-image-626\" src=\"https:\/\/hydraulic-cylinders.net\/wp-content\/uploads\/2023\/08\/hydraulic-cylinder-product-1-300x158.webp\" alt=\"\" width=\"495\" height=\"260\" srcset=\"https:\/\/hydraulic-cylinders.net\/wp-content\/uploads\/2023\/08\/hydraulic-cylinder-product-1-300x158.webp 495w, https:\/\/hydraulic-cylinders.net\/wp-content\/uploads\/2023\/08\/hydraulic-cylinder-product-1-480x252.webp 480w\" sizes=\"(min-width: 0px) and (max-width: 480px) 480px, (min-width: 481px) 495px, 100vw\" \/> <img loading=\"lazy\" decoding=\"async\" class=\"alignnone wp-image-627\" src=\"https:\/\/hydraulic-cylinders.net\/wp-content\/uploads\/2023\/08\/hydraulic-cylinder-product-2-300x189.webp\" alt=\"\" width=\"413\" height=\"260\" \/><\/p>\n<h3>(2) Apdirbimas<\/h3>\n<p>Mechaninio apdirbimo ceche \u012frengtas pritaikytas nuo\u017eulnaus b\u0117gio tekinimo centras, apdirbimo centras, greitaeigis galandimo stakl\u0117s, suvirinimo robotas ir kita susijusi \u012franga, galinti apdirbti cilindrinius vamzd\u017eius, kuri\u0173 maksimalus vidinis skersmuo yra 400 mm, o maksimalus ilgis \u2013 6 metrai.<\/p>\n<p><img loading=\"lazy\" decoding=\"async\" class=\"alignnone wp-image-628 size-large\" src=\"https:\/\/hydraulic-cylinders.net\/wp-content\/uploads\/2023\/08\/hydraulic-cylinder-product-3-1024x391.webp\" alt=\"\" width=\"1024\" height=\"391\" srcset=\"https:\/\/hydraulic-cylinders.net\/wp-content\/uploads\/2023\/08\/hydraulic-cylinder-product-3-980x374.webp 980w, https:\/\/hydraulic-cylinders.net\/wp-content\/uploads\/2023\/08\/hydraulic-cylinder-product-3-480x183.webp 480w\" sizes=\"(min-width: 0px) and (max-width: 480px) 480px, (min-width: 481px) and (max-width: 980px) 980px, (min-width: 981px) 1024px, 100vw\" \/><\/p>\n<h3>(3) Suvirinimas<\/h3>\n<p><img loading=\"lazy\" decoding=\"async\" class=\"alignnone wp-image-629 size-large\" src=\"https:\/\/hydraulic-cylinders.net\/wp-content\/uploads\/2023\/08\/hydraulic-cylinder-product-4-1024x510.webp\" alt=\"\" width=\"1024\" height=\"510\" srcset=\"https:\/\/hydraulic-cylinders.net\/wp-content\/uploads\/2023\/08\/hydraulic-cylinder-product-4-980x488.webp 980w, https:\/\/hydraulic-cylinders.net\/wp-content\/uploads\/2023\/08\/hydraulic-cylinder-product-4-480x239.webp 480w\" sizes=\"(min-width: 0px) and (max-width: 480px) 480px, (min-width: 481px) and (max-width: 980px) 980px, (min-width: 981px) 1024px, 100vw\" \/><\/p>\n<h3>(4) Da\u017eymas ir dengimas<\/h3>\n<p>Su ma\u017eomis ir vidutinio dyd\u017eio cilindrin\u0117mis automatin\u0117mis vandens pagrindo da\u017e\u0173 dengimo linijomis, siekiant automatinio robot\u0173 pakrovimo ir i\u0161krovimo bei automatinio pur\u0161kimo, projektinis paj\u0117gumas yra 4000 vienet\u0173 per pamain\u0105;<br \/>\nTaip pat turime pusiau automatin\u0119 dideli\u0173 cilindr\u0173 da\u017e\u0173 gamybos linij\u0105, varom\u0105 grandin\u0117s, kurios projektinis na\u0161umas yra 60 d\u0117\u017ei\u0173 per pamain\u0105.<\/p>\n<p><img loading=\"lazy\" decoding=\"async\" class=\"alignnone wp-image-630\" src=\"https:\/\/hydraulic-cylinders.net\/wp-content\/uploads\/2023\/08\/hydraulic-cylinder-product-5-300x213.webp\" alt=\"\" width=\"366\" height=\"260\" \/> <img loading=\"lazy\" decoding=\"async\" class=\"alignnone wp-image-631\" src=\"https:\/\/hydraulic-cylinders.net\/wp-content\/uploads\/2023\/08\/hydraulic-cylinder-product-6-300x225.webp\" alt=\"\" width=\"347\" height=\"260\" \/><\/p>\n<h3>(5) Testavimas<\/h3>\n<p>Turime auk\u0161\u010diausios klas\u0117s patikros patalpas ir bandym\u0173 stendus, kad u\u017etikrintume, jog baliono veikimas atitinka reikalavimus.<\/p>\n<p><img loading=\"lazy\" decoding=\"async\" class=\"alignnone wp-image-632\" src=\"https:\/\/hydraulic-cylinders.net\/wp-content\/uploads\/2023\/08\/hydraulic-cylinder-product-8-300x200.webp\" alt=\"\" width=\"389\" height=\"260\" \/><\/p>\n<p>&nbsp;<\/p>\n<p>&nbsp;<\/p>\n<p>Esame vienas geriausi\u0173 hidraulini\u0173 cilindr\u0173 gamintoj\u0173. Galime pasi\u016blyti i\u0161samius hidraulinius cilindrus. Taip pat teikiame atitinkamus <a href=\"https:\/\/hzpt.com\/agricultural-pto-gearbox\/\" target=\"_blank\" rel=\"noopener\">\u017eem\u0117s \u016bkio pavar\u0173 d\u0117\u017e\u0117s<\/a>Mes eksportuojame savo gaminius klientams visame pasaulyje ir peln\u0117me ger\u0105 reputacij\u0105 d\u0117l auk\u0161\u010diausios gamini\u0173 kokyb\u0117s ir aptarnavimo po pardavimo. Mes laukiame klient\u0173 \u0161alyje ir u\u017esienyje, norin\u010di\u0173 susisiekti su mumis der\u0117tis d\u0117l verslo, keistis informacija ir... <a href=\"https:\/\/www.hydraulic-cylinders.net\/lt\/contact-us\/\">bendradarbiauti su mumis<\/a>!<\/p>","protected":false},"excerpt":{"rendered":"<p>Large Excavator Boom Cylinder The large excavator boom cylinder is a vital hydraulic component that plays a crucial role in efficiently operating large excavators. This cylinder is specifically designed to provide powerful extension and retraction of the boom, enabling precise control and enhanced performance in heavy construction projects. The large excavator boom cylinder is a [&hellip;]<\/p>","protected":false},"featured_media":1505,"comment_status":"open","ping_status":"closed","template":"","meta":{"_et_pb_use_builder":"","_et_pb_old_content":"","_et_gb_content_width":""},"product_brand":[],"product_cat":[1550,1503,1376],"product_tag":[1380],"class_list":{"0":"post-1502","1":"product","2":"type-product","3":"status-publish","4":"has-post-thumbnail","6":"product_cat-double-acting-hydraulic-cylinder","7":"product_cat-excavator-hydraulic-cylinders","8":"product_cat-hydraulic-cylinder","9":"product_tag-hydraulic-cylinder","11":"first","12":"instock","13":"shipping-taxable","14":"product-type-simple"},"amp_enabled":true,"_links":{"self":[{"href":"https:\/\/www.hydraulic-cylinders.net\/lt\/wp-json\/wp\/v2\/product\/1502","targetHints":{"allow":["GET"]}}],"collection":[{"href":"https:\/\/www.hydraulic-cylinders.net\/lt\/wp-json\/wp\/v2\/product"}],"about":[{"href":"https:\/\/www.hydraulic-cylinders.net\/lt\/wp-json\/wp\/v2\/types\/product"}],"replies":[{"embeddable":true,"href":"https:\/\/www.hydraulic-cylinders.net\/lt\/wp-json\/wp\/v2\/comments?post=1502"}],"wp:featuredmedia":[{"embeddable":true,"href":"https:\/\/www.hydraulic-cylinders.net\/lt\/wp-json\/wp\/v2\/media\/1505"}],"wp:attachment":[{"href":"https:\/\/www.hydraulic-cylinders.net\/lt\/wp-json\/wp\/v2\/media?parent=1502"}],"wp:term":[{"taxonomy":"product_brand","embeddable":true,"href":"https:\/\/www.hydraulic-cylinders.net\/lt\/wp-json\/wp\/v2\/product_brand?post=1502"},{"taxonomy":"product_cat","embeddable":true,"href":"https:\/\/www.hydraulic-cylinders.net\/lt\/wp-json\/wp\/v2\/product_cat?post=1502"},{"taxonomy":"product_tag","embeddable":true,"href":"https:\/\/www.hydraulic-cylinders.net\/lt\/wp-json\/wp\/v2\/product_tag?post=1502"}],"curies":[{"name":"wp","href":"https:\/\/api.w.org\/{rel}","templated":true}]}}