{"id":15118,"date":"2025-01-19T14:07:43","date_gmt":"2025-01-19T14:07:43","guid":{"rendered":"https:\/\/www.hydraulic-cylinders.net\/product\/bucket-cylinder-for-komatsu-small-excavator-pc40\/"},"modified":"2025-01-19T14:07:45","modified_gmt":"2025-01-19T14:07:45","slug":"bucket-cylinder-for-komatsu-small-excavator-pc40","status":"publish","type":"product","link":"https:\/\/www.hydraulic-cylinders.net\/lt\/produktas\/bucket-cylinder-for-komatsu-small-excavator-pc40\/","title":{"rendered":"Kau\u0161o cilindras Komatsu ma\u017eam ekskavatoriui PC40"},"content":{"rendered":"<h2>\u012evadas<\/h2>\n<h3>Kas yra \u201eKomatsu\u201c ma\u017eojo ekskavatoriaus PC40 kau\u0161o cilindras?<\/h3>\n<p>\u201eKomatsu Small Excavator PC40\u201c kau\u0161o cilindras yra specialiai sukurtas hidraulinis cilindras, naudojamas valdyti kau\u0161\u0173 jud\u0117jim\u0105 sunkiosiose ma\u0161inose, tokiose kaip ekskavatoriai, ekskavatoriniai ekskavatoriai ir frontaliniai krautuvai. Jo pagrindin\u0117 funkcija \u2013 leisti kau\u0161ui pakilti, nuleisti ir pakreipti, taip palengvinant \u012fvairias med\u017eiag\u0173 tvarkymo u\u017eduotis. Hidraulin\u0117je sistemoje kau\u0161o cilindras tiksliai valdo kau\u0161o jud\u0117jim\u0105 keisdamas hidraulin\u0117s alyvos sl\u0117g\u012f, tod\u0117l operatoriai gali efektyviai valdyti sunkius krovinius ir prisitaikyti prie sud\u0117tingos darbo aplinkos bei \u012fvairi\u0173 eksploatacini\u0173 reikalavim\u0173.<\/p>\n<p><img decoding=\"async\" src=\"https:\/\/www.hydraulic-cylinders.net\/wp-content\/uploads\/2025\/01\/songte-company-2.webp\" alt=\"Kau\u0161o cilindras Komatsu ma\u017eam ekskavatoriui PC40\"><\/p>\n<h2>Savyb\u0117s<\/h2>\n<ul>\n<li><strong>Didelis stiprumas ir ilgaam\u017ei\u0161kumas:<\/strong> Paprastai pagamintas i\u0161 didelio stiprumo plieno arba aliuminio, jis gali atlaikyti auk\u0161t\u0105 sl\u0117g\u012f ir dideles apkrovas, prisitaikydamas prie at\u0161iauri\u0173 darbo s\u0105lyg\u0173. Jo konstrukcija atsi\u017evelgia \u012f atsparum\u0105 dilimui ir korozijai, taip pailgindama jo tarnavimo laik\u0105.<\/li>\n<li><strong>Efektyvus hidraulinis valdymas:<\/strong> Sklandus teleskopinis veikimas pasiekiamas naudojant hidraulin\u0117s alyvos sl\u0117g\u012f, kuris leid\u017eia greitai reaguoti \u012f valdymo komandas, u\u017etikrina galing\u0105 st\u016bmimo ir traukimo j\u0117g\u0105 ir tinka sunkiems kroviniams kelti bei sud\u0117tingoms eksploatavimo u\u017eduotims atlikti.<\/li>\n<li><strong>\u012evair\u016bs tipai:<\/strong> Pagal eksploatacinius reikalavimus galima pasirinkti vienpusio veikimo (hidraulinis mechanizmas naudojamas tik viena kryptimi) arba dvipusio veikimo (hidraulinis mechanizmas naudojamas abiem kryptimis) cilindrus. Kai kurie modeliai yra teleskopiniai, tod\u0117l juos galima labiau i\u0161tiesti nedidinant i\u0161orini\u0173 matmen\u0173, tod\u0117l jie tinka naudoti ribotoje erdv\u0117je.<\/li>\n<li><strong>Individuali gamyba:<\/strong> Galime pagaminti \u0161\u012f produkt\u0105, kuris puikiai pakeis \u0161iuos hidraulinius cilindrus.<\/li>\n<\/ul>\n<p><img decoding=\"async\" src=\"https:\/\/www.hydraulic-cylinders.net\/wp-content\/uploads\/2025\/01\/songte-cylinder-head-with-all-kinds-excavator-models.webp\" alt=\"Kau\u0161o cilindras Komatsu ma\u017eam ekskavatoriui PC40\"><\/p>\n<h2>Parai\u0161ka<\/h2>\n<p>\u201eKomatsu Small Excavator PC40\u201c kau\u0161o cilindras yra pla\u010diai naudojamas \u012fvairiose pramon\u0117s \u0161akose, tokiose kaip statybin\u0117 \u012franga, \u017eem\u0117s \u016bkio technika, ekskavatoriai ir krautuvai. <\/p>\n<h3>Statybin\u0117 \u012franga:<\/h3>\n<ul>\n<li>Ekskavatoriuose jis b\u016btinas kasant, kraunant ir perkeliant dirvo\u017eem\u012f ar \u0161iuk\u0161les.<\/li>\n<li> Ekskavatoriuose kau\u0161o cilindras padeda tiek kasti, tiek kelti.<\/li>\n<li> Priekiniuose krautuvuose jis padeda efektyviai kelti ir pakreipti prekes.<\/li>\n<\/ul>\n<h3>\u017dem\u0117s \u016bkio technika:<\/h3>\n<p>Jis naudojamas frontaliniams krautuvams, dirvo\u017eemio, \u0161ieno ir kit\u0173 med\u017eiag\u0173 kasimui, k\u0117limui ir transportavimui.<\/p>\n<h3>Ekskavatoriai:<\/h3>\n<p>Kau\u0161o cilindras leid\u017eia atlikti kasimo veiksmus, leisdamas kau\u0161ui \u012fsiskverbti \u012f dirv\u0105. <\/p>\n<p><img decoding=\"async\" src=\"https:\/\/www.hydraulic-cylinders.net\/wp-content\/uploads\/2025\/01\/songte-bushings-with-all-kinds-of-excavator-models.webp\" alt=\"Kau\u0161o cilindras Komatsu ma\u017eam ekskavatoriui PC40\"><\/p>\n<h2>Projektavimo aspektai ir atrankos standartai<\/h2>\n<ul>\n<li><strong>Keliamoji galia:<\/strong> Kau\u0161o cilindras turi atlaikyti auk\u0161tas sl\u0117gio apkrovas.<\/li>\n<li><strong>Sandarinimas:<\/strong> \u012evair\u016bs sandarikliai, tokie kaip st\u016bmokli\u0173 ir stryp\u0173 sandarikliai, tur\u0117t\u0173 b\u016bti pagaminti i\u0161 atspari\u0173 dilimui med\u017eiag\u0173, toki\u0173 kaip poliuretanas ir nitrilo kau\u010diukas, kad b\u016bt\u0173 u\u017etikrintas sandarumas.<\/li>\n<li><strong>Patvarumas:<\/strong> Cilindro korpusas ir srieginis galinis pavir\u0161ius tur\u0117t\u0173 b\u016bti smulkiai apdoroti, kad b\u016bt\u0173 padidintas atsparumas dilimui.<\/li>\n<li><strong>Saugumas:<\/strong> Projektuojant reik\u0117t\u0173 atsi\u017evelgti \u012f cilindro veikimo saugum\u0105.<\/li>\n<li><strong>Prie\u017ei\u016bra:<\/strong> Cilindras tur\u0117t\u0173 b\u016bti lengvai remontuojamas ir pri\u017ei\u016brimas.<\/li>\n<\/ul>\n<p><img decoding=\"async\" src=\"https:\/\/www.hydraulic-cylinders.net\/wp-content\/uploads\/2025\/01\/songte-oil-pipes-and-spare-parts.webp\" alt=\"Kau\u0161o cilindras Komatsu ma\u017eam ekskavatoriui PC40\"><\/p>\n<h2>Sandarinimas ir tepimas<\/h2>\n<p>\u012evair\u016bs sandarinimo komponentai, tokie kaip st\u016bmokli\u0173 ir kot\u0173 sandarikliai, tur\u0117t\u0173 b\u016bti pagaminti i\u0161 atspari\u0173 dilimui med\u017eiag\u0173, toki\u0173 kaip poliuretanas ir nitrilo kau\u010diukas, kad b\u016bt\u0173 u\u017etikrintas efektyvus sandarinimas. Cilindro korpusas ir srieginis galas tur\u0117t\u0173 b\u016bti kruop\u0161\u010diai apdirbti, kad padid\u0117t\u0173 atsparumas dilimui. B\u016btina reguliariai \u012fpilti atitinkamos hidraulin\u0117s alyvos tepimui.<\/p>\n<p><img decoding=\"async\" src=\"https:\/\/www.hydraulic-cylinders.net\/wp-content\/uploads\/2025\/01\/songte-chushion-collar.webp\" alt=\"Kau\u0161o cilindras Komatsu ma\u017eam ekskavatoriui PC40\"><\/p>\n<h2>Prie\u017ei\u016bra ir remontas<\/h2>\n<p>Reguliarus patikrinimas, tinkamas tepimas, sandarikli\u0173 keitimas ir kalibravimo patikrinimai yra \u012fprastos technin\u0117s prie\u017ei\u016bros u\u017eduotys. Tinkamas montavimas, tepimas ir reguliavimas yra b\u016btini, o montavimo metu tur\u0117t\u0173 b\u016bti pateiktos tinkamos derinimo gair\u0117s. Cilindro tvirtinimui tur\u0117t\u0173 b\u016bti rekomenduojami tinkami montavimo laikikliai, o siekiant pailginti cilindro tarnavimo laik\u0105, tur\u0117t\u0173 b\u016bti pateiktos patikrinimo, remonto ir keitimo proced\u016bros.<\/p>\n<h2>Saugos aspektai ir aplinkos veiksniai<\/h2>\n<p>Naudojant kau\u0161inius cilindrus, b\u016btina laikytis saugos priemoni\u0173, kad apsisaugotum\u0117te nuo galim\u0173 pavoj\u0173. Dirbant su hidrauline alyva ir kitomis med\u017eiagomis, reikia laikytis aplinkosaugos taisykli\u0173.<\/p>\n<h2>Gedim\u0173 diagnostika ir da\u017eniausios problemos<\/h2>\n<p>Da\u017enos kau\u0161o cilindr\u0173 problemos yra skys\u010dio nuot\u0117kis, nepakankama j\u0117ga ir ne\u012fprastas triuk\u0161mas. Gedim\u0173 diagnoz\u0117 tur\u0117t\u0173 b\u016bti pagr\u012fsta i\u0161samia cilindro ir aplinkini\u0173 komponent\u0173 ap\u017ei\u016bra. Norint i\u0161vengti toki\u0173 problem\u0173, b\u016btina tinkama prie\u017ei\u016bra ir savalaikis remontas.<\/p>\n<h2>\u012emon\u0117s pristatymas<\/h2>\n<p>Esame pakaitini\u0173 hidraulini\u0173 cilindr\u0173 gamintojas, si\u016blantis plat\u0173 gamini\u0173 asortiment\u0105. Esame viena i\u0161 pirmaujan\u010di\u0173 hidraulini\u0173 cilindr\u0173 gamintoj\u0173 ir didmenini\u0173 platintoj\u0173 vidaus ir tarptautin\u0117se rinkose. Siekiame puikios kokyb\u0117s ir taikome industrializuotas gamybos valdymo strategijas kruop\u0161\u010diai pagamintuose cechuose, nuolat tobuliname gamybos platform\u0105, tobuliname gamini\u0173 kokyb\u0117s gamybos linij\u0105 ir turime stiprias k\u016brimo galimybes. Siekiame patenkinti klient\u0173 reikalavimus, taikydami auk\u0161t\u0105 efektyvum\u0105, auk\u0161t\u0105 tikslum\u0105 ir auk\u0161tos kokyb\u0117s principus.<\/p>\n<p><img decoding=\"async\" src=\"https:\/\/hzpt.com\/wp-content\/uploads\/2024\/11\/songte-company-1.webp\" alt=\"Kau\u0161o cilindras Komatsu ma\u017eam ekskavatoriui PC40\"><\/p>\n<h2>Profesionalumas ir tarptautinis sertifikavimas<\/h2>\n<p>M\u016bs\u0173 \u012fmon\u0117 yra \u012fsipareigojusi u\u017etikrinti, kad visi darbuotojai tur\u0117t\u0173 reikiam\u0105 kvalifikacij\u0105 ir \u012fg\u016bd\u017eius, kad gal\u0117t\u0173 teikti profesionalias paslaugas m\u016bs\u0173 klientams. Esame \u012fgij\u0119 atitinkamus tarptautinius sertifikatus, tokius kaip ISO ir CE, kad u\u017etikrintume, jog m\u016bs\u0173 produktai atitinka tarptautinius kokyb\u0117s standartus.<\/p>\n<h2>Individualiai pritaikytos paslaugos ir gamybos \u012franga<\/h2>\n<p>Si\u016blome individualiai pritaikytas paslaugas, kad gal\u0117tume pasi\u016blyti individualius hidraulini\u0173 cilindr\u0173 sprendimus pagal kiekvieno kliento unikalius poreikius. Turime pa\u017eangi\u0105 gamybos \u012frang\u0105, toki\u0105 kaip CNC stakl\u0117s ir profesionalios bandym\u0173 sistemos, kad u\u017etikrintume kiekvieno gaminio kokyb\u0119 ir patikimum\u0105.<\/p>\n<h2>Aptarnavimas po pardavimo<\/h2>\n<p>M\u016bs\u0173 \u012fmon\u0117 teikia plat\u0173 garantinio aptarnavimo paslaug\u0173 spektr\u0105, \u012fskaitant m\u016bs\u0173 si\u016blom\u0173 gamini\u0173 remont\u0105, keitim\u0105 ir atnaujinim\u0105. Esame \u012fsipareigoj\u0119 savo klientams teikti auk\u0161tos kokyb\u0117s techninius sprendimus ir paslaugas, kad u\u017etikrintume geriausi\u0105 kainos ir kokyb\u0117s santyk\u012f.<\/p>\n<p>Autorius: lyl<\/p>","protected":false},"excerpt":{"rendered":"<p>Introduction What is Bucket Cylinder for Komatsu Small Excavator PC40? Bucket Cylinder for Komatsu Small Excavator PC40 is a specially designed hydraulic cylinder used for controlling the movement of buckets in heavy machinery such as excavators, backhoe excavators, and front-end loaders. Its main function is to enable the bucket to lift, lower, and tilt, thus [&hellip;]<\/p>","protected":false},"featured_media":14788,"comment_status":"open","ping_status":"closed","template":"","meta":{"_et_pb_use_builder":"","_et_pb_old_content":"","_et_gb_content_width":""},"product_brand":[],"product_cat":[1494],"product_tag":[1495,1496],"class_list":{"0":"post-15118","1":"product","2":"type-product","3":"status-publish","4":"has-post-thumbnail","6":"product_cat-bucket-cylinders","7":"product_tag-bucket-cylinders","8":"product_tag-hydraulic-cylinders","10":"first","11":"instock","12":"shipping-taxable","13":"product-type-simple"},"amp_enabled":true,"_links":{"self":[{"href":"https:\/\/www.hydraulic-cylinders.net\/lt\/wp-json\/wp\/v2\/product\/15118","targetHints":{"allow":["GET"]}}],"collection":[{"href":"https:\/\/www.hydraulic-cylinders.net\/lt\/wp-json\/wp\/v2\/product"}],"about":[{"href":"https:\/\/www.hydraulic-cylinders.net\/lt\/wp-json\/wp\/v2\/types\/product"}],"replies":[{"embeddable":true,"href":"https:\/\/www.hydraulic-cylinders.net\/lt\/wp-json\/wp\/v2\/comments?post=15118"}],"wp:featuredmedia":[{"embeddable":true,"href":"https:\/\/www.hydraulic-cylinders.net\/lt\/wp-json\/wp\/v2\/media\/14788"}],"wp:attachment":[{"href":"https:\/\/www.hydraulic-cylinders.net\/lt\/wp-json\/wp\/v2\/media?parent=15118"}],"wp:term":[{"taxonomy":"product_brand","embeddable":true,"href":"https:\/\/www.hydraulic-cylinders.net\/lt\/wp-json\/wp\/v2\/product_brand?post=15118"},{"taxonomy":"product_cat","embeddable":true,"href":"https:\/\/www.hydraulic-cylinders.net\/lt\/wp-json\/wp\/v2\/product_cat?post=15118"},{"taxonomy":"product_tag","embeddable":true,"href":"https:\/\/www.hydraulic-cylinders.net\/lt\/wp-json\/wp\/v2\/product_tag?post=15118"}],"curies":[{"name":"wp","href":"https:\/\/api.w.org\/{rel}","templated":true}]}}