{"id":15121,"date":"2025-01-19T14:07:55","date_gmt":"2025-01-19T14:07:55","guid":{"rendered":"https:\/\/www.hydraulic-cylinders.net\/product\/bucket-cylinder-for-komatsu-small-excavator-pc120-3-5-6-6e-7\/"},"modified":"2025-01-19T14:07:57","modified_gmt":"2025-01-19T14:07:57","slug":"bucket-cylinder-for-komatsu-small-excavator-pc120-3-5-6-6e-7","status":"publish","type":"product","link":"https:\/\/www.hydraulic-cylinders.net\/lt\/produktas\/bucket-cylinder-for-komatsu-small-excavator-pc120-3-5-6-6e-7\/","title":{"rendered":"Kau\u0161o cilindras Komatsu ma\u017eam ekskavatoriui PC120-3-5-6-6E-7"},"content":{"rendered":"<h1>Kau\u0161o cilindras Komatsu ma\u017eam ekskavatoriui PC120-3-5-6-6E-7<\/h1>\n<h2>\u012evadas<\/h2>\n<p>Kau\u0161o cilindras yra specialiai suprojektuotas hidraulinis cilindras, kuris pirmiausia naudojamas kau\u0161o jud\u0117jimui valdyti sunkiosiose ma\u0161inose, tokiose kaip ekskavatoriai, ekskavatoriai ir frontaliniai krautuvai. Pagrindin\u0117 jo funkcija \u2013 leisti kau\u0161\u0105 pakelti, nuleisti ir pakreipti, kad b\u016bt\u0173 lengviau atlikti \u012fvairias med\u017eiag\u0173 tvarkymo u\u017eduotis. Hidraulin\u0117je sistemoje kau\u0161o cilindras tiksliai valdo kau\u0161\u0105 keisdamas hidraulin\u0117s alyvos sl\u0117g\u012f, tod\u0117l operatoriai gali efektyviai valdyti sunkius krovinius ir prisitaikyti prie sud\u0117tingos darbo aplinkos bei \u012fvairi\u0173 darbo reikalavim\u0173.<\/p>\n<p><img decoding=\"async\" src=\"https:\/\/www.hydraulic-cylinders.net\/wp-content\/uploads\/2025\/01\/songte-company-2.webp\" alt=\"Kau\u0161o cilindro vaizdas\"><\/p>\n<h2>Savyb\u0117s<\/h2>\n<ul>\n<li>Didelis stiprumas ir ilgaam\u017ei\u0161kumas: Paprastai pagaminti i\u0161 didelio stiprumo plieno arba aliuminio, jie gali atlaikyti didel\u012f sl\u0117g\u012f ir dideles apkrovas, prisitaikydami prie at\u0161iauri\u0173 darbo s\u0105lyg\u0173. Projektuojant atsi\u017evelgiama \u012f atsparum\u0105 dilimui ir korozijai, siekiant pailginti tarnavimo laik\u0105.<\/li>\n<li>Efektyvus hidraulinis veikimas: Skland\u016bs i\u0161pl\u0117timo ir susitraukimo judesiai pasiekiami naudojant hidraulin\u0117s alyvos sl\u0117g\u012f, kuris greitai reaguoja \u012f valdymo komandas ir u\u017etikrina stipri\u0105 st\u016bmimo bei traukimo j\u0117g\u0105, tinkam\u0105 sunkiems kroviniams kelti ir sud\u0117tingoms eksploatavimo u\u017eduotims atlikti.<\/li>\n<li>\u012evair\u016bs tipai: Cilindr\u0173 tipus galima pasirinkti pagal reikalavimus, pavyzd\u017eiui, vienpusio veikimo (hidraulin\u0117 sistema naudojama tik viena kryptimi) arba dvipusio veikimo (hidraulin\u0117 sistema naudojama dviem kryptimis), kad b\u016bt\u0173 patenkinti skirtingi eksploatavimo poreikiai. Kai kurie modeliai yra teleskopiniai, tod\u0117l juos galima labiau prailginti nedidinant i\u0161orini\u0173 matmen\u0173, tod\u0117l jie tinka naudoti ribotoje erdv\u0117je.<\/li>\n<li>Puikus pakeitimas: m\u016bs\u0173 gaminys gali puikiai pakeisti \u0161iuos hidraulinius cilindrus.<\/li>\n<\/ul>\n<p><img decoding=\"async\" src=\"https:\/\/www.hydraulic-cylinders.net\/wp-content\/uploads\/2025\/01\/songte-cylinder-head-with-all-kinds-excavator-models.webp\" alt=\"Kau\u0161o cilindro vaizdas\"><\/p>\n<h2>Parai\u0161kos<\/h2>\n<p>Kau\u0161\u0173 cilindrai da\u017eniausiai naudojami \u012fvairiose sunkiosiose ma\u0161inose, \u012fskaitant:<\/p>\n<ul>\n<li>Statybin\u0117 \u012franga: ekskavatoriuose jie yra labai svarb\u016bs kasant, kraunant ir perkeliant grunt\u0105 ar \u0161iuk\u0161les. Ekskavatoriuose kau\u0161o cilindras padeda tiek kasti, tiek kelti. <\/li>\n<li>\u017dem\u0117s \u016bkio technika: naudojama priekiniuose krautuvuose dirvo\u017eemiui, \u0161ienui ir kitoms med\u017eiagoms kasti, kelti ir transportuoti. <\/li>\n<li>Ekskavatoriai: Kau\u0161o cilindras leid\u017eia ekskavatoriui kasti, leisdamas kau\u0161ui prasiskverbti \u012f dirv\u0105. <\/li>\n<li>Krautuvai: Priekiniuose krautuvuose jie padeda efektyviai kelti ir pakreipti krovinius. <\/li>\n<\/ul>\n<h2>Projektavimo aspektai ir atrankos standartai<\/h2>\n<p>Projektuojant kau\u0161o cilindr\u0105, ypatingas d\u0117mesys tur\u0117t\u0173 b\u016bti skiriamas jo laikomajai galiai, sandarumui, ilgaam\u017ei\u0161kumui, saugumui ir prie\u017ei\u016brai. Kai kurie projektavimo aspektai yra \u0161ie:<\/p>\n<ul>\n<li>Guoli\u0173 talpa: Cilindras turi atlaikyti maksimali\u0105 apkrov\u0105, numatom\u0105 eksploatacijos metu.<\/li>\n<li>Sandarinimas: \u012evairi\u0173 sandarinimo med\u017eiag\u0173, toki\u0173 kaip st\u016bmokliniai sandarikliai, stryp\u0173 sandarikliai ir kt., naudojimas su atspariomis dilimui med\u017eiagomis, tokiomis kaip poliuretanas ir nitrilo kau\u010diukas, gali pailginti cilindro tarnavimo laik\u0105.<\/li>\n<li>Patvarumas: Cilindro korpusas ir sriegio galo pavir\u0161ius turi b\u016bti smulkiai apdoroti, taip padidinant cilindro atsparum\u0105 dilimui.<\/li>\n<li>Sauga: Balionai turi b\u016bti suprojektuoti taip, kad b\u016bt\u0173 i\u0161vengta nuot\u0117kio, l\u016b\u017eio ar staigaus sl\u0117gio suma\u017e\u0117jimo, siekiant u\u017etikrinti \u012frangos ir operatori\u0173 saug\u0105.<\/li>\n<li>Prie\u017ei\u016bra: Reguliarus cilindro patikrinimas ir reguliavimas gali u\u017etikrinti tinkam\u0105 jo veikim\u0105 ir pailginti jo tarnavimo laik\u0105.<\/li>\n<\/ul>\n<p><img decoding=\"async\" src=\"https:\/\/www.hydraulic-cylinders.net\/wp-content\/uploads\/2025\/01\/songte-oil-pipes-and-spare-parts.webp\" alt=\"Kau\u0161o cilindro vaizdas\"><\/p>\n<h2>Sandarinimas ir tepimas<\/h2>\n<p>Kau\u0161\u0173 cilindruose naudojami \u012fvair\u016bs sandarinimo komponentai, tokie kaip st\u016bmokli\u0173 ir kot\u0173 sandarikliai, siekiant i\u0161vengti hidraulin\u0117s alyvos nuot\u0117kio. Sandarinimo med\u017eiagos paprastai yra poliuretanas ir nitrilo kau\u010diukas, kurie yra atspar\u016bs dilimui ir pasi\u017eymi puikiomis sandarinimo savyb\u0117mis. Tinkamas tepimas taip pat svarbus norint u\u017etikrinti skland\u0173 cilindro veikim\u0105. Rekomenduojama reguliariai \u012fpilti reikiam\u0105 kiek\u012f hidraulin\u0117s alyvos.<\/p>\n<h2>Profilaktin\u0117 prie\u017ei\u016bra ir trik\u010di\u0173 \u0161alinimas<\/h2>\n<p>Profilaktin\u0117 prie\u017ei\u016bra yra labai svarbi siekiant u\u017etikrinti kau\u0161o cilindro ilgaam\u017ei\u0161kum\u0105. Reguliar\u016bs patikrinimai, tinkamas tepimas, sandarinimo komponent\u0173 keitimas ir kalibravimo patikrinimai yra \u012fprastos prie\u017ei\u016bros u\u017eduotys. Jei kyla problem\u0173, tinkami trik\u010di\u0173 \u0161alinimo metodai gali pad\u0117ti jas diagnozuoti ir veiksmingai i\u0161spr\u0119sti. Taip pat svarbu imtis prevencini\u0173 priemoni\u0173, kad b\u016bt\u0173 suma\u017eintos galimos problemos.<\/p>\n<p><img decoding=\"async\" src=\"https:\/\/www.hydraulic-cylinders.net\/wp-content\/uploads\/2025\/01\/songte-chushion-collar.webp\" alt=\"Kau\u0161o cilindro vaizdas\"><\/p>\n<h2>Saugos ir aplinkosaugos aspektai<\/h2>\n<p>Naudojant kau\u0161inius cilindrus, reikia imtis saugos priemoni\u0173, kad b\u016bt\u0173 i\u0161vengta nelaiming\u0173 atsitikim\u0173 ir su\u017ealojim\u0173. Svarbu laikytis saugos nurodym\u0173 ir instrukcij\u0173, kaip tinkamai sumontuoti ir naudoti cilindr\u0105. Aplinkosaugos po\u017ei\u016briu, tinkamas panaudotos hidraulin\u0117s alyvos ir kit\u0173 cilindr\u0173 komponent\u0173 utilizavimas yra b\u016btinas siekiant i\u0161vengti aplinkos u\u017eter\u0161imo.<\/p>\n<h2>\u012emon\u0117s pristatymas<\/h2>\n<p>Esame pirmaujanti hidraulini\u0173 cilindr\u0173 gamintoja ir didmenin\u0117 platintoja vidaus ir tarptautin\u0117se rinkose. M\u016bs\u0173 gamini\u0173 asortimentas yra platus, o mes siekiame nepriekai\u0161tingos kokyb\u0117s. Naudodami industrializuotas gamybos valdymo strategijas, kurias palaiko kvalifikuoti specialistai, auk\u0161\u010diausios klas\u0117s skaitmenin\u0117 gamybos \u012franga ir profesionalios testavimo sistemos, nuolat tobuliname savo gamybos platform\u0105, tobuliname gamybos proces\u0105 ir turime stipri\u0173 inovacij\u0173 paj\u0117gum\u0173, kad patenkintume \u012fvairius m\u016bs\u0173 klient\u0173 poreikius.<\/p>\n<ul>\n<li>Profesionalumas: Turime profesionali\u0173 in\u017einieri\u0173 komand\u0105, kuri gali teikti individualias paslaugas pagal klient\u0173 reikalavimus.<\/li>\n<li>Tarptautinis sertifikatas: M\u016bs\u0173 gaminiai yra gav\u0119 tarptautinius sertifikatus, tokius kaip ISO9001 ir CE.<\/li>\n<li>Pritaikymo paslauga: teikiame \u012fvairi\u0173 hidraulini\u0173 cilindr\u0173 pritaikymo paslaugas pagal klient\u0173 reikalavimus.<\/li>\n<li>Gamybos \u012franga: Turime pa\u017eangi\u0105 gamybos \u012frang\u0105, toki\u0105 kaip CNC tekinimo stakl\u0117s, apdirbimo centrai ir suvirinimo robotai.<\/li>\n<li>Aptarnavimas po pardavimo: teikiame auk\u0161tos kokyb\u0117s aptarnavim\u0105 po pardavimo, \u012fskaitant detali\u0173 keitim\u0105 ir remonto paslaugas.<\/li>\n<\/ul>\n<p><img decoding=\"async\" src=\"https:\/\/hzpt.com\/wp-content\/uploads\/2024\/11\/songte-company-1.webp\" alt=\"Kau\u0161o cilindro vaizdas\"><\/p>\n<p>Autorius: lyl<\/p>","protected":false},"excerpt":{"rendered":"<p>Bucket Cylinder For Komatsu Small Excavator PC120-3-5-6-6E-7 Introduction A bucket cylinder is a specially designed hydraulic cylinder that is primarily used to control the movement of the bucket in heavy machinery, such as excavators, backhoes, and front-end loaders. Its main function is to enable the bucket to be raised, lowered, and tilted, making it easier [&hellip;]<\/p>","protected":false},"featured_media":14784,"comment_status":"open","ping_status":"closed","template":"","meta":{"_et_pb_use_builder":"","_et_pb_old_content":"","_et_gb_content_width":""},"product_brand":[],"product_cat":[1494],"product_tag":[1495,1496],"class_list":{"0":"post-15121","1":"product","2":"type-product","3":"status-publish","4":"has-post-thumbnail","6":"product_cat-bucket-cylinders","7":"product_tag-bucket-cylinders","8":"product_tag-hydraulic-cylinders","10":"first","11":"instock","12":"shipping-taxable","13":"product-type-simple"},"amp_enabled":true,"_links":{"self":[{"href":"https:\/\/www.hydraulic-cylinders.net\/lt\/wp-json\/wp\/v2\/product\/15121","targetHints":{"allow":["GET"]}}],"collection":[{"href":"https:\/\/www.hydraulic-cylinders.net\/lt\/wp-json\/wp\/v2\/product"}],"about":[{"href":"https:\/\/www.hydraulic-cylinders.net\/lt\/wp-json\/wp\/v2\/types\/product"}],"replies":[{"embeddable":true,"href":"https:\/\/www.hydraulic-cylinders.net\/lt\/wp-json\/wp\/v2\/comments?post=15121"}],"wp:featuredmedia":[{"embeddable":true,"href":"https:\/\/www.hydraulic-cylinders.net\/lt\/wp-json\/wp\/v2\/media\/14784"}],"wp:attachment":[{"href":"https:\/\/www.hydraulic-cylinders.net\/lt\/wp-json\/wp\/v2\/media?parent=15121"}],"wp:term":[{"taxonomy":"product_brand","embeddable":true,"href":"https:\/\/www.hydraulic-cylinders.net\/lt\/wp-json\/wp\/v2\/product_brand?post=15121"},{"taxonomy":"product_cat","embeddable":true,"href":"https:\/\/www.hydraulic-cylinders.net\/lt\/wp-json\/wp\/v2\/product_cat?post=15121"},{"taxonomy":"product_tag","embeddable":true,"href":"https:\/\/www.hydraulic-cylinders.net\/lt\/wp-json\/wp\/v2\/product_tag?post=15121"}],"curies":[{"name":"wp","href":"https:\/\/api.w.org\/{rel}","templated":true}]}}