{"id":15123,"date":"2025-01-19T14:08:05","date_gmt":"2025-01-19T14:08:05","guid":{"rendered":"https:\/\/www.hydraulic-cylinders.net\/product\/bucket-cylinder-for-komatsu-small-excavator-pc45-1-5-7\/"},"modified":"2025-01-19T14:08:06","modified_gmt":"2025-01-19T14:08:06","slug":"bucket-cylinder-for-komatsu-small-excavator-pc45-1-5-7","status":"publish","type":"product","link":"https:\/\/www.hydraulic-cylinders.net\/lt\/produktas\/bucket-cylinder-for-komatsu-small-excavator-pc45-1-5-7\/","title":{"rendered":"Kau\u0161o cilindras Komatsu ma\u017eam ekskavatoriui PC45-1-5-7"},"content":{"rendered":"<p><!DOCTYPE html><br \/>\n<html><br \/>\n<head><\/p>\n<style>\nh2 {\n  font-size: 24px;\n  font-weight: bold;\n  margin-top: 30px;\n}<\/p>\n<p>h3 {\n  font-size: 20px;\n  font-weight: bold;\n  margin-top: 15px;\n}<\/p>\n<p>ul {\n  list-style-type: disc;\n  margin-top: 15px;\n  margin-bottom: 15px;\n}<\/p>\n<p>img {\n  margin-top: 30px;\n  max-width: 100%;\n  height: auto;\n}\n<\/style>\n<p><\/head><br \/>\n<body><\/p>\n<h2>Kau\u0161o cilindras Komatsu ma\u017eam ekskavatoriui PC45-1-5-7<\/h2>\n<h3>\u012evadas<\/h3>\n<p>\n\u201eKomatsu\u201c ma\u017eojo ekskavatoriaus PC45-1-5-7 kau\u0161o cilindras yra specializuotas hidraulinis cilindras, skirtas valdyti kau\u0161o jud\u0117jim\u0105 sunkiojoje technikoje, tokioje kaip ekskavatoriai, ekskavatoriniai krautuvai ir frontaliniai krautuvai. Pagrindin\u0117 jo funkcija \u2013 leisti pakelti, nuleisti ir pakreipti kau\u0161\u0105, tod\u0117l jis tinka \u012fvairioms med\u017eiag\u0173 tvarkymo u\u017eduotims. Hidraulin\u0117je sistemoje kau\u0161o cilindras naudoja hidraulin\u0117s alyvos sl\u0117gio poky\u010dius, kad tiksliai valdyt\u0173 kau\u0161\u0105, o tai leid\u017eia operatoriams efektyviai valdyti sunkius krovinius ir prisitaikyti prie sud\u0117tingos darbo aplinkos bei \u012fvairi\u0173 darbo reikalavim\u0173.\n<\/p>\n<p><img decoding=\"async\" src=\"https:\/\/www.hydraulic-cylinders.net\/wp-content\/uploads\/2025\/01\/songte-company-2.webp\" alt=\"Kau\u0161o cilindro vaizdas\"><\/p>\n<h3>Savyb\u0117s<\/h3>\n<ul>\n<li>Didelis stiprumas ir ilgaam\u017ei\u0161kumas: Paprastai i\u0161 didelio stiprumo plieno arba aliuminio pagamintas kau\u0161o cilindras gali atlaikyti auk\u0161t\u0105 sl\u0117g\u012f ir dideles apkrovas, prisitaikyti prie at\u0161iauri\u0173 darbo s\u0105lyg\u0173 ir yra suprojektuotas atsi\u017evelgiant \u012f atsparum\u0105 dilimui ir korozijai, taip pailginant jo tarnavimo laik\u0105.<\/li>\n<li>Efektyvus hidraulinis veikimas: Naudodamas hidraulin\u0117s alyvos sl\u0117g\u012f, kau\u0161o cilindras u\u017etikrina skland\u017eius i\u0161pl\u0117timo ir atitraukimo judesius, greitai reaguoja \u012f valdymo komandas, u\u017etikrina galingas st\u016bmimo ir traukimo j\u0117gas ir tinka sunkiems kroviniams bei sud\u0117tingoms darbo u\u017eduotims atlikti.<\/li>\n<li>Universal\u016bs tipai: Kau\u0161o cilindr\u0105 galima pasirinkti kaip vienpusio veikimo (hidraulinis sl\u0117gis naudojamas tik viena kryptimi) arba dvipusio veikimo (hidraulinis sl\u0117gis naudojamas abiem kryptimis), priklausomai nuo eksploatacini\u0173 reikalavim\u0173. Kai kurie modeliai yra teleskopiniai, tod\u0117l juos galima labiau prailginti nedidinant i\u0161orini\u0173 matmen\u0173, tod\u0117l jie tinka naudoti ribotoje erdv\u0117je.<\/li>\n<li>Puikus pakeitimas: M\u016bs\u0173 gaminiai gali puikiai pakeisti \u0161iuos hidraulinius cilindrus. <\/li>\n<\/ul>\n<p><img decoding=\"async\" src=\"https:\/\/www.hydraulic-cylinders.net\/wp-content\/uploads\/2025\/01\/songte-cylinder-head-with-all-kinds-excavator-models.webp\" alt=\"Hidraulinio cilindro vaizdas\"><\/p>\n<h3>Parai\u0161kos<\/h3>\n<ul>\n<li>Statybin\u0117 \u012franga: randama ekskavatoriuose, ji yra b\u016btina kasant, kraunant ir perkeliant grunt\u0105 ar \u0161iuk\u0161les. Ekskavatoriuose kau\u0161o cilindras padeda tiek kasti, tiek kelti.<\/li>\n<li>\u017dem\u0117s \u016bkio technika: Naudojama priekiniuose krautuvuose, jie padeda i\u0161kasti, pakelti ir transportuoti dirvo\u017eem\u012f, \u0161ien\u0105 ir kitas med\u017eiagas.<\/li>\n<li>Ekskavatoriai: Kau\u0161o cilindras leid\u017eia atlikti kasimo veiksmus, leisdamas kau\u0161ui \u012fsiskverbti \u012f dirv\u0105.<\/li>\n<li>Krautuvai: Priekiniuose krautuvuose jie padeda efektyviai kelti ir pakreipti prekes.<\/li>\n<\/ul>\n<h3>Projektavimo aspektai ir atrankos kriterijai<\/h3>\n<ul>\n<li>Keliamoji galia: Kau\u0161o cilindras yra suprojektuotas taip, kad atlaikyt\u0173 nurodyt\u0105 keliam\u0105j\u0105 gali\u0105.<\/li>\n<li>Sandarinimas: Siekiant u\u017etikrinti tinkam\u0105 sandarinimo efektyvum\u0105, naudojami \u012fvair\u016bs sandarinimo komponentai, tokie kaip st\u016bmokli\u0173 ir kot\u0173 sandarikliai. \u0160ie sandarikliai pagaminti i\u0161 atspari\u0173 dilimui med\u017eiag\u0173, toki\u0173 kaip poliuretanas ir nitrilo kau\u010diukas. Cilindro korpusas ir srieginiai galai yra kruop\u0161\u010diai apdirbti, siekiant pagerinti atsparum\u0105 dilimui.<\/li>\n<li>Patvarumas: Kau\u0161o cilindras pagamintas i\u0161 med\u017eiag\u0173 ir dang\u0173, kurios padidina jo patvarum\u0105 ir atsparum\u0105 korozijai, u\u017etikrindamos ilgesn\u012f tarnavimo laik\u0105.<\/li>\n<li>Sauga: \u012ediegtos projektavimo ypatyb\u0117s, u\u017etikrinan\u010dios saug\u0173 eksploatavim\u0105 ir suma\u017einan\u010dios galimus pavojus. <\/li>\n<li>Prie\u017ei\u016bra: Kau\u0161o cilindras yra suprojektuotas taip, kad j\u012f b\u016bt\u0173 lengva pri\u017ei\u016br\u0117ti ir remontuoti, tod\u0117l j\u012f galima efektyviai aptarnauti ir suma\u017einti prastovas.<\/li>\n<\/ul>\n<p><img decoding=\"async\" src=\"https:\/\/www.hydraulic-cylinders.net\/wp-content\/uploads\/2025\/01\/songte-oil-pipes-and-spare-parts.webp\" alt=\"Hidraulinio cilindro dali\u0173 vaizdas\"><\/p>\n<h3>Sandarinimas ir tepimas<\/h3>\n<p>\nKau\u0161o cilindre naudojami \u012fvair\u016bs sandarinimo komponentai, tokie kaip st\u016bmokli\u0173 ir kot\u0173 sandarikliai, kurie pagaminti i\u0161 atspari\u0173 dilimui med\u017eiag\u0173, toki\u0173 kaip poliuretanas ir nitrilo kau\u010diukas. Cilindro korpusas ir srieginiai galai yra kruop\u0161\u010diai apdirbami, siekiant pagerinti atsparum\u0105 dilimui. Norint u\u017etikrinti skland\u0173 cilindro komponent\u0173 veikim\u0105 ir sutepim\u0105, b\u016btina reguliariai tepti tinkamu hidraulin\u0117s alyvos kiekiu.\n<\/p>\n<h3>Reguliarus patikrinimas ir prevencin\u0117 prie\u017ei\u016bra<\/h3>\n<ul>\n<li>Reguliariai tikrinkite kau\u0161o cilindr\u0105, ar n\u0117ra pa\u017eeidim\u0173, nuot\u0117ki\u0173 ar susid\u0117v\u0117jimo po\u017eymi\u0173.<\/li>\n<li>U\u017etikrinkite tinkam\u0105 cilindro sutepim\u0105 ir, jei reikia, pakeiskite sandariklius.<\/li>\n<li>Patikrinkite ir kalibruokite cilindr\u0105, kad i\u0161laikytum\u0117te optimal\u0173 na\u0161um\u0105.<\/li>\n<\/ul>\n<h3>Tinkamo \u012frengimo vadovas<\/h3>\n<p>\nNor\u0117dami teisingai sumontuoti cilindro formos svirt\u012f, laikykit\u0117s \u0161i\u0173 nurodym\u0173:\n<\/p>\n<ul>\n<li>Montavimo metu tinkamai sulygiuokite cilindr\u0105.<\/li>\n<li>Cilindrui pritvirtinti naudokite tinkamus tvirtinimo laikiklius.<\/li>\n<\/ul>\n<p><img decoding=\"async\" src=\"https:\/\/www.hydraulic-cylinders.net\/wp-content\/uploads\/2025\/01\/songte-chushion-collar.webp\" alt=\"Pagalv\u0117l\u0117s apykakl\u0117s vaizdas\"><\/p>\n<h3>Prie\u017ei\u016bros u\u017eduotys<\/h3>\n<ul>\n<li>Reguliar\u016bs patikrinimai<\/li>\n<li>Tinkamas tepimas<\/li>\n<li>Sandariklio keitimas<\/li>\n<li>Kalibravimo patikrinimai<\/li>\n<\/ul>\n<p>\nPabr\u0117\u017ekite teisingo montavimo, tepimo ir reguliavimo svarb\u0105. Pateikite rekomendacijas, kaip tinkamai sulygiuoti cilindr\u0105 montavimo metu, ir rekomenduokite naudoti tinkamus montavimo laikiklius cilindrui pritvirtinti. Rekomenduokite patikrinimo, remonto ir keitimo proced\u016bras. Si\u016blykite atsargines dalis ir remonto paslaugas, kad prailgintum\u0117te kau\u0161o cilindro tarnavimo laik\u0105.\n<\/p>\n<p><img decoding=\"async\" src=\"https:\/\/www.hydraulic-cylinders.net\/wp-content\/uploads\/2025\/01\/songte-bushings-with-all-kinds-of-excavator-models.webp\" alt=\"Ekskavatoriaus \u012fvori\u0173 vaizdas\"><\/p>\n<h3>Saugos aspektai ir aplinkos veiksniai<\/h3>\n<p>\nNaudojant kau\u0161o tipo cilindr\u0105, svarbu laikytis saugos priemoni\u0173, kad b\u016bt\u0173 i\u0161vengta nelaiming\u0173 atsitikim\u0173 ir u\u017etikrintas saugus eksploatavimas. Atsi\u017evelkite \u012f aplinkos veiksnius, tokius kaip temperat\u016bra ir eksploatavimo s\u0105lygos, kad optimizuotum\u0117te cilindro veikim\u0105 ir ilgaam\u017ei\u0161kum\u0105.\n<\/p>\n<h3>Trik\u010di\u0173 \u0161alinimas ir da\u017eniausiai pasitaikan\u010dios problemos<\/h3>\n<p>\nNustatyti galimas trik\u010di\u0173 \u0161alinimo sritis ir da\u017eniausiai pasitaikan\u010dias problemas, susijusias su kau\u0161o cilindru. Pateikti patarim\u0173 ir sprendim\u0173, kaip efektyviai diagnozuoti ir i\u0161spr\u0119sti problemas. Pasi\u016blyti prevencines priemones, skirtas suma\u017einti galimas problemas.\n<\/p>\n<p><img decoding=\"async\" src=\"https:\/\/www.hydraulic-cylinders.net\/wp-content\/uploads\/2025\/01\/songte-company-1.webp\" alt=\"\u012emon\u0117s \u012fvaizdis\"><\/p>\n<h3>Apie m\u016bs\u0173 \u012fmon\u0119<\/h3>\n<p>\nEsame pakaitini\u0173 hidraulini\u0173 cilindr\u0173 gamintojas ir pirmaujantis gamintojas bei didmeninis platintojas vidaus ir tarptautin\u0117se rinkose. M\u016bs\u0173 \u012fmon\u0117 laikosi meistri\u0161kumo princip\u0173 ir savo pa\u017eangiose gamybos dirbtuv\u0117se remiasi pramonin\u0117s gamybos valdymo strategijomis. D\u0117mes\u012f sutelkdami \u012f technologinius talentus, auk\u0161\u010diausios klas\u0117s skaitmenin\u0119 gamybos \u012frang\u0105 ir profesionalias testavimo sistemas, nuolat tobuliname savo gamybos platform\u0105, geriname gamini\u0173 kokyb\u0117s gamybos b\u016bdus ir turime stipri\u0173 k\u016brybini\u0173 paj\u0117gum\u0173. Siekiame patenkinti \u012fvairius savo klient\u0173 poreikius, u\u017etikrindami auk\u0161t\u0105 efektyvum\u0105, tikslum\u0105 ir kokyb\u0119.\n<\/p>\n<p><img decoding=\"async\" src=\"https:\/\/www.hydraulic-cylinders.net\/wp-content\/uploads\/2025\/01\/songte-company-3.webp\" alt=\"\u012emon\u0117s \u012fvaizdis\"><\/p>\n<h3>\u012emon\u0117s akcentai<\/h3>\n<ul>\n<li>Profesionalumas<\/li>\n<li>Tarptautiniai sertifikatai<\/li>\n<li>Pritaikymo paslaugos<\/li>\n<li>Gamybos \u012franga<\/li>\n<li>Aptarnavimas po pardavimo<\/li>\n<\/ul>\n<p>Autorius: lyl<\/p>\n<p><\/body><br \/>\n<\/html><\/p>","protected":false},"excerpt":{"rendered":"<p>Bucket Cylinder For Komatsu Small Excavator PC45-1-5-7 Introduction A bucket cylinder for Komatsu small excavator PC45-1-5-7 is a specialized hydraulic cylinder designed to control the movement of the bucket in heavy machinery such as excavators, backhoe loaders, and front-end loaders. Its main function is to enable the lifting, lowering, and tilting of the bucket, making [&hellip;]<\/p>","protected":false},"featured_media":14780,"comment_status":"open","ping_status":"closed","template":"","meta":{"_et_pb_use_builder":"","_et_pb_old_content":"","_et_gb_content_width":""},"product_brand":[],"product_cat":[1494],"product_tag":[1495,1496],"class_list":{"0":"post-15123","1":"product","2":"type-product","3":"status-publish","4":"has-post-thumbnail","6":"product_cat-bucket-cylinders","7":"product_tag-bucket-cylinders","8":"product_tag-hydraulic-cylinders","10":"first","11":"instock","12":"shipping-taxable","13":"product-type-simple"},"amp_enabled":true,"_links":{"self":[{"href":"https:\/\/www.hydraulic-cylinders.net\/lt\/wp-json\/wp\/v2\/product\/15123","targetHints":{"allow":["GET"]}}],"collection":[{"href":"https:\/\/www.hydraulic-cylinders.net\/lt\/wp-json\/wp\/v2\/product"}],"about":[{"href":"https:\/\/www.hydraulic-cylinders.net\/lt\/wp-json\/wp\/v2\/types\/product"}],"replies":[{"embeddable":true,"href":"https:\/\/www.hydraulic-cylinders.net\/lt\/wp-json\/wp\/v2\/comments?post=15123"}],"wp:featuredmedia":[{"embeddable":true,"href":"https:\/\/www.hydraulic-cylinders.net\/lt\/wp-json\/wp\/v2\/media\/14780"}],"wp:attachment":[{"href":"https:\/\/www.hydraulic-cylinders.net\/lt\/wp-json\/wp\/v2\/media?parent=15123"}],"wp:term":[{"taxonomy":"product_brand","embeddable":true,"href":"https:\/\/www.hydraulic-cylinders.net\/lt\/wp-json\/wp\/v2\/product_brand?post=15123"},{"taxonomy":"product_cat","embeddable":true,"href":"https:\/\/www.hydraulic-cylinders.net\/lt\/wp-json\/wp\/v2\/product_cat?post=15123"},{"taxonomy":"product_tag","embeddable":true,"href":"https:\/\/www.hydraulic-cylinders.net\/lt\/wp-json\/wp\/v2\/product_tag?post=15123"}],"curies":[{"name":"wp","href":"https:\/\/api.w.org\/{rel}","templated":true}]}}