{"id":15125,"date":"2025-01-19T14:08:12","date_gmt":"2025-01-19T14:08:12","guid":{"rendered":"https:\/\/www.hydraulic-cylinders.net\/product\/bucket-cylinder-for-komatsu-small-excavator-pc100-3-5-6\/"},"modified":"2025-01-19T14:08:14","modified_gmt":"2025-01-19T14:08:14","slug":"bucket-cylinder-for-komatsu-small-excavator-pc100-3-5-6","status":"publish","type":"product","link":"https:\/\/www.hydraulic-cylinders.net\/lt\/produktas\/bucket-cylinder-for-komatsu-small-excavator-pc100-3-5-6\/","title":{"rendered":"Kau\u0161o cilindras Komatsu ma\u017eam ekskavatoriui PC100-3-5-6"},"content":{"rendered":"<h2>Kau\u0161o cilindras Komatsu ma\u017eam ekskavatoriui PC100-3-5-6<\/h2>\n<h3>\u012evadas:<\/h3>\n<p>Kau\u0161o cilindras yra specialiai sukurtas hidraulinis cilindras, naudojamas valdyti kau\u0161o jud\u0117jim\u0105 sunkiosiose ma\u0161inose, tokiose kaip ekskavatoriai, ekskavatoriniai ekskavatoriai ir frontaliniai krautuvai. Pagrindin\u0117 jo funkcija \u2013 leisti kau\u0161\u0105 pakelti, nuleisti ir pakreipti, kad b\u016bt\u0173 lengva tvarkyti \u012fvairias med\u017eiagas. Hidraulin\u0117je sistemoje kau\u0161o cilindras tiksliai valdo kau\u0161\u0105 keisdamas hidraulin\u0117s alyvos sl\u0117g\u012f, tod\u0117l operatoriai gali efektyviai tvarkyti sunkius krovinius ir prisitaikyti prie sud\u0117tingos darbo aplinkos bei \u012fvairi\u0173 darbo reikalavim\u0173.<\/p>\n<p><img decoding=\"async\" src=\"https:\/\/www.hydraulic-cylinders.net\/wp-content\/uploads\/2025\/01\/songte-company-2.webp\"><\/p>\n<h3>Savyb\u0117s:<\/h3>\n<ul>\n<li>Didelis stiprumas ir ilgaam\u017ei\u0161kumas: paprastai pagaminti i\u0161 didelio stiprumo plieno arba aliuminio, galintys atlaikyti auk\u0161t\u0105 sl\u0117g\u012f ir dideles apkrovas, tinkami at\u0161iaurioms darbo aplinkoms, suprojektuoti atsi\u017evelgiant \u012f atsparum\u0105 dilimui ir korozijai, prailginantys tarnavimo laik\u0105.<\/li>\n<li>Efektyvus hidraulinis veikimas: sklandus i\u0161pl\u0117timas ir susitraukimas pasiekiamas d\u0117l hidraulin\u0117s alyvos sl\u0117gio, greitai reaguoja \u012f valdymo komandas, u\u017etikrina galing\u0105 st\u016bmimo ir traukimo j\u0117g\u0105, tinka sunkiems kroviniams kelti ir sud\u0117tingoms u\u017eduotims atlikti.<\/li>\n<li>\u012evair\u016bs tipai: vienpusio veikimo (hidraulinis naudojamas tik viena kryptimi) arba dvipusio veikimo (hidraulinis naudojamas abiem kryptimis) cilindrus galima pasirinkti pagal poreikius, kad b\u016bt\u0173 patenkinti skirtingi eksploatavimo reikalavimai. Kai kurie modeliai yra teleskopiniai, tod\u0117l juos galima labiau i\u0161tiesti nedidinant i\u0161orini\u0173 matmen\u0173, tod\u0117l jie tinka naudoti ribotoje erdv\u0117je.<\/li>\n<li>Gali puikiai pakeisti kitus hidraulinius cilindrus.<\/li>\n<\/ul>\n<p><img decoding=\"async\" src=\"https:\/\/www.hydraulic-cylinders.net\/wp-content\/uploads\/2025\/01\/songte-cylinder-head-with-all-kinds-excavator-models.webp\"><\/p>\n<h3>Parai\u0161kos:<\/h3>\n<p>Kau\u0161\u0173 cilindrai da\u017eniausiai naudojami \u012fvairiose statybos, \u017eem\u0117s \u016bkio ir med\u017eiag\u0173 tvarkymo \u012frangose:<\/p>\n<ul>\n<li>Statybin\u0117 \u012franga: ekskavatoriai, ekskavatoriai-ekskavatoriai, frontaliniai krautuvai<\/li>\n<li>\u017dem\u0117s \u016bkio technika: frontaliniai krautuvai, naudojami dirvo\u017eemiui, \u0161ienui ir kitoms med\u017eiagoms krauti, kelti ir transportuoti<\/li>\n<li>Ekskavatoriai: kau\u0161o cilindrai leid\u017eia kau\u0161ui \u012fsiskverbti \u012f dirv\u0105, kad b\u016bt\u0173 pasiektas kasimo veiksmas<\/li>\n<li>Priekiniai krautuvai: kau\u0161o cilindrai padeda efektyviai pakelti ir i\u0161krauti prekes<\/li>\n<\/ul>\n<h3>Projektavimo ir atrankos kriterijai:<\/h3>\n<p>Projektavimo po\u017ei\u016briu, svarb\u016bs baliono laikomoji galia, sandarumas, ilgaam\u017ei\u0161kumas, saugumas ir prie\u017ei\u016bra:<\/p>\n<ul>\n<li>Keliamoji galia: cilindras turi atlaikyti \u012frangos ir tvarkomos med\u017eiagos keliam\u0105 apkrov\u0105. <\/li>\n<li>Sandarinimas: Siekiant i\u0161vengti alyvos nuot\u0117kio ir i\u0161laikyti sistemos patikimum\u0105, naudojami \u012fvair\u016bs sandarikliai, tokie kaip st\u016bmokli\u0173 sandarikliai, stryp\u0173 sandarikliai ir kt. <\/li>\n<li>Patvarumas: cilindras turi b\u016bti suprojektuotas atsi\u017evelgiant \u012f atsparum\u0105 dilimui ir korozijai, o cilindro korpusas, st\u016bmoklio kotas ir kiti komponentai turi b\u016bti pagaminti i\u0161 didelio stiprumo med\u017eiag\u0173. <\/li>\n<li>Sauga: balionas turi tur\u0117ti saug\u0173 darbin\u012f sl\u0117g\u012f ir b\u016bti apr\u016bpintas patikimais saugos \u012ftaisais, kad b\u016bt\u0173 i\u0161vengta perkrov\u0173 ir nelaiming\u0173 atsitikim\u0173. <\/li>\n<li>Prie\u017ei\u016bra: cilindras turi b\u016bti suprojektuotas taip, kad j\u012f b\u016bt\u0173 lengva pri\u017ei\u016br\u0117ti ir remontuoti, su lengvai prieinamais komponentais ir lengvai i\u0161ardoma konstrukcija. <\/li>\n<\/ul>\n<p><img decoding=\"async\" src=\"https:\/\/www.hydraulic-cylinders.net\/wp-content\/uploads\/2025\/01\/songte-oil-pipes-and-spare-parts.webp\"><\/p>\n<h3>Sandarinimas ir tepimas:<\/h3>\n<p>Siekiant i\u0161vengti alyvos nuot\u0117kio ir u\u017etikrinti sistemos patikimum\u0105, naudojami \u012fvair\u016bs sandarinimo elementai, tokie kaip st\u016bmoklio sandarinimo \u017eiedai, strypo sandarinimo \u017eiedai ir kt. Sandarikliai pagaminti i\u0161 atspari\u0173 dilimui med\u017eiag\u0173, toki\u0173 kaip poliuretanas ir nitrilo kau\u010diukas. Cilindro korpusas ir srieginiai galiniai pavir\u0161iai yra kruop\u0161\u010diai apdirbti, siekiant pagerinti atsparum\u0105 dilimui. Norint u\u017etikrinti skland\u0173 cilindro veikim\u0105, b\u016btina reguliariai tepti tinkama hidrauline alyva.<\/p>\n<h3>Prie\u017ei\u016bra:<\/h3>\n<p>Reguliarus patikrinimas ir prevencin\u0117s prie\u017ei\u016bros priemon\u0117s yra b\u016btinos cilindro ilgaam\u017ei\u0161kumui:<\/p>\n<ul>\n<li>Reguliariai tikrinkite, ar cilindre ir jo komponentuose n\u0117ra nuot\u0117ki\u0173, pa\u017eeidim\u0173 ir susid\u0117v\u0117jimo.<\/li>\n<li>Tinkamas tepimas u\u017etikrina skland\u0173 cilindro veikim\u0105.<\/li>\n<li>Tarpikli\u0173 keitimas ir kalibravimo patikrinimai, kai reikia.<\/li>\n<li>Tinkamas montavimas, i\u0161lyginimas ir tinkam\u0173 tvirtinimo laikikli\u0173 naudojimas cilindrui pritvirtinti.<\/li>\n<li>Rekomenduojamos cilindro patikros, remonto ir keitimo proced\u016bros, siekiant prailginti jo tarnavimo laik\u0105.<\/li>\n<\/ul>\n<p><img decoding=\"async\" src=\"https:\/\/www.hydraulic-cylinders.net\/wp-content\/uploads\/2025\/01\/songte-chushion-collar.webp\"><\/p>\n<h3>Saugos aspektai ir aplinkos veiksniai:<\/h3>\n<p>Naudojant kau\u0161inius cilindrus, reikia imtis saugos priemoni\u0173, kad b\u016bt\u0173 i\u0161vengta nelaiming\u0173 atsitikim\u0173 ir su\u017ealojim\u0173. Tinkamas \u012frengimas, eksploatavimas ir prie\u017ei\u016bra yra b\u016btini saugiam ir efektyviam darbui. Renkantis ir eksploatuojant kau\u0161inius cilindrus, taip pat reik\u0117t\u0173 atsi\u017evelgti \u012f aplinkos veiksnius, tokius kaip temperat\u016bra ir dr\u0117gm\u0117, kad jie veikt\u0173 skland\u017eiai ir patikimai.<\/p>\n<h3>Gedim\u0173 diagnostika ir da\u017eniausiai pasitaikan\u010dios problemos:<\/h3>\n<p>Da\u017eniausi kau\u0161o cilindr\u0173 gedimai yra alyvos nuot\u0117kis, nepakankamas sl\u0117gis, nepakankama j\u0117ga ir prastas pad\u0117ties nustatymo tikslumas. Reguliarus patikrinimas ir prie\u017ei\u016bra gali pad\u0117ti i\u0161vengti \u0161i\u0173 problem\u0173. Jei problem\u0173 i\u0161kyla, problemos \u0161altiniui nustatyti galima naudoti diagnostines priemones, tokias kaip sl\u0117gio matavimas, vo\u017etuv\u0173 bandymas ir vizualin\u0117 ap\u017ei\u016bra.<\/p>\n<p><img decoding=\"async\" src=\"https:\/\/www.hydraulic-cylinders.net\/wp-content\/uploads\/2025\/01\/songte-bushings-with-all-kinds-of-excavator-models.webp\"><\/p>\n<h3>Apie mus:<\/h3>\n<p>Esame pakaitini\u0173 hidraulini\u0173 cilindr\u0173 gamintojas. M\u016bs\u0173 \u012fmon\u0117 si\u016blo plat\u0173 gamini\u0173 asortiment\u0105 ir tapo viena i\u0161 pirmaujan\u010di\u0173 hidraulini\u0173 cilindr\u0173 gamintoj\u0173 ir didmenini\u0173 platintoj\u0173 vidaus ir tarptautin\u0117se rinkose. Mes laikom\u0117s puikios kokyb\u0117s principo, remiam\u0117s puikios gamybos dirbtuvi\u0173 pramonin\u0117s gamybos valdymo strategija ir nuolat tobuliname dirbtuvi\u0173 gamybos platform\u0105, pasitelkdami technologinius talentus, auk\u0161\u010diausios klas\u0117s skaitmenin\u0119 gamybos \u012frang\u0105 ir profesionalias bandym\u0173 sistemas, bei pasi\u017eymime stipriu k\u016brybi\u0161kumu, kad patenkintume \u012fvairius klient\u0173 poreikius, vadovaudamiesi didelio efektyvumo, didelio tikslumo ir auk\u0161tos kokyb\u0117s principais. <\/p>\n<p>M\u016bs\u0173 \u012fmon\u0117 teikia profesionalias, tarptautiniu mastu sertifikuotas, pritaikytas paslaugas, pa\u017eangi\u0105 gamybos \u012frang\u0105 ir puik\u0173 aptarnavim\u0105 po pardavimo.<\/p>\n<p><img decoding=\"async\" src=\"https:\/\/www.hydraulic-cylinders.net\/wp-content\/uploads\/2025\/01\/songte-company-3.webp\"><\/p>\n<p>Autorius: lyl<\/p>","protected":false},"excerpt":{"rendered":"<p>Bucket Cylinder For Komatsu Small Excavator PC100-3-5-6 Introduction: A bucket cylinder is a specially designed hydraulic cylinder used to control the movement of the bucket in heavy machinery such as excavators, backhoe excavators, and front-end loaders. Its main function is to enable the bucket to be lifted, lowered, and tilted for easy handling of various [&hellip;]<\/p>","protected":false},"featured_media":14776,"comment_status":"open","ping_status":"closed","template":"","meta":{"_et_pb_use_builder":"","_et_pb_old_content":"","_et_gb_content_width":""},"product_brand":[],"product_cat":[1494],"product_tag":[1495,1496],"class_list":{"0":"post-15125","1":"product","2":"type-product","3":"status-publish","4":"has-post-thumbnail","6":"product_cat-bucket-cylinders","7":"product_tag-bucket-cylinders","8":"product_tag-hydraulic-cylinders","10":"first","11":"instock","12":"shipping-taxable","13":"product-type-simple"},"amp_enabled":true,"_links":{"self":[{"href":"https:\/\/www.hydraulic-cylinders.net\/lt\/wp-json\/wp\/v2\/product\/15125","targetHints":{"allow":["GET"]}}],"collection":[{"href":"https:\/\/www.hydraulic-cylinders.net\/lt\/wp-json\/wp\/v2\/product"}],"about":[{"href":"https:\/\/www.hydraulic-cylinders.net\/lt\/wp-json\/wp\/v2\/types\/product"}],"replies":[{"embeddable":true,"href":"https:\/\/www.hydraulic-cylinders.net\/lt\/wp-json\/wp\/v2\/comments?post=15125"}],"wp:featuredmedia":[{"embeddable":true,"href":"https:\/\/www.hydraulic-cylinders.net\/lt\/wp-json\/wp\/v2\/media\/14776"}],"wp:attachment":[{"href":"https:\/\/www.hydraulic-cylinders.net\/lt\/wp-json\/wp\/v2\/media?parent=15125"}],"wp:term":[{"taxonomy":"product_brand","embeddable":true,"href":"https:\/\/www.hydraulic-cylinders.net\/lt\/wp-json\/wp\/v2\/product_brand?post=15125"},{"taxonomy":"product_cat","embeddable":true,"href":"https:\/\/www.hydraulic-cylinders.net\/lt\/wp-json\/wp\/v2\/product_cat?post=15125"},{"taxonomy":"product_tag","embeddable":true,"href":"https:\/\/www.hydraulic-cylinders.net\/lt\/wp-json\/wp\/v2\/product_tag?post=15125"}],"curies":[{"name":"wp","href":"https:\/\/api.w.org\/{rel}","templated":true}]}}