{"id":15126,"date":"2025-01-19T14:08:16","date_gmt":"2025-01-19T14:08:16","guid":{"rendered":"https:\/\/www.hydraulic-cylinders.net\/product\/bucket-cylinder-for-komatsu-small-excavator-pc128-130-7\/"},"modified":"2025-01-19T14:08:18","modified_gmt":"2025-01-19T14:08:18","slug":"bucket-cylinder-for-komatsu-small-excavator-pc128-130-7","status":"publish","type":"product","link":"https:\/\/www.hydraulic-cylinders.net\/lt\/produktas\/bucket-cylinder-for-komatsu-small-excavator-pc128-130-7\/","title":{"rendered":"Kau\u0161o cilindras Komatsu ma\u017eam ekskavatoriui PC128\/130-7"},"content":{"rendered":"<h2>Kau\u0161o cilindras Komatsu ma\u017eam ekskavatoriui PC128\/130-7<\/h2>\n<h3>\u012evadas<\/h3>\n<p>\u201eKomatsu\u201c ma\u017e\u0173j\u0173 ekskavatori\u0173 PC128\/130-7 kau\u0161o cilindras yra specialiai sukurtas hidraulinis cilindras, daugiausia naudojamas sunkiosios technikos, tokios kaip ekskavatoriai, ekskavatoriai ir frontaliniai krautuvai, kau\u0161\u0173 jud\u0117jimui valdyti. Pagrindin\u0117 jo funkcija \u2013 leisti kau\u0161ui pakilti, nuleisti ir pakreipti, taip palengvinant \u012fvairias med\u017eiag\u0173 tvarkymo u\u017eduotis. Hidraulin\u0117je sistemoje kau\u0161o cilindras tiksliai valdo kau\u0161\u0105 keisdamas hidraulin\u0117s alyvos sl\u0117g\u012f, tod\u0117l operatoriai gali efektyviai valdyti sunkius krovinius ir prisitaikyti prie sud\u0117tingos darbo aplinkos bei \u012fvairi\u0173 eksploatacini\u0173 reikalavim\u0173.<\/p>\n<p><img decoding=\"async\" src=\"https:\/\/www.hydraulic-cylinders.net\/wp-content\/uploads\/2025\/01\/songte-company-2.webp\" alt=\"Komatsu ma\u017eo ekskavatoriaus PC128\/130-7 kau\u0161o cilindras (paveiksl\u0117lis)\"><\/p>\n<h3>Savyb\u0117s<\/h3>\n<ul>\n<li>Didelis stiprumas ir ilgaam\u017ei\u0161kumas: paprastai pagaminti i\u0161 didelio stiprumo plieno arba aliuminio, galintys atlaikyti auk\u0161t\u0105 sl\u0117g\u012f ir dideles apkrovas, tinkami at\u0161iaurioms darbo aplinkoms, suprojektuoti atsi\u017evelgiant \u012f atsparum\u0105 dilimui ir korozijai, prailginantys tarnavimo laik\u0105.<\/li>\n<li>Efektyvus hidraulinis veikimas: naudoja hidraulin\u0117s alyvos sl\u0117g\u012f, kad b\u016bt\u0173 pasiekti skland\u016bs i\u0161pl\u0117timo ir atitraukimo veiksmai, geba greitai reaguoti \u012f valdymo komandas, u\u017etikrina galingas st\u016bmimo ir traukimo j\u0117gas, tinka sunkiems kroviniams kelti ir sud\u0117tingoms eksploatavimo u\u017eduotims atlikti.<\/li>\n<li>\u012evair\u016bs tipai: cilindr\u0173 tipus galima pasirinkti pagal poreikius, pavyzd\u017eiui, vienpusio veikimo (hidraulinis veikimas tik viena kryptimi) arba dvipusio veikimo (hidraulinis veikimas abiem kryptimis) cilindrus, kad b\u016bt\u0173 patenkinti skirtingi eksploataciniai poreikiai, kai kurie modeliai yra teleskopiniai, tod\u0117l juos galima labiau prailginti nedidinant i\u0161orini\u0173 matmen\u0173, tod\u0117l jie tinka naudoti ribotoje erdv\u0117je.<\/li>\n<li>Lengva pagaminti: m\u016bs\u0173 gaminiai gali puikiai pakeisti \u0161iuos hidraulinius cilindrus.<\/li>\n<\/ul>\n<p><img decoding=\"async\" src=\"https:\/\/www.hydraulic-cylinders.net\/wp-content\/uploads\/2025\/01\/songte-cylinder-head-with-all-kinds-excavator-models.webp\" alt=\"Komatsu ma\u017eo ekskavatoriaus PC128\/130-7 kau\u0161o cilindras, gamybos vaizdas\"><\/p>\n<h3>Parai\u0161kos<\/h3>\n<p>\u201eKomatsu Small Excavator PC128\/130-7\u201c kau\u0161o cilindras yra pla\u010diai naudojamas \u012fvairiose sunkiosios technikos srityse, tokiose kaip:<\/p>\n<ul>\n<li>Statybin\u0117 \u012franga: ekskavatoriuose ji yra b\u016btina kasant, kraunant ir perkeliant grunt\u0105 ar \u0161iuk\u0161les. Ekskavatoriuose kau\u0161o cilindrai padeda tiek kasti, tiek kelti. <\/li>\n<li>\u017dem\u0117s \u016bkio technika: naudojama priekiniuose krautuvuose dirvo\u017eemiui, \u0161ienui ir kitoms med\u017eiagoms kasti, kelti ir transportuoti.<\/li>\n<li>Ekskavatoriai: kau\u0161o cilindrai leid\u017eia atlikti kasimo veiksmus, leisdami kau\u0161ui \u012fsiskverbti \u012f dirv\u0105.<\/li>\n<li>Krautuvai: priekiniuose krautuvuose jie padeda efektyviai kelti ir pakreipti prekes.<\/li>\n<\/ul>\n<h3>Projektavimo aspektai ir atrankos kriterijai<\/h3>\n<p>The Bucket Cylinder For Komatsu Small Excavator PC128\/130-7&#8217;s design considerations and selection criteria include:<\/p>\n<ul>\n<li>Geb\u0117jimas atlaikyti auk\u0161t\u0105 sl\u0117g\u012f ir dideles apkrovas: geb\u0117jimas atlaikyti didel\u012f svor\u012f.<\/li>\n<li>Sandarumas: geb\u0117jimas i\u0161vengti hidraulin\u0117s alyvos nuot\u0117kio ir palaikyti tinkam\u0105 tepim\u0105.<\/li>\n<li>Patvarumas: geb\u0117jimas atlaikyti dilim\u0105 ir korozij\u0105, ypa\u010d at\u0161iauriomis darbo s\u0105lygomis.<\/li>\n<li>Saugumas: geb\u0117jimas i\u0161vengti nelaiming\u0173 atsitikim\u0173 ir su\u017ealojim\u0173 eksploatacijos metu.<\/li>\n<li>Prie\u017ei\u016bra: galimyb\u0117 lengvai pri\u017ei\u016br\u0117ti ir remontuoti.<\/li>\n<\/ul>\n<p><img decoding=\"async\" src=\"https:\/\/www.hydraulic-cylinders.net\/wp-content\/uploads\/2025\/01\/songte-oil-pipes-and-spare-parts.webp\" alt=\"Komatsu ma\u017eo ekskavatoriaus PC128\/130-7 kau\u0161o cilindras atsargin\u0117s dalies paveiksl\u0117lyje\"><\/p>\n<h3>Sandarinimas ir tepimas<\/h3>\n<p>The Bucket Cylinder For Komatsu Small Excavator PC128\/130-7&#8217;s sealing and lubrication considerations include:<\/p>\n<ul>\n<li>\u012evairi\u0173 sandarikli\u0173, toki\u0173 kaip st\u016bmokli\u0173 ir kot\u0173 sandarikliai, pagamint\u0173 i\u0161 atspari\u0173 dilimui med\u017eiag\u0173, toki\u0173 kaip poliuretanas ir nitrilo kau\u010diukas, naudojimas.<\/li>\n<li>Cilindro korpusas ir sriegio galo pavir\u0161ius yra smulkiai apdoroti, siekiant pagerinti atsparum\u0105 dilimui.<\/li>\n<li>Reguliariai pildykite hidraulin\u0119 alyv\u0105, kad b\u016bt\u0173 u\u017etikrintas tinkamas tepimas.<\/li>\n<\/ul>\n<h3>Prie\u017ei\u016bra ir remontas<\/h3>\n<p>\u201eKomatsu\u201c ma\u017eojo ekskavatoriaus PC128\/130-7 kau\u0161o cilindro prie\u017ei\u016bros ir remonto u\u017eduotys apima:<\/p>\n<ul>\n<li>Reguliar\u016bs cilindro patikrinimai, tinkamas tepimas, sandarikli\u0173 keitimas ir kalibravimo patikrinimai.<\/li>\n<li>Tinkamo montavimo, tepimo ir reguliavimo svarba.<\/li>\n<li>Pateikiamos rekomendacijos d\u0117l tinkamo cilindro sulygiavimo montavimo metu.<\/li>\n<li>Rekomendacijos, kaip naudoti tinkamus montavimo laikiklius cilindrams tvirtinti.<\/li>\n<li>Rekomenduojamos ap\u017ei\u016bros, remonto ir keitimo proced\u016bros.<\/li>\n<li>Teikiame atsargines dalis ir remonto paslaugas, kad prailgintume \u201eKomatsu\u201c ma\u017eojo ekskavatoriaus PC128\/130-7 kau\u0161o cilindro tarnavimo laik\u0105.<\/li>\n<\/ul>\n<p><img decoding=\"async\" src=\"https:\/\/www.hydraulic-cylinders.net\/wp-content\/uploads\/2025\/01\/songte-chushion-collar.webp\" alt=\"Komatsu ma\u017eo ekskavatoriaus PC128\/130-7 kau\u0161o cilindras apykakl\u0117s paveiksl\u0117liui\"><\/p>\n<h3>Saugos aspektai ir aplinkos veiksniai<\/h3>\n<p>Naudojant kau\u0161o cilindr\u0105 \u201eKomatsu Small Excavator PC128\/130-7\u201c, svarbu laikytis saugos priemoni\u0173. Rekomenduojama laikytis vis\u0173 saugos proced\u016br\u0173 ir gairi\u0173, kad b\u016bt\u0173 suma\u017einta rizika ir apsaugoti operatoriai bei \u012franga. Taip pat reik\u0117t\u0173 atsi\u017evelgti \u012f aplinkos veiksnius, tokius kaip temperat\u016bra, dr\u0117gm\u0117 ir tar\u0161a.<\/p>\n<h3>Trik\u010di\u0173 \u0161alinimas ir da\u017eniausios problemos<\/h3>\n<p>The Bucket Cylinder For Komatsu Small Excavator PC128\/130-7&#8217;s potential issues include oil leakage, seal damage, and insufficient lubrication. Prompt troubleshooting and problem-solving are essential to prevent further damage and avoid equipment downtime.<\/p>\n<h3>\u012emon\u0117s pristatymas<\/h3>\n<p>Our company is a manufacturer of hydraulic cylinders that can replace the original hydraulic cylinders. We offer a wide range of products and have become one of the leading manufacturers and wholesale distributors of hydraulic cylinders in domestic and international markets. We adhere to the principle of outstanding quality and rely on industrialized production management strategies in finely manufactured workshops. Our company continuously improves the manufacturing platform of the workshop, improves the production quality of products, and has strong creative ability. Our products provide multi-dimensional solutions to meet customers&#8217; needs with high efficiency, high precision, and high quality.<\/p>\n<p><img decoding=\"async\" src=\"https:\/\/hzpt.com\/wp-content\/uploads\/2024\/11\/songte-company-1.webp\" alt=\"\u012emon\u0117s \u012fvaizdis\"><\/p>\n<h3>\u012emon\u0117s profilis<\/h3>\n<ul>\n<li>Profesionalumas: Turime ilgamet\u0119 hidraulini\u0173 cilindr\u0173 pramon\u0117s patirt\u012f turin\u010di\u0173 specialist\u0173 komand\u0105, kuri gali suteikti jums auk\u0161\u010diausios klas\u0117s paslaugas ir technin\u0119 pagalb\u0105.<\/li>\n<li>Tarptautinis sertifikatas: M\u016bs\u0173 produktai yra sertifikuoti pagal tarptautinius standartus, siekiant u\u017etikrinti kokyb\u0119 ir saug\u0105.<\/li>\n<li>Individualaus pritaikymo paslaugos: teikiame individualiai pritaikytas paslaugas, kad patenkintume individualius klient\u0173 poreikius.<\/li>\n<li>Gamybos \u012franga: M\u016bs\u0173 \u012fmon\u0117 naudoja pa\u017eangi\u0105 gamybos \u012frang\u0105, kad u\u017etikrint\u0173 gamini\u0173 kokyb\u0119 ir efektyvum\u0105.<\/li>\n<li>Aptarnavimas po pardavimo: teikiame i\u0161samias garantinio aptarnavimo paslaugas, \u012fskaitant technin\u0119 prie\u017ei\u016br\u0105, remont\u0105 ir dali\u0173 keitim\u0105.<\/li>\n<\/ul>\n<p><img decoding=\"async\" src=\"https:\/\/www.hydraulic-cylinders.net\/wp-content\/uploads\/2025\/01\/songte-company-3.webp\" alt=\"\u012emon\u0117s profilio paveiksl\u0117lis\"><\/p>\n<p>Autorius: lyl<\/p>","protected":false},"excerpt":{"rendered":"<p>Bucket Cylinder For Komatsu Small Excavator PC128\/130-7 Introduction The Bucket Cylinder For Komatsu Small Excavator PC128\/130-7 is a specially designed hydraulic cylinder primarily used for controlling the movement of buckets in heavy machinery such as excavators, backhoes, and front-end loaders. Its main function is to enable the bucket to lift, lower, and tilt, thereby facilitating [&hellip;]<\/p>","protected":false},"featured_media":14773,"comment_status":"open","ping_status":"closed","template":"","meta":{"_et_pb_use_builder":"","_et_pb_old_content":"","_et_gb_content_width":""},"product_brand":[],"product_cat":[1494],"product_tag":[1495,1496],"class_list":{"0":"post-15126","1":"product","2":"type-product","3":"status-publish","4":"has-post-thumbnail","6":"product_cat-bucket-cylinders","7":"product_tag-bucket-cylinders","8":"product_tag-hydraulic-cylinders","10":"first","11":"instock","12":"shipping-taxable","13":"product-type-simple"},"amp_enabled":true,"_links":{"self":[{"href":"https:\/\/www.hydraulic-cylinders.net\/lt\/wp-json\/wp\/v2\/product\/15126","targetHints":{"allow":["GET"]}}],"collection":[{"href":"https:\/\/www.hydraulic-cylinders.net\/lt\/wp-json\/wp\/v2\/product"}],"about":[{"href":"https:\/\/www.hydraulic-cylinders.net\/lt\/wp-json\/wp\/v2\/types\/product"}],"replies":[{"embeddable":true,"href":"https:\/\/www.hydraulic-cylinders.net\/lt\/wp-json\/wp\/v2\/comments?post=15126"}],"wp:featuredmedia":[{"embeddable":true,"href":"https:\/\/www.hydraulic-cylinders.net\/lt\/wp-json\/wp\/v2\/media\/14773"}],"wp:attachment":[{"href":"https:\/\/www.hydraulic-cylinders.net\/lt\/wp-json\/wp\/v2\/media?parent=15126"}],"wp:term":[{"taxonomy":"product_brand","embeddable":true,"href":"https:\/\/www.hydraulic-cylinders.net\/lt\/wp-json\/wp\/v2\/product_brand?post=15126"},{"taxonomy":"product_cat","embeddable":true,"href":"https:\/\/www.hydraulic-cylinders.net\/lt\/wp-json\/wp\/v2\/product_cat?post=15126"},{"taxonomy":"product_tag","embeddable":true,"href":"https:\/\/www.hydraulic-cylinders.net\/lt\/wp-json\/wp\/v2\/product_tag?post=15126"}],"curies":[{"name":"wp","href":"https:\/\/api.w.org\/{rel}","templated":true}]}}