{"id":15131,"date":"2025-01-19T14:08:35","date_gmt":"2025-01-19T14:08:35","guid":{"rendered":"https:\/\/www.hydraulic-cylinders.net\/product\/bucket-cylinder-for-komatsu-small-excavator-pc130-8mo-hb205-1mo-hb2152c-1mo\/"},"modified":"2025-01-19T14:08:43","modified_gmt":"2025-01-19T14:08:43","slug":"bucket-cylinder-for-komatsu-small-excavator-pc130-8mo-hb205-1mo-hb2152c-1mo","status":"publish","type":"product","link":"https:\/\/www.hydraulic-cylinders.net\/lt\/produktas\/bucket-cylinder-for-komatsu-small-excavator-pc130-8mo-hb205-1mo-hb2152c-1mo\/","title":{"rendered":"Kau\u0161o cilindras Komatsu ma\u017eam ekskavatoriui PC130-8MO.HB205-1MO.HB2152C-1MO"},"content":{"rendered":"<h1>Kau\u0161o cilindras Komatsu ma\u017eam ekskavatoriui PC130-8MO.HB205-1MO.HB2152C-1MO<\/h1>\n<h2>\u012evadas<\/h2>\n<p>Kau\u0161o cilindras yra specialiai suprojektuotas hidraulinis cilindras, daugiausia naudojamas kau\u0161\u0173 jud\u0117jimui valdyti sunkiosiose ma\u0161inose, tokiose kaip ekskavatoriai, ekskavatoriniai krautuvai ir frontaliniai krautuvai. Jo pagrindin\u0117 funkcija \u2013 leisti kau\u0161ui pakilti, nuleisti ir pakreipti, kad b\u016bt\u0173 lengviau atlikti \u012fvairias med\u017eiag\u0173 tvarkymo u\u017eduotis. Hidraulin\u0117je sistemoje kau\u0161o cilindras tiksliai valdo kau\u0161\u0105 keisdamas hidraulin\u0117s alyvos sl\u0117g\u012f, tod\u0117l operatoriai gali efektyviai tvarkyti sunkius objektus, prisitaikyti prie sud\u0117tingos darbo aplinkos ir \u012fvairi\u0173 eksploatavimo reikalavim\u0173.<\/p>\n<p><img decoding=\"async\" src=\"https:\/\/www.hydraulic-cylinders.net\/wp-content\/uploads\/2025\/01\/songte-company-2.webp\" alt=\"Kau\u0161o cilindro vaizdas\"><\/p>\n<h2>Savyb\u0117s<\/h2>\n<ul>\n<li>Didelis stiprumas ir ilgaam\u017ei\u0161kumas: Paprastai pagamintas i\u0161 didelio stiprumo plieno arba aliuminio, jis gali atlaikyti didel\u012f sl\u0117g\u012f ir dideles apkrovas, be to, yra suprojektuotas atsi\u017evelgiant \u012f atsparum\u0105 dilimui ir korozijai, taip pailginant jo tarnavimo laik\u0105.<\/li>\n<li>Efektyvus hidraulinis veikimas: Naudodamas hidraulin\u0117s alyvos sl\u0117g\u012f skland\u017eiam i\u0161pl\u0117timui ir susitraukimui, jis gali greitai reaguoti \u012f valdymo komandas, u\u017etikrindamas galing\u0105 st\u016bmimo ir traukimo j\u0117g\u0105, tinkan\u010di\u0105 sunkiems daiktams tvarkyti ir sud\u0117tingoms darbo u\u017eduotims atlikti.<\/li>\n<li>\u012evair\u016bs tipai: pagal poreikius ir skirtingus eksploatacinius reikalavimus galima pasirinkti vienpusio veikimo (hidraulika naudojama tik viena kryptimi) arba dvipusio veikimo (hidraulika naudojama abiem kryptimis) cilindrus. Kai kurie modeliai yra teleskopiniai, tod\u0117l juos galima labiau i\u0161tiesti nedidinant i\u0161orini\u0173 matmen\u0173, tod\u0117l jie tinka naudoti ribotoje erdv\u0117je.<\/li>\n<li>Puikus pakeitimas: m\u016bs\u0173 gaminys gali puikiai pakeisti \u0161iuos hidraulinius cilindrus su daugybe suderinam\u0173 modeli\u0173.<\/li>\n<\/ul>\n<p><img decoding=\"async\" src=\"https:\/\/www.hydraulic-cylinders.net\/wp-content\/uploads\/2025\/01\/songte-cylinder-head-with-all-kinds-excavator-models.webp\" alt=\"Kau\u0161o cilindro pakeitimo paveiksl\u0117lis\"><\/p>\n<h2>Parai\u0161ka<\/h2>\n<p>Kau\u0161\u0173 cilindrai pla\u010diai naudojami statybos, \u017eem\u0117s \u016bkio ir kasimo ma\u0161inose. \u017demiau pateikiami keli svarb\u016bs j\u0173 pritaikymai:<\/p>\n<h3>Statybin\u0117 \u012franga<\/h3>\n<p>Kau\u0161o cilindrai yra b\u016btini kasant, kraunant ir perkeliant grunt\u0105 ar \u0161iuk\u0161les ekskavatoriuose. Ekskavatoriuose-krautuvuose kau\u0161o cilindrai padeda tiek kasti, tiek kelti. <\/p>\n<h3>\u017dem\u0117s \u016bkio technika<\/h3>\n<p>Jie naudojami frontaliniams krautuvams, dirvo\u017eemiui, \u0161ienui ir kitoms med\u017eiagoms kasti, kelti ir transportuoti.<\/p>\n<h3>Ekskavatoriai<\/h3>\n<p>Kau\u0161o cilindrai leid\u017eia kasti, leisdami kau\u0161ui \u012fsiskverbti \u012f dirv\u0105.<\/p>\n<h3>Krautuvai<\/h3>\n<p>Priekiniuose krautuvuose jie padeda efektyviai pakelti ir i\u0161krauti krovin\u012f.<\/p>\n<p><img decoding=\"async\" src=\"https:\/\/www.hydraulic-cylinders.net\/wp-content\/uploads\/2025\/01\/songte-bushings-with-all-kinds-of-excavator-models.webp\" alt=\"Kau\u0161o cilindro taikymo vaizdas\"><\/p>\n<h2>Projektavimo aspektai ir atrankos kriterijai<\/h2>\n<p>Kau\u0161\u0173 cilindrai yra labai svarb\u016bs sunkiosios technikos komponentai, tod\u0117l norint optimalaus na\u0161umo, reik\u0117t\u0173 atsi\u017evelgti \u012f j\u0173 projektavimo ir parinkimo kriterijus. Svarb\u016bs aspektai:<\/p>\n<h3>Guoli\u0173 talpa<\/h3>\n<p>Cilindras turi atlaikyti dideles apkrovas, b\u016bdingas statybos ir \u017eem\u0117s kasimo ma\u0161inoms. <\/p>\n<h3>Sandarumas ir ilgaam\u017ei\u0161kumas<\/h3>\n<p>Sandarikliai, tokie kaip st\u016bmoklio ir koto sandarikliai, pagaminti i\u0161 atspari\u0173 dilimui med\u017eiag\u0173, toki\u0173 kaip poliuretanas ir nitrilo kau\u010diukas, tur\u0117t\u0173 b\u016bti pasirinkti siekiant u\u017etikrinti j\u0173 ilgaam\u017ei\u0161kum\u0105. Be to, cilindro korpusas ir srieginiai pavir\u0161iai tur\u0117t\u0173 b\u016bti kruop\u0161\u010diai apdirbti, kad b\u016bt\u0173 padidintas atsparumas dilimui. <\/p>\n<h3>Sauga ir prie\u017ei\u016bra<\/h3>\n<p>Kau\u0161o cilindro komponentai tur\u0117t\u0173 b\u016bti surinkti ir pri\u017ei\u016brimi, kad b\u016bt\u0173 u\u017etikrintas saugus veikimas ir i\u0161vengta nelaiming\u0173 atsitikim\u0173. Siekiant u\u017etikrinti optimal\u0173 veikim\u0105, reikia reguliariai atlikti technin\u0119 prie\u017ei\u016br\u0105, pvz., tepti, keisti sandariklius ir atlikti kalibravimo patikrinimus.<\/p>\n<p><img decoding=\"async\" src=\"https:\/\/www.hydraulic-cylinders.net\/wp-content\/uploads\/2025\/01\/songte-oil-pipes-and-spare-parts.webp\" alt=\"Kau\u0161o cilindro dizaino vaizdas\"><\/p>\n<h2>Sandarinimas ir tepimas<\/h2>\n<p>Kau\u0161\u0173 cilindrams reikalingos \u012fvairios sandarinimo dalys, tokios kaip st\u016bmokli\u0173 ir kot\u0173 sandarikliai, kurie pagaminti i\u0161 atspari\u0173 dilimui med\u017eiag\u0173, toki\u0173 kaip poliuretanas ir nitrilo kau\u010diukas. Cilindro korpusas ir srieginiai galiniai pavir\u0161iai taip pat yra kruop\u0161\u010diai apdirbti, siekiant pagerinti atsparum\u0105 dilimui. Svarbu reguliariai pildyti tinkam\u0105 hidraulin\u0119 alyv\u0105, kad b\u016bt\u0173 u\u017etikrintas tepimas.<\/p>\n<h2>Prie\u017ei\u016bra ir remontas<\/h2>\n<p>Tinkama kau\u0161o cilindr\u0173 prie\u017ei\u016bra yra labai svarbi j\u0173 optimaliam veikimui ir ilgaam\u017ei\u0161kumui. Siekiant u\u017etikrinti optimal\u0173 veikim\u0105, reikia reguliariai tikrinti, tepti, keisti sandariklius ir kalibruoti. <\/p>\n<h2>\u012erengimo gair\u0117s<\/h2>\n<p>Tinkamam kau\u0161o cilindr\u0173 veikimui b\u016btinas teisingas montavimas. Reik\u0117t\u0173 atsi\u017evelgti \u012f \u0161iuos patarimus:<\/p>\n<ul>\n<li>U\u017etikrinkite tinkam\u0105 cilindro suderinim\u0105 su \u012franga<\/li>\n<li>Cilindro tvirtinimui naudokite tinkamus tvirtinimo laikiklius<\/li>\n<li>Laikykit\u0117s rekomenduojam\u0173 patikrinimo, remonto ir keitimo proced\u016br\u0173<\/li>\n<li>Naudokite tinkamas dalis ir remonto paslaugas, kad pailgintum\u0117te cilindro tarnavimo laik\u0105<\/li>\n<\/ul>\n<p><img decoding=\"async\" src=\"https:\/\/www.hydraulic-cylinders.net\/wp-content\/uploads\/2025\/01\/songte-chushion-collar.webp\" alt=\"Kau\u0161o cilindro montavimo paveiksl\u0117lis\"><\/p>\n<h2>Saugos aspektai ir aplinkos veiksniai<\/h2>\n<p>Kau\u0161\u0173 cilindrai tur\u0117t\u0173 b\u016bti montuojami ir pri\u017ei\u016brimi laikantis gamintojo nurodym\u0173, siekiant u\u017etikrinti saug\u0105. Aplinkos veiksniai, tokie kaip oras, temperat\u016bra ir dr\u0117gm\u0117, gali tur\u0117ti \u012ftakos cilindro veikimui, tod\u0117l norint u\u017etikrinti optimal\u0173 veikim\u0105, reikia reguliariai atlikti technin\u0117s prie\u017ei\u016bros patikrinimus.<\/p>\n<h2>Trik\u010di\u0173 \u0161alinimas ir da\u017eniausios problemos<\/h2>\n<p>Kai kurios da\u017enos problemos, su kuriomis gali susidurti kau\u0161\u0173 cilindrai, yra nuot\u0117kis, prastas veikimas ir nusid\u0117v\u0117jimas. Norint i\u0161spr\u0119sti \u0161ias problemas, svarbu tinkamai diagnozuoti problem\u0105 ir naudoti tinkamus remonto bei keitimo metodus. Prevencin\u0117s priemon\u0117s, tokios kaip reguliari prie\u017ei\u016bra ir susid\u0117v\u0117jusi\u0173 dali\u0173 keitimas, gali pad\u0117ti suma\u017einti galimas problemas.<\/p>\n<p><img decoding=\"async\" src=\"https:\/\/hzpt.com\/wp-content\/uploads\/2024\/11\/songte-company-1.webp\" alt=\"Kau\u0161o cilindro trik\u010di\u0173 \u0161alinimo paveiksl\u0117lis\"><\/p>\n<h2>Apie m\u016bs\u0173 \u012fmon\u0119<\/h2>\n<p>Esame pakaitini\u0173 hidraulini\u0173 cilindr\u0173 gamintojas ir pirmaujantis hidraulini\u0173 cilindr\u0173 gamintojas bei didmeninis platintojas vidaus ir tarptautin\u0117se rinkose. Vadovaujam\u0117s pramonin\u0117s gamybos valdymo strategija, pagr\u012fsta puikia kokybe, pasitelkdami techninius talentus, auk\u0161\u010diausios klas\u0117s skaitmenin\u0119 gamybos \u012frang\u0105 ir profesionalias testavimo sistemas. Nuolat tobuliname dirbtuvi\u0173 gamybos platform\u0105, geriname gamini\u0173 kokyb\u0117s gamybos linij\u0105 ir turime stiprius k\u016brybinius paj\u0117gumus, kad patenkintume \u012fvairius klient\u0173 poreikius, vadovaudamiesi didelio efektyvumo, didelio tikslumo ir auk\u0161tos kokyb\u0117s principais.<\/p>\n<p><img decoding=\"async\" src=\"https:\/\/www.hydraulic-cylinders.net\/wp-content\/uploads\/2025\/01\/songte-company-3.webp\" alt=\"Apie m\u016bs\u0173 \u012fmon\u0117s \u012fvaizd\u012f\"><\/p>\n<h3>Profesionalumas<\/h3>\n<p>Turime profesional\u0173 komand\u0105, kuri yra pasiry\u017eusi teikti kokybi\u0161kas paslaugas ir palaikym\u0105.<\/p>\n<h3>Tarptautinis sertifikavimas<\/h3>\n<p>M\u016bs\u0173 produktai yra sertifikuoti tarptautiniu mastu, o tai u\u017etikrina auk\u0161\u010diausi\u0173 kokyb\u0117s standart\u0173 atitikim\u0105.<\/p>\n<h3>Pritaikymas<\/h3>\n<p>Esame paj\u0117g\u016bs pritaikyti dizain\u0105 pagal individualius klient\u0173 poreikius.<\/p>\n<h3>Gamybos \u012franga<\/h3>\n<p>Savo gaminiams gaminti naudojame auk\u0161\u010diausios klas\u0117s \u012frang\u0105, u\u017etikrinan\u010di\u0105 optimal\u0173 na\u0161um\u0105 ir ilgaam\u017ei\u0161kum\u0105.<\/p>\n<h3>Aptarnavimas po pardavimo<\/h3>\n<p>Siekdami u\u017etikrinti klient\u0173 pasitenkinim\u0105 m\u016bs\u0173 produktais ir paslaugomis, teikiame garantinio aptarnavimo paslaugas.<\/p>\n<p>Autorius: lyl<\/p>","protected":false},"excerpt":{"rendered":"<p>Bucket Cylinder For Komatsu Small Excavator PC130-8MO.HB205-1MO.HB2152C-1MO Introduction A bucket cylinder is a specially designed hydraulic cylinder, mainly used to control the movement of buckets in heavy machinery such as excavators, backhoe loaders, and front-end loaders. Its main function is to enable the bucket to lift, lower, and tilt, making it easier to handle various [&hellip;]<\/p>","protected":false},"featured_media":14761,"comment_status":"open","ping_status":"closed","template":"","meta":{"_et_pb_use_builder":"","_et_pb_old_content":"","_et_gb_content_width":""},"product_brand":[],"product_cat":[1494],"product_tag":[1495,1496],"class_list":{"0":"post-15131","1":"product","2":"type-product","3":"status-publish","4":"has-post-thumbnail","6":"product_cat-bucket-cylinders","7":"product_tag-bucket-cylinders","8":"product_tag-hydraulic-cylinders","10":"first","11":"instock","12":"shipping-taxable","13":"product-type-simple"},"amp_enabled":true,"_links":{"self":[{"href":"https:\/\/www.hydraulic-cylinders.net\/lt\/wp-json\/wp\/v2\/product\/15131","targetHints":{"allow":["GET"]}}],"collection":[{"href":"https:\/\/www.hydraulic-cylinders.net\/lt\/wp-json\/wp\/v2\/product"}],"about":[{"href":"https:\/\/www.hydraulic-cylinders.net\/lt\/wp-json\/wp\/v2\/types\/product"}],"replies":[{"embeddable":true,"href":"https:\/\/www.hydraulic-cylinders.net\/lt\/wp-json\/wp\/v2\/comments?post=15131"}],"wp:featuredmedia":[{"embeddable":true,"href":"https:\/\/www.hydraulic-cylinders.net\/lt\/wp-json\/wp\/v2\/media\/14761"}],"wp:attachment":[{"href":"https:\/\/www.hydraulic-cylinders.net\/lt\/wp-json\/wp\/v2\/media?parent=15131"}],"wp:term":[{"taxonomy":"product_brand","embeddable":true,"href":"https:\/\/www.hydraulic-cylinders.net\/lt\/wp-json\/wp\/v2\/product_brand?post=15131"},{"taxonomy":"product_cat","embeddable":true,"href":"https:\/\/www.hydraulic-cylinders.net\/lt\/wp-json\/wp\/v2\/product_cat?post=15131"},{"taxonomy":"product_tag","embeddable":true,"href":"https:\/\/www.hydraulic-cylinders.net\/lt\/wp-json\/wp\/v2\/product_tag?post=15131"}],"curies":[{"name":"wp","href":"https:\/\/api.w.org\/{rel}","templated":true}]}}