{"id":15133,"date":"2025-01-19T14:08:50","date_gmt":"2025-01-19T14:08:50","guid":{"rendered":"https:\/\/www.hydraulic-cylinders.net\/product\/bucket-cylinder-for-komatsu-middle-excavator-pc200lc-8\/"},"modified":"2025-01-19T14:08:52","modified_gmt":"2025-01-19T14:08:52","slug":"bucket-cylinder-for-komatsu-middle-excavator-pc200lc-8","status":"publish","type":"product","link":"https:\/\/www.hydraulic-cylinders.net\/lt\/produktas\/bucket-cylinder-for-komatsu-middle-excavator-pc200lc-8\/","title":{"rendered":"Kau\u0161o cilindras Komatsu vidutinio ekskavatoriaus PC200LC-8"},"content":{"rendered":"<p><!DOCTYPE html><br \/>\n<html><br \/>\n<head><br \/>\n<title>Kau\u0161o cilindras Komatsu vidutinio ekskavatoriaus PC200LC-8<\/title><br \/>\n<\/head><br \/>\n<body><\/p>\n<h1>Kau\u0161o cilindras Komatsu vidutinio ekskavatoriaus PC200LC-8<\/h1>\n<h2>\u012evadas<\/h2>\n<p>\u201eKomatsu\u201c vidutinio profilio ekskavatoriaus PC200LC-8 kau\u0161o cilindras yra specialiai sukurtas hidraulinis cilindras, naudojamas valdyti kau\u0161o jud\u0117jim\u0105 sunkiosiose ma\u0161inose, tokiose kaip ekskavatoriai, ekskavatoriniai krautuvai ir frontaliniai krautuvai. Pagrindin\u0117 jo funkcija \u2013 leisti kau\u0161ui atlikti k\u0117limo, nuleidimo ir pakreipimo judesius, tod\u0117l jis tinka \u012fvairioms med\u017eiag\u0173 tvarkymo u\u017eduotims. Hidraulin\u0117je sistemoje kau\u0161o cilindras tiksliai valdo kau\u0161\u0105, naudodamas hidraulin\u0117s alyvos sl\u0117gio poky\u010dius, tod\u0117l operatoriai gali efektyviai valdyti sunkius krovinius ir prisitaikyti prie sud\u0117tingos darbo aplinkos bei \u012fvairi\u0173 darbo reikalavim\u0173.<\/p>\n<p><img decoding=\"async\" src=\"https:\/\/www.hydraulic-cylinders.net\/wp-content\/uploads\/2025\/01\/songte-company-2.webp\"><\/p>\n<h2>Savyb\u0117s<\/h2>\n<ul>\n<li>Didelis stiprumas ir ilgaam\u017ei\u0161kumas: Paprastai pagaminti i\u0161 didelio stiprumo plieno arba aliuminio, jie gali atlaikyti didel\u012f sl\u0117g\u012f ir dideles apkrovas, prisitaikydami prie at\u0161iauri\u0173 darbo s\u0105lyg\u0173. Projektuojant atsi\u017evelgiama \u012f atsparum\u0105 dilimui ir korozijai, siekiant pailginti tarnavimo laik\u0105.<\/li>\n<li>Efektyvus hidraulinis veikimas: Naudodamas hidraulin\u0117s alyvos sl\u0117g\u012f, jis pasiekia skland\u017eius i\u0161pl\u0117timo ir susitraukimo judesius, greitai reaguoja \u012f valdymo komandas, u\u017etikrina galingas st\u016bmimo ir traukimo j\u0117gas ir tinka sunkiems kroviniams bei sud\u0117tingoms u\u017eduotims atlikti.<\/li>\n<li>\u012evair\u016bs tipai: pagal konkre\u010dius eksploatacinius poreikius rinkit\u0117s vienpusio veikimo (hidraulinis, naudojamas tik viena kryptimi) arba dvipusio veikimo (hidraulinis, naudojamas abiem kryptimis) cilindrus. Kai kurie modeliai yra teleskopiniai, tod\u0117l juos galima labiau i\u0161tiesti nedidinant i\u0161orini\u0173 matmen\u0173, tod\u0117l jie tinka naudoti ribotoje erdv\u0117je.<\/li>\n<li>Puikus pakeitimas: m\u016bs\u0173 gaminys gali puikiai pakeisti esamus hidraulinius cilindrus. <\/li>\n<\/ul>\n<p><img decoding=\"async\" src=\"https:\/\/www.hydraulic-cylinders.net\/wp-content\/uploads\/2025\/01\/songte-cylinder-head-with-all-kinds-excavator-models.webp\"><\/p>\n<h2>Parai\u0161kos<\/h2>\n<ul>\n<li>Statybin\u0117 \u012franga: ji randama ekskavatoriuose ir yra labai svarbi kasant, kraunant ir perkeliant grunt\u0105 ar \u0161iuk\u0161les. Ekskavatoriuose kau\u0161o cilindras padeda ir kasti, ir kelti.<\/li>\n<li>\u017dem\u0117s \u016bkio technika: naudojama frontaliniuose krautuvuose dirvo\u017eemiui, \u0161ienui ir kitoms med\u017eiagoms kasti, kelti ir transportuoti.<\/li>\n<li>Ekskavatoriai: Kau\u0161o cilindras leid\u017eia atlikti kasimo veiksmus, leisdamas kau\u0161ui \u012fsiskverbti \u012f dirv\u0105.<\/li>\n<li>Krautuvai: Priekiniuose krautuvuose jie padeda efektyviai kelti ir pakreipti prekes.<\/li>\n<\/ul>\n<h2>Projektavimo aspektai ir atrankos kriterijai<\/h2>\n<ul>\n<li>Keliamoji galia: Aptarkite cilindro geb\u0117jim\u0105 atlaikyti apkrovas ir tinkamo cilindro pasirinkimo svarb\u0105 atsi\u017evelgiant \u012f konkret\u0173 pritaikym\u0105.<\/li>\n<li>Sandarinimas: Aptarkite \u012fvairi\u0173 sandarikli\u0173, toki\u0173 kaip st\u016bmoklio sandarikliai ir koto sandarikliai, pagamint\u0173 i\u0161 atspari\u0173 dilimui med\u017eiag\u0173, toki\u0173 kaip poliuretanas ir nitrilo kau\u010diukas, naudojim\u0105. Pabr\u0117\u017ekite smulkiai apdoroto cilindro korpuso ir sriegini\u0173 gal\u0173 pavir\u0161i\u0173 svarb\u0105 siekiant padidinti atsparum\u0105 dilimui.<\/li>\n<li>Patvarumas: atkreipkite d\u0117mes\u012f \u012f ilgaam\u017ei\u0161kumo projektavimo aspektus, siekiant u\u017etikrinti, kad cilindras atlaikyt\u0173 sud\u0117tingas darbo s\u0105lygas.<\/li>\n<li>Sauga: atkreipkite d\u0117mes\u012f \u012f projekte \u012fdiegtas saugos priemones, skirtas i\u0161vengti nelaiming\u0173 atsitikim\u0173 ir u\u017etikrinti naudotoj\u0173 saug\u0105.<\/li>\n<li>Prie\u017ei\u016bra: Aptarkite reguliari\u0173 patikrinim\u0173 ir prevencini\u0173 prie\u017ei\u016bros priemoni\u0173 svarb\u0105 siekiant pailginti cilindro tarnavimo laik\u0105. Pateikite patarim\u0173 d\u0117l prie\u017ei\u016bros u\u017eduo\u010di\u0173, toki\u0173 kaip tepimas, sandarikli\u0173 keitimas ir kalibravimo patikrinimai.<\/li>\n<\/ul>\n<p><img decoding=\"async\" src=\"https:\/\/www.hydraulic-cylinders.net\/wp-content\/uploads\/2025\/01\/songte-oil-pipes-and-spare-parts.webp\"><\/p>\n<h2>Saugos aspektai ir aplinkos veiksniai<\/h2>\n<p>Naudojant kau\u0161o tipo cilindr\u0105, b\u016btina laikytis saugos priemoni\u0173, kad b\u016bt\u0173 i\u0161vengta nelaiming\u0173 atsitikim\u0173. Tai apima tinkam\u0173 apsaugini\u0173 priemoni\u0173 d\u0117v\u0117jim\u0105, tinkam\u0173 eksploatavimo proced\u016br\u0173 laikym\u0105si ir geros \u012frangos darbin\u0117s b\u016bkl\u0117s u\u017etikrinim\u0105. Be to, aplinkos veiksni\u0173, toki\u0173 kaip temperat\u016bra, dr\u0117gm\u0117 ir chemini\u0173 med\u017eiag\u0173 poveikis, \u012fvertinimas gali pad\u0117ti i\u0161laikyti cilindro veikim\u0105 ir ilgaam\u017ei\u0161kum\u0105.<\/p>\n<h2>Trik\u010di\u0173 \u0161alinimas ir da\u017eniausiai pasitaikan\u010dios problemos<\/h2>\n<p>Susid\u016brus su kau\u0161o cilindro problemomis ar gedimais, svarbu juos nedelsiant diagnozuoti ir pa\u0161alinti. Pateikite trik\u010di\u0173 \u0161alinimo patarimus ir sprendimus, kurie pad\u0117t\u0173 skaitytojams veiksmingai diagnozuoti ir i\u0161spr\u0119sti problemas. Be to, pasi\u016blykite prevencines priemones, kad suma\u017eintum\u0117te galimas problemas ir u\u017etikrintum\u0117te skland\u0173 cilindro veikim\u0105.<\/p>\n<p><img decoding=\"async\" src=\"https:\/\/www.hydraulic-cylinders.net\/wp-content\/uploads\/2025\/01\/songte-bushings-with-all-kinds-of-excavator-models.webp\"><\/p>\n<h2>Diegimo vadovas<\/h2>\n<p>Tinkamas montavimas yra labai svarbus optimaliam kau\u0161o cilindro veikimui. Pateikite nuosekl\u0173 montavimo vadov\u0105, kuriame b\u016bt\u0173 pabr\u0117\u017eiamas teisingas cilindro sulygiavimas. Rekomenduokite naudoti tinkamus montavimo laikiklius cilindrui pritvirtinti. Apib\u016bdinkite rekomenduojamas patikros, remonto ir keitimo proced\u016bras bei pateikite patarim\u0173, kaip prailginti cilindro tarnavimo laik\u0105.<\/p>\n<h2>Prie\u017ei\u016bros u\u017eduotys<\/h2>\n<ul>\n<li>Reguliar\u016bs patikrinimai: pabr\u0117\u017ekite reguliari\u0173 patikrinim\u0173 svarb\u0105 siekiant nustatyti galimas problemas ar susid\u0117v\u0117jim\u0105.<\/li>\n<li>Tinkamas tepimas: paai\u0161kinkite tinkamo tepimo svarb\u0105 skland\u017eiam veikimui ir prie\u0161laikinio susid\u0117v\u0117jimo prevencijai.<\/li>\n<li>Tarpikli\u0173 keitimas: pabr\u0117\u017ekite poreik\u012f laiku pakeisti tarpiklius, kad b\u016bt\u0173 i\u0161laikytas cilindro vientisumas ir i\u0161vengta nuot\u0117ki\u0173.<\/li>\n<li>Kalibravimo patikrinimai: aptarkite periodini\u0173 kalibravimo patikrinim\u0173 svarb\u0105 siekiant u\u017etikrinti, kad cilindras veikt\u0173 pagal norimus parametrus.<\/li>\n<\/ul>\n<p><img decoding=\"async\" src=\"https:\/\/www.hydraulic-cylinders.net\/wp-content\/uploads\/2025\/01\/songte-chushion-collar.webp\"><\/p>\n<h2>I\u0161vada<\/h2>\n<p>M\u016bs\u0173 \u012fmon\u0117 yra pirmaujanti hidraulini\u0173 cilindr\u0173 gamintoja ir didmenin\u0117 platintoja vidaus ir tarptautin\u0117se rinkose. Tur\u0117dami plat\u0173 gamini\u0173 asortiment\u0105, laikom\u0117s puikios kokyb\u0117s, efektyvi\u0173 gamybos proces\u0173 ir profesionalaus aptarnavimo princip\u0173. M\u016bs\u0173 gaminiai yra suprojektuoti ir pagaminti labai tiksliai, naudojant pa\u017eangias technologijas ir auk\u0161\u010diausios kokyb\u0117s med\u017eiagas. Si\u016blome pritaikymo paslaugas, tarptautinius sertifikatus, i\u0161sami\u0105 garantinio aptarnavimo paslaug\u0105 ir plat\u0173 gamybos \u012frangos asortiment\u0105. Tur\u0117dami savo patirt\u012f ir \u012fsipareigojim\u0105 klient\u0173 pasitenkinimui, stengiam\u0117s patenkinti \u012fvairius savo klient\u0173 poreikius.<\/p>\n<p><img decoding=\"async\" src=\"https:\/\/www.hydraulic-cylinders.net\/wp-content\/uploads\/2025\/01\/songte-company-3.webp\"><\/p>\n<p>Autorius: lyl<\/p>\n<p><\/body><br \/>\n<\/html><\/p>","protected":false},"excerpt":{"rendered":"<p>Bucket Cylinder For Komatsu Middle Excavator PC200LC-8 Bucket Cylinder For Komatsu Middle Excavator PC200LC-8 Introduction The bucket cylinder for Komatsu middle excavator PC200LC-8 is a specially designed hydraulic cylinder used to control the movement of the bucket in heavy machinery such as excavators, backhoe loaders, and front loaders. Its main function is to enable the [&hellip;]<\/p>","protected":false},"featured_media":14788,"comment_status":"open","ping_status":"closed","template":"","meta":{"_et_pb_use_builder":"","_et_pb_old_content":"","_et_gb_content_width":""},"product_brand":[],"product_cat":[1494],"product_tag":[1495,1496],"class_list":{"0":"post-15133","1":"product","2":"type-product","3":"status-publish","4":"has-post-thumbnail","6":"product_cat-bucket-cylinders","7":"product_tag-bucket-cylinders","8":"product_tag-hydraulic-cylinders","10":"first","11":"instock","12":"shipping-taxable","13":"product-type-simple"},"amp_enabled":true,"_links":{"self":[{"href":"https:\/\/www.hydraulic-cylinders.net\/lt\/wp-json\/wp\/v2\/product\/15133","targetHints":{"allow":["GET"]}}],"collection":[{"href":"https:\/\/www.hydraulic-cylinders.net\/lt\/wp-json\/wp\/v2\/product"}],"about":[{"href":"https:\/\/www.hydraulic-cylinders.net\/lt\/wp-json\/wp\/v2\/types\/product"}],"replies":[{"embeddable":true,"href":"https:\/\/www.hydraulic-cylinders.net\/lt\/wp-json\/wp\/v2\/comments?post=15133"}],"wp:featuredmedia":[{"embeddable":true,"href":"https:\/\/www.hydraulic-cylinders.net\/lt\/wp-json\/wp\/v2\/media\/14788"}],"wp:attachment":[{"href":"https:\/\/www.hydraulic-cylinders.net\/lt\/wp-json\/wp\/v2\/media?parent=15133"}],"wp:term":[{"taxonomy":"product_brand","embeddable":true,"href":"https:\/\/www.hydraulic-cylinders.net\/lt\/wp-json\/wp\/v2\/product_brand?post=15133"},{"taxonomy":"product_cat","embeddable":true,"href":"https:\/\/www.hydraulic-cylinders.net\/lt\/wp-json\/wp\/v2\/product_cat?post=15133"},{"taxonomy":"product_tag","embeddable":true,"href":"https:\/\/www.hydraulic-cylinders.net\/lt\/wp-json\/wp\/v2\/product_tag?post=15133"}],"curies":[{"name":"wp","href":"https:\/\/api.w.org\/{rel}","templated":true}]}}