{"id":1514,"date":"2023-09-27T09:17:18","date_gmt":"2023-09-27T09:17:18","guid":{"rendered":"https:\/\/hydraulic-cylinders.net\/?post_type=product&#038;p=1514"},"modified":"2025-04-11T01:49:35","modified_gmt":"2025-04-11T01:49:35","slug":"aerial-work-platform-electric-cylinder","status":"publish","type":"product","link":"https:\/\/www.hydraulic-cylinders.net\/lt\/produktas\/aerial-work-platform-electric-cylinder\/","title":{"rendered":"Elektrinis darbo platformos cilindras"},"content":{"rendered":"<h1 style=\"text-align: center;\"><strong>Elektrinis darbo platformos cilindras<\/strong><\/h1>\n<p><img loading=\"lazy\" decoding=\"async\" class=\"wp-image-1515 aligncenter\" src=\"https:\/\/hydraulic-cylinders.net\/wp-content\/uploads\/2023\/09\/electric-cylinder-1-300x300.webp\" alt=\"\" width=\"400\" height=\"400\" \/><\/p>\n<p>Elektrinis k\u0117limo platformos cilindras yra pa\u017eangus hidraulinis komponentas, skirtas padidinti efektyvum\u0105 ir saug\u0105 dirbant pakeltoje darbo aplinkoje. \u0160is novatori\u0161kas cilindras yra labai svarbus k\u0117limo platformose, nes u\u017etikrina tiksl\u0173 ir kontroliuojam\u0105 vertikal\u0173 darbuotoj\u0173, \u012franki\u0173 ir \u012frangos jud\u0117jim\u0105.<\/p>\n<p>With the increasingly strict environmental protection laws and regulations, people&#8217;s environmental awareness is gradually increasing, and the requirements for construction machinery are growing. With its low noise and other advantages, the electric cylinder with no leakage, high efficiency, and low pollution just makes up for this need. All kinds of construction machinery or manipulators with electric cylinders as mechanical carriers have gradually become popular In many businesses.<\/p>\n<p>Elektrinis cilindras, kaip elektrinis pavaros mechanizmas, pasi\u017eymi ma\u017ea kaina, kompakti\u0161ka konstrukcija, lengvu montavimu, dideliu valdymo tikslumu ir lanks\u010diu veikimu. Kaip mechaninis judesio ne\u0161iklis, elektrinis cilindras varo rutulin\u012f sraigt\u0105 per servo variklio sukim\u0105si, tod\u0117l kampinis poslinkis paver\u010diamas tiesiniu poslinkiu, kad b\u016bt\u0173 pasiektas tikslus grei\u010dio, pad\u0117ties ir traukos valdymas.<\/p>\n<p>Elektrinis cilindras pasi\u017eymi dideliu efektyvumu, didele laikom\u0105ja galia, dideliu grei\u010diu, tiksliu ir valdomu jud\u0117jimu ir kt. Jis pla\u010diai naudojamas aviacijos ir kosmoso bandymuose, daugiapakop\u0117je modeliavime, daugiapakop\u0117je dinamin\u0117je pramogoje, daugiapakop\u0117je tiksliame apdirbime, robotuose, automobili\u0173 gamyboje ir kitose \u012frangos srityse, plieno jung\u010di\u0173 liejime, naftos chemijoje, med\u017eiag\u0173 tvarkyme, liejimo ma\u0161inose, liejimo valdyme, vo\u017etuv\u0173 valdyme, tiksliosiose ma\u0161inose, farmacijos ma\u0161inose, maisto perdirbime ir kitose srityse.<\/p>\n<p>Pagrindin\u0117s k\u0117limo platformos elektrinio cilindro charakteristikos:<\/p>\n<ol>\n<li>Sklandus ir tikslus vertikalus jud\u0117jimas:<\/li>\n<\/ol>\n<ul>\n<li>Elektrinis darbo platformos cilindras u\u017etikrina skland\u0173 ir tiksl\u0173 vertikal\u0173 jud\u0117jim\u0105, u\u017etikrindamas tiksl\u0173 pad\u0117ties nustatym\u0105 norimame auk\u0161tyje.<\/li>\n<li>Tai leid\u017eia operatoriams lengvai reguliuoti platformos auk\u0161t\u012f, o tai palengvina efektyv\u0173 darbo atlikim\u0105 ir padidina na\u0161um\u0105.<\/li>\n<\/ul>\n<ol start=\"2\">\n<li>Elektrinio variklio na\u0161umas:<\/li>\n<\/ol>\n<ul>\n<li>\u0160is cilindras veikia elektros energija, tod\u0117l nereikia rankinio siurbimo ar i\u0161orini\u0173 maitinimo \u0161altini\u0173.<\/li>\n<li>Jis veikia tyliai ir efektyviai, tod\u0117l tinka naudoti patalpose, kur reikia suma\u017einti triuk\u0161m\u0105 ir i\u0161metam\u0173j\u0173 ter\u0161al\u0173 kiek\u012f.<\/li>\n<\/ul>\n<ol start=\"3\">\n<li>Didel\u0117 keliamoji galia:<\/li>\n<\/ol>\n<ul>\n<li>Elektrinis darbo platformos cilindras pasi\u017eymi didele keliam\u0105ja galia, tod\u0117l gali lengvai i\u0161laikyti darbuotojus, \u012frankius ir sunki\u0105j\u0105 \u012frang\u0105.<\/li>\n<li>Jis suprojektuotas taip, kad atlaikyt\u0173 sud\u0117tingas darbo s\u0105lygas ir dideles apkrovas nepakenkiant saugumui ar na\u0161umui.<\/li>\n<\/ul>\n<ol start=\"4\">\n<li>Saugos funkcijos:<\/li>\n<\/ol>\n<ul>\n<li>\u0160iame cilindre yra pa\u017eangios saugos funkcijos, tokios kaip ribiniai jungikliai, avarinio stabdymo mygtukai ir apsauga nuo perkrovos.<\/li>\n<li>\u0160ie saugos mechanizmai u\u017etikrina operatoriaus saugum\u0105, nes neleid\u017eia platformai pernelyg jud\u0117ti, perkrauti ar nety\u010dia veikti.<\/li>\n<\/ul>\n<h2><strong>Ant\u017eemin\u0117s darbo platformos elektrinio cilindro parametras:<\/strong><\/h2>\n<table border=\"1\" cellspacing=\"0\" cellpadding=\"0\">\n<tbody>\n<tr>\n<td>Produkto pavadinimas<\/td>\n<td>Elektrinis darbo platformos cilindras<\/td>\n<\/tr>\n<tr>\n<td>Savyb\u0117s:<\/td>\n<td>Realizuokite teleskopin\u0119 funkcij\u0105<\/td>\n<\/tr>\n<tr>\n<td>Traukos j\u0117ga:<\/td>\n<td>1\u20131000 kN<\/td>\n<\/tr>\n<tr>\n<td>\u012etampa:<\/td>\n<td>24V,48V,220V,380V&#8230;<\/td>\n<\/tr>\n<tr>\n<td>Elektrinio cilindro savyb\u0117s:<\/td>\n<td>Didelis efektyvumas, didelis greitis,<br \/>\nDidelis pakrovimas, didelis tikslumas<\/td>\n<\/tr>\n<tr>\n<td>Elektrini\u0173 cilindr\u0173 pritaikymas:<\/td>\n<td>\u017dirklin\u0117 darbo platforma, Stiebo darbo platforma,<br \/>\nGaisrin\u0117 ma\u0161ina, automatin\u0117 gamybos linija ir kt.<\/td>\n<\/tr>\n<\/tbody>\n<\/table>\n<h2><strong>K\u0117limo platformos identifikavimo schema:<\/strong><\/h2>\n<p><img loading=\"lazy\" decoding=\"async\" class=\"alignnone wp-image-1517 size-full\" src=\"https:\/\/hydraulic-cylinders.net\/wp-content\/uploads\/2023\/09\/aerial-work-platform-cylinder-construct.webp\" alt=\"\" width=\"600\" height=\"400\" srcset=\"https:\/\/hydraulic-cylinders.net\/wp-content\/uploads\/2023\/09\/aerial-work-platform-cylinder-construct.webp 600w, https:\/\/hydraulic-cylinders.net\/wp-content\/uploads\/2023\/09\/aerial-work-platform-cylinder-construct-480x320.webp 480w\" sizes=\"(min-width: 0px) and (max-width: 480px) 480px, (min-width: 481px) 600px, 100vw\" \/><img loading=\"lazy\" decoding=\"async\" class=\"alignnone wp-image-1518\" src=\"https:\/\/hydraulic-cylinders.net\/wp-content\/uploads\/2023\/09\/electric-cylinder-3.webp\" alt=\"\" width=\"600\" height=\"277\" srcset=\"https:\/\/hydraulic-cylinders.net\/wp-content\/uploads\/2023\/09\/electric-cylinder-3.webp 600w, https:\/\/hydraulic-cylinders.net\/wp-content\/uploads\/2023\/09\/electric-cylinder-3-480x222.webp 480w\" sizes=\"(min-width: 0px) and (max-width: 480px) 480px, (min-width: 481px) 600px, 100vw\" \/><\/p>\n<h2><strong>Elektrinio cilindro, skirto darbui ant platformos, naudojimo b\u016bdas:<\/strong><\/h2>\n<ol>\n<li><strong>Platformos diegimas:<\/strong><\/li>\n<\/ol>\n<ul>\n<li>Follow the manufacturer&#8217;s instructions for properly installing the aerial work platform electric cylinder.<\/li>\n<li>Ensure the cylinder is securely mounted to the aerial work platform&#8217;s frame, providing a stable and reliable connection.<\/li>\n<\/ul>\n<ol start=\"2\">\n<li><strong>Elektros jungtis:<\/strong><\/li>\n<\/ol>\n<ul>\n<li>Prijunkite cilindr\u0105 prie elektros tinklo pagal pateiktas gaires.<\/li>\n<li>\u012esitikinkite, kad visos elektros jungtys yra tvirtos ir tinkamai izoliuotos, kad i\u0161vengtum\u0117te elektros pavoj\u0173.<\/li>\n<\/ul>\n<ol start=\"3\">\n<li><strong>Platformos auk\u0161\u010dio reguliavimas:<\/strong><\/li>\n<\/ol>\n<ul>\n<li>Platformos auk\u0161\u010diui reguliuoti naudokite pateikt\u0105 valdymo pult\u0105 arba s\u0105saj\u0105.<\/li>\n<li>Laikykit\u0117s rekomenduojam\u0173 naudojimo proced\u016br\u0173 ir saugos nurodym\u0173, kad jud\u0117tum\u0117te vertikaliai skland\u017eiai ir kontroliuojamai.<\/li>\n<\/ul>\n<ol start=\"4\">\n<li><strong>Saugos aspektai:<\/strong><\/li>\n<\/ol>\n<ul>\n<li>Prie\u0161 prad\u0117dami dirbti su keliam\u0105ja darbo platforma, susipa\u017einkite su saugos funkcijomis ir avarin\u0117mis proced\u016bromis.<\/li>\n<li>U\u017etikrinkite, kad visi operatoriai b\u016bt\u0173 tinkamai apmokyti, kaip saugiai valdyti platform\u0105 ir k\u0117limo platformos elektrin\u012f cilindr\u0105.<\/li>\n<\/ul>\n<h2><strong>Elektrinio cilindro pritaikymas:<\/strong><\/h2>\n<p><img loading=\"lazy\" decoding=\"async\" id=\"thepasted-1\" class=\"alignnone wp-image-1519 size-full\" src=\"https:\/\/hydraulic-cylinders.net\/wp-content\/uploads\/2023\/09\/electric-cylinder-4.webp\" alt=\"\" width=\"968\" height=\"831\" srcset=\"https:\/\/hydraulic-cylinders.net\/wp-content\/uploads\/2023\/09\/electric-cylinder-4.webp 968w, https:\/\/hydraulic-cylinders.net\/wp-content\/uploads\/2023\/09\/electric-cylinder-4-480x412.webp 480w\" sizes=\"(min-width: 0px) and (max-width: 480px) 480px, (min-width: 481px) 968px, 100vw\" \/><\/p>\n<h2><strong>Kaip veikia hidraulin\u0117 sistema?<\/strong><\/h2>\n<p>A hydraulic system is a mechanical power transmission system that utilizes the force of fluid to generate and transmit power. It operates based on Pascal&#8217;s law, which states that when pressure is applied to a confined fluid, the pressure is transmitted equally in all directions.<\/p>\n<p>\u0160tai supaprastintas hidraulin\u0117s sistemos veikimo paai\u0161kinimas:<\/p>\n<ol>\n<li><strong>Hidraulin\u0117s sistemos komponentai:<\/strong>\n<ul>\n<li>Hidraulinis skystis: Paprastai pagamintas alyvos pagrindu, tai yra terp\u0117 energijai perduoti.<\/li>\n<li>Hidraulinis siurblys: Jis sukuria skys\u010dio sraut\u0105 ir sukuria sl\u0117g\u012f sistemoje.<\/li>\n<li>Hidraulinis cilindras: paver\u010dia skys\u010dio sl\u0117g\u012f tiesiniu judesiu arba j\u0117ga.<\/li>\n<li>Valdymo vo\u017etuvai: reguliuoja hidraulinio skys\u010dio sraut\u0105 ir krypt\u012f.<\/li>\n<li>Hidraulinis variklis: paver\u010dia skys\u010dio sl\u0117g\u012f sukamuoju judesiu.<\/li>\n<\/ul>\n<\/li>\n<li><strong>Siurbimo skystis:<\/strong>\n<ul>\n<li>Hidraulinis siurblys siurbia hidraulin\u012f skyst\u012f i\u0161 rezervuaro ir tiekia j\u012f sl\u0117giu \u012f likusi\u0105 sistemos dal\u012f.<\/li>\n<li>Siurbliui veikiant, jis sukuria vakuum\u0105, kuris \u012ftraukia skyst\u012f \u012f \u012fleidimo ang\u0105.<\/li>\n<\/ul>\n<\/li>\n<li><strong>Skys\u010di\u0173 pasiskirstymas:<\/strong>\n<ul>\n<li>Sl\u0117ginis skystis teka hidraulin\u0117mis linijomis arba \u017earnomis, kad pasiekt\u0173 \u012fvairius sistemos komponentus.<\/li>\n<li>\u0160ios linijos yra suprojektuotos taip, kad atlaikyt\u0173 auk\u0161t\u0105 sl\u0117g\u012f ir perduot\u0173 skyst\u012f be nuot\u0117kio.<\/li>\n<\/ul>\n<\/li>\n<li><strong>Valdymo vo\u017etuvai:<\/strong>\n<ul>\n<li>Control valves determine the hydraulic fluid&#8217;s flow direction, rate, and pressure.<\/li>\n<li>Jie valdomi rankiniu arba elektroniniu b\u016bdu ir yra atsakingi u\u017e konkre\u010di\u0173 hidraulini\u0173 komponent\u0173 \u012fjungim\u0105 arba i\u0161jungim\u0105.<\/li>\n<\/ul>\n<\/li>\n<li><strong>Hidraulinis cilindras:<\/strong>\n<ul>\n<li>Hidraulin\u012f cilindr\u0105 sudaro cilindrinis vamzdis, st\u016bmoklis ir strypas.<\/li>\n<li>Kai susl\u0117gtas skystis patenka \u012f vien\u0105 cilindro pus\u0119, jis stumia st\u016bmokl\u012f, kuris judina stryp\u0105.<\/li>\n<li>\u0160is tiesinis jud\u0117jimas gali pakelti, stumti arba perkelti i\u0161orinius krovinius.<\/li>\n<\/ul>\n<\/li>\n<li><strong>Hidraulinis variklis:<\/strong>\n<ul>\n<li>Hidraulinis variklis paver\u010dia skys\u010dio sl\u0117g\u012f sukamuoju judesiu.<\/li>\n<li>J\u012f sudaro rotorius ir statorius, o susl\u0117gtas skystis priver\u010dia rotori\u0173 suktis.<\/li>\n<li>Sukamoji galia gali b\u016bti naudojama ma\u0161inoms valdyti arba darbams atlikti.<\/li>\n<\/ul>\n<\/li>\n<li><strong>Gr\u0105\u017einimas ir filtravimas:<\/strong>\n<ul>\n<li>Atlik\u0119s numatyt\u0105 funkcij\u0105, hidraulinis skystis gr\u012f\u017eta \u012f rezervuar\u0105 pakartotiniam naudojimui.<\/li>\n<li>Filtravimo sistemos u\u017etikrina, kad skystis b\u016bt\u0173 \u0161varus ir be ter\u0161al\u0173, taip apsaugodamos hidraulinius komponentus nuo pa\u017eeidim\u0173.<\/li>\n<\/ul>\n<\/li>\n<li><strong>Kontrol\u0117 ir saugumas:<\/strong>\n<ul>\n<li>Hidraulin\u0117se sistemose yra \u012fvairi\u0173 valdymo mechanizm\u0173, toki\u0173 kaip sl\u0117gio ma\u017einimo vo\u017etuvai, siekiant i\u0161vengti per didelio sl\u0117gio padid\u0117jimo ir u\u017etikrinti sistemos saug\u0105.<\/li>\n<li>Jutikliai ir gr\u012f\u017etamojo ry\u0161io \u012ftaisai gali steb\u0117ti ir reguliuoti sistemos parametrus, tokius kaip sl\u0117gis, temperat\u016bra ir srautas.<\/li>\n<\/ul>\n<\/li>\n<\/ol>\n<h2><strong>Gamyklos paj\u0117gumai ir talpa:<\/strong><\/h2>\n<h3>(1) Surinkimas<\/h3>\n<p>Turime pirmos klas\u0117s nepriklausom\u0105 tyrim\u0173 ir pl\u0117tros surinkimo platform\u0105. Hidraulini\u0173 cilindr\u0173 gamybos ceche yra keturios pusiau automatin\u0117s k\u0117limo cilindr\u0173 surinkimo linijos ir viena automatin\u0117 pakreipimo cilindr\u0173 surinkimo linija, kuri\u0173 projektinis metinis gamybos paj\u0117gumas yra 1 milijonas vienet\u0173. Speciali\u0173j\u0173 cilindr\u0173 ceche \u012frengta \u012fvairi\u0173 specifikacij\u0173 pusiau automatin\u0117 valymo surinkimo sistema, kurios projektinis metinis gamybos paj\u0117gumas yra 200 000 vienet\u0173, ir garsi CNC apdirbimo \u012franga, apdirbimo centras, didelio tikslumo cilindr\u0173 apdirbimo speciali \u012franga, robotinis suvirinimo aparatas, automatinis valymo aparatas, automatinis cilindr\u0173 surinkimo aparatas ir automatin\u0117 da\u017eymo gamybos linija. Esama daugiau nei 300 rinkini\u0173 (komplekt\u0173) kritin\u0117 \u012franga. Optimalus \u012frangos i\u0161tekli\u0173 paskirstymas ir efektyvus naudojimas u\u017etikrina gamini\u0173 tikslumo reikalavimus ir auk\u0161tus gamini\u0173 kokyb\u0117s poreikius.<\/p>\n<p><img loading=\"lazy\" decoding=\"async\" class=\"alignnone wp-image-626\" src=\"https:\/\/hydraulic-cylinders.net\/wp-content\/uploads\/2023\/08\/hydraulic-cylinder-product-1-300x158.webp\" alt=\"\" width=\"495\" height=\"260\" srcset=\"https:\/\/hydraulic-cylinders.net\/wp-content\/uploads\/2023\/08\/hydraulic-cylinder-product-1-300x158.webp 495w, https:\/\/hydraulic-cylinders.net\/wp-content\/uploads\/2023\/08\/hydraulic-cylinder-product-1-480x252.webp 480w\" sizes=\"(min-width: 0px) and (max-width: 480px) 480px, (min-width: 481px) 495px, 100vw\" \/> <img loading=\"lazy\" decoding=\"async\" class=\"alignnone wp-image-627\" src=\"https:\/\/hydraulic-cylinders.net\/wp-content\/uploads\/2023\/08\/hydraulic-cylinder-product-2-300x189.webp\" alt=\"\" width=\"413\" height=\"260\" \/><\/p>\n<h3>(2) Apdirbimas<\/h3>\n<p>Mechaninio apdirbimo ceche \u012frengtas pritaikytas nuo\u017eulnaus b\u0117gio tekinimo centras, apdirbimo centras, greitaeigis galandimo stakl\u0117s, suvirinimo robotas ir kita susijusi \u012franga, galinti apdirbti cilindrinius vamzd\u017eius, kuri\u0173 maksimalus vidinis skersmuo yra 400 mm, o maksimalus ilgis \u2013 6 metrai.<\/p>\n<p><img loading=\"lazy\" decoding=\"async\" class=\"alignnone wp-image-628 size-large\" src=\"https:\/\/hydraulic-cylinders.net\/wp-content\/uploads\/2023\/08\/hydraulic-cylinder-product-3-1024x391.webp\" alt=\"\" width=\"1024\" height=\"391\" srcset=\"https:\/\/hydraulic-cylinders.net\/wp-content\/uploads\/2023\/08\/hydraulic-cylinder-product-3-980x374.webp 980w, https:\/\/hydraulic-cylinders.net\/wp-content\/uploads\/2023\/08\/hydraulic-cylinder-product-3-480x183.webp 480w\" sizes=\"(min-width: 0px) and (max-width: 480px) 480px, (min-width: 481px) and (max-width: 980px) 980px, (min-width: 981px) 1024px, 100vw\" \/><\/p>\n<h3>(3) Suvirinimas<\/h3>\n<p><img loading=\"lazy\" decoding=\"async\" class=\"alignnone wp-image-629 size-large\" src=\"https:\/\/hydraulic-cylinders.net\/wp-content\/uploads\/2023\/08\/hydraulic-cylinder-product-4-1024x510.webp\" alt=\"\" width=\"1024\" height=\"510\" srcset=\"https:\/\/hydraulic-cylinders.net\/wp-content\/uploads\/2023\/08\/hydraulic-cylinder-product-4-980x488.webp 980w, https:\/\/hydraulic-cylinders.net\/wp-content\/uploads\/2023\/08\/hydraulic-cylinder-product-4-480x239.webp 480w\" sizes=\"(min-width: 0px) and (max-width: 480px) 480px, (min-width: 481px) and (max-width: 980px) 980px, (min-width: 981px) 1024px, 100vw\" \/><\/p>\n<h3>(4) Da\u017eymas ir dengimas<\/h3>\n<p>Su ma\u017eomis ir vidutinio dyd\u017eio cilindrin\u0117mis automatin\u0117mis vandens pagrindo da\u017e\u0173 dengimo linijomis, siekiant automatinio robot\u0173 pakrovimo ir i\u0161krovimo bei automatinio pur\u0161kimo, projektinis paj\u0117gumas yra 4000 vienet\u0173 per pamain\u0105;<br \/>\nTaip pat turime pusiau automatin\u0119 dideli\u0173 cilindr\u0173 da\u017e\u0173 gamybos linij\u0105, varom\u0105 grandin\u0117s, kurios projektinis na\u0161umas yra 60 d\u0117\u017ei\u0173 per pamain\u0105.<\/p>\n<p><img loading=\"lazy\" decoding=\"async\" class=\"alignnone wp-image-630\" src=\"https:\/\/hydraulic-cylinders.net\/wp-content\/uploads\/2023\/08\/hydraulic-cylinder-product-5-300x213.webp\" alt=\"\" width=\"366\" height=\"260\" \/> <img loading=\"lazy\" decoding=\"async\" class=\"alignnone wp-image-631\" src=\"https:\/\/hydraulic-cylinders.net\/wp-content\/uploads\/2023\/08\/hydraulic-cylinder-product-6-300x225.webp\" alt=\"\" width=\"347\" height=\"260\" \/><\/p>\n<h3>(5) Testavimas<\/h3>\n<p>Turime auk\u0161\u010diausios klas\u0117s patikros patalpas ir bandym\u0173 stendus, kad u\u017etikrintume, jog baliono veikimas atitinka reikalavimus.<\/p>\n<p><img loading=\"lazy\" decoding=\"async\" class=\"alignnone wp-image-632\" src=\"https:\/\/hydraulic-cylinders.net\/wp-content\/uploads\/2023\/08\/hydraulic-cylinder-product-8-300x200.webp\" alt=\"\" width=\"389\" height=\"260\" \/><\/p>\n<p>&nbsp;<\/p>\n<p>&nbsp;<\/p>\n<p>Esame vienas geriausi\u0173 hidraulini\u0173 cilindr\u0173 gamintoj\u0173. Galime pasi\u016blyti i\u0161samius hidraulinius cilindrus. Taip pat teikiame atitinkamus <a href=\"https:\/\/hzpt.com\/agricultural-pto-gearbox\/\" target=\"_blank\" rel=\"noopener\">\u017eem\u0117s \u016bkio pavar\u0173 d\u0117\u017e\u0117s<\/a>Mes eksportuojame savo gaminius klientams visame pasaulyje ir peln\u0117me ger\u0105 reputacij\u0105 d\u0117l auk\u0161\u010diausios gamini\u0173 kokyb\u0117s ir aptarnavimo po pardavimo. Mes laukiame klient\u0173 \u0161alyje ir u\u017esienyje, norin\u010di\u0173 susisiekti su mumis der\u0117tis d\u0117l verslo, keistis informacija ir... <a href=\"https:\/\/www.hydraulic-cylinders.net\/lt\/contact-us\/\">bendradarbiauti su mumis<\/a>!<\/p>","protected":false},"excerpt":{"rendered":"<p>Aerial Work Platform Electric Cylinder The aerial work platform electric cylinder is a cutting-edge hydraulic component designed to enhance efficiency and safety in elevated work environments. This innovative cylinder is critical in aerial work platforms, providing precise and controlled vertical movement for workers, tools, and equipment. With the increasingly strict environmental protection laws and regulations, [&hellip;]<\/p>","protected":false},"featured_media":1516,"comment_status":"open","ping_status":"closed","template":"","meta":{"_et_pb_use_builder":"","_et_pb_old_content":"","_et_gb_content_width":""},"product_brand":[],"product_cat":[1500,1549,1376],"product_tag":[1380],"class_list":{"0":"post-1514","1":"product","2":"type-product","3":"status-publish","4":"has-post-thumbnail","6":"product_cat-aerial-work-vehicle-hydraulic-cylinder","7":"product_cat-single-acting-hydraulic-cylinder","8":"product_cat-hydraulic-cylinder","9":"product_tag-hydraulic-cylinder","11":"first","12":"instock","13":"shipping-taxable","14":"product-type-simple"},"amp_enabled":true,"_links":{"self":[{"href":"https:\/\/www.hydraulic-cylinders.net\/lt\/wp-json\/wp\/v2\/product\/1514","targetHints":{"allow":["GET"]}}],"collection":[{"href":"https:\/\/www.hydraulic-cylinders.net\/lt\/wp-json\/wp\/v2\/product"}],"about":[{"href":"https:\/\/www.hydraulic-cylinders.net\/lt\/wp-json\/wp\/v2\/types\/product"}],"replies":[{"embeddable":true,"href":"https:\/\/www.hydraulic-cylinders.net\/lt\/wp-json\/wp\/v2\/comments?post=1514"}],"wp:featuredmedia":[{"embeddable":true,"href":"https:\/\/www.hydraulic-cylinders.net\/lt\/wp-json\/wp\/v2\/media\/1516"}],"wp:attachment":[{"href":"https:\/\/www.hydraulic-cylinders.net\/lt\/wp-json\/wp\/v2\/media?parent=1514"}],"wp:term":[{"taxonomy":"product_brand","embeddable":true,"href":"https:\/\/www.hydraulic-cylinders.net\/lt\/wp-json\/wp\/v2\/product_brand?post=1514"},{"taxonomy":"product_cat","embeddable":true,"href":"https:\/\/www.hydraulic-cylinders.net\/lt\/wp-json\/wp\/v2\/product_cat?post=1514"},{"taxonomy":"product_tag","embeddable":true,"href":"https:\/\/www.hydraulic-cylinders.net\/lt\/wp-json\/wp\/v2\/product_tag?post=1514"}],"curies":[{"name":"wp","href":"https:\/\/api.w.org\/{rel}","templated":true}]}}