{"id":15140,"date":"2025-01-19T14:09:19","date_gmt":"2025-01-19T14:09:19","guid":{"rendered":"https:\/\/www.hydraulic-cylinders.net\/product\/bucket-cylinder-for-komatsu-middle-excavator-pc220-5-6-7-8-8mo\/"},"modified":"2025-01-19T14:09:21","modified_gmt":"2025-01-19T14:09:21","slug":"bucket-cylinder-for-komatsu-middle-excavator-pc220-5-6-7-8-8mo","status":"publish","type":"product","link":"https:\/\/www.hydraulic-cylinders.net\/lt\/produktas\/bucket-cylinder-for-komatsu-middle-excavator-pc220-5-6-7-8-8mo\/","title":{"rendered":"Kau\u0161o cilindras Komatsu vidutinio dyd\u017eio ekskavatoriui PC220-5-6-7-8-8MO"},"content":{"rendered":"<h1>Kau\u0161o cilindras Komatsu vidutinio dyd\u017eio ekskavatoriui PC220-5-6-7-8-8MO<\/h1>\n<h2>\u012evadas<\/h2>\n<h3>Kau\u0161o cilindro apibr\u0117\u017eimas<\/h3>\n<p>\nKau\u0161o cilindras yra specialiai suprojektuotas hidraulinis cilindras, daugiausia naudojamas kau\u0161o jud\u0117jimui valdyti sunkiosiose ma\u0161inose, tokiose kaip ekskavatoriai, ekskavatoriai ir frontaliniai krautuvai. Jo pagrindin\u0117 funkcija \u2013 leisti kau\u0161ui pakilti, nuleisti ir pakreipti, taip palengvinant \u012fvairi\u0173 med\u017eiag\u0173 tvarkymo u\u017eduo\u010di\u0173 atlikim\u0105. Hidraulin\u0117je sistemoje kau\u0161o cilindras tiksliai valdo kau\u0161\u0105 keisdamas hidraulin\u0117s alyvos sl\u0117g\u012f, tod\u0117l operatoriai gali efektyviai tvarkyti sunkius objektus ir prisitaikyti prie sud\u0117tingos darbo aplinkos bei \u012fvairi\u0173 eksploatacini\u0173 reikalavim\u0173.\n<\/p>\n<p><img decoding=\"async\" src=\"https:\/\/www.hydraulic-cylinders.net\/wp-content\/uploads\/2025\/01\/songte-company-2.webp\" alt=\"Kau\u0161o cilindro vaizdas\"><\/p>\n<h3>Kau\u0161o cilindro savyb\u0117s<\/h3>\n<ul>\n<li>Didelis stiprumas ir ilgaam\u017ei\u0161kumas: Paprastai pagamintas i\u0161 didelio stiprumo plieno arba aliuminio, jis gali atlaikyti didel\u012f sl\u0117g\u012f ir dideles apkrovas, prisitaikyti prie at\u0161iauri\u0173 darbo s\u0105lyg\u0173 ir yra suprojektuotas atsi\u017evelgiant \u012f atsparum\u0105 dilimui ir korozijai, kad prailgint\u0173 tarnavimo laik\u0105.<\/li>\n<li>Efektyvus hidraulinis veikimas: Sklandus teleskopinis veikimas pasiekiamas naudojant hidraulin\u0117s alyvos sl\u0117g\u012f, kuris gali greitai reaguoti \u012f valdymo komandas, u\u017etikrinti galingas st\u016bmimo ir traukimo j\u0117gas ir tinka sunkiems daiktams tvarkyti bei sud\u0117tingoms eksploatavimo u\u017eduotims atlikti.<\/li>\n<li>\u012evair\u016bs tipai: Pagal poreikius galima pasirinkti vienpusio veikimo hidraulinius cilindrus (hidraulik\u0105 naudojant tik viena kryptimi) arba dvipusio veikimo hidraulinius cilindrus (hidraulik\u0105 naudojant dviem kryptimis), o kai kurie modeliai yra teleskopiniai, tod\u0117l juos galima labiau i\u0161tiesti nedidinant i\u0161orini\u0173 matmen\u0173, tod\u0117l jie tinka naudoti ribotoje erdv\u0117je.<\/li>\n<li>Kei\u010diamas: M\u016bs\u0173 gaminiai gali puikiai pakeisti \u0161iuos hidraulinius cilindrus.<\/li>\n<\/ul>\n<p><img decoding=\"async\" src=\"https:\/\/www.hydraulic-cylinders.net\/wp-content\/uploads\/2025\/01\/songte-cylinder-head-with-all-kinds-excavator-models.webp\" alt=\"Kau\u0161o cilindro pakeitimo paveiksl\u0117lis\"><\/p>\n<h3>Kau\u0161o cilindro pritaikymas<\/h3>\n<p>\nKau\u0161o cilindrai yra b\u016btini statybinei \u012frangai, tokiai kaip ekskavatoriai, ekskavatoriai, frontaliniai krautuvai ir \u017eem\u0117s \u016bkio technika. Ekskavatoriuose kau\u0161o cilindras padeda kasti ir kelti. Priekiniuose krautuvuose jie padeda efektyviai kelti ir pakreipti krovin\u012f.\n<\/p>\n<h4>Statybin\u0117 \u012franga<\/h4>\n<ul>\n<li>Ekskavatoriai: Kau\u0161o cilindras leid\u017eia kau\u0161ui perpjauti dirvo\u017eem\u012f, kad b\u016bt\u0173 galima atlikti kasimo darbus.<\/li>\n<li>Ekskavatoriniai krautuvai: Kau\u0161o cilindras padeda kasti ir kelti.<\/li>\n<li>Priekiniai krautuvai: Priekiniuose krautuvuose jie padeda efektyviai pakelti ir pakreipti krovinius.<\/li>\n<\/ul>\n<h4>\u017dem\u0117s \u016bkio technika<\/h4>\n<ul>\n<li>Priekiniai krautuvai: naudojami dirvo\u017eemiui, \u0161ienui ir kitoms med\u017eiagoms krauti, kelti ir transportuoti.<\/li>\n<\/ul>\n<p><img decoding=\"async\" src=\"https:\/\/www.hydraulic-cylinders.net\/wp-content\/uploads\/2025\/01\/songte-bushings-with-all-kinds-of-excavator-models.webp\" alt=\"Kau\u0161o cilindro taikymo vaizdas\"><\/p>\n<h2>Projektavimo aspektai ir atrankos standartai<\/h2>\n<h3>Dizaino aspektai<\/h3>\n<p>\nKau\u0161o cilindras yra skirtas sunkiems kroviniams atlaikyti ir veikti at\u0161iauriomis s\u0105lygomis, tod\u0117l labai svarbu atsi\u017evelgti \u012f jo keliam\u0105j\u0105 gali\u0105, sandarum\u0105, ilgaam\u017ei\u0161kum\u0105, saug\u0105 ir prie\u017ei\u016br\u0105.\n<\/p>\n<h4>Keliamoji galia<\/h4>\n<p>\nKau\u0161o cilindras pagamintas i\u0161 didelio stiprumo med\u017eiag\u0173, kad atlaikyt\u0173 auk\u0161t\u0105 sl\u0117g\u012f ir dideles apkrovas, tod\u0117l tinka sunkioms reikm\u0117ms.\n<\/p>\n<h4>Sandarinimas<\/h4>\n<p>\nCilindras apr\u016bpintas \u012fvairiais sandarinimo komponentais, tokiais kaip st\u016bmokliniai sandarikliai ir stryp\u0173 sandarikliai, kurie paprastai gaminami i\u0161 atspari\u0173 dilimui med\u017eiag\u0173, toki\u0173 kaip poliuretanas ir nitrilo kau\u010diukas, siekiant u\u017etikrinti ilgalaik\u012f sandarum\u0105.\n<\/p>\n<h4>Patvarumas<\/h4>\n<p>\nCilindro korpusas ir srieginis galinis pavir\u0161ius yra kruop\u0161\u010diai apdoroti, siekiant padidinti atsparum\u0105 dilimui, o st\u016bmoklio kotas padengtas chromu, kad b\u016bt\u0173 didesnis atsparumas \u012fbr\u0117\u017eimams ir pailgintas tarnavimo laikas.\n<\/p>\n<h4>Saugumas<\/h4>\n<p>\nKau\u0161o cilindras suprojektuotas atsi\u017evelgiant \u012f saugum\u0105, pavyzd\u017eiui, jame sumontuota amortizuojanti apykakl\u0117, kuri sugeria sm\u016bgius, kai cilindras yra visi\u0161kai i\u0161tiestas arba \u012ftrauktas, ir avarinio stabdymo vo\u017etuvai, siekiant i\u0161vengti nelaiming\u0173 atsitikim\u0173 darbo metu.\n<\/p>\n<h4>Prie\u017ei\u016bra<\/h4>\n<p>\nKau\u0161o cilindras suprojektuotas atsi\u017evelgiant \u012f lengv\u0105 prie\u017ei\u016br\u0105, pavyzd\u017eiui, suteikiant prieig\u0105 prie vidini\u0173 dali\u0173 ir naudojant kei\u010diamus sandarinimo komponentus, siekiant suma\u017einti prie\u017ei\u016bros i\u0161laidas.\n<\/p>\n<p><img decoding=\"async\" src=\"https:\/\/www.hydraulic-cylinders.net\/wp-content\/uploads\/2025\/01\/songte-oil-pipes-and-spare-parts.webp\" alt=\"Kau\u0161o cilindro dizaino vaizdas\"><\/p>\n<h3>Atrankos standartai<\/h3>\n<p>\nKau\u0161o cilindras tur\u0117t\u0173 b\u016bti parenkamas atsi\u017evelgiant \u012f konkre\u010dius taikymo reikalavimus, tokius kaip keliamoji galia, darbinis sl\u0117gis, darbin\u0117 temperat\u016bra ir montavimo matmenys. Taip pat svarbu pasirinkti tinkam\u0105 hidraulinio cilindro tip\u0105, pvz., vienpusio arba dvipusio veikimo, atsi\u017evelgiant \u012f taikymo reikalavimus.\n<\/p>\n<h2>Tepimas ir sandarinimas<\/h2>\n<p>\nKau\u0161o cilindrui reikalinga reguliari prie\u017ei\u016bra, kad b\u016bt\u0173 u\u017etikrintas ilgalaikis veikimas ir patikimumas. Tinkamas tepimas ir sandarinimas yra b\u016btini norint u\u017etikrinti skland\u0173 cilindro veikim\u0105 ir i\u0161vengti sandarinimo komponent\u0173 nuot\u0117kio ar pa\u017eeidim\u0173.\n<\/p>\n<h3>Tepimas<\/h3>\n<p>\nKau\u0161o cilindr\u0105 reikia reguliariai tepti hidrauline alyva, kad jis veikt\u0173 skland\u017eiai. B\u016btina naudoti tinkamo tipo hidraulin\u0119 alyv\u0105 ir reguliariai jos papildyti, kad cilindras visada b\u016bt\u0173 tinkamai suteptas.\n<\/p>\n<h3>Sandarinimas<\/h3>\n<p>\nKau\u0161o cilindras turi \u012fvairi\u0173 sandarinimo komponent\u0173, toki\u0173 kaip st\u016bmoklio ir strypo sandarikliai, kurie laikui b\u0117gant yra link\u0119 pa\u017eeisti ir susid\u0117v\u0117ti. \u0160ias dalis b\u016btina reguliariai keisti, kad b\u016bt\u0173 i\u0161vengta nuot\u0117kio ir u\u017etikrintas ilgalaikis sandarumas.\n<\/p>\n<p><img decoding=\"async\" src=\"https:\/\/www.hydraulic-cylinders.net\/wp-content\/uploads\/2025\/01\/songte-chushion-collar.webp\" alt=\"Kau\u0161o cilindro tepimo ir sandarinimo paveiksl\u0117lis\"><\/p>\n<h2>Prie\u017ei\u016bra ir remontas<\/h2>\n<p>\nKau\u0161o cilindr\u0105 reikia reguliariai pri\u017ei\u016br\u0117ti ir remontuoti, kad b\u016bt\u0173 u\u017etikrintas ilgalaikis veikimas ir patikimumas. Norint i\u0161vengti problem\u0173 ir pailginti cilindro tarnavimo laik\u0105, b\u016btina reguliariai tikrinti, tinkamai sutepti ir pakeisti susid\u0117v\u0117jusias ar pa\u017eeistas dalis.\n<\/p>\n<h3>Reguliarus patikrinimas<\/h3>\n<p>\nReguliariai tikrinkite kau\u0161o cilindr\u0105, kad nustatytum\u0117te visas problemas ar susid\u0117v\u0117jusias dalis ir i\u0161vengtum\u0117te galim\u0173 problem\u0173. B\u016btina patikrinti, ar n\u0117ra nuot\u0117ki\u0173, \u012flenkim\u0173 ar \u012fbr\u0117\u017eim\u0173, kurie gali tur\u0117ti \u012ftakos cilindro veikimui.\n<\/p>\n<h3>Tepimas ir reguliavimas<\/h3>\n<p>\nNorint u\u017etikrinti skland\u0173 kau\u0161o cilindro veikim\u0105, b\u016btina reguliariai j\u012f tepti ir reguliuoti. B\u016btina reguliariai \u012fpilti atitinkamo tepalo ir reguliuoti cilindro pad\u0117t\u012f, kad jis visada b\u016bt\u0173 tinkamai sulygiuotas.\n<\/p>\n<h3>Kalibravimas ir keitimas<\/h3>\n<p>\nKau\u0161o cilindro kalibravimas ir susid\u0117v\u0117jusi\u0173 ar pa\u017eeist\u0173 dali\u0173 keitimas yra b\u016btini norint i\u0161laikyti ilgalaik\u012f jo veikim\u0105 ir patikimum\u0105. Svarbu nedelsiant pakeisti susid\u0117v\u0117jusias ar pa\u017eeistas dalis, kad b\u016bt\u0173 i\u0161vengta tolesni\u0173 pa\u017eeidim\u0173 ir u\u017etikrintas sklandus cilindro veikimas.\n<\/p>\n<p><img decoding=\"async\" src=\"https:\/\/hzpt.com\/wp-content\/uploads\/2024\/11\/songte-company-1.webp\" alt=\"Kau\u0161o cilindro prie\u017ei\u016bros ir remonto paveiksl\u0117lis\"><\/p>\n<h2>Saugos aspektai ir aplinkos veiksniai<\/h2>\n<p>\nDirbant su hidrauliniais cilindrais, labai svarbu atsi\u017evelgti \u012f saugos reikalavimus. B\u016btina laikytis tinkam\u0173 saugos proced\u016br\u0173, pavyzd\u017eiui, d\u0117v\u0117ti apsaugines priemones ir u\u017etikrinti, kad montavimas b\u016bt\u0173 teisingas ir saugus. Aplinkos veiksniai, tokie kaip temperat\u016bra ir dr\u0117gm\u0117, taip pat gali tur\u0117ti \u012ftakos cilindro veikimui, tod\u0117l renkantis cilindr\u0105 ir projektuojant jo pritaikym\u0105, b\u016btina atsi\u017evelgti \u012f \u0161iuos veiksnius.\n<\/p>\n<h2>Trik\u010di\u0173 \u0161alinimas ir da\u017eniausios problemos<\/h2>\n<p>\nKau\u0161o cilindras eksploatacijos metu gali susidurti su \u012fvairiomis problemomis, tokiomis kaip nuot\u0117kis, prastas veikimas arba sandarinimo komponent\u0173 pa\u017eeidimai. B\u016btina diagnozuoti \u0161ias problemas ir imtis tinkam\u0173 priemoni\u0173 pa\u017eeistoms dalims suremontuoti arba pakeisti ir u\u017ekirsti keli\u0105 tolesnei \u017ealai.\n<\/p>\n<h3>Trik\u010di\u0173 \u0161alinimo patarimai<\/h3>\n<ul>\n<li>Nustatykite problemos prie\u017east\u012f.<\/li>\n<li>Patikrinkite cilindr\u0105, ar n\u0117ra nuot\u0117ki\u0173 ar pa\u017eeidim\u0173.<\/li>\n<li>Patikrinkite hidraulin\u0119 sistem\u0105, ar n\u0117ra kit\u0173 problem\u0173.<\/li>\n<li>Pakeiskite visas susid\u0117v\u0117jusias ar pa\u017eeistas dalis.<\/li>\n<\/ul>\n<h3>Prevencin\u0117s priemon\u0117s<\/h3>\n<p>\nNorint i\u0161vengti problem\u0173 su kau\u0161o cilindru, b\u016btina laikytis tinkam\u0173 prie\u017ei\u016bros proced\u016br\u0173, toki\u0173 kaip reguliari ap\u017ei\u016bra, tinkamas tepimas ir susid\u0117v\u0117jusi\u0173 ar pa\u017eeist\u0173 dali\u0173 keitimas. Taip pat b\u016btina u\u017etikrinti, kad montavimas b\u016bt\u0173 teisingas ir saugus, o cilindras b\u016bt\u0173 suprojektuotas konkre\u010diam naudojimui ir aplinkai.\n<\/p>\n<p><img decoding=\"async\" src=\"https:\/\/www.hydraulic-cylinders.net\/wp-content\/uploads\/2025\/01\/songte-bushings-with-all-kinds-of-excavator-models.webp\" alt=\"Kau\u0161o cilindro trik\u010di\u0173 \u0161alinimo paveiksl\u0117lis\"><\/p>\n<h2>Apie m\u016bs\u0173 \u012fmon\u0119<\/h2>\n<p>\nEsame pirmaujanti hidraulini\u0173 cilindr\u0173 gamintoja ir didmenin\u0117 platintoja vidaus ir tarptautin\u0117se rinkose, si\u016blanti plat\u0173 gamini\u0173 asortiment\u0105. Vadovaujam\u0117s puikios kokyb\u0117s principu ir remiam\u0117s puiki\u0173 gamybos dirbtuvi\u0173 pramonin\u0117s gamybos valdymo strategija. M\u016bs\u0173 \u012fmon\u0117 nuolat tobulina dirbtuvi\u0173 gamybos platform\u0105, pasitelkdama technologinius talentus, auk\u0161\u010diausios klas\u0117s skaitmenin\u0119 gamybos \u012frang\u0105 ir profesionalias testavimo sistemas, tobulindama gamini\u0173 kokyb\u0117s gamybos linij\u0105 ir pasi\u017eyminti stipriu k\u016brybi\u0161kumu, kad patenkint\u0173 \u012fvairius klient\u0173 poreikius, u\u017etikrindama auk\u0161t\u0105 efektyvum\u0105, tikslum\u0105 ir kokyb\u0119.\n<\/p>\n<h3>Profesionalumas<\/h3>\n<p>\nTurime auk\u0161tos kvalifikacijos specialist\u0173 komand\u0105, kuri yra \u012fsipareigojusi klientams teikti geriausius produktus ir paslaugas. M\u016bs\u0173 \u012fmon\u0117 turi didel\u0119 patirt\u012f hidraulini\u0173 cilindr\u0173 projektavime, gamyboje ir pardavime, tod\u0117l galime pasi\u016blyti klientams individualius sprendimus, atitinkan\u010dius j\u0173 konkre\u010dius poreikius.\n<\/p>\n<h3>Tarptautinis sertifikavimas<\/h3>\n<p>\nM\u016bs\u0173 \u012fmon\u0117 yra gavusi \u012fvairius tarptautinius sertifikatus, tokius kaip ISO9001 ir CE, kurie rodo m\u016bs\u0173 \u012fsipareigojim\u0105 kokybei ir klient\u0173 pasitenkinimui.\n<\/p>\n<h3>Pritaikymo paslaugos<\/h3>\n<p>\nMes teikiame pritaikymo paslaugas, kad patenkintume konkre\u010dius klient\u0173 poreikius, tokias kaip individual\u016bs dyd\u017eiai, formos ir med\u017eiagos, taip pat individualus \u017eenklinimas ir pakavimas.\n<\/p>\n<h3>Gamybos \u012franga<\/h3>\n<p>\nM\u016bs\u0173 \u012fmon\u0117 turi pa\u017eangi\u0105 gamybos \u012frang\u0105, toki\u0105 kaip CNC tekinimo ir frezavimo stakl\u0117s, gr\u0119\u017eimo stakl\u0117s ir \u0161lifavimo stakl\u0117s, kurios suteikia mums galimyb\u0119 efektyviai ir tiksliai gaminti auk\u0161tos kokyb\u0117s hidraulinius cilindrus.\n<\/p>\n<h3>Aptarnavimas po pardavimo<\/h3>\n<p>\nSiekdami u\u017etikrinti ilgalaik\u012f m\u016bs\u0173 gamini\u0173 veikim\u0105 ir patikimum\u0105, teikiame i\u0161samias garantinio aptarnavimo paslaugas, tokias kaip prie\u017ei\u016bra, remontas ir dali\u0173 keitimas. Taip pat teikiame technin\u0119 pagalb\u0105 ir mokymus, kad pad\u0117tume savo klientams i\u0161spr\u0119sti visas i\u0161kilusias problemas.\n<\/p>\n<p><img decoding=\"async\" src=\"https:\/\/www.hydraulic-cylinders.net\/wp-content\/uploads\/2025\/01\/songte-company-3.webp\" alt=\"Kau\u0161o cilindro \u012fmon\u0117s \u012fvaizdis\"><\/p>\n<p>\nAutorius: lyl.<\/p>","protected":false},"excerpt":{"rendered":"<p>Bucket Cylinder For Komatsu Middle Excavator PC220-5-6-7-8-8MO Introduction Definition of Bucket Cylinder A bucket cylinder is a type of specially designed hydraulic cylinder used mainly to control the movement of the bucket in heavy machinery such as excavators, backhoes and front-end loaders. Its main function is to allow the bucket to lift, lower and tilt, [&hellip;]<\/p>","protected":false},"featured_media":14776,"comment_status":"open","ping_status":"closed","template":"","meta":{"_et_pb_use_builder":"","_et_pb_old_content":"","_et_gb_content_width":""},"product_brand":[],"product_cat":[1494],"product_tag":[1495,1496],"class_list":{"0":"post-15140","1":"product","2":"type-product","3":"status-publish","4":"has-post-thumbnail","6":"product_cat-bucket-cylinders","7":"product_tag-bucket-cylinders","8":"product_tag-hydraulic-cylinders","10":"first","11":"instock","12":"shipping-taxable","13":"product-type-simple"},"amp_enabled":true,"_links":{"self":[{"href":"https:\/\/www.hydraulic-cylinders.net\/lt\/wp-json\/wp\/v2\/product\/15140","targetHints":{"allow":["GET"]}}],"collection":[{"href":"https:\/\/www.hydraulic-cylinders.net\/lt\/wp-json\/wp\/v2\/product"}],"about":[{"href":"https:\/\/www.hydraulic-cylinders.net\/lt\/wp-json\/wp\/v2\/types\/product"}],"replies":[{"embeddable":true,"href":"https:\/\/www.hydraulic-cylinders.net\/lt\/wp-json\/wp\/v2\/comments?post=15140"}],"wp:featuredmedia":[{"embeddable":true,"href":"https:\/\/www.hydraulic-cylinders.net\/lt\/wp-json\/wp\/v2\/media\/14776"}],"wp:attachment":[{"href":"https:\/\/www.hydraulic-cylinders.net\/lt\/wp-json\/wp\/v2\/media?parent=15140"}],"wp:term":[{"taxonomy":"product_brand","embeddable":true,"href":"https:\/\/www.hydraulic-cylinders.net\/lt\/wp-json\/wp\/v2\/product_brand?post=15140"},{"taxonomy":"product_cat","embeddable":true,"href":"https:\/\/www.hydraulic-cylinders.net\/lt\/wp-json\/wp\/v2\/product_cat?post=15140"},{"taxonomy":"product_tag","embeddable":true,"href":"https:\/\/www.hydraulic-cylinders.net\/lt\/wp-json\/wp\/v2\/product_tag?post=15140"}],"curies":[{"name":"wp","href":"https:\/\/api.w.org\/{rel}","templated":true}]}}