{"id":15145,"date":"2025-01-19T14:09:45","date_gmt":"2025-01-19T14:09:45","guid":{"rendered":"https:\/\/www.hydraulic-cylinders.net\/product\/bucket-cylinder-for-komatsu-large-excavator-pc850-8\/"},"modified":"2025-01-19T14:09:47","modified_gmt":"2025-01-19T14:09:47","slug":"bucket-cylinder-for-komatsu-large-excavator-pc850-8","status":"publish","type":"product","link":"https:\/\/www.hydraulic-cylinders.net\/lt\/produktas\/bucket-cylinder-for-komatsu-large-excavator-pc850-8\/","title":{"rendered":"Kau\u0161o cilindras Komatsu dideliam ekskavatoriui PC850-8"},"content":{"rendered":"<h2>\u012evadas<\/h2>\n<h3>Kau\u0161o cilindras Komatsu dideliam ekskavatoriui PC850-8<\/h3>\n<p>Kau\u0161o cilindras yra specialiai sukurtas hidraulinis cilindras, naudojamas valdyti kau\u0161\u0173 jud\u0117jim\u0105 sunkiosiose ma\u0161inose, tokiose kaip ekskavatoriai, ekskavatoriniai krautuvai ir frontaliniai krautuvai. Pagrindin\u0117 jo funkcija \u2013 leisti kau\u0161ui pakilti, nuleisti ir pakreipti atliekant \u012fvairias med\u017eiag\u0173 tvarkymo u\u017eduotis. Hidraulin\u0117je sistemoje kau\u0161o cilindras tiksliai valdo kau\u0161o jud\u0117jim\u0105, leisdamas operatoriams efektyviai tvarkyti sunkius krovinius ir prisitaikyti prie sud\u0117tingos darbo aplinkos bei \u012fvairi\u0173 darbo reikalavim\u0173.<\/p>\n<p><img decoding=\"async\" src=\"https:\/\/www.hydraulic-cylinders.net\/wp-content\/uploads\/2025\/01\/songte-company-2.webp\" alt=\"Kau\u0161o cilindro vaizdas\"\/><\/p>\n<h2>Savyb\u0117s<\/h2>\n<ul>\n<li>\n<h3>Didelis stiprumas ir ilgaam\u017ei\u0161kumas<\/h3>\n<p>Kau\u0161o cilindras paprastai gaminamas i\u0161 didelio stiprumo plieno arba aliuminio, galin\u010dio atlaikyti auk\u0161t\u0105 sl\u0117g\u012f ir dideles apkrovas, ir yra suprojektuotas atsi\u017evelgiant \u012f atsparum\u0105 dilimui ir korozijai, kad b\u016bt\u0173 prailgintas tarnavimo laikas.<\/p>\n<\/li>\n<li>\n<h3>Efektyvus hidraulinis valdymas<\/h3>\n<p>Kau\u0161o cilindras naudoja hidraulin\u0117s alyvos sl\u0117g\u012f, kad b\u016bt\u0173 u\u017etikrintas sklandus i\u0161pl\u0117timas ir \u012ftraukimas, greitas reagavimas \u012f valdymo komandas ir galinga st\u016bmimo bei traukimo j\u0117ga, tinkama sunkiems kroviniams ir sud\u0117tingoms operacijoms atlikti.<\/p>\n<\/li>\n<li>\n<h3>\u012evair\u016bs tipai<\/h3>\n<p>Kau\u0161o cilindr\u0105 galima pasirinkti kaip vienpusio veikimo (hidraulik\u0105 naudojant tik viena kryptimi) arba dvipusio veikimo (hidraulik\u0105 naudojant dviem kryptimis) cilindr\u0105 pagal poreik\u012f, o kai kurie modeliai yra teleskopiniai, leid\u017eiantys didesn\u012f i\u0161pl\u0117tim\u0105 nedidinant i\u0161orini\u0173 matmen\u0173, tinka naudoti ribotoje erdv\u0117je.<\/p>\n<\/li>\n<li>\n<h3>Galima pakeisti pana\u0161iais produktais<\/h3>\n<p>M\u016bs\u0173 kau\u0161o cilindras gali puikiai pakeisti pana\u0161ius hidraulinius cilindrus, tod\u0117l klientams tai ekonomi\u0161kas sprendimas.<\/p>\n<\/li>\n<li>\n<h3>Pritaikoma<\/h3>\n<p>Kau\u0161o cilindr\u0105 galime pritaikyti pagal konkre\u010dius reikalavimus.<\/p>\n<\/li>\n<\/ul>\n<p><img decoding=\"async\" src=\"https:\/\/www.hydraulic-cylinders.net\/wp-content\/uploads\/2025\/01\/songte-cylinder-head-with-all-kinds-excavator-models.webp\" alt=\"Kau\u0161o cilindro vaizdas\"\/><\/p>\n<h2>Parai\u0161kos<\/h2>\n<p>Kau\u0161o cilindras pla\u010diai naudojamas \u012fvairiose sunkiosiose ma\u0161inose, tokiose kaip:<\/p>\n<ul>\n<li>\n<h3>Ekskavatoriai<\/h3>\n<p>Kau\u0161o cilindras leid\u017eia kau\u0161ui \u012fsiskverbti \u012f dirv\u0105 i\u0161kasant.<\/p>\n<\/li>\n<li>\n<h3>Ekskavatoriniai krautuvai<\/h3>\n<p>Kau\u0161o cilindras padeda tiek kasant, tiek keliant.<\/p>\n<\/li>\n<li>\n<h3>Priekiniai krautuvai<\/h3>\n<p>Kau\u0161o cilindras padeda efektyviai pakelti ir i\u0161pilti med\u017eiagas.<\/p>\n<\/li>\n<\/ul>\n<h2>Projektavimo aspektai ir atrankos kriterijai<\/h2>\n<ul>\n<li>\n<h3>Guoli\u0173 talpa<\/h3>\n<p>Kau\u0161o cilindras turi tur\u0117ti pakankam\u0105 laikom\u0105j\u0105 gali\u0105, kad atlaikyt\u0173 dideles apkrovas ir auk\u0161t\u0105 sl\u0117g\u012f.<\/p>\n<\/li>\n<li>\n<h3>Sandarinimas<\/h3>\n<p>Kau\u0161o cilindrui reikalingi \u012fvair\u016bs sandarikliai, kad b\u016bt\u0173 i\u0161vengta nuot\u0117kio ir u\u017etikrintas patikimas veikimas. Geriau rinktis sandariklius, pagamintus i\u0161 atspari\u0173 dilimui med\u017eiag\u0173, toki\u0173 kaip poliuretanas ir nitrilo kau\u010diukas.<\/p>\n<\/li>\n<li>\n<h3>Patvarumas<\/h3>\n<p>Kau\u0161o cilindras tur\u0117t\u0173 b\u016bti suprojektuotas atsi\u017evelgiant \u012f atsparum\u0105 dilimui ir korozijai, kad b\u016bt\u0173 u\u017etikrintas ilgas tarnavimo laikas. Cilindro korpusas ir srieginiai galai tur\u0117t\u0173 b\u016bti kruop\u0161\u010diai apdirbti, kad b\u016bt\u0173 padidintas atsparumas dilimui.<\/p>\n<\/li>\n<li>\n<h3>Saugumas<\/h3>\n<p>Kau\u0161o cilindras turi atitikti saugos standartus ir b\u016bti tinkamai sumontuotas bei naudojamas, kad b\u016bt\u0173 i\u0161vengta nelaiming\u0173 atsitikim\u0173.<\/p>\n<\/li>\n<li>\n<h3>Prie\u017ei\u016bra<\/h3>\n<p>Kau\u0161o cilindr\u0105 tur\u0117t\u0173 b\u016bti lengva pri\u017ei\u016br\u0117ti ir remontuoti, o ilgalaikiam efektyviam veikimui b\u016btina reguliariai tikrinti ir tepti.<\/p>\n<\/li>\n<\/ul>\n<p><img decoding=\"async\" src=\"https:\/\/www.hydraulic-cylinders.net\/wp-content\/uploads\/2025\/01\/songte-oil-pipes-and-spare-parts.webp\" alt=\"Kau\u0161o cilindro vaizdas\"\/><\/p>\n<h2>Prie\u017ei\u016bra ir remontas<\/h2>\n<p>Reguliarus techninis aptarnavimas ir remontas yra b\u016btini siekiant u\u017etikrinti efektyv\u0173 ir saug\u0173 kau\u0161o cilindro veikim\u0105. \u012eprastos technin\u0117s prie\u017ei\u016bros u\u017eduotys apima:<\/p>\n<ul>\n<li>\n<h3>Reguliarus patikrinimas<\/h3>\n<p>Reguliariai tikrinkite kau\u0161o cilindr\u0105, kad nustatytum\u0117te susid\u0117v\u0117jim\u0105 ir pa\u017eeidimus, ir i\u0161vengtum\u0117te galim\u0173 problem\u0173.<\/p>\n<\/li>\n<li>\n<h3>Tepimas<\/h3>\n<p>Reguliariai tepkite kau\u0161o cilindr\u0105 tinkama hidrauline alyva, kad i\u0161vengtum\u0117te susid\u0117v\u0117jimo ir nuot\u0117kio.<\/p>\n<\/li>\n<li>\n<h3>Sandariklio keitimas<\/h3>\n<p>Reguliariai keiskite sandariklius, kad u\u017etikrintum\u0117te patikim\u0105 veikim\u0105 ir i\u0161vengtum\u0117te nuot\u0117kio.<\/p>\n<\/li>\n<li>\n<h3>Sulyginimo patikrinimas<\/h3>\n<p>Montavimo metu tinkamai sulygiuokite kau\u0161o cilindr\u0105, kad i\u0161vengtum\u0117te nelaiming\u0173 atsitikim\u0173 ir u\u017etikrintum\u0117te efektyv\u0173 veikim\u0105.<\/p>\n<\/li>\n<li>\n<h3>Atstatymo paslaugos<\/h3>\n<p>Teikite susid\u0117v\u0117jusi\u0173 ar pa\u017eeist\u0173 kau\u0161o cilindr\u0173 atstatymo paslaugas, kad prailgintum\u0117te j\u0173 tarnavimo laik\u0105 ir sutaupytum\u0117te keitimo i\u0161laidas.<\/p>\n<\/li>\n<\/ul>\n<p><img decoding=\"async\" src=\"https:\/\/www.hydraulic-cylinders.net\/wp-content\/uploads\/2025\/01\/songte-chushion-collar.webp\" alt=\"Kau\u0161o cilindro vaizdas\"\/><\/p>\n<h2>Saugos aspektai ir aplinkos veiksniai<\/h2>\n<p>Naudojant kau\u0161o cilindr\u0105, reikia imtis saugos priemoni\u0173, toki\u0173 kaip apsaugini\u0173 priemoni\u0173 d\u0117v\u0117jimas, tinkam\u0173 k\u0117limo \u012ftais\u0173 naudojimas ir perkrov\u0173 vengimas, kad b\u016bt\u0173 i\u0161vengta nelaiming\u0173 atsitikim\u0173. Taip pat reik\u0117t\u0173 atsi\u017evelgti \u012f aplinkos veiksnius, tokius kaip temperat\u016bra, dr\u0117gm\u0117 ir \u0117sdinan\u010dios med\u017eiagos, siekiant u\u017etikrinti patikim\u0105 kau\u0161o cilindro veikim\u0105 ir ilg\u0105 tarnavimo laik\u0105.<\/p>\n<p><img decoding=\"async\" src=\"https:\/\/hzpt.com\/wp-content\/uploads\/2024\/11\/songte-company-1.webp\" alt=\"Kau\u0161o cilindro vaizdas\"\/><\/p>\n<h2>Da\u017enos problemos ir trik\u010di\u0173 \u0161alinimas<\/h2>\n<p>Da\u017eniausios kau\u0161o cilindro problemos yra nuot\u0117kis, susid\u0117v\u0117jimas ir pa\u017eeidimai. Trik\u010di\u0173 \u0161alinimo patarimai ir sprendimai, pvz., sandarikli\u0173 tikrinimas, pa\u017eeist\u0173 dali\u0173 keitimas ir remonto paslaugos, gali pad\u0117ti efektyviai diagnozuoti ir i\u0161spr\u0119sti problemas, o prevencin\u0117s priemon\u0117s, pvz., reguliari ap\u017ei\u016bra ir tepimas, gali suma\u017einti galimas problemas.<\/p>\n<p><img decoding=\"async\" src=\"https:\/\/www.hydraulic-cylinders.net\/wp-content\/uploads\/2025\/01\/songte-bushings-with-all-kinds-of-excavator-models.webp\" alt=\"Kau\u0161o cilindro vaizdas\"\/><\/p>\n<h2>Apie mus<\/h2>\n<p>Esame hidraulini\u0173 cilindr\u0173 gamintojas, si\u016blantis plat\u0173 gamini\u0173 asortiment\u0105 ir tap\u0119s vienu i\u0161 pirmaujan\u010di\u0173 hidraulini\u0173 cilindr\u0173 gamintoj\u0173 ir didmenini\u0173 platintoj\u0173 vidaus ir tarptautin\u0117se rinkose. Vadovaujam\u0117s puikios kokyb\u0117s principu ir savo gamybos cechuose taikome industrializuoto gamybos valdymo strategijas. Nuolat tobuliname savo cech\u0173 gamybos platform\u0105, pasitelkdami techninius talentus, auk\u0161\u010diausios klas\u0117s skaitmenin\u0119 gamybos \u012frang\u0105 ir profesionalias testavimo sistemas, tobulindami gamini\u0173 kokyb\u0117s gamybos linij\u0105 ir tur\u0117dami stipri\u0173 k\u016brybini\u0173 geb\u0117jim\u0173 patenkinti \u012fvairius klient\u0173 poreikius, u\u017etikrindami auk\u0161t\u0105 efektyvum\u0105, tikslum\u0105 ir kokyb\u0119.<\/p>\n<p>Esame \u012fsipareigoj\u0119 teikti profesionalius, tarptautiniu mastu sertifikuotus, individualius ir auk\u0161tos kokyb\u0117s produktus bei paslaugas, \u012fskaitant:<\/p>\n<ul>\n<li>\n<h3>Profesionalumas<\/h3>\n<p>Turime patyrusi\u0173 ir kvalifikuot\u0173 specialist\u0173 komand\u0105, kuri gali suteikti profesionalias konsultacijas ir technin\u0119 pagalb\u0105.<\/p>\n<\/li>\n<li>\n<h3>Tarptautinis sertifikavimas<\/h3>\n<p>M\u016bs\u0173 gaminiai yra sertifikuoti pagal tarptautinius standartus, tokius kaip ISO9001:2015, CE ir RoHS, kurie u\u017etikrina j\u0173 kokyb\u0119 ir saug\u0105.<\/p>\n<\/li>\n<li>\n<h3>Pritaikymas<\/h3>\n<p>Hidraulinius cilindrus galime pritaikyti pagal konkre\u010dius reikalavimus.<\/p>\n<\/li>\n<li>\n<h3>Pa\u017eangi gamybos \u012franga<\/h3>\n<p>Turime pa\u017eangi\u0105 gamybos \u012frang\u0105, toki\u0105 kaip CNC stakl\u0117s, tekinimo stakl\u0117s ir \u0161lifavimo stakl\u0117s, u\u017etikrinan\u010di\u0105 gamybos tikslum\u0105 ir efektyvum\u0105.<\/p>\n<\/li>\n<li>\n<h3>Aptarnavimas po pardavimo<\/h3>\n<p>Teikiame i\u0161samias garantinio aptarnavimo paslaugas, tokias kaip prie\u017ei\u016bra, remontas ir keitimas, u\u017etikrindami skland\u0173 ir efektyv\u0173 hidraulini\u0173 cilindr\u0173 veikim\u0105.<\/p>\n<\/li>\n<\/ul>\n<p><img decoding=\"async\" src=\"https:\/\/www.hydraulic-cylinders.net\/wp-content\/uploads\/2025\/01\/songte-company-3.webp\" alt=\"Kau\u0161o cilindro vaizdas\"\/><\/p>\n<p>Autorius: lyl<\/p>","protected":false},"excerpt":{"rendered":"<p>Introduction Bucket Cylinder For Komatsu Large Excavator PC850-8 A bucket cylinder is a specially designed hydraulic cylinder used to control the movement of buckets in heavy machinery such as excavators, backhoe loaders, and front-end loaders. Its main function is to enable the bucket to lift, lower, and tilt for various material handling tasks. In the [&hellip;]<\/p>","protected":false},"featured_media":14762,"comment_status":"open","ping_status":"closed","template":"","meta":{"_et_pb_use_builder":"","_et_pb_old_content":"","_et_gb_content_width":""},"product_brand":[],"product_cat":[1494],"product_tag":[1495,1496],"class_list":{"0":"post-15145","1":"product","2":"type-product","3":"status-publish","4":"has-post-thumbnail","6":"product_cat-bucket-cylinders","7":"product_tag-bucket-cylinders","8":"product_tag-hydraulic-cylinders","10":"first","11":"instock","12":"shipping-taxable","13":"product-type-simple"},"amp_enabled":true,"_links":{"self":[{"href":"https:\/\/www.hydraulic-cylinders.net\/lt\/wp-json\/wp\/v2\/product\/15145","targetHints":{"allow":["GET"]}}],"collection":[{"href":"https:\/\/www.hydraulic-cylinders.net\/lt\/wp-json\/wp\/v2\/product"}],"about":[{"href":"https:\/\/www.hydraulic-cylinders.net\/lt\/wp-json\/wp\/v2\/types\/product"}],"replies":[{"embeddable":true,"href":"https:\/\/www.hydraulic-cylinders.net\/lt\/wp-json\/wp\/v2\/comments?post=15145"}],"wp:featuredmedia":[{"embeddable":true,"href":"https:\/\/www.hydraulic-cylinders.net\/lt\/wp-json\/wp\/v2\/media\/14762"}],"wp:attachment":[{"href":"https:\/\/www.hydraulic-cylinders.net\/lt\/wp-json\/wp\/v2\/media?parent=15145"}],"wp:term":[{"taxonomy":"product_brand","embeddable":true,"href":"https:\/\/www.hydraulic-cylinders.net\/lt\/wp-json\/wp\/v2\/product_brand?post=15145"},{"taxonomy":"product_cat","embeddable":true,"href":"https:\/\/www.hydraulic-cylinders.net\/lt\/wp-json\/wp\/v2\/product_cat?post=15145"},{"taxonomy":"product_tag","embeddable":true,"href":"https:\/\/www.hydraulic-cylinders.net\/lt\/wp-json\/wp\/v2\/product_tag?post=15145"}],"curies":[{"name":"wp","href":"https:\/\/api.w.org\/{rel}","templated":true}]}}