{"id":15146,"date":"2025-01-19T14:09:50","date_gmt":"2025-01-19T14:09:50","guid":{"rendered":"https:\/\/www.hydraulic-cylinders.net\/product\/bucket-cylinder-for-komatsu-large-excavator-pc300-3-5-6-7-8\/"},"modified":"2025-01-19T14:09:52","modified_gmt":"2025-01-19T14:09:52","slug":"bucket-cylinder-for-komatsu-large-excavator-pc300-3-5-6-7-8","status":"publish","type":"product","link":"https:\/\/www.hydraulic-cylinders.net\/lt\/produktas\/bucket-cylinder-for-komatsu-large-excavator-pc300-3-5-6-7-8\/","title":{"rendered":"Kau\u0161o cilindras Komatsu dideliems ekskavatoriams PC300-3-5-6-7-8"},"content":{"rendered":"<h1>Kau\u0161o cilindras Komatsu dideliems ekskavatoriams PC300-3-5-6-7-8<\/h1>\n<h2>\u012evadas<\/h2>\n<p>\u201eKomatsu\u201c didelio ekskavatoriaus PC300-3-5-6-7-8 kau\u0161o cilindras yra specialiai sukurtas hidraulinis cilindras, naudojamas valdyti kau\u0161o jud\u0117jim\u0105 sunkiojoje technikoje, tokioje kaip ekskavatoriai, ekskavatoriniai krautuvai ir frontaliniai krautuvai. Pagrindin\u0117 jo funkcija \u2013 leisti kau\u0161ui pakilti, nuleisti ir pakreipti, kad b\u016bt\u0173 lengviau atlikti \u012fvairias med\u017eiag\u0173 tvarkymo u\u017eduotis. Hidraulin\u0117je sistemoje kau\u0161o cilindras tiksliai valdo kau\u0161\u0105 keisdamas hidraulin\u0117s alyvos sl\u0117g\u012f, tod\u0117l operatoriai gali efektyviai valdyti sunkius krovinius ir prisitaikyti prie sud\u0117tingos darbo aplinkos bei \u012fvairi\u0173 eksploatacini\u0173 poreiki\u0173.<\/p>\n<p><img decoding=\"async\" src=\"https:\/\/www.hydraulic-cylinders.net\/wp-content\/uploads\/2025\/01\/songte-company-2.webp\"><\/p>\n<h2>Savyb\u0117s<\/h2>\n<ul>\n<li>Didelis tvirtumas ir ilgaam\u017ei\u0161kumas: Paprastai pagaminti i\u0161 didelio stiprumo plieno arba aliuminio, jie gali atlaikyti didel\u012f sl\u0117g\u012f ir dideles apkrovas, prisitaikydami prie at\u0161iauri\u0173 darbo s\u0105lyg\u0173. Projektuojant atsi\u017evelgiama \u012f atsparum\u0105 dilimui ir korozijai, taip pailginant tarnavimo laik\u0105.<\/li>\n<li>Efektyvus hidraulinis veikimas: Naudodamas hidraulin\u0117s alyvos sl\u0117g\u012f sklandiems i\u0161pl\u0117timo ir atitraukimo judesiams atlikti, jis gali greitai reaguoti \u012f valdymo komandas, u\u017etikrindamas galingas st\u016bmimo ir traukimo j\u0117gas, tinkamas sunkiems kroviniams valdyti ir sud\u0117tingoms eksploatavimo u\u017eduotims atlikti.<\/li>\n<li>\u012evair\u016bs tipai: pagal reikalavimus, kad b\u016bt\u0173 patenkinti skirtingi eksploatavimo poreikiai, galima pasirinkti vienpusio veikimo (hidraulinis veikimas tik viena kryptimi) arba dvipusio veikimo (hidraulinis veikimas abiem kryptimis) cilindrus. Kai kurie modeliai yra teleskopiniai, tod\u0117l juos galima labiau i\u0161tiesti nedidinant i\u0161orini\u0173 matmen\u0173, tod\u0117l jie tinka naudoti ribotoje erdv\u0117je.<\/li>\n<\/ul>\n<p><img decoding=\"async\" src=\"https:\/\/www.hydraulic-cylinders.net\/wp-content\/uploads\/2025\/01\/songte-cylinder-head-with-all-kinds-excavator-models.webp\"><\/p>\n<h2>Parai\u0161kos<\/h2>\n<p>Komatsu didelio ekskavatoriaus PC300-3-5-6-7-8 kau\u0161o cilindras da\u017eniausiai naudojamas \u0161iose srityse:<\/p>\n<ul>\n<li>Statybin\u0117 \u012franga: ji randama ekskavatoriuose ir yra labai svarbi kasant, kraunant ir perkeliant grunt\u0105 ar \u0161iuk\u0161les. Ekskavatoriuose kau\u0161o cilindras padeda ir kasti, ir kelti.<\/li>\n<li>\u017dem\u0117s \u016bkio technika: naudojama priekiniuose krautuvuose dirvo\u017eemiui, \u0161ienui ir kitoms med\u017eiagoms kasti, kelti ir transportuoti.<\/li>\n<li>Ekskavatoriai: Kau\u0161o cilindras leid\u017eia atlikti kasimo veiksmus, leisdamas kau\u0161ui \u012fsiskverbti \u012f dirv\u0105.<\/li>\n<li>Krautuvai: Priekiniuose krautuvuose jie padeda efektyviai pakelti ir pakreipti krovin\u012f.<\/li>\n<\/ul>\n<h2>Projektavimo aspektai ir atrankos kriterijai<\/h2>\n<p>Projektuojant cilindro formos svirt\u012f, atsi\u017evelgiama \u012f kelet\u0105 svarbi\u0173 aspekt\u0173 ir atrankos kriterij\u0173:<\/p>\n<ul>\n<li>Geb\u0117jimas i\u0161laikyti svor\u012f: Cilindras turi b\u016bti suprojektuotas taip, kad atlaikyt\u0173 numatomas apkrovas ir \u012ftempius eksploatacijos metu.<\/li>\n<li>Sandarinimas: \u012evair\u016bs sandarinimo komponentai, tokie kaip st\u016bmokli\u0173 ir stryp\u0173 sandarikliai, naudojami tinkamam sandarinimui u\u017etikrinti ir hidraulin\u0117s alyvos nuot\u0117kiui i\u0161vengti.<\/li>\n<li>Patvarumas: Cilindro komponentai ir pavir\u0161iai yra kruop\u0161\u010diai apdoroti, siekiant padidinti atsparum\u0105 dilimui ir pailginti jo tarnavimo laik\u0105.<\/li>\n<li>Sauga: Siekiant i\u0161vengti per didelio sl\u0117gio ir u\u017etikrinti saug\u0173 veikim\u0105, \u012frengtos saugos funkcijos, tokios kaip sl\u0117gio ma\u017einimo vo\u017etuvai.<\/li>\n<li>Prie\u017ei\u016bra: Cilindras suprojektuotas taip, kad j\u012f b\u016bt\u0173 lengva pri\u017ei\u016br\u0117ti, tod\u0117l j\u012f galima efektyviai remontuoti ir pakeisti komponentus.<\/li>\n<\/ul>\n<p><img decoding=\"async\" src=\"https:\/\/www.hydraulic-cylinders.net\/wp-content\/uploads\/2025\/01\/songte-oil-pipes-and-spare-parts.webp\"><\/p>\n<h2>Sandarinimas ir tepimas<\/h2>\n<p>Kau\u0161o cilindre naudojami \u012fvair\u016bs sandarikliai, tokie kaip st\u016bmoklio ir koto sandarikliai, pagaminti i\u0161 atspari\u0173 dilimui med\u017eiag\u0173, toki\u0173 kaip poliuretanas ir nitrilo kau\u010diukas. Cilindro korpusas ir srieginiai galai yra kruop\u0161\u010diai apdoroti, siekiant pagerinti atsparum\u0105 dilimui. B\u016btina reguliariai tepti, o skland\u017eiam veikimui u\u017etikrinti reikia \u012fpilti reikiamo kiekio hidraulin\u0117s alyvos.<\/p>\n<h2>Ap\u017ei\u016bra ir prevencin\u0117 prie\u017ei\u016bra<\/h2>\n<p>Siekiant u\u017etikrinti optimal\u0173 kau\u0161o cilindro veikim\u0105 ir ilgaam\u017ei\u0161kum\u0105, rekomenduojama reguliariai tikrinti ir atlikti profilaktinius darbus:<\/p>\n<ul>\n<li>Reguliariai tikrinkite, ar cilindre ir jo komponentuose n\u0117ra susid\u0117v\u0117jimo, pa\u017eeidim\u0173 ar nuot\u0117kio po\u017eymi\u0173.<\/li>\n<li>Tinkamas cilindro ir jo judan\u010di\u0173 dali\u0173 tepimas.<\/li>\n<li>Reguliariai keiskite sandariklius, kad i\u0161laikytum\u0117te tinkam\u0105 sandarum\u0105 ir i\u0161vengtum\u0117te alyvos nuot\u0117kio.<\/li>\n<li>Atlikite kalibravimo patikrinimus, kad u\u017etikrintum\u0117te tiksl\u0173 veikim\u0105.<\/li>\n<\/ul>\n<p><img decoding=\"async\" src=\"https:\/\/www.hydraulic-cylinders.net\/wp-content\/uploads\/2025\/01\/songte-chushion-collar.webp\"><\/p>\n<h2>Saugos aspektai ir aplinkos veiksniai<\/h2>\n<p>Naudojant kau\u0161o cilindr\u0105, b\u016btina laikytis saugos priemoni\u0173, kad b\u016bt\u0173 i\u0161vengta nelaiming\u0173 atsitikim\u0173 ir u\u017etikrinta saugi darbo aplinka. Reik\u0117t\u0173 imtis saugos atsargumo priemoni\u0173, pavyzd\u017eiui, naudoti tinkamas asmenines apsaugos priemones ir laikytis tinkam\u0173 darbo proced\u016br\u0173.<\/p>\n<h2>Trik\u010di\u0173 \u0161alinimas ir da\u017eniausiai pasitaikan\u010dios problemos<\/h2>\n<p>Nors kau\u0161o cilindras yra skirtas patikimam veikimui, kartais gali kilti problem\u0173. \u0160tai keletas da\u017eniausiai pasitaikan\u010di\u0173 problem\u0173 ir trik\u010di\u0173 \u0161alinimo patarim\u0173:<\/p>\n<ul>\n<li>Problema: Hidraulin\u0117s alyvos nuot\u0117kis.<br \/>\n  Sprendimas: Patikrinkite, ar n\u0117ra pa\u017eeist\u0173 sandarikli\u0173, ir prireikus juos pakeiskite. \u012esitikinkite, kad jungtys tinkamai priver\u017etos.<\/li>\n<li>Problema: Nepakankamas arba netolygus kau\u0161o jud\u0117jimas.<br \/>\n  Sprendimas: patikrinkite hidraulinio skys\u010dio lyg\u012f ir kokyb\u0119. Ap\u017ei\u016br\u0117kite, ar n\u0117ra u\u017esikim\u0161im\u0173 ar pa\u017eeist\u0173 komponent\u0173.<\/li>\n<li>Problema: Per didelis triuk\u0161mas arba vibracija veikimo metu.<br \/>\n  Sprendimas: Patikrinkite, ar n\u0117ra atsilaisvinusi\u0173 ar pa\u017eeist\u0173 dali\u0173. Jei reikia, sutepkite judan\u010dius komponentus.<\/li>\n<\/ul>\n<p><img decoding=\"async\" src=\"https:\/\/www.hydraulic-cylinders.net\/wp-content\/uploads\/2025\/01\/songte-bushings-with-all-kinds-of-excavator-models.webp\"><\/p>\n<p>Nepamir\u0161kite straipsn\u012f strukt\u016brizuoti logi\u0161kai, naudoti paantra\u0161tes lengvam nar\u0161ymui, \u012ftraukti atitinkam\u0173 vaizd\u0173 ar diagram\u0173, kad b\u016bt\u0173 lengviau suprasti, ir u\u017etikrinti, kad turinys b\u016bt\u0173 ai\u0161kus, glaustas ir tinkamas skaitytojams, turintiems skirting\u0105 technini\u0173 \u017eini\u0173 lyg\u012f.<\/p>\n<h2>Apie m\u016bs\u0173 \u012fmon\u0119<\/h2>\n<p>Esame pakaitini\u0173 hidraulini\u0173 cilindr\u0173 gamintojas ir vienas i\u0161 pirmaujan\u010di\u0173 hidraulini\u0173 cilindr\u0173 gamintoj\u0173 bei didmenini\u0173 platintoj\u0173 vidaus ir tarptautin\u0117se rinkose. M\u016bs\u0173 \u012fmon\u0117 vadovaujasi pramonin\u0117s gamybos valdymo strategija, pagr\u012fsta puikia kokybe, pasitelkdama puikius gamybos cechus, technologinius talentus, pa\u017eangi\u0105 skaitmenin\u0119 gamybos \u012frang\u0105 ir profesionalias testavimo sistemas. Nuolat tobuliname savo gamybos platformas, tobuliname gamybos procesus, kad u\u017etikrintume gamini\u0173 kokyb\u0119, ir turime stipri\u0173 k\u016brybini\u0173 geb\u0117jim\u0173. Vadovaudamiesi didelio efektyvumo, didelio tikslumo ir auk\u0161tos kokyb\u0117s principais, tenkiname \u012fvairius savo klient\u0173 poreikius.<\/p>\n<p><img decoding=\"async\" src=\"https:\/\/www.hydraulic-cylinders.net\/wp-content\/uploads\/2025\/01\/songte-company-3.webp\"><\/p>\n<p>Be to, si\u016blome:<\/p>\n<ul>\n<li>Profesionalumas ir kompetencija savo srityje<\/li>\n<li>Tarptautiniai sertifikatai<\/li>\n<li>Pritaikymo paslaugos<\/li>\n<li>Pa\u017eangi gamybos \u012franga<\/li>\n<li>Aptarnavimas po pardavimo<\/li>\n<\/ul>\n<p>Atminkite, kad \u0161\u012f straipsn\u012f para\u0161\u0117 lyl.<\/p>","protected":false},"excerpt":{"rendered":"<p>Bucket Cylinder For Komatsu Large Excavator PC300-3-5-6-7-8 Introduction The bucket cylinder for Komatsu large excavator PC300-3-5-6-7-8 is a specially designed hydraulic cylinder used to control the movement of the bucket in heavy machinery such as excavators, backhoe loaders, and front-end loaders. Its main function is to enable the bucket to lift, lower, and tilt, making [&hellip;]<\/p>","protected":false},"featured_media":14761,"comment_status":"open","ping_status":"closed","template":"","meta":{"_et_pb_use_builder":"","_et_pb_old_content":"","_et_gb_content_width":""},"product_brand":[],"product_cat":[1494],"product_tag":[1495,1496],"class_list":{"0":"post-15146","1":"product","2":"type-product","3":"status-publish","4":"has-post-thumbnail","6":"product_cat-bucket-cylinders","7":"product_tag-bucket-cylinders","8":"product_tag-hydraulic-cylinders","10":"first","11":"instock","12":"shipping-taxable","13":"product-type-simple"},"amp_enabled":true,"_links":{"self":[{"href":"https:\/\/www.hydraulic-cylinders.net\/lt\/wp-json\/wp\/v2\/product\/15146","targetHints":{"allow":["GET"]}}],"collection":[{"href":"https:\/\/www.hydraulic-cylinders.net\/lt\/wp-json\/wp\/v2\/product"}],"about":[{"href":"https:\/\/www.hydraulic-cylinders.net\/lt\/wp-json\/wp\/v2\/types\/product"}],"replies":[{"embeddable":true,"href":"https:\/\/www.hydraulic-cylinders.net\/lt\/wp-json\/wp\/v2\/comments?post=15146"}],"wp:featuredmedia":[{"embeddable":true,"href":"https:\/\/www.hydraulic-cylinders.net\/lt\/wp-json\/wp\/v2\/media\/14761"}],"wp:attachment":[{"href":"https:\/\/www.hydraulic-cylinders.net\/lt\/wp-json\/wp\/v2\/media?parent=15146"}],"wp:term":[{"taxonomy":"product_brand","embeddable":true,"href":"https:\/\/www.hydraulic-cylinders.net\/lt\/wp-json\/wp\/v2\/product_brand?post=15146"},{"taxonomy":"product_cat","embeddable":true,"href":"https:\/\/www.hydraulic-cylinders.net\/lt\/wp-json\/wp\/v2\/product_cat?post=15146"},{"taxonomy":"product_tag","embeddable":true,"href":"https:\/\/www.hydraulic-cylinders.net\/lt\/wp-json\/wp\/v2\/product_tag?post=15146"}],"curies":[{"name":"wp","href":"https:\/\/api.w.org\/{rel}","templated":true}]}}