{"id":15147,"date":"2025-01-19T14:09:54","date_gmt":"2025-01-19T14:09:54","guid":{"rendered":"https:\/\/www.hydraulic-cylinders.net\/product\/bucket-cylinder-for-komatsu-large-excavator-pc360-8mo\/"},"modified":"2025-01-19T14:09:56","modified_gmt":"2025-01-19T14:09:56","slug":"bucket-cylinder-for-komatsu-large-excavator-pc360-8mo","status":"publish","type":"product","link":"https:\/\/www.hydraulic-cylinders.net\/lt\/produktas\/bucket-cylinder-for-komatsu-large-excavator-pc360-8mo\/","title":{"rendered":"Kau\u0161o cilindras Komatsu dideliems ekskavatoriams PC360-8MO"},"content":{"rendered":"<h1>Kau\u0161o cilindras Komatsu dideliems ekskavatoriams PC360-8MO<\/h1>\n<h2>\u012evadas<\/h2>\n<h3>Kau\u0161o cilindro apibr\u0117\u017eimas<\/h3>\n<p>Kau\u0161o cilindras yra specialiai sukurtas hidraulinis cilindras, naudojamas valdyti kau\u0161o jud\u0117jim\u0105 sunkiosiose ma\u0161inose, tokiose kaip ekskavatoriai, ekskavatoriniai ekskavatoriai ir frontaliniai krautuvai. Pagrindin\u0117 jo funkcija \u2013 leisti kau\u0161ui pakilti, nuleisti ir pakreipti, kad b\u016bt\u0173 lengviau atlikti \u012fvairias med\u017eiag\u0173 tvarkymo u\u017eduotis. Hidraulin\u0117je sistemoje kau\u0161o cilindras tiksliai valdo kau\u0161\u0105 keisdamas hidraulin\u0117s alyvos sl\u0117g\u012f, tod\u0117l operatoriai gali efektyviai valdyti sunkius krovinius, prisitaikyti prie sud\u0117tingos darbo aplinkos ir \u012fvairi\u0173 eksploatavimo reikalavim\u0173.<\/p>\n<p><img decoding=\"async\" src=\"https:\/\/www.hydraulic-cylinders.net\/wp-content\/uploads\/2025\/01\/songte-company-2.webp\" alt=\"Kau\u0161o cilindro vaizdas\"><\/p>\n<h3>Kau\u0161o cilindro savyb\u0117s<\/h3>\n<ul>\n<li>Didelis stiprumas ir ilgaam\u017ei\u0161kumas: Paprastai pagamintas i\u0161 didelio stiprumo plieno arba aliuminio, jis gali atlaikyti auk\u0161t\u0105 sl\u0117g\u012f ir dideles apkrovas, prisitaikyti prie at\u0161iauri\u0173 darbo s\u0105lyg\u0173 ir, siekiant prailginti tarnavimo laik\u0105, atsi\u017evelgti \u012f atsparum\u0105 dilimui ir korozijai.<\/li>\n<li>Efektyvus hidraulinis veikimas: Sklandus i\u0161pl\u0117timas ir susitraukimas pasiekiamas naudojant hidraulin\u0117s alyvos sl\u0117g\u012f, u\u017etikrinant galing\u0105 st\u016bmimo ir traukimo j\u0117g\u0105, tod\u0117l tinka sunkiems kroviniams ir sud\u0117tingoms eksploatavimo u\u017eduotims atlikti.<\/li>\n<li>\u012evair\u016bs tipai: pagal poreikius (hidraulik\u0105 naudojant tik viena kryptimi) arba dvigubo veikimo (hidraulik\u0105 naudojant abiem kryptimis) cilindrus galima pasirinkti pagal skirtingus eksploatavimo reikalavimus. Kai kurie modeliai yra teleskopiniai, tod\u0117l juos galima labiau i\u0161tiesti nedidinant i\u0161orini\u0173 matmen\u0173, tod\u0117l jie tinka naudoti ribotoje erdv\u0117je.<\/li>\n<li>Kei\u010diami \u012f skirtingus modelius: m\u016bs\u0173 gaminiai gali puikiai pakeisti \u0161iuos hidraulinius cilindrus.<\/li>\n<\/ul>\n<p><img decoding=\"async\" src=\"https:\/\/www.hydraulic-cylinders.net\/wp-content\/uploads\/2025\/01\/songte-cylinder-head-with-all-kinds-excavator-models.webp\" alt=\"Kau\u0161o cilindro pakeitimo paveiksl\u0117lis\"><\/p>\n<h3>Kau\u0161o cilindro pritaikymas<\/h3>\n<p>Kau\u0161\u0173 cilindrai pla\u010diai naudojami \u012fvairi\u0173 tip\u0173 ma\u0161inose, tokiose kaip:<\/p>\n<ul>\n<li>Statybin\u0117 \u012franga: ekskavatoriuose jie yra labai svarb\u016bs kasant, kraunant ir perkeliant grunt\u0105 ar \u0161iuk\u0161les. Ekskavatoriuose jie padeda ir kasti, ir kelti.<\/li>\n<li>\u017dem\u0117s \u016bkio technika: Naudojama frontaliniams krautuvams, dirvo\u017eemio, \u0161ieno ir kit\u0173 med\u017eiag\u0173 rinkimui, k\u0117limui ir transportavimui.<\/li>\n<li>Ekskavatoriai: Kau\u0161o cilindras leid\u017eia kasti, leisdamas kau\u0161ui \u012fsiskverbti \u012f dirv\u0105.<\/li>\n<li>Krautuvai: Priekiniuose krautuvuose jie padeda efektyviai pakelti ir pakreipti krovin\u012f.<\/li>\n<\/ul>\n<h3>Kau\u0161o cilindro projektavimo aspektai<\/h3>\n<p>Projektuojant cilindrin\u012f vamzd\u012f, svarb\u016bs \u0161ie veiksniai:<\/p>\n<h4>Keliamoji galia<\/h4>\n<p>Cilindro konstrukcija turi atsi\u017evelgti \u012f apkrov\u0105, kuri\u0105 cilindras gali atlaikyti be deformacijos ar gedimo.<\/p>\n<h4>Sandarinimas<\/h4>\n<p>Tinkamas sandarinimas yra b\u016btinas siekiant i\u0161vengti hidraulin\u0117s alyvos nuot\u0117kio ir u\u017etikrinti efektyv\u0173 cilindro veikim\u0105.<\/p>\n<h4>Patvarumas<\/h4>\n<p>Cilindro med\u017eiaga turi atlaikyti at\u0161iaurias eksploatavimo s\u0105lygas, b\u016bti atspari dilimui ir korozijai.<\/p>\n<h4>Saugumas<\/h4>\n<p>Kau\u0161\u0173 cilindrai turi b\u016bti suprojektuoti atsi\u017evelgiant \u012f saugum\u0105, visus galimus pavojus ir u\u017etikrinant, kad cilindras nesugest\u0173 eksploatacijos metu.<\/p>\n<h4>Prie\u017ei\u016bra<\/h4>\n<p>Cilindras turi b\u016bti suprojektuotas taip, kad j\u012f b\u016bt\u0173 lengva remontuoti ir pri\u017ei\u016br\u0117ti, siekiant optimalaus veikimo ir ilgaam\u017ei\u0161kumo.<\/p>\n<p><img decoding=\"async\" src=\"https:\/\/www.hydraulic-cylinders.net\/wp-content\/uploads\/2025\/01\/songte-oil-pipes-and-spare-parts.webp\" alt=\"Kau\u0161o cilindro dizaino vaizdas\"><\/p>\n<h3>Kau\u0161o cilindro sandarinimas ir tepimas<\/h3>\n<p>Kau\u0161o cilindrui reikalingi \u012fvair\u016bs sandarinimo komponentai, tokie kaip st\u016bmokli\u0173 ir kot\u0173 sandarikliai, pagaminti i\u0161 atspari\u0173 dilimui med\u017eiag\u0173, toki\u0173 kaip poliuretanas ir nitrilo kau\u010diukas, kad b\u016bt\u0173 u\u017etikrintas efektyvus sandarinimas. Cilindro korpusas ir srieginis galinis pavir\u0161ius yra kruop\u0161\u010diai apdorojami, siekiant pagerinti atsparum\u0105 dilimui. Norint u\u017etikrinti optimal\u0173 na\u0161um\u0105 ir ilgaam\u017ei\u0161kum\u0105, b\u016btina reguliariai tepti hidrauline alyva.<\/p>\n<h3>Kau\u0161o cilindro prevencin\u0117 prie\u017ei\u016bra ir trik\u010di\u0173 \u0161alinimas<\/h3>\n<ul>\n<li>Reguliar\u016bs patikrinimai: reguliariai tikrinkite cilindr\u0105, kad aptiktum\u0117te ir pa\u0161alintum\u0117te galimas problemas, kol jos netapo rimtomis.<\/li>\n<li>Tinkamas tepimas: Tinkamas tepimas yra b\u016btinas, kad cilindras veikt\u0173 efektyviai ir suma\u017eint\u0173 nusid\u0117v\u0117jim\u0105.<\/li>\n<li>Sandariklio keitimas: susid\u0117v\u0117j\u0119 sandarikliai gali sukelti nuot\u0117kius ir suma\u017einti cilindro efektyvum\u0105; j\u0173 pakeitimas gali pad\u0117ti i\u0161laikyti optimal\u0173 na\u0161um\u0105.<\/li>\n<\/ul>\n<p>Labai svarbu teisingai sumontuoti kau\u0161o cilindr\u0105 ir tiksliai j\u012f sulygiuoti. Rekomenduojama naudoti tinkamus montavimo laikiklius cilindrui pritvirtinti. Reguliarios patikros, remonto ir keitimo proced\u016bros yra b\u016btinos norint pailginti kau\u0161o cilindro tarnavimo laik\u0105.<\/p>\n<p><img decoding=\"async\" src=\"https:\/\/www.hydraulic-cylinders.net\/wp-content\/uploads\/2025\/01\/songte-chushion-collar.webp\" alt=\"Kau\u0161o cilindro prie\u017ei\u016bros paveiksl\u0117lis\"><\/p>\n<h3>Saugos aspektai ir aplinkos veiksniai<\/h3>\n<p>Naudojant kau\u0161inius cilindrus, b\u016btina atsi\u017evelgti \u012f saugos priemones, siekiant u\u017etikrinti efektyv\u0173 cilindro veikim\u0105 ir i\u0161vengti bet koki\u0173 nuostoli\u0173 ar pa\u017eeidim\u0173. Reik\u0117t\u0173 pasir\u016bpinti tinkamu panaudot\u0173 hidraulini\u0173 cilindr\u0173 utilizavimu, kad b\u016bt\u0173 i\u0161vengta aplinkos tar\u0161os ir u\u017etikrintas saugumas.<\/p>\n<h3>Kau\u0161o cilindro diagnostika ir trik\u010di\u0173 \u0161alinimas<\/h3>\n<p>Da\u017eniausia kau\u0161ini\u0173 cilindr\u0173 problema yra sandarikli\u0173 pa\u017eeidimas, d\u0117l kurio gali atsirasti nuot\u0117ki\u0173 ir suma\u017e\u0117ti cilindro efektyvumas. Reguliarus patikrinimas, tinkamas technin\u0117s prie\u017ei\u016bros grafikas ir greitas pa\u017eeist\u0173 dali\u0173 keitimas gali pad\u0117ti i\u0161vengti \u0161ios problemos.<\/p>\n<p><img decoding=\"async\" src=\"https:\/\/www.hydraulic-cylinders.net\/wp-content\/uploads\/2025\/01\/songte-bushings-with-all-kinds-of-excavator-models.webp\" alt=\"Kau\u0161o cilindro trik\u010di\u0173 \u0161alinimo paveiksl\u0117lis\"><\/p>\n<h2>Apie mus<\/h2>\n<p>Esame pakaitini\u0173 hidraulini\u0173 cilindr\u0173 gamintojas, si\u016blantis plat\u0173 gamini\u0173 asortiment\u0105, ir tapome vienu i\u0161 pirmaujan\u010di\u0173 hidraulini\u0173 cilindr\u0173 gamintoj\u0173 ir didmeninink\u0173 vidaus ir tarptautin\u0117se rinkose. Vadovaujam\u0117s pramonin\u0117s gamybos valdymo strategija, pagr\u012fsta puikia kokybe, ir pasikliaujame techniniais talentais, auk\u0161\u010diausios klas\u0117s skaitmenine gamybos \u012franga ir profesionaliomis testavimo sistemomis, kad nuolat tobulintume dirbtuvi\u0173 gamybos linij\u0105, gerintume gamini\u0173 kokyb\u0119 ir tur\u0117tume stipr\u0173 k\u016brybin\u012f geb\u0117jim\u0105 patenkinti \u012fvairius klient\u0173 poreikius, vadovaudamiesi didelio efektyvumo, didelio tikslumo ir auk\u0161tos kokyb\u0117s principais.<\/p>\n<p><img decoding=\"async\" src=\"https:\/\/hzpt.com\/wp-content\/uploads\/2024\/11\/songte-company-1.webp\" alt=\"Apie mus Vaizdas\"><\/p>\n<h3>M\u016bs\u0173 specialyb\u0117s<\/h3>\n<ul>\n<li>Profesionalumas: Turime ekspert\u0173 komand\u0105, i\u0161manan\u010di\u0105 hidraulinius cilindrus ir galin\u010di\u0105 pasi\u016blyti individualius sprendimus skirtingiems klientams.<\/li>\n<li>Tarptautiniai sertifikatai: M\u016bs\u0173 produktai yra sertifikuoti tarptautiniu mastu, u\u017etikrinant, kad jie atitikt\u0173 pramon\u0117s standartus ir reglamentus.<\/li>\n<li>Individualaus pritaikymo paslaugos: Si\u016blome individualiai pritaikytus hidraulinius cilindrus pagal klient\u0173 poreikius, u\u017etikrindami, kad cilindras atitikt\u0173 j\u0173 konkre\u010dius reikalavimus.<\/li>\n<li>Gamybos \u012franga: Turime pa\u017eangi\u0105 gamybos \u012frang\u0105 ir technologijas, u\u017etikrinan\u010dias gamini\u0173 kokyb\u0119 ir efektyvum\u0105.<\/li>\n<li>Aptarnavimas po pardavimo: Mes teikiame visapusi\u0161kas aptarnavimo po pardavimo paslaugas, \u012fskaitant atsargines dalis ir remonto paslaugas, siekdami u\u017etikrinti m\u016bs\u0173 gamini\u0173 ilgaam\u017ei\u0161kum\u0105.<\/li>\n<\/ul>\n<p><img decoding=\"async\" src=\"https:\/\/www.hydraulic-cylinders.net\/wp-content\/uploads\/2025\/01\/songte-company-3.webp\" alt=\"M\u016bs\u0173 \u012fmon\u0117s \u012fvaizdis\"><\/p>\n<p><em>Autorius: lyl<\/em><\/p>","protected":false},"excerpt":{"rendered":"<p>Bucket Cylinder for Komatsu Large Excavator PC360-8MO Introduction Defining Bucket Cylinder A bucket cylinder is a specially designed hydraulic cylinder used to control the movement of the bucket in heavy machinery such as excavators, backhoe excavators, and front-end loaders. Its main function is to enable the bucket to lift, lower, and tilt, making it easier [&hellip;]<\/p>","protected":false},"featured_media":14789,"comment_status":"open","ping_status":"closed","template":"","meta":{"_et_pb_use_builder":"","_et_pb_old_content":"","_et_gb_content_width":""},"product_brand":[],"product_cat":[1494],"product_tag":[1495,1496],"class_list":{"0":"post-15147","1":"product","2":"type-product","3":"status-publish","4":"has-post-thumbnail","6":"product_cat-bucket-cylinders","7":"product_tag-bucket-cylinders","8":"product_tag-hydraulic-cylinders","10":"first","11":"instock","12":"shipping-taxable","13":"product-type-simple"},"amp_enabled":true,"_links":{"self":[{"href":"https:\/\/www.hydraulic-cylinders.net\/lt\/wp-json\/wp\/v2\/product\/15147","targetHints":{"allow":["GET"]}}],"collection":[{"href":"https:\/\/www.hydraulic-cylinders.net\/lt\/wp-json\/wp\/v2\/product"}],"about":[{"href":"https:\/\/www.hydraulic-cylinders.net\/lt\/wp-json\/wp\/v2\/types\/product"}],"replies":[{"embeddable":true,"href":"https:\/\/www.hydraulic-cylinders.net\/lt\/wp-json\/wp\/v2\/comments?post=15147"}],"wp:featuredmedia":[{"embeddable":true,"href":"https:\/\/www.hydraulic-cylinders.net\/lt\/wp-json\/wp\/v2\/media\/14789"}],"wp:attachment":[{"href":"https:\/\/www.hydraulic-cylinders.net\/lt\/wp-json\/wp\/v2\/media?parent=15147"}],"wp:term":[{"taxonomy":"product_brand","embeddable":true,"href":"https:\/\/www.hydraulic-cylinders.net\/lt\/wp-json\/wp\/v2\/product_brand?post=15147"},{"taxonomy":"product_cat","embeddable":true,"href":"https:\/\/www.hydraulic-cylinders.net\/lt\/wp-json\/wp\/v2\/product_cat?post=15147"},{"taxonomy":"product_tag","embeddable":true,"href":"https:\/\/www.hydraulic-cylinders.net\/lt\/wp-json\/wp\/v2\/product_tag?post=15147"}],"curies":[{"name":"wp","href":"https:\/\/api.w.org\/{rel}","templated":true}]}}