{"id":15148,"date":"2025-01-19T14:09:58","date_gmt":"2025-01-19T14:09:58","guid":{"rendered":"https:\/\/www.hydraulic-cylinders.net\/product\/bucket-cylinder-for-komatsu-large-excavator-pc650lc-8r-650lccse-8r\/"},"modified":"2025-01-19T14:10:00","modified_gmt":"2025-01-19T14:10:00","slug":"bucket-cylinder-for-komatsu-large-excavator-pc650lc-8r-650lccse-8r","status":"publish","type":"product","link":"https:\/\/www.hydraulic-cylinders.net\/lt\/produktas\/bucket-cylinder-for-komatsu-large-excavator-pc650lc-8r-650lccse-8r\/","title":{"rendered":"Kau\u0161o cilindras Komatsu dideliems ekskavatoriams PC650LC-8R\/650LCCSE-8R"},"content":{"rendered":"<h1>Kau\u0161o cilindras Komatsu dideliems ekskavatoriams PC650LC-8R\/650LCCSE-8R<\/h1>\n<h2>\u012evadas<\/h2>\n<p>Kau\u0161o cilindras yra specialiai sukurtas hidraulinis cilindras, naudojamas valdyti kau\u0161o jud\u0117jim\u0105 sunkiosiose ma\u0161inose, tokiose kaip ekskavatoriai, ekskavatoriniai krautuvai ir frontaliniai krautuvai. Pagrindin\u0117 jo funkcija \u2013 leisti kau\u0161\u0105 pakelti, nuleisti ir pakreipti, tod\u0117l jis tinka \u012fvairioms med\u017eiag\u0173 tvarkymo u\u017eduotims. Hidraulin\u0117je sistemoje kau\u0161o cilindras tiksliai valdo kau\u0161\u0105 keisdamas hidraulin\u0117s alyvos sl\u0117g\u012f, tod\u0117l operatoriai gali efektyviai valdyti sunkius krovinius ir prisitaikyti prie sud\u0117tingos darbo aplinkos bei \u012fvairi\u0173 eksploatavimo reikalavim\u0173.<\/p>\n<p><img decoding=\"async\" src=\"https:\/\/www.hydraulic-cylinders.net\/wp-content\/uploads\/2025\/01\/songte-company-2.webp\"><\/p>\n<h2>Savyb\u0117s<\/h2>\n<ul>\n<li>Didelis stiprumas ir ilgaam\u017ei\u0161kumas: paprastai pagaminti i\u0161 didelio stiprumo plieno arba aliuminio, galintys atlaikyti auk\u0161t\u0105 sl\u0117g\u012f ir dideles apkrovas, tinkami at\u0161iaurioms darbo aplinkoms, suprojektuoti atsi\u017evelgiant \u012f atsparum\u0105 dilimui ir korozijai, prailginantys tarnavimo laik\u0105.<\/li>\n<li>Efektyvus hidraulinis veikimas: sklandus i\u0161pl\u0117timas ir susitraukimas pasiekiamas d\u0117l hidraulin\u0117s alyvos sl\u0117gio, greitai reaguoja \u012f valdymo komandas, u\u017etikrina galing\u0105 st\u016bmimo ir traukimo j\u0117g\u0105, tinka sunkiems kroviniams kelti ir sud\u0117tingoms eksploatavimo u\u017eduotims atlikti.<\/li>\n<li>\u012evair\u016bs tipai: vienpusio veikimo (hidraulika naudojama tik viena kryptimi) arba dvipusio veikimo (hidraulika naudojama abiem kryptimis) cilindrai gali b\u016bti parenkami pagal reikalavimus, kad b\u016bt\u0173 patenkinti skirtingi eksploatavimo poreikiai. Kai kurie modeliai yra teleskopiniai, tod\u0117l juos galima labiau i\u0161tiesti nedidinant i\u0161orini\u0173 matmen\u0173, tod\u0117l jie tinka naudoti ribotoje erdv\u0117je.<\/li>\n<li>Lengvai pakei\u010diami: m\u016bs\u0173 gaminiai gali puikiai pakeisti \u0161iuos hidraulinius cilindrus.<\/li>\n<\/ul>\n<p><img decoding=\"async\" src=\"https:\/\/www.hydraulic-cylinders.net\/wp-content\/uploads\/2025\/01\/songte-cylinder-head-with-all-kinds-excavator-models.webp\"><\/p>\n<h2>Parai\u0161kos<\/h2>\n<p>Kau\u0161o cilindras yra b\u016btinas kasant, kraunant ir perkeliant grunt\u0105 ar \u0161iuk\u0161les statybin\u0117je \u012frangoje, tokioje kaip ekskavatoriai ir ekskavatoriniai krautuvai. Priekiniuose krautuvuose jie padeda efektyviai pakelti ir pakreipti krovinius. Jie taip pat naudojami \u017eem\u0117s \u016bkio ma\u0161inoje gruntui, \u0161ienui ir kitoms med\u017eiagoms krauti, kelti ir transportuoti. Kau\u0161o cilindrai leid\u017eia ekskavatoriams prasiskverbti \u012f grunt\u0105 atliekant kasimo darbus. Toliau pateikiami keli skirtingi j\u0173 pritaikymai:<\/p>\n<h3>Statybin\u0117 \u012franga<\/h3>\n<p>Ekskavatoriuose kau\u0161\u0173 cilindrai yra b\u016btini kasant, kraunant ir perkeliant grunt\u0105 ar \u0161iuk\u0161les. Ekskavatoriuose-krautuvuose kau\u0161\u0173 cilindrai padeda tiek kasant, tiek keliant. Jie taip pat b\u016btini frontaliniuose krautuvuose, kur padeda efektyviai kelti ir pakreipti prekes.<\/p>\n<h3>\u017dem\u0117s \u016bkio technika<\/h3>\n<p>Kau\u0161\u0173 cilindrai naudojami frontaliniuose krautuvuose dirvo\u017eemiui, \u0161ienui ir kitoms med\u017eiagoms krauti, kelti ir transportuoti. Jie taip pat naudojami \u012fvairi\u0173 tip\u0173 \u017eem\u0117s \u016bkio technikoje.<\/p>\n<h3>Ekskavatoriai<\/h3>\n<p>Kau\u0161\u0173 cilindrai leid\u017eia ekskavatoriams prasiskverbti \u012f dirv\u0105 atliekant kasimo darbus, o tai yra labai svarbu \u012fvairiuose statybos ir kasimo projektuose.<\/p>\n<h3>Priekiniai krautuvai<\/h3>\n<p>Priekiniuose krautuvuose kau\u0161o cilindrai padeda efektyviai pakelti ir pakreipti prekes, o tai labai svarbu atliekant \u012fvairias pakrovimo ir i\u0161krovimo u\u017eduotis.<\/p>\n<h3>Ekskavatoriniai krautuvai<\/h3>\n<p>Ekskavatoriuose kau\u0161o cilindrai padeda atlikti tiek kasimo, tiek k\u0117limo darbus, tod\u0117l jie idealiai tinka \u012fvairiems statybos ir kasimo projektams.<\/p>\n<p><img decoding=\"async\" src=\"https:\/\/www.hydraulic-cylinders.net\/wp-content\/uploads\/2025\/01\/songte-bushings-with-all-kinds-of-excavator-models.webp\"><\/p>\n<h2>Projektavimo aspektai ir atrankos standartai<\/h2>\n<p>Kau\u0161\u0173 cilindrams reikia atsi\u017evelgti \u012f daugel\u012f projektavimo aspekt\u0173 ir atrankos standart\u0173, kurie u\u017etikrina j\u0173 funkcionalum\u0105 ir ilgaam\u017ei\u0161kum\u0105.<\/p>\n<h3>Keliamoji galia<\/h3>\n<p>Kau\u0161ini\u0173 cilindr\u0173 laikomoji galia yra svarbus j\u0173 konstrukcijos aspektas. Cilindras turi atlaikyti dideles apkrovas ir auk\u0161t\u0105 sl\u0117g\u012f, tod\u0117l jo konstrukcijoje b\u016btina naudoti didelio stiprumo med\u017eiagas.<\/p>\n<h3>Sandarinimo savyb\u0117s<\/h3>\n<p>Kau\u0161o cilindras turi i\u0161laikyti sandar\u0173 sandarum\u0105, kad b\u016bt\u0173 i\u0161vengta hidraulin\u0117s alyvos nuot\u0117kio. Cilindre turi b\u016bti naudojamos auk\u0161tos kokyb\u0117s sandarinimo med\u017eiagos, tokios kaip st\u016bmokli\u0173 ir kot\u0173 sandarikliai, pagaminti i\u0161 poliuretano arba nitrilo kau\u010diuko. Tinkamas cilindro pavir\u0161iaus apdirbimas ir tikslus cilindro galvut\u0117s bei st\u016bmoklio koto apdirbimas gali \u017eymiai pagerinti sandarumo savybes ir u\u017ekirsti keli\u0105 alyvos nuot\u0117kiui.<\/p>\n<h3>Patvarumas<\/h3>\n<p>Kau\u0161o cilindras turi b\u016bti pakankamai patvarus, kad atlaikyt\u0173 at\u0161iaurias darbo s\u0105lygas ir nusid\u0117v\u0117jim\u0105. Jis turi b\u016bti suprojektuotas i\u0161 atspari\u0173 dilimui med\u017eiag\u0173 ir korozijai dang\u0173, kurios gali prailginti cilindro tarnavimo laik\u0105.<\/p>\n<h3>Saugumas<\/h3>\n<p>Kau\u0161\u0173 cilindrai turi b\u016bti suprojektuoti atsi\u017evelgiant \u012f saugum\u0105. Jie turi atlaikyti auk\u0161t\u0105 sl\u0117g\u012f ir dideles apkrovas bei b\u016bti apr\u016bpinti saugos funkcijomis, tokiomis kaip sl\u0117gio ma\u017einimo vo\u017etuvai, kad b\u016bt\u0173 i\u0161vengta nelaiming\u0173 atsitikim\u0173.<\/p>\n<h3>Prie\u017ei\u016bra<\/h3>\n<p>Kau\u0161iniai cilindrai tur\u0117t\u0173 b\u016bti suprojektuoti taip, kad juos b\u016bt\u0173 lengva pri\u017ei\u016br\u0117ti. Juos turi b\u016bti lengva i\u0161ardyti ir surinkti, o juose turi b\u016bti naudojamos lengvai prieinamos kei\u010diamos dalys. Cilindro pavir\u0161iaus apdaila ir tikslus apdirbimas taip pat gali palengvinti prie\u017ei\u016bros u\u017eduotis, pvz., sandarikli\u0173 ir guoli\u0173 keitim\u0105 ir kalibravim\u0105.<\/p>\n<p><img decoding=\"async\" src=\"https:\/\/www.hydraulic-cylinders.net\/wp-content\/uploads\/2025\/01\/songte-oil-pipes-and-spare-parts.webp\"><\/p>\n<h2>Sandarinimas ir tepimas<\/h2>\n<p>Kad kau\u0161iniai cilindrai veikt\u0173 efektyviai, juos reikia tinkamai u\u017esandarinti ir sutepti. Cilindro st\u016bmokli\u0173 ir kot\u0173 sandarikliai turi b\u016bti pagaminti i\u0161 auk\u0161tos kokyb\u0117s med\u017eiag\u0173, toki\u0173 kaip poliuretanas arba nitrilo kau\u010diukas, kad b\u016bt\u0173 u\u017etikrintas sandarumas ir i\u0161vengta alyvos nutek\u0117jimo. Cilindro pavir\u0161iaus apdaila ir tikslus cilindro galvut\u0117s bei st\u016bmoklio koto apdirbimas gali pagerinti sandariklio funkcij\u0105 ir u\u017ekirsti keli\u0105 alyvos nutek\u0117jimui. Kad cilindras tinkamai veikt\u0173, j\u012f reikia sutepti tinkama hidrauline alyva. Hidraulin\u0117s alyvos lygis turi b\u016bti reguliariai papildytas, kad cilindras veikt\u0173 tinkamai.<\/p>\n<h2>Prie\u017ei\u016bra ir remontas<\/h2>\n<p>Reguliarus patikrinimas, tepimas, sandarikli\u0173 keitimas ir kalibravimas yra b\u016btini norint u\u017etikrinti efektyv\u0173 kau\u0161o cilindro veikim\u0105. Tinkamas montavimas, tepimas ir reguliavimas yra labai svarb\u016bs norint pailginti cilindro tarnavimo laik\u0105. Toliau pateikiamos kelios \u012fprastos prie\u017ei\u016bros u\u017eduotys:<\/p>\n<h3>Ap\u017ei\u016bra<\/h3>\n<p>Reguliar\u016bs patikrinimai gali pad\u0117ti i\u0161vengti galim\u0173 problem\u0173, nes nustatomi susid\u0117v\u0117jimo po\u017eymiai, nuot\u0117kiai ir kitos problemos. Ap\u017ei\u016br\u0117kite cilindro i\u0161or\u0119, ar n\u0117ra pa\u017eeidim\u0173, nuot\u0117ki\u0173 ar susid\u0117v\u0117jimo po\u017eymi\u0173. Patikrinkite cilindro tvirtinimo var\u017etus, kad jie b\u016bt\u0173 tvirtai priver\u017eti ir u\u017etikrinti j\u0173 saugum\u0105.<\/p>\n<h3>Tepimas<\/h3>\n<p>Tepimas yra b\u016btinas norint i\u0161laikyti cilindro veikim\u0105. Cilindrui sutepti ir i\u0161vengti pa\u017eeidim\u0173 d\u0117l trinties bei kar\u0161\u010dio naudokite tinkamo tipo ir kiekio hidraulin\u0119 alyv\u0105.<\/p>\n<h3>Sandariklio keitimas<\/h3>\n<p>Reguliariai keiskite sandariklius, kad i\u0161vengtum\u0117te alyvos nuot\u0117kio ir palaikytum\u0117te tinkam\u0105 sandarum\u0105. Optimaliam na\u0161umui ir sandarumui u\u017etikrinti naudokite auk\u0161tos kokyb\u0117s poliuretano arba nitrilo gumos sandariklius.<\/p>\n<h3>Kalibravimo patikrinimas<\/h3>\n<p>Kalibravimo patikrinimai yra b\u016btini siekiant u\u017etikrinti, kad cilindro veikimas nevir\u0161yt\u0173 priimtin\u0173 rib\u0173. Patikrinkite cilindro pailg\u0117jimo ir susitraukimo atstum\u0105, sl\u0117gio ribas ir kitus svarbius parametrus, kad u\u017etikrintum\u0117te optimal\u0173 veikim\u0105.<\/p>\n<p><img decoding=\"async\" src=\"https:\/\/www.hydraulic-cylinders.net\/wp-content\/uploads\/2025\/01\/songte-chushion-collar.webp\"><\/p>\n<h2>Saugos aspektai ir aplinkos veiksniai<\/h2>\n<p>Kau\u0161\u0173 cilindrai veikia esant auk\u0161tam sl\u0117giui ir, netinkamai elgiantis, gali kelti rimt\u0105 pavoj\u0173 saugai. Operatoriai, tvarkydami kau\u0161\u0173 cilindrus, privalo laikytis tinkam\u0173 saugos gairi\u0173 ir proced\u016br\u0173. Grie\u017etas saugos gairi\u0173 laikymasis ir reguliari prie\u017ei\u016bra gali suma\u017einti nelaiming\u0173 atsitikim\u0173 ir su\u017ealojim\u0173 rizik\u0105. Aplinkos veiksniai, tokie kaip temperat\u016bra, dr\u0117gm\u0117 ir korozij\u0105 sukelian\u010dios med\u017eiagos, taip pat gali tur\u0117ti \u012ftakos kau\u0161\u0173 cilindr\u0173 veikimui ir tarnavimo laikui. Tinkamas med\u017eiag\u0173 ir apdailos pasirinkimas gali su\u0161velninti aplinkos veiksni\u0173 poveik\u012f.<\/p>\n<h2>Trik\u010di\u0173 \u0161alinimas ir da\u017eniausios problemos<\/h2>\n<p>Kau\u0161\u0173 cilindrai gali susidurti su \u012fvairiomis problemomis d\u0117l susid\u0117v\u0117jimo, nuot\u0117ki\u0173 ar kit\u0173 problem\u0173. Da\u017enos problemos yra alyvos nuot\u0117kis, pa\u017eeisti sandarikliai ir netinkamai veikiantys hidrauliniai komponentai. Problemos \u0161alinimas gali pad\u0117ti nustatyti pagrindin\u0119 prie\u017east\u012f ir i\u0161vengti problem\u0173 ateityje. Tinkama prie\u017ei\u016bra, remontas ir pa\u017eeist\u0173 dali\u0173 keitimas gali pad\u0117ti atkurti cilindro veikim\u0105. Toliau pateikiami keli \u012fprasti trik\u010di\u0173 \u0161alinimo veiksmai:<\/p>\n<h3>Problemos diagnoz\u0117<\/h3>\n<p>Nustatykite problemos prie\u017east\u012f ap\u017ei\u016br\u0117dami cilindr\u0105, ar n\u0117ra pa\u017eeidim\u0173, susid\u0117v\u0117jimo, nuot\u0117ki\u0173 ar kit\u0173 problem\u0173. Patikrinkite, ar hidraulin\u0117je sistemoje tinkamas sl\u0117gis ir skys\u010dio lygis. Patikrinkite cilindro tvirtinimo var\u017etus, ar jie n\u0117ra atsilaisvin\u0119 ar pa\u017eeisti.<\/p>\n<h3>Remontas ir keitimas<\/h3>\n<p>Prireikus suremontuokite arba pakeiskite pa\u017eeistas dalis. Susid\u0117v\u0117jusius arba pa\u017eeistus sandariklius pakeiskite auk\u0161tos kokyb\u0117s poliuretano arba nitrilo gumos sandarikliais. Patikrinkite, ar hidraulin\u0117je sistemoje n\u0117ra nuot\u0117ki\u0173 ar gedim\u0173, ir suremontuokite arba pakeiskite visus pa\u017eeistus komponentus.<\/p>\n<h3>Prevencin\u0117s priemon\u0117s<\/h3>\n<p>Imkit\u0117s prevencini\u0173 priemoni\u0173, kad suma\u017eintum\u0117te b\u016bsim\u0173 problem\u0173 rizik\u0105. Reguliarus techninis aptarnavimas, ap\u017ei\u016bra ir remontas gali pad\u0117ti i\u0161vengti nuot\u0117ki\u0173, susid\u0117v\u0117jimo ir kit\u0173 problem\u0173. Tinkamas montavimas, kalibravimas ir tepimas taip pat gali pad\u0117ti i\u0161laikyti optimal\u0173 na\u0161um\u0105 ir pailginti cilindro tarnavimo laik\u0105.<\/p>\n<h1>Apie mus<\/h1>\n<p>Esame pirmaujantis hidraulini\u0173 cilindr\u0173 gamintojas ir didmenininkas, specializuojantis pakaitini\u0173 cilindr\u0173 gamyboje. D\u0117l plataus produkt\u0173 asortimento esame pirmaujantis hidraulini\u0173 cilindr\u0173 gamintojas ir didmenininkas tiek vidaus, tiek tarptautin\u0117se rinkose. Siekiame nepriekai\u0161tingos kokyb\u0117s ir savo patobulintose gamybos dirbtuv\u0117se taikome industrializuotas gamybos valdymo strategijas. Nuolat tobuliname savo gamybos platform\u0105, tobuliname gamini\u0173 kokyb\u0117s gamybos linijas ir turime stipri\u0173 k\u016brybini\u0173 geb\u0117jim\u0173. Esame \u012fsipareigoj\u0119 klientams tiekti didelio efektyvumo, didelio tikslumo ir auk\u0161tos kokyb\u0117s gaminius, kurie atitinka \u012fvairius poreikius.<\/p>\n<p><img decoding=\"async\" src=\"https:\/\/hzpt.com\/wp-content\/uploads\/2024\/11\/songte-company-1.webp\"><\/p>\n<h2>Profesionalumas<\/h2>\n<p>M\u016bs\u0173 komand\u0105 sudaro patyr\u0119 in\u017einieriai ir technikai, kurie specializuojasi hidraulini\u0173 cilindr\u0173 gamyboje. Naudojame pa\u017eangias technologijas ir \u012frang\u0105, kad u\u017etikrintume auk\u0161t\u0105 gamybos kokyb\u0119 ir tiksl\u0173 apdirbim\u0105.<\/p>\n<h2>Tarptautinis sertifikavimas<\/h2>\n<p>M\u016bs\u0173 gaminiai atitinka tarptautinius kokyb\u0117s standartus ir yra sertifikuoti pagal ISO 9001:2015. Esame \u012fsipareigoj\u0119 klientams tiekti auk\u0161tos kokyb\u0117s gaminius, atitinkan\u010dius tarptautinius standartus.<\/p>\n<h2>Pritaikymo paslauga<\/h2>\n<p>Si\u016blome individualiai pritaikytus hidraulini\u0173 cilindr\u0173 sprendimus, kad patenkintume konkre\u010dius klient\u0173 poreikius. M\u016bs\u0173 patyr\u0119 in\u017einieriai glaud\u017eiai bendradarbiauja su klientais, kad sukurt\u0173 individualius sprendimus, atitinkan\u010dius j\u0173 unikalius reikalavimus.<\/p>\n<h2>Gamybos \u012frenginiai<\/h2>\n<p>M\u016bs\u0173 gamybos \u012frenginiai apr\u016bpinti moderniausia \u012franga ir technologijomis, u\u017etikrinan\u010diomis efektyvius ir auk\u0161tos kokyb\u0117s gamybos procesus. Esame \u012fsipareigoj\u0119 naudoti naujausias technologijas ir \u012frang\u0105, kad gal\u0117tume gaminti auk\u0161tos kokyb\u0117s produktus.<\/p>\n<h2>Aptarnavimas po pardavimo<\/h2>\n<p>Siekdami u\u017etikrinti klient\u0173 pasitenkinim\u0105, si\u016blome garantinio aptarnavimo ir palaikymo paslaugas. Teikiame \u012fvairias paslaugas, \u012fskaitant hidraulini\u0173 cilindr\u0173 remont\u0105, keitim\u0105 ir prie\u017ei\u016br\u0105.<\/p>\n<p><img decoding=\"async\" src=\"https:\/\/www.hydraulic-cylinders.net\/wp-content\/uploads\/2025\/01\/songte-company-3.webp\"><\/p>\n<p>Autorius: lyl<\/p>","protected":false},"excerpt":{"rendered":"<p>Bucket Cylinder For Komatsu Large Excavator PC650LC-8R\/650LCCSE-8R Introduction The bucket cylinder is a specially designed hydraulic cylinder used to control the movement of the bucket in heavy machinery such as excavators, backhoe loaders, and front loaders. Its main function is to enable the bucket to be lifted, lowered, and tilted, making it suitable for various [&hellip;]<\/p>","protected":false},"featured_media":14788,"comment_status":"open","ping_status":"closed","template":"","meta":{"_et_pb_use_builder":"","_et_pb_old_content":"","_et_gb_content_width":""},"product_brand":[],"product_cat":[1494],"product_tag":[1495,1496],"class_list":{"0":"post-15148","1":"product","2":"type-product","3":"status-publish","4":"has-post-thumbnail","6":"product_cat-bucket-cylinders","7":"product_tag-bucket-cylinders","8":"product_tag-hydraulic-cylinders","10":"first","11":"instock","12":"shipping-taxable","13":"product-type-simple"},"amp_enabled":true,"_links":{"self":[{"href":"https:\/\/www.hydraulic-cylinders.net\/lt\/wp-json\/wp\/v2\/product\/15148","targetHints":{"allow":["GET"]}}],"collection":[{"href":"https:\/\/www.hydraulic-cylinders.net\/lt\/wp-json\/wp\/v2\/product"}],"about":[{"href":"https:\/\/www.hydraulic-cylinders.net\/lt\/wp-json\/wp\/v2\/types\/product"}],"replies":[{"embeddable":true,"href":"https:\/\/www.hydraulic-cylinders.net\/lt\/wp-json\/wp\/v2\/comments?post=15148"}],"wp:featuredmedia":[{"embeddable":true,"href":"https:\/\/www.hydraulic-cylinders.net\/lt\/wp-json\/wp\/v2\/media\/14788"}],"wp:attachment":[{"href":"https:\/\/www.hydraulic-cylinders.net\/lt\/wp-json\/wp\/v2\/media?parent=15148"}],"wp:term":[{"taxonomy":"product_brand","embeddable":true,"href":"https:\/\/www.hydraulic-cylinders.net\/lt\/wp-json\/wp\/v2\/product_brand?post=15148"},{"taxonomy":"product_cat","embeddable":true,"href":"https:\/\/www.hydraulic-cylinders.net\/lt\/wp-json\/wp\/v2\/product_cat?post=15148"},{"taxonomy":"product_tag","embeddable":true,"href":"https:\/\/www.hydraulic-cylinders.net\/lt\/wp-json\/wp\/v2\/product_tag?post=15148"}],"curies":[{"name":"wp","href":"https:\/\/api.w.org\/{rel}","templated":true}]}}