{"id":15149,"date":"2025-01-19T14:10:02","date_gmt":"2025-01-19T14:10:02","guid":{"rendered":"https:\/\/www.hydraulic-cylinders.net\/product\/bucket-cylinder-for-komatsu-large-excavator-pc850se-8\/"},"modified":"2025-01-19T14:10:05","modified_gmt":"2025-01-19T14:10:05","slug":"bucket-cylinder-for-komatsu-large-excavator-pc850se-8","status":"publish","type":"product","link":"https:\/\/www.hydraulic-cylinders.net\/lt\/produktas\/bucket-cylinder-for-komatsu-large-excavator-pc850se-8\/","title":{"rendered":"Kau\u0161o cilindras Komatsu dideliems ekskavatoriams PC850SE-8"},"content":{"rendered":"<p><!DOCTYPE html><br \/>\n<html><br \/>\n<head><br \/>\n<title>Kau\u0161o cilindras Komatsu dideliems ekskavatoriams PC850SE-8<\/title><br \/>\n<\/head><br \/>\n<body><\/p>\n<h1>Kau\u0161o cilindras Komatsu dideliems ekskavatoriams PC850SE-8<\/h1>\n<h2>\u012evadas<\/h2>\n<p>Kau\u0161o cilindras yra specialiai sukurtas hidraulinis cilindras, naudojamas kau\u0161o jud\u0117jimui valdyti sunkiosiose ma\u0161inose, tokiose kaip ekskavatoriai, ekskavatoriniai krautuvai ir frontaliniai krautuvai. Pagrindin\u0117 jo funkcija \u2013 leisti kau\u0161ui atlikti k\u0117limo, nuleidimo ir pakreipimo veiksmus, tod\u0117l jis tinka \u012fvairioms med\u017eiag\u0173 tvarkymo u\u017eduotims. Hidraulin\u0117je sistemoje kau\u0161o cilindras tiksliai valdo kau\u0161\u0105, naudodamas hidraulin\u0117s alyvos sl\u0117gio poky\u010dius, leisdamas operatoriams efektyviai valdyti sunkius krovinius ir prisitaikyti prie sud\u0117tingos darbo aplinkos bei \u012fvairi\u0173 eksploatacini\u0173 poreiki\u0173.<\/p>\n<p><img decoding=\"async\" src=\"https:\/\/www.hydraulic-cylinders.net\/wp-content\/uploads\/2025\/01\/songte-company-2.webp\" alt=\"Kau\u0161o cilindro vaizdas\" \/><\/p>\n<h2>Savyb\u0117s<\/h2>\n<ul>\n<li>Didelis tvirtumas ir ilgaam\u017ei\u0161kumas: Paprastai i\u0161 didelio stiprumo plieno arba aliuminio pagamintas kau\u0161o cilindras gali atlaikyti auk\u0161t\u0105 sl\u0117g\u012f ir dideles apkrovas, prisitaikydamas prie at\u0161iauri\u0173 darbo s\u0105lyg\u0173. Jo konstrukcija atsi\u017evelgia \u012f atsparum\u0105 dilimui ir korozijai, taip pailgindama jo tarnavimo laik\u0105.<\/li>\n<li>Efektyvus hidraulinis veikimas: Naudodamas hidraulin\u0117s alyvos sl\u0117g\u012f, kau\u0161o cilindras u\u017etikrina skland\u017eius i\u0161pl\u0117timo ir atitraukimo judesius, greitai reaguodamas \u012f valdymo komandas ir u\u017etikrindamas galingas st\u016bmimo bei traukimo j\u0117gas, tod\u0117l jis tinka sunkiems kroviniams kelti ir sud\u0117tingoms eksploatavimo u\u017eduotims atlikti.<\/li>\n<li>\u012evair\u016bs tipai: Kau\u0161o cilindr\u0105 galima pasirinkti kaip vienpusio veikimo (hidraulin\u0117 sistema naudojama tik viena kryptimi) arba dvipusio veikimo (hidraulin\u0117 sistema naudojama abiem kryptimis), atsi\u017evelgiant \u012f reikalavimus, atitinkan\u010dius skirtingus eksploatacinius poreikius. Kai kurie modeliai yra teleskopiniai, tod\u0117l galimas didesnis i\u0161pl\u0117timas nedidinant i\u0161orini\u0173 matmen\u0173, tod\u0117l tinka naudoti ribotoje erdv\u0117je.<\/li>\n<li>Puikus pakeitimas: m\u016bs\u0173 gaminys gali puikiai pakeisti \u0161iuos hidraulinius cilindrus.<\/li>\n<\/ul>\n<p><img decoding=\"async\" src=\"https:\/\/www.hydraulic-cylinders.net\/wp-content\/uploads\/2025\/01\/songte-cylinder-head-with-all-kinds-excavator-models.webp\" alt=\"Pakeitimo cilindro vaizdas\" \/><\/p>\n<h2>Parai\u0161kos<\/h2>\n<p>Kau\u0161o cilindras naudojamas \u012fvairioje \u012frangoje:<\/p>\n<ul>\n<li>Statybin\u0117 \u012franga: ji randama ekskavatoriuose ir yra labai svarbi kasant, kraunant ir perkeliant \u017eem\u0119 ar \u0161iuk\u0161les. Ekskavatoriuose kau\u0161o cilindras padeda ir kasti, ir kelti.<\/li>\n<li>\u017dem\u0117s \u016bkio technika: naudojama priekiniuose krautuvuose dirvo\u017eemiui, \u0161ienui ir kitoms med\u017eiagoms kasti, kelti ir transportuoti.<\/li>\n<li>Ekskavatoriai: Kau\u0161o cilindras leid\u017eia atlikti kasimo veiksmus, leisdamas kau\u0161ui \u012fsiskverbti \u012f dirv\u0105.<\/li>\n<li>Krautuvai: Priekiniuose krautuvuose jie padeda efektyviai pakelti ir i\u0161krauti prekes.<\/li>\n<\/ul>\n<h2>Projektavimo aspektai ir atrankos kriterijai<\/h2>\n<p>Projektuojant kau\u0161inius cilindrus, atsi\u017evelgiama \u012f tokius pagrindinius veiksnius kaip laikomoji galia, sandarumas, ilgaam\u017ei\u0161kumas, saugumas ir prie\u017ei\u016bra:<\/p>\n<p><img decoding=\"async\" src=\"https:\/\/www.hydraulic-cylinders.net\/wp-content\/uploads\/2025\/01\/songte-oil-pipes-and-spare-parts.webp\" alt=\"Dizaino aspektai Vaizdas\" \/><\/p>\n<h2>Sandarinimas ir tepimas<\/h2>\n<p>Kau\u0161o cilindre naudojami \u012fvair\u016bs sandarinimo komponentai, tokie kaip st\u016bmokli\u0173 ir kot\u0173 sandarikliai, pagaminti i\u0161 atspari\u0173 dilimui med\u017eiag\u0173, toki\u0173 kaip poliuretanas ir nitrilo kau\u010diukas. Cilindro korpusas ir srieginiai galai yra kruop\u0161\u010diai apdorojami, siekiant padidinti atsparum\u0105 dilimui. Norint u\u017etikrinti skland\u0173 veikim\u0105, reikia reguliariai tepti tinkamu hidraulin\u0117s alyvos kiekiu.<\/p>\n<h2>Reguliarus patikrinimas ir prevencin\u0117 prie\u017ei\u016bra<\/h2>\n<p>Norint u\u017etikrinti optimal\u0173 kau\u0161o cilindro veikim\u0105, b\u016btini reguliar\u016bs patikrinimai ir prevencin\u0117s prie\u017ei\u016bros priemon\u0117s:<\/p>\n<h2>Diegimo vadovas<\/h2>\n<p>Tinkamas kau\u0161o cilindro montavimas yra labai svarbus jo funkcionalumui:<\/p>\n<h2>Prie\u017ei\u016bros u\u017eduotys<\/h2>\n<p>\u012eprastos prie\u017ei\u016bros u\u017eduotys apima reguliar\u0173 patikrinim\u0105, tinkam\u0105 tepim\u0105, sandarikli\u0173 keitim\u0105 ir kalibravimo patikrinimus:<\/p>\n<p><img decoding=\"async\" src=\"https:\/\/www.hydraulic-cylinders.net\/wp-content\/uploads\/2025\/01\/songte-chushion-collar.webp\" alt=\"Prie\u017ei\u016bros u\u017eduo\u010di\u0173 vaizdas\" \/><\/p>\n<h2>Saugos aspektai ir aplinkos veiksniai<\/h2>\n<p>Naudojant kau\u0161o cilindr\u0105, itin svarbios saugos priemon\u0117s:<\/p>\n<h2>Gedim\u0173 diagnostika ir trik\u010di\u0173 \u0161alinimas<\/h2>\n<p>Da\u017eniausi gedimai ir j\u0173 \u0161alinimo b\u016bdai:<\/p>\n<p><img decoding=\"async\" src=\"https:\/\/www.hydraulic-cylinders.net\/wp-content\/uploads\/2025\/01\/songte-bushings-with-all-kinds-of-excavator-models.webp\" alt=\"Gedim\u0173 ir trik\u010di\u0173 \u0161alinimo paveiksl\u0117lis\" \/><\/p>\n<h2>\u012emon\u0117s ap\u017evalga<\/h2>\n<p>Esame pakaitini\u0173 hidraulini\u0173 cilindr\u0173 gamintojas, si\u016blantis plat\u0173 gamini\u0173 asortiment\u0105. Tapome vienu i\u0161 pirmaujan\u010di\u0173 hidraulini\u0173 cilindr\u0173 gamintoj\u0173 ir didmenini\u0173 platintoj\u0173 vidaus ir tarptautin\u0117se rinkose. Orientuodamiesi \u012f puiki\u0105 kokyb\u0119, savo patobulintose gamybos dirbtuv\u0117se taikome pramonin\u0117s gamybos valdymo strategijas. M\u016bs\u0173 \u012fmon\u0117 nuolat tobulina gamybos platform\u0105, gerina gamini\u0173 kokyb\u0117s gamybos proces\u0105 ir pasi\u017eymi didel\u0117mis inovacin\u0117mis galimyb\u0117mis. \u012evairius klient\u0173 poreikius tenkiname vadovaudamiesi didelio efektyvumo, didelio tikslumo ir auk\u0161tos kokyb\u0117s principais.<\/p>\n<p><img decoding=\"async\" src=\"https:\/\/www.hydraulic-cylinders.net\/wp-content\/uploads\/2025\/01\/songte-company-3.webp\" alt=\"\u012emon\u0117s ap\u017evalgos paveiksl\u0117lis\" \/><\/p>\n<p>M\u016bs\u0173 \u012fmon\u0117 i\u0161siskiria profesionalumu, tarptautiniais sertifikatais, individuali\u0173 klient\u0173 aptarnavimu, gamybos \u012franga ir garantiniu aptarnavimu.<\/p>\n<p>Autorius: lyl<\/p>\n<p><\/body><br \/>\n<\/html><\/p>","protected":false},"excerpt":{"rendered":"<p>Bucket Cylinder For Komatsu Large Excavator PC850SE-8 Bucket Cylinder For Komatsu Large Excavator PC850SE-8 Introduction The bucket cylinder is a specially designed hydraulic cylinder used for controlling the movement of the bucket in heavy machinery such as excavators, backhoe loaders, and front-end loaders. Its main function is to enable the bucket to perform lifting, lowering, [&hellip;]<\/p>","protected":false},"featured_media":14787,"comment_status":"open","ping_status":"closed","template":"","meta":{"_et_pb_use_builder":"","_et_pb_old_content":"","_et_gb_content_width":""},"product_brand":[],"product_cat":[1494],"product_tag":[1495,1496],"class_list":{"0":"post-15149","1":"product","2":"type-product","3":"status-publish","4":"has-post-thumbnail","6":"product_cat-bucket-cylinders","7":"product_tag-bucket-cylinders","8":"product_tag-hydraulic-cylinders","10":"first","11":"instock","12":"shipping-taxable","13":"product-type-simple"},"amp_enabled":true,"_links":{"self":[{"href":"https:\/\/www.hydraulic-cylinders.net\/lt\/wp-json\/wp\/v2\/product\/15149","targetHints":{"allow":["GET"]}}],"collection":[{"href":"https:\/\/www.hydraulic-cylinders.net\/lt\/wp-json\/wp\/v2\/product"}],"about":[{"href":"https:\/\/www.hydraulic-cylinders.net\/lt\/wp-json\/wp\/v2\/types\/product"}],"replies":[{"embeddable":true,"href":"https:\/\/www.hydraulic-cylinders.net\/lt\/wp-json\/wp\/v2\/comments?post=15149"}],"wp:featuredmedia":[{"embeddable":true,"href":"https:\/\/www.hydraulic-cylinders.net\/lt\/wp-json\/wp\/v2\/media\/14787"}],"wp:attachment":[{"href":"https:\/\/www.hydraulic-cylinders.net\/lt\/wp-json\/wp\/v2\/media?parent=15149"}],"wp:term":[{"taxonomy":"product_brand","embeddable":true,"href":"https:\/\/www.hydraulic-cylinders.net\/lt\/wp-json\/wp\/v2\/product_brand?post=15149"},{"taxonomy":"product_cat","embeddable":true,"href":"https:\/\/www.hydraulic-cylinders.net\/lt\/wp-json\/wp\/v2\/product_cat?post=15149"},{"taxonomy":"product_tag","embeddable":true,"href":"https:\/\/www.hydraulic-cylinders.net\/lt\/wp-json\/wp\/v2\/product_tag?post=15149"}],"curies":[{"name":"wp","href":"https:\/\/api.w.org\/{rel}","templated":true}]}}