{"id":15153,"date":"2025-01-19T14:10:20","date_gmt":"2025-01-19T14:10:20","guid":{"rendered":"https:\/\/www.hydraulic-cylinders.net\/product\/bucket-cylinder-for-komatsu-large-excavator-pc1250-7\/"},"modified":"2025-01-19T14:10:22","modified_gmt":"2025-01-19T14:10:22","slug":"bucket-cylinder-for-komatsu-large-excavator-pc1250-7","status":"publish","type":"product","link":"https:\/\/www.hydraulic-cylinders.net\/lt\/produktas\/bucket-cylinder-for-komatsu-large-excavator-pc1250-7\/","title":{"rendered":"Kau\u0161o cilindras Komatsu dideliam ekskavatoriui PC1250-7"},"content":{"rendered":"<h2>Kau\u0161o cilindras Komatsu dideliam ekskavatoriui PC1250-7<\/h2>\n<p>\u201eKomatsu\u201c didelio ekskavatoriaus PC1250-7 kau\u0161o cilindras yra specializuotas hidraulinis cilindras, skirtas valdyti kau\u0161o jud\u0117jim\u0105 sunkiojoje technikoje, tokioje kaip ekskavatoriai, ekskavatoriniai krautuvai ir frontaliniai krautuvai. Jo pagrindin\u0117 funkcija \u2013 leisti pakelti, nuleisti ir pakreipti kau\u0161\u0105, kad b\u016bt\u0173 lengviau atlikti \u012fvairias med\u017eiag\u0173 tvarkymo u\u017eduotis. Hidraulin\u0117je sistemoje kau\u0161o cilindras tiksliai valdo kau\u0161\u0105, naudodamas hidraulin\u0117s alyvos sl\u0117gio poky\u010dius, tod\u0117l operatoriai gali efektyviai valdyti sunkius krovinius ir prisitaikyti prie sud\u0117tingos darbo aplinkos bei \u012fvairi\u0173 darbo reikalavim\u0173.<\/p>\n<p><img decoding=\"async\" src=\"https:\/\/www.hydraulic-cylinders.net\/wp-content\/uploads\/2025\/01\/songte-company-2.webp\" alt=\"Kau\u0161o cilindro vaizdas\"><\/p>\n<h3>Komatsu didelio ekskavatoriaus PC1250-7 kau\u0161o cilindro savyb\u0117s:<\/h3>\n<ol>\n<li>Didelis tvirtumas ir ilgaam\u017ei\u0161kumas: Pagamintas i\u0161 didelio stiprumo plieno arba aliuminio, jis gali atlaikyti didel\u012f sl\u0117g\u012f ir dideles apkrovas, prisitaikydamas prie at\u0161iauri\u0173 darbo s\u0105lyg\u0173. Projektuojant atsi\u017evelgiama \u012f atsparum\u0105 dilimui ir korozijai, siekiant pailginti jo tarnavimo laik\u0105.<\/li>\n<li>Efektyvus hidraulinis veikimas: Naudodamas hidraulin\u0117s alyvos sl\u0117g\u012f, jis u\u017etikrina skland\u017eius i\u0161pl\u0117timo ir atitraukimo judesius, u\u017etikrindamas galingas st\u016bmimo ir traukimo j\u0117gas, tinkamas sunkiems kroviniams ir sud\u0117tingoms u\u017eduotims atlikti.<\/li>\n<li>\u012evair\u016bs tipai: Galima \u012fsigyti su vienpusio veikimo (hidraulinis, naudojamas tik viena kryptimi) arba dvipusio veikimo (hidraulinis, naudojamas abiem kryptimis) cilindrais, kad atitikt\u0173 skirtingus eksploatacinius poreikius. Kai kurie modeliai yra teleskopiniai, tod\u0117l juos galima labiau i\u0161tiesti nedidinant i\u0161orini\u0173 matmen\u0173, tod\u0117l jie idealiai tinka ribotoms erdv\u0117ms.<\/li>\n<li>Puikus pakeitimas: m\u016bs\u0173 gaminys gali puikiai pakeisti \u0161iuos hidraulinius cilindrus, u\u017etikrindamas suderinamum\u0105 ir na\u0161um\u0105.<\/li>\n<\/ol>\n<p><img decoding=\"async\" src=\"https:\/\/www.hydraulic-cylinders.net\/wp-content\/uploads\/2025\/01\/songte-cylinder-head-with-all-kinds-excavator-models.webp\" alt=\"Pakeitimo cilindro vaizdas\"><\/p>\n<h3>Komatsu didelio ekskavatoriaus PC1250-7 kau\u0161o cilindro pritaikymas:<\/h3>\n<p>1. Statybin\u0117 \u012franga:<\/p>\n<ul>\n<li>Ekskavatoriai: gyvybi\u0161kai svarb\u016bs kasant, pakraunant ir perkeliant dirvo\u017eem\u012f ar \u0161iuk\u0161les.<\/li>\n<li>Ekskavatoriniai krautuvai: padeda atlikti tiek kasimo, tiek k\u0117limo veiksmus.<\/li>\n<\/ul>\n<p>2. \u017dem\u0117s \u016bkio technika:<\/p>\n<ul>\n<li>Priekiniai krautuvai: Naudojami dirvo\u017eemiui, \u0161ienui ir kitoms med\u017eiagoms semti, kelti ir transportuoti.<\/li>\n<\/ul>\n<p>3. Ekskavatoriai:<\/p>\n<ul>\n<li>Kau\u0161o cilindras leid\u017eia kau\u0161ui \u012fsiskverbti \u012f dirv\u0105, taip \u012fgalinant kasimo veiksmus.<\/li>\n<\/ul>\n<p>4. Priekiniai krautuvai:<\/p>\n<ul>\n<li>Priekiniuose krautuvuose jie padeda efektyviai pakelti ir i\u0161krauti prekes.<\/li>\n<\/ul>\n<p><img decoding=\"async\" src=\"https:\/\/www.hydraulic-cylinders.net\/wp-content\/uploads\/2025\/01\/songte-oil-pipes-and-spare-parts.webp\" alt=\"Naudojamas hidraulinis cilindras\"><\/p>\n<h3>Projektavimo aspektai ir atrankos kriterijai:<\/h3>\n<ol>\n<li>Geb\u0117jimas i\u0161laikyti: Cilindras yra suprojektuotas taip, kad atlaikyt\u0173 numatyt\u0105 apkrov\u0105.<\/li>\n<li>Sandarinimas: Naudojami \u012fvair\u016bs sandarikliai, tokie kaip st\u016bmokli\u0173 ir kot\u0173 sandarikliai, pagaminti i\u0161 atspari\u0173 dilimui med\u017eiag\u0173, toki\u0173 kaip poliuretanas ir nitrilo kau\u010diukas. Cilindro korpusas ir srieginis galas yra kruop\u0161\u010diai apdirbti, siekiant padidinti atsparum\u0105 dilimui.<\/li>\n<li>Patvarumas: konstrukcija u\u017etikrina ilgalaik\u012f veikim\u0105 sud\u0117tingomis s\u0105lygomis.<\/li>\n<li>Sauga: Cilindro konstrukcijoje yra saugos funkcijos, skirtos i\u0161vengti nelaiming\u0173 atsitikim\u0173 eksploatacijos metu.<\/li>\n<li>Prie\u017ei\u016bra: Lengva prie\u017ei\u016bra ir remontas, rekomenduojamos patikros ir keitimo proced\u016bros.<\/li>\n<\/ol>\n<p><img decoding=\"async\" src=\"https:\/\/www.hydraulic-cylinders.net\/wp-content\/uploads\/2025\/01\/songte-chushion-collar.webp\" alt=\"Pagalv\u0117l\u0117s apykakl\u0117s vaizdas\"><\/p>\n<h3>Cilindro sandarinimas ir tepimas:<\/h3>\n<p>Cilindre naudojami \u012fvair\u016bs sandarikliai, tokie kaip st\u016bmoklio ir koto sandarikliai, parinkti i\u0161 toki\u0173 med\u017eiag\u0173 kaip poliuretanas ir nitrilo kau\u010diukas, atsi\u017evelgiant \u012f j\u0173 atsparum\u0105 dilimui. Cilindro korpusas ir srieginis galas yra kruop\u0161\u010diai apdorojami, kad b\u016bt\u0173 padidintas atsparumas dilimui. B\u016btina reguliariai tepti tinkamu kiekiu hidraulin\u0117s alyvos.<\/p>\n<h3>Reguliarios patikros ir prevencin\u0117s prie\u017ei\u016bros priemon\u0117s:<\/h3>\n<ol>\n<li>Reguliariai tikrinkite cilindr\u0105, ar n\u0117ra pa\u017eeidim\u0173 ar nuot\u0117ki\u0173.<\/li>\n<li>U\u017etikrinkite tinkam\u0105 sutepim\u0105 ir prireikus pakeiskite sandariklius.<\/li>\n<li>Atlikite kalibravimo patikrinimus, kad i\u0161laikytum\u0117te optimal\u0173 na\u0161um\u0105.<\/li>\n<\/ol>\n<h3>Tinkamo diegimo vadovas:<\/h3>\n<p>1. Montavimo metu teisingai sulygiuokite cilindr\u0105.<\/p>\n<p>2. Cilindrui pritvirtinti naudokite tinkamus tvirtinimo laikiklius.<\/p>\n<h3>\u012eprastos prie\u017ei\u016bros u\u017eduotys:<\/h3>\n<p>1. Reguliarus patikrinimas: reguliariai tikrinkite cilindr\u0105, ar n\u0117ra susid\u0117v\u0117jimo ar pa\u017eeidim\u0173 po\u017eymi\u0173.<\/p>\n<p>2. Tinkamas tepimas: u\u017etikrinkite tinkam\u0105 tepim\u0105, kad veikimas b\u016bt\u0173 sklandus.<\/p>\n<p>3. Tarpikli\u0173 keitimas: Pakeiskite tarpiklius, kai atsiranda susid\u0117v\u0117jimo ar nuot\u0117kio po\u017eymi\u0173.<\/p>\n<p>Svarbu teisingai sumontuoti, sutepti ir sureguliuoti kau\u0161o cilindr\u0105. Pateikiamos rekomendacijos d\u0117l cilindro lygiavimo montavimo metu, rekomenduojama naudoti tinkamus montavimo laikiklius cilindrui pritvirtinti ir si\u016blomos tinkamos patikros, remonto ir keitimo proced\u016bros, siekiant pailginti cilindro tarnavimo laik\u0105.<\/p>\n<p><img decoding=\"async\" src=\"https:\/\/www.hydraulic-cylinders.net\/wp-content\/uploads\/2025\/01\/songte-bushings-with-all-kinds-of-excavator-models.webp\" alt=\"\u012evori\u0173 vaizdas\"><\/p>\n<h3>Saugos aspektai ir aplinkos veiksniai:<\/h3>\n<p>Naudojant kau\u0161o cilindr\u0105, svarbu laikytis saugos priemoni\u0173, kad b\u016bt\u0173 i\u0161vengta nelaiming\u0173 atsitikim\u0173 ir suma\u017eintas poveikis aplinkai.<\/p>\n<h3>Gedim\u0173 diagnostika ir da\u017eniausios problemos:<\/h3>\n<p>1. Gedim\u0173 diagnostika: Pateikite trik\u010di\u0173 \u0161alinimo patarimus ir sprendimus da\u017eniausiai pasitaikan\u010dioms problemoms.<\/p>\n<p>2. Prevencin\u0117s priemon\u0117s: si\u016blykite prevencines priemones, skirtas suma\u017einti galimas problemas.<\/p>\n<p><img decoding=\"async\" src=\"https:\/\/www.hydraulic-cylinders.net\/wp-content\/uploads\/2025\/01\/songte-company-1.webp\" alt=\"\u201eSongte\u201c \u012fmon\u0117s \u012fvaizdis\"><\/p>\n<p>Nepamir\u0161kite straipsn\u012f strukt\u016brizuoti logi\u0161kai, naudoti paantra\u0161tes lengvam nar\u0161ymui, \u012ftraukti atitinkam\u0173 vaizd\u0173 ar diagram\u0173, kad b\u016bt\u0173 lengviau suprasti, ir u\u017etikrinti, kad turinys b\u016bt\u0173 ai\u0161kus, glaustas ir tinkamas skaitytojams, turintiems skirting\u0105 technini\u0173 \u017eini\u0173 lyg\u012f.<\/p>\n<h2>Apie m\u016bs\u0173 \u012fmon\u0119<\/h2>\n<p>Esame pakaitini\u0173 hidraulini\u0173 cilindr\u0173 gamintojas ir vienas i\u0161 pirmaujan\u010di\u0173 hidraulini\u0173 cilindr\u0173 gamintoj\u0173 bei didmenini\u0173 platintoj\u0173 vidaus ir tarptautin\u0117se rinkose. Vadovaujam\u0117s puikios kokyb\u0117s principais, remdamiesi i\u0161tobulinto gamybos cecho pramonin\u0117s gamybos valdymo strategija. M\u016bs\u0173 \u012fmon\u0117 nuolat tobulina gamybos platform\u0105, tobulina gamini\u0173 kokyb\u0117s gamybos proces\u0105 ir pasi\u017eymi stipriomis k\u016brybin\u0117mis galimyb\u0117mis. Siekiame patenkinti \u012fvairius klient\u0173 poreikius, vadovaudamiesi didelio efektyvumo, didelio tikslumo ir auk\u0161tos kokyb\u0117s principais.<\/p>\n<p><img decoding=\"async\" src=\"https:\/\/www.hydraulic-cylinders.net\/wp-content\/uploads\/2025\/01\/songte-company-3.webp\" alt=\"\u201eSongte\u201c \u012fmon\u0117s \u012fvaizdis\"><\/p>\n<p>Nuo profesionalumo, tarptautini\u0173 sertifikat\u0173, individualiai pritaikyt\u0173 paslaug\u0173, gamybos \u012frangos iki garantinio aptarnavimo \u2013 mes teikiame i\u0161sami\u0105 informacij\u0105 apie m\u016bs\u0173 \u012fmon\u0119.<\/p>\n<p>Autorius: lyl<\/p>","protected":false},"excerpt":{"rendered":"<p>Bucket Cylinder For Komatsu Large Excavator PC1250-7 Bucket Cylinder for Komatsu Large Excavator PC1250-7 is a specialized hydraulic cylinder designed to control the movement of the bucket in heavy machinery such as excavators, backhoe loaders, and front loaders. Its main function is to enable the lifting, lowering, and tilting of the bucket, making it easier [&hellip;]<\/p>","protected":false},"featured_media":14780,"comment_status":"open","ping_status":"closed","template":"","meta":{"_et_pb_use_builder":"","_et_pb_old_content":"","_et_gb_content_width":""},"product_brand":[],"product_cat":[1494],"product_tag":[1495,1496],"class_list":{"0":"post-15153","1":"product","2":"type-product","3":"status-publish","4":"has-post-thumbnail","6":"product_cat-bucket-cylinders","7":"product_tag-bucket-cylinders","8":"product_tag-hydraulic-cylinders","10":"first","11":"instock","12":"shipping-taxable","13":"product-type-simple"},"amp_enabled":true,"_links":{"self":[{"href":"https:\/\/www.hydraulic-cylinders.net\/lt\/wp-json\/wp\/v2\/product\/15153","targetHints":{"allow":["GET"]}}],"collection":[{"href":"https:\/\/www.hydraulic-cylinders.net\/lt\/wp-json\/wp\/v2\/product"}],"about":[{"href":"https:\/\/www.hydraulic-cylinders.net\/lt\/wp-json\/wp\/v2\/types\/product"}],"replies":[{"embeddable":true,"href":"https:\/\/www.hydraulic-cylinders.net\/lt\/wp-json\/wp\/v2\/comments?post=15153"}],"wp:featuredmedia":[{"embeddable":true,"href":"https:\/\/www.hydraulic-cylinders.net\/lt\/wp-json\/wp\/v2\/media\/14780"}],"wp:attachment":[{"href":"https:\/\/www.hydraulic-cylinders.net\/lt\/wp-json\/wp\/v2\/media?parent=15153"}],"wp:term":[{"taxonomy":"product_brand","embeddable":true,"href":"https:\/\/www.hydraulic-cylinders.net\/lt\/wp-json\/wp\/v2\/product_brand?post=15153"},{"taxonomy":"product_cat","embeddable":true,"href":"https:\/\/www.hydraulic-cylinders.net\/lt\/wp-json\/wp\/v2\/product_cat?post=15153"},{"taxonomy":"product_tag","embeddable":true,"href":"https:\/\/www.hydraulic-cylinders.net\/lt\/wp-json\/wp\/v2\/product_tag?post=15153"}],"curies":[{"name":"wp","href":"https:\/\/api.w.org\/{rel}","templated":true}]}}