{"id":15167,"date":"2025-01-19T14:11:23","date_gmt":"2025-01-19T14:11:23","guid":{"rendered":"https:\/\/www.hydraulic-cylinders.net\/product\/bucket-cylinder-for-sumitomo-small-excavator-sh75-75x-3b\/"},"modified":"2025-01-19T14:11:25","modified_gmt":"2025-01-19T14:11:25","slug":"bucket-cylinder-for-sumitomo-small-excavator-sh75-75x-3b","status":"publish","type":"product","link":"https:\/\/www.hydraulic-cylinders.net\/lt\/produktas\/bucket-cylinder-for-sumitomo-small-excavator-sh75-75x-3b\/","title":{"rendered":"Kau\u0161o cilindras Sumitomo ma\u017eam ekskavatoriui SH75\/75X-3B"},"content":{"rendered":"<p><!DOCTYPE html><br \/>\n<html><br \/>\n<head><br \/>\n<title>Kau\u0161o cilindras Sumitomo ma\u017eam ekskavatoriui SH75\/75X-3B<\/title><br \/>\n<\/head><br \/>\n<body><\/p>\n<h1>Kau\u0161o cilindras Sumitomo ma\u017eam ekskavatoriui SH75\/75X-3B<\/h1>\n<h2>\u012evadas<\/h2>\n<p>Kau\u0161o cilindras yra specialiai sukurtas hidraulinis cilindras, naudojamas valdyti kau\u0161o jud\u0117jim\u0105 sunkiosiose ma\u0161inose, tokiose kaip ekskavatoriai, ekskavatoriniai krautuvai ir frontaliniai krautuvai. Pagrindin\u0117 jo funkcija \u2013 leisti kau\u0161ui pakilti, nuleisti ir pakreipti, taip palengvinant \u012fvairias med\u017eiag\u0173 tvarkymo u\u017eduotis. Hidraulin\u0117je sistemoje kau\u0161o cilindras tiksliai valdo kau\u0161\u0105 keisdamas hidraulin\u0117s alyvos sl\u0117g\u012f, tod\u0117l operatoriai gali efektyviai valdyti sunkius krovinius ir prisitaikyti prie sud\u0117tingos darbo aplinkos bei \u012fvairi\u0173 eksploatacini\u0173 poreiki\u0173.<\/p>\n<p><img decoding=\"async\" src=\"https:\/\/www.hydraulic-cylinders.net\/wp-content\/uploads\/2025\/01\/songte-company-2.webp\" alt=\"Kau\u0161o cilindro vaizdas\"><\/p>\n<h2>Savyb\u0117s<\/h2>\n<ul>\n<li>Didelis tvirtumas ir ilgaam\u017ei\u0161kumas: Paprastai i\u0161 didelio stiprumo plieno arba aliuminio pagamintas kau\u0161o cilindras gali atlaikyti didel\u012f sl\u0117g\u012f ir dideles apkrovas, prisitaikydamas prie at\u0161iauri\u0173 darbo s\u0105lyg\u0173. Jo konstrukcija atsi\u017evelgia \u012f atsparum\u0105 dilimui ir korozijai, tod\u0117l pailg\u0117ja jo tarnavimo laikas.<\/li>\n<li>Efektyvus hidraulinis valdymas: Naudodamas hidraulin\u0117s alyvos sl\u0117g\u012f, kau\u0161o cilindras u\u017etikrina skland\u0173 i\u0161pl\u0117tim\u0105 ir \u012ftraukim\u0105, u\u017etikrindamas galingas st\u016bmimo ir traukimo j\u0117gas, tinkamas sunkiems kroviniams kelti ir sud\u0117tingoms eksploatavimo u\u017eduotims atlikti.<\/li>\n<li>\u012evair\u016bs tipai: Cilindr\u0105 galima pasirinkti kaip vienpusio veikimo (hidraulinis, naudojamas tik viena kryptimi) arba dvipusio veikimo (hidraulinis, naudojamas abiem kryptimis), atsi\u017evelgiant \u012f poreikius, kai kurie modeliai yra teleskopiniai, tod\u0117l galima labiau i\u0161tiesti nedidinant i\u0161orini\u0173 matmen\u0173, tod\u0117l tinka naudoti ribotoje erdv\u0117je.<\/li>\n<li>Puikus hidraulini\u0173 cilindr\u0173 pakaitalas: m\u016bs\u0173 gaminys gali puikiai pakeisti esamus hidraulinius cilindrus, pagerindamas na\u0161um\u0105 ir suderinamum\u0105.<\/li>\n<\/ul>\n<p><img decoding=\"async\" src=\"https:\/\/www.hydraulic-cylinders.net\/wp-content\/uploads\/2025\/01\/songte-cylinder-head-with-all-kinds-excavator-models.webp\" alt=\"Produkto vaizdas\"><\/p>\n<h2>Parai\u0161kos<\/h2>\n<ul>\n<li>Statybin\u0117 \u012franga: ji randama ekskavatoriuose ir yra b\u016btina kasant, kraunant ir perkeliant grunt\u0105 ar \u0161iuk\u0161les. Ekskavatoriuose kau\u0161o cilindras padeda tiek kasant, tiek keliant.<\/li>\n<li>\u017dem\u0117s \u016bkio technika: naudojama priekiniuose krautuvuose, jie padeda semti, kelti ir transportuoti dirvo\u017eem\u012f, \u0161ien\u0105 ir kitas med\u017eiagas.<\/li>\n<li>Ekskavatoriai: Kau\u0161o cilindras leid\u017eia atlikti kasimo veiksmus, leisdamas kau\u0161ui \u012fsiskverbti \u012f dirv\u0105.<\/li>\n<li>Krautuvai: Priekiniuose krautuvuose jie padeda efektyviai kelti ir i\u0161krauti prekes.<\/li>\n<\/ul>\n<h2>Projektavimo aspektai ir atrankos kriterijai<\/h2>\n<ul>\n<li>Apkrovos paj\u0117gumas: Cilindro konstrukcijoje atsi\u017evelgiama \u012f geb\u0117jim\u0105 atlaikyti dideles apkrovas ir i\u0161laikyti konstrukcijos vientisum\u0105.<\/li>\n<li>Sandarinimas: Naudojami \u012fvair\u016bs sandarinimo komponentai, tokie kaip st\u016bmokli\u0173 ir kot\u0173 sandarikliai, pagaminti i\u0161 atspari\u0173 dilimui med\u017eiag\u0173, toki\u0173 kaip poliuretanas ir nitrilo kau\u010diukas. Cilindro korpusas ir srieginiai pavir\u0161iai kruop\u0161\u010diai apdorojami, siekiant padidinti atsparum\u0105 dilimui.<\/li>\n<li>Patvarumas: konstrukcija u\u017etikrina cilindro geb\u0117jim\u0105 atlaikyti nuolatin\u012f naudojim\u0105, aplinkos veiksnius ir galimus sm\u016bgius.<\/li>\n<li>Sauga: Siekiant i\u0161vengti nelaiming\u0173 atsitikim\u0173 ir u\u017etikrinti operatoriaus saug\u0105, \u012frengtos tokios saugos funkcijos kaip sl\u0117gio ma\u017einimo vo\u017etuvai ir apsauginiai dang\u010diai.<\/li>\n<li>Prie\u017ei\u016bra: Cilindro konstrukcija leid\u017eia lengvai pri\u017ei\u016br\u0117ti ir remontuoti, turint tinkamus prieigos ta\u0161kus ir instrukcijas.<\/li>\n<\/ul>\n<p><img decoding=\"async\" src=\"https:\/\/www.hydraulic-cylinders.net\/wp-content\/uploads\/2025\/01\/songte-oil-pipes-and-spare-parts.webp\" alt=\"Produkto komponentai\"><\/p>\n<h2>Sandarinimas ir tepimas<\/h2>\n<p>Kau\u0161o cilindre naudojami \u012fvair\u016bs sandarinimo komponentai, tokie kaip st\u016bmokli\u0173 ir kot\u0173 sandarikliai, pagaminti i\u0161 atspari\u0173 dilimui med\u017eiag\u0173, toki\u0173 kaip poliuretanas ir nitrilo kau\u010diukas. Cilindro korpusas ir srieginiai galiniai pavir\u0161iai yra kruop\u0161\u010diai apdorojami, siekiant padidinti atsparum\u0105 dilimui. Norint u\u017etikrinti optimal\u0173 veikim\u0105, reikia reguliariai tepti. Tepimui reikia periodi\u0161kai \u012fpilti pakankamai hidraulin\u0117s alyvos.<\/p>\n<h2>Prie\u017ei\u016bra ir prevencin\u0117s priemon\u0117s<\/h2>\n<ul>\n<li>Reguliar\u016bs patikrinimai: periodi\u0161kai ap\u017ei\u016br\u0117kite cilindr\u0105, ar n\u0117ra susid\u0117v\u0117jimo, pa\u017eeidim\u0173 ar nuot\u0117ki\u0173 po\u017eymi\u0173.<\/li>\n<li>Tinkamas tepimas: laikykit\u0117s rekomenduojamo tepimo grafiko, kad u\u017etikrintum\u0117te skland\u0173 veikim\u0105.<\/li>\n<li>Tarpikli\u0173 keitimas: Jei kurie nors tarpikliai yra susid\u0117v\u0117j\u0119 arba pa\u017eeisti, nedelsdami juos pakeiskite, kad i\u0161vengtum\u0117te nuot\u0117kio ir i\u0161laikytum\u0117te sandarinimo efektyvum\u0105.<\/li>\n<li>Kalibravimo patikrinimai: reguliariai tikrinkite ir kalibruokite cilindr\u0105, kad u\u017etikrintum\u0117te tiksl\u0173 ir precizi\u0161k\u0105 veikim\u0105.<\/li>\n<\/ul>\n<p><img decoding=\"async\" src=\"https:\/\/www.hydraulic-cylinders.net\/wp-content\/uploads\/2025\/01\/songte-chushion-collar.webp\" alt=\"Diegimo vaizdas\"><\/p>\n<h2>Produkto saugos aspektai ir aplinkos veiksniai<\/h2>\n<p>Naudojant kau\u0161o cilindr\u0105, svarbu laikytis saugos priemoni\u0173, kad b\u016bt\u0173 i\u0161vengta nelaiming\u0173 atsitikim\u0173 ir u\u017etikrinta operatoriaus gerov\u0117. Cilindro konstrukcijoje atsi\u017evelgiama \u012f saugos standartus ir reglamentus, siekiant suma\u017einti rizik\u0105. Be to, reik\u0117t\u0173 atsi\u017evelgti \u012f aplinkos veiksnius, tokius kaip skys\u010di\u0173 nuot\u0117kis ir tinkamas atliek\u0173 \u0161alinimas.<\/p>\n<h2>Trik\u010di\u0173 \u0161alinimas ir da\u017eniausiai pasitaikan\u010dios problemos<\/h2>\n<p>Da\u017eniausios kau\u0161o cilindro problemos yra nuot\u0117kiai, nepakankama galia ir nenormal\u016bs judesiai. Norint pa\u0161alinti \u0161ias problemas, rekomenduojama patikrinti, ar n\u0117ra nuot\u0117ki\u0173, u\u017etikrinti tinkam\u0105 hidraulinio skys\u010dio lyg\u012f ir ap\u017ei\u016br\u0117ti sistem\u0105, ar n\u0117ra gedim\u0173. Tinkamos prevencin\u0117s priemon\u0117s, tokios kaip reguliari prie\u017ei\u016bra ir savalaikis remontas, gali pad\u0117ti suma\u017einti galimas problemas.<\/p>\n<p><img decoding=\"async\" src=\"https:\/\/www.hydraulic-cylinders.net\/wp-content\/uploads\/2025\/01\/songte-bushings-with-all-kinds-of-excavator-models.webp\" alt=\"Vaizdo trik\u010di\u0173 \u0161alinimas\"><\/p>\n<h2>Apie m\u016bs\u0173 \u012fmon\u0119<\/h2>\n<p>Esame pakaitini\u0173 hidraulini\u0173 cilindr\u0173 gamintojas, si\u016blantis plat\u0173 gamini\u0173 asortiment\u0105. Tapome vienu i\u0161 pirmaujan\u010di\u0173 hidraulini\u0173 cilindr\u0173 gamintoj\u0173 ir didmeninink\u0173 vidaus ir tarptautin\u0117se rinkose. \u012esipareigoj\u0119 siekti meistri\u0161kumo ir industrializuotos gamybos valdymo strategijos, \u012fdiegtos m\u016bs\u0173 moderniose gamybos dirbtuv\u0117se, nuolat tobuliname savo gamybos platform\u0105, tobuliname gamini\u0173 kokyb\u0117s gamybos linij\u0105 ir turime stipri\u0173 inovacij\u0173 paj\u0117gum\u0173. Siekiame patenkinti \u012fvairius klient\u0173 poreikius, taikydami auk\u0161t\u0105 efektyvum\u0105, tikslum\u0105 ir kokyb\u0117s principus.<\/p>\n<p><img decoding=\"async\" src=\"https:\/\/www.hydraulic-cylinders.net\/wp-content\/uploads\/2025\/01\/songte-company-3.webp\" alt=\"\u012emon\u0117s \u012fvaizdis\"><\/p>\n<h3>Kod\u0117l verta rinktis mus?<\/h3>\n<ul>\n<li>Kompetencija: Turime specialist\u0173 komand\u0105, turin\u010di\u0105 didel\u0119 patirt\u012f ir \u017einias hidraulini\u0173 cilindr\u0173 gamyboje.<\/li>\n<li>Tarptautiniai sertifikatai: M\u016bs\u0173 gaminiai atitinka tarptautinius kokyb\u0117s ir saugos standartus, u\u017etikrinan\u010dius patikimum\u0105 ir na\u0161um\u0105.<\/li>\n<li>Individualaus pritaikymo paslaugos: Si\u016blome individualius sprendimus, pritaikytus konkretiems klient\u0173 reikalavimams.<\/li>\n<li>Pa\u017eangi gamybos \u012franga: Naudojame moderniausi\u0105 skaitmenin\u0119 gamybos \u012frang\u0105, kad gamyba b\u016bt\u0173 tiksli ir efektyvi.<\/li>\n<li>Aptarnavimas po pardavimo: M\u016bs\u0173 \u012fmon\u0117 teikia i\u0161sami\u0105 garantinio aptarnavimo paslaug\u0105, \u012fskaitant dali\u0173 keitim\u0105 ir remonto paslaugas, siekdama prailginti m\u016bs\u0173 gamini\u0173 tarnavimo laik\u0105.<\/li>\n<\/ul>\n<p>Autorius: lyl<\/p>\n<p><\/body><br \/>\n<\/html><\/p>","protected":false},"excerpt":{"rendered":"<p>Bucket Cylinder For Sumitomo Small Excavator SH75\/75X-3B Bucket Cylinder For Sumitomo Small Excavator SH75\/75X-3B Introduction A bucket cylinder is a specially designed hydraulic cylinder used to control the movement of the bucket in heavy machinery such as excavators, backhoe loaders, and front-end loaders. Its main function is to enable the bucket to lift, lower, and [&hellip;]<\/p>","protected":false},"featured_media":14782,"comment_status":"open","ping_status":"closed","template":"","meta":{"_et_pb_use_builder":"","_et_pb_old_content":"","_et_gb_content_width":""},"product_brand":[],"product_cat":[1494],"product_tag":[1495,1496],"class_list":{"0":"post-15167","1":"product","2":"type-product","3":"status-publish","4":"has-post-thumbnail","6":"product_cat-bucket-cylinders","7":"product_tag-bucket-cylinders","8":"product_tag-hydraulic-cylinders","10":"first","11":"instock","12":"shipping-taxable","13":"product-type-simple"},"amp_enabled":true,"_links":{"self":[{"href":"https:\/\/www.hydraulic-cylinders.net\/lt\/wp-json\/wp\/v2\/product\/15167","targetHints":{"allow":["GET"]}}],"collection":[{"href":"https:\/\/www.hydraulic-cylinders.net\/lt\/wp-json\/wp\/v2\/product"}],"about":[{"href":"https:\/\/www.hydraulic-cylinders.net\/lt\/wp-json\/wp\/v2\/types\/product"}],"replies":[{"embeddable":true,"href":"https:\/\/www.hydraulic-cylinders.net\/lt\/wp-json\/wp\/v2\/comments?post=15167"}],"wp:featuredmedia":[{"embeddable":true,"href":"https:\/\/www.hydraulic-cylinders.net\/lt\/wp-json\/wp\/v2\/media\/14782"}],"wp:attachment":[{"href":"https:\/\/www.hydraulic-cylinders.net\/lt\/wp-json\/wp\/v2\/media?parent=15167"}],"wp:term":[{"taxonomy":"product_brand","embeddable":true,"href":"https:\/\/www.hydraulic-cylinders.net\/lt\/wp-json\/wp\/v2\/product_brand?post=15167"},{"taxonomy":"product_cat","embeddable":true,"href":"https:\/\/www.hydraulic-cylinders.net\/lt\/wp-json\/wp\/v2\/product_cat?post=15167"},{"taxonomy":"product_tag","embeddable":true,"href":"https:\/\/www.hydraulic-cylinders.net\/lt\/wp-json\/wp\/v2\/product_tag?post=15167"}],"curies":[{"name":"wp","href":"https:\/\/api.w.org\/{rel}","templated":true}]}}