{"id":15168,"date":"2025-01-19T14:11:26","date_gmt":"2025-01-19T14:11:26","guid":{"rendered":"https:\/\/www.hydraulic-cylinders.net\/product\/bucket-cylinder-for-sumitomo-small-excavator-sh100a1a2a3\/"},"modified":"2025-01-19T14:11:28","modified_gmt":"2025-01-19T14:11:28","slug":"bucket-cylinder-for-sumitomo-small-excavator-sh100a1a2a3","status":"publish","type":"product","link":"https:\/\/www.hydraulic-cylinders.net\/lt\/produktas\/bucket-cylinder-for-sumitomo-small-excavator-sh100a1a2a3\/","title":{"rendered":"Kau\u0161o cilindras Sumitomo ma\u017eam ekskavatoriui SH100A1A2A3"},"content":{"rendered":"<h1>Kau\u0161o cilindras Sumitomo ma\u017eam ekskavatoriui SH100A1A2A3<\/h1>\n<h2>\u012evadas<\/h2>\n<p>Kau\u0161o cilindras, skirtas ma\u017eam \u201eSumitomo\u201c ekskavatoriui SH100A1A2A3, yra specializuotas hidraulinis cilindras, skirtas valdyti kau\u0161o jud\u0117jim\u0105 sunkiojoje technikoje, tokioje kaip ekskavatoriai, ekskavatoriniai krautuvai ir frontaliniai krautuvai. Jo pagrindin\u0117 funkcija \u2013 leisti kau\u0161ui pakilti, nuleisti ir pakreipti, kad b\u016bt\u0173 lengviau atlikti \u012fvairias med\u017eiag\u0173 tvarkymo u\u017eduotis. Kau\u0161o cilindras tiksliai valdo kau\u0161o jud\u0117jim\u0105 keisdamas hidraulin\u0117s alyvos sl\u0117g\u012f hidraulin\u0117je sistemoje, tod\u0117l operatoriai gali efektyviai tvarkyti sunkius objektus ir prisitaikyti prie sud\u0117tingos darbo aplinkos bei \u012fvairi\u0173 darbo reikalavim\u0173.<\/p>\n<p><img decoding=\"async\" src=\"https:\/\/www.hydraulic-cylinders.net\/wp-content\/uploads\/2025\/01\/songte-company-2.webp\"><\/p>\n<h2>Savyb\u0117s<\/h2>\n<ul>\n<li>Didelis tvirtumas ir ilgaam\u017ei\u0161kumas: Paprastai pagamintas i\u0161 didelio stiprumo plieno arba aliuminio, jis gali atlaikyti didel\u012f sl\u0117g\u012f ir dideles apkrovas, prisitaikyti prie at\u0161iauri\u0173 darbo s\u0105lyg\u0173 ir yra sukurtas atsi\u017evelgiant \u012f atsparum\u0105 dilimui ir korozijai, kad prailgint\u0173 jo tarnavimo laik\u0105.<\/li>\n<li>Efektyvus hidraulinis veikimas: Sklandus i\u0161pl\u0117timas ir susitraukimas pasiekiamas naudojant hidraulin\u0117s alyvos sl\u0117g\u012f. Jis gali greitai reaguoti \u012f valdymo komandas, u\u017etikrinti galingas st\u016bmimo ir traukimo j\u0117gas ir tinka sunkiems daiktams tvarkyti bei sud\u0117tingoms u\u017eduotims atlikti.<\/li>\n<li>Tip\u0173 \u012fvairov\u0117: atsi\u017evelgiant \u012f skirtingus eksploatacinius poreikius, galima pasirinkti vienpusio veikimo (hidrauliniai, naudojami tik viena kryptimi) arba dvipusio veikimo (hidrauliniai, naudojami abiem kryptimis) cilindrus. Kai kurie modeliai yra teleskopiniai, tod\u0117l juos galima labiau i\u0161tiesti nedidinant i\u0161orini\u0173 matmen\u0173, tod\u0117l jie tinka naudoti ribotoje erdv\u0117je.<\/li>\n<li>Lengva montuoti: M\u016bs\u0173 \u012fmon\u0117 gali gaminti \u0161\u012f gamin\u012f, o m\u016bs\u0173 gaminys gali puikiai pakeisti \u0161iuos hidraulinius cilindrus.<\/li>\n<\/ul>\n<p><img decoding=\"async\" src=\"https:\/\/www.hydraulic-cylinders.net\/wp-content\/uploads\/2025\/01\/songte-cylinder-head-with-all-kinds-excavator-models.webp\"><\/p>\n<h2>Parai\u0161kos<\/h2>\n<p>Kau\u0161o cilindras turi plat\u0173 pritaikymo spektr\u0105, pavyzd\u017eiui:<\/p>\n<ul>\n<li>Statybin\u0117 \u012franga: ekskavatoriuose ji yra labai svarbi kasant, kraunant ir perkeliant grunt\u0105 ar \u0161iuk\u0161les. Ekskavatoriuose kau\u0161o cilindras padeda tiek kasti, tiek kelti. <\/li>\n<li>\u017dem\u0117s \u016bkio technika: naudojama priekiniuose krautuvuose dirvo\u017eemiui, \u0161ienui ir kitoms med\u017eiagoms kasti, kelti ir transportuoti. <\/li>\n<li>Ekskavatoriai: Kau\u0161o cilindras kasa, leisdamas kau\u0161ui \u012fsiskverbti \u012f dirv\u0105.<\/li>\n<li>Krautuvai: Priekiniuose krautuvuose jie padeda efektyviai kelti ir pakreipti prekes.<\/li>\n<\/ul>\n<p>\u0160tai keletas pavyzd\u017ei\u0173, kaip kau\u0161o cilindras naudojamas skirtingose \u200b\u200bsrityse:<\/p>\n<h3>Statybin\u0117 \u012franga<\/h3>\n<p>Ekskavatoriuose jie yra labai svarb\u016bs kasant, kraunant ir perkeliant grunt\u0105 ar \u0161iuk\u0161les. Ekskavatoriuose krautuvuose kau\u0161o cilindras padeda tiek kasti, tiek kelti.<\/p>\n<h3>\u017dem\u0117s \u016bkio technika<\/h3>\n<p>Naudojamas priekiniuose krautuvuose dirvo\u017eemiui, \u0161ienui ir kitoms med\u017eiagoms semti, kelti ir transportuoti.<\/p>\n<h3>Ekskavatoriai<\/h3>\n<p>Kau\u0161o cilindras kasimo veiksm\u0105 atlieka leisdamas kau\u0161ui \u012fsiskverbti \u012f dirv\u0105.<\/p>\n<h3>Krautuvai<\/h3>\n<p>Priekiniuose krautuvuose jie padeda efektyviai kelti ir pakreipti prekes.<\/p>\n<h2>Projektavimo aspektai ir atrankos kriterijai<\/h2>\n<h3>Apkrovos paj\u0117gumas<\/h3>\n<p>Kau\u0161o cilindras skirtas atlaikyti dideles apkrovas ir auk\u0161t\u0105 sl\u0117g\u012f. Naudojamos med\u017eiagos, tokios kaip didelio stiprumo plienas arba aliuminis, parenkamos d\u0117l j\u0173 ilgaam\u017ei\u0161kumo, atsparumo dilimui ir korozijai. <\/p>\n<h3>Sandarumas ir ilgaam\u017ei\u0161kumas<\/h3>\n<p>\u012evair\u016bs sandarinimo komponentai, tokie kaip st\u016bmoklio ir koto sandarikliai, u\u017etikrina, kad hidraulinis skystis nei\u0161tek\u0117t\u0173 i\u0161 cilindro. Jie pagaminti i\u0161 atspari\u0173 dilimui med\u017eiag\u0173, toki\u0173 kaip poliuretanas ir nitrilo kau\u010diukas. Cilindro korpuso vidinis pavir\u0161ius ir srieginis galas yra tiksliai apdirbti, siekiant padidinti atsparum\u0105 dilimui. Norint i\u0161laikyti ilgaam\u017ei\u0161kum\u0105, b\u016btina reguliariai \u012fpilti tinkam\u0105 kiek\u012f hidraulin\u0117s alyvos tepimui.<\/p>\n<p><img decoding=\"async\" src=\"https:\/\/www.hydraulic-cylinders.net\/wp-content\/uploads\/2025\/01\/songte-oil-pipes-and-spare-parts.webp\"><\/p>\n<h2>Prie\u017ei\u016bra ir remontas<\/h2>\n<p>Norint u\u017etikrinti ilgalaik\u012f kau\u0161o cilindro veikim\u0105, b\u016btina reguliariai pri\u017ei\u016br\u0117ti ir imtis prevencini\u0173 priemoni\u0173. \u0160tai keletas svarbi\u0173 u\u017eduo\u010di\u0173:<\/p>\n<h3>\u012erengimas<\/h3>\n<p>Montuojant cilindr\u0105, labai svarbu j\u012f tinkamai sulygiuoti ir pritvirtinti tinkamais tvirtinimo elementais.<\/p>\n<h3>Prie\u017ei\u016bra<\/h3>\n<p>Reguliarios prie\u017ei\u016bros u\u017eduotys apima tinkam\u0105 tepim\u0105, sandarikli\u0173 tikrinim\u0105 d\u0117l susid\u0117v\u0117jimo ir nuot\u0117kio bei cilindro ap\u017ei\u016br\u0105 d\u0117l pa\u017eeidim\u0173 ar gedim\u0173 po\u017eymi\u0173.<\/p>\n<h3>Remontas<\/h3>\n<p>\u017dalos ar gedimo atveju gali tekti pakeisti tam tikrus cilindro komponentus arba j\u012f visi\u0161kai atnaujinti. M\u016bs\u0173 \u012fmon\u0117 si\u016blo atsargines dalis ir atnaujinimo paslaugas, kurios pad\u0117s prailginti cilindro tarnavimo laik\u0105 ir suma\u017einti prastovas.<\/p>\n<p><img decoding=\"async\" src=\"https:\/\/www.hydraulic-cylinders.net\/wp-content\/uploads\/2025\/01\/songte-chushion-collar.webp\"><\/p>\n<h2>Saugos aspektai ir aplinkos veiksniai<\/h2>\n<p>Naudojant kau\u0161o tipo cilindr\u0105, labai svarbu laikytis saugos priemoni\u0173. Norint u\u017etikrinti, kad operatoriai gal\u0117t\u0173 saugiai ir efektyviai naudoti cilindr\u0105, b\u016btinas tinkamas mokymas. Aplinkos veiksniai, tokie kaip temperat\u016bra ir dr\u0117gm\u0117, taip pat gali tur\u0117ti \u012ftakos cilindro veikimui ir ilgaam\u017ei\u0161kumui.<\/p>\n<h2>Da\u017enos problemos ir trik\u010di\u0173 \u0161alinimas<\/h2>\n<p>Kau\u0161o cilindras naudojimo metu gali susidurti su \u012fvairiomis problemomis, tokiomis kaip nuot\u0117kis, triuk\u0161mas ar l\u0117tas veikimas. Svarbu tiksliai ir efektyviai diagnozuoti \u0161ias problemas, kad b\u016bt\u0173 suma\u017eintas prastovos laikas. Reguliarus techninis aptarnavimas ir tinkamas montavimas taip pat yra svarbios prevencin\u0117s priemon\u0117s.<\/p>\n<p><img decoding=\"async\" src=\"https:\/\/www.hydraulic-cylinders.net\/wp-content\/uploads\/2025\/01\/songte-bushings-with-all-kinds-of-excavator-models.webp\"><\/p>\n<h2>Apie m\u016bs\u0173 \u012fmon\u0119<\/h2>\n<p>M\u016bs\u0173 \u012fmon\u0117 yra pirmaujanti hidraulini\u0173 cilindr\u0173 gamintoja ir didmenin\u0117s prekybos \u012fmon\u0117 vidaus ir tarptautin\u0117se rinkose. Esame \u012fsipareigoj\u0119 tiekti puikios kokyb\u0117s produktus ir, siekdami nuolat tobulinti savo gamybos platformas ir produkt\u0173 kokyb\u0119, pasitelkiame pramonin\u0117s gamybos valdymo strategijas, tokias kaip pa\u017eangi\u0173 technologij\u0173 ir profesionali\u0173 bandym\u0173 sistem\u0173 naudojimas. D\u0117l stipri\u0173 inovacij\u0173 ir k\u016brybi\u0161kumo galimybi\u0173 galime patenkinti \u012fvairius klient\u0173 poreikius, u\u017etikrindami auk\u0161t\u0105 efektyvum\u0105, tikslum\u0105 ir kokyb\u0119.<\/p>\n<h3>Profesionalumas<\/h3>\n<p>Turime patyrusi\u0173 specialist\u0173 komand\u0105, kuri yra pasiry\u017eusi pasi\u016blyti geriausius sprendimus, atitinkan\u010dius m\u016bs\u0173 klient\u0173 poreikius.<\/p>\n<h3>Tarptautinis sertifikavimas<\/h3>\n<p>M\u016bs\u0173 \u012fmon\u0117 yra i\u0161laikiusi \u012fvairius tarptautinius sertifikatus, tokius kaip ISO9001, CE ir SGS, u\u017etikrinant, kad m\u016bs\u0173 gamini\u0173 kokyb\u0117 atitinka tarptautinius standartus.<\/p>\n<h3>Pritaikymas<\/h3>\n<p>Mes teikiame individualiai pritaikytas paslaugas, kad patenkintume \u012fvairius m\u016bs\u0173 klient\u0173 poreikius, \u012fskaitant individual\u0173 dizain\u0105, gamyb\u0105 ir pakavim\u0105, taip pat individualiai pritaikytas garantinio aptarnavimo paslaugas.<\/p>\n<h3>Gamybos \u012franga<\/h3>\n<p>M\u016bs\u0173 \u012fmon\u0117 naudoja pa\u017eangi\u0105 gamybos \u012frang\u0105, toki\u0105 kaip CNC stakl\u0117s ir automatizuotos surinkimo linijos, siekdama u\u017etikrinti auk\u0161t\u0105 gamybos efektyvum\u0105 ir tikslum\u0105.<\/p>\n<h3>Aptarnavimas po pardavimo<\/h3>\n<p>Mes teikiame profesionalias garantinio aptarnavimo paslaugas, kad pad\u0117tume klientams i\u0161spr\u0119sti problemas, kylan\u010dias naudojantis m\u016bs\u0173 produktais, taip pat teikiame technin\u0119 pagalb\u0105 ir mokymo paslaugas, kad pad\u0117tume klientams tobulinti savo \u012fg\u016bd\u017eius ir \u017einias.<\/p>\n<p><img decoding=\"async\" src=\"https:\/\/www.hydraulic-cylinders.net\/wp-content\/uploads\/2025\/01\/songte-company-3.webp\"><\/p>\n<p>Autorius: lyl.<\/p>","protected":false},"excerpt":{"rendered":"<p>Bucket Cylinder For Sumitomo Small Excavator SH100A1A2A3 Introduction The bucket cylinder for Sumitomo small excavator SH100A1A2A3 is a specialized hydraulic cylinder designed to control the movement of the bucket in heavy machinery such as excavators, backhoe loaders, and front-end loaders. Its main function is to enable the bucket to lift, lower, and tilt, making it [&hellip;]<\/p>","protected":false},"featured_media":14780,"comment_status":"open","ping_status":"closed","template":"","meta":{"_et_pb_use_builder":"","_et_pb_old_content":"","_et_gb_content_width":""},"product_brand":[],"product_cat":[1494],"product_tag":[1495,1496],"class_list":{"0":"post-15168","1":"product","2":"type-product","3":"status-publish","4":"has-post-thumbnail","6":"product_cat-bucket-cylinders","7":"product_tag-bucket-cylinders","8":"product_tag-hydraulic-cylinders","10":"first","11":"instock","12":"shipping-taxable","13":"product-type-simple"},"amp_enabled":true,"_links":{"self":[{"href":"https:\/\/www.hydraulic-cylinders.net\/lt\/wp-json\/wp\/v2\/product\/15168","targetHints":{"allow":["GET"]}}],"collection":[{"href":"https:\/\/www.hydraulic-cylinders.net\/lt\/wp-json\/wp\/v2\/product"}],"about":[{"href":"https:\/\/www.hydraulic-cylinders.net\/lt\/wp-json\/wp\/v2\/types\/product"}],"replies":[{"embeddable":true,"href":"https:\/\/www.hydraulic-cylinders.net\/lt\/wp-json\/wp\/v2\/comments?post=15168"}],"wp:featuredmedia":[{"embeddable":true,"href":"https:\/\/www.hydraulic-cylinders.net\/lt\/wp-json\/wp\/v2\/media\/14780"}],"wp:attachment":[{"href":"https:\/\/www.hydraulic-cylinders.net\/lt\/wp-json\/wp\/v2\/media?parent=15168"}],"wp:term":[{"taxonomy":"product_brand","embeddable":true,"href":"https:\/\/www.hydraulic-cylinders.net\/lt\/wp-json\/wp\/v2\/product_brand?post=15168"},{"taxonomy":"product_cat","embeddable":true,"href":"https:\/\/www.hydraulic-cylinders.net\/lt\/wp-json\/wp\/v2\/product_cat?post=15168"},{"taxonomy":"product_tag","embeddable":true,"href":"https:\/\/www.hydraulic-cylinders.net\/lt\/wp-json\/wp\/v2\/product_tag?post=15168"}],"curies":[{"name":"wp","href":"https:\/\/api.w.org\/{rel}","templated":true}]}}