{"id":15169,"date":"2025-01-19T14:11:30","date_gmt":"2025-01-19T14:11:30","guid":{"rendered":"https:\/\/www.hydraulic-cylinders.net\/product\/bucket-cylinder-for-sumitomo-small-excavator-sh130-5\/"},"modified":"2025-01-19T14:11:32","modified_gmt":"2025-01-19T14:11:32","slug":"bucket-cylinder-for-sumitomo-small-excavator-sh130-5","status":"publish","type":"product","link":"https:\/\/www.hydraulic-cylinders.net\/lt\/produktas\/bucket-cylinder-for-sumitomo-small-excavator-sh130-5\/","title":{"rendered":"Kau\u0161o cilindras Sumitomo ma\u017eam ekskavatoriui SH130-5"},"content":{"rendered":"<h1>Kau\u0161o cilindras Sumitomo ma\u017eam ekskavatoriui SH130-5<\/h1>\n<h2>\u012evadas<\/h2>\n<p>A bucket cylinder is a specially designed hydraulic cylinder primarily used to control the movement of buckets in heavy machinery such as excavators, backhoes, and front loaders. Its main function is to allow the bucket to lift, lower, and tilt, making it easier to handle various material handling tasks. In the hydraulic system, the bucket cylinder controls the bucket&#8217;s precise movements with pressure changes in the hydraulic oil, allowing operators to efficiently handle heavy loads and adapt to complex working environments and diverse operation requirements.<\/p>\n<p><img decoding=\"async\" src=\"https:\/\/www.hydraulic-cylinders.net\/wp-content\/uploads\/2025\/01\/songte-company-2.webp\" alt=\"Kau\u0161o cilindro vaizdas\"><\/p>\n<h2>Savyb\u0117s<\/h2>\n<ul>\n<li>Didelis stiprumas ir ilgaam\u017ei\u0161kumas: Paprastai pagaminti i\u0161 didelio stiprumo plieno arba aliuminio, jie gali atlaikyti didel\u012f sl\u0117g\u012f ir dideles apkrovas, prisitaikydami prie at\u0161iauri\u0173 darbo s\u0105lyg\u0173. Konstrukcijoje atsi\u017evelgiama \u012f atsparum\u0105 dilimui ir korozijai, taip pailginant tarnavimo laik\u0105.<\/li>\n<li>Efektyvus hidraulinis veikimas: Naudoja hidraulin\u0117s alyvos sl\u0117g\u012f, kad teleskopinis mechanizmas jud\u0117t\u0173 skland\u017eiai, greitai reaguoja \u012f valdymo komandas, u\u017etikrina galing\u0105 st\u016bmimo ir traukimo j\u0117g\u0105 ir tinka sunkiems kroviniams valdyti bei sud\u0117tingoms u\u017eduotims atlikti.<\/li>\n<li>Keli tipai: Galima rinktis vienpusio veikimo (hidraulinis naudojamas tik viena kryptimi) arba dvipusio veikimo (hidraulinis naudojamas abiem kryptimis) cilindrus pagal poreikius, kad b\u016bt\u0173 patenkinti skirtingi eksploatavimo reikalavimai. Kai kurie modeliai yra teleskopiniai, tod\u0117l juos galima labiau prailginti nedidinant i\u0161orini\u0173 matmen\u0173, tod\u0117l jie tinka naudoti ribotoje erdv\u0117je.<\/li>\n<li>Galima gamybai: M\u016bs\u0173 gaminys gali puikiai pakeisti hidraulin\u012f cilindr\u0105. <\/li>\n<\/ul>\n<p><img decoding=\"async\" src=\"https:\/\/www.hydraulic-cylinders.net\/wp-content\/uploads\/2025\/01\/songte-cylinder-head-with-all-kinds-excavator-models.webp\" alt=\"Produkto vaizdas\"><\/p>\n<h2>Parai\u0161kos<\/h2>\n<h3>Statybin\u0117 \u012franga<\/h3>\n<p>Ekskavatoriuose jie yra labai svarb\u016bs kasant, kraunant ir perkeliant grunt\u0105 ar \u0161iuk\u0161les. Ekskavatoriuose-krautuvuose kau\u0161o cilindrai padeda ir kasti, ir kelti. <\/p>\n<h3>\u017dem\u0117s \u016bkio technika<\/h3>\n<p>Naudojamas frontaliniams krautuvams, dirvo\u017eemio, \u0161ieno ir kit\u0173 med\u017eiag\u0173 k\u0117limui, k\u0117limui ir transportavimui. <\/p>\n<h3>Ekskavatoriai<\/h3>\n<p>Kau\u0161o cilindras leid\u017eia kau\u0161ui \u012fsiskverbti \u012f dirv\u0105 ir atlikti kasimo veiksm\u0105. <\/p>\n<h3>Krautuvai<\/h3>\n<p>Kau\u0161o cilindrai padeda efektyviai pakelti ir pakreipti krovinius priekiniuose krautuvuose. <\/p>\n<h2>Projektavimo aspektai ir atrankos kriterijai<\/h2>\n<ul>\n<li>Keliamoji galia: Cilindras turi atlaikyti maksimali\u0105 apkrov\u0105 nesul\u016b\u017edamas ir nedeformuodamasis.<\/li>\n<li>Sandarinimas: Naudojami \u012fvair\u016bs sandarikliai, tokie kaip st\u016bmokli\u0173 ir kot\u0173 sandarikliai, pagaminti i\u0161 atspari\u0173 dilimui med\u017eiag\u0173, toki\u0173 kaip poliuretanas ir nitrilo kau\u010diukas. Cilindro korpusas ir sriegio galo pavir\u0161ius yra kruop\u0161\u010diai apdirbti, siekiant pagerinti atsparum\u0105 dilimui. <\/li>\n<li>Patvarumas: Cilindras turi atlaikyti nuolatin\u012f ir intensyv\u0173 naudojim\u0105, prisitaikydamas prie at\u0161iauri\u0173 aplinkos s\u0105lyg\u0173. <\/li>\n<li>Sauga: Balionas netur\u0117t\u0173 staiga prarasti sl\u0117gio ar atlikti netik\u0117t\u0173 judesi\u0173, kurie gal\u0117t\u0173 kelti pavoj\u0173 \u012frangai ar operatoriui. <\/li>\n<li>Prie\u017ei\u016bra: Cilindr\u0105 turi b\u016bti lengva ir reguliariai pri\u017ei\u016br\u0117ti. <\/li>\n<\/ul>\n<p><img decoding=\"async\" src=\"https:\/\/www.hydraulic-cylinders.net\/wp-content\/uploads\/2025\/01\/songte-oil-pipes-and-spare-parts.webp\" alt=\"Produkto dali\u0173 vaizdas\"><\/p>\n<h2>Sandarinimas ir tepimas<\/h2>\n<p>Naudojami \u012fvair\u016bs sandarikliai, pavyzd\u017eiui, st\u016bmokli\u0173 ir kot\u0173 sandarikliai, pagaminti i\u0161 atspari\u0173 dilimui med\u017eiag\u0173, toki\u0173 kaip poliuretanas ir nitrilo kau\u010diukas. Cilindro korpusas ir sriegio galo pavir\u0161ius yra kruop\u0161\u010diai apdirbti, siekiant pagerinti atsparum\u0105 dilimui. Cilindr\u0105 reikia reguliariai tepti tinkamu hidraulin\u0117s alyvos kiekiu.<\/p>\n<h2>Prie\u017ei\u016bra ir prevencin\u0117s priemon\u0117s<\/h2>\n<ul>\n<li>Reguliarus patikrinimas<\/li>\n<li>Tinkamas tepimas<\/li>\n<li>Sandariklio keitimas ir kalibravimo patikrinimas<\/li>\n<\/ul>\n<p>Teisingas montavimas, tepimas ir reguliavimas yra labai svarb\u016bs cilindro ilgaam\u017ei\u0161kumui. Montavimo metu pateikite teisingas cilindro lygiavimo gaires ir pasi\u016blykite naudoti tinkamus montavimo laikiklius cilindrui pritvirtinti. Rekomenduokite ap\u017ei\u016bros, remonto, keitimo proced\u016bras ir dali\u0173 keitimo bei remonto paslaugas, kad pailgintum\u0117te cilindro tarnavimo laik\u0105.<\/p>\n<p><img decoding=\"async\" src=\"https:\/\/www.hydraulic-cylinders.net\/wp-content\/uploads\/2025\/01\/songte-chushion-collar.webp\" alt=\"Produkto apykakl\u0117s vaizdas\"><\/p>\n<h2>Saugos aspektai ir aplinkos veiksniai<\/h2>\n<p>Naudojant cilindr\u0105, b\u016btina laikytis saugos priemoni\u0173, kad b\u016bt\u0173 i\u0161vengta nelaiming\u0173 atsitikim\u0173. Tinkamas hidraulin\u0117s alyvos ir dali\u0173 utilizavimas yra b\u016btinas aplinkos apsaugai.<\/p>\n<h2>Trik\u010di\u0173 \u0161alinimas ir da\u017eniausios problemos<\/h2>\n<p>Da\u017enos kau\u0161o cilindr\u0173 problemos yra nuot\u0117kis, st\u016bmoklio koto ar cilindro sienel\u0117s pa\u017eeidimas arba sulenktas ar sul\u016b\u017e\u0119s kotas. Ap\u017ei\u016bra ir prie\u017ei\u016bra gali pad\u0117ti i\u0161vengti \u0161i\u0173 problem\u0173.<\/p>\n<p>Jei kyla problem\u0173, diagnostikos ir remonto metodai apima cilindro valym\u0105, sandarikli\u0173 keitim\u0105 ir nesutapimo i\u0161taisym\u0105. Prevencin\u0117s priemon\u0117s, tokios kaip reguliari ap\u017ei\u016bra ir prie\u017ei\u016bra, gali suma\u017einti galim\u0173 problem\u0173 rizik\u0105.<\/p>\n<p><img decoding=\"async\" src=\"https:\/\/www.hydraulic-cylinders.net\/wp-content\/uploads\/2025\/01\/songte-bushings-with-all-kinds-of-excavator-models.webp\" alt=\"Produkto \u012fvori\u0173 vaizdas\"><\/p>\n<h2>Apie m\u016bs\u0173 \u012fmon\u0119<\/h2>\n<p>Esame hidraulini\u0173 cilindr\u0173 pakaital\u0173 gamintojas, si\u016blantis plat\u0173 gamini\u0173 asortiment\u0105, ir esame vienas i\u0161 pirmaujan\u010di\u0173 hidraulini\u0173 cilindr\u0173 gamintoj\u0173 bei didmenini\u0173 platintoj\u0173 vidaus ir tarptautin\u0117se rinkose. M\u016bs\u0173 \u012fmon\u0117 vadovaujasi puikios kokyb\u0117s principu, remdamasi industrializuota smulkiosios gamybos dirbtuvi\u0173 gamybos valdymo strategija, ir nuolat tobulina dirbtuvi\u0173 gamybos platform\u0105, pasitelkdama techninius talentus, auk\u0161\u010diausios klas\u0117s skaitmenin\u0119 gamybos \u012frang\u0105 ir profesionalias testavimo sistemas. Esame k\u016brybingi ir tenkiname \u012fvairius klient\u0173 poreikius, u\u017etikrindami auk\u0161t\u0105 efektyvum\u0105, tikslum\u0105 ir kokyb\u0119.<\/p>\n<p><img decoding=\"async\" src=\"https:\/\/hzpt.com\/wp-content\/uploads\/2024\/11\/songte-company-1.webp\" alt=\"\u012emon\u0117s \u012fvaizdis\"><\/p>\n<h3>Profesionalumas<\/h3>\n<p>M\u016bs\u0173 \u012fmon\u0117je dirba atsidavusi specialist\u0173 komanda, kuri yra hidraulini\u0173 cilindr\u0173 gamybos srities ekspertai. <\/p>\n<h3>Tarptautinis sertifikavimas<\/h3>\n<p>We have acquired various international certifications, including ISO9001, CE, RoHS, and SGS, ensuring our products&#8217; quality and safety. <\/p>\n<h3>Pritaikymo paslaugos<\/h3>\n<p>Si\u016blome individualiai pritaikytas paslaugas, kad patenkintume konkre\u010dius klient\u0173 reikalavimus.<\/p>\n<h3>Gamybos \u012franga<\/h3>\n<p>M\u016bs\u0173 \u012fmon\u0117 turi vis\u0105 spektr\u0105 pa\u017eangios gamybos \u012frangos, \u012fskaitant tekinimo stakles, \u0161lifavimo stakles, frezavimo stakles ir bandym\u0173 \u012frang\u0105, u\u017etikrinan\u010di\u0105 m\u016bs\u0173 gamini\u0173 kokyb\u0119.<\/p>\n<h3>Aptarnavimas po pardavimo<\/h3>\n<p>Mes si\u016blome puik\u0173 aptarnavim\u0105 po pardavimo, \u012fskaitant technin\u0119 pagalb\u0105 ir gamini\u0173 trik\u010di\u0173 \u0161alinim\u0105. <\/p>\n<p>Autorius: lyl.<\/p>","protected":false},"excerpt":{"rendered":"<p>Bucket Cylinder For Sumitomo Small Excavator SH130-5 Introduction A bucket cylinder is a specially designed hydraulic cylinder primarily used to control the movement of buckets in heavy machinery such as excavators, backhoes, and front loaders. Its main function is to allow the bucket to lift, lower, and tilt, making it easier to handle various material [&hellip;]<\/p>","protected":false},"featured_media":14778,"comment_status":"open","ping_status":"closed","template":"","meta":{"_et_pb_use_builder":"","_et_pb_old_content":"","_et_gb_content_width":""},"product_brand":[],"product_cat":[1494],"product_tag":[1495,1496],"class_list":{"0":"post-15169","1":"product","2":"type-product","3":"status-publish","4":"has-post-thumbnail","6":"product_cat-bucket-cylinders","7":"product_tag-bucket-cylinders","8":"product_tag-hydraulic-cylinders","10":"first","11":"instock","12":"shipping-taxable","13":"product-type-simple"},"amp_enabled":true,"_links":{"self":[{"href":"https:\/\/www.hydraulic-cylinders.net\/lt\/wp-json\/wp\/v2\/product\/15169","targetHints":{"allow":["GET"]}}],"collection":[{"href":"https:\/\/www.hydraulic-cylinders.net\/lt\/wp-json\/wp\/v2\/product"}],"about":[{"href":"https:\/\/www.hydraulic-cylinders.net\/lt\/wp-json\/wp\/v2\/types\/product"}],"replies":[{"embeddable":true,"href":"https:\/\/www.hydraulic-cylinders.net\/lt\/wp-json\/wp\/v2\/comments?post=15169"}],"wp:featuredmedia":[{"embeddable":true,"href":"https:\/\/www.hydraulic-cylinders.net\/lt\/wp-json\/wp\/v2\/media\/14778"}],"wp:attachment":[{"href":"https:\/\/www.hydraulic-cylinders.net\/lt\/wp-json\/wp\/v2\/media?parent=15169"}],"wp:term":[{"taxonomy":"product_brand","embeddable":true,"href":"https:\/\/www.hydraulic-cylinders.net\/lt\/wp-json\/wp\/v2\/product_brand?post=15169"},{"taxonomy":"product_cat","embeddable":true,"href":"https:\/\/www.hydraulic-cylinders.net\/lt\/wp-json\/wp\/v2\/product_cat?post=15169"},{"taxonomy":"product_tag","embeddable":true,"href":"https:\/\/www.hydraulic-cylinders.net\/lt\/wp-json\/wp\/v2\/product_tag?post=15169"}],"curies":[{"name":"wp","href":"https:\/\/api.w.org\/{rel}","templated":true}]}}