{"id":15172,"date":"2025-01-19T14:11:42","date_gmt":"2025-01-19T14:11:42","guid":{"rendered":"https:\/\/www.hydraulic-cylinders.net\/product\/bucket-cylinder-for-sumitomo-small-excavator-sh120a1a2a3\/"},"modified":"2025-01-19T14:11:50","modified_gmt":"2025-01-19T14:11:50","slug":"bucket-cylinder-for-sumitomo-small-excavator-sh120a1a2a3","status":"publish","type":"product","link":"https:\/\/www.hydraulic-cylinders.net\/lt\/produktas\/bucket-cylinder-for-sumitomo-small-excavator-sh120a1a2a3\/","title":{"rendered":"Kau\u0161o cilindras Sumitomo ma\u017eam ekskavatoriui SH120A1A2A3"},"content":{"rendered":"<p><!DOCTYPE html><br \/>\n<html><br \/>\n<head><br \/>\n<title>Kau\u0161o cilindras Sumitomo ma\u017eam ekskavatoriui SH120A1A2A3<\/title><br \/>\n<\/head><br \/>\n<body><\/p>\n<h1>Kau\u0161o cilindras Sumitomo ma\u017eam ekskavatoriui SH120A1A2A3<\/h1>\n<h2>\u012evadas<\/h2>\n<p>Kau\u0161o cilindras, skirtas ma\u017eam \u201eSumitomo\u201c ekskavatoriui SH120A1A2A3, yra specializuotas hidraulinis cilindras, skirtas valdyti kau\u0161o jud\u0117jim\u0105 sunkiosiose ma\u0161inose, tokiose kaip ekskavatoriai, ekskavatoriniai krautuvai ir frontaliniai krautuvai. Jo pagrindin\u0117 funkcija \u2013 leisti pakelti, nuleisti ir pakreipti kau\u0161\u0105, palengvinant \u012fvairias med\u017eiag\u0173 tvarkymo u\u017eduotis. Hidraulin\u0117se sistemose kau\u0161o cilindras tiksliai valdo kau\u0161\u0105, naudodamas hidraulin\u0117s alyvos sl\u0117gio poky\u010dius, tod\u0117l operatoriai gali efektyviai valdyti sunkius krovinius ir prisitaikyti prie sud\u0117tingos darbo aplinkos bei \u012fvairi\u0173 darbo reikalavim\u0173.<\/p>\n<p><img decoding=\"async\" src=\"https:\/\/www.hydraulic-cylinders.net\/wp-content\/uploads\/2025\/01\/songte-company-2.webp\" alt=\"Kau\u0161o cilindro vaizdas\"><\/p>\n<h2>Savyb\u0117s<\/h2>\n<ul>\n<li><strong>Didelis stiprumas ir ilgaam\u017ei\u0161kumas:<\/strong> Paprastai i\u0161 didelio stiprumo plieno arba aliuminio pagamintas kau\u0161o cilindras gali atlaikyti auk\u0161t\u0105 sl\u0117g\u012f ir dideles apkrovas, prisitaikydamas prie at\u0161iauri\u0173 darbo s\u0105lyg\u0173. Jo konstrukcija atsi\u017evelgia \u012f atsparum\u0105 dilimui ir korozijai, taip pailgindama jo tarnavimo laik\u0105.<\/li>\n<li><strong>Efektyvus hidraulinis valdymas:<\/strong> Naudodamas hidraulin\u0117s alyvos sl\u0117g\u012f, kau\u0161o cilindras skland\u017eiai i\u0161tiesia ir atitraukia kau\u0161\u0105, greitai reaguoja \u012f valdymo komandas ir sukuria galingas st\u016bmimo bei traukimo j\u0117gas, tod\u0117l jis tinka sunkiems kroviniams kelti ir sud\u0117tingoms u\u017eduotims atlikti.<\/li>\n<li><strong>Universal\u016bs tipai:<\/strong> Kau\u0161o cilindr\u0105 galima pasirinkti kaip vienpusio veikimo (hidraulinis sl\u0117gis veikia tik viena kryptimi) arba dvipusio veikimo (hidraulinis sl\u0117gis veikia abiem kryptimis) cilindrus, atsi\u017evelgiant \u012f konkre\u010dius eksploatacinius poreikius. Kai kurie modeliai yra teleskopiniai, tod\u0117l juos galima labiau prailginti nedidinant i\u0161orini\u0173 matmen\u0173, tod\u0117l jie idealiai tinka naudoti ribotoje erdv\u0117je.<\/li>\n<li><strong>Produkto pakeitimas:<\/strong> M\u016bs\u0173 gaminiai gali puikiai pakeisti \u0161iuos hidraulinius cilindrus.<\/li>\n<\/ul>\n<p><img decoding=\"async\" src=\"https:\/\/www.hydraulic-cylinders.net\/wp-content\/uploads\/2025\/01\/songte-cylinder-head-with-all-kinds-excavator-models.webp\" alt=\"Produkto pakeitimo paveiksl\u0117lis\"><\/p>\n<h2>Parai\u0161kos<\/h2>\n<p>\u201eSumitomo\u201c ma\u017eo ekskavatoriaus SH120A1A2A3 kau\u0161o cilindras naudojamas \u012fvairioje \u012frangoje:<\/p>\n<ul>\n<li>Statybin\u0117 \u012franga: ekskavatoriuose jie yra labai svarb\u016bs kasant, kraunant ir perkeliant grunt\u0105 ar \u0161iuk\u0161les. Ekskavatoriuose krautuvuose kau\u0161o cilindras padeda tiek kasti, tiek kelti.<\/li>\n<li>\u017dem\u0117s \u016bkio technika: naudojama priekiniuose krautuvuose dirvo\u017eemiui, \u0161ienui ir kitoms med\u017eiagoms kasti, kelti ir transportuoti.<\/li>\n<li>Ekskavatoriai: Kau\u0161o cilindras leid\u017eia atlikti kasimo veiksmus, leisdamas kau\u0161ui \u012fsiskverbti \u012f dirv\u0105.<\/li>\n<li>Krautuvai: Priekiniuose krautuvuose jie padeda efektyviai pakelti ir i\u0161krauti prekes.<\/li>\n<\/ul>\n<h2>Projektavimo aspektai ir atrankos kriterijai<\/h2>\n<ul>\n<li><strong>Keliamoji galia:<\/strong> Kau\u0161o cilindras skirtas atlaikyti sunkius krovinius ir auk\u0161t\u0105 sl\u0117g\u012f.<\/li>\n<li><strong>Sandarinimas:<\/strong> Naudojami \u012fvair\u016bs sandarinimo komponentai, tokie kaip st\u016bmokli\u0173 ir kot\u0173 sandarikliai, pagaminti i\u0161 toki\u0173 med\u017eiag\u0173 kaip poliuretanas ir nitrilo kau\u010diukas, \u017einom\u0173 d\u0117l savo atsparumo dilimui.<\/li>\n<li><strong>Patvarumas:<\/strong> Cilindro korpusas ir srieginiai galai yra kruop\u0161\u010diai apdorojami, siekiant padidinti atsparum\u0105 dilimui.<\/li>\n<li><strong>Saugumas:<\/strong> Projektavimo procese atsi\u017evelgiama \u012f saugos priemones, siekiant u\u017etikrinti saug\u0173 darb\u0105.<\/li>\n<li><strong>Prie\u017ei\u016bra:<\/strong> Kau\u0161o cilindr\u0105 reikia reguliariai tikrinti ir atlikti profilaktin\u0119 prie\u017ei\u016br\u0105, kad b\u016bt\u0173 u\u017etikrintas optimalus veikimas.<\/li>\n<\/ul>\n<p><img decoding=\"async\" src=\"https:\/\/www.hydraulic-cylinders.net\/wp-content\/uploads\/2025\/01\/songte-oil-pipes-and-spare-parts.webp\" alt=\"Dizaino aspektai Vaizdas\"><\/p>\n<h2>Sandarinimas ir tepimas<\/h2>\n<p>Kau\u0161o cilindre naudojami \u012fvair\u016bs sandarinimo komponentai, tokie kaip st\u016bmokli\u0173 ir kot\u0173 sandarikliai, kurie pagaminti i\u0161 atspari\u0173 dilimui med\u017eiag\u0173, toki\u0173 kaip poliuretanas ir nitrilo kau\u010diukas. Cilindro korpusas ir srieginiai galai yra kruop\u0161\u010diai apdorojami, kad padid\u0117t\u0173 atsparumas dilimui. Norint u\u017etikrinti skland\u0173 veikim\u0105, b\u016btina reguliariai tepti tinkamu hidraulin\u0117s alyvos kiekiu.<\/p>\n<h2>Reguliarus patikrinimas ir prevencin\u0117 prie\u017ei\u016bra<\/h2>\n<ul>\n<li>Reguliariai tikrinkite kau\u0161o cilindr\u0105, ar n\u0117ra koki\u0173 nors pa\u017eeidim\u0173 ar susid\u0117v\u0117jimo po\u017eymi\u0173.<\/li>\n<li>U\u017etikrinkite tinkam\u0105 tepim\u0105, kad i\u0161vengtum\u0117te trinties ir suma\u017eintum\u0117te nusid\u0117v\u0117jim\u0105.<\/li>\n<li>Nor\u0117dami i\u0161laikyti optimal\u0173 na\u0161um\u0105, pakeiskite susid\u0117v\u0117jusius arba pa\u017eeistus sandariklius.<\/li>\n<li>Atlikite kalibravimo patikrinimus, kad u\u017etikrintum\u0117te tiksl\u0173 veikim\u0105.<\/li>\n<\/ul>\n<p><img decoding=\"async\" src=\"https:\/\/www.hydraulic-cylinders.net\/wp-content\/uploads\/2025\/01\/songte-chushion-collar.webp\" alt=\"\u012eprasto patikrinimo vaizdas\"><\/p>\n<h2>Saugos aspektai ir aplinkos veiksniai<\/h2>\n<p>Naudojant kau\u0161o cilindr\u0105, svarbu laikytis saugos priemoni\u0173, kad b\u016bt\u0173 i\u0161vengta nelaiming\u0173 atsitikim\u0173 ir u\u017etikrinta saugi darbo aplinka. Tinkamas mokymas ir saugos gairi\u0173 laikymasis yra labai svarb\u016bs.<\/p>\n<h2>Gedim\u0173 diagnostika ir trik\u010di\u0173 \u0161alinimas<\/h2>\n<p>In the event of a failure, it is important to diagnose the issue and apply the appropriate troubleshooting methods. Promptly addressing and resolving problems will ensure the bucket cylinder&#8217;s optimal performance. Preventive measures should also be implemented to minimize potential issues.<\/p>\n<p><img decoding=\"async\" src=\"https:\/\/www.hydraulic-cylinders.net\/wp-content\/uploads\/2025\/01\/songte-bushings-with-all-kinds-of-excavator-models.webp\" alt=\"Gedimo diagnoz\u0117s vaizdas\"><\/p>\n<h2>\u012emon\u0117s pristatymas<\/h2>\n<p>Esame pakaitini\u0173 hidraulini\u0173 cilindr\u0173 gamintojas. M\u016bs\u0173 \u012fmon\u0117 si\u016blo plat\u0173 gamini\u0173 asortiment\u0105 ir tapo viena i\u0161 pirmaujan\u010di\u0173 hidraulini\u0173 cilindr\u0173 gamintoj\u0173 ir didmenini\u0173 platintoj\u0173 tiek vidaus, tiek tarptautin\u0117se rinkose. Savo puikiai \u012frengtose gamybos dirbtuv\u0117se laikom\u0117s meistri\u0161kumo princip\u0173 ir remiam\u0117s industrializuoto gamybos valdymo strategijomis. Nuolat tobuliname savo gamybos platform\u0105, geriname gamini\u0173 kokyb\u0117s gamybos b\u016bdus ir turime stipri\u0173 k\u016brybini\u0173 paj\u0117gum\u0173. Siekiame patenkinti \u012fvairius klient\u0173 poreikius, u\u017etikrindami auk\u0161t\u0105 efektyvum\u0105, tikslum\u0105 ir kokyb\u0119.<\/p>\n<p><img decoding=\"async\" src=\"https:\/\/hzpt.com\/wp-content\/uploads\/2024\/11\/songte-company-1.webp\" alt=\"\u012emon\u0117s \u012fvaizdis\"><\/p>\n<h3>Profesionalumas:<\/h3>\n<p>M\u016bs\u0173 \u012fmon\u0117 dirba profesionaliai, u\u017etikrindama auk\u0161\u010diausius kokyb\u0117s ir aptarnavimo standartus.<\/p>\n<h3>Tarptautinis sertifikatas:<\/h3>\n<p>Esame \u012fgij\u0119 tarptautinius sertifikatus, \u012frodan\u010dius m\u016bs\u0173 \u012fsipareigojim\u0105 kokybei ir atitik\u010diai reikalavimams.<\/p>\n<h3>Pritaikymo paslaugos:<\/h3>\n<p>Teikiame pritaikymo paslaugas, kad patenkintume konkre\u010dius klient\u0173 reikalavimus.<\/p>\n<h3>Gamybos \u012franga:<\/h3>\n<p>Naudojame pa\u017eangi\u0105 gamybos \u012frang\u0105, kad u\u017etikrintume efektyvi\u0105 ir tiksli\u0105 gamyb\u0105.<\/p>\n<h3>Aptarnavimas po pardavimo:<\/h3>\n<p>Siekdami u\u017etikrinti klient\u0173 pasitenkinim\u0105 ir palaikym\u0105, si\u016blome i\u0161samias garantinio aptarnavimo paslaugas.<\/p>\n<p><img decoding=\"async\" src=\"https:\/\/www.hydraulic-cylinders.net\/wp-content\/uploads\/2025\/01\/songte-company-3.webp\" alt=\"\u012emon\u0117s pristatymo paveiksl\u0117lis\"><\/p>\n<p>Autorius: lyl<\/p>\n<p><\/body><br \/>\n<\/html><\/p>","protected":false},"excerpt":{"rendered":"<p>Bucket Cylinder For Sumitomo Small Excavator SH120A1A2A3 Bucket Cylinder For Sumitomo Small Excavator SH120A1A2A3 Introduction The bucket cylinder for Sumitomo small excavator SH120A1A2A3 is a specialized hydraulic cylinder designed to control the movement of the bucket in heavy machinery such as excavators, backhoe loaders, and front-end loaders. Its main function is to enable the lifting, [&hellip;]<\/p>","protected":false},"featured_media":14771,"comment_status":"open","ping_status":"closed","template":"","meta":{"_et_pb_use_builder":"","_et_pb_old_content":"","_et_gb_content_width":""},"product_brand":[],"product_cat":[1494],"product_tag":[1495,1496],"class_list":{"0":"post-15172","1":"product","2":"type-product","3":"status-publish","4":"has-post-thumbnail","6":"product_cat-bucket-cylinders","7":"product_tag-bucket-cylinders","8":"product_tag-hydraulic-cylinders","10":"first","11":"instock","12":"shipping-taxable","13":"product-type-simple"},"amp_enabled":true,"_links":{"self":[{"href":"https:\/\/www.hydraulic-cylinders.net\/lt\/wp-json\/wp\/v2\/product\/15172","targetHints":{"allow":["GET"]}}],"collection":[{"href":"https:\/\/www.hydraulic-cylinders.net\/lt\/wp-json\/wp\/v2\/product"}],"about":[{"href":"https:\/\/www.hydraulic-cylinders.net\/lt\/wp-json\/wp\/v2\/types\/product"}],"replies":[{"embeddable":true,"href":"https:\/\/www.hydraulic-cylinders.net\/lt\/wp-json\/wp\/v2\/comments?post=15172"}],"wp:featuredmedia":[{"embeddable":true,"href":"https:\/\/www.hydraulic-cylinders.net\/lt\/wp-json\/wp\/v2\/media\/14771"}],"wp:attachment":[{"href":"https:\/\/www.hydraulic-cylinders.net\/lt\/wp-json\/wp\/v2\/media?parent=15172"}],"wp:term":[{"taxonomy":"product_brand","embeddable":true,"href":"https:\/\/www.hydraulic-cylinders.net\/lt\/wp-json\/wp\/v2\/product_brand?post=15172"},{"taxonomy":"product_cat","embeddable":true,"href":"https:\/\/www.hydraulic-cylinders.net\/lt\/wp-json\/wp\/v2\/product_cat?post=15172"},{"taxonomy":"product_tag","embeddable":true,"href":"https:\/\/www.hydraulic-cylinders.net\/lt\/wp-json\/wp\/v2\/product_tag?post=15172"}],"curies":[{"name":"wp","href":"https:\/\/api.w.org\/{rel}","templated":true}]}}