{"id":15173,"date":"2025-01-19T14:11:52","date_gmt":"2025-01-19T14:11:52","guid":{"rendered":"https:\/\/www.hydraulic-cylinders.net\/product\/bucket-cylinder-for-sumitomo-small-excavator-sh265\/"},"modified":"2025-01-19T14:11:54","modified_gmt":"2025-01-19T14:11:54","slug":"bucket-cylinder-for-sumitomo-small-excavator-sh265","status":"publish","type":"product","link":"https:\/\/www.hydraulic-cylinders.net\/lt\/produktas\/bucket-cylinder-for-sumitomo-small-excavator-sh265\/","title":{"rendered":"Kau\u0161o cilindras Sumitomo ma\u017eam ekskavatoriui SH265"},"content":{"rendered":"<h1>Kau\u0161o cilindras Sumitomo ma\u017eam ekskavatoriui SH265<\/h1>\n<h2>Produkto apibr\u0117\u017eimas<\/h2>\n<p>Kau\u0161o cilindras yra specialiai suprojektuotas hidraulinis cilindras, kuris pirmiausia naudojamas kau\u0161o jud\u0117jimui valdyti sunkiosiose ma\u0161inose, tokiose kaip ekskavatoriai, ekskavatoriniai krautuvai ir frontaliniai krautuvai. Pagrindin\u0117 jo funkcija \u2013 leisti kau\u0161ui pakilti, nuleisti ir pakreipti, tod\u0117l j\u012f patogu atlikti \u012fvairioms med\u017eiag\u0173 tvarkymo u\u017eduotims. Hidraulin\u0117je sistemoje kau\u0161o cilindras tiksliai valdo kau\u0161\u0105, naudodamas hidraulin\u0117s alyvos sl\u0117gio poky\u010dius, tod\u0117l operatoriai gali efektyviai valdyti sunkius krovinius ir prisitaikyti prie sud\u0117tingos darbo aplinkos bei \u012fvairi\u0173 eksploatacini\u0173 reikalavim\u0173.<\/p>\n<p><img decoding=\"async\" src=\"https:\/\/www.hydraulic-cylinders.net\/wp-content\/uploads\/2025\/01\/songte-company-2.webp\" alt=\"Kau\u0161o cilindro vaizdas\"><\/p>\n<h2>Produkto savyb\u0117s<\/h2>\n<ul>\n<li>Didelis stiprumas ir ilgaam\u017ei\u0161kumas: Paprastai pagaminti i\u0161 didelio stiprumo plieno arba aliuminio, galintys atlaikyti auk\u0161t\u0105 sl\u0117g\u012f ir dideles apkrovas, pritaikyti at\u0161iaurioms darbo aplinkoms, suprojektuoti atsi\u017evelgiant \u012f atsparum\u0105 dilimui ir korozijai, kad b\u016bt\u0173 prailgintas tarnavimo laikas.<\/li>\n<li>Efektyvus hidraulinis veikimas: Naudoja hidraulin\u0117s alyvos sl\u0117g\u012f, kad b\u016bt\u0173 pasiekti skland\u016bs i\u0161pl\u0117timo ir atitraukimo judesiai, gebantys greitai reaguoti \u012f valdymo komandas, u\u017etikrinantys galingas st\u016bmimo ir traukimo j\u0117gas, tinkamas sunkiems kroviniams valdyti ir sud\u0117tingoms eksploatavimo u\u017eduotims atlikti.<\/li>\n<li>Keli tipai: Pagal poreikius galima rinktis vienpusio veikimo (hidraulin\u0117 sistema naudojama tik viena kryptimi) arba dvipusio veikimo (hidraulin\u0117 sistema naudojama abiem kryptimis) cilindrus; kai kurie modeliai yra teleskopiniai, tod\u0117l juos galima labiau prailginti nedidinant i\u0161orini\u0173 matmen\u0173, tod\u0117l tinka naudoti ribotoje erdv\u0117je.<\/li>\n<li>Puikus pakeitimas: M\u016bs\u0173 gaminiai gali puikiai pakeisti \u0161iuos hidraulinius cilindrus.<\/li>\n<\/ul>\n<p><img decoding=\"async\" src=\"https:\/\/www.hydraulic-cylinders.net\/wp-content\/uploads\/2025\/01\/songte-cylinder-head-with-all-kinds-excavator-models.webp\" alt=\"Produkto pakeitimo paveiksl\u0117lis\"><\/p>\n<h2>Taikymo scenarijai<\/h2>\n<p>Kau\u0161o cilindras pritaikomas \u012fvairiose situacijose:<\/p>\n<ul>\n<li>Statybin\u0117 \u012franga: ji randama ekskavatoriuose ir yra labai svarbi kasant, kraunant ir perkeliant grunt\u0105 ar \u0161iuk\u0161les. Ekskavatoriuose kau\u0161o cilindras padeda tiek kasant, tiek keliant.<\/li>\n<li>\u017dem\u0117s \u016bkio technika: naudojama priekiniuose krautuvuose dirvo\u017eemiui, \u0161ienui ir kitoms med\u017eiagoms kasti, kelti ir transportuoti.<\/li>\n<li>Ekskavatoriai: Kau\u0161o cilindras leid\u017eia kasti, leisdamas kau\u0161ui \u012fsiskverbti \u012f dirv\u0105.<\/li>\n<li>Krautuvai: Priekiniuose krautuvuose jie padeda efektyviai kelti ir pakreipti prekes.<\/li>\n<\/ul>\n<h2>Projektavimo aspektai ir atrankos kriterijai<\/h2>\n<p>Projektuojant cilindrinius vamzdelius, reikia atsi\u017evelgti \u012f kelet\u0105 svarbi\u0173 aspekt\u0173 ir atrankos kriterij\u0173:<\/p>\n<ul>\n<li>Guoli\u0173 talpa: Cilindras turi atlaikyti numatyt\u0105 apkrov\u0105 be gedim\u0173.<\/li>\n<li>Sandarinimas: Siekiant u\u017etikrinti efektyv\u0173 sandarinim\u0105, tur\u0117t\u0173 b\u016bti naudojami \u012fvair\u016bs sandarinimo komponentai, tokie kaip st\u016bmokli\u0173 ir kot\u0173 sandarikliai, pagaminti i\u0161 patvari\u0173 med\u017eiag\u0173, toki\u0173 kaip poliuretanas ir nitrilo kau\u010diukas.<\/li>\n<li>Patvarumas: Cilindro korpusas ir srieginiai galai turi b\u016bti kruop\u0161\u010diai apdirbti, kad padid\u0117t\u0173 atsparumas dilimui.<\/li>\n<li>Sauga: Projektuojant pirmenyb\u0119 reik\u0117t\u0173 teikti saugos priemon\u0117ms, siekiant i\u0161vengti nelaiming\u0173 atsitikim\u0173 ir u\u017etikrinti operatoriaus apsaug\u0105.<\/li>\n<li>Prie\u017ei\u016bra: Cilindras turi b\u016bti suprojektuotas taip, kad j\u012f b\u016bt\u0173 lengva pri\u017ei\u016br\u0117ti ir remontuoti, kad prireikus b\u016bt\u0173 galima efektyviai atlikti technin\u0119 prie\u017ei\u016br\u0105.<\/li>\n<\/ul>\n<p><img decoding=\"async\" src=\"https:\/\/www.hydraulic-cylinders.net\/wp-content\/uploads\/2025\/01\/songte-oil-pipes-and-spare-parts.webp\" alt=\"Hidraulini\u0173 cilindr\u0173 dalys\"><\/p>\n<h2>Sandarinimas ir tepimas<\/h2>\n<p>Kau\u0161\u0173 cilindruose naudojami \u012fvair\u016bs sandarinimo komponentai, u\u017etikrinantys tinkam\u0105 sandarinim\u0105 ir tepim\u0105:<\/p>\n<ul>\n<li>Sandarikliai: Siekiant i\u0161laikyti efektyv\u0173 sandarum\u0105, naudojami \u012fvairi\u0173 tip\u0173 sandarikliai, pavyzd\u017eiui, st\u016bmokli\u0173 ir kot\u0173 sandarikliai, pagaminti i\u0161 atspari\u0173 dilimui med\u017eiag\u0173, toki\u0173 kaip poliuretanas ir nitrilo kau\u010diukas.<\/li>\n<li>Cilindro korpusas ir srieginis galas: Cilindro korpusas ir srieginiai galai yra kruop\u0161\u010diai apdoroti, siekiant pagerinti atsparum\u0105 dilimui.<\/li>\n<li>Tepimas: Norint u\u017etikrinti skland\u0173 veikim\u0105, b\u016btina reguliariai tepti tinkamu kiekiu hidraulin\u0117s alyvos.<\/li>\n<\/ul>\n<h2>Reguliarus patikrinimas ir prevencin\u0117 prie\u017ei\u016bra<\/h2>\n<p>Reguliar\u016bs patikrinimai ir prevencin\u0117s prie\u017ei\u016bros priemon\u0117s yra b\u016btinos optimaliam kau\u0161o cilindro veikimui:<\/p>\n<ul>\n<li>Ap\u017ei\u016bra: Reguliariai tikrinkite cilindr\u0105, ar n\u0117ra susid\u0117v\u0117jimo, nuot\u0117kio ar pa\u017eeidim\u0173 po\u017eymi\u0173.<\/li>\n<li>Tepimas: U\u017etikrinkite tinkam\u0105 cilindro komponent\u0173 sutepim\u0105, kad i\u0161vengtum\u0117te per didel\u0117s trinties ir susid\u0117v\u0117jimo.<\/li>\n<li>Tarpikli\u0173 keitimas: pakeiskite susid\u0117v\u0117jusius arba pa\u017eeistus tarpiklius, kad i\u0161laikytum\u0117te efektyv\u0173 sandarum\u0105.<\/li>\n<li>Kalibravimo patikrinimas: periodi\u0161kai patikrinkite ir kalibruokite cilindr\u0105, kad u\u017etikrintum\u0117te tiksl\u0173 veikim\u0105.<\/li>\n<\/ul>\n<p><img decoding=\"async\" src=\"https:\/\/www.hydraulic-cylinders.net\/wp-content\/uploads\/2025\/01\/songte-chushion-collar.webp\" alt=\"Prie\u017ei\u016bros vaizdas\"><\/p>\n<h2>Saugos aspektai ir aplinkos veiksniai<\/h2>\n<p>Naudojant kau\u0161inius cilindrus, labai svarbu teikti pirmenyb\u0119 saugos priemon\u0117ms ir atsi\u017evelgti \u012f aplinkos veiksnius:<\/p>\n<ul>\n<li>Saugos priemon\u0117s: Naudodami ma\u0161inas su kau\u0161o cilindrais, laikykit\u0117s tinkam\u0173 saugos protokol\u0173 ir gairi\u0173.<\/li>\n<\/ul>\n<h2>Gedim\u0173 diagnostika ir da\u017eniausios problemos<\/h2>\n<p>Da\u017eniausi gedimai ir problemos, kurios gali kilti naudojant kau\u0161o cilindrus, yra \u0161ie:<\/p>\n<ul>\n<li>Gedim\u0173 diagnostika: Pateikite patarim\u0173 ir metod\u0173, kaip efektyviai diagnozuoti ir pa\u0161alinti problemas.<\/li>\n<li>Problem\u0173 sprendimas: pasi\u016blyti sprendimus da\u017eniausiai pasitaikan\u010dioms problemoms spr\u0119sti ir numatyti prevencines priemones galimoms problemoms suma\u017einti.<\/li>\n<\/ul>\n<p><img decoding=\"async\" src=\"https:\/\/www.hydraulic-cylinders.net\/wp-content\/uploads\/2025\/01\/songte-bushings-with-all-kinds-of-excavator-models.webp\" alt=\"Gedim\u0173 sprendimo vaizdas\"><\/p>\n<p>Nepamir\u0161kite straipsn\u012f strukt\u016brizuoti logi\u0161kai, naudoti paantra\u0161tes lengvam nar\u0161ymui, \u012ftraukti atitinkam\u0173 vaizd\u0173 ar diagram\u0173, kad b\u016bt\u0173 lengviau suprasti, ir u\u017etikrinti, kad turinys b\u016bt\u0173 ai\u0161kus, glaustas ir tinkamas skaitytojams, turintiems skirting\u0105 technini\u0173 \u017eini\u0173 lyg\u012f.<\/p>\n<h2>Apie m\u016bs\u0173 \u012fmon\u0119<\/h2>\n<p>Esame pakaitini\u0173 hidraulini\u0173 cilindr\u0173 gamintojas, si\u016blantis plat\u0173 gamini\u0173 asortiment\u0105. Tapome vienu i\u0161 pirmaujan\u010di\u0173 hidraulini\u0173 cilindr\u0173 gamintoj\u0173 ir didmeninink\u0173 vidaus ir tarptautin\u0117se rinkose. Laikom\u0117s auk\u0161\u010diausios kokyb\u0117s princip\u0173 ir savo patobulintose gamybos dirbtuv\u0117se remiam\u0117s industrializuoto gamybos valdymo strategijomis. D\u0117mes\u012f sutelkdami \u012f technologinius talentus, pa\u017eangi\u0105 skaitmenin\u0119 gamybos \u012frang\u0105 ir profesionalias testavimo sistemas, nuolat tobuliname savo gamybos platform\u0105 ir tobuliname gamybos proces\u0105, kad u\u017etikrintume gamini\u0173 kokyb\u0119. Turime stipri\u0173 inovacij\u0173 paj\u0117gum\u0173, siekdami patenkinti \u012fvairius klient\u0173 poreikius, u\u017etikrindami auk\u0161t\u0105 efektyvum\u0105, tikslum\u0105 ir kokyb\u0119.<\/p>\n<p><img decoding=\"async\" src=\"https:\/\/www.hydraulic-cylinders.net\/wp-content\/uploads\/2025\/01\/songte-company-3.webp\" alt=\"\u012emon\u0117s \u012fvaizdis\"><\/p>\n<p>Be to, teikiame i\u0161sami\u0105 informacij\u0105 apie m\u016bs\u0173 \u012fmon\u0119, susijusi\u0105 su profesionalumu, tarptautiniais sertifikatais, individualiomis paslaugomis, gamybos \u012franga ir garantiniu aptarnavimu.<\/p>\n<p>Autorius: lyl<\/p>","protected":false},"excerpt":{"rendered":"<p>Bucket Cylinder For Sumitomo Small Excavator SH265 Product Definition A bucket cylinder is a specially designed hydraulic cylinder that is primarily used to control the movement of the bucket in heavy machinery such as excavators, backhoe loaders, and front loaders. Its main function is to allow the bucket to elevate, lower, and tilt, making it [&hellip;]<\/p>","protected":false},"featured_media":14769,"comment_status":"open","ping_status":"closed","template":"","meta":{"_et_pb_use_builder":"","_et_pb_old_content":"","_et_gb_content_width":""},"product_brand":[],"product_cat":[1494],"product_tag":[1495,1496],"class_list":{"0":"post-15173","1":"product","2":"type-product","3":"status-publish","4":"has-post-thumbnail","6":"product_cat-bucket-cylinders","7":"product_tag-bucket-cylinders","8":"product_tag-hydraulic-cylinders","10":"first","11":"instock","12":"shipping-taxable","13":"product-type-simple"},"amp_enabled":true,"_links":{"self":[{"href":"https:\/\/www.hydraulic-cylinders.net\/lt\/wp-json\/wp\/v2\/product\/15173","targetHints":{"allow":["GET"]}}],"collection":[{"href":"https:\/\/www.hydraulic-cylinders.net\/lt\/wp-json\/wp\/v2\/product"}],"about":[{"href":"https:\/\/www.hydraulic-cylinders.net\/lt\/wp-json\/wp\/v2\/types\/product"}],"replies":[{"embeddable":true,"href":"https:\/\/www.hydraulic-cylinders.net\/lt\/wp-json\/wp\/v2\/comments?post=15173"}],"wp:featuredmedia":[{"embeddable":true,"href":"https:\/\/www.hydraulic-cylinders.net\/lt\/wp-json\/wp\/v2\/media\/14769"}],"wp:attachment":[{"href":"https:\/\/www.hydraulic-cylinders.net\/lt\/wp-json\/wp\/v2\/media?parent=15173"}],"wp:term":[{"taxonomy":"product_brand","embeddable":true,"href":"https:\/\/www.hydraulic-cylinders.net\/lt\/wp-json\/wp\/v2\/product_brand?post=15173"},{"taxonomy":"product_cat","embeddable":true,"href":"https:\/\/www.hydraulic-cylinders.net\/lt\/wp-json\/wp\/v2\/product_cat?post=15173"},{"taxonomy":"product_tag","embeddable":true,"href":"https:\/\/www.hydraulic-cylinders.net\/lt\/wp-json\/wp\/v2\/product_tag?post=15173"}],"curies":[{"name":"wp","href":"https:\/\/api.w.org\/{rel}","templated":true}]}}