{"id":15174,"date":"2025-01-19T14:11:57","date_gmt":"2025-01-19T14:11:57","guid":{"rendered":"https:\/\/www.hydraulic-cylinders.net\/product\/bucket-cylinder-for-sumitomo-middle-excavator-sh200a1a2a3\/"},"modified":"2025-01-19T14:11:58","modified_gmt":"2025-01-19T14:11:58","slug":"bucket-cylinder-for-sumitomo-middle-excavator-sh200a1a2a3","status":"publish","type":"product","link":"https:\/\/www.hydraulic-cylinders.net\/lt\/produktas\/bucket-cylinder-for-sumitomo-middle-excavator-sh200a1a2a3\/","title":{"rendered":"Kau\u0161o cilindras Sumitomo vidutinio dyd\u017eio ekskavatoriui SH200A1A2A3"},"content":{"rendered":"<h1>Kau\u0161o cilindras Sumitomo vidutinio dyd\u017eio ekskavatoriui SH200A1A2A3<\/h1>\n<h2>\u012evadas<\/h2>\n<p>\u201eSumitomo\u201c vidutinio dyd\u017eio ekskavatoriaus SH200A1A2A3 kau\u0161o cilindras yra specializuotas hidraulinis cilindras, naudojamas valdyti ekskavatori\u0173 jud\u0117jim\u0105 sunkiosiose ma\u0161inose, tokiose kaip ekskavatoriai, ekskavatoriai-ekskavatoriai ir frontaliniai krautuvai. Jo pagrindin\u0117 paskirtis \u2013 palengvinti \u012fvairias med\u017eiag\u0173 tvarkymo u\u017eduotis, leid\u017eiant ekskavatoriui tiksliai pakelti, nuleisti ir pakreipti. Hidraulin\u0117se sistemose kau\u0161o cilindras leid\u017eia tiksliai valdyti ekskavatori\u0173 kei\u010diant hidraulin\u0117s alyvos sl\u0117g\u012f, tod\u0117l operatoriai gali efektyviai valdyti sunkius krovinius ir prisitaikyti prie sud\u0117tingos darbo aplinkos bei \u012fvairi\u0173 darbo reikalavim\u0173.<\/p>\n<p><img decoding=\"async\" src=\"https:\/\/www.hydraulic-cylinders.net\/wp-content\/uploads\/2025\/01\/songte-company-2.webp\" alt=\"Kau\u0161o cilindro vaizdas\"><\/p>\n<h2>Savyb\u0117s<\/h2>\n<ul>\n<li>\n<h3>Didelis stiprumas ir ilgaam\u017ei\u0161kumas<\/h3>\n<p>Kau\u0161o cilindras paprastai gaminamas i\u0161 didelio stiprumo plieno arba aliuminio, galin\u010dio atlaikyti auk\u0161t\u0105 sl\u0117g\u012f ir dideles apkrovas, ir yra suprojektuotas atsi\u017evelgiant \u012f atsparum\u0105 dilimui ir korozijai, kad prailgint\u0173 jo tarnavimo laik\u0105.<\/p>\n<\/li>\n<li>\n<h3>Efektyvus hidraulinis valdymas<\/h3>\n<p>Kau\u0161o cilindras naudoja hidraulin\u0117s alyvos sl\u0117g\u012f, kad u\u017etikrint\u0173 skland\u0173 teleskopin\u012f jud\u0117jim\u0105, greitai reaguot\u0173 \u012f valdymo komandas, u\u017etikrint\u0173 galingas st\u016bmimo ir traukimo j\u0117gas ir b\u016bt\u0173 tinkamas sunkiems kroviniams kelti bei sud\u0117tingoms eksploatavimo u\u017eduotims atlikti.<\/p>\n<\/li>\n<li>\n<h3>Keli tipai<\/h3>\n<p>Kau\u0161o cilindras gali b\u016bti vienpusio veikimo hidraulinis cilindras (hidraulik\u0105 naudojanti tik viena kryptimi) arba dvipusio veikimo hidraulinis cilindras (hidraulik\u0105 naudojanti dviem kryptimis), priklausomai nuo poreiki\u0173, o kai kurie modeliai yra teleskopiniai, leid\u017eiantys didesn\u012f i\u0161pl\u0117tim\u0105 nedidinant i\u0161orini\u0173 matmen\u0173, tinkami naudoti ribotoje erdv\u0117je.<\/p>\n<\/li>\n<li>\n<h3>Kei\u010diamas<\/h3>\n<p>M\u016bs\u0173 \u012fmon\u0117 gali pagaminti \u0161\u012f produkt\u0105, o m\u016bs\u0173 produktas gali puikiai pakeisti \u0161iuos hidraulinius cilindrus.<\/p>\n<\/li>\n<li>\n<h3>Parai\u0161kos<\/h3>\n<p>Kau\u0161o cilindras gali b\u016bti naudojamas \u012fvairiai \u012frangai, pavyzd\u017eiui:<\/p>\n<ul>\n<li>Statybin\u0117 \u012franga: ekskavatoriuose jie yra b\u016btini kasant, kraunant ir perkeliant grunt\u0105 ar \u0161iuk\u0161les. Ekskavatoriuose kastuvo cilindras padeda kasti ir kelti. <\/li>\n<li>\u017dem\u0117s \u016bkio technika: naudojama frontaliniams krautuvams, dirvo\u017eemio, \u0161ieno ir kit\u0173 med\u017eiag\u0173 rinkimui, k\u0117limui ir transportavimui. <\/li>\n<li>Ekskavatoriai: Kastuvo cilindras leid\u017eia kasti, nes kastuvas gali \u012fsiskverbti \u012f dirv\u0105. <\/li>\n<li>Krautuvai: Priekiniuose krautuvuose jie padeda efektyviai kelti ir pakreipti prekes. <\/li>\n<\/ul>\n<\/li>\n<\/ul>\n<h2>Projektavimo aspektai ir atrankos kriterijai<\/h2>\n<p>Projektuojant cilindro formos svirt\u012f, reikia atsi\u017evelgti \u012f \u0161iuos dalykus:<\/p>\n<ul>\n<li>\n<h3>Guoli\u0173 talpa<\/h3>\n<p>Kau\u0161o cilindras turi tur\u0117ti pakankam\u0105 laikom\u0105j\u0105 gali\u0105, kad atlaikyt\u0173 reikiam\u0105 apkrov\u0105, u\u017etikrindamas, kad eksploatacijos metu jis nedeformuosis, ne\u012ftr\u016bks ir nesul\u016b\u0161. <\/p>\n<\/li>\n<li>\n<h3>Sandarumas ir ilgaam\u017ei\u0161kumas<\/h3>\n<p>Kau\u0161o cilindras turi pasi\u017eym\u0117ti puikiomis sandarumo savyb\u0117mis, kad b\u016bt\u0173 i\u0161vengta hidraulin\u0117s alyvos nutek\u0117jimo ir vandens\/purvo patekimo. Cilindras turi b\u016bti pagamintas i\u0161 didelio stiprumo ir atspari\u0173 dilimui med\u017eiag\u0173, o cilindro korpusas ir srieginis galas turi b\u016bti kruop\u0161\u010diai apdoroti, kad b\u016bt\u0173 padidintas atsparumas dilimui.<\/p>\n<\/li>\n<li>\n<h3>Sauga ir prie\u017ei\u016bra<\/h3>\n<p>Kau\u0161o cilindras turi b\u016bti suprojektuotas atsi\u017evelgiant \u012f saugum\u0105 ir prie\u017ei\u016br\u0105, u\u017etikrinant, kad cilindras eksploatacijos metu nesukelt\u0173 avarij\u0173 ir kad j\u012f b\u016bt\u0173 lengva i\u0161ardyti, ap\u017ei\u016br\u0117ti ir prireikus suremontuoti. <\/p>\n<\/li>\n<\/ul>\n<p><img decoding=\"async\" src=\"https:\/\/www.hydraulic-cylinders.net\/wp-content\/uploads\/2025\/01\/songte-oil-pipes-and-spare-parts.webp\" alt=\"Dali\u0173 vaizdas\"><\/p>\n<h2>Sandarinimas ir tepimas<\/h2>\n<p>Kau\u0161o cilindre naudojami \u012fvairi\u0173 tip\u0173 sandarikliai, tokie kaip st\u016bmoklio sandarikliai, strypo sandarikliai ir kt. Sandarinimo med\u017eiagos paprastai gaminamos i\u0161 atspari\u0173 dilimui med\u017eiag\u0173, toki\u0173 kaip poliuretanas ir nitrilo kau\u010diukas. Cilindro korpusas ir srieginis galinis pavir\u0161ius yra kruop\u0161\u010diai apdirbti, siekiant pagerinti atsparum\u0105 dilimui ir pailginti cilindro tarnavimo laik\u0105. Norint palaikyti kau\u0161o cilindro tepim\u0105 ir skland\u0173 veikim\u0105, b\u016btina reguliariai \u012fpilti tinkam\u0105 kiek\u012f hidraulin\u0117s alyvos.<\/p>\n<h2>Prie\u017ei\u016bra ir remontas<\/h2>\n<p>Tinkama prie\u017ei\u016bra ir remontas yra labai svarb\u016bs siekiant u\u017etikrinti efektyv\u0173 ir saug\u0173 kau\u0161o cilindro veikim\u0105. Reguliarios ap\u017ei\u016bros, tinkamas tepimas, sandarikli\u0173 keitimas ir kalibravimas yra \u012fprastos prie\u017ei\u016bros u\u017eduotys, kurias reik\u0117t\u0173 atlikti. Teisingas cilindro sulygiavimas montavimo metu yra b\u016btinas, tod\u0117l rekomenduojama naudoti tinkamus montavimo laikiklius cilindrui pritvirtinti. Rekomenduojame naudoti m\u016bs\u0173 ap\u017ei\u016bros, remonto ir keitimo programas, kad cilindro tarnavimo laikas b\u016bt\u0173 kuo ilgesnis.<\/p>\n<p><img decoding=\"async\" src=\"https:\/\/www.hydraulic-cylinders.net\/wp-content\/uploads\/2025\/01\/songte-chushion-collar.webp\" alt=\"Pagalv\u0117l\u0117s apykakl\u0117s vaizdas\"><\/p>\n<h2>Saugos aspektai ir aplinkos veiksniai<\/h2>\n<p>Naudojant kau\u0161o cilindr\u0105, b\u016btina laikytis saugos priemoni\u0173, pavyzd\u017eiui, d\u0117v\u0117ti apsaugines priemones ir reguliariai atlikti technin\u0119 prie\u017ei\u016br\u0105. Taip pat reik\u0117t\u0173 atsi\u017evelgti \u012f aplinkos veiksnius, tokius kaip temperat\u016bra, dr\u0117gm\u0117 ir dulk\u0117s, ir imtis tinkam\u0173 apsaugos priemoni\u0173, kad cilindras neb\u016bt\u0173 pa\u017eeistas.<\/p>\n<h2>Diagnostin\u0117s ir da\u017eniausios problemos<\/h2>\n<p>Kai kurios da\u017enos kau\u0161o cilindr\u0173 problemos yra alyvos nuot\u0117kis, l\u0117ta reakcija, nepakankama galia ir ne\u012fprastas triuk\u0161mas. M\u016bs\u0173 \u012fmon\u0117 gali pateikti patarim\u0173 ir sprendim\u0173 \u0161ioms problemoms spr\u0119sti, pavyzd\u017eiui, pakeisti sandariklius, i\u0161valyti alyv\u0105 ir diagnozuoti bei taisyti konstrukcines problemas.<\/p>\n<p><img decoding=\"async\" src=\"https:\/\/www.hydraulic-cylinders.net\/wp-content\/uploads\/2025\/01\/songte-bushings-with-all-kinds-of-excavator-models.webp\" alt=\"\u012evori\u0173 vaizdas\"><\/p>\n<h2>Apie m\u016bs\u0173 \u012fmon\u0119<\/h2>\n<p>M\u016bs\u0173 \u012fmon\u0117 gamina pakaitinius hidraulinius cilindrus. Tur\u0117dami plat\u0173 gamini\u0173 asortiment\u0105, tapome vienais i\u0161 pirmaujan\u010di\u0173 hidraulini\u0173 cilindr\u0173 gamintoj\u0173 ir didmenini\u0173 platintoj\u0173 vidaus ir tarptautin\u0117se rinkose. Laikom\u0117s puikios kokyb\u0117s politikos, remiam\u0117s industrializuota gamybos valdymu i\u0161tobulintame gamybos ceche, nuolat tobuliname cecho gamybos platform\u0105, tobuliname kokybi\u0161k\u0105 produkto gamybos proces\u0105 ir pasi\u017eymime stipriais k\u016brybiniais geb\u0117jimais. Si\u016blome efektyvius, tikslius ir auk\u0161tos kokyb\u0117s gaminius, kad patenkintume \u012fvairius m\u016bs\u0173 klient\u0173 poreikius.<\/p>\n<p>M\u016bs\u0173 \u012fmon\u0117 specializuojasi teikdama profesionalias, tarptautiniu mastu sertifikuotas, pritaikytas paslaugas ir gamybos \u012frang\u0105. M\u016bs\u0173 garantinio aptarnavimo paslaugos apima reguliari\u0105 technin\u0119 prie\u017ei\u016br\u0105, tepim\u0105, sandarikli\u0173 keitim\u0105 ir kalibravimo patikrinimus. Rekomenduojame naudotis m\u016bs\u0173 patikros, remonto ir keitimo programomis, kad cilindras tarnaut\u0173 kuo ilgiau.<\/p>\n<p><img decoding=\"async\" src=\"https:\/\/hzpt.com\/wp-content\/uploads\/2024\/11\/songte-company-1.webp\" alt=\"\u012emon\u0117s \u012fvaizdis\"><\/p>\n<p>Autorius: lyl<\/p>","protected":false},"excerpt":{"rendered":"<p>Bucket Cylinder For Sumitomo Middle Excavator SH200A1A2A3 Introduction The bucket cylinder for Sumitomo middle excavator SH200A1A2A3 is a specialized hydraulic cylinder used to control the movement of shovels in heavy machinery such as excavators, backhoe excavators, and front loaders. Its main purpose is to facilitate various material handling tasks by enabling the shovel to lift, [&hellip;]<\/p>","protected":false},"featured_media":14765,"comment_status":"open","ping_status":"closed","template":"","meta":{"_et_pb_use_builder":"","_et_pb_old_content":"","_et_gb_content_width":""},"product_brand":[],"product_cat":[1494],"product_tag":[1495,1496],"class_list":{"0":"post-15174","1":"product","2":"type-product","3":"status-publish","4":"has-post-thumbnail","6":"product_cat-bucket-cylinders","7":"product_tag-bucket-cylinders","8":"product_tag-hydraulic-cylinders","10":"first","11":"instock","12":"shipping-taxable","13":"product-type-simple"},"amp_enabled":true,"_links":{"self":[{"href":"https:\/\/www.hydraulic-cylinders.net\/lt\/wp-json\/wp\/v2\/product\/15174","targetHints":{"allow":["GET"]}}],"collection":[{"href":"https:\/\/www.hydraulic-cylinders.net\/lt\/wp-json\/wp\/v2\/product"}],"about":[{"href":"https:\/\/www.hydraulic-cylinders.net\/lt\/wp-json\/wp\/v2\/types\/product"}],"replies":[{"embeddable":true,"href":"https:\/\/www.hydraulic-cylinders.net\/lt\/wp-json\/wp\/v2\/comments?post=15174"}],"wp:featuredmedia":[{"embeddable":true,"href":"https:\/\/www.hydraulic-cylinders.net\/lt\/wp-json\/wp\/v2\/media\/14765"}],"wp:attachment":[{"href":"https:\/\/www.hydraulic-cylinders.net\/lt\/wp-json\/wp\/v2\/media?parent=15174"}],"wp:term":[{"taxonomy":"product_brand","embeddable":true,"href":"https:\/\/www.hydraulic-cylinders.net\/lt\/wp-json\/wp\/v2\/product_brand?post=15174"},{"taxonomy":"product_cat","embeddable":true,"href":"https:\/\/www.hydraulic-cylinders.net\/lt\/wp-json\/wp\/v2\/product_cat?post=15174"},{"taxonomy":"product_tag","embeddable":true,"href":"https:\/\/www.hydraulic-cylinders.net\/lt\/wp-json\/wp\/v2\/product_tag?post=15174"}],"curies":[{"name":"wp","href":"https:\/\/api.w.org\/{rel}","templated":true}]}}