{"id":15175,"date":"2025-01-19T14:12:01","date_gmt":"2025-01-19T14:12:01","guid":{"rendered":"https:\/\/www.hydraulic-cylinders.net\/product\/bucket-cylinder-for-sumitomo-middle-excavator-sh210-5\/"},"modified":"2025-01-19T14:12:03","modified_gmt":"2025-01-19T14:12:03","slug":"bucket-cylinder-for-sumitomo-middle-excavator-sh210-5","status":"publish","type":"product","link":"https:\/\/www.hydraulic-cylinders.net\/lt\/produktas\/bucket-cylinder-for-sumitomo-middle-excavator-sh210-5\/","title":{"rendered":"Kau\u0161o cilindras Sumitomo vidutinio ekskavatoriaus SH210-5"},"content":{"rendered":"<h1>Kau\u0161o cilindras Sumitomo vidutinio ekskavatoriaus SH210-5<\/h1>\n<h2>\u012evadas<\/h2>\n<p>\u201eSumitomo\u201c vidutinio profilio ekskavatoriaus SH210-5 kau\u0161o cilindras yra specialiai sukurtas hidraulinis cilindras, naudojamas valdyti kau\u0161o jud\u0117jim\u0105 sunkiosiose ma\u0161inose, tokiose kaip ekskavatoriai, ekskavatoriniai ekskavatoriai ir frontaliniai krautuvai. Pagrindin\u0117 jo funkcija \u2013 leisti kau\u0161ui pakilti, nuleisti ir pakreipti, tod\u0117l jis tinka \u012fvairioms med\u017eiag\u0173 tvarkymo u\u017eduotims. Hidraulin\u0117je sistemoje kau\u0161o cilindras naudoja hidraulin\u0117s alyvos sl\u0117gio poky\u010dius, kad tiksliai valdyt\u0173 kau\u0161\u0105, o tai leid\u017eia operatoriams efektyviai valdyti sunkius krovinius ir prisitaikyti prie sud\u0117tingos darbo aplinkos bei \u012fvairi\u0173 darbo reikalavim\u0173.<\/p>\n<p><img decoding=\"async\" src=\"https:\/\/www.hydraulic-cylinders.net\/wp-content\/uploads\/2025\/01\/songte-company-2.webp\" alt=\"Kau\u0161o cilindras Sumitomo vidutinio ekskavatoriaus SH210-5\"><\/p>\n<h2>Savyb\u0117s<\/h2>\n<ul>\n<li>\n<h3>Didelis stiprumas ir ilgaam\u017ei\u0161kumas<\/h3>\n<p>Kau\u0161o cilindras paprastai gaminamas i\u0161 didelio stiprumo plieno arba aliuminio, galin\u010dio atlaikyti auk\u0161t\u0105 sl\u0117g\u012f ir dideles apkrovas, prisitaikan\u010dio prie at\u0161iauri\u0173 darbo s\u0105lyg\u0173. Jo konstrukcija atsi\u017evelgia \u012f atsparum\u0105 dilimui ir korozijai, taip pailgindama jo tarnavimo laik\u0105.<\/p>\n<\/li>\n<li>\n<h3>Efektyvus hidraulinis valdymas<\/h3>\n<p>Naudodamas hidraulin\u0117s alyvos sl\u0117g\u012f skland\u017eiam i\u0161pl\u0117timui ir susitraukimui, kau\u0161o cilindras gali greitai reaguoti \u012f valdymo komandas, u\u017etikrindamas stipri\u0105 st\u016bmimo ir traukimo j\u0117g\u0105, tinkan\u010di\u0105 sunkiems kroviniams ir sud\u0117tingiems darbams atlikti.<\/p>\n<\/li>\n<li>\n<h3>\u012evair\u016bs tipai<\/h3>\n<p>Kau\u0161o cilindr\u0105 galima pasirinkti kaip vienpusio veikimo (hidraulik\u0105 naudojant tik viena kryptimi) arba dvipusio veikimo (hidraulik\u0105 naudojant abiem kryptimis) pagal poreikius ir skirtingus eksploatavimo reikalavimus. Kai kurie modeliai yra teleskopiniai, tod\u0117l juos galima labiau i\u0161tiesti nedidinant i\u0161orini\u0173 matmen\u0173, tod\u0117l jie tinka naudoti ribotoje erdv\u0117je.<\/p>\n<\/li>\n<li>\n<h3>Kei\u010diamas<\/h3>\n<p>M\u016bs\u0173 gaminiai gali puikiai pakeisti \u0161iuos hidraulinius cilindrus ir mes galime pagaminti \u0161\u012f gamin\u012f.<\/p>\n<\/li>\n<\/ul>\n<p><img decoding=\"async\" src=\"https:\/\/www.hydraulic-cylinders.net\/wp-content\/uploads\/2025\/01\/songte-cylinder-head-with-all-kinds-excavator-models.webp\" alt=\"Kau\u0161o cilindras Sumitomo vidutinio ekskavatoriaus SH210-5\"><\/p>\n<h2>Parai\u0161ka<\/h2>\n<p>Kau\u0161o cilindras yra pla\u010diai naudojamas \u012fvairiose sunkiosiose ma\u0161inose, kai kurios tipin\u0117s taikymo sritys apima:<\/p>\n<ul>\n<li>\n<h3>Statybin\u0117 \u012franga<\/h3>\n<p>Jie yra labai svarb\u016bs kasant, kraunant ir perkeliant grunt\u0105 ar \u0161iuk\u0161les ekskavatoriuose ir ekskavatoriniuose kau\u0161uose. Ekskavatoriuose kau\u0161o cilindras padeda kasti ir kelti.<\/p>\n<\/li>\n<li>\n<h3>\u017dem\u0117s \u016bkio technika<\/h3>\n<p>Naudojamas priekiniuose krautuvams, skirtiems dirvo\u017eemiui, \u0161ienui ir kitoms med\u017eiagoms semti, kelti ir transportuoti. Ekskavatoriuose kau\u0161o cilindras leid\u017eia atlikti kasimo veiksmus, leisdamas kau\u0161ui \u012fsiskverbti \u012f dirv\u0105.<\/p>\n<\/li>\n<li>\n<h3>Krautuvas<\/h3>\n<p>Priekiniuose krautuvuose jie padeda efektyviai kelti ir pakreipti krovinius.<\/p>\n<\/li>\n<\/ul>\n<h2>Projektavimo ir atrankos standartai<\/h2>\n<ul>\n<li>\n<h3>Apkrovos paj\u0117gumas<\/h3>\n<p>Kau\u0161o cilindro laikomoji galia yra esminis projektavimo aspektas. Jis turi atlaikyti sunki\u0173 krovini\u0173 svor\u012f ir vidines bei i\u0161orines j\u0117gas eksploatacijos metu.<\/p>\n<\/li>\n<li>\n<h3>Sandarinimas<\/h3>\n<p>Cilindro sandarinimas yra labai svarbus siekiant i\u0161vengti alyvos nuot\u0117kio ir hidraulin\u0117s sistemos u\u017eter\u0161imo. Tam naudojami \u012fvair\u016bs sandarinimo \u017eiedai, tokie kaip st\u016bmoklio sandarinimo \u017eiedai, strypo sandarinimo \u017eiedai ir sandarikliai, pagaminti i\u0161 atspari\u0173 dilimui med\u017eiag\u0173, toki\u0173 kaip poliuretanas ir nitrilo kau\u010diukas. Cilindro korpusas ir sriegio galo pavir\u0161ius yra kruop\u0161\u010diai apdorojami, kad b\u016bt\u0173 padidintas atsparumas dilimui. Cilindr\u0105 reikia reguliariai pildyti atitinkamu kiekiu hidraulin\u0117s alyvos tepimui.<\/p>\n<\/li>\n<li>\n<h3>Patvarumas ir saugumas<\/h3>\n<p>Kau\u0161o cilindras turi b\u016bti patvarus, kad atlaikyt\u0173 at\u0161iaurias darbo s\u0105lygas ir dideles apkrovas. Taip pat reikia atsi\u017evelgti \u012f saugos reikalavimus, siekiant u\u017etikrinti, kad eksploatacijos metu jis atitikt\u0173 saugos standartus. <\/p>\n<\/li>\n<li>\n<h3>Prie\u017ei\u016bra<\/h3>\n<p>Siekiant u\u017etikrinti optimal\u0173 veikim\u0105, cilindr\u0105 reikia periodi\u0161kai tikrinti, reguliariai tepti ir keisti sandariklius. Taip pat reikia tiksliai sumontuoti ir sulygiuoti, naudojant tinkamus montavimo laikiklius cilindrui pritvirtinti.<\/p>\n<\/li>\n<\/ul>\n<p><img decoding=\"async\" src=\"https:\/\/www.hydraulic-cylinders.net\/wp-content\/uploads\/2025\/01\/songte-oil-pipes-and-spare-parts.webp\" alt=\"Kau\u0161o cilindras Sumitomo vidutinio ekskavatoriaus SH210-5\"><\/p>\n<h2>Prie\u017ei\u016bros vadovas<\/h2>\n<p>Toliau pateikiami \u012fprasti kau\u0161o cilindr\u0173 prie\u017ei\u016bros darbai:<\/p>\n<ul>\n<li>\n<h3>Reguliarus patikrinimas<\/h3>\n<p>Reguliariai tikrinkite cilindr\u0105, kad nustatytum\u0117te bet kokius susid\u0117v\u0117jimus ar nuot\u0117kius.<\/p>\n<\/li>\n<li>\n<h3>Tepimas<\/h3>\n<p>Reguliariai sutepkite cilindr\u0105, kad jis veikt\u0173 skland\u017eiai.<\/p>\n<\/li>\n<li>\n<h3>Sandariklio keitimas ir kalibravimo patikrinimas<\/h3>\n<p>Reguliariai keiskite susid\u0117v\u0117jusius sandariklius ir tikrinkite kalibravim\u0105.<\/p>\n<\/li>\n<\/ul>\n<p>Svarbu teisingai sumontuoti, sutepti ir sureguliuoti cilindr\u0105 montavimo metu, kad b\u016bt\u0173 u\u017etikrintas optimalus veikimas. Montuojant reikia pateikti tinkamas lygiavimo gaires ir naudoti atitinkamus montavimo laikiklius cilindrui pritvirtinti. Rekomenduojame rekomenduojamas patikros, remonto ir keitimo proced\u016bras, kad kau\u0161o cilindras tarnaut\u0173 ilgiau.<\/p>\n<p><img decoding=\"async\" src=\"https:\/\/www.hydraulic-cylinders.net\/wp-content\/uploads\/2025\/01\/songte-chushion-collar.webp\" alt=\"Kau\u0161o cilindras Sumitomo vidutinio ekskavatoriaus SH210-5\"><\/p>\n<h2>Saugos ir aplinkosaugos aspektai<\/h2>\n<p>Naudojant kau\u0161o cilindr\u0105, reikia imtis tinkam\u0173 saugos priemoni\u0173, kad b\u016bt\u0173 i\u0161vengta su\u017ealojim\u0173. Cilindr\u0105 tur\u0117t\u0173 naudoti tik apmokyti darbuotojai, turintys tinkam\u0105 saugos \u012frang\u0105 ir laikydamiesi saugos taisykli\u0173. Aplinkosaugos aspektai apima tinkam\u0105 panaudotos hidraulin\u0117s alyvos utilizavim\u0105 ir aplinkosaugos taisykli\u0173 laikym\u0105si gamybos ir eksploatavimo metu.<\/p>\n<p><img decoding=\"async\" src=\"https:\/\/hzpt.com\/wp-content\/uploads\/2024\/11\/songte-company-1.webp\" alt=\"Kau\u0161o cilindras Sumitomo vidutinio ekskavatoriaus SH210-5\"><\/p>\n<h2>Gedim\u0173 diagnostika ir da\u017eniausios problemos<\/h2>\n<p>Kau\u0161o cilindras gali susidurti su kai kuriomis \u012fprastomis problemomis, \u012fskaitant alyvos nuot\u0117k\u012f, prast\u0105 veikim\u0105 ir ne\u012fprast\u0105 triuk\u0161m\u0105. Nepakankamas tepimas ir sandarikli\u0173 susid\u0117v\u0117jimas yra da\u017enos \u0161i\u0173 problem\u0173 prie\u017eastys. Nor\u0117dami diagnozuoti ir i\u0161spr\u0119sti problemas, rekomenduojame pasikonsultuoti su profesionaliu in\u017einieriumi, kad b\u016bt\u0173 u\u017etikrinta teisinga diagnoz\u0117 ir veiksmingi sprendimai. Nor\u0117dami i\u0161vengti galim\u0173 problem\u0173, si\u016blome imtis prevencini\u0173 priemoni\u0173, pvz., periodi\u0161kai tikrinti, tinkamai tepti ir keisti susid\u0117v\u0117jusius sandariklius.<\/p>\n<p><img decoding=\"async\" src=\"https:\/\/www.hydraulic-cylinders.net\/wp-content\/uploads\/2025\/01\/songte-bushings-with-all-kinds-of-excavator-models.webp\" alt=\"Kau\u0161o cilindras Sumitomo vidutinio ekskavatoriaus SH210-5\"><\/p>\n<h2>Apie m\u016bs\u0173 \u012fmon\u0119<\/h2>\n<p>Esame pakaitini\u0173 hidraulini\u0173 cilindr\u0173 gamintojas, si\u016blantis plat\u0173 gamini\u0173 asortiment\u0105, ir tapome vienu i\u0161 pirmaujan\u010di\u0173 hidraulini\u0173 cilindr\u0173 gamintoj\u0173 ir didmenini\u0173 platintoj\u0173 vidaus ir tarptautin\u0117se rinkose. Laikom\u0117s puikios kokyb\u0117s, remiam\u0117s industrializuotomis gamybos valdymo strategijomis, kurias palaiko modernios gamybos dirbtuv\u0117s, nuolat tobuliname dirbtuvi\u0173 gamybos platform\u0105, geriname gamini\u0173 gamybos kokyb\u0119 ir pasi\u017eymime stipriu k\u016brybi\u0161kumu. Siekiame patenkinti \u012fvairius klient\u0173 poreikius, taikydami didelio efektyvumo, didelio tikslumo ir auk\u0161tos kokyb\u0117s principus.<\/p>\n<p>M\u016bs\u0173 \u012fmon\u0117 specializuojasi teikdama profesionalias paslaugas, individualiai pritaikytas paslaugas ir tarptautinius sertifikatus. Mes naudojame pa\u017eangi\u0105 gamybos \u012frang\u0105 ir profesionalias testavimo sistemas, siekdami pagerinti gamini\u0173 kokyb\u0119 ir teikti i\u0161samias garantinio aptarnavimo paslaugas. Mes nuolat tobuliname savo gamybos paj\u0117gumus ir gamini\u0173 kokyb\u0119 ir peln\u0117me klient\u0173 pasitik\u0117jim\u0105 bei pagyrimus d\u0117l puiki\u0173 gamini\u0173 ir paslaug\u0173.<\/p>\n<p><img decoding=\"async\" src=\"https:\/\/www.hydraulic-cylinders.net\/wp-content\/uploads\/2025\/01\/songte-company-3.webp\" alt=\"Kau\u0161o cilindras Sumitomo vidutinio ekskavatoriaus SH210-5\"><\/p>\n<p>Autorius: lyl.<\/p>","protected":false},"excerpt":{"rendered":"<p>Bucket Cylinder For Sumitomo Middle Excavator SH210-5 Introduction The bucket cylinder for Sumitomo middle excavator SH210-5 is a specially designed hydraulic cylinder used to control the movement of the bucket in heavy machinery such as excavators, backhoe excavators, and front-end loaders. Its main function is to enable the bucket to lift, lower, and tilt, making [&hellip;]<\/p>","protected":false},"featured_media":14762,"comment_status":"open","ping_status":"closed","template":"","meta":{"_et_pb_use_builder":"","_et_pb_old_content":"","_et_gb_content_width":""},"product_brand":[],"product_cat":[1494],"product_tag":[1495,1496],"class_list":{"0":"post-15175","1":"product","2":"type-product","3":"status-publish","4":"has-post-thumbnail","6":"product_cat-bucket-cylinders","7":"product_tag-bucket-cylinders","8":"product_tag-hydraulic-cylinders","10":"first","11":"instock","12":"shipping-taxable","13":"product-type-simple"},"amp_enabled":true,"_links":{"self":[{"href":"https:\/\/www.hydraulic-cylinders.net\/lt\/wp-json\/wp\/v2\/product\/15175","targetHints":{"allow":["GET"]}}],"collection":[{"href":"https:\/\/www.hydraulic-cylinders.net\/lt\/wp-json\/wp\/v2\/product"}],"about":[{"href":"https:\/\/www.hydraulic-cylinders.net\/lt\/wp-json\/wp\/v2\/types\/product"}],"replies":[{"embeddable":true,"href":"https:\/\/www.hydraulic-cylinders.net\/lt\/wp-json\/wp\/v2\/comments?post=15175"}],"wp:featuredmedia":[{"embeddable":true,"href":"https:\/\/www.hydraulic-cylinders.net\/lt\/wp-json\/wp\/v2\/media\/14762"}],"wp:attachment":[{"href":"https:\/\/www.hydraulic-cylinders.net\/lt\/wp-json\/wp\/v2\/media?parent=15175"}],"wp:term":[{"taxonomy":"product_brand","embeddable":true,"href":"https:\/\/www.hydraulic-cylinders.net\/lt\/wp-json\/wp\/v2\/product_brand?post=15175"},{"taxonomy":"product_cat","embeddable":true,"href":"https:\/\/www.hydraulic-cylinders.net\/lt\/wp-json\/wp\/v2\/product_cat?post=15175"},{"taxonomy":"product_tag","embeddable":true,"href":"https:\/\/www.hydraulic-cylinders.net\/lt\/wp-json\/wp\/v2\/product_tag?post=15175"}],"curies":[{"name":"wp","href":"https:\/\/api.w.org\/{rel}","templated":true}]}}