{"id":15177,"date":"2025-01-19T14:12:08","date_gmt":"2025-01-19T14:12:08","guid":{"rendered":"https:\/\/www.hydraulic-cylinders.net\/product\/bucket-cylinder-for-sumitomo-middle-excavator-sh240-5lr\/"},"modified":"2025-01-19T14:12:10","modified_gmt":"2025-01-19T14:12:10","slug":"bucket-cylinder-for-sumitomo-middle-excavator-sh240-5lr","status":"publish","type":"product","link":"https:\/\/www.hydraulic-cylinders.net\/lt\/produktas\/bucket-cylinder-for-sumitomo-middle-excavator-sh240-5lr\/","title":{"rendered":"Kau\u0161o cilindras Sumitomo vidutinio dyd\u017eio ekskavatoriui SH240-5LR"},"content":{"rendered":"<h1>Kau\u0161o cilindras Sumitomo vidutinio dyd\u017eio ekskavatoriui SH240-5LR<\/h1>\n<h2>\u012evadas<\/h2>\n<p>Kau\u0161o cilindras yra specialiai sukurtas hidraulinis cilindras, naudojamas valdyti kau\u0161o jud\u0117jim\u0105 sunkiosiose ma\u0161inose, tokiose kaip ekskavatoriai, ekskavatoriniai krautuvai ir frontaliniai krautuvai. Pagrindin\u0117 jo funkcija \u2013 leisti pakelti, nuleisti ir pakreipti kau\u0161\u0105, taip palengvinant \u012fvairias med\u017eiag\u0173 tvarkymo u\u017eduotis. Hidraulin\u0117je sistemoje kau\u0161o cilindras tiksliai valdo kau\u0161\u0105 keisdamas hidraulin\u0117s alyvos sl\u0117g\u012f, tod\u0117l operatoriai gali efektyviai valdyti sunkius krovinius ir prisitaikyti prie sud\u0117tingos darbo aplinkos bei \u012fvairi\u0173 darbo reikalavim\u0173.<\/p>\n<p><img decoding=\"async\" src=\"https:\/\/www.hydraulic-cylinders.net\/wp-content\/uploads\/2025\/01\/songte-company-2.webp\" alt=\"Kau\u0161o cilindro vaizdas\"><\/p>\n<h2>Savyb\u0117s<\/h2>\n<ul>\n<li>\n<h3>Didelis stiprumas ir ilgaam\u017ei\u0161kumas<\/h3>\n<p>Kau\u0161\u0173 cilindrai paprastai gaminami i\u0161 didelio stiprumo plieno arba aliuminio, kurie gali atlaikyti auk\u0161t\u0105 sl\u0117g\u012f ir dideles apkrovas, prisitaikydami prie at\u0161iauri\u0173 darbo s\u0105lyg\u0173. Projektuojant atsi\u017evelgiama \u012f atsparum\u0105 dilimui ir korozijai, taip prailginant tarnavimo laik\u0105.<\/p>\n<\/li>\n<li>\n<h3>Efektyvus hidraulinis valdymas<\/h3>\n<p>Kau\u0161\u0173 cilindrai naudoja hidraulin\u0117s alyvos sl\u0117g\u012f, kad pasiekt\u0173 skland\u017eius i\u0161pl\u0117timo ir susitraukimo judesius, greitai reaguot\u0173 \u012f valdymo komandas, u\u017etikrint\u0173 galingas st\u016bmimo ir traukimo j\u0117gas ir b\u016bt\u0173 tinkami sunkiems kroviniams ir sud\u0117tingoms darbo u\u017eduotims atlikti.<\/p>\n<\/li>\n<li>\n<h3>\u012evair\u016bs tipai<\/h3>\n<p>Kau\u0161\u0173 cilindrai gali b\u016bti vienpusio veikimo (hidrauliniai, naudojami viena kryptimi) arba dvipusio veikimo (hidrauliniai, naudojami abiem kryptimis), priklausomai nuo reikalavim\u0173. Kai kurie modeliai yra teleskopiniai, tod\u0117l juos galima labiau prailginti nedidinant i\u0161orini\u0173 matmen\u0173, tod\u0117l jie tinka ten, kur erdv\u0117 ribota.<\/p>\n<\/li>\n<li>\n<h3>Puikus pakeitimas<\/h3>\n<p>M\u016bs\u0173 gaminiai gali puikiai pakeisti \u0161iuos hidraulinius cilindrus. Mes galime pagaminti \u0161\u012f gamin\u012f.<\/p>\n<\/li>\n<\/ul>\n<p><img decoding=\"async\" src=\"https:\/\/www.hydraulic-cylinders.net\/wp-content\/uploads\/2025\/01\/songte-cylinder-head-with-all-kinds-excavator-models.webp\" alt=\"Kau\u0161o cilindro pakeitimo paveiksl\u0117lis\"><\/p>\n<h2>Parai\u0161kos<\/h2>\n<p>Kau\u0161\u0173 cilindrai gali b\u016bti naudojami \u012fvairiose pramon\u0117s \u0161akose, \u012fskaitant:<\/p>\n<ul>\n<li>\n<h3>Statybin\u0117 \u012franga<\/h3>\n<p>Ekskavatoriuose kau\u0161o cilindrai yra b\u016btini kasant, kraunant ir perkeliant grunt\u0105 ar \u0161iuk\u0161les. Ekskavatoriuose-krautuvuose kau\u0161o cilindrai padeda tiek kasti, tiek kelti. <\/p>\n<\/li>\n<li>\n<h3>\u017dem\u0117s \u016bkio technika<\/h3>\n<p>Kau\u0161\u0173 cilindrai naudojami frontaliniams krautuvams, dirvo\u017eemiui, \u0161ienui ir kitoms med\u017eiagoms surinkti, pakelti ir transportuoti. <\/p>\n<\/li>\n<li>\n<h3>Ekskavatoriai<\/h3>\n<p>Kau\u0161o cilindras leid\u017eia kau\u0161ams prasiskverbti \u012f dirv\u0105 ir atlikti kasimo judesius. <\/p>\n<\/li>\n<li>\n<h3>Krautuvas<\/h3>\n<p>Priekini\u0173 krautuv\u0173 kau\u0161\u0173 cilindrai padeda efektyviai pakelti ir i\u0161pilti prekes. <\/p>\n<\/li>\n<\/ul>\n<h2>Projektavimo aspektai ir atrankos standartai<\/h2>\n<p>Projektuodami ir pasirinkdami kau\u0161o cilindrus, in\u017einieriai turi atsi\u017evelgti \u012f \u0161iuos dalykus:<\/p>\n<ul>\n<li>\n<h3>Guoli\u0173 talpa<\/h3>\n<p>Cilindro keliamoji galia turi b\u016bti pakankama, kad atlaikyt\u0173 krovinio svor\u012f.<\/p>\n<\/li>\n<li>\n<h3>Sandarinimo efektyvumas<\/h3>\n<p>\u012evair\u016bs sandarinimo komponentai, tokie kaip st\u016bmokli\u0173 ir stryp\u0173 sandarikliai, turi b\u016bti pagaminti i\u0161 atspari\u0173 dilimui med\u017eiag\u0173, toki\u0173 kaip poliuretanas ir nitrilo kau\u010diukas, kad b\u016bt\u0173 u\u017etikrintas geras sandarumas ir i\u0161vengta alyvos nutek\u0117jimo.<\/p>\n<\/li>\n<li>\n<h3>Patvarumas<\/h3>\n<p>Balionas turi b\u016bti suprojektuotas taip, kad atlaikyt\u0173 nusid\u0117v\u0117jim\u0105, korozij\u0105 ir kitoki\u0105 \u017eal\u0105 per ilg\u0105 laik\u0105.<\/p>\n<\/li>\n<li>\n<h3>Saugumas<\/h3>\n<p>Balionas turi b\u016bti saugus naudoti, su tinkamomis saugos priemon\u0117mis ir \u012fsp\u0117jamosiomis sistemomis. <\/p>\n<\/li>\n<li>\n<h3>Prie\u017ei\u016bra<\/h3>\n<p>Cilindras turi b\u016bti lengvai pri\u017ei\u016brimas, lengvai prieinamos atsargin\u0117s dalys, remonto ir atnaujinimo paslaugos.<\/p>\n<\/li>\n<\/ul>\n<p><img decoding=\"async\" src=\"https:\/\/www.hydraulic-cylinders.net\/wp-content\/uploads\/2025\/01\/songte-oil-pipes-and-spare-parts.webp\" alt=\"Kau\u0161o cilindro atsargini\u0173 dali\u0173 vaizdas\"><\/p>\n<h2>Sandarinimas ir tepimas<\/h2>\n<p>Kau\u0161\u0173 cilindrams reikalingi \u012fvair\u016bs sandarikliai, tokie kaip st\u016bmokli\u0173 ir kot\u0173 sandarikliai, pagaminti i\u0161 atspari\u0173 dilimui med\u017eiag\u0173, toki\u0173 kaip poliuretanas ir nitrilo kau\u010diukas, kurios u\u017etikrina ger\u0105 sandarum\u0105 ir apsaugo nuo alyvos nutek\u0117jimo. Cilindro korpusas, kotas ir sriegio gal\u0173 pavir\u0161iai yra tiksliai apdirbti, siekiant pagerinti atsparum\u0105 dilimui. Tepimui reikia reguliariai \u012fpilti reikiam\u0105 kiek\u012f hidraulin\u0117s alyvos.<\/p>\n<h2>Prie\u017ei\u016bra ir remontas<\/h2>\n<p>Reguliarus patikrinimas ir profilaktin\u0117 prie\u017ei\u016bra yra b\u016btini siekiant u\u017etikrinti optimal\u0173 kau\u0161ini\u0173 cilindr\u0173 veikim\u0105 ir ilgaam\u017ei\u0161kum\u0105. Kai kurios \u012fprastos prie\u017ei\u016bros u\u017eduotys apima tinkam\u0105 tepim\u0105, reguliar\u0173 sandarikli\u0173 keitim\u0105 ir kalibravimo patikrinimus. Teisingas montavimas, tepimas ir reguliavimas yra labai svarb\u016bs siekiant u\u017etikrinti kau\u0161ini\u0173 cilindr\u0173 ilgaam\u017ei\u0161kum\u0105 ir patvarum\u0105. \u0160ie patarimai gali pad\u0117ti veiksmingai diagnozuoti ir i\u0161spr\u0119sti problemas:<\/p>\n<ul>\n<li>\n<h3>Reguliarus patikrinimas<\/h3>\n<p>Reguliarus patikrinimas gali pad\u0117ti nustatyti galimas problemas, kol jos dar nepasirei\u0161k\u0117.<\/p>\n<\/li>\n<li>\n<h3>Tinkamas tepimas<\/h3>\n<p>Tinkamas tepimas gali pad\u0117ti i\u0161vengti susid\u0117v\u0117jimo ir pailginti cilindro tarnavimo laik\u0105.<\/p>\n<\/li>\n<li>\n<h3>Sandariklio keitimas<\/h3>\n<p>Norint u\u017etikrinti optimal\u0173 sandarinimo efektyvum\u0105, b\u016btina da\u017enai keisti sandarinimo tarpin\u0119. <\/p>\n<\/li>\n<li>\n<h3>Tinkamas montavimas ir reguliavimas<\/h3>\n<p>Tinkamas cilindro montavimas ir reguliavimas yra labai svarb\u016bs jo ilgaam\u017ei\u0161kumui ir patvarumui. <\/p>\n<\/li>\n<\/ul>\n<p><img decoding=\"async\" src=\"https:\/\/www.hydraulic-cylinders.net\/wp-content\/uploads\/2025\/01\/songte-chushion-collar.webp\" alt=\"Kau\u0161o cilindro montavimo paveiksl\u0117lis\"><\/p>\n<h2>Saugos aspektai ir aplinkos veiksniai<\/h2>\n<p>Naudojant kau\u0161inius cilindrus, reikia imtis saugos priemoni\u0173, kad b\u016bt\u0173 i\u0161vengta su\u017ealojim\u0173 ir \u012frangos sugadinimo. Taip pat reikia atsi\u017evelgti \u012f aplinkos veiksnius, tokius kaip temperat\u016bra, dr\u0117gm\u0117 ir dulk\u0117s, ir \u012f juos atkreipti d\u0117mes\u012f, kad b\u016bt\u0173 i\u0161laikytas optimalus veikimas ir ilgaam\u017ei\u0161kumas. <\/p>\n<h2>Gedim\u0173 diagnostika ir trik\u010di\u0173 \u0161alinimas<\/h2>\n<p>Kai kurios da\u017enos kau\u0161o cilindr\u0173 problemos yra alyvos nuot\u0117kis, nepakankamas sl\u0117gis ir prastas sandarumas. Teisinga diagnoz\u0117 ir trik\u010di\u0173 \u0161alinimas gali pad\u0117ti efektyviai ir veiksmingai i\u0161spr\u0119sti problemas. Reguliarus techninis aptarnavimas ir ap\u017ei\u016bra gali pad\u0117ti i\u0161vengti toki\u0173 problem\u0173 atsiradimo.<\/p>\n<p><img decoding=\"async\" src=\"https:\/\/www.hydraulic-cylinders.net\/wp-content\/uploads\/2025\/01\/songte-bushings-with-all-kinds-of-excavator-models.webp\" alt=\"Kau\u0161o cilindro problem\u0173 paveiksl\u0117lis\"><\/p>\n<h2>Apie m\u016bs\u0173 \u012fmon\u0119<\/h2>\n<p>Esame hidraulini\u0173 cilindr\u0173, galin\u010di\u0173 pakeisti originalius cilindrus, gamintojas. M\u016bs\u0173 \u012fmon\u0117 turi plat\u0173 gamini\u0173 asortiment\u0105 ir yra viena i\u0161 pirmaujan\u010di\u0173 hidraulini\u0173 cilindr\u0173 gamintoj\u0173 ir didmeninink\u0173 vidaus ir tarptautin\u0117se rinkose. Mes laikom\u0117s auk\u0161\u010diausios kokyb\u0117s princip\u0173, remiam\u0117s puiki\u0173 gamybos dirbtuvi\u0173 pramonin\u0117s gamybos valdymo strategijomis ir nuolat tobuliname gamybos platform\u0105 bei dirbtuvi\u0173 gamybos kokyb\u0119, pasitelkdami techninius talentus, auk\u0161\u010diausios klas\u0117s skaitmenin\u0119 gamybos \u012frang\u0105 ir profesionalias testavimo sistemas. Turime stiprius k\u016brybinius geb\u0117jimus, efektyviai, tiksliai ir laikydamiesi auk\u0161tos kokyb\u0117s princip\u0173 tenkiname \u012fvairius klient\u0173 poreikius. <\/p>\n<p><img decoding=\"async\" src=\"https:\/\/hzpt.com\/wp-content\/uploads\/2024\/11\/songte-company-1.webp\" alt=\"\u012emon\u0117s \u012fvaizdis\"><\/p>\n<h3>Specialyb\u0117<\/h3>\n<p>Mes specializuojam\u0117s hidraulini\u0173 cilindr\u0173, kurie gali pakeisti originalius cilindrus, gamyboje.<\/p>\n<h3>Tarptautinis sertifikavimas<\/h3>\n<p>M\u016bs\u0173 gaminiai yra sertifikuoti pagal ISO9001, CE ir kitus tarptautinius standartus, o tai u\u017etikrina j\u0173 kokyb\u0119 ir patikimum\u0105. <\/p>\n<h3>Pritaikymo paslauga<\/h3>\n<p>M\u016bs\u0173 \u012fmon\u0117 teikia individualiai pritaikytas paslaugas, kad patenkint\u0173 konkre\u010dius klient\u0173 poreikius.<\/p>\n<h3>Gamybos \u012franga<\/h3>\n<p>M\u016bs\u0173 dirbtuv\u0117s apr\u016bpintos pa\u017eangiomis kompiuteriu valdomomis tekinimo stakl\u0117mis, CNC apdirbimo centrais ir kita didelio tikslumo \u012franga, u\u017etikrinan\u010dia m\u016bs\u0173 gamini\u0173 kokyb\u0119 ir tikslum\u0105. <\/p>\n<h3>Aptarnavimas po pardavimo<\/h3>\n<p>Mes teikiame klientams puik\u0173 aptarnavim\u0105 po pardavimo, \u012fskaitant gamini\u0173 prie\u017ei\u016br\u0105, remont\u0105 ir keitim\u0105.<\/p>\n<h4>Autorius: lyl<\/h4>","protected":false},"excerpt":{"rendered":"<p>Bucket Cylinder For Sumitomo Middle Excavator SH240-5LR Introduction A bucket cylinder is a specially designed hydraulic cylinder used to control the movement of the bucket in heavy machinery such as excavators, backhoe loaders, and front-end loaders. Its main function is to enable lifting, lowering and tilting of the bucket, thus facilitating various material handling tasks. [&hellip;]<\/p>","protected":false},"featured_media":14789,"comment_status":"open","ping_status":"closed","template":"","meta":{"_et_pb_use_builder":"","_et_pb_old_content":"","_et_gb_content_width":""},"product_brand":[],"product_cat":[1494],"product_tag":[1495,1496],"class_list":{"0":"post-15177","1":"product","2":"type-product","3":"status-publish","4":"has-post-thumbnail","6":"product_cat-bucket-cylinders","7":"product_tag-bucket-cylinders","8":"product_tag-hydraulic-cylinders","10":"first","11":"instock","12":"shipping-taxable","13":"product-type-simple"},"amp_enabled":true,"_links":{"self":[{"href":"https:\/\/www.hydraulic-cylinders.net\/lt\/wp-json\/wp\/v2\/product\/15177","targetHints":{"allow":["GET"]}}],"collection":[{"href":"https:\/\/www.hydraulic-cylinders.net\/lt\/wp-json\/wp\/v2\/product"}],"about":[{"href":"https:\/\/www.hydraulic-cylinders.net\/lt\/wp-json\/wp\/v2\/types\/product"}],"replies":[{"embeddable":true,"href":"https:\/\/www.hydraulic-cylinders.net\/lt\/wp-json\/wp\/v2\/comments?post=15177"}],"wp:featuredmedia":[{"embeddable":true,"href":"https:\/\/www.hydraulic-cylinders.net\/lt\/wp-json\/wp\/v2\/media\/14789"}],"wp:attachment":[{"href":"https:\/\/www.hydraulic-cylinders.net\/lt\/wp-json\/wp\/v2\/media?parent=15177"}],"wp:term":[{"taxonomy":"product_brand","embeddable":true,"href":"https:\/\/www.hydraulic-cylinders.net\/lt\/wp-json\/wp\/v2\/product_brand?post=15177"},{"taxonomy":"product_cat","embeddable":true,"href":"https:\/\/www.hydraulic-cylinders.net\/lt\/wp-json\/wp\/v2\/product_cat?post=15177"},{"taxonomy":"product_tag","embeddable":true,"href":"https:\/\/www.hydraulic-cylinders.net\/lt\/wp-json\/wp\/v2\/product_tag?post=15177"}],"curies":[{"name":"wp","href":"https:\/\/api.w.org\/{rel}","templated":true}]}}