{"id":15180,"date":"2025-01-19T14:12:21","date_gmt":"2025-01-19T14:12:21","guid":{"rendered":"https:\/\/www.hydraulic-cylinders.net\/product\/bucket-cylinder-for-sumitomo-middle-excavator-sh210lc-5\/"},"modified":"2025-01-19T14:12:23","modified_gmt":"2025-01-19T14:12:23","slug":"bucket-cylinder-for-sumitomo-middle-excavator-sh210lc-5","status":"publish","type":"product","link":"https:\/\/www.hydraulic-cylinders.net\/lt\/produktas\/bucket-cylinder-for-sumitomo-middle-excavator-sh210lc-5\/","title":{"rendered":"Kau\u0161o cilindras Sumitomo vidutinio ekskavatoriaus SH210LC-5"},"content":{"rendered":"<h1>Kau\u0161o cilindras Sumitomo vidutinio ekskavatoriaus SH210LC-5<\/h1>\n<h2>\u012evadas<\/h2>\n<p>\u201eSumitomo\u201c vidutinio profilio ekskavatoriaus SH210LC-5 kau\u0161o cilindras yra hidraulinis cilindras, specialiai sukurtas valdyti kau\u0161o jud\u0117jim\u0105 sunkiosiose ma\u0161inose, tokiose kaip ekskavatoriai, ekskavatoriniai ekskavatoriai ir frontaliniai krautuvai. Pagrindin\u0117 jo funkcija \u2013 leisti kau\u0161ui jud\u0117ti auk\u0161tyn, \u017eemyn ir pakreipti, kad b\u016bt\u0173 lengviau atlikti \u012fvairias med\u017eiag\u0173 tvarkymo u\u017eduotis. Hidraulin\u0117je sistemoje kau\u0161o cilindras tiksliai valdo kau\u0161o jud\u0117jim\u0105 keisdamas hidraulin\u0117s alyvos sl\u0117g\u012f, tod\u0117l operatoriai gali efektyviai valdyti sunkius krovinius ir prisitaikyti prie sud\u0117tingos darbo aplinkos bei \u012fvairi\u0173 eksploatacini\u0173 poreiki\u0173.<\/p>\n<p><img decoding=\"async\" src=\"https:\/\/www.hydraulic-cylinders.net\/wp-content\/uploads\/2025\/01\/songte-company-2.webp\" alt=\"Kau\u0161o cilindras Sumitomo vidutinio ekskavatoriaus SH210LC-5\"\/><\/p>\n<h2>Savyb\u0117s<\/h2>\n<ul>\n<li>Didelis stiprumas ir ilgaam\u017ei\u0161kumas: paprastai pagaminti i\u0161 didelio stiprumo plieno arba aliuminio, galintys atlaikyti auk\u0161t\u0105 sl\u0117g\u012f ir dideles apkrovas, tinkami at\u0161iaurioms darbo aplinkoms, sukurti atsi\u017evelgiant \u012f atsparum\u0105 dilimui ir korozijai, siekiant pailginti tarnavimo laik\u0105.<\/li>\n<li>Efektyvus hidraulinis veikimas: hidraulin\u0117s alyvos sl\u0117gio panaudojimas skland\u017eiam i\u0161pl\u0117timui ir susitraukimui, greitas reagavimas \u012f valdymo komandas, galinga st\u016bmimo ir traukimo j\u0117ga, tinka sunkiems kroviniams ir sud\u0117tingoms eksploatavimo u\u017eduotims atlikti.<\/li>\n<li>\u012evair\u016bs tipai: pagal poreikius ir skirtingus eksploatacinius reikalavimus galima pasirinkti vienpusio veikimo (hidraulinis variklis naudojamas tik viena kryptimi) arba dvipusio veikimo (hidraulinis variklis naudojamas abiem kryptimis) cilindrus. Kai kurie modeliai yra teleskopiniai, tod\u0117l galima atlikti didesnius prailginimus nedidinant i\u0161orini\u0173 matmen\u0173, tod\u0117l tinka naudoti ribotoje erdv\u0117je.<\/li>\n<li>Kei\u010diamas: M\u016bs\u0173 gaminiai gali puikiai pakeisti \u0161iuos hidraulinius cilindrus.<\/li>\n<\/ul>\n<p><img decoding=\"async\" src=\"https:\/\/www.hydraulic-cylinders.net\/wp-content\/uploads\/2025\/01\/songte-cylinder-head-with-all-kinds-excavator-models.webp\" alt=\"Kau\u0161o cilindras Sumitomo vidutinio ekskavatoriaus SH210LC-5\"\/><\/p>\n<h2>Parai\u0161kos<\/h2>\n<p>Kau\u0161\u0173 cilindrai yra pla\u010diai naudojami \u012fvairiose srityse, \u012fskaitant:<\/p>\n<ul>\n<li>Statybin\u0117 \u012franga: ekskavatoriams b\u016btina kasti, krauti ir perkelti grunt\u0105 ar \u0161iuk\u0161les. Ekskavatoriuose kau\u0161o cilindras padeda tiek kasant, tiek keliant \u017eem\u0119. <\/li>\n<li>\u017dem\u0117s \u016bkio technika: Naudojama priekiniams krautuvams dirvo\u017eemiui, \u0161ienui ir kitoms med\u017eiagoms semti, kelti ir transportuoti. <\/li>\n<li>Ekskavatoriai: Kau\u0161o cilindras leid\u017eia atlikti kasimo veiksmus, leisdamas kau\u0161ui \u012fsiskverbti \u012f dirv\u0105.<\/li>\n<li>Krautuvai: Priekiniuose krautuvuose jie padeda efektyviai pakelti ir i\u0161krauti prekes.<\/li>\n<\/ul>\n<h2>Projektavimo aspektai ir atrankos kriterijai<\/h2>\n<p>Projektuojant ir renkantis cilindro formos svirt\u012f, reikia atsi\u017evelgti \u012f kelis veiksnius:<\/p>\n<ul>\n<li>Keliamoji galia: Cilindras turi b\u016bti paj\u0117gus atlaikyti taikymo metu reikaling\u0105 apkrov\u0105 ir sl\u0117g\u012f.<\/li>\n<li>Sandarinimas: Siekiant i\u0161vengti hidraulini\u0173 skys\u010di\u0173 nuot\u0117kio ir u\u017eter\u0161imo, naudojami \u012fvair\u016bs sandarikliai, pavyzd\u017eiui, st\u016bmokli\u0173 ir stryp\u0173 sandarikliai.<\/li>\n<li>Patvarumas: Cilindras turi atlaikyti at\u0161iaurias darbo s\u0105lygas, b\u016bti atsparus dilimui ir korozijai, kad b\u016bt\u0173 pailgintas jo tarnavimo laikas.<\/li>\n<li>Sauga: Tinkamas cilindro montavimas, naudojimas ir prie\u017ei\u016bra yra b\u016btini norint u\u017etikrinti saug\u0173 veikim\u0105.<\/li>\n<li>Prie\u017ei\u016bra: Reguliarus patikrinimas ir prie\u017ei\u016bra padeda i\u0161vengti problem\u0173 ir pailginti cilindro tarnavimo laik\u0105.<\/li>\n<\/ul>\n<p><img decoding=\"async\" src=\"https:\/\/www.hydraulic-cylinders.net\/wp-content\/uploads\/2025\/01\/songte-oil-pipes-and-spare-parts.webp\" alt=\"Kau\u0161o cilindras Sumitomo vidutinio ekskavatoriaus SH210LC-5\"\/><\/p>\n<h2>Sandarinimas ir tepimas<\/h2>\n<p>Kau\u0161\u0173 cilindrams reikalingi \u012fvair\u016bs sandarikliai, tokie kaip st\u016bmokli\u0173 ir kot\u0173 sandarikliai, pagaminti i\u0161 atspari\u0173 dilimui med\u017eiag\u0173, toki\u0173 kaip poliuretanas ir nitrilo kau\u010diukas. Cilindro korpusas ir srieginis galinis pavir\u0161ius yra kruop\u0161\u010diai apdirbti, siekiant padidinti atsparum\u0105 dilimui. Taip pat b\u016btina tinkamai sutepti hidrauline alyva, kad b\u016bt\u0173 u\u017etikrintas sklandus veikimas.<\/p>\n<h2>Prie\u017ei\u016bra ir remontas<\/h2>\n<p>Tinkama kau\u0161o cilindr\u0173 prie\u017ei\u016bra ir remontas yra b\u016btini norint pailginti j\u0173 tarnavimo laik\u0105 ir i\u0161vengti problem\u0173. Kai kurios prie\u017ei\u016bros u\u017eduotys apima:<\/p>\n<ul>\n<li>Reguliarus patikrinimas, siekiant anksti nustatyti ir pa\u0161alinti problemas.<\/li>\n<li>Tinkamas tepimas, u\u017etikrinantis skland\u0173 veikim\u0105.<\/li>\n<li>Prireikus kei\u010diamos sandarinimo tarpin\u0117s, siekiant i\u0161vengti nuot\u0117kio ir u\u017eter\u0161imo.<\/li>\n<\/ul>\n<p><img decoding=\"async\" src=\"https:\/\/www.hydraulic-cylinders.net\/wp-content\/uploads\/2025\/01\/songte-chushion-collar.webp\" alt=\"Kau\u0161o cilindras Sumitomo vidutinio ekskavatoriaus SH210LC-5\"\/><\/p>\n<h2>Saugos ir aplinkosaugos aspektai<\/h2>\n<p>Kau\u0161\u0173 cilindrai turi b\u016bti tinkamai sumontuoti, naudojami ir pri\u017ei\u016brimi, kad b\u016bt\u0173 u\u017etikrintas saugus eksploatavimas. Tinkamas panaudot\u0173 hidraulini\u0173 skys\u010di\u0173 ir cilindr\u0173 komponent\u0173 utilizavimas taip pat padeda apsaugoti aplink\u0105.<\/p>\n<h2>Trik\u010di\u0173 \u0161alinimas ir da\u017eniausios problemos<\/h2>\n<p>Kai kurios da\u017enos kau\u0161o cilindr\u0173 problemos yra nuot\u0117kis, cilindro korpuso pa\u017eeidimas ir netinkamas veikimas. Trik\u010di\u0173 \u0161alinimo patarimai ir \u0161i\u0173 problem\u0173 sprendimai:<\/p>\n<ul>\n<li>Patikrinkite, ar n\u0117ra pa\u017eeist\u0173 sandarikli\u0173, ir prireikus pakeiskite juos.<\/li>\n<li>Cilindro korpuso ap\u017ei\u016bra, ar n\u0117ra pa\u017eeidim\u0173, ir prireikus pakeitimas.<\/li>\n<li>U\u017etikrinant tinkam\u0105 tepim\u0105 ir veikim\u0105.<\/li>\n<\/ul>\n<p><img decoding=\"async\" src=\"https:\/\/www.hydraulic-cylinders.net\/wp-content\/uploads\/2025\/01\/songte-bushings-with-all-kinds-of-excavator-models.webp\" alt=\"Kau\u0161o cilindras Sumitomo vidutinio ekskavatoriaus SH210LC-5\"\/><\/p>\n<h2>Apie m\u016bs\u0173 \u012fmon\u0119<\/h2>\n<p>Esame pakaitini\u0173 hidraulini\u0173 cilindr\u0173 gamintojas. M\u016bs\u0173 \u012fmon\u0117 si\u016blo plat\u0173 gamini\u0173 asortiment\u0105 ir tapo viena i\u0161 pirmaujan\u010di\u0173 hidraulini\u0173 cilindr\u0173 gamintoj\u0173 ir didmenini\u0173 platintoj\u0173 vidaus ir tarptautin\u0117se rinkose. Laikom\u0117s puikios kokyb\u0117s principo ir remiam\u0117s industrializuota gamybos valdymo strategija, sukurta smulkiosios gamybos dirbtuv\u0117se, kad nuolat tobulintume gamybos platform\u0105 ir gerintume gamini\u0173 kokyb\u0117s linij\u0105. Turime stiprius k\u016brybinius geb\u0117jimus ir tenkiname \u012fvairius klient\u0173 poreikius, vadovaudamiesi didelio efektyvumo, didelio tikslumo ir auk\u0161tos kokyb\u0117s principais.<\/p>\n<p><img decoding=\"async\" src=\"https:\/\/hzpt.com\/wp-content\/uploads\/2024\/11\/songte-company-1.webp\" alt=\"Kau\u0161o cilindras Sumitomo vidutinio ekskavatoriaus SH210LC-5\"\/><\/p>\n<h2>Apie m\u016bs\u0173 paslaugas<\/h2>\n<p>Siekdami u\u017etikrinti klient\u0173 pasitenkinim\u0105, teikiame profesionalias paslaugas, tarptautinius sertifikatus, pritaikytas paslaugas, gamybos \u012frang\u0105 ir garantin\u012f aptarnavim\u0105.<\/p>\n<ul>\n<li>Profesionalumas: Turime profesional\u0173 komand\u0105, kuri gali pasi\u016blyti klientams individualius sprendimus.<\/li>\n<li>Tarptautinis sertifikatas: M\u016bs\u0173 gaminiai yra gav\u0119 \u012fvairius tarptautinius sertifikatus, tokius kaip ISO9001 ir CE.<\/li>\n<li>Individualiai pritaikytos paslaugos: teikiame individualiai pritaikytas paslaugas, kad patenkintume \u012fvairius klient\u0173 poreikius.<\/li>\n<li>Gamybos \u012franga: Turime pa\u017eangi\u0105 gamybos \u012frang\u0105, u\u017etikrinan\u010di\u0105 gamini\u0173 kokyb\u0119 ir efektyvum\u0105.<\/li>\n<li>Aptarnavimas po pardavimo: teikiame aptarnavim\u0105 po pardavimo, siekdami u\u017etikrinti klient\u0173 pasitenkinim\u0105.<\/li>\n<\/ul>\n<h3>Autorius: lyl.<\/h3>","protected":false},"excerpt":{"rendered":"<p>Bucket Cylinder For Sumitomo Middle Excavator SH210LC-5 Introduction The Bucket Cylinder for Sumitomo Middle Excavator SH210LC-5 is a hydraulic cylinder designed specifically to control the movement of the bucket in heavy machinery such as excavators, backhoe excavators, and front-end loaders. Its main function is to enable the bucket to move up, down, and tilt, making [&hellip;]<\/p>","protected":false},"featured_media":14785,"comment_status":"open","ping_status":"closed","template":"","meta":{"_et_pb_use_builder":"","_et_pb_old_content":"","_et_gb_content_width":""},"product_brand":[],"product_cat":[1494],"product_tag":[1495,1496],"class_list":{"0":"post-15180","1":"product","2":"type-product","3":"status-publish","4":"has-post-thumbnail","6":"product_cat-bucket-cylinders","7":"product_tag-bucket-cylinders","8":"product_tag-hydraulic-cylinders","10":"first","11":"instock","12":"shipping-taxable","13":"product-type-simple"},"amp_enabled":true,"_links":{"self":[{"href":"https:\/\/www.hydraulic-cylinders.net\/lt\/wp-json\/wp\/v2\/product\/15180","targetHints":{"allow":["GET"]}}],"collection":[{"href":"https:\/\/www.hydraulic-cylinders.net\/lt\/wp-json\/wp\/v2\/product"}],"about":[{"href":"https:\/\/www.hydraulic-cylinders.net\/lt\/wp-json\/wp\/v2\/types\/product"}],"replies":[{"embeddable":true,"href":"https:\/\/www.hydraulic-cylinders.net\/lt\/wp-json\/wp\/v2\/comments?post=15180"}],"wp:featuredmedia":[{"embeddable":true,"href":"https:\/\/www.hydraulic-cylinders.net\/lt\/wp-json\/wp\/v2\/media\/14785"}],"wp:attachment":[{"href":"https:\/\/www.hydraulic-cylinders.net\/lt\/wp-json\/wp\/v2\/media?parent=15180"}],"wp:term":[{"taxonomy":"product_brand","embeddable":true,"href":"https:\/\/www.hydraulic-cylinders.net\/lt\/wp-json\/wp\/v2\/product_brand?post=15180"},{"taxonomy":"product_cat","embeddable":true,"href":"https:\/\/www.hydraulic-cylinders.net\/lt\/wp-json\/wp\/v2\/product_cat?post=15180"},{"taxonomy":"product_tag","embeddable":true,"href":"https:\/\/www.hydraulic-cylinders.net\/lt\/wp-json\/wp\/v2\/product_tag?post=15180"}],"curies":[{"name":"wp","href":"https:\/\/api.w.org\/{rel}","templated":true}]}}