{"id":15188,"date":"2025-01-19T14:12:58","date_gmt":"2025-01-19T14:12:58","guid":{"rendered":"https:\/\/www.hydraulic-cylinders.net\/product\/bucket-cylinder-for-sumitomo-large-excavator-sh300-5\/"},"modified":"2025-01-19T14:13:01","modified_gmt":"2025-01-19T14:13:01","slug":"bucket-cylinder-for-sumitomo-large-excavator-sh300-5","status":"publish","type":"product","link":"https:\/\/www.hydraulic-cylinders.net\/lt\/produktas\/bucket-cylinder-for-sumitomo-large-excavator-sh300-5\/","title":{"rendered":"Kau\u0161o cilindras Sumitomo dideliam ekskavatoriui SH300-5"},"content":{"rendered":"<h1>Kau\u0161o cilindras Sumitomo dideliam ekskavatoriui SH300-5<\/h1>\n<h2>\u012evadas<\/h2>\n<p>Kau\u0161o cilindras, skirtas \u201eSumitomo\u201c dideliems ekskavatoriams SH300-5, yra specialiai sukurtas hidraulinis cilindras, naudojamas valdyti kau\u0161o jud\u0117jim\u0105 sunkiosiose ma\u0161inose, tokiose kaip ekskavatoriai, ekskavatoriniai krautuvai ir frontaliniai krautuvai. Jo pagrindin\u0117 funkcija \u2013 leisti pakelti, nuleisti ir pakreipti kau\u0161\u0105, kad b\u016bt\u0173 lengviau atlikti \u012fvairias med\u017eiag\u0173 tvarkymo u\u017eduotis. Hidraulin\u0117je sistemoje kau\u0161o cilindras tiksliai valdo kau\u0161\u0105, naudodamas hidraulin\u0117s alyvos sl\u0117gio poky\u010dius, tod\u0117l operatoriai gali efektyviai valdyti sunkius krovinius ir prisitaikyti prie sud\u0117tingos darbo aplinkos bei \u012fvairi\u0173 eksploatavimo reikalavim\u0173.<\/p>\n<p><img decoding=\"async\" src=\"https:\/\/www.hydraulic-cylinders.net\/wp-content\/uploads\/2025\/01\/songte-company-2.webp\" alt=\"Kau\u0161o cilindro vaizdas\"><\/p>\n<h2>Savyb\u0117s<\/h2>\n<ul>\n<li><strong>Didelis stiprumas ir ilgaam\u017ei\u0161kumas:<\/strong> Paprastai i\u0161 didelio stiprumo plieno arba aliuminio pagamintas kau\u0161o cilindras gali atlaikyti auk\u0161t\u0105 sl\u0117g\u012f ir dideles apkrovas, prisitaikydamas prie at\u0161iauri\u0173 darbo s\u0105lyg\u0173. Konstrukcijoje atsi\u017evelgiama \u012f atsparum\u0105 dilimui ir korozijai, taip pailginant tarnavimo laik\u0105.<\/li>\n<li><strong>Efektyvus hidraulinis valdymas:<\/strong> Naudodamas hidraulin\u0117s alyvos sl\u0117g\u012f, kau\u0161o cilindras skland\u017eiai i\u0161tiesia ir atitraukia, greitai reaguoja \u012f valdymo komandas ir sukuria galingas st\u016bmimo bei traukimo j\u0117gas, tinkamas sunkiems kroviniams kelti ir sud\u0117tingoms eksploatavimo u\u017eduotims atlikti.<\/li>\n<li><strong>Universal\u016bs tipai:<\/strong> Kau\u0161o cilindr\u0105 galima pasirinkti kaip vienpusio veikimo (hidraulinis sl\u0117gis naudojamas tik viena kryptimi) arba dvipusio veikimo (hidraulinis sl\u0117gis naudojamas abiem kryptimis), atsi\u017evelgiant \u012f skirtingus eksploatavimo poreikius. Kai kurie modeliai yra teleskopiniai, tod\u0117l galimas didesnis i\u0161pl\u0117timas nedidinant i\u0161orini\u0173 matmen\u0173, tod\u0117l tinka naudoti ribotoje erdv\u0117je.<\/li>\n<li><strong>Puikus pakeitimas:<\/strong> M\u016bs\u0173 gaminiai gali puikiai pakeisti \u0161iuos hidraulinius cilindrus, u\u017etikrindami t\u0105 pat\u012f funkcionalum\u0105 ir suderinamum\u0105.<\/li>\n<\/ul>\n<p><img decoding=\"async\" src=\"https:\/\/www.hydraulic-cylinders.net\/wp-content\/uploads\/2025\/01\/songte-cylinder-head-with-all-kinds-excavator-models.webp\" alt=\"Produkto vaizdas\"><\/p>\n<h2>Parai\u0161kos<\/h2>\n<p>\u201eSumitomo\u201c didelio ekskavatoriaus SH300-5 kau\u0161o cilindras naudojamas \u012fvairiose pramon\u0117s \u0161akose:<\/p>\n<h3>Statybin\u0117 \u012franga:<\/h3>\n<p>Ekskavatoriuose jie yra b\u016btini kasant, kraunant ir perkeliant grunt\u0105 ar \u0161iuk\u0161les. Ekskavatoriuose krautuvuose kau\u0161o cilindras padeda tiek kasant, tiek keliant.<\/p>\n<h3>\u017dem\u0117s \u016bkio technika:<\/h3>\n<p>Naudojamas frontaliniuose krautuvuose dirvo\u017eemiui, \u0161ienui ir kitoms med\u017eiagoms semti, kelti ir transportuoti.<\/p>\n<h3>Ekskavatoriai:<\/h3>\n<p>Kau\u0161o cilindras leid\u017eia atlikti kasimo veiksmus, leisdamas kau\u0161ui \u012fsiskverbti \u012f dirv\u0105.<\/p>\n<h3>Krautuvai:<\/h3>\n<p>Priekiniuose krautuvuose jie padeda efektyviai pakelti ir i\u0161krauti prekes.<\/p>\n<h2>Projektavimo aspektai ir atrankos kriterijai<\/h2>\n<p>Projektuojant \u201eSumitomo\u201c didelio ekskavatoriaus SH300-5 kau\u0161o cilindr\u0105, atsi\u017evelgiama \u012f \u012fvairius veiksnius:<\/p>\n<ul>\n<li><strong>Apkrovos paj\u0117gumas:<\/strong> Cilindras suprojektuotas taip, kad atlaikyt\u0173 reikiamas apkrovas ir patikimai veikt\u0173 \u012fvairiomis eksploatavimo s\u0105lygomis.<\/li>\n<li><strong>Sandarinimas:<\/strong> Siekiant u\u017etikrinti efektyv\u0173 sandarinim\u0105, naudojami \u012fvair\u016bs sandarinimo elementai, tokie kaip st\u016bmokli\u0173 ir kot\u0173 sandarikliai, pagaminti i\u0161 atspari\u0173 dilimui med\u017eiag\u0173, toki\u0173 kaip poliuretanas ir nitrilo kau\u010diukas. Cilindro korpusas ir srieginiai galai yra kruop\u0161\u010diai apdorojami, siekiant pagerinti atsparum\u0105 dilimui.<\/li>\n<li><strong>Patvarumas:<\/strong> Cilindras pagamintas i\u0161 auk\u0161tos kokyb\u0117s med\u017eiag\u0173 ir yra kruop\u0161\u010diai i\u0161bandytas, siekiant u\u017etikrinti jo patvarum\u0105 ir ilgaam\u017ei\u0161kum\u0105.<\/li>\n<li><strong>Saugumas:<\/strong> \u012e konstrukcij\u0105 \u012ftrauktos saugos funkcijos, skirtos i\u0161vengti nelaiming\u0173 atsitikim\u0173 ir u\u017etikrinti operatoriaus apsaug\u0105 eksploatacijos metu.<\/li>\n<li><strong>Prie\u017ei\u016bra:<\/strong> Cilindras suprojektuotas taip, kad b\u016bt\u0173 lengva j\u012f pri\u017ei\u016br\u0117ti, jame yra lengvai prieinami komponentai ir ai\u0161kios instrukcijos, kaip j\u012f patikrinti, sutepti ir pakeisti.<\/li>\n<\/ul>\n<p><img decoding=\"async\" src=\"https:\/\/www.hydraulic-cylinders.net\/wp-content\/uploads\/2025\/01\/songte-oil-pipes-and-spare-parts.webp\" alt=\"Produkto vaizdas\"><\/p>\n<h2>Sandarinimas ir tepimas<\/h2>\n<p>\u201eSumitomo\u201c didelio ekskavatoriaus SH300-5 kau\u0161o cilindre naudojami \u012fvair\u016bs sandarinimo elementai, tokie kaip st\u016bmokli\u0173 ir stryp\u0173 sandarikliai, kurie pagaminti i\u0161 atspari\u0173 dilimui med\u017eiag\u0173, toki\u0173 kaip poliuretanas ir nitrilo kau\u010diukas. Cilindro korpusas ir srieginiai galai yra kruop\u0161\u010diai apdoroti, siekiant pagerinti atsparum\u0105 dilimui. Siekiant u\u017etikrinti skland\u0173 veikim\u0105, rekomenduojama reguliariai tepti atitinkamu hidraulin\u0117s alyvos kiekiu.<\/p>\n<h2>Reguliarus patikrinimas ir prevencin\u0117 prie\u017ei\u016bra<\/h2>\n<ul>\n<li>Reguliariai tikrinkite, ar n\u0117ra susid\u0117v\u0117jimo, pa\u017eeidim\u0173 ar nuot\u0117kio po\u017eymi\u0173.<\/li>\n<li>U\u017etikrinkite tinkam\u0105 vis\u0173 judan\u010di\u0173 dali\u0173 ir sandarikli\u0173 sutepim\u0105.<\/li>\n<li>Reguliariai keiskite susid\u0117v\u0117jusius sandariklius ir komponentus, kad i\u0161laikytum\u0117te optimal\u0173 na\u0161um\u0105.<\/li>\n<\/ul>\n<h2>Teisingas gaminio montavimas<\/h2>\n<p>Tinkamas kau\u0161o cilindro montavimas \u201eSumitomo Large Excavator SH300-5\u201c yra labai svarbus jo veikimui ir ilgaam\u017ei\u0161kumui:<\/p>\n<ul>\n<li>Montuodami u\u017etikrinkite teising\u0105 cilindro sulygiavim\u0105.<\/li>\n<li>Cilindrui pritvirtinti naudokite tinkamus tvirtinimo laikiklius.<\/li>\n<li>Laikykit\u0117s rekomenduojam\u0173 patikrinimo, remonto ir keitimo proced\u016br\u0173.<\/li>\n<li>Pateikite nurodymus, kaip teisingai sulygiuoti cilindr\u0105 montavimo proceso metu.<\/li>\n<li>Rekomenduojama naudoti tinkamus tvirtinimo laikiklius, kad cilindras b\u016bt\u0173 tvirtai pritvirtintas.<\/li>\n<li>Pateikite patarim\u0173, kaip patikrinti, remontuoti ir pakeisti dalis, kad pailg\u0117t\u0173 kau\u0161o cilindro tarnavimo laikas.<\/li>\n<\/ul>\n<p><img decoding=\"async\" src=\"https:\/\/www.hydraulic-cylinders.net\/wp-content\/uploads\/2025\/01\/songte-chushion-collar.webp\" alt=\"Produkto vaizdas\"><\/p>\n<h2>Saugos aspektai ir aplinkos veiksniai<\/h2>\n<p>Naudojant kau\u0161o cilindr\u0105 \u201eSumitomo\u201c dideliam ekskavatoriui SH300-5, svarbu laikytis saugos priemoni\u0173, kad b\u016bt\u0173 i\u0161vengta nelaiming\u0173 atsitikim\u0173, ir atsi\u017evelgti \u012f aplinkos veiksnius, kad b\u016bt\u0173 suma\u017eintas neigiamas poveikis.<\/p>\n<h2>Trik\u010di\u0173 \u0161alinimas ir da\u017eniausiai pasitaikan\u010dios problemos<\/h2>\n<p>Da\u017eniausios problemos ir j\u0173 sprendimai, susij\u0119 su \u201eSumitomo Large Excavator SH300-5\u201c kau\u0161o cilindru:<\/p>\n<ul>\n<li>Problema: Nuot\u0117kis i\u0161 cilindro.<\/li>\n<li>Sprendimas: patikrinkite ir pakeiskite susid\u0117v\u0117jusius sandariklius arba pa\u017eeistus komponentus.<\/li>\n<li>Problema: Nepakankamas arba netolygus kau\u0161o jud\u0117jimas.<\/li>\n<li>Sprendimas: patikrinkite ir sureguliuokite hidraulin\u012f sl\u0117g\u012f, patikrinkite, ar hidraulin\u0117je sistemoje n\u0117ra u\u017esikim\u0161im\u0173 ar nuot\u0117ki\u0173.<\/li>\n<li>Problema: Ne\u012fprastas triuk\u0161mas veikimo metu.<\/li>\n<li>Sprendimas: patikrinkite, ar n\u0117ra atsilaisvinusi\u0173 ar susid\u0117v\u0117jusi\u0173 komponent\u0173, ap\u017ei\u016br\u0117kite hidraulin\u0119 sistem\u0105, ar n\u0117ra koki\u0173 nors problem\u0173.<\/li>\n<\/ul>\n<p>Vadovaudamiesi \u0161iais trik\u010di\u0173 \u0161alinimo patarimais ir sprendimais, skaitytojai gali veiksmingai diagnozuoti ir i\u0161spr\u0119sti problemas, taip pat \u012fgyvendinti prevencines priemones, kad suma\u017eint\u0173 galimas problemas.<\/p>\n<p><img decoding=\"async\" src=\"https:\/\/www.hydraulic-cylinders.net\/wp-content\/uploads\/2025\/01\/songte-bushings-with-all-kinds-of-excavator-models.webp\" alt=\"Produkto vaizdas\"><\/p>\n<p>Nepamir\u0161kite logi\u0161kai sutvarkyti straipsnio, naudoti paantra\u0161tes lengvam nar\u0161ymui, \u012ftraukti atitinkam\u0173 vaizd\u0173 ar diagram\u0173, kad b\u016bt\u0173 lengviau suprasti, ir u\u017etikrinti, kad turinys b\u016bt\u0173 ai\u0161kus, glaustas ir tinkamas skaitytojams, turintiems skirting\u0105 technini\u0173 \u017eini\u0173 lyg\u012f.<\/p>\n<h2>Apie m\u016bs\u0173 \u012fmon\u0119<\/h2>\n<p>Esame gamintojas, kurio specializacija \u2013 pakaitini\u0173 hidraulini\u0173 cilindr\u0173 gamyba. Tur\u0117dami plat\u0173 gamini\u0173 asortiment\u0105, tapome vienu i\u0161 pirmaujan\u010di\u0173 hidraulini\u0173 cilindr\u0173 gamintoj\u0173 ir didmenini\u0173 platintoj\u0173 vidaus ir tarptautin\u0117se rinkose. Savo modernioje gamybos dirbtuv\u0117je laikom\u0117s puikios kokyb\u0117s princip\u0173 ir taikome industrializuoto gamybos valdymo strategijas. Naudodami technologinius talentus, pa\u017eangi\u0105 skaitmenin\u0119 gamybos \u012frang\u0105 ir profesionalias testavimo sistemas, nuolat tobuliname savo gamybos platform\u0105, optimizuojame gamini\u0173 kokyb\u0117s gamybos linij\u0105 ir turime stipri\u0173 inovacij\u0173 galimybi\u0173. Mes tenkiname \u012fvairius klient\u0173 poreikius, taikydami auk\u0161t\u0105 efektyvum\u0105, didel\u012f tikslum\u0105 ir auk\u0161tos kokyb\u0117s principus.<\/p>\n<p><img","protected":false},"excerpt":{"rendered":"<p>Bucket Cylinder For Sumitomo Large Excavator SH300-5 Introduction The Bucket Cylinder for Sumitomo Large Excavator SH300-5 is a specially designed hydraulic cylinder used to control the movement of the bucket in heavy machinery such as excavators, backhoe loaders, and front loaders. Its main function is to enable the lifting, lowering, and tilting of the bucket, [&hellip;]<\/p>","protected":false},"featured_media":14769,"comment_status":"open","ping_status":"closed","template":"","meta":{"_et_pb_use_builder":"","_et_pb_old_content":"","_et_gb_content_width":""},"product_brand":[],"product_cat":[1494],"product_tag":[1495,1496],"class_list":{"0":"post-15188","1":"product","2":"type-product","3":"status-publish","4":"has-post-thumbnail","6":"product_cat-bucket-cylinders","7":"product_tag-bucket-cylinders","8":"product_tag-hydraulic-cylinders","10":"first","11":"instock","12":"shipping-taxable","13":"product-type-simple"},"amp_enabled":true,"_links":{"self":[{"href":"https:\/\/www.hydraulic-cylinders.net\/lt\/wp-json\/wp\/v2\/product\/15188","targetHints":{"allow":["GET"]}}],"collection":[{"href":"https:\/\/www.hydraulic-cylinders.net\/lt\/wp-json\/wp\/v2\/product"}],"about":[{"href":"https:\/\/www.hydraulic-cylinders.net\/lt\/wp-json\/wp\/v2\/types\/product"}],"replies":[{"embeddable":true,"href":"https:\/\/www.hydraulic-cylinders.net\/lt\/wp-json\/wp\/v2\/comments?post=15188"}],"wp:featuredmedia":[{"embeddable":true,"href":"https:\/\/www.hydraulic-cylinders.net\/lt\/wp-json\/wp\/v2\/media\/14769"}],"wp:attachment":[{"href":"https:\/\/www.hydraulic-cylinders.net\/lt\/wp-json\/wp\/v2\/media?parent=15188"}],"wp:term":[{"taxonomy":"product_brand","embeddable":true,"href":"https:\/\/www.hydraulic-cylinders.net\/lt\/wp-json\/wp\/v2\/product_brand?post=15188"},{"taxonomy":"product_cat","embeddable":true,"href":"https:\/\/www.hydraulic-cylinders.net\/lt\/wp-json\/wp\/v2\/product_cat?post=15188"},{"taxonomy":"product_tag","embeddable":true,"href":"https:\/\/www.hydraulic-cylinders.net\/lt\/wp-json\/wp\/v2\/product_tag?post=15188"}],"curies":[{"name":"wp","href":"https:\/\/api.w.org\/{rel}","templated":true}]}}