{"id":15192,"date":"2025-01-19T14:13:15","date_gmt":"2025-01-19T14:13:15","guid":{"rendered":"https:\/\/www.hydraulic-cylinders.net\/product\/bucket-cylinder-for-sumitomo-large-excavator-sh460hd-5\/"},"modified":"2025-01-19T14:13:17","modified_gmt":"2025-01-19T14:13:17","slug":"bucket-cylinder-for-sumitomo-large-excavator-sh460hd-5","status":"publish","type":"product","link":"https:\/\/www.hydraulic-cylinders.net\/lt\/produktas\/bucket-cylinder-for-sumitomo-large-excavator-sh460hd-5\/","title":{"rendered":"Kau\u0161o cilindras Sumitomo dideliam ekskavatoriui SH460HD-5"},"content":{"rendered":"<p><!DOCTYPE html><br \/>\n<html><\/p>\n<p><head><br \/>\n    <title>Kau\u0161o cilindras Sumitomo dideliam ekskavatoriui SH460HD-5<\/title><br \/>\n<\/head><\/p>\n<p><body><\/p>\n<h1>Kau\u0161o cilindras Sumitomo dideliam ekskavatoriui SH460HD-5<\/h1>\n<h2>Apibr\u0117\u017eimas<\/h2>\n<p>A bucket cylinder is a specially designed hydraulic cylinder used to control the movement of the bucket in heavy machinery such as excavators, backhoe loaders, and front loaders. Its main function is to allow the bucket to be raised, lowered, and tilted for various material handling tasks. In a hydraulic system, the bucket cylinder precisely controls the bucket&#8217;s movements through changes in hydraulic oil pressure, enabling operators to efficiently handle heavy loads and adapt to complex work environments and diverse operational requirements.<\/p>\n<p>    <img decoding=\"async\" src=\"https:\/\/www.hydraulic-cylinders.net\/wp-content\/uploads\/2025\/01\/songte-company-2.webp\"><\/p>\n<h2>Savyb\u0117s<\/h2>\n<ul>\n<li>Didelis stiprumas ir ilgaam\u017ei\u0161kumas: Paprastai pagaminti i\u0161 didelio stiprumo plieno arba aliuminio, galintys atlaikyti didel\u012f sl\u0117g\u012f ir dideles apkrovas, pritaikyti at\u0161iaurioms darbo s\u0105lygoms, suprojektuoti atsi\u017evelgiant \u012f atsparum\u0105 dilimui ir korozijai, siekiant pailginti j\u0173 tarnavimo laik\u0105.<\/li>\n<li>Efektyvus hidraulinis veikimas: Naudoja hidraulin\u0117s alyvos sl\u0117g\u012f, kad b\u016bt\u0173 pasiekti skland\u016bs i\u0161pl\u0117timo ir atitraukimo judesiai, greitai reaguoja \u012f valdymo komandas, u\u017etikrina galingas st\u016bmimo ir traukimo j\u0117gas, tinkamas sunkiems kroviniams kelti ir sud\u0117tingoms eksploatavimo u\u017eduotims atlikti.<\/li>\n<li>\u012evair\u016bs tipai: Galima \u012fsigyti vieno veikimo (hidraulinis sl\u0117gis naudojamas tik viena kryptimi) arba dvigubo veikimo (hidraulinis sl\u0117gis naudojamas abiem kryptimis) cilindr\u0173, kad atitikt\u0173 skirtingus eksploatacinius reikalavimus. Kai kurie modeliai yra teleskopiniai, tod\u0117l juos galima labiau i\u0161tiesti nedidinant i\u0161orini\u0173 matmen\u0173, tod\u0117l jie tinka naudoti ribotoje erdv\u0117je.<\/li>\n<\/ul>\n<p>    <img decoding=\"async\" src=\"https:\/\/www.hydraulic-cylinders.net\/wp-content\/uploads\/2025\/01\/songte-cylinder-head-with-all-kinds-excavator-models.webp\"><\/p>\n<h2>Parai\u0161kos<\/h2>\n<ul>\n<li>Statybin\u0117 \u012franga: ji randama ekskavatoriuose ir yra labai svarbi kasant, kraunant ir perkeliant grunt\u0105 ar \u0161iuk\u0161les. Ekskavatoriuose kau\u0161o cilindras padeda tiek kasti, tiek kelti.<\/li>\n<li>\u017dem\u0117s \u016bkio technika: naudojama frontaliniuose krautuvuose dirvo\u017eemiui, \u0161ienui ir kitoms med\u017eiagoms kasti, kelti ir transportuoti.<\/li>\n<li>Ekskavatoriai: Kau\u0161o cilindras leid\u017eia atlikti kasimo veiksmus, leisdamas kau\u0161ui \u012fsiskverbti \u012f dirv\u0105.<\/li>\n<li>Priekiniai krautuvai: Priekiniuose krautuvuose jie padeda efektyviai kelti ir pakreipti krovinius.<\/li>\n<\/ul>\n<h2>Projektavimo aspektai ir atrankos kriterijai<\/h2>\n<ul>\n<li>Bearing Capacity: Discuss the cylinder&#8217;s load-bearing capacity and how it influences design considerations.<\/li>\n<li>Sandarinimas: Paai\u0161kinkite tinkamo sandarinimo svarb\u0105 siekiant i\u0161vengti nuot\u0117ki\u0173 ir u\u017etikrinti efektyv\u0173 veikim\u0105.<\/li>\n<li>Patvarumas: Aptarkite cilindro poreik\u012f atlaikyti at\u0161iaurias s\u0105lygas ir nusid\u0117v\u0117jim\u0105.<\/li>\n<li>Saugumas: pabr\u0117\u017ekite saugos funkcij\u0173 ir aspekt\u0173 svarb\u0105 projektuojant.<\/li>\n<li>Prie\u017ei\u016bra: Aptarkite cilindro prie\u017ei\u016bros ir remonto paprastum\u0105.<\/li>\n<\/ul>\n<p>    <img decoding=\"async\" src=\"https:\/\/www.hydraulic-cylinders.net\/wp-content\/uploads\/2025\/01\/songte-oil-pipes-and-spare-parts.webp\"><\/p>\n<h2>Sandarinimas ir tepimas<\/h2>\n<p>The bucket cylinder utilizes various seals, such as piston seals and rod seals, made of wear-resistant materials like polyurethane and nitrile rubber. The cylinder body and threaded ends undergo fine processing to enhance wear resistance. Regular lubrication with appropriate hydraulic oil is necessary to ensure smooth operation and extend the cylinder&#8217;s lifespan.<\/p>\n<h2>Reguliarus patikrinimas ir prevencin\u0117 prie\u017ei\u016bra<\/h2>\n<ul>\n<li>Reguliariai tikrinkite cilindr\u0105, ar n\u0117ra pa\u017eeidim\u0173 ar susid\u0117v\u0117jimo po\u017eymi\u0173.<\/li>\n<li>Tinkamas tepimas tur\u0117t\u0173 b\u016bti atliekamas rekomenduojamais intervalais.<\/li>\n<li>Tarpin\u0117s tur\u0117t\u0173 b\u016bti pakeistos, jei jose matyti nusid\u0117v\u0117jimo po\u017eymi\u0173.<\/li>\n<li>Siekiant u\u017etikrinti tiksl\u0173 veikim\u0105, reikia atlikti kalibravimo patikrinimus.<\/li>\n<\/ul>\n<h2>Diegimo vadovas<\/h2>\n<p>Proper installation is crucial for the bucket cylinder&#8217;s performance. Aligning the cylinder correctly during installation is essential. It is recommended to use appropriate mounting brackets to secure the cylinder in place. The guide should provide step-by-step instructions for installation, including alignment and mounting procedures.<\/p>\n<h2>Prie\u017ei\u016bros u\u017eduotys<\/h2>\n<ul>\n<li>Reguliar\u016bs patikrinimai<\/li>\n<li>Tinkamas tepimas<\/li>\n<li>Sandariklio keitimas<\/li>\n<li>Kalibravimo patikrinimai<\/li>\n<\/ul>\n<p>    <img decoding=\"async\" src=\"https:\/\/www.hydraulic-cylinders.net\/wp-content\/uploads\/2025\/01\/songte-chushion-collar.webp\"><\/p>\n<h2>Saugos aspektai ir aplinkos veiksniai<\/h2>\n<p>Naudojant kau\u0161o cilindr\u0105, itin svarbu laikytis saugos priemoni\u0173, kad b\u016bt\u0173 i\u0161vengta nelaiming\u0173 atsitikim\u0173 ir su\u017ealojim\u0173. Taip pat reik\u0117t\u0173 atsi\u017evelgti \u012f aplinkos veiksnius, pavyzd\u017eiui, vengti alyvos nuot\u0117kio, kuris gal\u0117t\u0173 pakenkti aplinkai.<\/p>\n<h2>Gedim\u0173 diagnostika ir da\u017eniausios problemos<\/h2>\n<p>Aptarkite da\u017eniausiai pasitaikan\u010dius kau\u0161o cilindro gedimus ir pateikite trik\u010di\u0173 \u0161alinimo patarimus bei sprendimus, kad problemos b\u016bt\u0173 veiksmingai diagnozuojamos ir pa\u0161alinamos. Pasi\u016blykite prevencines priemones, kad b\u016bt\u0173 suma\u017eintos galimos problemos.<\/p>\n<p>    <img decoding=\"async\" src=\"https:\/\/www.hydraulic-cylinders.net\/wp-content\/uploads\/2025\/01\/songte-bushings-with-all-kinds-of-excavator-models.webp\"><\/p>\n<p>Nepamir\u0161kite straipsn\u012f strukt\u016brizuoti logi\u0161kai, naudoti paantra\u0161tes lengvam nar\u0161ymui, \u012ftraukti atitinkam\u0173 vaizd\u0173 ar diagram\u0173, kad b\u016bt\u0173 lengviau suprasti, ir u\u017etikrinti, kad turinys b\u016bt\u0173 ai\u0161kus, glaustas ir tinkamas skaitytojams, turintiems skirting\u0105 technini\u0173 \u017eini\u0173 lyg\u012f.<\/p>\n<h2>M\u016bs\u0173 \u012fmon\u0117<\/h2>\n<p>Esame pakaitini\u0173 hidraulini\u0173 cilindr\u0173 gamintojas, si\u016blantis plat\u0173 gamini\u0173 asortiment\u0105. Tapome vienu i\u0161 pirmaujan\u010di\u0173 hidraulini\u0173 cilindr\u0173 gamintoj\u0173 ir didmenini\u0173 platintoj\u0173 tiek vidaus, tiek tarptautin\u0117se rinkose. Savo gamybos ceche vadovaujam\u0117s meistri\u0161kumo principais ir remiam\u0117s industrializuota gamybos valdymu. Sutelkdami d\u0117mes\u012f \u012f technologinius talentus, auk\u0161\u010diausios klas\u0117s skaitmenin\u0119 gamybos \u012frang\u0105 ir profesionalias testavimo sistemas, nuolat tobuliname savo gamybos platform\u0105, tobuliname gamybos proces\u0105, kad u\u017etikrintume gamini\u0173 kokyb\u0119, ir turime stipri\u0173 k\u016brybini\u0173 geb\u0117jim\u0173. Siekiame patenkinti \u012fvairius savo klient\u0173 poreikius, u\u017etikrindami auk\u0161t\u0105 efektyvum\u0105, tikslum\u0105 ir kokyb\u0119.<\/p>\n<p>    <img decoding=\"async\" src=\"https:\/\/www.hydraulic-cylinders.net\/wp-content\/uploads\/2025\/01\/songte-company-3.webp\"><\/p>\n<p>Be to, mes si\u016blome i\u0161samesn\u012f m\u016bs\u0173 \u012fmon\u0117s pristatym\u0105 profesionalumo, tarptautini\u0173 sertifikat\u0173, individualiai pritaikyt\u0173 paslaug\u0173, gamybos \u012frangos ir garantinio aptarnavimo srityse.<\/p>\n<p>Autorius: lyl<\/p>\n<p><\/body><\/p>\n<p><\/html><\/p>","protected":false},"excerpt":{"rendered":"<p>Bucket Cylinder For Sumitomo Large Excavator SH460HD-5 Bucket Cylinder For Sumitomo Large Excavator SH460HD-5 Definition A bucket cylinder is a specially designed hydraulic cylinder used to control the movement of the bucket in heavy machinery such as excavators, backhoe loaders, and front loaders. Its main function is to allow the bucket to be raised, lowered, [&hellip;]<\/p>","protected":false},"featured_media":14789,"comment_status":"open","ping_status":"closed","template":"","meta":{"_et_pb_use_builder":"","_et_pb_old_content":"","_et_gb_content_width":""},"product_brand":[],"product_cat":[1494],"product_tag":[1495,1496],"class_list":{"0":"post-15192","1":"product","2":"type-product","3":"status-publish","4":"has-post-thumbnail","6":"product_cat-bucket-cylinders","7":"product_tag-bucket-cylinders","8":"product_tag-hydraulic-cylinders","10":"first","11":"instock","12":"shipping-taxable","13":"product-type-simple"},"amp_enabled":true,"_links":{"self":[{"href":"https:\/\/www.hydraulic-cylinders.net\/lt\/wp-json\/wp\/v2\/product\/15192","targetHints":{"allow":["GET"]}}],"collection":[{"href":"https:\/\/www.hydraulic-cylinders.net\/lt\/wp-json\/wp\/v2\/product"}],"about":[{"href":"https:\/\/www.hydraulic-cylinders.net\/lt\/wp-json\/wp\/v2\/types\/product"}],"replies":[{"embeddable":true,"href":"https:\/\/www.hydraulic-cylinders.net\/lt\/wp-json\/wp\/v2\/comments?post=15192"}],"wp:featuredmedia":[{"embeddable":true,"href":"https:\/\/www.hydraulic-cylinders.net\/lt\/wp-json\/wp\/v2\/media\/14789"}],"wp:attachment":[{"href":"https:\/\/www.hydraulic-cylinders.net\/lt\/wp-json\/wp\/v2\/media?parent=15192"}],"wp:term":[{"taxonomy":"product_brand","embeddable":true,"href":"https:\/\/www.hydraulic-cylinders.net\/lt\/wp-json\/wp\/v2\/product_brand?post=15192"},{"taxonomy":"product_cat","embeddable":true,"href":"https:\/\/www.hydraulic-cylinders.net\/lt\/wp-json\/wp\/v2\/product_cat?post=15192"},{"taxonomy":"product_tag","embeddable":true,"href":"https:\/\/www.hydraulic-cylinders.net\/lt\/wp-json\/wp\/v2\/product_tag?post=15192"}],"curies":[{"name":"wp","href":"https:\/\/api.w.org\/{rel}","templated":true}]}}