{"id":15193,"date":"2025-01-19T14:13:19","date_gmt":"2025-01-19T14:13:19","guid":{"rendered":"https:\/\/www.hydraulic-cylinders.net\/product\/bucket-cylinder-for-sumitomo-large-excavator-sh480hd-5\/"},"modified":"2025-01-19T14:13:21","modified_gmt":"2025-01-19T14:13:21","slug":"bucket-cylinder-for-sumitomo-large-excavator-sh480hd-5","status":"publish","type":"product","link":"https:\/\/www.hydraulic-cylinders.net\/lt\/produktas\/bucket-cylinder-for-sumitomo-large-excavator-sh480hd-5\/","title":{"rendered":"Kau\u0161o cilindras Sumitomo dideliam ekskavatoriui SH480HD-5"},"content":{"rendered":"<h1>Kau\u0161o cilindras Sumitomo dideliam ekskavatoriui SH480HD-5<\/h1>\n<h2>\u012evadas<\/h2>\n<p>Kau\u0161o cilindras yra specialiai sukurtas hidraulinis cilindras, daugiausia naudojamas valdyti kau\u0161\u0173 jud\u0117jim\u0105 sunkiosiose ma\u0161inose, tokiose kaip ekskavatoriai, ekskavatoriai ir frontaliniai krautuvai. Pagrindin\u0117 jo funkcija \u2013 leisti kau\u0161ui pakilti, nuleisti ir pakreipti, tod\u0117l jis idealiai tinka \u012fvairioms med\u017eiag\u0173 tvarkymo u\u017eduotims. Hidraulin\u0117je sistemoje kau\u0161\u0173 cilindrai valdo tiksl\u0173 kau\u0161o jud\u0117jim\u0105, naudodami hidraulin\u0117s alyvos sl\u0117gio poky\u010dius, leisdami operatoriams efektyviai valdyti sunkius krovinius ir prisitaikyti prie sud\u0117tingos darbo aplinkos bei \u012fvairi\u0173 darbo reikalavim\u0173.<\/p>\n<p><img decoding=\"async\" src=\"https:\/\/www.hydraulic-cylinders.net\/wp-content\/uploads\/2025\/01\/songte-company-2.webp\" alt=\"Kau\u0161o cilindras Sumitomo dideliam ekskavatoriui SH480HD-5\"><\/p>\n<h2>Savyb\u0117s<\/h2>\n<ul>\n<li>\n<h3>Didelis stiprumas ir ilgaam\u017ei\u0161kumas<\/h3>\n<p>Kau\u0161\u0173 cilindrai paprastai gaminami i\u0161 didelio stiprumo plieno arba aliuminio, galintys atlaikyti auk\u0161t\u0105 sl\u0117g\u012f ir dideles apkrovas, prisitaikantys prie at\u0161iauri\u0173 darbo s\u0105lyg\u0173 ir suprojektuoti atsi\u017evelgiant \u012f ilgaam\u017ei\u0161kum\u0105 bei atsparum\u0105 korozijai, prailgindami j\u0173 tarnavimo laik\u0105.<\/p>\n<\/li>\n<li>\n<h3>Efektyvus hidraulinis veikimas<\/h3>\n<p>Kau\u0161\u0173 cilindrai naudoja hidraulin\u0117s alyvos sl\u0117g\u012f, kad pasiekt\u0173 skland\u017eius i\u0161pl\u0117timo ir susitraukimo judesius, greitai reaguot\u0173 \u012f valdymo komandas, u\u017etikrint\u0173 galingas st\u016bmimo ir traukimo j\u0117gas ir b\u016bt\u0173 tinkami sunkiems kroviniams bei sud\u0117tingoms darbo u\u017eduotims atlikti.<\/p>\n<\/li>\n<li>\n<h3>\u012evair\u016bs tipai<\/h3>\n<p>Kau\u0161\u0173 cilindrai gali b\u016bti vienpusio arba dvipusio veikimo (naudojant hidraulin\u012f sl\u0117g\u012f viena arba abiem kryptimis), priklausomai nuo eksploatacini\u0173 reikalavim\u0173. Kai kurie modeliai yra teleskopiniai, tod\u0117l juos galima labiau i\u0161tiesti nedidinant i\u0161orini\u0173 matmen\u0173, tod\u0117l jie tinka naudoti ribotoje erdv\u0117je.<\/p>\n<\/li>\n<li>\n<h3>Kei\u010diamas<\/h3>\n<p>M\u016bs\u0173 gaminys gali puikiai pakeisti \u0161iuos hidraulinius cilindrus.<\/p>\n<\/li>\n<\/ul>\n<p><img decoding=\"async\" src=\"https:\/\/www.hydraulic-cylinders.net\/wp-content\/uploads\/2025\/01\/songte-cylinder-head-with-all-kinds-excavator-models.webp\" alt=\"Kau\u0161o cilindras Sumitomo dideliam ekskavatoriui SH480HD-5\"><\/p>\n<h2>Parai\u0161kos<\/h2>\n<p>Kau\u0161\u0173 cilindrai pla\u010diai naudojami \u012fvairiose pramon\u0117s \u0161akose, \u012fskaitant statybos \u012frang\u0105, \u017eem\u0117s \u016bkio technik\u0105, ekskavatorius ir krautuvus. \u017demiau pateikiami keli da\u017eniausiai pasitaikantys j\u0173 taikymo b\u016bdai:<\/p>\n<ul>\n<li>\n<h3>Statybin\u0117 \u012franga<\/h3>\n<p>Ekskavatoriuose jie yra b\u016btini kasant, kraunant ir perkeliant grunt\u0105 ar \u0161iuk\u0161les. Ekskavatoriuose-krautuvuose kau\u0161o cilindrai padeda tiek kasant, tiek keliant. Priekiniuose krautuvuose jie padeda efektyviai kelti ir i\u0161versti krovin\u012f.<\/p>\n<\/li>\n<li>\n<h3>\u017dem\u0117s \u016bkio technika<\/h3>\n<p>Naudojami priekiniuose krautuvuose, jie skirti dirvo\u017eemiui, \u0161ienui ir kitoms med\u017eiagoms kasti, kelti ir transportuoti.<\/p>\n<\/li>\n<li>\n<h3>Ekskavatoriai<\/h3>\n<p>Kau\u0161o cilindrai leid\u017eia kasti, leisdami ekskavatoriaus kau\u0161ui \u012fsiskverbti \u012f dirv\u0105.<\/p>\n<\/li>\n<li>\n<h3>Krautuvai<\/h3>\n<p>Priekiniuose krautuvuose jie padeda efektyviai pakelti ir i\u0161krauti krovin\u012f.<\/p>\n<\/li>\n<\/ul>\n<h2>Projektavimo aspektai ir atrankos kriterijai<\/h2>\n<p>Renkantis cilindro formos vamzd\u012f, reikia atsi\u017evelgti \u012f kelet\u0105 konstrukcini\u0173 aspekt\u0173, \u012fskaitant:<\/p>\n<ul>\n<li>\n<h3>Guoli\u0173 talpa<\/h3>\n<p>Cilindro laikomoji galia turi b\u016bti pakankama apkrovai atlaikyti, u\u017etikrinant skland\u0173 veikim\u0105.<\/p>\n<\/li>\n<li>\n<h3>Sandarinimas<\/h3>\n<p>Siekiant i\u0161vengti nuot\u0117ki\u0173 ir u\u017etikrinti tinkam\u0105 cilindro veikim\u0105, reikia naudoti \u012fvairius sandarinimo komponentus, tokius kaip st\u016bmokli\u0173 ir stryp\u0173 sandarikliai.<\/p>\n<\/li>\n<li>\n<h3>Patvarumas<\/h3>\n<p>Cilindras turi b\u016bti suprojektuotas taip, kad b\u016bt\u0173 patvarus at\u0161iauriomis aplinkos s\u0105lygomis ir b\u016bt\u0173 atsparus korozijai bei dilimui.<\/p>\n<\/li>\n<li>\n<h3>Saugumas<\/h3>\n<p>Kau\u0161\u0173 cilindrai turi b\u016bti suprojektuoti su saugos funkcijomis, tokiomis kaip sl\u0117gio ma\u017einimo vo\u017etuvai, kad b\u016bt\u0173 i\u0161vengta perkrovos ir u\u017etikrintas saugus veikimas.<\/p>\n<\/li>\n<li>\n<h3>Prie\u017ei\u016bra<\/h3>\n<p>Cilindras turi b\u016bti suprojektuotas taip, kad j\u012f b\u016bt\u0173 lengva pri\u017ei\u016br\u0117ti, \u012fskaitant paprast\u0105 i\u0161montavim\u0105 ir surinkim\u0105, lengv\u0105 prieig\u0105 prie komponent\u0173 ir galimyb\u0119 greitai pakeisti dalis.<\/p>\n<\/li>\n<\/ul>\n<p><img decoding=\"async\" src=\"https:\/\/www.hydraulic-cylinders.net\/wp-content\/uploads\/2025\/01\/songte-oil-pipes-and-spare-parts.webp\" alt=\"Kau\u0161o cilindras Sumitomo dideliam ekskavatoriui SH480HD-5\"><\/p>\n<h2>Sandarinimas ir tepimas<\/h2>\n<p>Siekiant i\u0161vengti nuot\u0117ki\u0173 ir u\u017etikrinti tinkam\u0105 cilindro veikim\u0105, reikia naudoti \u012fvairius sandarinimo komponentus, tokius kaip st\u016bmokli\u0173 ir kot\u0173 sandarikliai. Cilindro korpusas ir srieginiai pavir\u0161iai yra kruop\u0161\u010diai apdirbti, kad padid\u0117t\u0173 atsparumas dilimui. Reguliariai \u012fpilkite atitinkamos hidraulin\u0117s alyvos cilindrui sutepti.<\/p>\n<h2>Prie\u017ei\u016bra ir trik\u010di\u0173 \u0161alinimas<\/h2>\n<p>Reguliarus patikrinimas, tinkamas tepimas, sandarikli\u0173 keitimas ir kalibravimo patikrinimas yra \u012fprastos technin\u0117s prie\u017ei\u016bros u\u017eduotys. Tinkamas montavimas, tepimas ir reguliavimas yra b\u016btini norint u\u017etikrinti ilg\u0105 kau\u0161o cilindro tarnavimo laik\u0105. Montuojant reikia pateikti tinkamas lygiavimo gaires ir naudoti atitinkamus montavimo laikiklius cilindrui pritvirtinti.<\/p>\n<p><img decoding=\"async\" src=\"https:\/\/www.hydraulic-cylinders.net\/wp-content\/uploads\/2025\/01\/songte-chushion-collar.webp\" alt=\"Kau\u0161o cilindras Sumitomo dideliam ekskavatoriui SH480HD-5\"><\/p>\n<h2>Saugos aspektai ir aplinkos veiksniai<\/h2>\n<p>Naudojant kau\u0161inius cilindrus, labai svarbios saugos priemon\u0117s. Turi b\u016bti \u012frengti saugos \u012ftaisai, tokie kaip sl\u0117gio ma\u017einimo vo\u017etuvai, kad b\u016bt\u0173 i\u0161vengta perkrovos ir u\u017etikrintas saugus veikimas. B\u016btina imtis tinkam\u0173 aplinkos apsaugos priemoni\u0173, kad b\u016bt\u0173 i\u0161vengta alyvos nuot\u0117kio ir \u017ealos aplinkai.<\/p>\n<h2>\u012emon\u0117s pristatymas<\/h2>\n<p>Esame pirmaujantis hidraulini\u0173 cilindr\u0173 gamintojas ir platintojas vidaus ir tarptautin\u0117se rinkose, specializuojantis pakaitini\u0173 hidraulini\u0173 cilindr\u0173 gamyboje. Laikom\u0117s puikios kokyb\u0117s princip\u0173, remdamiesi industrializuota sud\u0117ting\u0173 gamybos dirbtuvi\u0173 gamybos valdymo strategija. Nuolat tobuliname savo dirbtuvi\u0173 gamybos platform\u0105, pasitelkdami techninius talentus, auk\u0161\u010diausios klas\u0117s skaitmenin\u0119 gamybos \u012frang\u0105 ir profesionalias bandym\u0173 sistemas, tobulindami gamini\u0173 kokyb\u0117s gamybos linij\u0105 ir tur\u0117dami didelius gamybos paj\u0117gumus, kad patenkintume \u012fvairius klient\u0173 poreikius, u\u017etikrindami auk\u0161t\u0105 efektyvum\u0105, didel\u012f tikslum\u0105 ir auk\u0161t\u0105 kokyb\u0119.<\/p>\n<p><img decoding=\"async\" src=\"https:\/\/hzpt.com\/wp-content\/uploads\/2024\/11\/songte-company-1.webp\" alt=\"Kau\u0161o cilindras Sumitomo dideliam ekskavatoriui SH480HD-5\"><\/p>\n<h3>Profesionalumas<\/h3>\n<p>Turime hidraulini\u0173 cilindr\u0173 ekspert\u0173 komand\u0105, kuri pad\u0117s klientams i\u0161sirinkti tinkamiausi\u0105 cilindr\u0105 pagal j\u0173 konkre\u010dius poreikius.<\/p>\n<h3>Tarptautinis sertifikavimas<\/h3>\n<p>M\u016bs\u0173 gaminiai yra sertifikuoti pagal ISO9001: 2008 ir CE standartus.<\/p>\n<h3>Pritaikymo paslaugos<\/h3>\n<p>Teikiame individualiai pritaikytas paslaugas, kad patenkintume \u012fvairius klient\u0173 poreikius, ir si\u016blome individualius sprendimus.<\/p>\n<h3>Gamybos \u012franga<\/h3>\n<p>Turime moderni\u0105 \u012frang\u0105, toki\u0105 kaip CNC stakl\u0117s, automatiniai suvirinimo aparatai ir dengimo ma\u0161inos, kurios gali patenkinti \u012fvairius m\u016bs\u0173 klient\u0173 reikalavimus.<\/p>\n<h3>Aptarnavimas po pardavimo<\/h3>\n<p>Teikiame garantinio aptarnavimo paslaugas, \u012fskaitant remont\u0105 ir technin\u0119 prie\u017ei\u016br\u0105, siekdami u\u017etikrinti skland\u0173 m\u016bs\u0173 klient\u0173 \u012frangos veikim\u0105.<\/p>\n<p>Autorius: lyl<\/p>","protected":false},"excerpt":{"rendered":"<p>Bucket Cylinder For Sumitomo Large Excavator SH480HD-5 Introduction A bucket cylinder is a specially designed hydraulic cylinder used primarily to control the movement of buckets in heavy machinery such as excavators, backhoes, and front-end loaders. Its main function is to enable the bucket to lift, lower, and tilt, making it ideal for various material handling [&hellip;]<\/p>","protected":false},"featured_media":14788,"comment_status":"open","ping_status":"closed","template":"","meta":{"_et_pb_use_builder":"","_et_pb_old_content":"","_et_gb_content_width":""},"product_brand":[],"product_cat":[1494],"product_tag":[1495,1496],"class_list":{"0":"post-15193","1":"product","2":"type-product","3":"status-publish","4":"has-post-thumbnail","6":"product_cat-bucket-cylinders","7":"product_tag-bucket-cylinders","8":"product_tag-hydraulic-cylinders","10":"first","11":"instock","12":"shipping-taxable","13":"product-type-simple"},"amp_enabled":true,"_links":{"self":[{"href":"https:\/\/www.hydraulic-cylinders.net\/lt\/wp-json\/wp\/v2\/product\/15193","targetHints":{"allow":["GET"]}}],"collection":[{"href":"https:\/\/www.hydraulic-cylinders.net\/lt\/wp-json\/wp\/v2\/product"}],"about":[{"href":"https:\/\/www.hydraulic-cylinders.net\/lt\/wp-json\/wp\/v2\/types\/product"}],"replies":[{"embeddable":true,"href":"https:\/\/www.hydraulic-cylinders.net\/lt\/wp-json\/wp\/v2\/comments?post=15193"}],"wp:featuredmedia":[{"embeddable":true,"href":"https:\/\/www.hydraulic-cylinders.net\/lt\/wp-json\/wp\/v2\/media\/14788"}],"wp:attachment":[{"href":"https:\/\/www.hydraulic-cylinders.net\/lt\/wp-json\/wp\/v2\/media?parent=15193"}],"wp:term":[{"taxonomy":"product_brand","embeddable":true,"href":"https:\/\/www.hydraulic-cylinders.net\/lt\/wp-json\/wp\/v2\/product_brand?post=15193"},{"taxonomy":"product_cat","embeddable":true,"href":"https:\/\/www.hydraulic-cylinders.net\/lt\/wp-json\/wp\/v2\/product_cat?post=15193"},{"taxonomy":"product_tag","embeddable":true,"href":"https:\/\/www.hydraulic-cylinders.net\/lt\/wp-json\/wp\/v2\/product_tag?post=15193"}],"curies":[{"name":"wp","href":"https:\/\/api.w.org\/{rel}","templated":true}]}}