{"id":15194,"date":"2025-01-19T14:13:23","date_gmt":"2025-01-19T14:13:23","guid":{"rendered":"https:\/\/www.hydraulic-cylinders.net\/product\/bucket-cylinder-for-jcb-small-excavator-js13lc\/"},"modified":"2025-01-19T14:13:25","modified_gmt":"2025-01-19T14:13:25","slug":"bucket-cylinder-for-jcb-small-excavator-js13lc","status":"publish","type":"product","link":"https:\/\/www.hydraulic-cylinders.net\/lt\/produktas\/bucket-cylinder-for-jcb-small-excavator-js13lc\/","title":{"rendered":"JCB ma\u017eo ekskavatoriaus JS13LC kau\u0161o cilindras"},"content":{"rendered":"<p><!DOCTYPE html><br \/>\n<html><br \/>\n<head><br \/>\n<meta charset=\"UTF-8\"><br \/>\n<title>JCB ma\u017eo ekskavatoriaus JS13LC kau\u0161o cilindras<\/title><br \/>\n<\/head><br \/>\n<body><\/p>\n<h1>JCB ma\u017eo ekskavatoriaus JS13LC kau\u0161o cilindras<\/h1>\n<h2>\u012evadas<\/h2>\n<p>Kau\u0161o cilindras yra specialiai sukurtas hidraulinis cilindras, naudojamas kau\u0161o jud\u0117jimui valdyti sunkiosiose ma\u0161inose, tokiose kaip ekskavatoriai, ekskavatoriniai krautuvai ir frontaliniai krautuvai. Pagrindin\u0117 jo funkcija \u2013 leisti pakelti, nuleisti ir pakreipti kau\u0161\u0105, kad b\u016bt\u0173 lengviau atlikti \u012fvairias med\u017eiag\u0173 tvarkymo u\u017eduotis. Hidraulin\u0117je sistemoje kau\u0161o cilindras tiksliai valdo kau\u0161\u0105, naudodamas hidraulin\u0117s alyvos sl\u0117gio poky\u010dius, tod\u0117l operatoriai gali efektyviai valdyti sunkius krovinius ir prisitaikyti prie sud\u0117tingos darbo aplinkos bei \u012fvairi\u0173 darbo reikalavim\u0173.<\/p>\n<p><img decoding=\"async\" src=\"https:\/\/www.hydraulic-cylinders.net\/wp-content\/uploads\/2025\/01\/songte-company-2.webp\" alt=\"Kau\u0161o cilindro vaizdas\"><\/p>\n<h2>Savyb\u0117s<\/h2>\n<ul>\n<li>Didelis tvirtumas ir ilgaam\u017ei\u0161kumas: Paprastai i\u0161 didelio stiprumo plieno arba aliuminio pagamintas kau\u0161o cilindras gali atlaikyti didel\u012f sl\u0117g\u012f ir dideles apkrovas, prisitaikydamas prie at\u0161iauri\u0173 darbo s\u0105lyg\u0173. Jo konstrukcija atsi\u017evelgia \u012f atsparum\u0105 dilimui ir korozijai, taip pailgindama jo tarnavimo laik\u0105.<\/li>\n<li>Efektyvus hidraulinis veikimas: Naudodamas hidraulin\u0117s alyvos sl\u0117g\u012f, kau\u0161o cilindras pasiekia skland\u017eius teleskopinius judesius, greitai reaguodamas \u012f valdymo komandas ir u\u017etikrindamas galingas st\u016bmimo bei traukimo j\u0117gas, tinkamas sunkiems kroviniams kelti ir sud\u0117tingoms eksploatavimo u\u017eduotims atlikti.<\/li>\n<li>\u012evair\u016bs tipai: Kau\u0161o cilindr\u0105 galima pasirinkti kaip vienpusio veikimo (hidraulin\u0117 sistema naudojama tik viena kryptimi) arba dvipusio veikimo (hidraulin\u0117 sistema naudojama abiem kryptimis) cilindrus pagal poreikius, atsi\u017evelgiant \u012f skirtingus eksploatavimo reikalavimus. Kai kurie modeliai yra teleskopiniai, tod\u0117l galima labiau i\u0161tiesti nedidinant i\u0161orini\u0173 matmen\u0173, tod\u0117l tinka naudoti ribotoje erdv\u0117je.<\/li>\n<li>Produkto keitimas: M\u016bs\u0173 kau\u0161o cilindras gali puikiai pakeisti \u0161iuos hidraulinius cilindrus.<\/li>\n<\/ul>\n<p><img decoding=\"async\" src=\"https:\/\/www.hydraulic-cylinders.net\/wp-content\/uploads\/2025\/01\/songte-cylinder-head-with-all-kinds-excavator-models.webp\" alt=\"Produkto vaizdas\"><\/p>\n<h2>Parai\u0161kos<\/h2>\n<p>Kau\u0161o cilindras naudojamas \u012fvairioje \u012frangoje:<\/p>\n<ul>\n<li>Statybin\u0117 \u012franga: ji randama ekskavatoriuose ir yra labai svarbi kasant, kraunant ir perkeliant grunt\u0105 ar \u0161iuk\u0161les. Ekskavatoriuose kau\u0161o cilindras padeda ir kasti, ir kelti.<\/li>\n<li>\u017dem\u0117s \u016bkio technika: Naudojama priekiniuose krautuvuose, jie padeda i\u0161kasti, pakelti ir transportuoti dirvo\u017eem\u012f, \u0161ien\u0105 ir kitas med\u017eiagas.<\/li>\n<li>Ekskavatoriai: Kau\u0161o cilindras leid\u017eia atlikti kasimo veiksmus, leisdamas kau\u0161ui \u012fsiskverbti \u012f dirv\u0105.<\/li>\n<li>Krautuvai: Priekiniuose krautuvuose jie padeda efektyviai kelti ir pakreipti prekes.<\/li>\n<\/ul>\n<h2>Projektavimo aspektai ir atrankos kriterijai<\/h2>\n<p>Projektuojant cilindrinius vamzdelius, atsi\u017evelgiama \u012f kelis veiksnius:<\/p>\n<ul>\n<li>Guoli\u0173 talpa: Cilindras turi atlaikyti reikiam\u0105 apkrov\u0105 be gedim\u0173.<\/li>\n<li>Sandarinimas: Siekiant u\u017etikrinti tinkam\u0105 sandarinim\u0105, naudojami \u012fvair\u016bs sandarinimo komponentai, tokie kaip st\u016bmokli\u0173 ir kot\u0173 sandarikliai. \u0160ie sandarikliai pagaminti i\u0161 atspari\u0173 dilimui med\u017eiag\u0173, toki\u0173 kaip poliuretanas ir nitrilo kau\u010diukas.<\/li>\n<li>Patvarumas: Cilindro korpusas ir srieginiai galai yra tiksliai apdirbami, siekiant pagerinti atsparum\u0105 dilimui.<\/li>\n<li>Sauga: Siekiant u\u017etikrinti saug\u0173 kau\u0161o cilindro veikim\u0105, laikomos saugos priemon\u0117mis.<\/li>\n<li>Prie\u017ei\u016bra: Kau\u0161\u0173 cilindrai yra sukurti taip, kad juos b\u016bt\u0173 lengva pri\u017ei\u016br\u0117ti ir remontuoti.<\/li>\n<\/ul>\n<p><img decoding=\"async\" src=\"https:\/\/www.hydraulic-cylinders.net\/wp-content\/uploads\/2025\/01\/songte-oil-pipes-and-spare-parts.webp\" alt=\"Produkto vaizdas\"><\/p>\n<h2>Sandarinimas ir tepimas<\/h2>\n<p>Kau\u0161\u0173 cilindruose naudojami \u012fvair\u016bs sandarinimo komponentai, tokie kaip st\u016bmokli\u0173 ir kot\u0173 sandarikliai, pagaminti i\u0161 atspari\u0173 dilimui med\u017eiag\u0173, toki\u0173 kaip poliuretanas ir nitrilo kau\u010diukas. Cilindro korpusas ir srieginiai galai yra kruop\u0161\u010diai apdirbami, siekiant pagerinti atsparum\u0105 dilimui. Skland\u017eiam darbui b\u016btina reguliariai tepti tinkamu hidraulin\u0117s alyvos kiekiu.<\/p>\n<h2>Reguliarus patikrinimas ir prevencin\u0117 prie\u017ei\u016bra<\/h2>\n<p>Reguliarus patikrinimas ir profilaktin\u0117 prie\u017ei\u016bra yra b\u016btini kau\u0161o cilindro ilgaam\u017ei\u0161kumui. Kai kurios rekomenduojamos priemon\u0117s:<\/p>\n<ul>\n<li>Patikrinimas, ar n\u0117ra nuot\u0117ki\u0173 ar pa\u017eeidim\u0173<\/li>\n<li>Tinkamas vis\u0173 judan\u010di\u0173 dali\u0173 tepimas<\/li>\n<li>Periodi\u0161kai kei\u010diami sandarikliai ir tarpin\u0117s<\/li>\n<li>Kalibravimo patikrinimai siekiant u\u017etikrinti tiksl\u0173 veikim\u0105<\/li>\n<\/ul>\n<p><img decoding=\"async\" src=\"https:\/\/www.hydraulic-cylinders.net\/wp-content\/uploads\/2025\/01\/songte-chushion-collar.webp\" alt=\"Produkto vaizdas\"><\/p>\n<h2>Saugos aspektai ir aplinkos veiksniai<\/h2>\n<p>Naudojant kau\u0161inius cilindrus, itin svarbu laikytis saugos priemoni\u0173. Reikia laikytis saugos priemoni\u0173, kad b\u016bt\u0173 i\u0161vengta nelaiming\u0173 atsitikim\u0173 ir u\u017etikrinta operatori\u0173 bei aplinkos gerov\u0117.<\/p>\n<h2>Gedim\u0173 diagnostika ir da\u017eniausios problemos<\/h2>\n<p>Kai kurios da\u017eniausios problemos, galin\u010dios kilti naudojant kau\u0161o cilindrus, yra \u0161ios:<\/p>\n<ul>\n<li>Hidraulin\u0117s alyvos nuot\u0117kis<\/li>\n<li>Suma\u017e\u0117j\u0119s na\u0161umas arba energijos praradimas<\/li>\n<li>Ne\u012fprasti garsai veikimo metu<\/li>\n<\/ul>\n<p>Siekiant i\u0161spr\u0119sti \u0161ias problemas, toliau pateikti patarimai ir sprendimai gali pad\u0117ti veiksmingai diagnozuoti ir i\u0161spr\u0119sti problemas. Be to, galima imtis prevencini\u0173 priemoni\u0173, kad b\u016bt\u0173 suma\u017eintos galimos problemos.<\/p>\n<p><img decoding=\"async\" src=\"https:\/\/www.hydraulic-cylinders.net\/wp-content\/uploads\/2025\/01\/songte-bushings-with-all-kinds-of-excavator-models.webp\" alt=\"Produkto vaizdas\"><\/p>\n<h2>Prie\u017ei\u016bros u\u017eduotys<\/h2>\n<p>Trys da\u017eniausiai atliekamos kau\u0161o cilindr\u0173 prie\u017ei\u016bros u\u017eduotys:<\/p>\n<ul>\n<li>Reguliar\u016bs patikrinimai<\/li>\n<li>Tinkamas tepimas<\/li>\n<li>Tarpikli\u0173 keitimo ir kalibravimo patikrinimai<\/li>\n<\/ul>\n<p>Tinkamas montavimas, tepimas ir reguliavimas yra labai svarb\u016bs, o montavimo proceso metu pateikiamos tinkamos derinimo gair\u0117s. Cilindrui pritvirtinti rekomenduojama naudoti tinkamus tvirtinimo laikiklius. Pateikiamos rekomenduojamos patikros, remonto ir keitimo proced\u016bros, siekiant pailginti kau\u0161o cilindro tarnavimo laik\u0105.<\/p>\n<h2>Apie m\u016bs\u0173 \u012fmon\u0119<\/h2>\n<p>Esame pakaitini\u0173 hidraulini\u0173 cilindr\u0173 gamintojas ir si\u016blome plat\u0173 gamini\u0173 asortiment\u0105. Esame vieni i\u0161 pirmaujan\u010di\u0173 hidraulini\u0173 cilindr\u0173 gamintoj\u0173 ir didmenini\u0173 platintoj\u0173 vidaus ir tarptautin\u0117se rinkose. M\u016bs\u0173 moderniose gamybos dirbtuv\u0117se daugiausia d\u0117mesio skiriame puikiai kokybei ir industrializuoto gamybos valdymo strategijoms, tod\u0117l nuolat tobuliname savo gamybos platform\u0105 ir geriname gamini\u0173 kokyb\u0117s gamybos proces\u0105. Turime stipri\u0173 k\u016brybini\u0173 geb\u0117jim\u0173 ir siekiame patenkinti \u012fvairius klient\u0173 poreikius, u\u017etikrindami auk\u0161t\u0105 efektyvum\u0105, tikslum\u0105 ir kokyb\u0119.<\/p>\n<p><img decoding=\"async\" src=\"https:\/\/www.hydraulic-cylinders.net\/wp-content\/uploads\/2025\/01\/songte-company-3.webp\" alt=\"\u012emon\u0117s \u012fvaizdis\"><\/p>\n<h2>\u012emon\u0117s ap\u017evalga<\/h2>\n<ul>\n<li>Profesionalumas: Turime technini\u0173 \u017eini\u0173 ir laikom\u0117s tarptautini\u0173 sertifikat\u0173.<\/li>\n<li>Pritaikymas: Si\u016blome pritaikytas paslaugas, kad patenkintume konkre\u010dius reikalavimus.<\/li>\n<li>Gamybos \u012franga: Naudojame pa\u017eangiausi\u0105 gamybos \u012frang\u0105.<\/li>\n<li>Aptarnavimas po pardavimo: teikiame i\u0161samias paslaugas po pardavimo.<\/li>\n<\/ul>\n<p>Autorius: lyl<\/p>\n<p><img decoding=\"async\" src=\"https:\/\/hzpt.com\/wp-content\/uploads\/2024\/11\/songte-company-1.webp\" alt=\"\u012emon\u0117s \u012fvaizdis\"><\/p>\n<p><\/body><br \/>\n<\/html><\/p>","protected":false},"excerpt":{"rendered":"<p>Bucket Cylinder For JCB Small Excavator JS13LC Bucket Cylinder For JCB Small Excavator JS13LC Introduction A bucket cylinder is a specially designed hydraulic cylinder used to control the movement of the bucket in heavy machinery such as excavators, backhoe loaders, and front loaders. Its main function is to enable the lifting, lowering, and tilting of [&hellip;]<\/p>","protected":false},"featured_media":14787,"comment_status":"open","ping_status":"closed","template":"","meta":{"_et_pb_use_builder":"","_et_pb_old_content":"","_et_gb_content_width":""},"product_brand":[],"product_cat":[1494],"product_tag":[1495,1496],"class_list":{"0":"post-15194","1":"product","2":"type-product","3":"status-publish","4":"has-post-thumbnail","6":"product_cat-bucket-cylinders","7":"product_tag-bucket-cylinders","8":"product_tag-hydraulic-cylinders","10":"first","11":"instock","12":"shipping-taxable","13":"product-type-simple"},"amp_enabled":true,"_links":{"self":[{"href":"https:\/\/www.hydraulic-cylinders.net\/lt\/wp-json\/wp\/v2\/product\/15194","targetHints":{"allow":["GET"]}}],"collection":[{"href":"https:\/\/www.hydraulic-cylinders.net\/lt\/wp-json\/wp\/v2\/product"}],"about":[{"href":"https:\/\/www.hydraulic-cylinders.net\/lt\/wp-json\/wp\/v2\/types\/product"}],"replies":[{"embeddable":true,"href":"https:\/\/www.hydraulic-cylinders.net\/lt\/wp-json\/wp\/v2\/comments?post=15194"}],"wp:featuredmedia":[{"embeddable":true,"href":"https:\/\/www.hydraulic-cylinders.net\/lt\/wp-json\/wp\/v2\/media\/14787"}],"wp:attachment":[{"href":"https:\/\/www.hydraulic-cylinders.net\/lt\/wp-json\/wp\/v2\/media?parent=15194"}],"wp:term":[{"taxonomy":"product_brand","embeddable":true,"href":"https:\/\/www.hydraulic-cylinders.net\/lt\/wp-json\/wp\/v2\/product_brand?post=15194"},{"taxonomy":"product_cat","embeddable":true,"href":"https:\/\/www.hydraulic-cylinders.net\/lt\/wp-json\/wp\/v2\/product_cat?post=15194"},{"taxonomy":"product_tag","embeddable":true,"href":"https:\/\/www.hydraulic-cylinders.net\/lt\/wp-json\/wp\/v2\/product_tag?post=15194"}],"curies":[{"name":"wp","href":"https:\/\/api.w.org\/{rel}","templated":true}]}}