{"id":15197,"date":"2025-01-19T14:13:35","date_gmt":"2025-01-19T14:13:35","guid":{"rendered":"https:\/\/www.hydraulic-cylinders.net\/product\/bucket-cylinder-for-jcb-small-excavator-js240lc\/"},"modified":"2025-01-19T14:13:37","modified_gmt":"2025-01-19T14:13:37","slug":"bucket-cylinder-for-jcb-small-excavator-js240lc","status":"publish","type":"product","link":"https:\/\/www.hydraulic-cylinders.net\/lt\/produktas\/bucket-cylinder-for-jcb-small-excavator-js240lc\/","title":{"rendered":"JCB ma\u017eo ekskavatoriaus JS240LC kau\u0161o cilindras"},"content":{"rendered":"<h1>JCB ma\u017eo ekskavatoriaus JS240LC kau\u0161o cilindras<\/h1>\n<h2>\u012evadas<\/h2>\n<p>Kau\u0161o cilindras yra specialiai sukurtas hidraulinis cilindras, naudojamas valdyti kau\u0161o jud\u0117jim\u0105 sunkiosiose ma\u0161inose, tokiose kaip ekskavatoriai, ekskavatoriniai krautuvai ir frontaliniai krautuvai. Pagrindin\u0117 jo funkcija \u2013 leisti pakelti, nuleisti ir pakreipti kau\u0161\u0105, tod\u0117l jis tinka \u012fvairioms med\u017eiag\u0173 tvarkymo u\u017eduotims. Hidraulin\u0117je sistemoje kau\u0161o cilindras tiksliai valdo kau\u0161\u0105 keisdamas hidraulin\u0117s alyvos sl\u0117g\u012f, leisdamas operatoriams efektyviai valdyti sunkius krovinius ir prisitaikyti prie sud\u0117tingos darbo aplinkos bei \u012fvairi\u0173 darbo reikalavim\u0173.<\/p>\n<p><img decoding=\"async\" src=\"https:\/\/www.hydraulic-cylinders.net\/wp-content\/uploads\/2025\/01\/songte-company-2.webp\" alt=\"JCB ma\u017eo ekskavatoriaus JS240LC kau\u0161o cilindras\"><\/p>\n<h2>Savyb\u0117s<\/h2>\n<ul>\n<li>Didelis stiprumas ir ilgaam\u017ei\u0161kumas: Paprastai pagamintas i\u0161 didelio stiprumo plieno arba aliuminio, jis gali atlaikyti didel\u012f sl\u0117g\u012f ir dideles apkrovas, prisitaikydamas prie at\u0161iauri\u0173 darbo s\u0105lyg\u0173. Projektuojant atsi\u017evelgiama \u012f atsparum\u0105 dilimui ir korozijai, siekiant pailginti jo tarnavimo laik\u0105.<\/li>\n<li>Efektyvus hidraulinis veikimas: Jis naudoja hidraulin\u0117s alyvos sl\u0117g\u012f, kad u\u017etikrint\u0173 skland\u017eius teleskopinius judesius, greitai reaguot\u0173 \u012f valdymo komandas ir u\u017etikrint\u0173 galingas st\u016bmimo bei traukimo j\u0117gas, tod\u0117l tinka sunkiems kroviniams ir sud\u0117tingoms u\u017eduotims atlikti.<\/li>\n<li>\u012evair\u016bs tipai: atsi\u017evelgiant \u012f poreikius, galima pasirinkti vieno veikimo (hidraulin\u0117 sistema naudojama tik viena kryptimi) arba dvigubo veikimo (hidraulin\u0117 sistema naudojama abiem kryptimis) cilindr\u0105, o kai kurie modeliai yra teleskopiniai, tod\u0117l galima labiau prailginti nedidinant i\u0161orini\u0173 matmen\u0173, tod\u0117l idealiai tinka naudoti ribotoje erdv\u0117je.<\/li>\n<li>Puikus pakeitimas: M\u016bs\u0173 gaminiai gali puikiai pakeisti \u0161iuos hidraulinius cilindrus.<br \/>\n  <img decoding=\"async\" src=\"https:\/\/www.hydraulic-cylinders.net\/wp-content\/uploads\/2025\/01\/songte-cylinder-head-with-all-kinds-excavator-models.webp\" alt=\"JCB ma\u017eo ekskavatoriaus JS240LC kau\u0161o cilindras\"><\/li>\n<\/ul>\n<h2>Parai\u0161kos<\/h2>\n<ul>\n<li>Statybin\u0117 \u012franga: ji randama ekskavatoriuose ir yra labai svarbi kasant, kraunant ir perkeliant grunt\u0105 ar \u0161iuk\u0161les. Ekskavatoriuose kau\u0161o cilindras padeda tiek kasti, tiek kelti.<\/li>\n<li>\u017dem\u0117s \u016bkio technika: naudojama priekiniuose krautuvuose dirvo\u017eemiui, \u0161ienui ir kitoms med\u017eiagoms semti, kelti ir transportuoti.<\/li>\n<li>Ekskavatoriai: Kau\u0161o cilindras leid\u017eia atlikti kasimo veiksmus, leisdamas kau\u0161ui \u012fsiskverbti \u012f dirv\u0105.<\/li>\n<li>Krautuvai: Priekiniuose krautuvuose jie padeda efektyviai pakelti ir i\u0161mesti prekes.<\/li>\n<\/ul>\n<h2>Projektavimo aspektai ir atrankos kriterijai<\/h2>\n<ul>\n<li>Guoli\u0173 geba: Aptarkite cilindro geb\u0117jim\u0105 atlaikyti apkrovas ir sl\u0117g\u012f.<\/li>\n<li>Sandarinimas: Paai\u0161kinkite \u012fvairi\u0173 sandarikli\u0173, toki\u0173 kaip st\u016bmoklio sandarikliai ir koto sandarikliai, kurie pagaminti i\u0161 atspari\u0173 dilimui med\u017eiag\u0173, toki\u0173 kaip poliuretanas ir nitrilo kau\u010diukas, naudojim\u0105. Pamin\u0117kite cilindro korpuso ir srieginio galo puik\u0173 pavir\u0161iaus apdorojim\u0105, siekiant pagerinti atsparum\u0105 dilimui.<\/li>\n<li>Patvarumas: Aptarkite, kaip cilindras yra suprojektuotas taip, kad atlaikyt\u0173 at\u0161iaurias eksploatavimo s\u0105lygas ir u\u017etikrint\u0173 ilg\u0105 tarnavimo laik\u0105.<\/li>\n<li>Sauga: Pamin\u0117kite \u012f konstrukcij\u0105 \u012ftrauktas saugos funkcijas ir saugos priemoni\u0173 laikymosi naudojant cilindr\u0105 svarb\u0105.<\/li>\n<li>Prie\u017ei\u016bra: Aptarkite prie\u017ei\u016bros ir remonto paprastum\u0105, \u012fskaitant reguliarius patikrinimus ir prevencines priemones.<\/li>\n<\/ul>\n<p><img decoding=\"async\" src=\"https:\/\/www.hydraulic-cylinders.net\/wp-content\/uploads\/2025\/01\/songte-oil-pipes-and-spare-parts.webp\" alt=\"JCB ma\u017eo ekskavatoriaus JS240LC kau\u0161o cilindras\"><\/p>\n<h2>Sandarinimas ir tepimas<\/h2>\n<p>Kau\u0161o cilindre naudojami \u012fvair\u016bs sandarikliai, tokie kaip st\u016bmoklio ir koto sandarikliai, pagaminti i\u0161 atspari\u0173 dilimui med\u017eiag\u0173, toki\u0173 kaip poliuretanas ir nitrilo kau\u010diukas. Cilindro korpusas ir srieginis galas yra kruop\u0161\u010diai apdorojami, kad padid\u0117t\u0173 atsparumas dilimui. B\u016btina reguliariai tepti atitinkamu hidraulin\u0117s alyvos kiekiu.<\/p>\n<h2>Ap\u017ei\u016bra ir prevencin\u0117 prie\u017ei\u016bra<\/h2>\n<ul>\n<li>Reguliar\u016bs patikrinimai: pabr\u0117\u017ekite reguliari\u0173 patikrinim\u0173 svarb\u0105 siekiant anksti nustatyti galimas problemas.<\/li>\n<li>Tinkamas tepimas: Pabr\u0117\u017ekite tinkamo tepimo svarb\u0105 siekiant optimalaus veikimo.<\/li>\n<li>Sandariklio keitimas: Pateikite sandariklio keitimo gaires ir pabr\u0117\u017ekite jo vaidmen\u012f i\u0161laikant cilindro vientisum\u0105.<\/li>\n<li>Kalibravimo patikrinimas: paai\u0161kinkite periodini\u0173 kalibravimo patikrinim\u0173 poreik\u012f, siekiant u\u017etikrinti tiksl\u0173 veikim\u0105.<\/li>\n<\/ul>\n<p><img decoding=\"async\" src=\"https:\/\/www.hydraulic-cylinders.net\/wp-content\/uploads\/2025\/01\/songte-chushion-collar.webp\" alt=\"JCB ma\u017eo ekskavatoriaus JS240LC kau\u0161o cilindras\"><\/p>\n<h2>Saugos aspektai ir aplinkos veiksniai<\/h2>\n<p>Aptarkite saugos priemoni\u0173 svarb\u0105 naudojant kau\u0161o cilindr\u0105 \u012fvairiose srityse ir pabr\u0117\u017ekite su jo veikimu susijusius aplinkosaugos aspektus.<\/p>\n<h2>Trik\u010di\u0173 \u0161alinimas ir da\u017eniausiai pasitaikan\u010dios problemos<\/h2>\n<p>Pateikite da\u017eniausiai pasitaikan\u010dius trik\u010di\u0173 \u0161alinimo patarimus ir sprendimus, kurie pad\u0117t\u0173 skaitytojams efektyviai diagnozuoti ir i\u0161spr\u0119sti problemas. Pateikite prevencines priemones, kad suma\u017eintum\u0117te galimas problemas.<\/p>\n<p><img decoding=\"async\" src=\"https:\/\/www.hydraulic-cylinders.net\/wp-content\/uploads\/2025\/01\/songte-bushings-with-all-kinds-of-excavator-models.webp\" alt=\"JCB ma\u017eo ekskavatoriaus JS240LC kau\u0161o cilindras\"><\/p>\n<h2>Apie m\u016bs\u0173 \u012fmon\u0119<\/h2>\n<p>Esame pakaitini\u0173 hidraulini\u0173 cilindr\u0173 gamintojas, si\u016blantis plat\u0173 gamini\u0173 asortiment\u0105. Tapome vienu i\u0161 pirmaujan\u010di\u0173 hidraulini\u0173 cilindr\u0173 gamintoj\u0173 ir didmenini\u0173 platintoj\u0173 vidaus ir tarptautin\u0117se rinkose. Savo patobulintose gamybos dirbtuv\u0117se laikom\u0117s meistri\u0161kumo princip\u0173 ir remiam\u0117s pramonin\u0117s gamybos valdymo strategijomis. Pasitelkdami techninius geb\u0117jimus, pa\u017eangi\u0105 skaitmenin\u0119 gamybos \u012frang\u0105 ir profesionalias bandym\u0173 sistemas, nuolat tobuliname savo gamybos platform\u0105 ir gamini\u0173 kokyb\u0117s linijas. Turime stipri\u0173 k\u016brybini\u0173 geb\u0117jim\u0173 ir siekiame patenkinti \u012fvairius savo klient\u0173 poreikius, u\u017etikrindami auk\u0161t\u0105 efektyvum\u0105, tikslum\u0105 ir kokyb\u0119.<\/p>\n<p><img decoding=\"async\" src=\"https:\/\/www.hydraulic-cylinders.net\/wp-content\/uploads\/2025\/01\/songte-company-3.webp\" alt=\"JCB ma\u017eo ekskavatoriaus JS240LC kau\u0161o cilindras\"><\/p>\n<h3>Profesionalumas<\/h3>\n<p>Explain the company&#8217;s professionalism and expertise in the field.<\/p>\n<h3>Tarptautiniai sertifikatai<\/h3>\n<p>Pa\u017eym\u0117kite visus tarptautinius sertifikatus, kuriuos \u012fmon\u0117 yra gavusi.<\/p>\n<h3>Pritaikymo paslaugos<\/h3>\n<p>Discuss the company&#8217;s ability to provide customized services based on customer requirements.<\/p>\n<h3>Gamybos \u012franga<\/h3>\n<p>Apib\u016bdinkite \u012fmon\u0117s naudojam\u0105 pa\u017eangi\u0105 gamybos \u012frang\u0105.<\/p>\n<h3>Aptarnavimas po pardavimo<\/h3>\n<p>Emphasize the company&#8217;s commitment to providing excellent after-sales service to customers.<\/p>\n<p>Autorius: lyl<\/p>","protected":false},"excerpt":{"rendered":"<p>Bucket Cylinder For JCB Small Excavator JS240LC Introduction The bucket cylinder is a specially designed hydraulic cylinder used to control the movement of the bucket in heavy machinery such as excavators, backhoe loaders, and front loaders. Its main function is to enable the lifting, lowering, and tilting of the bucket, making it suitable for various [&hellip;]<\/p>","protected":false},"featured_media":14782,"comment_status":"open","ping_status":"closed","template":"","meta":{"_et_pb_use_builder":"","_et_pb_old_content":"","_et_gb_content_width":""},"product_brand":[],"product_cat":[1494],"product_tag":[1495,1496],"class_list":{"0":"post-15197","1":"product","2":"type-product","3":"status-publish","4":"has-post-thumbnail","6":"product_cat-bucket-cylinders","7":"product_tag-bucket-cylinders","8":"product_tag-hydraulic-cylinders","10":"first","11":"instock","12":"shipping-taxable","13":"product-type-simple"},"amp_enabled":true,"_links":{"self":[{"href":"https:\/\/www.hydraulic-cylinders.net\/lt\/wp-json\/wp\/v2\/product\/15197","targetHints":{"allow":["GET"]}}],"collection":[{"href":"https:\/\/www.hydraulic-cylinders.net\/lt\/wp-json\/wp\/v2\/product"}],"about":[{"href":"https:\/\/www.hydraulic-cylinders.net\/lt\/wp-json\/wp\/v2\/types\/product"}],"replies":[{"embeddable":true,"href":"https:\/\/www.hydraulic-cylinders.net\/lt\/wp-json\/wp\/v2\/comments?post=15197"}],"wp:featuredmedia":[{"embeddable":true,"href":"https:\/\/www.hydraulic-cylinders.net\/lt\/wp-json\/wp\/v2\/media\/14782"}],"wp:attachment":[{"href":"https:\/\/www.hydraulic-cylinders.net\/lt\/wp-json\/wp\/v2\/media?parent=15197"}],"wp:term":[{"taxonomy":"product_brand","embeddable":true,"href":"https:\/\/www.hydraulic-cylinders.net\/lt\/wp-json\/wp\/v2\/product_brand?post=15197"},{"taxonomy":"product_cat","embeddable":true,"href":"https:\/\/www.hydraulic-cylinders.net\/lt\/wp-json\/wp\/v2\/product_cat?post=15197"},{"taxonomy":"product_tag","embeddable":true,"href":"https:\/\/www.hydraulic-cylinders.net\/lt\/wp-json\/wp\/v2\/product_tag?post=15197"}],"curies":[{"name":"wp","href":"https:\/\/api.w.org\/{rel}","templated":true}]}}