{"id":15200,"date":"2025-01-19T14:13:46","date_gmt":"2025-01-19T14:13:46","guid":{"rendered":"https:\/\/www.hydraulic-cylinders.net\/product\/bucket-cylinder-for-caterpillar-small-excavator-e70-70b\/"},"modified":"2025-01-19T14:13:54","modified_gmt":"2025-01-19T14:13:54","slug":"bucket-cylinder-for-caterpillar-small-excavator-e70-70b","status":"publish","type":"product","link":"https:\/\/www.hydraulic-cylinders.net\/lt\/produktas\/bucket-cylinder-for-caterpillar-small-excavator-e70-70b\/","title":{"rendered":"Kau\u0161o cilindras Caterpillar ma\u017eam ekskavatoriui E70\/70B"},"content":{"rendered":"<h1>Kau\u0161o cilindras Caterpillar ma\u017eam ekskavatoriui E70\/70B<\/h1>\n<h2>\u012evadas<\/h2>\n<p>Kau\u0161o cilindras yra specialiai suprojektuotas hidraulinis cilindras, daugiausia naudojamas kau\u0161o jud\u0117jimui valdyti sunkiosiose ma\u0161inose, tokiose kaip ekskavatoriai, ekskavatoriai ir frontaliniai krautuvai. Pagrindin\u0117 jo funkcija \u2013 leisti kau\u0161ui atlikti k\u0117limo, nuleidimo ir pakreipimo operacijas, tod\u0117l j\u012f patogu atlikti \u012fvairioms med\u017eiag\u0173 tvarkymo u\u017eduotims. Hidraulin\u0117je sistemoje kau\u0161o cilindras tiksliai valdo kau\u0161\u0105 keisdamas hidraulin\u0117s alyvos sl\u0117g\u012f, tod\u0117l operatoriai gali efektyviai valdyti sunkius krovinius ir prisitaikyti prie sud\u0117tingos darbo aplinkos bei \u012fvairi\u0173 eksploatavimo reikalavim\u0173.<\/p>\n<p><img decoding=\"async\" src=\"https:\/\/www.hydraulic-cylinders.net\/wp-content\/uploads\/2025\/01\/songte-company-2.webp\" alt=\"Kau\u0161o cilindras\"><\/p>\n<h2>Savyb\u0117s<\/h2>\n<ul>\n<li>Didelis stiprumas ir ilgaam\u017ei\u0161kumas: Paprastai pagaminti i\u0161 didelio stiprumo plieno arba aliuminio, gali atlaikyti auk\u0161t\u0105 sl\u0117g\u012f ir dideles apkrovas, tinkami at\u0161iaurioms darbo aplinkoms, suprojektuoti atsi\u017evelgiant \u012f atsparum\u0105 dilimui ir korozijai, prailginantys tarnavimo laik\u0105.<\/li>\n<li>Efektyvus hidraulinis veikimas: Skland\u016bs i\u0161pl\u0117timo ir \u012ftraukimo veiksmai pasiekiami naudojant hidraulin\u0117s alyvos sl\u0117g\u012f, tod\u0117l galima greitai reaguoti \u012f valdymo komandas, u\u017etikrinti galingas st\u016bmimo ir traukimo j\u0117gas, tod\u0117l tinka sunkiems kroviniams kelti ir sud\u0117tingoms eksploatavimo u\u017eduotims atlikti.<\/li>\n<li>\u012evair\u016bs tipai: pagal poreikius ir skirtingus eksploatacinius reikalavimus galima pasirinkti vienpusio veikimo (hidraulinis veikimas tik viena kryptimi) arba dvipusio veikimo (hidraulinis veikimas abiem kryptimis) cilindrus. Kai kurie modeliai yra teleskopiniai, tod\u0117l juos galima labiau prailginti nedidinant i\u0161orini\u0173 matmen\u0173, tod\u0117l jie tinka naudoti ribotoje erdv\u0117je.<\/li>\n<li>Lengva montuoti: Galima lengvai sumontuoti vietoje originalaus cilindro, taupant laik\u0105 ir darbo s\u0105naudas. Pritaikoma pagal kliento reikalavimus.<\/li>\n<li>Universalus suderinamumas: gali pakeisti \u012fvairius hidraulinius cilindrus, tod\u0117l tai ekonomi\u0161kas \u012frangos prie\u017ei\u016bros ir remonto sprendimas.<\/li>\n<\/ul>\n<p><img decoding=\"async\" src=\"https:\/\/www.hydraulic-cylinders.net\/wp-content\/uploads\/2025\/01\/songte-cylinder-head-with-all-kinds-excavator-models.webp\" alt=\"Cilindro galvut\u0117\"><\/p>\n<h2>Parai\u0161kos<\/h2>\n<p>Kau\u0161o cilindras pla\u010diai naudojamas \u012fvairiose sunkiosiose ma\u0161inose, \u012fskaitant:<\/p>\n<ul>\n<li>Statybin\u0117 \u012franga: ekskavatoriuose jie yra b\u016btini kasant, kraunant ir perkeliant grunt\u0105 ar \u0161iuk\u0161les. Ekskavatoriuose kau\u0161o cilindrai padeda kasti ir kelti. <\/li>\n<li>\u017dem\u0117s \u016bkio technika: naudojama priekiniuose krautuvuose dirvo\u017eemiui, \u0161ienui ir kitoms med\u017eiagoms kasti, kelti ir transportuoti. <\/li>\n<li>Med\u017eiag\u0173 tvarkymo \u012franga: naudojama \u0161akiniuose krautuvuose ir kitose pramonin\u0117se transporto priemon\u0117se prek\u0117ms kelti, transportuoti ir sukrauti.<\/li>\n<\/ul>\n<h2>Projektavimo aspektai ir atrankos kriterijai<\/h2>\n<p>Kau\u0161o cilindro konstrukcija yra labai svarbi jo veikimui ir ilgaam\u017ei\u0161kumui. Svarbiausi aspektai:<\/p>\n<ul>\n<li>Keliamoji galia: Cilindras turi atlaikyti numatom\u0105 apkrov\u0105 be gedim\u0173 ar pa\u017eeidim\u0173.<\/li>\n<li>Sandarinimas: Cilindras turi b\u016bti sandarus, kad b\u016bt\u0173 i\u0161vengta nuot\u0117ki\u0173 ir u\u017eter\u0161imo.<\/li>\n<li>Patvarumas: Cilindras turi atlaikyti numatom\u0105 nusid\u0117v\u0117jim\u0105, atsirandant\u012f d\u0117l naudojimo at\u0161iauriomis s\u0105lygomis.<\/li>\n<li>Sauga: Balionas turi b\u016bti suprojektuotas su saugos funkcijomis, kad b\u016bt\u0173 i\u0161vengta nelaiming\u0173 atsitikim\u0173 ir su\u017ealojim\u0173.<\/li>\n<li>Prie\u017ei\u016bra: Cilindras turi b\u016bti suprojektuotas taip, kad j\u012f b\u016bt\u0173 lengva pri\u017ei\u016br\u0117ti ir remontuoti.<\/li>\n<\/ul>\n<p><img decoding=\"async\" src=\"https:\/\/www.hydraulic-cylinders.net\/wp-content\/uploads\/2025\/01\/songte-oil-pipes-and-spare-parts.webp\" alt=\"Naftos vamzd\u017eiai ir atsargin\u0117s dalys\"><\/p>\n<h2>Sandarinimas ir tepimas<\/h2>\n<p>Kau\u0161o cilindre naudojami \u012fvair\u016bs sandarinimo komponentai, tokie kaip st\u016bmoklio sandarinimo \u017eiedai ir strypo sandarinimo \u017eiedai, pagaminti i\u0161 atspari\u0173 dilimui med\u017eiag\u0173, toki\u0173 kaip poliuretanas ir nitrilo kau\u010diukas. Cilindro korpusas ir srieginiai galiniai pavir\u0161iai yra kruop\u0161\u010diai apdirbti, siekiant pagerinti atsparum\u0105 dilimui. Norint u\u017etikrinti skland\u0173 veikim\u0105 ir pailginti cilindro tarnavimo laik\u0105, b\u016btina reguliariai tepti tinkama hidrauline alyva.<\/p>\n<h2>Prie\u017ei\u016bra ir remontas<\/h2>\n<p>Reguliarus sandarikli\u0173 tikrinimas, tepimas ir keitimas yra b\u016btini norint i\u0161laikyti kau\u0161o cilindro veikim\u0105 ir pailginti jo tarnavimo laik\u0105. Tinkamas montavimas, tepimas ir reguliavimas yra labai svarb\u016bs siekiant u\u017etikrinti efektyv\u0173 cilindro veikim\u0105 ir i\u0161vengti pa\u017eeidim\u0173 ar gedim\u0173. Rekomenduojama naudoti tinkamus montavimo laikiklius, kad pritvirtintum\u0117te cilindr\u0105 vietoje, ir laikytis rekomenduojam\u0173 tikrinimo, remonto ir keitimo proced\u016br\u0173, kad b\u016bt\u0173 u\u017etikrintas tinkamas veikimas ir sauga.<\/p>\n<p><img decoding=\"async\" src=\"https:\/\/www.hydraulic-cylinders.net\/wp-content\/uploads\/2025\/01\/songte-chushion-collar.webp\" alt=\"\u0160luost\u0117s apykakl\u0117\"><\/p>\n<h2>Saugos ir aplinkosaugos aspektai<\/h2>\n<p>Naudojant kau\u0161o tipo cilindr\u0105, b\u016btina laikytis tinkam\u0173 saugos proced\u016br\u0173, kad b\u016bt\u0173 i\u0161vengta nelaiming\u0173 atsitikim\u0173 ir su\u017ealojim\u0173. Reguliarus techninis aptarnavimas ir ap\u017ei\u016bra taip pat gali pad\u0117ti i\u0161vengti aplinkos u\u017eter\u0161imo d\u0117l skys\u010di\u0173 nuot\u0117kio ar kitos cilindro \u017ealos.<\/p>\n<h2>Trik\u010di\u0173 \u0161alinimas ir da\u017eniausiai pasitaikan\u010dios problemos<\/h2>\n<p>Da\u017eniausios kau\u0161o cilindro problemos yra nuot\u0117kis, suma\u017e\u0117j\u0119s na\u0161umas ir netinkamas veikimas. Tinkamai diagnozuojant ir taisant \u0161ias problemas reikia patirties ir \u017eini\u0173, tod\u0117l tai tur\u0117t\u0173 atlikti tik apmokyti specialistai. Reguliarus techninis aptarnavimas ir ap\u017ei\u016bra gali pad\u0117ti i\u0161vengti \u0161i\u0173 problem\u0173.<\/p>\n<p><img decoding=\"async\" src=\"https:\/\/www.hydraulic-cylinders.net\/wp-content\/uploads\/2025\/01\/songte-bushings-with-all-kinds-of-excavator-models.webp\" alt=\"\u012evor\u0117s\"><\/p>\n<h2>Apie m\u016bs\u0173 \u012fmon\u0119<\/h2>\n<p>Esame pakaitini\u0173 hidraulini\u0173 cilindr\u0173 gamintojas ir pirmaujantis hidraulini\u0173 cilindr\u0173 gamintojas bei didmenininkas vidaus ir tarptautin\u0117se rinkose. Vadovaujam\u0117s kokyb\u0117s puikumo principu ir savo gamybos cechuose taikome industrializuoto gamybos valdymo strategijas. M\u016bs\u0173 \u012fmon\u0117 nuolat tobulina cecho gamybos platform\u0105, pasitelkdama techninius talentus, auk\u0161\u010diausios klas\u0117s skaitmenin\u0119 gamybos \u012frang\u0105 ir profesionalias bandym\u0173 sistemas, siekdama pagerinti kokybi\u0161k\u0105 produkto gamybos proces\u0105. M\u016bs\u0173 \u012fmon\u0117 pasi\u017eymi stipriais k\u016brybiniais geb\u0117jimais ir vadovaujasi didelio efektyvumo, didelio tikslumo ir auk\u0161tos kokyb\u0117s principais, kad patenkint\u0173 \u012fvairius klient\u0173 poreikius.<\/p>\n<ul>\n<li>Profesionalumas: M\u016bs\u0173 ekspert\u0173 komanda teikia profesionalias paslaugas ir technin\u0119 pagalb\u0105 \u012fvairi\u0173 pramon\u0117s \u0161ak\u0173 klientams.<\/li>\n<li>Tarptautinis sertifikatas: M\u016bs\u0173 gaminiai yra gav\u0119 \u012fvairius tarptautinius sertifikatus, tokius kaip ISO ir CE.<\/li>\n<li>Individualaus pritaikymo paslaugos: Mes tiekiame individualius hidraulinius cilindrus pagal kliento reikalavimus ir specifikacijas.<\/li>\n<li>Gamybos \u012franga: Mes naudojame pa\u017eangi\u0105 gamybos \u012frang\u0105, kad u\u017etikrintume gamini\u0173 kokyb\u0119 ir tikslum\u0105.<\/li>\n<li>Aptarnavimas po pardavimo: Mes teikiame savalaikes ir efektyvias aptarnavimo po pardavimo paslaugas, kad u\u017etikrintume klient\u0173 pasitenkinim\u0105.<\/li>\n<\/ul>\n<p><img decoding=\"async\" src=\"https:\/\/www.hydraulic-cylinders.net\/wp-content\/uploads\/2025\/01\/songte-company-3.webp\" alt=\"\u012emon\u0117\"><\/p>\n<p>Autorius: lyl<\/p>","protected":false},"excerpt":{"rendered":"<p>Bucket Cylinder For Caterpillar Small Excavator E70\/70B Introduction A bucket cylinder is a specially designed hydraulic cylinder primarily used to control the movement of the bucket in heavy machinery such as excavators, backhoes, and front-end loaders. Its main function is to enable the bucket to perform lifting, lowering, and tilting operations, making it convenient for [&hellip;]<\/p>","protected":false},"featured_media":14776,"comment_status":"open","ping_status":"closed","template":"","meta":{"_et_pb_use_builder":"","_et_pb_old_content":"","_et_gb_content_width":""},"product_brand":[],"product_cat":[1494],"product_tag":[1495,1496],"class_list":{"0":"post-15200","1":"product","2":"type-product","3":"status-publish","4":"has-post-thumbnail","6":"product_cat-bucket-cylinders","7":"product_tag-bucket-cylinders","8":"product_tag-hydraulic-cylinders","10":"first","11":"instock","12":"shipping-taxable","13":"product-type-simple"},"amp_enabled":true,"_links":{"self":[{"href":"https:\/\/www.hydraulic-cylinders.net\/lt\/wp-json\/wp\/v2\/product\/15200","targetHints":{"allow":["GET"]}}],"collection":[{"href":"https:\/\/www.hydraulic-cylinders.net\/lt\/wp-json\/wp\/v2\/product"}],"about":[{"href":"https:\/\/www.hydraulic-cylinders.net\/lt\/wp-json\/wp\/v2\/types\/product"}],"replies":[{"embeddable":true,"href":"https:\/\/www.hydraulic-cylinders.net\/lt\/wp-json\/wp\/v2\/comments?post=15200"}],"wp:featuredmedia":[{"embeddable":true,"href":"https:\/\/www.hydraulic-cylinders.net\/lt\/wp-json\/wp\/v2\/media\/14776"}],"wp:attachment":[{"href":"https:\/\/www.hydraulic-cylinders.net\/lt\/wp-json\/wp\/v2\/media?parent=15200"}],"wp:term":[{"taxonomy":"product_brand","embeddable":true,"href":"https:\/\/www.hydraulic-cylinders.net\/lt\/wp-json\/wp\/v2\/product_brand?post=15200"},{"taxonomy":"product_cat","embeddable":true,"href":"https:\/\/www.hydraulic-cylinders.net\/lt\/wp-json\/wp\/v2\/product_cat?post=15200"},{"taxonomy":"product_tag","embeddable":true,"href":"https:\/\/www.hydraulic-cylinders.net\/lt\/wp-json\/wp\/v2\/product_tag?post=15200"}],"curies":[{"name":"wp","href":"https:\/\/api.w.org\/{rel}","templated":true}]}}