{"id":15201,"date":"2025-01-19T14:13:56","date_gmt":"2025-01-19T14:13:56","guid":{"rendered":"https:\/\/www.hydraulic-cylinders.net\/product\/bucket-cylinder-for-caterpillar-small-excavator-e302-4d\/"},"modified":"2025-01-19T14:13:58","modified_gmt":"2025-01-19T14:13:58","slug":"bucket-cylinder-for-caterpillar-small-excavator-e302-4d","status":"publish","type":"product","link":"https:\/\/www.hydraulic-cylinders.net\/lt\/produktas\/bucket-cylinder-for-caterpillar-small-excavator-e302-4d\/","title":{"rendered":"Kau\u0161o cilindras Caterpillar ma\u017eam ekskavatoriui E302.4D"},"content":{"rendered":"<h1>Kau\u0161o cilindras Caterpillar ma\u017eam ekskavatoriui E302.4D<\/h1>\n<h2>\u012evadas<\/h2>\n<p>Kau\u0161o cilindras yra specialiai suprojektuotas hidraulinis cilindras, daugiausia naudojamas kau\u0161o jud\u0117jimui valdyti sunkiosiose ma\u0161inose, tokiose kaip ekskavatoriai, ekskavatoriniai krautuvai ir frontaliniai krautuvai. Jo pagrindin\u0117 funkcija \u2013 leisti kau\u0161ui pakilti, nuleisti ir pakreipti, kad b\u016bt\u0173 lengviau atlikti \u012fvairias med\u017eiag\u0173 tvarkymo u\u017eduotis. Hidraulin\u0117je sistemoje kau\u0161o cilindras tiksliai valdo kau\u0161o jud\u0117jim\u0105 keisdamas hidraulin\u0117s alyvos sl\u0117g\u012f, leisdamas operatoriams efektyviai valdyti sunkius krovinius ir prisitaikyti prie sud\u0117tingos darbo aplinkos bei \u012fvairi\u0173 eksploatacini\u0173 poreiki\u0173.<\/p>\n<p><img decoding=\"async\" src=\"https:\/\/www.hydraulic-cylinders.net\/wp-content\/uploads\/2025\/01\/songte-company-2.webp\" alt=\"Kau\u0161o cilindro vaizdas\"><\/p>\n<h2>Savyb\u0117s<\/h2>\n<ul>\n<li>\n<h3>Didelis stiprumas ir ilgaam\u017ei\u0161kumas<\/h3>\n<p>Kau\u0161\u0173 cilindrai paprastai gaminami i\u0161 didelio stiprumo plieno arba aliuminio, kurie gali atlaikyti auk\u0161t\u0105 sl\u0117g\u012f ir dideles apkrovas, tod\u0117l tinkami naudoti at\u0161iauriomis darbo s\u0105lygomis. Projektuojant taip pat atsi\u017evelgiama \u012f atsparum\u0105 dilimui ir korozijai, o tai pailgina j\u0173 tarnavimo laik\u0105.<\/p>\n<\/li>\n<li>\n<h3>Efektyvus hidraulinis valdymas<\/h3>\n<p>Kau\u0161\u0173 cilindrai naudoja hidraulin\u0117s alyvos sl\u0117g\u012f, kad u\u017etikrint\u0173 skland\u0173 i\u0161st\u016bmim\u0105 ir \u012ftraukim\u0105, greitai reaguot\u0173 \u012f valdymo komandas ir u\u017etikrint\u0173 stipri\u0105 st\u016bmimo bei traukimo j\u0117g\u0105, tod\u0117l jie tinka sunkiems kroviniams kelti ir sud\u0117tingoms eksploatavimo u\u017eduotims atlikti.<\/p>\n<\/li>\n<li>\n<h3>\u012evair\u016bs tipai<\/h3>\n<p>Kau\u0161\u0173 cilindrai gali b\u016bti parenkami kaip vienpusio veikimo (hidrauliniai naudojami tik viena kryptimi) arba dvipusio veikimo (hidrauliniai naudojami dviem kryptimis) cilindrai pagal reikalavimus, o kai kurie modeliai yra teleskopiniai, leid\u017eiantys didesn\u012f i\u0161pl\u0117tim\u0105 nedidinant i\u0161orini\u0173 matmen\u0173, tod\u0117l jie tinka naudoti ribotoje erdv\u0117je.<\/p>\n<\/li>\n<li>\n<h3>Produkto prieinamumas<\/h3>\n<p>M\u016bs\u0173 kau\u0161\u0173 cilindrai gali puikiai pakeisti \u0161iuos hidraulinius cilindrus, klientams galime pasi\u016blyti \u012fvairi\u0173 modeli\u0173 ir tip\u0173 kau\u0161\u0173 cilindrus.<\/p>\n<\/li>\n<\/ul>\n<p><img decoding=\"async\" src=\"https:\/\/www.hydraulic-cylinders.net\/wp-content\/uploads\/2025\/01\/songte-cylinder-head-with-all-kinds-excavator-models.webp\" alt=\"Kau\u0161o cilindro pakeitimo paveiksl\u0117lis\"><\/p>\n<h2>Parai\u0161kos<\/h2>\n<p>Kau\u0161\u0173 cilindrai atlieka labai svarb\u0173 vaidmen\u012f \u012fvairi\u0173 tip\u0173 sunkiosiose ma\u0161inose, tokiose kaip:<\/p>\n<ul>\n<li>\n<h3>Statybin\u0117 \u012franga<\/h3>\n<p>Jie yra gyvybi\u0161kai svarb\u016bs ekskavatoriams kasant, kraunant ir perkeliant dirvo\u017eem\u012f ar \u0161iuk\u0161les. Ekskavatoriuose krautuvuose kau\u0161o cilindras padeda tiek kasti, tiek kelti. <\/p>\n<\/li>\n<li>\n<h3>\u017dem\u0117s \u016bkio technika<\/h3>\n<p>Jie naudojami frontaliniuose krautuvuose dirvo\u017eemiui, \u0161ienui ir kitoms med\u017eiagoms semti, kelti ir transportuoti. Ekskavatoriuose kau\u0161o cilindras leid\u017eia kasti, leisdamas kau\u0161ui \u012fsiskverbti \u012f dirv\u0105. Frontaliniuose krautuvuose jie padeda efektyviai kelti ir i\u0161versti prekes.<\/p>\n<\/li>\n<\/ul>\n<h2>Projektavimo aspektai ir atrankos standartai<\/h2>\n<p>Kau\u0161\u0173 cilindrai projektuojami atsi\u017evelgiant \u012f kelis pagrindinius veiksnius, tokius kaip:<\/p>\n<ul>\n<li>\n<h3>Guoli\u0173 talpa<\/h3>\n<p>Kau\u0161\u0173 cilindrai pagaminti i\u0161 didelio stiprumo med\u017eiag\u0173 ir yra skirti atlaikyti dideles apkrovas ir auk\u0161t\u0105 sl\u0117g\u012f.<\/p>\n<\/li>\n<li>\n<h3>Sandarinimas<\/h3>\n<p>\u012evair\u016bs sandarinimo komponentai, tokie kaip st\u016bmokli\u0173 ir kot\u0173 sandarikliai, yra pagaminti i\u0161 atspari\u0173 dilimui med\u017eiag\u0173, kad b\u016bt\u0173 u\u017etikrintas ilgas tarnavimo laikas. Cilindr\u0173 korpusai ir sriegi\u0173 gal\u0173 pavir\u0161iai yra kruop\u0161\u010diai apdirbti, kad padid\u0117t\u0173 atsparumas dilimui.<\/p>\n<\/li>\n<li>\n<h3>Patvarumas ir saugumas<\/h3>\n<p>Kau\u0161\u0173 cilindrai yra grie\u017etai kontroliuojami kokyb\u0117s, siekiant u\u017etikrinti, kad jie atitikt\u0173 pramon\u0117s standartus ir b\u016bt\u0173 saug\u016bs naudoti. Jie sukurti taip, kad juos b\u016bt\u0173 lengva pri\u017ei\u016br\u0117ti ir remontuoti, siekiant u\u017etikrinti ilg\u0105 tarnavimo laik\u0105.<\/p>\n<\/li>\n<\/ul>\n<p><img decoding=\"async\" src=\"https:\/\/www.hydraulic-cylinders.net\/wp-content\/uploads\/2025\/01\/songte-oil-pipes-and-spare-parts.webp\" alt=\"Kau\u0161o cilindro dali\u0173 vaizdas\"><\/p>\n<h2>Sandariklis ir tepimas<\/h2>\n<p>Kau\u0161\u0173 cilindruose naudojami \u012fvairi\u0173 tip\u0173 sandarikliai, tokie kaip st\u016bmokli\u0173 ir kot\u0173 sandarikliai, pagaminti i\u0161 atspari\u0173 dilimui med\u017eiag\u0173, toki\u0173 kaip poliuretanas ir nitrilo kau\u010diukas. Cilindr\u0173 korpusai ir sriegi\u0173 pavir\u0161iai yra kruop\u0161\u010diai apdirbti, siekiant padidinti atsparum\u0105 dilimui. Svarbu reguliariai \u012fpilti atitinkamos hidraulin\u0117s alyvos, kad cilindras b\u016bt\u0173 suteptas.<\/p>\n<h2>Periodin\u0117 prie\u017ei\u016bra ir prevencin\u0117s priemon\u0117s<\/h2>\n<p>Tinkama prie\u017ei\u016bra yra gyvybi\u0161kai svarbi siekiant u\u017etikrinti kau\u0161o cilindr\u0173 ilgaam\u017ei\u0161kum\u0105 ir optimal\u0173 veikim\u0105. \u012eprastos prie\u017ei\u016bros u\u017eduotys apima:<\/p>\n<ul>\n<li>\n<h3>Reguliarus patikrinimas<\/h3>\n<p>Reguliar\u016bs patikrinimai padeda nustatyti galimas problemas ir u\u017ekirsti keli\u0105 rimtesnei \u017ealai, kol ji ne\u012fvyks.<\/p>\n<\/li>\n<li>\n<h3>Tepimas<\/h3>\n<p>Norint u\u017etikrinti skland\u0173 cilindro veikim\u0105, b\u016btina reguliariai tepti.<\/p>\n<\/li>\n<li>\n<h3>Tarpiklio keitimas ir kalibravimo patikrinimas<\/h3>\n<p>Reguliarus susid\u0117v\u0117jusi\u0173 sandarikli\u0173 keitimas ir kalibravimo patikrinimai padeda i\u0161laikyti optimal\u0173 na\u0161um\u0105.<\/p>\n<\/li>\n<\/ul>\n<p><img decoding=\"async\" src=\"https:\/\/www.hydraulic-cylinders.net\/wp-content\/uploads\/2025\/01\/songte-chushion-collar.webp\" alt=\"Kau\u0161o cilindro prie\u017ei\u016bros paveiksl\u0117lis\"><\/p>\n<h2>Saugos aspektai ir aplinkos veiksniai<\/h2>\n<p>Kau\u0161\u0173 cilindrai yra suprojektuoti taip, kad b\u016bt\u0173 saug\u016bs naudoti, tod\u0117l valdant sunki\u0105j\u0105 technik\u0105 reikia imtis tinkam\u0173 saugos priemoni\u0173. Aplinkos veiksniai, tokie kaip temperat\u016bra ir dr\u0117gm\u0117, gali tur\u0117ti \u012ftakos kau\u0161\u0173 cilindr\u0173 veikimui, tod\u0117l reikia imtis tinkam\u0173 priemoni\u0173, kad b\u016bt\u0173 u\u017etikrintas optimalus j\u0173 veikimas \u012fvairiomis aplinkos s\u0105lygomis.<\/p>\n<h2>Gedim\u0173 diagnostika ir da\u017eniausios problemos<\/h2>\n<p>Da\u017enos kau\u0161ini\u0173 cilindr\u0173 problemos yra nuot\u0117kis, sandarikli\u0173 pa\u017eeidimai ir netinkamas veikimas. Reguliarus patikrinimas ir prie\u017ei\u016bra gali pad\u0117ti i\u0161vengti \u0161i\u0173 problem\u0173. Jei problema i\u0161kyla, b\u016btina tinkamai j\u0105 diagnozuoti, o \u012fprasti sprendimai apima pa\u017eeist\u0173 komponent\u0173 remont\u0105 arba keitim\u0105.<\/p>\n<p><img decoding=\"async\" src=\"https:\/\/www.hydraulic-cylinders.net\/wp-content\/uploads\/2025\/01\/songte-bushings-with-all-kinds-of-excavator-models.webp\" alt=\"Kau\u0161o cilindro problemos vaizdas\"><\/p>\n<h2>Apie m\u016bs\u0173 \u012fmon\u0119<\/h2>\n<p>Esame pirmaujanti hidraulini\u0173 cilindr\u0173 gamintoja ir didmenin\u0117 platintoja, si\u016blanti plat\u0173 gamini\u0173 asortiment\u0105 vidaus ir tarptautin\u0117ms rinkoms. M\u016bs\u0173 \u012fmon\u0117 laikosi industrializuotos gamybos valdymo strategijos, pagr\u012fstos puikia kokybe, pasitelkdama modernias gamybos dirbtuves, techninius specialistus, auk\u0161\u010diausios klas\u0117s skaitmenin\u0119 gamybos \u012frang\u0105 ir profesionalias testavimo sistemas, kad nuolat tobulintume savo gamybos platform\u0105, tobulintume savo gamini\u0173 kokyb\u0117s gamybos proces\u0105 ir tur\u0117tume stiprius inovacij\u0173 paj\u0117gumus. Esame \u012fsipareigoj\u0119 tenkinti \u012fvairius savo klient\u0173 poreikius, u\u017etikrindami auk\u0161t\u0105 efektyvum\u0105, tikslum\u0105 ir kokyb\u0119.<\/p>\n<p><img decoding=\"async\" src=\"https:\/\/hzpt.com\/wp-content\/uploads\/2024\/11\/songte-company-1.webp\" alt=\"\u012emon\u0117s \u012fvaizdis\"><\/p>\n<h3>Profesionalumas<\/h3>\n<p>Esame \u012fsipareigoj\u0119 teikti profesionalias konsultacijas ir sprendimus savo klientams, u\u017etikrindami, kad jie gaut\u0173 tinkam\u0105 produkt\u0105, atitinkant\u012f j\u0173 konkre\u010dius poreikius.<\/p>\n<h3>Tarptautinis sertifikavimas<\/h3>\n<p>M\u016bs\u0173 produktai yra sertifikuoti pagal tarptautinius standartus, u\u017etikrinant, kad jie atitikt\u0173 pasaulin\u0117s rinkos poreikius.<\/p>\n<h3>Pritaikymo paslauga<\/h3>\n<p>Teikiame individualiai pritaikytas paslaugas, atsi\u017evelgdami \u012f individualius klient\u0173 poreikius, u\u017etikrindami, kad jie gaut\u0173 produkt\u0105, atitinkant\u012f j\u0173 unikalius reikalavimus.<\/p>\n<h3>Gamybos \u012franga<\/h3>\n<p>M\u016bs\u0173 gamybos cechai apr\u016bpinti moderniausia \u012franga, u\u017etikrinan\u010dia auk\u0161tos kokyb\u0117s hidraulini\u0173 cilindr\u0173 gamyb\u0105.<\/p>\n<h3>Aptarnavimas po pardavimo<\/h3>\n<p>Mes teikiame i\u0161samias garantinio aptarnavimo paslaugas, kad u\u017etikrintume, jog m\u016bs\u0173 klientai gaut\u0173 reikiam\u0105 pagalb\u0105 vis\u0105 hidraulinio cilindro naudojimo laik\u0105.<\/p>\n<h4>Autorius: lyl<\/h4>","protected":false},"excerpt":{"rendered":"<p>Bucket Cylinder For Caterpillar Small Excavator E302.4D Introduction A bucket cylinder is a specially designed hydraulic cylinder mainly used to control the movement of the bucket in heavy machinery such as excavators, backhoe loaders, and front loaders. Its main function is to enable the bucket to lift, lower and tilt to facilitate various material handling [&hellip;]<\/p>","protected":false},"featured_media":14773,"comment_status":"open","ping_status":"closed","template":"","meta":{"_et_pb_use_builder":"","_et_pb_old_content":"","_et_gb_content_width":""},"product_brand":[],"product_cat":[1494],"product_tag":[1495,1496],"class_list":{"0":"post-15201","1":"product","2":"type-product","3":"status-publish","4":"has-post-thumbnail","6":"product_cat-bucket-cylinders","7":"product_tag-bucket-cylinders","8":"product_tag-hydraulic-cylinders","10":"first","11":"instock","12":"shipping-taxable","13":"product-type-simple"},"amp_enabled":true,"_links":{"self":[{"href":"https:\/\/www.hydraulic-cylinders.net\/lt\/wp-json\/wp\/v2\/product\/15201","targetHints":{"allow":["GET"]}}],"collection":[{"href":"https:\/\/www.hydraulic-cylinders.net\/lt\/wp-json\/wp\/v2\/product"}],"about":[{"href":"https:\/\/www.hydraulic-cylinders.net\/lt\/wp-json\/wp\/v2\/types\/product"}],"replies":[{"embeddable":true,"href":"https:\/\/www.hydraulic-cylinders.net\/lt\/wp-json\/wp\/v2\/comments?post=15201"}],"wp:featuredmedia":[{"embeddable":true,"href":"https:\/\/www.hydraulic-cylinders.net\/lt\/wp-json\/wp\/v2\/media\/14773"}],"wp:attachment":[{"href":"https:\/\/www.hydraulic-cylinders.net\/lt\/wp-json\/wp\/v2\/media?parent=15201"}],"wp:term":[{"taxonomy":"product_brand","embeddable":true,"href":"https:\/\/www.hydraulic-cylinders.net\/lt\/wp-json\/wp\/v2\/product_brand?post=15201"},{"taxonomy":"product_cat","embeddable":true,"href":"https:\/\/www.hydraulic-cylinders.net\/lt\/wp-json\/wp\/v2\/product_cat?post=15201"},{"taxonomy":"product_tag","embeddable":true,"href":"https:\/\/www.hydraulic-cylinders.net\/lt\/wp-json\/wp\/v2\/product_tag?post=15201"}],"curies":[{"name":"wp","href":"https:\/\/api.w.org\/{rel}","templated":true}]}}