{"id":15212,"date":"2025-01-19T14:14:40","date_gmt":"2025-01-19T14:14:40","guid":{"rendered":"https:\/\/www.hydraulic-cylinders.net\/product\/bucket-cylinder-for-caterpillar-small-excavator-e120-120b\/"},"modified":"2025-01-19T14:14:42","modified_gmt":"2025-01-19T14:14:42","slug":"bucket-cylinder-for-caterpillar-small-excavator-e120-120b","status":"publish","type":"product","link":"https:\/\/www.hydraulic-cylinders.net\/lt\/produktas\/bucket-cylinder-for-caterpillar-small-excavator-e120-120b\/","title":{"rendered":"Kau\u0161o cilindras Caterpillar ma\u017eam ekskavatoriui E120\/120B"},"content":{"rendered":"<h1>Kau\u0161o cilindras Caterpillar ma\u017eam ekskavatoriui E120\/120B<\/h1>\n<h2>\u012evadas<\/h2>\n<p>Kau\u0161o cilindras, skirtas ma\u017eam ekskavatoriui \u201eCaterpillar E120\/120B\u201c, yra specializuotas hidraulinis cilindras, skirtas pirmiausia valdyti kau\u0161\u0173 jud\u0117jim\u0105 sunkiosiose ma\u0161inose, tokiose kaip ekskavatoriai, ekskavatoriai ir frontaliniai krautuvai. Jo pagrindin\u0117 funkcija \u2013 leisti kau\u0161\u0105 pakelti, nuleisti ir pakreipti, kad b\u016bt\u0173 lengviau atlikti \u012fvairias med\u017eiag\u0173 tvarkymo u\u017eduotis. Hidraulin\u0117je sistemoje kau\u0161o cilindras tiksliai valdo kau\u0161\u0105 keisdamas hidraulin\u0117s alyvos sl\u0117g\u012f, tod\u0117l operatoriai gali efektyviai valdyti sunkius krovinius, prisitaikyti prie sud\u0117tingos darbo aplinkos ir \u012fvairi\u0173 eksploatavimo reikalavim\u0173.<\/p>\n<p><img decoding=\"async\" src=\"https:\/\/www.hydraulic-cylinders.net\/wp-content\/uploads\/2025\/01\/songte-company-2.webp\" alt=\"Kau\u0161o cilindras\" \/><\/p>\n<h2>Savyb\u0117s<\/h2>\n<ul>\n<li>\n<h3>Didelis stiprumas ir ilgaam\u017ei\u0161kumas:<\/h3>\n<p> Kau\u0161o cilindras paprastai pagamintas i\u0161 didelio stiprumo plieno arba aliuminio, kuris gali atlaikyti auk\u0161t\u0105 sl\u0117g\u012f ir dideles apkrovas, prisitaikyti prie at\u0161iauri\u0173 darbo s\u0105lyg\u0173 ir yra sukurtas atsi\u017evelgiant \u012f atsparum\u0105 dilimui ir korozijai, kad prailgint\u0173 jo tarnavimo laik\u0105.<\/li>\n<li>\n<h3>Efektyvus hidraulinis valdymas:<\/h3>\n<p> Kau\u0161o cilindras naudoja hidraulin\u0117s alyvos sl\u0117g\u012f, kad u\u017etikrint\u0173 skland\u0173 teleskopin\u012f veikim\u0105, gali greitai reaguoti \u012f valdymo komandas, u\u017etikrinti galingas st\u016bmimo ir traukimo j\u0117gas ir yra tinkamas sunkiems kroviniams tvarkyti ir sud\u0117tingoms eksploatavimo u\u017eduotims atlikti.<\/li>\n<li>\n<h3>\u012evair\u016bs tipai:<\/h3>\n<p> Pagal reikalavimus, kad b\u016bt\u0173 patenkinti skirtingi eksploatavimo poreikiai, galima pasirinkti vienpusio veikimo (hidraulin\u0117 sistema naudojama tik viena kryptimi) arba dvipusio veikimo (hidraulin\u0117 sistema naudojama abiem kryptimis) cilindrus. Kai kurie modeliai yra teleskopiniai, tod\u0117l juos galima labiau i\u0161tiesti nedidinant i\u0161orini\u0173 matmen\u0173, tod\u0117l jie idealiai tinka ten, kur erdv\u0117 ribota.<\/li>\n<li>\n<h3>Produkto pakeitimas:<\/h3>\n<p> Mes galime pagaminti \u0161\u012f produkt\u0105, o m\u016bs\u0173 produktas gali puikiai pakeisti \u0161iuos hidraulinius cilindrus.<\/li>\n<\/ul>\n<p><img decoding=\"async\" src=\"https:\/\/www.hydraulic-cylinders.net\/wp-content\/uploads\/2025\/01\/songte-cylinder-head-with-all-kinds-excavator-models.webp\" alt=\"Kau\u0161o cilindro keitimas\" \/><\/p>\n<h2>Parai\u0161kos<\/h2>\n<p>Kau\u0161o cilindras yra naudojamas \u012fvairiose pramon\u0117s \u0161akose, i\u0161 kuri\u0173 kai kurios yra:<\/p>\n<ul>\n<li>\n<h3>Statybin\u0117 \u012franga:<\/h3>\n<p> Ekskavatoriuose jie yra labai svarb\u016bs kasant, kraunant ir perkeliant dirvo\u017eem\u012f ar \u0161iuk\u0161les. Ekskavatoriuose krautuvuose kau\u0161o cilindras padeda tiek kasti, tiek kelti.<\/li>\n<li>\n<h3>\u017dem\u0117s \u016bkio technika:<\/h3>\n<p> Priekiniuose krautuvuose naudojamas kau\u0161o cilindras, skirtas dirvo\u017eemiui, \u0161ienui ir kitoms med\u017eiagoms kasti, kelti ir transportuoti, kasimo veiksm\u0105 atlieka leisdamas kau\u0161ui \u012fsiskverbti \u012f dirv\u0105.<\/li>\n<li>\n<h3>Krautuvas:<\/h3>\n<p> Priekiniuose krautuvuose jie padeda efektyviai pakelti ir pakreipti prekes.<\/li>\n<\/ul>\n<p>Kiekvien\u0105 parai\u0161k\u0105 galima i\u0161pl\u0117sti pagal poreikius naudojant raktinius \u017eod\u017eius ir apra\u0161ymus.<\/p>\n<h2>Projektavimo aspektai ir atrankos kriterijai<\/h2>\n<p>Projektuojant kau\u0161o cilindras turi atlaikyti apkrov\u0105, u\u017etikrinti tinkam\u0105 sandarum\u0105, b\u016bti patvarus, saugus ir lengvai pri\u017ei\u016brimas. Reikia atsi\u017evelgti \u012f \u0161iuos dalykus:<\/p>\n<ul>\n<li>\n<h3>Apkrovos paj\u0117gumas:<\/h3>\n<p> Kau\u0161o cilindras turi atlaikyti maksimal\u0173 sl\u0117g\u012f ir j\u0117g\u0105, su kuria gali susidurti eksploatacijos metu. \u0160i talpa priklauso nuo cilindro dyd\u017eio ir jo gamybai naudojamos med\u017eiagos.<\/li>\n<li>\n<h3>Sandarinimas:<\/h3>\n<p> \u012evairi\u0173 sandarinimo element\u0173, toki\u0173 kaip st\u016bmoklio ir koto sandarikliai, pagamint\u0173 i\u0161 atspari\u0173 dilimui med\u017eiag\u0173, toki\u0173 kaip poliuretanas ir nitrilo kau\u010diukas, naudojimas suma\u017eina nuot\u0117kio rizik\u0105 ir padidina cilindro ilgaam\u017ei\u0161kum\u0105. Be to, cilindro kiaurym\u0117s ir sriegio gal\u0173 pavir\u0161iai yra kruop\u0161\u010diai apdorojami, siekiant pagerinti atsparum\u0105 dilimui.<\/li>\n<li>\n<h3>Patvarumas:<\/h3>\n<p> Konstrukcija turi u\u017etikrinti, kad cilindras atlaikyt\u0173 did\u017eiausi\u0105 apkrov\u0105 ir at\u0161iauriausias darbo s\u0105lygas. Cilindrai taip pat turi b\u016bti labai atspar\u016bs korozijai, kad b\u016bt\u0173 pailgintas j\u0173 tarnavimo laikas.<\/li>\n<li>\n<h3>Saugumas:<\/h3>\n<p> Cilindrai turi b\u016bti suprojektuoti taip, kad b\u016bt\u0173 i\u0161vengta atsitiktinio \u012fjungimo ar gedimo eksploatacijos metu. Projektuojant taip pat turi b\u016bti atsi\u017evelgta \u012f operatoriaus saug\u0105 valdant ma\u0161inas.<\/li>\n<li>\n<h3>Prie\u017ei\u016bra:<\/h3>\n<p> Cilindras turi b\u016bti suprojektuotas taip, kad j\u012f b\u016bt\u0173 lengviau pri\u017ei\u016br\u0117ti ir kad prastovos b\u016bt\u0173 kuo trumpesn\u0117s. Projektuojant taip pat reikia atsi\u017evelgti \u012f tai, kaip lengva pakeisti bet kuri\u0105 susid\u0117v\u0117jusi\u0105 dal\u012f.<\/li>\n<\/ul>\n<p><img decoding=\"async\" src=\"https:\/\/www.hydraulic-cylinders.net\/wp-content\/uploads\/2025\/01\/songte-oil-pipes-and-spare-parts.webp\" alt=\"Kau\u0161o cilindras su atsargin\u0117mis dalimis\" \/><\/p>\n<h2>Sandarinimas ir tepimas<\/h2>\n<p>Kau\u0161o cilindre turi b\u016bti naudojami skirtingi sandarinimo elementai, kad b\u016bt\u0173 i\u0161vengta bet kokio nuot\u0117kio. Cilindro ilgaam\u017ei\u0161kum\u0105 u\u017etikrina atspari\u0173 dilimui med\u017eiag\u0173, toki\u0173 kaip poliuretanas ir nitrilo kau\u010diukas, naudojimas. Reguliariai \u012fpilant tinkam\u0105 kiek\u012f hidraulin\u0117s alyvos cilindrui sutepti, galima pailginti jo tarnavimo laik\u0105. Cilindro kiauryminis ir sriegio gal\u0173 pavir\u0161iai yra kruop\u0161\u010diai apdorojami, siekiant pagerinti j\u0173 atsparum\u0105 dilimui.<\/p>\n<h2>Profilaktin\u0117 prie\u017ei\u016bra ir patikra<\/h2>\n<p>Norint i\u0161vengti dideli\u0173 cilindro pa\u017eeidim\u0173, b\u016btina reguliariai j\u012f ap\u017ei\u016br\u0117ti ir atlikti profilaktinius darbus. Kai kurie prie\u017ei\u016bros darbai, kuriuos galima atlikti, yra \u0161ie:<\/p>\n<ul>\n<li>\n<h3>Reguliarus patikrinimas:<\/h3>\n<p> Reguliarus baliono patikrinimas gali pad\u0117ti nustatyti bet koki\u0105 problem\u0105, kol ji netapo rimtesne. Ap\u017ei\u016bros metu reik\u0117t\u0173 patikrinti, ar n\u0117ra nuot\u0117kio, sandarikli\u0173 pa\u017eeidim\u0173 ir ar tinkamas sulygiavimas.<\/li>\n<li>\n<h3>Tinkamas tepimas:<\/h3>\n<p> Tinkamas hidraulin\u0117s alyvos kiekis gali pad\u0117ti pagerinti cilindro tarnavimo laik\u0105 ir u\u017etikrinti skland\u0173 veikim\u0105.<\/li>\n<li>\n<h3>Sandariklio keitimas:<\/h3>\n<p> Reguliariai kei\u010diant tarpiklius galima suma\u017einti nuot\u0117k\u012f ir pailginti cilindro tarnavimo laik\u0105.<\/li>\n<li>\n<h3>Kalibravimo patikrinimas:<\/h3>\n<p> Reguliarus kalibravimas gali u\u017etikrinti, kad cilindras veikt\u0173 nevir\u0161ydamas reikiam\u0173 tolerancijos rib\u0173.<\/li>\n<\/ul>\n<p>Tinkamas montavimas, tepimas ir reguliavimas yra labai svarb\u016bs ilgalaikiam kau\u0161o cilindro naudojimui. Rekomenduojama teisingai sulygiuoti cilindr\u0105 ir naudoti tinkamus montavimo laikiklius, kad cilindras b\u016bt\u0173 tvirtai pritvirtintas.<\/p>\n<p><img decoding=\"async\" src=\"https:\/\/www.hydraulic-cylinders.net\/wp-content\/uploads\/2025\/01\/songte-chushion-collar.webp\" alt=\"Kau\u0161o cilindro montavimas\" \/><\/p>\n<h2>Saugos ir aplinkosaugos aspektai<\/h2>\n<p>Naudojant kau\u0161o cilindr\u0105, reikia imtis tinkam\u0173 saugos priemoni\u0173, kad b\u016bt\u0173 u\u017etikrintas operatoriaus ir aplinkini\u0173 \u017emoni\u0173 saugumas. Be to, kau\u0161o cilindr\u0105 reikia tinkamai utilizuoti, kad b\u016bt\u0173 i\u0161vengta aplinkos tar\u0161os.<\/p>\n<h2>Gedim\u0173 diagnostika ir trik\u010di\u0173 \u0161alinimas<\/h2>\n<p>Da\u017eniausios problemos, galin\u010dios kilti su kau\u0161o cilindru, yra nuot\u0117kis, sandariklio pa\u017eeidimas ir netinkamas lygiavimas. Norint i\u0161spr\u0119sti \u0161ias problemas, b\u016btini reguliar\u016bs patikrinimai ir prevencin\u0117 prie\u017ei\u016bra. Kilus problem\u0173, galima atlikti tinkam\u0105 trik\u010di\u0173 \u0161alinim\u0105, kad b\u016bt\u0173 galima nustatyti ir i\u0161spr\u0119sti problem\u0105.<\/p>\n<p><img decoding=\"async\" src=\"https:\/\/www.hydraulic-cylinders.net\/wp-content\/uploads\/2025\/01\/songte-bushings-with-all-kinds-of-excavator-models.webp\" alt=\"Kau\u0161o cilindro \u012fvor\u0117s\" \/><\/p>\n<h2>Apie m\u016bs\u0173 \u012fmon\u0119<\/h2>\n<p>Esame pakaitini\u0173 hidraulini\u0173 cilindr\u0173 gamintojas ir si\u016blome plat\u0173 gamini\u0173 asortiment\u0105. Esame pirmaujantis hidraulini\u0173 cilindr\u0173 gamintojas ir didmeninis platintojas vidaus ir u\u017esienio rinkose. Laikom\u0117s puikios kokyb\u0117s politikos, remiam\u0117s puiki\u0173 gamybos dirbtuvi\u0173 pramonin\u0117s gamybos valdymo strategija, technologiniais talentais, auk\u0161\u010diausios klas\u0117s skaitmenine gamybos \u012franga ir profesionaliomis aptikimo sistemomis, nuolat tobuliname dirbtuvi\u0173 gamybos platform\u0105, tobuliname produkto gamybos kokyb\u0117s keli\u0105 ir turime stipri\u0173 k\u016brybini\u0173 geb\u0117jim\u0173. \u012evairius klient\u0173 poreikius tenkiname dideliu efektyvumu, tikslumu ir kokybe.<\/p>\n<p><img decoding=\"async\" src=\"https:\/\/hzpt.com\/wp-content\/uploads\/2024\/11\/songte-company-1.webp\" alt=\"\u012emon\u0117s \u012fvaizdis\" \/><\/p>\n<h3>Profesionalumas:<\/h3>\n<p>M\u016bs\u0173 ekspert\u0173 komanda turi ilgamet\u0119 patirt\u012f gamybos pramon\u0117je, tod\u0117l galime gaminti auk\u0161tos kokyb\u0117s produktus. Kiekviename \u017eingsnyje \u2013 nuo \u200b\u200bprojektavimo iki gamybos \u2013 laikom\u0117s grie\u017et\u0173 kokyb\u0117s kontrol\u0117s proced\u016br\u0173.<\/p>\n<h3>Tarptautinis sertifikatas:<\/h3>\n<p>Esame sertifikuoti pagal \u012fvairius tarptautinius standartus, tokius kaip ISO 9001 ir CE, o tai liudija apie m\u016bs\u0173 \u012fsipareigojim\u0105 kokybei ir meistri\u0161kumui.<\/p>\n<h3>Pritaikymo paslaugos:<\/h3>\n<p>Si\u016blome individualaus pritaikymo paslaugas, kai klientai gali rinktis i\u0161 \u012fvairi\u0173 variant\u0173, atitinkan\u010di\u0173 j\u0173 poreikius. Taip pat galime suprojektuoti ir pagaminti pagal kliento specifikacijas.<\/p>\n<h3>Gamybos \u012franga:<\/h3>\n<p>Savo gaminiams gaminti naudojame auk\u0161\u010diausios klas\u0117s gamybos \u012frang\u0105. Turime CNC stakles, tekinimo stakles ir kit\u0105 specializuot\u0105 \u012frang\u0105, leid\u017eian\u010di\u0105 gaminti auk\u0161tos kokyb\u0117s hidraulinius cilindrus.<\/p>\n<h3>Aptarnavimas po pardavimo:<\/h3>\n<p>Savo klientams teikiame garantinio aptarnavimo paslaugas, t. y. pagalb\u0105 ir palaikym\u0105 sprend\u017eiant bet kokius jiems kylan\u010dius klausimus. M\u016bs\u0173 ekspert\u0173 komanda visada pasiruo\u0161usi pad\u0117ti klientams.<\/p>\n<h4>Autorius: lyl<\/h4>","protected":false},"excerpt":{"rendered":"<p>Bucket Cylinder For Caterpillar Small Excavator E120\/120B Introduction A bucket cylinder for Caterpillar small excavator E120\/120B is a specialized hydraulic cylinder designed primarily to control the movement of buckets in heavy machinery such as excavators, backhoes, and front loaders. Its main function is to enable the bucket to be lifted, lowered, and tilted, making it [&hellip;]<\/p>","protected":false},"featured_media":14782,"comment_status":"open","ping_status":"closed","template":"","meta":{"_et_pb_use_builder":"","_et_pb_old_content":"","_et_gb_content_width":""},"product_brand":[],"product_cat":[1494],"product_tag":[1495,1496],"class_list":{"0":"post-15212","1":"product","2":"type-product","3":"status-publish","4":"has-post-thumbnail","6":"product_cat-bucket-cylinders","7":"product_tag-bucket-cylinders","8":"product_tag-hydraulic-cylinders","10":"first","11":"instock","12":"shipping-taxable","13":"product-type-simple"},"amp_enabled":true,"_links":{"self":[{"href":"https:\/\/www.hydraulic-cylinders.net\/lt\/wp-json\/wp\/v2\/product\/15212","targetHints":{"allow":["GET"]}}],"collection":[{"href":"https:\/\/www.hydraulic-cylinders.net\/lt\/wp-json\/wp\/v2\/product"}],"about":[{"href":"https:\/\/www.hydraulic-cylinders.net\/lt\/wp-json\/wp\/v2\/types\/product"}],"replies":[{"embeddable":true,"href":"https:\/\/www.hydraulic-cylinders.net\/lt\/wp-json\/wp\/v2\/comments?post=15212"}],"wp:featuredmedia":[{"embeddable":true,"href":"https:\/\/www.hydraulic-cylinders.net\/lt\/wp-json\/wp\/v2\/media\/14782"}],"wp:attachment":[{"href":"https:\/\/www.hydraulic-cylinders.net\/lt\/wp-json\/wp\/v2\/media?parent=15212"}],"wp:term":[{"taxonomy":"product_brand","embeddable":true,"href":"https:\/\/www.hydraulic-cylinders.net\/lt\/wp-json\/wp\/v2\/product_brand?post=15212"},{"taxonomy":"product_cat","embeddable":true,"href":"https:\/\/www.hydraulic-cylinders.net\/lt\/wp-json\/wp\/v2\/product_cat?post=15212"},{"taxonomy":"product_tag","embeddable":true,"href":"https:\/\/www.hydraulic-cylinders.net\/lt\/wp-json\/wp\/v2\/product_tag?post=15212"}],"curies":[{"name":"wp","href":"https:\/\/api.w.org\/{rel}","templated":true}]}}