{"id":15213,"date":"2025-01-19T14:14:44","date_gmt":"2025-01-19T14:14:44","guid":{"rendered":"https:\/\/www.hydraulic-cylinders.net\/product\/bucket-cylinder-for-caterpillar-small-excavator-e300-9d301-7d\/"},"modified":"2025-01-19T14:14:46","modified_gmt":"2025-01-19T14:14:46","slug":"bucket-cylinder-for-caterpillar-small-excavator-e300-9d301-7d","status":"publish","type":"product","link":"https:\/\/www.hydraulic-cylinders.net\/lt\/produktas\/bucket-cylinder-for-caterpillar-small-excavator-e300-9d301-7d\/","title":{"rendered":"Kau\u0161o cilindras Caterpillar ma\u017eam ekskavatoriui E300.9D301.7D"},"content":{"rendered":"<h1>Kau\u0161o cilindras Caterpillar ma\u017eam ekskavatoriui E300.9D301.7D<\/h1>\n<h2>\u012evadas<\/h2>\n<p>Kau\u0161o cilindras yra specialiai suprojektuotas hidraulinis cilindras, daugiausia naudojamas kau\u0161o jud\u0117jimui valdyti sunkiosiose ma\u0161inose, tokiose kaip ekskavatoriai, ekskavatoriai ir frontaliniai krautuvai. Pagrindin\u0117 jo funkcija \u2013 leisti kau\u0161ui pakilti, nuleisti ir pakreipti, kad b\u016bt\u0173 lengviau atlikti \u012fvairias med\u017eiag\u0173 tvarkymo u\u017eduotis. Hidraulin\u0117je sistemoje kau\u0161o cilindras tiksliai valdo kau\u0161\u0105 keisdamas hidraulin\u0117s alyvos sl\u0117g\u012f, tod\u0117l operatoriai gali efektyviai valdyti sunkius krovinius ir prisitaikyti prie sud\u0117tingos darbo aplinkos bei \u012fvairi\u0173 darbo reikalavim\u0173.<\/p>\n<p><img decoding=\"async\" src=\"https:\/\/www.hydraulic-cylinders.net\/wp-content\/uploads\/2025\/01\/songte-company-2.webp\"><\/p>\n<h2>Savyb\u0117s<\/h2>\n<ul>\n<li>Didelis stiprumas ir ilgaam\u017ei\u0161kumas: Paprastai pagaminti i\u0161 didelio stiprumo plieno arba aliuminio, galintys atlaikyti auk\u0161t\u0105 sl\u0117g\u012f ir dideles apkrovas, ir suprojektuoti atsi\u017evelgiant \u012f atsparum\u0105 dilimui ir korozijai, prailginant\u012f tarnavimo laik\u0105.<\/li>\n<li>Efektyvus hidraulinis veikimas: sklandus teleskopinis veikimas pasiekiamas naudojant hidraulin\u0117s alyvos sl\u0117g\u012f, greitai reaguoja \u012f valdymo komandas ir u\u017etikrina stipri\u0105 st\u016bmimo bei traukimo j\u0117g\u0105, tinka sunkiems kroviniams kelti ir sud\u0117tingoms u\u017eduotims atlikti.<\/li>\n<li>Tip\u0173 \u012fvairov\u0117: pagal poreikius ir skirtingus eksploatacinius reikalavimus galima pasirinkti vienpusio veikimo (hidraulika naudojama tik viena kryptimi) arba dvipusio veikimo (hidraulika naudojama dviem kryptimis) cilindrus. Kai kurie modeliai yra teleskopiniai, tod\u0117l juos galima labiau prailginti nedidinant i\u0161orini\u0173 matmen\u0173, tod\u0117l jie tinka naudoti ribotoje erdv\u0117je.<\/li>\n<li>Puikus pakeitimas: m\u016bs\u0173 gaminys gali puikiai pakeisti \u0161iuos hidraulinius cilindrus.<\/li>\n<\/ul>\n<p><img decoding=\"async\" src=\"https:\/\/www.hydraulic-cylinders.net\/wp-content\/uploads\/2025\/01\/songte-cylinder-head-with-all-kinds-excavator-models.webp\"><\/p>\n<h2>Parai\u0161kos<\/h2>\n<h3>Statybin\u0117 \u012franga<\/h3>\n<p>Ekskavatoriuose jie yra b\u016btini kasant, kraunant ir perkeliant grunt\u0105 ar \u0161iuk\u0161les. Ekskavatoriuose-krautuvuose kau\u0161o cilindrai padeda tiek kasti, tiek kelti. Priekiniuose krautuvuose jie padeda efektyviai kelti ir i\u0161versti krovin\u012f.<\/p>\n<h3>\u017dem\u0117s \u016bkio technika<\/h3>\n<p>Naudojamas frontaliniuose krautuvams, skirtiems dirvo\u017eemiui, \u0161ienui ir kitoms med\u017eiagoms pakelti, pakelti ir transportuoti. Ekskavatoriuose kau\u0161o cilindras leid\u017eia kasti, leisdamas kau\u0161ui \u012fsiskverbti \u012f dirv\u0105. Frontaliniuose krautuvuose jie padeda efektyviai kelti ir pakreipti prekes.<\/p>\n<p><img decoding=\"async\" src=\"https:\/\/www.hydraulic-cylinders.net\/wp-content\/uploads\/2025\/01\/songte-chushion-collar.webp\"><\/p>\n<h2>Projektavimo aspektai ir atrankos kriterijai<\/h2>\n<h3>Apkrovos paj\u0117gumas<\/h3>\n<p>Renkantis arba projektuojant reikia atsi\u017evelgti \u012f kau\u0161o cilindro laikom\u0105j\u0105 gali\u0105. Jis tur\u0117t\u0173 b\u016bti suprojektuotas taip, kad atlaikyt\u0173 reikiam\u0105 apkrov\u0105, siekiant u\u017etikrinti saug\u0173 eksploatavim\u0105.<\/p>\n<h3>Sandarinimas<\/h3>\n<p>Kau\u0161o cilindro sandarinimas yra labai svarbus jo veikimui. Jam turi b\u016bti naudojami \u012fvair\u016bs sandarinimo \u012ftaisai, tokie kaip st\u016bmoklio sandarinimo \u017eiedas ir strypo sandarinimo \u017eiedas. Sandarinimo med\u017eiaga turi b\u016bti atspari dilimui, pavyzd\u017eiui, poliuretanas arba nitrilo kau\u010diukas, o cilindro korpusas ir srieginis galas turi b\u016bti kruop\u0161\u010diai apdoroti, kad b\u016bt\u0173 padidintas atsparumas dilimui.<\/p>\n<h3>Patvarumas<\/h3>\n<p>Kau\u0161o cilindras turi b\u016bti ilgaam\u017eis. Tod\u0117l naudojama med\u017eiaga turi atitikti reikiamus stiprumo ir tvirtumo standartus, b\u016bti atspari dilimui ir korozijai, taip pat atlaikyti at\u0161iaurias darbo s\u0105lygas.<\/p>\n<h3>Saugumas<\/h3>\n<p>Kau\u0161o cilindras tur\u0117t\u0173 tur\u0117ti saugos funkcijas, tokias kaip vir\u0161sl\u0117gio apsauginiai vo\u017etuvai, kad b\u016bt\u0173 i\u0161vengta nelaiming\u0173 atsitikim\u0173 d\u0117l gedimo ar perkrovos. Siekiant u\u017etikrinti saug\u0173 veikim\u0105, reikia atid\u017eiai atkreipti d\u0117mes\u012f \u012f komponent\u0173 projektavim\u0105 ir pasirinkim\u0105.<\/p>\n<h3>Prie\u017ei\u016bra<\/h3>\n<p>Kau\u0161o cilindras tur\u0117t\u0173 b\u016bti suprojektuotas taip, kad j\u012f b\u016bt\u0173 lengva pri\u017ei\u016br\u0117ti, su lengvai kei\u010diamomis dalimis. Siekiant u\u017etikrinti efektyv\u0173 veikim\u0105, reikia reguliariai tikrinti ir keisti sandariklius, tepti ir reguliuoti st\u016bmoklio kot\u0105.<\/p>\n<p><img decoding=\"async\" src=\"https:\/\/www.hydraulic-cylinders.net\/wp-content\/uploads\/2025\/01\/songte-oil-pipes-and-spare-parts.webp\"><\/p>\n<h2>Diegimo vadovas<\/h2>\n<p>Cilindro cilindro montavimas tur\u0117t\u0173 vykti \u0161iais etapais:<\/p>\n<ul>\n<li>Teisingai sulygiuokite cilindr\u0105<\/li>\n<li>Cilindrui pritvirtinti naudokite tinkamus tvirtinimo laikiklius<\/li>\n<li>\u012esitikinkite, kad visos jungtys yra tvirtos ir be nuot\u0117ki\u0173<\/li>\n<li>\u012epilkite reikiam\u0105 kiek\u012f hidraulin\u0117s alyvos tepimui<\/li>\n<\/ul>\n<h2>Prie\u017ei\u016bra<\/h2>\n<p>Reguliarus techninis aptarnavimas yra labai svarbus siekiant u\u017etikrinti efektyv\u0173 kau\u0161o cilindro veikim\u0105 ir ilgesn\u012f jo tarnavimo laik\u0105. Toliau pateikiamos da\u017eniausios technin\u0117s prie\u017ei\u016bros u\u017eduotys:<\/p>\n<ul>\n<li>Reguliarus patikrinimas<\/li>\n<li>Tinkamas tepimas<\/li>\n<li>Tarpikli\u0173 keitimas<\/li>\n<li>Kalibravimo patikrinimai<\/li>\n<\/ul>\n<h2>Saugos aspektai ir aplinkos veiksniai<\/h2>\n<p>Naudojant kau\u0161o cilindr\u0105, reikia laikytis saugos priemoni\u0173, kad b\u016bt\u0173 i\u0161vengta nelaiming\u0173 atsitikim\u0173. Taip pat reikia atsi\u017evelgti \u012f aplinkos veiksnius, tokius kaip darbo s\u0105lygos ir temperat\u016bra, siekiant u\u017etikrinti tinkam\u0105 cilindro veikim\u0105.<\/p>\n<h2>Trik\u010di\u0173 \u0161alinimas ir da\u017eniausios problemos<\/h2>\n<p>Da\u017eniausios kau\u0161o cilindro problemos yra alyvos nuot\u0117kis, nepakankamas sl\u0117gis ir ne\u012fprastas triuk\u0161mas. Trik\u010di\u0173 \u0161alinimo patarimai apima sandarikli\u0173 patikrinim\u0105, alyvos lygio ir kokyb\u0117s patikrinim\u0105 bei st\u016bmoklio koto patikrinim\u0105, ar n\u0117ra susid\u0117v\u0117jimo po\u017eymi\u0173. Atsargumo priemon\u0117s, tokios kaip reguliari prie\u017ei\u016bra ir tinkamas naudojimas, gali pad\u0117ti suma\u017einti galimas problemas.<\/p>\n<p><img decoding=\"async\" src=\"https:\/\/www.hydraulic-cylinders.net\/wp-content\/uploads\/2025\/01\/songte-bushings-with-all-kinds-of-excavator-models.webp\"><\/p>\n<h2>Apie m\u016bs\u0173 \u012fmon\u0119<\/h2>\n<p>We are a manufacturer of hydraulic cylinders, providing a complete range of products. We are one of the leading manufacturers and wholesale distributors of hydraulic cylinders in the domestic and international markets. We follow the principle of excellent quality and rely on industrialized production management strategies in finely manufactured workshops. Our company constantly improves the manufacturing platform of the workshop, perfecting the production route of product quality, and has a strong creativity in the use of high-efficiency, high-precision, and high-quality principles to meet customers&#8217; diverse needs.<\/p>\n<p><img decoding=\"async\" src=\"https:\/\/hzpt.com\/wp-content\/uploads\/2024\/11\/songte-company-1.webp\"><\/p>\n<h3>Profesionalumas<\/h3>\n<p>M\u016bs\u0173 \u012fmon\u0117je dirba profesionali\u0173 in\u017einieri\u0173 ir technik\u0173 komanda, kuri klientams teikia efektyvius ir patikimus hidraulini\u0173 cilindr\u0173 sprendimus. Tur\u0117dami didel\u0119 gamybos patirt\u012f ir tvirt\u0105 technin\u012f paj\u0117gum\u0105, galime klientams pasi\u016blyti auk\u0161tos kokyb\u0117s produktus ir paslaugas.<\/p>\n<h3>Tarptautinis sertifikavimas<\/h3>\n<p>M\u016bs\u0173 \u012fmon\u0117 yra i\u0161laikiusi daugyb\u0119 tarptautini\u0173 sertifikat\u0173, toki\u0173 kaip ISO ir CE, kad u\u017etikrint\u0173 m\u016bs\u0173 gamini\u0173 kokyb\u0119 ir saug\u0105.<\/p>\n<h3>Pritaikymo paslaugos<\/h3>\n<p>Mes teikiame individualiai pritaikytus hidraulini\u0173 cilindr\u0173 sprendimus klientams, turintiems specifini\u0173 reikalavim\u0173, kad patenkintume j\u0173 unikalius poreikius.<\/p>\n<h3>Gamybos \u012franga<\/h3>\n<p>M\u016bs\u0173 \u012fmon\u0117 naudoja pa\u017eangi\u0105 skaitmenin\u0119 gamybos \u012frang\u0105, kad u\u017etikrint\u0173 hidraulini\u0173 cilindr\u0173 tikslum\u0105.<\/p>\n<h3>Aptarnavimas po pardavimo<\/h3>\n<p>Siekdami u\u017etikrinti ilgalaik\u012f ir efektyv\u0173 m\u016bs\u0173 hidraulini\u0173 cilindr\u0173 veikim\u0105, teikiame i\u0161samias garantinio aptarnavimo paslaugas, \u012fskaitant technin\u0119 prie\u017ei\u016br\u0105, remont\u0105 ir keitim\u0105.<\/p>\n<p>Autorius: lyl<\/p>","protected":false},"excerpt":{"rendered":"<p>Bucket Cylinder For Caterpillar Small Excavator E300.9D301.7D Introduction A bucket cylinder is a specially designed hydraulic cylinder primarily used to control the movement of a bucket in heavy machinery such as excavators, backhoes, and front-end loaders. Its main function is to enable the bucket to lift, lower, and tilt, making it easier to handle various [&hellip;]<\/p>","protected":false},"featured_media":14780,"comment_status":"open","ping_status":"closed","template":"","meta":{"_et_pb_use_builder":"","_et_pb_old_content":"","_et_gb_content_width":""},"product_brand":[],"product_cat":[1494],"product_tag":[1495,1496],"class_list":{"0":"post-15213","1":"product","2":"type-product","3":"status-publish","4":"has-post-thumbnail","6":"product_cat-bucket-cylinders","7":"product_tag-bucket-cylinders","8":"product_tag-hydraulic-cylinders","10":"first","11":"instock","12":"shipping-taxable","13":"product-type-simple"},"amp_enabled":true,"_links":{"self":[{"href":"https:\/\/www.hydraulic-cylinders.net\/lt\/wp-json\/wp\/v2\/product\/15213","targetHints":{"allow":["GET"]}}],"collection":[{"href":"https:\/\/www.hydraulic-cylinders.net\/lt\/wp-json\/wp\/v2\/product"}],"about":[{"href":"https:\/\/www.hydraulic-cylinders.net\/lt\/wp-json\/wp\/v2\/types\/product"}],"replies":[{"embeddable":true,"href":"https:\/\/www.hydraulic-cylinders.net\/lt\/wp-json\/wp\/v2\/comments?post=15213"}],"wp:featuredmedia":[{"embeddable":true,"href":"https:\/\/www.hydraulic-cylinders.net\/lt\/wp-json\/wp\/v2\/media\/14780"}],"wp:attachment":[{"href":"https:\/\/www.hydraulic-cylinders.net\/lt\/wp-json\/wp\/v2\/media?parent=15213"}],"wp:term":[{"taxonomy":"product_brand","embeddable":true,"href":"https:\/\/www.hydraulic-cylinders.net\/lt\/wp-json\/wp\/v2\/product_brand?post=15213"},{"taxonomy":"product_cat","embeddable":true,"href":"https:\/\/www.hydraulic-cylinders.net\/lt\/wp-json\/wp\/v2\/product_cat?post=15213"},{"taxonomy":"product_tag","embeddable":true,"href":"https:\/\/www.hydraulic-cylinders.net\/lt\/wp-json\/wp\/v2\/product_tag?post=15213"}],"curies":[{"name":"wp","href":"https:\/\/api.w.org\/{rel}","templated":true}]}}