{"id":15215,"date":"2025-01-19T14:14:58","date_gmt":"2025-01-19T14:14:58","guid":{"rendered":"https:\/\/www.hydraulic-cylinders.net\/product\/bucket-cylinder-for-caterpillar-small-excavator-e307e\/"},"modified":"2025-01-19T14:14:59","modified_gmt":"2025-01-19T14:14:59","slug":"bucket-cylinder-for-caterpillar-small-excavator-e307e","status":"publish","type":"product","link":"https:\/\/www.hydraulic-cylinders.net\/lt\/produktas\/bucket-cylinder-for-caterpillar-small-excavator-e307e\/","title":{"rendered":"Kau\u0161o cilindras Caterpillar ma\u017eam ekskavatoriui E307E"},"content":{"rendered":"<h2>Kau\u0161o cilindras Caterpillar ma\u017eam ekskavatoriui E307E<\/h2>\n<h3>\u012evadas<\/h3>\n<p>Kau\u0161o cilindras yra specialiai suprojektuotas hidraulinis cilindras, daugiausia naudojamas kau\u0161\u0173 jud\u0117jimui valdyti sunkiosiose ma\u0161inose, tokiose kaip ekskavatoriai, ekskavatoriai ir frontaliniai krautuvai. Pagrindin\u0117 jo funkcija \u2013 leisti kau\u0161ui pakilti, nuleisti ir pakreipti, kad b\u016bt\u0173 lengviau atlikti \u012fvairias med\u017eiag\u0173 tvarkymo u\u017eduotis. Hidraulin\u0117je sistemoje kau\u0161o cilindras tiksliai valdo kau\u0161\u0105 keisdamas hidraulin\u0117s alyvos sl\u0117g\u012f, tod\u0117l operatoriai gali efektyviai tvarkyti sunkius objektus ir prisitaikyti prie sud\u0117tingos darbo aplinkos bei \u012fvairi\u0173 eksploatacini\u0173 poreiki\u0173.<\/p>\n<p><img decoding=\"async\" src=\"https:\/\/www.hydraulic-cylinders.net\/wp-content\/uploads\/2025\/01\/songte-company-2.webp\"><\/p>\n<h3>Produkto savyb\u0117s<\/h3>\n<ul>\n<li>Didelis stiprumas ir ilgaam\u017ei\u0161kumas: Paprastai jis pagamintas i\u0161 didelio stiprumo plieno arba aliuminio, kuris gali atlaikyti didel\u012f sl\u0117g\u012f ir dideles apkrovas, prisitaikyti prie at\u0161iauri\u0173 darbo s\u0105lyg\u0173 ir yra suprojektuotas atsi\u017evelgiant \u012f atsparum\u0105 dilimui ir korozijai, prailgindamas jo tarnavimo laik\u0105.<\/li>\n<li>Efektyvus hidraulinis veikimas: jis naudoja hidraulin\u0117s alyvos sl\u0117g\u012f, kad u\u017etikrint\u0173 skland\u0173 i\u0161pl\u0117tim\u0105 ir susitraukim\u0105, greitai reaguoja \u012f veikimo komandas, u\u017etikrina stipri\u0105 st\u016bmimo ir traukimo j\u0117g\u0105 ir tinka sunkiems daiktams tvarkyti ir sud\u0117tingoms eksploatavimo u\u017eduotims atlikti.<\/li>\n<li>\u012evair\u016bs tipai: pagal poreikius ir skirtingus eksploatacinius reikalavimus galima pasirinkti vienpusio veikimo (hidraulinis mechanizmas naudojamas tik viena kryptimi) arba dvipusio veikimo (hidraulinis mechanizmas naudojamas abiem kryptimis) cilindrus. Kai kurie modeliai yra teleskopiniai, tod\u0117l juos galima labiau prailginti nedidinant i\u0161orini\u0173 matmen\u0173, tod\u0117l jie tinka naudoti ribotoje erdv\u0117je.<\/li>\n<li>Lengvas keitimas: M\u016bs\u0173 gaminiai gali puikiai pakeisti \u0161iuos hidraulinius cilindrus.<\/li>\n<li>Pritaikoma: M\u016bs\u0173 gaminius galima pritaikyti prie konkre\u010di\u0173 klient\u0173 poreiki\u0173.<\/li>\n<\/ul>\n<p><img decoding=\"async\" src=\"https:\/\/www.hydraulic-cylinders.net\/wp-content\/uploads\/2025\/01\/songte-cylinder-head-with-all-kinds-excavator-models.webp\"><\/p>\n<h3>Parai\u0161kos<\/h3>\n<p>Kau\u0161o cilindras gali b\u016bti pla\u010diai naudojamas \u012fvairiose sunkiosiose ma\u0161inose, \u012fskaitant:<\/p>\n<ul>\n<li>Statybin\u0117 \u012franga: Ekskavatoriai, ekskavatoriai ir frontaliniai krautuvai naudoja kau\u0161o cilindrus kasimui, krovimui ir dirvo\u017eemio ar \u0161iuk\u0161li\u0173 perk\u0117limui. Ekskavatoriuose kau\u0161o cilindras padeda tiek kasant, tiek keliant.<\/li>\n<li>\u017dem\u0117s \u016bkio technika: naudojama priekiniuose krautuvuose dirvo\u017eemiui, \u0161ienui ir kitoms med\u017eiagoms semti, kelti ir transportuoti. Ekskavatoriuose kau\u0161o cilindras leid\u017eia kasti, leisdamas kau\u0161ui \u012fsiskverbti \u012f dirv\u0105. Priekiniuose krautuvuose jie padeda efektyviai kelti ir pakreipti prekes.<\/li>\n<\/ul>\n<h3>Projektavimo aspektai ir atrankos kriterijai<\/h3>\n<p>Projektuojant cilindro formos svirt\u012f, atsi\u017evelgiama \u012f \u0161iuos veiksnius:<\/p>\n<ul>\n<li>Guoli\u0173 talpa: Cilindras turi atlaikyti auk\u0161t\u0105 sl\u0117g\u012f ir dideles apkrovas.<\/li>\n<li>Sandarinimas: Siekiant u\u017etikrinti efektyv\u0173 sandarinim\u0105, atsi\u017evelgiant \u012f pritaikym\u0105, reikia pasirinkti \u012fvairias sandarinimo dalis, tokias kaip st\u016bmoklio ir koto sandarikliai.<\/li>\n<li>Patvarumas: Cilindras turi b\u016bti suprojektuotas atsi\u017evelgiant \u012f atsparum\u0105 dilimui ir korozijai, kad b\u016bt\u0173 pailgintas jo tarnavimo laikas.<\/li>\n<li>Sauga: Cilindras turi b\u016bti suprojektuotas taip, kad b\u016bt\u0173 i\u0161vengta nelaiming\u0173 atsitikim\u0173 ir apsaugotas operatorius nuo \u017ealos.<\/li>\n<li>Prie\u017ei\u016bra: Cilindr\u0105 turi b\u016bti lengva pri\u017ei\u016br\u0117ti ir prireikus remontuoti.<\/li>\n<\/ul>\n<p><img decoding=\"async\" src=\"https:\/\/www.hydraulic-cylinders.net\/wp-content\/uploads\/2025\/01\/songte-oil-pipes-and-spare-parts.webp\"><\/p>\n<h3>Sandarinimas ir tepimas<\/h3>\n<p>Kau\u0161o cilindre naudojamos \u012fvairios sandarinimo dalys, tokios kaip st\u016bmoklio ir strypo sandarikliai, kurios tur\u0117t\u0173 b\u016bti parenkamos atsi\u017evelgiant \u012f paskirt\u012f, kad b\u016bt\u0173 u\u017etikrintas efektyvus sandarinimas. Sandarinimo dalys tur\u0117t\u0173 b\u016bti pagamintos i\u0161 atspari\u0173 dilimui med\u017eiag\u0173, toki\u0173 kaip poliuretanas ir nitrilo kau\u010diukas. Cilindro korpusas ir srieginis galas tur\u0117t\u0173 b\u016bti kruop\u0161\u010diai apdirbti, kad b\u016bt\u0173 padidintas atsparumas dilimui. Be to, norint u\u017etikrinti skland\u0173 veikim\u0105 ir pailginti gaminio tarnavimo laik\u0105, b\u016btina reguliariai tepti hidrauline alyva.<\/p>\n<h3>Prie\u017ei\u016bra ir remontas<\/h3>\n<p>Reguliarus kau\u0161o cilindro techninis aptarnavimas ir ap\u017ei\u016bra yra b\u016btini norint pailginti jo tarnavimo laik\u0105. Toliau pateikiami da\u017eniausiai atliekami technin\u0117s prie\u017ei\u016bros darbai:<\/p>\n<ul>\n<li>Reguliarus patikrinimas<\/li>\n<li>Tinkamas tepimas<\/li>\n<li>Sandariklio keitimas<\/li>\n<li>Kalibravimo patikrinimas<\/li>\n<\/ul>\n<p>Tinkamas montavimas taip pat yra labai svarbus siekiant u\u017etikrinti optimal\u0173 cilindro veikim\u0105. Rekomenduojamos montavimo proced\u016bros:<\/p>\n<ul>\n<li>Tinkamas cilindro sulygiavimas<\/li>\n<li>Tinkam\u0173 montavimo laikikli\u0173 naudojimas cilindrui pritvirtinti<\/li>\n<li>Reguliarus dali\u0173 patikrinimas, remontas ir keitimas<\/li>\n<\/ul>\n<p><img decoding=\"async\" src=\"https:\/\/www.hydraulic-cylinders.net\/wp-content\/uploads\/2025\/01\/songte-chushion-collar.webp\"><\/p>\n<h3>Saugos aspektai ir aplinkos veiksniai<\/h3>\n<p>Naudojant kau\u0161inius cilindrus, svarbu laikytis saugos priemoni\u0173, pavyzd\u017eiui, d\u0117v\u0117ti apsauginius drabu\u017eius ir laikytis tinkam\u0173 darbo proced\u016br\u0173, kad b\u016bt\u0173 i\u0161vengta nelaiming\u0173 atsitikim\u0173 ir u\u017etikrintas darbuotoj\u0173 saugumas. Be to, siekiant u\u017etikrinti optimal\u0173 na\u0161um\u0105, taip pat reik\u0117t\u0173 atsi\u017evelgti \u012f aplinkos veiksnius, tokius kaip temperat\u016bra ir dr\u0117gm\u0117.<\/p>\n<h3>Trik\u010di\u0173 \u0161alinimas ir da\u017eniausios problemos<\/h3>\n<p>Naudojant kau\u0161o cilindrus, gali kilti \u0161ios da\u017eniausios problemos:<\/p>\n<ul>\n<li>Nuot\u0117kis<\/li>\n<li>Prilipimas<\/li>\n<li>Ma\u017eas efektyvumas<\/li>\n<li>Nenormalus triuk\u0161mas<\/li>\n<\/ul>\n<p>Norint pa\u0161alinti \u0161ias problemas, rekomenduojama patikrinti sandarinimo dalis, tepim\u0105 ir kitus veiksnius, kurie gali tur\u0117ti \u012ftakos cilindro veikimui. Tinkama prie\u017ei\u016bra ir patikra taip pat gali suma\u017einti \u0161i\u0173 problem\u0173 atsiradimo tikimyb\u0119.<\/p>\n<p><img decoding=\"async\" src=\"https:\/\/www.hydraulic-cylinders.net\/wp-content\/uploads\/2025\/01\/songte-bushings-with-all-kinds-of-excavator-models.webp\"><\/p>\n<h3>Apie m\u016bs\u0173 \u012fmon\u0119<\/h3>\n<p>M\u016bs\u0173 \u012fmon\u0117 yra pirmaujanti hidraulini\u0173 cilindr\u0173 gamintoja ir didmenin\u0117 prekyba vidaus ir tarptautin\u0117se rinkose. Vadovaujam\u0117s puikios kokyb\u0117s principu ir remiam\u0117s smulkiosios gamybos dirbtuvi\u0173 pramonin\u0117s gamybos valdymo strategija. Nuolat tobuliname dirbtuvi\u0173 gamybos platform\u0105, geriname gamybos kokyb\u0117s keli\u0105 ir turime stipri\u0173 k\u016brybini\u0173 geb\u0117jim\u0173 patenkinti \u012fvairius klient\u0173 poreikius. M\u016bs\u0173 gaminiai yra pritaikomi ir gali b\u016bti pritaikyti konkretiems klient\u0173 reikalavimams. Teikiame profesionalias ir individualiai pritaikytas paslaugas, o m\u016bs\u0173 gaminiai yra sertifikuoti tarptautiniu mastu. Siekdami u\u017etikrinti geriausi\u0105 \u012fmanom\u0105 gamini\u0173 kokyb\u0119, naudojame auk\u0161\u010diausios klas\u0117s skaitmenin\u0119 gamybos \u012frang\u0105 ir profesionalias testavimo sistemas. Taip pat si\u016blome prie\u017ei\u016bros, remonto ir atnaujinimo paslaugas, kad prailgintume savo gamini\u0173 tarnavimo laik\u0105. Did\u017eiuojam\u0117s savo \u012fsipareigojimu tiekti auk\u0161tos kokyb\u0117s gaminius ir teikti puik\u0173 klient\u0173 aptarnavim\u0105.<\/p>\n<p><img decoding=\"async\" src=\"https:\/\/hzpt.com\/wp-content\/uploads\/2024\/11\/songte-company-1.webp\"><\/p>\n<p>Autorius: lyl<\/p>","protected":false},"excerpt":{"rendered":"<p>Bucket Cylinder For Caterpillar Small Excavator E307E Introduction A bucket cylinder is a specially designed hydraulic cylinder primarily used to control the movement of buckets in heavy machinery such as excavators, backhoes, and front-end loaders. Its main function is to enable the bucket to lift, lower, and tilt, making it easier to perform various material [&hellip;]<\/p>","protected":false},"featured_media":14776,"comment_status":"open","ping_status":"closed","template":"","meta":{"_et_pb_use_builder":"","_et_pb_old_content":"","_et_gb_content_width":""},"product_brand":[],"product_cat":[1494],"product_tag":[1495,1496],"class_list":{"0":"post-15215","1":"product","2":"type-product","3":"status-publish","4":"has-post-thumbnail","6":"product_cat-bucket-cylinders","7":"product_tag-bucket-cylinders","8":"product_tag-hydraulic-cylinders","10":"first","11":"instock","12":"shipping-taxable","13":"product-type-simple"},"amp_enabled":true,"_links":{"self":[{"href":"https:\/\/www.hydraulic-cylinders.net\/lt\/wp-json\/wp\/v2\/product\/15215","targetHints":{"allow":["GET"]}}],"collection":[{"href":"https:\/\/www.hydraulic-cylinders.net\/lt\/wp-json\/wp\/v2\/product"}],"about":[{"href":"https:\/\/www.hydraulic-cylinders.net\/lt\/wp-json\/wp\/v2\/types\/product"}],"replies":[{"embeddable":true,"href":"https:\/\/www.hydraulic-cylinders.net\/lt\/wp-json\/wp\/v2\/comments?post=15215"}],"wp:featuredmedia":[{"embeddable":true,"href":"https:\/\/www.hydraulic-cylinders.net\/lt\/wp-json\/wp\/v2\/media\/14776"}],"wp:attachment":[{"href":"https:\/\/www.hydraulic-cylinders.net\/lt\/wp-json\/wp\/v2\/media?parent=15215"}],"wp:term":[{"taxonomy":"product_brand","embeddable":true,"href":"https:\/\/www.hydraulic-cylinders.net\/lt\/wp-json\/wp\/v2\/product_brand?post=15215"},{"taxonomy":"product_cat","embeddable":true,"href":"https:\/\/www.hydraulic-cylinders.net\/lt\/wp-json\/wp\/v2\/product_cat?post=15215"},{"taxonomy":"product_tag","embeddable":true,"href":"https:\/\/www.hydraulic-cylinders.net\/lt\/wp-json\/wp\/v2\/product_tag?post=15215"}],"curies":[{"name":"wp","href":"https:\/\/api.w.org\/{rel}","templated":true}]}}