{"id":15219,"date":"2025-01-19T14:15:18","date_gmt":"2025-01-19T14:15:18","guid":{"rendered":"https:\/\/www.hydraulic-cylinders.net\/product\/bucket-cylinder-for-caterpillar-small-excavator-e301-7dcr\/"},"modified":"2025-01-19T14:15:20","modified_gmt":"2025-01-19T14:15:20","slug":"bucket-cylinder-for-caterpillar-small-excavator-e301-7dcr","status":"publish","type":"product","link":"https:\/\/www.hydraulic-cylinders.net\/lt\/produktas\/bucket-cylinder-for-caterpillar-small-excavator-e301-7dcr\/","title":{"rendered":"Kau\u0161o cilindras Caterpillar ma\u017eam ekskavatoriui E301.7DCR"},"content":{"rendered":"<h1>Kau\u0161o cilindras Caterpillar ma\u017eam ekskavatoriui E301.7DCR<\/h1>\n<h2>\u012evadas<\/h2>\n<p>Kau\u0161o cilindras, skirtas \u201eCaterpillar Small Excavator E301.7DCR\u201c, yra specializuotas hidraulinis cilindras, daugiausia naudojamas kau\u0161\u0173 jud\u0117jimui valdyti sunkiosiose ma\u0161inose, tokiose kaip ekskavatoriai, ekskavatoriniai ekskavatoriai ir frontaliniai krautuvai. Jo pagrindin\u0117 funkcija \u2013 leisti kau\u0161ui pakilti, nuleisti ir pakreipti, kad b\u016bt\u0173 lengviau transportuoti \u012fvairias med\u017eiagas. Hidraulin\u0117se sistemose kau\u0161o cilindras naudoja hidraulin\u0117s alyvos sl\u0117gio poky\u010dius, kad tiksliai valdyt\u0173 kau\u0161\u0105, o tai leid\u017eia operatoriui efektyviai tvarkyti sunkius objektus ir prisitaikyti prie sud\u0117tingos darbo aplinkos bei \u012fvairi\u0173 eksploatavimo reikalavim\u0173. <\/p>\n<p><img decoding=\"async\" src=\"https:\/\/www.hydraulic-cylinders.net\/wp-content\/uploads\/2025\/01\/songte-company-2.webp\" alt=\"Kau\u0161o cilindro vaizdas\"><\/p>\n<h2>Savyb\u0117s<\/h2>\n<ul>\n<li>\n<h3>Didelis stiprumas ir ilgaam\u017ei\u0161kumas:<\/h3>\n<p> Paprastai pagamintas i\u0161 didelio stiprumo plieno arba aliuminio, jis gali atlaikyti auk\u0161t\u0105 sl\u0117g\u012f ir dideles apkrovas, prisitaikyti prie at\u0161iauri\u0173 darbo s\u0105lyg\u0173 ir, projektuojant, atsi\u017evelgti \u012f atsparum\u0105 dilimui ir korozijai, kad prailgint\u0173 tarnavimo laik\u0105.<\/li>\n<li>\n<h3>Efektyvus hidraulinis valdymas:<\/h3>\n<p> Jis naudoja hidraulin\u0117s alyvos sl\u0117g\u012f, kad pasiekt\u0173 skland\u0173 i\u0161sipl\u0117tim\u0105 ir susitraukim\u0105, gali greitai reaguoti \u012f valdymo komandas, u\u017etikrinti galing\u0105 st\u016bmimo ir traukimo j\u0117g\u0105 ir tinka sunkiems daiktams tvarkyti ir sud\u0117tingoms eksploatavimo u\u017eduotims atlikti.<\/li>\n<li>\n<h3>\u012evair\u016bs tipai:<\/h3>\n<p> Atsi\u017evelgiant \u012f eksploatacinius poreikius, galima pasirinkti vienpusio veikimo (hidraulinis mechanizmas naudojamas tik viena kryptimi) arba dvipusio veikimo (hidraulinis mechanizmas naudojamas abiem kryptimis) cilindrus. Kai kurie modeliai yra teleskopiniai, tod\u0117l juos galima labiau i\u0161tiesti nedidinant i\u0161orini\u0173 matmen\u0173, tod\u0117l jie tinka naudoti ribotoje erdv\u0117je.<\/li>\n<li>\n<h3>Pritaikoma:<\/h3>\n<p> Mes galime pagaminti \u0161\u012f produkt\u0105, ir m\u016bs\u0173 produktas gali puikiai pakeisti \u0161iuos hidraulinius cilindrus.<\/li>\n<\/ul>\n<p><img decoding=\"async\" src=\"https:\/\/www.hydraulic-cylinders.net\/wp-content\/uploads\/2025\/01\/songte-cylinder-head-with-all-kinds-excavator-models.webp\" alt=\"Tinkinamas produkto vaizdas\"><\/p>\n<h2>Parai\u0161kos<\/h2>\n<p>\u201eCaterpillar\u201c ma\u017eojo ekskavatoriaus E301.7DCR kau\u0161o cilindras gali b\u016bti naudojamas \u012fvairiose pramon\u0117s \u0161akose, tokiose kaip statybin\u0117 \u012franga, \u017eem\u0117s \u016bkio technika, ekskavatoriai ir frontaliniai krautuvai.<\/p>\n<ul>\n<li>\n<h3>Statybin\u0117 \u012franga:<\/h3>\n<p> Ekskavatoriuose jie yra b\u016btini kasant, kraunant ir perkeliant grunt\u0105 ar \u0161iuk\u0161les. Ekskavatoriuose kau\u0161o cilindras padeda ir kasti, ir kelti. <\/li>\n<li>\n<h3>\u017dem\u0117s \u016bkio technika:<\/h3>\n<p> Naudojami priekiniuose krautuvuose, jie padeda semti, kelti ir perkelti dirvo\u017eem\u012f, \u0161ien\u0105 ir kitas med\u017eiagas.<\/li>\n<li>\n<h3>Ekskavatoriai:<\/h3>\n<p> Kau\u0161o cilindras leid\u017eia atlikti kasimo veiksmus, leisdamas kau\u0161ui \u012fsiskverbti \u012f dirv\u0105. <\/li>\n<li>\n<h3>Priekiniai krautuvai:<\/h3>\n<p> Priekiniuose krautuvuose jie padeda efektyviai pakelti ir i\u0161krauti prekes. <\/li>\n<\/ul>\n<h2>Projektavimo aspektai ir atrankos kriterijai<\/h2>\n<ul>\n<li>\n<h3>Keliamoji galia:<\/h3>\n<p> Hidraulinis cilindras turi b\u016bti pakankamai tvirtas, kad atlaikyt\u0173 dideli\u0173 apkrov\u0173 sukeliam\u0105 \u012ftemp\u012f.<\/li>\n<li>\n<h3>Sandarinimas:<\/h3>\n<p> \u012evair\u016bs sandarinimo komponentai, tokie kaip st\u016bmokli\u0173 sandarikliai, kot\u0173 sandarikliai, valytuv\u0173 sandarikliai ir apsauginiai \u017eiedai, turi b\u016bti kruop\u0161\u010diai parinkti. Jie tur\u0117t\u0173 b\u016bti pagaminti i\u0161 atspari\u0173 dilimui med\u017eiag\u0173, toki\u0173 kaip poliuretanas arba nitrilo kau\u010diukas, kad b\u016bt\u0173 u\u017etikrintas ilgas tarnavimo laikas. <\/li>\n<li>\n<h3>Patvarumas:<\/h3>\n<p> Cilindro korpusas ir srieginiai galiniai pavir\u0161iai turi b\u016bti tiksliai apdoroti, kad padid\u0117t\u0173 atsparumas dilimui. <\/li>\n<li>\n<h3>Saugumas:<\/h3>\n<p> Visi cilindrai turi atitikti saugos standartus, kad b\u016bt\u0173 i\u0161vengta hidraulin\u0117s sistemos gedim\u0173, kurie gali sukelti avarijas.<\/li>\n<li>\n<h3>Prie\u017ei\u016bra:<\/h3>\n<p> Hidraulinio cilindro konstrukcija tur\u0117t\u0173 b\u016bti skirta tam, kad b\u016bt\u0173 galima lengvai j\u012f pri\u017ei\u016br\u0117ti ir remontuoti.<\/li>\n<\/ul>\n<p><img decoding=\"async\" src=\"https:\/\/www.hydraulic-cylinders.net\/wp-content\/uploads\/2025\/01\/songte-oil-pipes-and-spare-parts.webp\" alt=\"Atsargini\u0173 dali\u0173 vaizdas\"><\/p>\n<h2>Sandarinimas ir tepimas<\/h2>\n<p>Reik\u0117t\u0173 naudoti plat\u0173 sandarinimo komponent\u0173 asortiment\u0105 \u2013 nuo \u200b\u200bst\u016bmokli\u0173 sandarikli\u0173 iki stryp\u0173 sandarikli\u0173, valytuv\u0173 sandarikli\u0173 ir dilimo \u017eied\u0173. Jie tur\u0117t\u0173 b\u016bti pagaminti i\u0161 atspari\u0173 dilimui med\u017eiag\u0173, toki\u0173 kaip poliuretanas arba nitrilo kau\u010diukas, kad b\u016bt\u0173 u\u017etikrintas ilgas tarnavimo laikas. Cilindro korpusas ir srieginiai galiniai pavir\u0161iai tur\u0117t\u0173 b\u016bti tiksliai apdirbti, kad padid\u0117t\u0173 atsparumas dilimui. Reguliarus tepimas yra b\u016btinas norint u\u017etikrinti tinkam\u0105 hidraulinio cilindro veikim\u0105. Hidraulin\u0117 alyva tur\u0117t\u0173 b\u016bti reguliariai pildama, kad komponentai b\u016bt\u0173 sutepti ir jie b\u016bt\u0173 geros darbin\u0117s b\u016bkl\u0117s.<\/p>\n<h2>Prie\u017ei\u016bra ir remontas<\/h2>\n<p>Reguliarus techninis aptarnavimas yra b\u016btinas siekiant u\u017etikrinti hidraulinio cilindro ilgaam\u017ei\u0161kum\u0105. Rekomenduojama reguliariai tikrinti ir pri\u017ei\u016br\u0117ti cilindr\u0105. Reguliarios technin\u0117s prie\u017ei\u016bros u\u017eduotys gali apimti tepim\u0105, sandarikli\u0173 keitim\u0105 ir kalibravimo patikrinimus. Tinkamas cilindro montavimas ir suderinimas yra b\u016btini optimaliam veikimui. Tinkamos technin\u0117s prie\u017ei\u016bros ir remonto proced\u016bros gali pad\u0117ti diagnozuoti ir i\u0161spr\u0119sti problemas.<\/p>\n<p><img decoding=\"async\" src=\"https:\/\/www.hydraulic-cylinders.net\/wp-content\/uploads\/2025\/01\/songte-chushion-collar.webp\" alt=\"Prie\u017ei\u016bros vaizdas\"><\/p>\n<h2>Saugos aspektai ir aplinkos veiksniai<\/h2>\n<p>Naudojant hidraulinius cilindrus, reikia imtis saugos priemoni\u0173, kad b\u016bt\u0173 i\u0161vengta nelaiming\u0173 atsitikim\u0173. B\u016btina atid\u017eiai laikytis saugos nurodym\u0173 ir taisykli\u0173. Hidraulin\u0117s sistemos turi b\u016bti reguliariai tikrinamos, ar n\u0117ra nuot\u0117ki\u0173, korozijos ir kit\u0173 susid\u0117v\u0117jimo po\u017eymi\u0173, siekiant u\u017etikrinti, kad jos i\u0161likt\u0173 saugios ir veikt\u0173. <\/p>\n<p><img decoding=\"async\" src=\"https:\/\/hzpt.com\/wp-content\/uploads\/2024\/11\/songte-company-1.webp\" alt=\"Saugos vaizdas\"><\/p>\n<h2>Da\u017enos problemos ir trik\u010di\u0173 \u0161alinimas<\/h2>\n<ul>\n<li>\n<h3>Nuot\u0117kis:<\/h3>\n<p> Viena i\u0161 da\u017eniausiai pasitaikan\u010di\u0173 problem\u0173 yra alyvos nuot\u0117kis i\u0161 hidraulinio cilindro. Tai gali sukelti suged\u0119 sandarikliai arba susid\u0117v\u0117j\u0119 komponentai. Siekiant i\u0161vengti nuot\u0117kio, visus sandariklius reikia reguliariai tikrinti ir prireikus keisti. <\/li>\n<li>\n<h3>L\u0117tas veikimas:<\/h3>\n<p> L\u0117t\u0105 hidraulini\u0173 cilindr\u0173 veikim\u0105 gali sukelti \u012fvair\u016bs veiksniai, \u012fskaitant \u017eem\u0105 hidraulin\u012f sl\u0117g\u012f, u\u017esikim\u0161us\u012f ar u\u017esiter\u0161us\u012f hidraulin\u012f filtr\u0105 arba susid\u0117v\u0117jusius komponentus. Hidraulin\u0119 sistem\u0105 reikia patikrinti, kad b\u016bt\u0173 nustatyta pagrindin\u0117 problemos prie\u017eastis. <\/li>\n<li>\n<h3>Per didelis triuk\u0161mas:<\/h3>\n<p> Per didel\u012f triuk\u0161m\u0105 gali sukelti oras hidraulin\u0117je sistemoje arba susid\u0117v\u0117j\u0119s hidraulinis cilindras. I\u0161 sistemos reikia i\u0161leisti or\u0105 ir patikrinti, ar n\u0117ra koki\u0173 nors hidraulinio cilindro susid\u0117v\u0117jimo po\u017eymi\u0173.<\/li>\n<\/ul>\n<p>Siekiant i\u0161vengti \u0161i\u0173 problem\u0173, reik\u0117t\u0173 imtis prevencini\u0173 priemoni\u0173. Tai gali apimti reguliari\u0105 technin\u0119 prie\u017ei\u016br\u0105, pvz., tepim\u0105, valym\u0105 ir sandarikli\u0173 keitim\u0105. <\/p>\n<p><img decoding=\"async\" src=\"https:\/\/www.hydraulic-cylinders.net\/wp-content\/uploads\/2025\/01\/songte-bushings-with-all-kinds-of-excavator-models.webp\" alt=\"Vaizdo trik\u010di\u0173 \u0161alinimas\"><\/p>\n<h2>Apie m\u016bs\u0173 \u012fmon\u0119<\/h2>\n<p>Esame hidraulini\u0173 cilindr\u0173, galin\u010di\u0173 pakeisti esamus hidraulinius cilindrus, gamintojas. M\u016bs\u0173 \u012fmon\u0117 si\u016blo plat\u0173 produkt\u0173 kategorij\u0173 asortiment\u0105 ir tapo viena i\u0161 pirmaujan\u010di\u0173 hidraulini\u0173 cilindr\u0173 gamintoj\u0173 ir didmeninink\u0173 vidaus ir tarptautin\u0117se rinkose. Vadovaujam\u0117s puikios kokyb\u0117s principu ir remiam\u0117s industrializuota gamybos valdymo strategija, taikoma smulkiosios gamybos dirbtuv\u0117ms. M\u016bs\u0173 gaminiai gaminami naudojant auk\u0161\u010diausios klas\u0117s skaitmenin\u0119 gamybos \u012frang\u0105 ir profesionalias bandym\u0173 sistemas, tod\u0117l nuolat tobuliname savo gamybos linijas, siekdami geresn\u0117s gamini\u0173 kokyb\u0117s. Turime stipr\u0173 geb\u0117jim\u0105 kurti dideliu efektyvumu, dideliu tikslumu ir auk\u0161ta kokybe, kad patenkintume \u012fvairius klient\u0173 poreikius. <\/p>\n<p><img decoding=\"async\" src=\"https:\/\/www.hydraulic-cylinders.net\/wp-content\/uploads\/2025\/01\/songte-company-3.webp\" alt=\"\u012emon\u0117s \u012fvaizdis\"><\/p>\n<h2>Profesionalumas, tarptautinis sertifikavimas, pritaikymo paslaugos, gamybos \u012franga ir garantinis aptarnavimas<\/h2>\n<ul>\n<li>\n<h3>Profesionalumas:<\/h3>\n<p> Turime profesionali\u0105 technin\u0119 komand\u0105 ir auk\u0161tos kokyb\u0117s gamini\u0173 gamybos komand\u0105.<\/li>\n<li>\n<h3>Tarptautinis sertifikatas:<\/h3>\n<p> M\u016bs\u0173 gaminiai yra gav\u0119 tarptautinius sertifikatus, tokius kaip ISO9001 ir CE.<\/li>\n<li>\n<h3>Pritaikymo paslaugos:<\/h3>\n<p> Galime pasi\u016blyti individualius gaminius pagal klient\u0173 poreikius ir techninius reikalavimus.<\/li>\n<li>\n<h3>Gamybos \u012franga:<\/h3>\n<p> Produkt\u0173 kokybei gerinti naudojame auk\u0161\u010diausios klas\u0117s skaitmenin\u0119 gamybos \u012frang\u0105 ir profesionalias testavimo sistemas.<\/li>\n<li>\n<h3>Aptarnavimas po pardavimo:<\/h3>\n<p> Klientams teikiame vis\u0105 spektr\u0105 garantinio aptarnavimo paslaug\u0173, \u012fskaitant gamini\u0173 prie\u017ei\u016br\u0105, technin\u0119 pagalb\u0105 ir gamini\u0173 pakeitimo paslaugas.<\/li>\n<\/ul>\n<p>M\u016bs\u0173 \u012fmon\u0117 yra \u012fsipareigojusi klientams teikti auk\u0161tos kokyb\u0117s hidraulinius cilindrus, profesionali\u0105 technin\u0119 pagalb\u0105 ir puik\u0173 aptarnavim\u0105 po pardavimo. <\/p>\n<p>Autorius: lyl.<\/p>","protected":false},"excerpt":{"rendered":"<p>Bucket Cylinder For Caterpillar Small Excavator E301.7DCR Introduction The Bucket Cylinder for Caterpillar Small Excavator E301.7DCR is a specialized hydraulic cylinder primarily used for controlling the movement of buckets in heavy machinery such as excavators, backhoe excavators, and front-end loaders. Its main function is to enable the bucket to lift, lower, and tilt, making it [&hellip;]<\/p>","protected":false},"featured_media":14765,"comment_status":"open","ping_status":"closed","template":"","meta":{"_et_pb_use_builder":"","_et_pb_old_content":"","_et_gb_content_width":""},"product_brand":[],"product_cat":[1494],"product_tag":[1495,1496],"class_list":{"0":"post-15219","1":"product","2":"type-product","3":"status-publish","4":"has-post-thumbnail","6":"product_cat-bucket-cylinders","7":"product_tag-bucket-cylinders","8":"product_tag-hydraulic-cylinders","10":"first","11":"instock","12":"shipping-taxable","13":"product-type-simple"},"amp_enabled":true,"_links":{"self":[{"href":"https:\/\/www.hydraulic-cylinders.net\/lt\/wp-json\/wp\/v2\/product\/15219","targetHints":{"allow":["GET"]}}],"collection":[{"href":"https:\/\/www.hydraulic-cylinders.net\/lt\/wp-json\/wp\/v2\/product"}],"about":[{"href":"https:\/\/www.hydraulic-cylinders.net\/lt\/wp-json\/wp\/v2\/types\/product"}],"replies":[{"embeddable":true,"href":"https:\/\/www.hydraulic-cylinders.net\/lt\/wp-json\/wp\/v2\/comments?post=15219"}],"wp:featuredmedia":[{"embeddable":true,"href":"https:\/\/www.hydraulic-cylinders.net\/lt\/wp-json\/wp\/v2\/media\/14765"}],"wp:attachment":[{"href":"https:\/\/www.hydraulic-cylinders.net\/lt\/wp-json\/wp\/v2\/media?parent=15219"}],"wp:term":[{"taxonomy":"product_brand","embeddable":true,"href":"https:\/\/www.hydraulic-cylinders.net\/lt\/wp-json\/wp\/v2\/product_brand?post=15219"},{"taxonomy":"product_cat","embeddable":true,"href":"https:\/\/www.hydraulic-cylinders.net\/lt\/wp-json\/wp\/v2\/product_cat?post=15219"},{"taxonomy":"product_tag","embeddable":true,"href":"https:\/\/www.hydraulic-cylinders.net\/lt\/wp-json\/wp\/v2\/product_tag?post=15219"}],"curies":[{"name":"wp","href":"https:\/\/api.w.org\/{rel}","templated":true}]}}