{"id":15220,"date":"2025-01-19T14:15:22","date_gmt":"2025-01-19T14:15:22","guid":{"rendered":"https:\/\/www.hydraulic-cylinders.net\/product\/bucket-cylinder-for-caterpillar-small-excavator-e305-5e\/"},"modified":"2025-01-19T14:15:24","modified_gmt":"2025-01-19T14:15:24","slug":"bucket-cylinder-for-caterpillar-small-excavator-e305-5e","status":"publish","type":"product","link":"https:\/\/www.hydraulic-cylinders.net\/lt\/produktas\/bucket-cylinder-for-caterpillar-small-excavator-e305-5e\/","title":{"rendered":"Kau\u0161o cilindras Caterpillar ma\u017eam ekskavatoriui E305.5E"},"content":{"rendered":"<h1>Kau\u0161o cilindras Caterpillar ma\u017eam ekskavatoriui E305.5E<\/h1>\n<h2>\u012evadas<\/h2>\n<h3>Kau\u0161o cilindro apibr\u0117\u017eimas<\/h3>\n<p>Kau\u0161o cilindras yra specialiai suprojektuotas hidraulinis cilindras, daugiausia naudojamas valdyti kastuv\u0173 ar kau\u0161\u0173 jud\u0117jim\u0105 sunkiosiose ma\u0161inose, tokiose kaip ekskavatoriai, ekskavatoriniai krautuvai ir frontaliniai krautuvai. Pagrindin\u0117 jo funkcija \u2013 leisti kau\u0161ui pakilti, nuleisti ir pakreipti, kad b\u016bt\u0173 lengviau atlikti \u012fvairias med\u017eiag\u0173 tvarkymo u\u017eduotis. Hidraulin\u0117je sistemoje kau\u0161o cilindrai valdo tikslius kau\u0161o judesius keisdami hidraulin\u0117s alyvos sl\u0117g\u012f, tod\u0117l operatoriai gali efektyviai valdyti sunkius krovinius ir prisitaikyti prie sud\u0117tingos darbo aplinkos bei \u012fvairi\u0173 eksploatacini\u0173 poreiki\u0173.<\/p>\n<p><img decoding=\"async\" src=\"https:\/\/www.hydraulic-cylinders.net\/wp-content\/uploads\/2025\/01\/songte-company-2.webp\"\/><\/p>\n<h3>Savyb\u0117s<\/h3>\n<ul>\n<li>Didelis stiprumas ir ilgaam\u017ei\u0161kumas: Paprastai pagamintas i\u0161 didelio stiprumo plieno arba aliuminio, jis gali atlaikyti didel\u012f sl\u0117g\u012f ir dideles apkrovas, prisitaikyti prie at\u0161iauri\u0173 darbo s\u0105lyg\u0173 ir projektuojant atsi\u017evelgti \u012f atsparum\u0105 dilimui ir korozijai, taip prailginant tarnavimo laik\u0105.<\/li>\n<li>Efektyvus hidraulinis valdymas: Skland\u016bs i\u0161pl\u0117timo ir atitraukimo judesiai pasiekiami hidrauliniu sl\u0117giu, kuris gali greitai reaguoti \u012f valdymo komandas, u\u017etikrinti stiprias st\u016bmimo ir traukimo j\u0117gas ir tinka sunkiems kroviniams bei sud\u0117tingoms u\u017eduotims valdyti.<\/li>\n<li>\u012evair\u016bs tipai: pagal eksploatacinius poreikius galima pasirinkti vienpusio veikimo (hidraulin\u0117 sistema naudojama tik viena kryptimi) arba dvipusio veikimo (hidraulin\u0117 sistema naudojama abiem kryptimis) cilindrus. Kai kurie modeliai yra teleskopiniai, tod\u0117l juos galima labiau i\u0161tiesti nedidinant i\u0161orini\u0173 matmen\u0173, tod\u0117l jie idealiai tinka naudoti ribotoje erdv\u0117je.<\/li>\n<li>Lengva pagaminti: m\u016bs\u0173 gaminiai gali puikiai pakeisti \u0161iuos hidraulinius cilindrus.<\/li>\n<\/ul>\n<p><img decoding=\"async\" src=\"https:\/\/www.hydraulic-cylinders.net\/wp-content\/uploads\/2025\/01\/songte-cylinder-head-with-all-kinds-excavator-models.webp\"\/><\/p>\n<h3>Parai\u0161kos<\/h3>\n<p>Kau\u0161\u0173 cilindrai yra pla\u010diai naudojami \u012fvairiose pramon\u0117s \u0161akose d\u0117l savo puiki\u0173 eksploatacini\u0173 savybi\u0173. \u0160tai keletas da\u017eniausiai pasitaikan\u010di\u0173 pritaikym\u0173:<\/p>\n<h4>Statybin\u0117 \u012franga<\/h4>\n<p>Ekskavatoriuose jie yra b\u016btini kasant, kraunant ir perkeliant grunt\u0105 ar \u0161iuk\u0161les. Ekskavatoriuose krautuvuose kau\u0161o cilindrai padeda ir kasti, ir kelti. <\/p>\n<h4>\u017dem\u0117s \u016bkio technika<\/h4>\n<p>Naudojamas priekiniuose krautuvuose dirvo\u017eemiui, \u0161ienui ir kitoms med\u017eiagoms semti, kelti ir transportuoti.<\/p>\n<h4>Ekskavatoriai<\/h4>\n<p>Kau\u0161o cilindrai naudojami tam, kad kau\u0161as gal\u0117t\u0173 \u012fsiskverbti \u012f dirv\u0105.<\/p>\n<h4>Krautuvai<\/h4>\n<p>Priekiniuose krautuvuose jie padeda efektyviai pakelti ir i\u0161krauti prekes.<\/p>\n<h3>Projektavimo aspektai ir atrankos standartai<\/h3>\n<p>Kau\u0161\u0173 cilindrai yra esminiai hidraulini\u0173 sistem\u0173 komponentai, tod\u0117l j\u0173 projektavimo ir parinkimo standartai yra labai svarb\u016bs. \u0160tai keli pagrindiniai veiksniai, \u012f kuriuos reikia atsi\u017evelgti:<\/p>\n<h4>Apkrovos paj\u0117gumas<\/h4>\n<p>Kau\u0161\u0173 cilindrai turi b\u016bti suprojektuoti taip, kad atlaikyt\u0173 perkeliamos \u012frangos ir med\u017eiag\u0173 sukeliamas apkrovas.<\/p>\n<h4>Sandarinimas<\/h4>\n<p>St\u016bmoklio ir koto sandarikliai turi b\u016bti kruop\u0161\u010diai parinkti, kad b\u016bt\u0173 i\u0161vengta nuot\u0117kio ir u\u017eter\u0161imo. D\u0117l atsparumo dilimui ir antikorozini\u0173 savybi\u0173 da\u017enai naudojamas poliuretanas arba nitrilo kau\u010diukas.<\/p>\n<h4>Patvarumas<\/h4>\n<p>Cilindras turi b\u016bti suprojektuotas taip, kad atlaikyt\u0173 at\u0161iaurias eksploatavimo s\u0105lygas ir ilg\u0105 laik\u0105 b\u016bt\u0173 atsparus dilimui bei korozijai.<\/p>\n<h4>Saugumas<\/h4>\n<p>Projektuojant reikia atsi\u017evelgti \u012f saugos reikalavimus, kad b\u016bt\u0173 kuo labiau suma\u017einta nelaiming\u0173 atsitikim\u0173 rizika.<\/p>\n<h4>Prie\u017ei\u016bra<\/h4>\n<p>Balionas turi b\u016bti suprojektuotas taip, kad j\u012f b\u016bt\u0173 lengva ap\u017ei\u016br\u0117ti, pri\u017ei\u016br\u0117ti ir remontuoti, taip pat i\u0161ardyti ir surinkti.<\/p>\n<p><img decoding=\"async\" src=\"https:\/\/www.hydraulic-cylinders.net\/wp-content\/uploads\/2025\/01\/songte-oil-pipes-and-spare-parts.webp\"\/><\/p>\n<h3>Sandarinimas ir tepimas<\/h3>\n<p>Kau\u0161\u0173 cilindrus reikia tinkamai u\u017esandarinti ir sutepti, kad b\u016bt\u0173 u\u017etikrintas optimalus veikimas ir ilgas tarnavimo laikas. B\u016btini \u0161ie veiksmai:<\/p>\n<ul>\n<li>\u012evair\u016bs sandarinimo elementai, tokie kaip st\u016bmokli\u0173 sandarikliai, kot\u0173 sandarikliai ir kt., tur\u0117t\u0173 b\u016bti reguliariai tikrinami ir prireikus kei\u010diami.<\/li>\n<li>Cilindro korpusas ir sriegio pavir\u0161ius turi b\u016bti tiksliai apdoroti, kad b\u016bt\u0173 padidintas atsparumas dilimui.<\/li>\n<li>Reguliariai sutepkite hidraulin\u012f cilindr\u0105 tinkama hidrauline alyva, kad u\u017etikrintum\u0117te skland\u0173 veikim\u0105 ir pailgintum\u0117te jo tarnavimo laik\u0105.<\/li>\n<\/ul>\n<p><img decoding=\"async\" src=\"https:\/\/www.hydraulic-cylinders.net\/wp-content\/uploads\/2025\/01\/songte-chushion-collar.webp\"\/><\/p>\n<h3>Reguliari prie\u017ei\u016bra ir prevencin\u0117s priemon\u0117s<\/h3>\n<ul>\n<li>Reguliar\u016bs patikrinimai ir tinkamas tepimas yra b\u016btini norint u\u017etikrinti optimal\u0173 cilindro veikim\u0105.<\/li>\n<li>Kuo grei\u010diau pakeiskite visas susid\u0117v\u0117jusias ar pa\u017eeistas dalis.<\/li>\n<li>Tinkamas i\u0161lyginimas montavimo metu yra labai svarbus norint u\u017etikrinti optimal\u0173 na\u0161um\u0105.<\/li>\n<li>Tinkamas cilindro sulygiavimas ir tinkam\u0173 tvirtinimo laikikli\u0173 naudojimas gali pagerinti cilindro patvarum\u0105 ir suma\u017einti pa\u017eeidimo rizik\u0105.<\/li>\n<li>Pateikiamos rekomendacijos d\u0117l kau\u0161o cilindro patikros, remonto ir keitimo proced\u016br\u0173, siekiant pailginti jo tarnavimo laik\u0105.<\/li>\n<\/ul>\n<p><img decoding=\"async\" src=\"https:\/\/www.hydraulic-cylinders.net\/wp-content\/uploads\/2025\/01\/songte-bushings-with-all-kinds-of-excavator-models.webp\"\/><\/p>\n<h3>Saugos aspektai ir aplinkos veiksniai<\/h3>\n<p>Naudojant kau\u0161inius cilindrus, saugos priemon\u0117s yra labai svarbios siekiant suma\u017einti nelaiming\u0173 atsitikim\u0173 rizik\u0105. B\u016btina laikytis saugos taisykli\u0173 ir naudojimo instrukcij\u0173.<\/p>\n<h3>Gedim\u0173 diagnostika ir da\u017eniausios problemos<\/h3>\n<p>Toliau pateikiamos kelios da\u017eniausios kau\u0161o cilindr\u0173 problemos:<\/p>\n<ul>\n<li>Hidraulin\u0117s alyvos nuot\u0117kis.<\/li>\n<li>Svyravimas arba nesugeb\u0117jimas i\u0161laikyti sl\u0117gio.<\/li>\n<li>L\u0117tas arba nereguliarus veikimas.<\/li>\n<\/ul>\n<p>Kai i\u0161kyla \u0161i\u0173 problem\u0173, joms spr\u0119sti galima imtis \u0161i\u0173 veiksm\u0173:<\/p>\n<ul>\n<li>Patikrinkite ir pakeiskite visus susid\u0117v\u0117jusius ar pa\u017eeistus sandariklius ar kitus komponentus.<\/li>\n<li>Patikrinkite, ar hidraulin\u0117je alyvoje n\u0117ra u\u017eter\u0161tumo, ir prireikus j\u0105 pakeiskite.<\/li>\n<li>\u012esitikinkite, kad visos hidraulin\u0117s linijos ir jungtys yra tvirtos ir geros b\u016bkl\u0117s.<\/li>\n<\/ul>\n<p><img decoding=\"async\" src=\"https:\/\/hzpt.com\/wp-content\/uploads\/2024\/11\/songte-company-1.webp\"\/><\/p>\n<h2>Apie mus<\/h2>\n<p>Esame hidraulini\u0173 cilindr\u0173 pakaital\u0173 gamintojas, si\u016blantis plat\u0173 gamini\u0173 asortiment\u0105, tod\u0117l esame vieni i\u0161 pirmaujan\u010di\u0173 hidraulini\u0173 cilindr\u0173 gamintoj\u0173 ir didmenini\u0173 platintoj\u0173 vidaus ir tarptautin\u0117se rinkose. Laikom\u0117s puikios kokyb\u0117s principo ir pasikliaujame pramonin\u0117s gamybos valdymo strategijomis, kurios remiasi tikslios gamybos dirbtuv\u0117mis, techniniais talentais, auk\u0161\u010diausios klas\u0117s skaitmenine gamybos \u012franga ir profesionaliomis tikrinimo sistemomis, siekiant nuolat tobulinti m\u016bs\u0173 dirbtuvi\u0173 gamybos platform\u0105, gerinti gamini\u0173 kokyb\u0117s gamybos linij\u0105 ir pasi\u017eymint stipriu k\u016brybi\u0161kumu. Kuriame ir gaminame produktus, kurie atitinka klient\u0173 poreikius, remdamiesi didelio efektyvumo, didelio tikslumo ir auk\u0161tos kokyb\u0117s principais.<\/p>\n<p><img decoding=\"async\" src=\"https:\/\/www.hydraulic-cylinders.net\/wp-content\/uploads\/2025\/01\/songte-company-3.webp\"\/><\/p>\n<h3>Profesionalumas<\/h3>\n<p>Turime technini\u0173 ekspert\u0173 komand\u0105, turin\u010di\u0105 didel\u0119 patirt\u012f hidraulini\u0173 cilindr\u0173 gamyboje, bandymuose ir tikrinimuose, u\u017etikrinan\u010di\u0105, kad m\u016bs\u0173 gaminiai atitikt\u0173 tarptautinius kokyb\u0117s standartus.<\/p>\n<h3>Tarptautinis sertifikavimas<\/h3>\n<p>M\u016bs\u0173 gaminiai yra sertifikuoti \u012fvairiais tarptautiniais standartais, tokiais kaip ISO9001:2015, CE, RoHS, UL ir kitais, tod\u0117l m\u016bs\u0173 klientai gali b\u016bti labai pasitikintys m\u016bs\u0173 gaminiais.<\/p>\n<h3>Pritaikymo paslaugos<\/h3>\n<p>Galime pritaikyti gamin\u012f pagal konkre\u010dius klient\u0173 reikalavimus, u\u017etikrindami, kad b\u016bt\u0173 patenkinti j\u0173 individual\u016bs poreikiai.<\/p>\n<h3>Gamybos \u012franga<\/h3>\n<p>Naudojame pa\u017eangi\u0105 gamybos \u012frang\u0105 ir kontrol\u0117s sistemas, kad u\u017etikrintume auk\u0161\u010diausi\u0105 m\u016bs\u0173 gamini\u0173 kokyb\u0119 ir atitiktume klient\u0173 reikalavimus.<\/p>\n<h3>Aptarnavimas po pardavimo<\/h3>\n<p>Teikiame puik\u0173 aptarnavim\u0105 po pardavimo, u\u017etikrindami, kad m\u016bs\u0173 klientai b\u016bt\u0173 patenkinti m\u016bs\u0173 produktais ir paslaugomis. Si\u016blome atsargines dalis ir remonto paslaugas, teikiame patarimus, kaip prailginti hidraulini\u0173 cilindr\u0173 tarnavimo laik\u0105, ir kita.<\/p>\n<h4>Autorius: lyl<\/h4>","protected":false},"excerpt":{"rendered":"<p>Bucket Cylinder For Caterpillar Small Excavator E305.5E Introduction Defining Bucket Cylinder A bucket cylinder is a specially designed hydraulic cylinder mainly used to control the movement of shovels or buckets in heavy machinery such as excavators, backhoe loaders, and front-end loaders. Its primary function is to enable the bucket to lift, lower, and tilt, making [&hellip;]<\/p>","protected":false},"featured_media":14762,"comment_status":"open","ping_status":"closed","template":"","meta":{"_et_pb_use_builder":"","_et_pb_old_content":"","_et_gb_content_width":""},"product_brand":[],"product_cat":[1494],"product_tag":[1495,1496],"class_list":{"0":"post-15220","1":"product","2":"type-product","3":"status-publish","4":"has-post-thumbnail","6":"product_cat-bucket-cylinders","7":"product_tag-bucket-cylinders","8":"product_tag-hydraulic-cylinders","10":"first","11":"instock","12":"shipping-taxable","13":"product-type-simple"},"amp_enabled":true,"_links":{"self":[{"href":"https:\/\/www.hydraulic-cylinders.net\/lt\/wp-json\/wp\/v2\/product\/15220","targetHints":{"allow":["GET"]}}],"collection":[{"href":"https:\/\/www.hydraulic-cylinders.net\/lt\/wp-json\/wp\/v2\/product"}],"about":[{"href":"https:\/\/www.hydraulic-cylinders.net\/lt\/wp-json\/wp\/v2\/types\/product"}],"replies":[{"embeddable":true,"href":"https:\/\/www.hydraulic-cylinders.net\/lt\/wp-json\/wp\/v2\/comments?post=15220"}],"wp:featuredmedia":[{"embeddable":true,"href":"https:\/\/www.hydraulic-cylinders.net\/lt\/wp-json\/wp\/v2\/media\/14762"}],"wp:attachment":[{"href":"https:\/\/www.hydraulic-cylinders.net\/lt\/wp-json\/wp\/v2\/media?parent=15220"}],"wp:term":[{"taxonomy":"product_brand","embeddable":true,"href":"https:\/\/www.hydraulic-cylinders.net\/lt\/wp-json\/wp\/v2\/product_brand?post=15220"},{"taxonomy":"product_cat","embeddable":true,"href":"https:\/\/www.hydraulic-cylinders.net\/lt\/wp-json\/wp\/v2\/product_cat?post=15220"},{"taxonomy":"product_tag","embeddable":true,"href":"https:\/\/www.hydraulic-cylinders.net\/lt\/wp-json\/wp\/v2\/product_tag?post=15220"}],"curies":[{"name":"wp","href":"https:\/\/api.w.org\/{rel}","templated":true}]}}