{"id":15224,"date":"2025-01-19T14:15:37","date_gmt":"2025-01-19T14:15:37","guid":{"rendered":"https:\/\/www.hydraulic-cylinders.net\/product\/bucket-cylinder-for-caterpillar-small-excavator-e318dl\/"},"modified":"2025-01-19T14:15:39","modified_gmt":"2025-01-19T14:15:39","slug":"bucket-cylinder-for-caterpillar-small-excavator-e318dl","status":"publish","type":"product","link":"https:\/\/www.hydraulic-cylinders.net\/lt\/produktas\/bucket-cylinder-for-caterpillar-small-excavator-e318dl\/","title":{"rendered":"Kau\u0161o cilindras Caterpillar ma\u017eam ekskavatoriui E318DL"},"content":{"rendered":"<h1>Kau\u0161o cilindras Caterpillar ma\u017eam ekskavatoriui E318DL<\/h1>\n<h2>\u012evadas<\/h2>\n<p>Kau\u0161o cilindras, skirtas \u201eCaterpillar Small Excavator E318DL\u201c, yra specialiai sukurtas hidraulinis cilindras, naudojamas valdyti kau\u0161o jud\u0117jim\u0105 sunkiosiose ma\u0161inose, tokiose kaip ekskavatoriai, ekskavatoriniai ekskavatoriai ir frontaliniai krautuvai. Pagrindin\u0117 jo funkcija \u2013 leisti kau\u0161ui pakilti, nuleisti ir pakreipti, kad b\u016bt\u0173 lengviau tvarkyti \u012fvairias med\u017eiagas. Hidraulin\u0117je sistemoje kau\u0161o cilindras tiksliai valdo kau\u0161o judesius keisdamas hidraulin\u0117s alyvos sl\u0117g\u012f, leisdamas operatoriui efektyviai tvarkyti sunkius krovinius ir prisitaikyti prie sud\u0117tingos darbo aplinkos bei \u012fvairi\u0173 eksploatavimo poreiki\u0173.<\/p>\n<p><img decoding=\"async\" src=\"https:\/\/www.hydraulic-cylinders.net\/wp-content\/uploads\/2025\/01\/songte-company-2.webp\" alt=\"Kau\u0161o cilindro vaizdas\"><\/p>\n<h2>Produkto savyb\u0117s<\/h2>\n<ul>\n<li>Didelis stiprumas ir ilgaam\u017ei\u0161kumas: Pagamintas i\u0161 didelio stiprumo plieno arba aliuminio, gali atlaikyti didel\u012f sl\u0117g\u012f ir dideles apkrovas, prisitaikydamas prie at\u0161iauri\u0173 darbo s\u0105lyg\u0173. Konstrukcijoje atsi\u017evelgiama \u012f atsparum\u0105 dilimui ir korozijai, taip pailginant jo tarnavimo laik\u0105.<\/li>\n<li>Efektyvus hidraulinis veikimas: Naudojamas hidraulin\u0117s alyvos sl\u0117gis, kad b\u016bt\u0173 pasiekti skland\u016bs, teleskopiniai judesiai, greita reakcija \u012f valdymo komandas ir galinga st\u016bmimo bei traukimo j\u0117ga, tinkama sunkiems kroviniams valdyti ir sud\u0117tingoms eksploatavimo u\u017eduotims atlikti.<\/li>\n<li>\u012evair\u016bs tipai: Cilindr\u0173 tipus galima pasirinkti pagal eksploatacinius poreikius, pavyzd\u017eiui, vienpusio veikimo (hidraulinis mechanizmas naudojamas tik viena kryptimi) arba dvipusio veikimo (hidraulinis mechanizmas naudojamas abiem kryptimis) cilindrus. Kai kurie modeliai yra i\u0161ple\u010diami, tod\u0117l galima labiau pailginti nedidinant i\u0161orinio dyd\u017eio, tod\u0117l tinka naudoti ribotoje erdv\u0117je.<\/li>\n<li>Gali b\u016bti pagamintas m\u016bs\u0173 \u012fmon\u0117s: M\u016bs\u0173 gaminiai gali puikiai pakeisti \u0161iuos hidraulinius cilindrus.<\/li>\n<\/ul>\n<p><img decoding=\"async\" src=\"https:\/\/www.hydraulic-cylinders.net\/wp-content\/uploads\/2025\/01\/songte-cylinder-head-with-all-kinds-excavator-models.webp\" alt=\"Kau\u0161o cilindro pakeitimo paveiksl\u0117lis\"><\/p>\n<h2>Parai\u0161kos<\/h2>\n<p>\u201eCaterpillar Small Excavator E318DL\u201c kau\u0161o cilindras yra pla\u010diai naudojamas \u012fvairiose sunkiosiose ma\u0161inose, tokiose kaip:<\/p>\n<ul>\n<li>Statybin\u0117 \u012franga: ekskavatoriuose jie yra b\u016btini kasant, kraunant ir perkeliant grunt\u0105 ar \u0161iuk\u0161les. Ekskavatoriuose kau\u0161o cilindrai padeda kasti ir kelti. <\/li>\n<li>\u017dem\u0117s \u016bkio technika: naudojama frontaliniams krautuvams, dirvo\u017eemio, \u0161ieno ir kit\u0173 med\u017eiag\u0173 rinkimui, k\u0117limui ir transportavimui. <\/li>\n<li>Ekskavatoriai: Kau\u0161o cilindrai leid\u017eia atlikti kasimo darbus, leisdami kau\u0161ui \u012fsiskverbti \u012f dirv\u0105. <\/li>\n<li>Krautuvai: Priekiniuose krautuvuose jie padeda efektyviai pakelti ir i\u0161mesti prekes. <\/li>\n<\/ul>\n<h2>Projektavimo aspektai ir atrankos kriterijai<\/h2>\n<p>\u201eCaterpillar Small Excavator E318DL\u201c kau\u0161o cilindro konstrukcija atsi\u017evelgia \u012f \u0161iuos veiksnius:<\/p>\n<ul>\n<li>Keliamoji galia: Cilindras turi tur\u0117ti pakankam\u0105 keliam\u0105j\u0105 gali\u0105, kad gal\u0117t\u0173 atlaikyti krovinio svor\u012f nesulenkdamas ir nesulau\u017eydamas. <\/li>\n<li>Sandarinimas: Cilindras turi b\u016bti sandarus, kad b\u016bt\u0173 i\u0161vengta hidraulin\u0117s alyvos nuot\u0117kio, kuris gali pa\u017eeisti cilindr\u0105 ir kitus ma\u0161inos komponentus.<\/li>\n<li>Patvarumas: Cilindras turi b\u016bti patvarus ir atlaikyti nusid\u0117v\u0117jim\u0105, kur\u012f sukelia nuolatinis naudojimas, at\u0161iaurios darbo aplinkos ir oro s\u0105lyg\u0173 poveikis. <\/li>\n<li>Sauga: Balionas turi b\u016bti suprojektuotas atsi\u017evelgiant \u012f saugum\u0105, \u012fskaitant tokias saugos funkcijas kaip avarinio stabdymo mygtukai, sl\u0117gio ma\u017einimo vo\u017etuvai ir apsauga nuo perkrovos. <\/li>\n<li>Prie\u017ei\u016bra: Cilindr\u0105 tur\u0117t\u0173 b\u016bti lengva pri\u017ei\u016br\u0117ti ir remontuoti, kad b\u016bt\u0173 galima greitai ir lengvai pakeisti susid\u0117v\u0117jusias ar pa\u017eeistas dalis. <\/li>\n<\/ul>\n<p><img decoding=\"async\" src=\"https:\/\/www.hydraulic-cylinders.net\/wp-content\/uploads\/2025\/01\/songte-oil-pipes-and-spare-parts.webp\" alt=\"Kau\u0161o cilindro dali\u0173 vaizdas\"><\/p>\n<h2>Sandarinimas ir tepimas<\/h2>\n<p>\u201eCaterpillar Small Excavator E318DL\u201c kau\u0161o cilindre naudojami \u012fvair\u016bs sandarinimo komponentai, tokie kaip st\u016bmokli\u0173 sandarikliai, stryp\u0173 sandarikliai ir kt., pagaminti i\u0161 atspari\u0173 dilimui med\u017eiag\u0173, toki\u0173 kaip poliuretanas ir nitrilo kau\u010diukas. Cilindro korpusas ir srieginiai galai yra kruop\u0161\u010diai apdirbti, siekiant pagerinti atsparum\u0105 dilimui. Norint u\u017etikrinti tinkam\u0105 cilindro veikim\u0105 ir pailginti jo tarnavimo laik\u0105, b\u016btina reguliariai tepti tinkama hidrauline alyva. <\/p>\n<h2>Prie\u017ei\u016bros ir prevencin\u0117s priemon\u0117s<\/h2>\n<p>Rekomenduojamos \u0161ios prevencin\u0117s priemon\u0117s ir prie\u017ei\u016bros darbai:<\/p>\n<ul>\n<li>Reguliarus patikrinimas: reguliariai tikrinkite cilindr\u0105, ar n\u0117ra susid\u0117v\u0117jimo, nuot\u0117ki\u0173 ir kit\u0173 pa\u017eeidim\u0173 po\u017eymi\u0173. <\/li>\n<li>Tepimas: Reguliariai sutepkite cilindr\u0105 tinkama hidrauline alyva. <\/li>\n<li>Sandariklio keitimas: Prireikus pakeiskite cilindro sandariklius. <\/li>\n<li>Kalibravimo patikrinimas: reguliariai tikrinkite cilindro kalibravim\u0105, kad u\u017etikrintum\u0117te tinkam\u0105 veikim\u0105. <\/li>\n<\/ul>\n<p><img decoding=\"async\" src=\"https:\/\/www.hydraulic-cylinders.net\/wp-content\/uploads\/2025\/01\/songte-chushion-collar.webp\" alt=\"Kau\u0161o cilindro montavimo paveiksl\u0117lis\"><\/p>\n<h2>Saugos aspektai ir aplinkos veiksniai<\/h2>\n<p>Eksploatuojant sunki\u0105j\u0105 technik\u0105, kuriai naudojamas kau\u0161o cilindras, skirtas \u201eCaterpillar Small Excavator E318DL\u201c, b\u016btina laikytis tinkam\u0173 saugos priemoni\u0173. Aplinkos veiksniai, tokie kaip temperat\u016bra, dr\u0117gm\u0117 ir oro kokyb\u0117, taip pat gali tur\u0117ti \u012ftakos cilindro veikimui ir \u012f juos reikia atsi\u017evelgti.<\/p>\n<h2>Da\u017enos problemos ir trik\u010di\u0173 \u0161alinimas<\/h2>\n<p>Da\u017eniausios problemos, galin\u010dios kilti naudojant \u201eCaterpillar Small Excavator E318DL\u201c kau\u0161o cilindr\u0105, yra nuot\u0117kiai, susid\u0117v\u0117j\u0119 sandarikliai ir kalibravimo problemos. Trik\u010di\u0173 \u0161alinimo patarimai ir sprendimai gali apimti pa\u017eeist\u0173 dali\u0173 keitim\u0105, kalibravimo reguliavim\u0105 ir kt. Prevencin\u0117s priemon\u0117s gali pad\u0117ti suma\u017einti galimas problemas.<\/p>\n<p><img decoding=\"async\" src=\"https:\/\/www.hydraulic-cylinders.net\/wp-content\/uploads\/2025\/01\/songte-bushings-with-all-kinds-of-excavator-models.webp\" alt=\"Kau\u0161o cilindro \u012fvor\u0117s vaizdas\"><\/p>\n<h2>Apie m\u016bs\u0173 \u012fmon\u0119<\/h2>\n<p>Esame pakaitini\u0173 hidraulini\u0173 cilindr\u0173 gamintojas, si\u016blantis plat\u0173 gamini\u0173 asortiment\u0105 ir tampantis pirmaujan\u010diu hidraulini\u0173 cilindr\u0173 gamintoju bei didmenininku vidaus ir tarptautin\u0117se rinkose. Vadovaujam\u0117s puikia kokybe ir remiam\u0117s pramonin\u0117s gamybos valdymo strategijomis, sukurtomis puikiose gamybos dirbtuv\u0117se, bei naudojame technologinius talentus, auk\u0161\u010diausios klas\u0117s skaitmenin\u0119 gamybos \u012frang\u0105 ir profesionali\u0105 testavimo sistem\u0105, kad nuolat tobulintume gamybos platform\u0105, tobulintume gamini\u0173 kokyb\u0117s gamybos linij\u0105 ir pasi\u017eym\u0117tume stipriais k\u016brybiniais geb\u0117jimais. D\u0117l didelio efektyvumo, didelio tikslumo ir auk\u0161tos kokyb\u0117s princip\u0173 patenkiname \u012fvairius savo klient\u0173 poreikius.<\/p>\n<ul>\n<li>Profesionalumas<\/li>\n<li>Tarptautinis sertifikavimas<\/li>\n<li>Pritaikymo paslaugos<\/li>\n<li>Gamybos \u012franga<\/li>\n<li>Aptarnavimas po pardavimo<\/li>\n<\/ul>\n<p><img decoding=\"async\" src=\"https:\/\/hzpt.com\/wp-content\/uploads\/2024\/11\/songte-company-1.webp\" alt=\"\u012emon\u0117s \u012fvaizdis\"><\/p>\n<p>Autorius: lyl<\/p>","protected":false},"excerpt":{"rendered":"<p>Bucket Cylinder For Caterpillar Small Excavator E318DL Introduction The Bucket Cylinder for Caterpillar Small Excavator E318DL is a specially designed hydraulic cylinder used to control the movement of the bucket in heavy machinery such as excavators, backhoe excavators, and front loader machines. Its main function is to enable the bucket to lift, lower, and tilt, [&hellip;]<\/p>","protected":false},"featured_media":14787,"comment_status":"open","ping_status":"closed","template":"","meta":{"_et_pb_use_builder":"","_et_pb_old_content":"","_et_gb_content_width":""},"product_brand":[],"product_cat":[1494],"product_tag":[1495,1496],"class_list":{"0":"post-15224","1":"product","2":"type-product","3":"status-publish","4":"has-post-thumbnail","6":"product_cat-bucket-cylinders","7":"product_tag-bucket-cylinders","8":"product_tag-hydraulic-cylinders","10":"first","11":"instock","12":"shipping-taxable","13":"product-type-simple"},"amp_enabled":true,"_links":{"self":[{"href":"https:\/\/www.hydraulic-cylinders.net\/lt\/wp-json\/wp\/v2\/product\/15224","targetHints":{"allow":["GET"]}}],"collection":[{"href":"https:\/\/www.hydraulic-cylinders.net\/lt\/wp-json\/wp\/v2\/product"}],"about":[{"href":"https:\/\/www.hydraulic-cylinders.net\/lt\/wp-json\/wp\/v2\/types\/product"}],"replies":[{"embeddable":true,"href":"https:\/\/www.hydraulic-cylinders.net\/lt\/wp-json\/wp\/v2\/comments?post=15224"}],"wp:featuredmedia":[{"embeddable":true,"href":"https:\/\/www.hydraulic-cylinders.net\/lt\/wp-json\/wp\/v2\/media\/14787"}],"wp:attachment":[{"href":"https:\/\/www.hydraulic-cylinders.net\/lt\/wp-json\/wp\/v2\/media?parent=15224"}],"wp:term":[{"taxonomy":"product_brand","embeddable":true,"href":"https:\/\/www.hydraulic-cylinders.net\/lt\/wp-json\/wp\/v2\/product_brand?post=15224"},{"taxonomy":"product_cat","embeddable":true,"href":"https:\/\/www.hydraulic-cylinders.net\/lt\/wp-json\/wp\/v2\/product_cat?post=15224"},{"taxonomy":"product_tag","embeddable":true,"href":"https:\/\/www.hydraulic-cylinders.net\/lt\/wp-json\/wp\/v2\/product_tag?post=15224"}],"curies":[{"name":"wp","href":"https:\/\/api.w.org\/{rel}","templated":true}]}}