{"id":15227,"date":"2025-01-19T14:15:48","date_gmt":"2025-01-19T14:15:48","guid":{"rendered":"https:\/\/www.hydraulic-cylinders.net\/product\/bucket-cylinder-for-caterpillar-middle-excavator-e320d-gc\/"},"modified":"2025-01-19T14:15:56","modified_gmt":"2025-01-19T14:15:56","slug":"bucket-cylinder-for-caterpillar-middle-excavator-e320d-gc","status":"publish","type":"product","link":"https:\/\/www.hydraulic-cylinders.net\/lt\/produktas\/bucket-cylinder-for-caterpillar-middle-excavator-e320d-gc\/","title":{"rendered":"Kau\u0161o cilindras Caterpillar viduriniam ekskavatoriui E320D GC"},"content":{"rendered":"<p><!DOCTYPE html><br \/>\n<html><br \/>\n<head><br \/>\n<title>Kau\u0161o cilindras Caterpillar viduriniam ekskavatoriui E320D GC<\/title><br \/>\n<\/head><br \/>\n<body><\/p>\n<h1>Kau\u0161o cilindras Caterpillar viduriniam ekskavatoriui E320D GC<\/h1>\n<h2>\u012evadas<\/h2>\n<p>\u201eCaterpillar\u201c vidutinio profilio ekskavatoriaus E320D GC kau\u0161o cilindras yra specialiai sukurtas hidraulinis cilindras, naudojamas valdyti kau\u0161o jud\u0117jim\u0105 sunkiosiose ma\u0161inose, tokiose kaip ekskavatoriai, ekskavatoriniai krautuvai ir frontaliniai krautuvai. Pagrindin\u0117 jo funkcija \u2013 leisti kau\u0161ui pakilti, nuleisti ir pakreipti, taip palengvinant \u012fvairius med\u017eiag\u0173 tvarkymo darbus. Hidraulin\u0117je sistemoje kau\u0161o cilindras tiksliai valdo kau\u0161\u0105, naudodamas hidraulin\u0117s alyvos sl\u0117gio poky\u010dius, tod\u0117l operatoriai gali efektyviai valdyti sunkius krovinius ir prisitaikyti prie sud\u0117tingos darbo aplinkos bei \u012fvairi\u0173 eksploatavimo reikalavim\u0173.<\/p>\n<p><img decoding=\"async\" src=\"https:\/\/www.hydraulic-cylinders.net\/wp-content\/uploads\/2025\/01\/songte-company-2.webp\" alt=\"Kau\u0161o cilindro vaizdas\"><\/p>\n<h2>Savyb\u0117s<\/h2>\n<ul>\n<li>Didelis stiprumas ir ilgaam\u017ei\u0161kumas: Paprastai pagaminti i\u0161 didelio stiprumo plieno arba aliuminio, galintys atlaikyti auk\u0161t\u0105 sl\u0117g\u012f ir dideles apkrovas, pritaikyti at\u0161iaurioms darbo aplinkoms, suprojektuoti atsi\u017evelgiant \u012f atsparum\u0105 dilimui ir korozijai, prailginantys tarnavimo laik\u0105.<\/li>\n<li>Efektyvus hidraulinis veikimas: Naudoja hidraulin\u0117s alyvos sl\u0117g\u012f, kad b\u016bt\u0173 pasiekti skland\u016bs i\u0161pl\u0117timo ir atitraukimo judesiai, greitai reaguoja \u012f valdymo komandas, u\u017etikrina galingas st\u016bmimo ir traukimo j\u0117gas, tinkamas sunkiems kroviniams kelti ir sud\u0117tingoms eksploatavimo u\u017eduotims atlikti.<\/li>\n<li>\u012evair\u016bs tipai: Pagal poreikius galima rinktis vienpusio veikimo (hidraulinis mechanizmas naudojamas tik viena kryptimi) arba dvipusio veikimo (hidraulinis mechanizmas naudojamas abiem kryptimis) cilindrus. Kai kurie modeliai yra teleskopiniai, tod\u0117l galimas didesnis i\u0161pl\u0117timas nedidinant i\u0161orini\u0173 matmen\u0173, tod\u0117l tinka naudoti ribotoje erdv\u0117je.<\/li>\n<li>Puikus pakeitimas: m\u016bs\u0173 gaminys gali puikiai pakeisti \u0161iuos hidraulinius cilindrus.<\/li>\n<\/ul>\n<p><img decoding=\"async\" src=\"https:\/\/www.hydraulic-cylinders.net\/wp-content\/uploads\/2025\/01\/songte-cylinder-head-with-all-kinds-excavator-models.webp\" alt=\"Kau\u0161o cilindro pakeitimo paveiksl\u0117lis\"><\/p>\n<h2>Parai\u0161kos<\/h2>\n<p>Kau\u0161\u0173 cilindrai pla\u010diai naudojami \u012fvairioje \u012frangoje ir pramon\u0117s \u0161akose:<\/p>\n<ul>\n<li>Statybin\u0117 \u012franga: ji randama ekskavatoriuose ir yra labai svarbi kasant, kraunant ir perkeliant grunt\u0105 ar \u0161iuk\u0161les. Ekskavatoriuose kau\u0161o cilindrai padeda ir kasti, ir kelti.<\/li>\n<li>\u017dem\u0117s \u016bkio technika: naudojama priekiniuose krautuvuose dirvo\u017eemiui, \u0161ienui ir kitoms med\u017eiagoms kasti, kelti ir transportuoti.<\/li>\n<li>Ekskavatoriai: Kau\u0161o cilindrai leid\u017eia atlikti kasimo darbus, leisdami kau\u0161ui \u012fsiskverbti \u012f dirv\u0105.<\/li>\n<li>Krautuvai: Priekiniuose krautuvuose jie padeda kelti ir pakreipti prekes, kad b\u016bt\u0173 galima efektyviai i\u0161mesti prekes.<\/li>\n<\/ul>\n<h2>Projektavimo aspektai ir atrankos kriterijai<\/h2>\n<ul>\n<li>Keliamoji galia: Kau\u0161o cilindras yra suprojektuotas taip, kad atlaikyt\u0173 numatomas apkrovas ir j\u0117gas, su kuriomis susiduriama eksploatacijos metu.<\/li>\n<li>Sandarinimas: Siekiant u\u017etikrinti tinkam\u0105 hidraulinio skys\u010dio sulaikym\u0105 ir i\u0161vengti nuot\u0117kio, naudojami \u012fvair\u016bs sandarinimo komponentai, tokie kaip st\u016bmokli\u0173 ir stryp\u0173 sandarikliai.<\/li>\n<li>Patvarumas: Cilindras pagamintas i\u0161 med\u017eiag\u0173 ir dang\u0173, kurios padidina jo atsparum\u0105 dilimui ir korozijai, u\u017etikrindamos ilgesn\u012f tarnavimo laik\u0105.<\/li>\n<li>Sauga: Siekiant i\u0161vengti nelaiming\u0173 atsitikim\u0173, \u012frengtos tokios saugos funkcijos kaip sl\u0117gio ma\u017einimo vo\u017etuvai ir tinkamas montavimas.<\/li>\n<li>Prie\u017ei\u016bra: prieinami komponentai ir lengvas i\u0161ardymas palengvina prie\u017ei\u016br\u0105 ir remont\u0105.<\/li>\n<\/ul>\n<p><img decoding=\"async\" src=\"https:\/\/www.hydraulic-cylinders.net\/wp-content\/uploads\/2025\/01\/songte-oil-pipes-and-spare-parts.webp\" alt=\"Sandarinimo ir tepimo paveiksl\u0117lis\"><\/p>\n<h2>Sandarinimas ir tepimas<\/h2>\n<p>Kau\u0161o cilindre naudojami \u012fvair\u016bs sandarikliai, tokie kaip st\u016bmoklio ir koto sandarikliai, pagaminti i\u0161 atspari\u0173 dilimui med\u017eiag\u0173, toki\u0173 kaip poliuretanas ir nitrilo kau\u010diukas. Cilindro korpusas ir srieginiai pavir\u0161iai yra kruop\u0161\u010diai apdorojami, siekiant pagerinti atsparum\u0105 dilimui. Norint u\u017etikrinti skland\u0173 veikim\u0105, b\u016btina reguliariai tepti atitinkamu hidraulin\u0117s alyvos kiekiu.<\/p>\n<h2>Reguliarus patikrinimas ir prevencin\u0117 prie\u017ei\u016bra<\/h2>\n<ul>\n<li>Reguliariai tikrinkite cilindr\u0105, ar n\u0117ra susid\u0117v\u0117jimo, nuot\u0117kio ar pa\u017eeidim\u0173 po\u017eymi\u0173.<\/li>\n<li>U\u017etikrinkite tinkam\u0105 vis\u0173 judan\u010di\u0173 dali\u0173 sutepim\u0105.<\/li>\n<li>Kad i\u0161laikytum\u0117te optimal\u0173 na\u0161um\u0105, prireikus keiskite sandariklius ir kitus komponentus.<\/li>\n<\/ul>\n<h2>Diegimo vadovas<\/h2>\n<p>Tinkamas montavimas yra labai svarbus efektyviam kau\u0161o cilindro veikimui:<\/p>\n<ul>\n<li>Montuodami u\u017etikrinkite teising\u0105 cilindro sulygiavim\u0105.<\/li>\n<li>Cilindrui pritvirtinti naudokite tinkamus tvirtinimo laikiklius.<\/li>\n<\/ul>\n<p><img decoding=\"async\" src=\"https:\/\/www.hydraulic-cylinders.net\/wp-content\/uploads\/2025\/01\/songte-chushion-collar.webp\" alt=\"Diegimo vadovo paveiksl\u0117lis\"><\/p>\n<h2>Prie\u017ei\u016bros u\u017eduotys<\/h2>\n<ul>\n<li>Reguliar\u016bs patikrinimai<\/li>\n<li>Tinkamas tepimas<\/li>\n<li>Sandariklio keitimas<\/li>\n<li>Kalibravimo patikrinimai<\/li>\n<\/ul>\n<p>Tinkamas montavimas, tepimas ir reguliavimas yra b\u016btini. Pateikti nurodymus, kaip teisingai sulygiuoti cilindr\u0105 montavimo metu. Rekomenduoti naudoti tinkamus montavimo laikiklius cilindrui pritvirtinti. Rekomenduoti rekomenduojamas patikros, remonto ir keitimo proced\u016bras. Pateikti patarim\u0173, kaip prailginti kau\u0161o cilindro tarnavimo laik\u0105.<\/p>\n<p><img decoding=\"async\" src=\"https:\/\/www.hydraulic-cylinders.net\/wp-content\/uploads\/2025\/01\/songte-bushings-with-all-kinds-of-excavator-models.webp\" alt=\"Prie\u017ei\u016bros u\u017eduo\u010di\u0173 vaizdas\"><\/p>\n<h2>Saugos aspektai ir aplinkos veiksniai<\/h2>\n<p>Naudojant kau\u0161o cilindr\u0105, svarbu laikytis saugos priemoni\u0173, kad b\u016bt\u0173 i\u0161vengta su jo veikimu susijusi\u0173 nelaiming\u0173 atsitikim\u0173, ir atsi\u017evelgti \u012f aplinkos veiksnius, kad komponentai b\u016bt\u0173 tinkamai utilizuoti ir perdirbti.<\/p>\n<h2>Trik\u010di\u0173 \u0161alinimas ir da\u017eniausiai pasitaikan\u010dios problemos<\/h2>\n<p>Da\u017eniausios problemos, kurios gali kilti d\u0117l cilindro su siurbliu:<\/p>\n<ul>\n<li>Nuot\u0117kis<\/li>\n<li>L\u0117tas arba tr\u016bk\u010diojantis judesys<\/li>\n<li>Galios tr\u016bkumas<\/li>\n<\/ul>\n<p>Pateikti trik\u010di\u0173 \u0161alinimo patarimus ir sprendimus, padedan\u010dius skaitytojams efektyviai diagnozuoti ir i\u0161spr\u0119sti problemas. Si\u016blyti prevencines priemones, skirtas suma\u017einti galimas problemas.<\/p>\n<p><img decoding=\"async\" src=\"https:\/\/www.hydraulic-cylinders.net\/wp-content\/uploads\/2025\/01\/songte-company-1.webp\" alt=\"Vaizdo trik\u010di\u0173 \u0161alinimas\"><\/p>\n<h2>Apie m\u016bs\u0173 \u012fmon\u0119<\/h2>\n<p>Esame pirmaujanti pakaitini\u0173 hidraulini\u0173 cilindr\u0173 gamintoja ir didmenin\u0117 platintoja vidaus ir tarptautin\u0117se rinkose. M\u016bs\u0173 \u012fmon\u0117 si\u016blo plat\u0173 gamini\u0173 asortiment\u0105 ir yra \u012fsipareigojusi u\u017etikrinti nepriekai\u0161ting\u0105 kokyb\u0119. Tur\u0117dami pa\u017eangius gamybos \u012frenginius, kvalifikuotus technikus ir profesionalias bandym\u0173 sistemas, siekiame patenkinti \u012fvairius klient\u0173 poreikius, u\u017etikrindami auk\u0161t\u0105 efektyvum\u0105, tikslum\u0105 ir kokyb\u0119.<\/p>\n<p><img decoding=\"async\" src=\"https:\/\/www.hydraulic-cylinders.net\/wp-content\/uploads\/2025\/01\/songte-company-3.webp\" alt=\"\u012emon\u0117s \u012fvaizdis\"><\/p>\n<h3>\u012emon\u0117s akcentai:<\/h3>\n<ul>\n<li>Profesionalumas<\/li>\n<li>Tarptautiniai sertifikatai<\/li>\n<li>Pritaikymo paslaugos<\/li>\n<li>Pa\u017eangi gamybos \u012franga<\/li>\n<li>Aptarnavimas po pardavimo<\/li>\n<\/ul>\n<p><\/body><br \/>\n<\/html><br \/>\n<!-- Author: lyl --><\/p>","protected":false},"excerpt":{"rendered":"<p>Bucket Cylinder For Caterpillar Middle Excavator E320D GC Bucket Cylinder For Caterpillar Middle Excavator E320D GC Introduction The bucket cylinder for Caterpillar middle excavator E320D GC is a specially designed hydraulic cylinder used to control the movement of the bucket in heavy machinery such as excavators, backhoe loaders, and front-end loaders. Its main function is [&hellip;]<\/p>","protected":false},"featured_media":14782,"comment_status":"open","ping_status":"closed","template":"","meta":{"_et_pb_use_builder":"","_et_pb_old_content":"","_et_gb_content_width":""},"product_brand":[],"product_cat":[1494],"product_tag":[1495,1496],"class_list":{"0":"post-15227","1":"product","2":"type-product","3":"status-publish","4":"has-post-thumbnail","6":"product_cat-bucket-cylinders","7":"product_tag-bucket-cylinders","8":"product_tag-hydraulic-cylinders","10":"first","11":"instock","12":"shipping-taxable","13":"product-type-simple"},"amp_enabled":true,"_links":{"self":[{"href":"https:\/\/www.hydraulic-cylinders.net\/lt\/wp-json\/wp\/v2\/product\/15227","targetHints":{"allow":["GET"]}}],"collection":[{"href":"https:\/\/www.hydraulic-cylinders.net\/lt\/wp-json\/wp\/v2\/product"}],"about":[{"href":"https:\/\/www.hydraulic-cylinders.net\/lt\/wp-json\/wp\/v2\/types\/product"}],"replies":[{"embeddable":true,"href":"https:\/\/www.hydraulic-cylinders.net\/lt\/wp-json\/wp\/v2\/comments?post=15227"}],"wp:featuredmedia":[{"embeddable":true,"href":"https:\/\/www.hydraulic-cylinders.net\/lt\/wp-json\/wp\/v2\/media\/14782"}],"wp:attachment":[{"href":"https:\/\/www.hydraulic-cylinders.net\/lt\/wp-json\/wp\/v2\/media?parent=15227"}],"wp:term":[{"taxonomy":"product_brand","embeddable":true,"href":"https:\/\/www.hydraulic-cylinders.net\/lt\/wp-json\/wp\/v2\/product_brand?post=15227"},{"taxonomy":"product_cat","embeddable":true,"href":"https:\/\/www.hydraulic-cylinders.net\/lt\/wp-json\/wp\/v2\/product_cat?post=15227"},{"taxonomy":"product_tag","embeddable":true,"href":"https:\/\/www.hydraulic-cylinders.net\/lt\/wp-json\/wp\/v2\/product_tag?post=15227"}],"curies":[{"name":"wp","href":"https:\/\/api.w.org\/{rel}","templated":true}]}}