{"id":15231,"date":"2025-01-19T14:16:14","date_gmt":"2025-01-19T14:16:14","guid":{"rendered":"https:\/\/www.hydraulic-cylinders.net\/product\/bucket-cylinder-for-caterpillar-middle-excavator-e320c-320d\/"},"modified":"2025-01-19T14:16:16","modified_gmt":"2025-01-19T14:16:16","slug":"bucket-cylinder-for-caterpillar-middle-excavator-e320c-320d","status":"publish","type":"product","link":"https:\/\/www.hydraulic-cylinders.net\/lt\/produktas\/bucket-cylinder-for-caterpillar-middle-excavator-e320c-320d\/","title":{"rendered":"Kau\u0161o cilindras Caterpillar vidutinio dyd\u017eio ekskavatoriui E320C\/320D"},"content":{"rendered":"<h1>Kau\u0161o cilindras Caterpillar vidutinio dyd\u017eio ekskavatoriui E320C\/320D<\/h1>\n<h2>\u012evadas<\/h2>\n<h3>Apibr\u0117\u017eimas<\/h3>\n<p>Kau\u0161o cilindras yra specialiai suprojektuotas hidraulinis cilindras, daugiausia naudojamas kau\u0161o jud\u0117jimui valdyti sunkiosiose ma\u0161inose, tokiose kaip ekskavatoriai, ekskavatoriai ir frontaliniai krautuvai. Jo pagrindin\u0117 funkcija \u2013 leisti kau\u0161ui pakilti, nuleisti ir pakreipti, kad b\u016bt\u0173 lengviau atlikti \u012fvairias med\u017eiag\u0173 tvarkymo u\u017eduotis. Hidraulin\u0117je sistemoje kau\u0161o cilindras tiksliai valdo kau\u0161\u0105 keisdamas hidraulin\u0117s alyvos sl\u0117g\u012f, tod\u0117l operatorius gali efektyviai valdyti sunkius krovinius ir prisitaikyti prie sud\u0117tingos darbo aplinkos bei \u012fvairi\u0173 darbo reikalavim\u0173.<\/p>\n<p><img decoding=\"async\" src=\"https:\/\/www.hydraulic-cylinders.net\/wp-content\/uploads\/2025\/01\/songte-company-2.webp\"\/><\/p>\n<h3>Savyb\u0117s<\/h3>\n<ul>\n<li><strong>Didelis stiprumas ir ilgaam\u017ei\u0161kumas:<\/strong> Paprastai pagaminti i\u0161 didelio stiprumo plieno arba aliuminio, galintys atlaikyti auk\u0161t\u0105 sl\u0117g\u012f ir dideles apkrovas, pritaikyti at\u0161iaurioms darbo aplinkoms. Sukurti atsi\u017evelgiant \u012f atsparum\u0105 dilimui ir korozijai, kurie prailgina tarnavimo laik\u0105.<\/li>\n<li><strong>Efektyvus hidraulinis valdymas:<\/strong> Naudoja hidraulin\u0117s alyvos sl\u0117g\u012f, kad b\u016bt\u0173 u\u017etikrintas sklandus i\u0161pl\u0117timas ir \u012ftraukimas, gali greitai reaguoti \u012f valdymo komandas, u\u017etikrindamas galing\u0105 trauk\u0105 ir st\u016bmimo j\u0117g\u0105, tinka sunkiems kroviniams ir sud\u0117tingoms darbo u\u017eduotims atlikti.<\/li>\n<li><strong>Keli tipai:<\/strong> Priklausomai nuo skirting\u0173 eksploatacini\u0173 reikalavim\u0173, galima pasirinkti vienpusio veikimo (hidraulinis variklis naudojamas tik viena kryptimi) arba dvipusio veikimo (hidraulinis variklis naudojamas dviem kryptimis) cilindrus. Kai kurie modeliai yra teleskopiniai, tod\u0117l juos galima labiau i\u0161tiesti nedidinant i\u0161orini\u0173 matmen\u0173, tod\u0117l jie tinka naudoti ribotoje erdv\u0117je.<\/li>\n<li><strong>Platus taikymas:<\/strong> Kau\u0161\u0173 cilindrai pla\u010diai naudojami statybin\u0117je \u012frangoje, \u017eem\u0117s \u016bkio ma\u0161inoje, ekskavatoriuose ir krautuvuose, nes jie suteikia b\u016btin\u0105 atram\u0105 kasant, kraunant ir transportuojant dirvo\u017eem\u012f, \u0161ien\u0105 ir kitas med\u017eiagas.<\/li>\n<li><strong>Kei\u010diamas:<\/strong> M\u016bs\u0173 gaminiai gali puikiai pakeisti \u0161iuos hidraulinius cilindrus ir yra ekonomi\u0161ka pakeitimo alternatyva.<\/li>\n<\/ul>\n<p><img decoding=\"async\" src=\"https:\/\/www.hydraulic-cylinders.net\/wp-content\/uploads\/2025\/01\/songte-cylinder-head-with-all-kinds-excavator-models.webp\"\/><\/p>\n<h2>Parai\u0161kos<\/h2>\n<h3>Statybin\u0117 \u012franga<\/h3>\n<p>Ekskavatoriuose kau\u0161\u0173 cilindrai yra b\u016btini kasant, kraunant ir perkeliant grunt\u0105 ar \u0161iuk\u0161les. Ekskavatoriuose kau\u0161\u0173 cilindrai padeda ir kasti, ir kelti. Priekiniuose krautuvuose jie padeda efektyviai kelti ir pakreipti krovin\u012f.<\/p>\n<h3>\u017dem\u0117s \u016bkio technika<\/h3>\n<p>Naudojamas priekiniuose krautuvuose dirvo\u017eemiui, \u0161ienui ir kitoms med\u017eiagoms kasti, kelti ir transportuoti. Ekskavatoriuose kau\u0161o cilindras leid\u017eia kasti, leisdamas kau\u0161ui \u012fsiskverbti \u012f dirv\u0105. Tinka \u012fvairiems \u017eem\u0117s \u016bkio darbams.<\/p>\n<h3>Ekskavatoriai<\/h3>\n<p>Kau\u0161o cilindrai naudojami gruntui, \u017evyrui ir kitoms med\u017eiagoms kasti, krauti ir transportuoti. Kau\u0161o cilindras leid\u017eia kau\u0161ui \u012fsiskverbti \u012f grunt\u0105, tod\u0117l galima i\u0161kasti med\u017eiag\u0105.<\/p>\n<h3>Krautuvai<\/h3>\n<p>Priekiniuose krautuvuose jie padeda efektyviai pakelti ir pakreipti krovin\u012f. Tinka med\u017eiag\u0173 pakrovimui ir i\u0161krovimui \u012fvairiose pramon\u0117s \u0161akose.<\/p>\n<p><img decoding=\"async\" src=\"https:\/\/www.hydraulic-cylinders.net\/wp-content\/uploads\/2025\/01\/songte-bushings-with-all-kinds-of-excavator-models.webp\"\/><\/p>\n<h2>Projektavimo aspektai ir atrankos kriterijai<\/h2>\n<h3>Guoli\u0173 talpa<\/h3>\n<p>Hidraulinio cilindro laikomoji galia rei\u0161kia maksimali\u0105 apkrov\u0105, kuri\u0105 cilindras gali atlaikyti. J\u0105 lemia cilindro vidinis skersmuo, strypo skersmuo ir eigos ilgis. Hidraulinio cilindro konstrukcija turi u\u017etikrinti, kad jis atlaikyt\u0173 reikiam\u0105 apkrov\u0105.<\/p>\n<h3>Sandarinimas<\/h3>\n<p>Hidraulinio cilindro sandarinimo technologija lemia jo tarnavimo laik\u0105 ir patikimum\u0105. Auk\u0161tos kokyb\u0117s sandarinimo med\u017eiag\u0173, toki\u0173 kaip poliuretanas ir nitrilo kau\u010diukas, naudojimas gali efektyviai suma\u017einti susid\u0117v\u0117jim\u0105 ir pailginti cilindro tarnavimo laik\u0105.<\/p>\n<h3>Patvarumas<\/h3>\n<p>Hidraulinio cilindro patvarumas susij\u0119s su jo konstrukcijoje naudojamomis med\u017eiagomis ir pavir\u0161iaus apdorojimu. Cilindro korpusas ir st\u016bmoklio kotas paprastai gaminami i\u0161 auk\u0161tos kokyb\u0117s plieno, o pavir\u0161iaus apdorojimas gali pagerinti atsparum\u0105 dilimui ir korozijai.<\/p>\n<h3>Saugumas<\/h3>\n<p>Hidrauliniai cilindrai turi b\u016bti suprojektuoti atsi\u017evelgiant \u012f saugum\u0105, kad b\u016bt\u0173 i\u0161vengta nelaiming\u0173 atsitikim\u0173 d\u0117l cilindro gedimo. Hidraulin\u0117 sistema turi b\u016bti suprojektuota taip, kad i\u0161leist\u0173 per didel\u012f sl\u0117g\u012f, o hidraulinio cilindro konstrukcija tur\u0117t\u0173 tur\u0117ti saugos koeficient\u0105, kad atlaikyt\u0173 galim\u0105 perkrov\u0105.<\/p>\n<h3>Prie\u017ei\u016bra<\/h3>\n<p>Hidraulin\u012f cilindr\u0105 reikia reguliariai pri\u017ei\u016br\u0117ti, kad jis tinkamai veikt\u0173. Reguliarus patikrinimas, tinkamas tepimas, sandarikli\u0173 keitimas ir kalibravimo patikrinimai yra b\u016btini norint u\u017etikrinti cilindro ilgaam\u017ei\u0161kum\u0105.<\/p>\n<p><img decoding=\"async\" src=\"https:\/\/hydraulic-cylinders.net\/wp-content\/uploads\/2024\/11\/songte-oil-pipes-and-spare-parts.webp\"\/><\/p>\n<h2>Montavimas ir prie\u017ei\u016bra<\/h2>\n<h3>\u012erengimas<\/h3>\n<p>Tinkamam hidraulini\u0173 cilindr\u0173 veikimui b\u016btinas teisingas montavimas. Hidraulinis cilindras turi b\u016bti tinkamai sulygiuotas, o cilindrui pritvirtinti reikia naudoti atitinkamus montavimo laikiklius. Tinkam\u0105 sulygiavim\u0105 galima atlikti naudojant guls\u010diuk\u0105 arba svambel\u012f. <\/p>\n<h3>Prie\u017ei\u016bra<\/h3>\n<p>Reguliarus hidraulinio cilindro patikrinimas, tinkamas tepimas ir sandarikli\u0173 keitimas yra b\u016btini norint i\u0161laikyti jo ilgaam\u017ei\u0161kum\u0105. Tinkama prie\u017ei\u016bra gali pad\u0117ti i\u0161vengti gedim\u0173 ir pailginti cilindro tarnavimo laik\u0105.<\/p>\n<h3>Profilaktin\u0117 prie\u017ei\u016bra<\/h3>\n<ul>\n<li><strong>Reguliarus patikrinimas:<\/strong> Patikrinkite, ar n\u0117ra cilindro ir jo komponent\u0173 susid\u0117v\u0117jimo ar pa\u017eeidimo po\u017eymi\u0173.<\/li>\n<li><strong>Tinkamas tepimas:<\/strong> Norint u\u017etikrinti tinkam\u0105 cilindro veikim\u0105, reguliariai sutepkite judan\u010dias dalis rekomenduojama hidrauline alyva.<\/li>\n<li><strong>Sandariklio keitimas:<\/strong> Nor\u0117dami i\u0161vengti nuot\u0117ki\u0173 ir u\u017etikrinti patikimum\u0105, keiskite sandariklius pagal gamintojo rekomendacijas.<\/li>\n<\/ul>\n<p><img decoding=\"async\" src=\"https:\/\/www.hydraulic-cylinders.net\/wp-content\/uploads\/2025\/01\/songte-chushion-collar.webp\"\/><\/p>\n<h2>Saugos ir aplinkosaugos aspektai<\/h2>\n<p>Dirbant su hidrauliniais cilindrais, b\u016btina laikytis tinkam\u0173 saugos priemoni\u0173. Siekiant i\u0161vengti nelaiming\u0173 atsitikim\u0173, b\u016btina laikytis tinkam\u0173 cilindro tvarkymo, montavimo ir prie\u017ei\u016bros proced\u016br\u0173. Tinkamas hidraulin\u0117s alyvos ir kit\u0173 hidraulini\u0173 cilindr\u0173 komponent\u0173 tvarkymas ir \u0161alinimas taip pat yra labai svarbus aplinkosaugos po\u017ei\u016briu.<\/p>\n<h2>Gedim\u0173 diagnostika ir trik\u010di\u0173 \u0161alinimas<\/h2>\n<p>Kai sugenda hidraulinis cilindras, svarbu teisingai diagnozuoti problem\u0105 ir imtis atitinkam\u0173 veiksm\u0173. Da\u017enos problemos yra nuot\u0117kiai, cilindro korpuso ar koto pa\u017eeidimai ir valdymo vo\u017etuvo gedimas. Tinkama diagnoz\u0117 gali pad\u0117ti nustatyti problemos prie\u017east\u012f ir tinkam\u0105 sprendim\u0105.<\/p>\n<h2>\u012emon\u0117s pristatymas<\/h2>\n<p>Esame pakaitini\u0173 hidraulini\u0173 cilindr\u0173 gamintojas. Tur\u0117dami plat\u0173 gamini\u0173 asortiment\u0105, tapome vienu i\u0161 pirmaujan\u010di\u0173 hidraulini\u0173 cilindr\u0173 gamintoj\u0173 ir didmenini\u0173 platintoj\u0173 vidaus ir tarptautin\u0117se rinkose. Vadovaujam\u0117s puikios kokyb\u0117s principu ir remiam\u0117s savo puiki\u0173 gamybos dirbtuvi\u0173 industrializuota gamybos valdymo strategija. Nuolat tobuliname dirbtuvi\u0173 gamybos platform\u0105, tobuliname gamini\u0173 kokyb\u0117s gamybos proces\u0105 ir turime stipri\u0173 k\u016brybini\u0173 geb\u0117jim\u0173, taikydami didelio efektyvumo, didelio tikslumo ir auk\u0161tos kokyb\u0117s principus, kad patenkintume \u012fvairius m\u016bs\u0173 klient\u0173 poreikius. <\/p>\n<h3>Profesionalumas<\/h3>\n<p>M\u016bs\u0173 \u012fmon\u0117 turi profesionali\u0105 tyrim\u0173 ir pl\u0117tros komand\u0105 bei pa\u017eangi\u0105 gamybos \u012frang\u0105, kad u\u017etikrint\u0173 m\u016bs\u0173 gamini\u0173 kokyb\u0119 ir patenkint\u0173 klient\u0173 poreikius.<\/p>\n<h3>Tarptautinis sertifikavimas<\/h3>\n<p>M\u016bs\u0173 gaminiai yra sertifikuoti pagal tarptautinius kokyb\u0117s standartus, tokius kaip ISO9001, CE ir ROHS, o tai u\u017etikrina, kad jie atitinka tarptautinius standartus ir yra puikios kokyb\u0117s.<\/p>\n<h3>Pritaikymo paslaugos<\/h3>\n<p>Teikiame individualiai pritaikytas hidraulini\u0173 cilindr\u0173 paslaugas, kad patenkintume konkre\u010dius klient\u0173 poreikius. Galime suprojektuoti ir pagaminti hidraulinius cilindrus, kurie atitinka konkre\u010dius m\u016bs\u0173 klient\u0173 reikalavimus.<\/p>\n<h3>Gamybos \u012franga<\/h3>\n<p>M\u016bs\u0173 \u012fmon\u0117 turi pa\u017eangi\u0105 gamybos \u012frang\u0105, toki\u0105 kaip CNC tekinimo stakl\u0117s, CNC \u0161lifavimo stakl\u0117s ir CNC frezavimo stakl\u0117s, kurios u\u017etikrina m\u016bs\u0173 gamini\u0173 tikslum\u0105 ir kokyb\u0119.<\/p>\n<h3>Aptarnavimas po pardavimo<\/h3>\n<p>Teikiame garantinio aptarnavimo paslaugas, tokias kaip detali\u0173 keitimas ir remontas, kad pad\u0117tume klientams efektyviai ir veiksmingai pri\u017ei\u016br\u0117ti ir remontuoti hidraulinius cilindrus.<\/p>\n<p><img decoding=\"async\" src=\"https:\/\/www.hydraulic-cylinders.net\/wp-content\/uploads\/2025\/01\/songte-company-3.webp\"\/><\/p>\n<p>Autorius: lyl<\/p>","protected":false},"excerpt":{"rendered":"<p>Bucket Cylinder For Caterpillar Middle Excavator E320C\/320D Introduction Definition A bucket cylinder is a specially designed hydraulic cylinder primarily used to control the movement of the bucket in heavy machinery such as excavators, backhoes, and front loaders. Its main function is to enable the bucket to lift, lower, and tilt, making it easier to handle [&hellip;]<\/p>","protected":false},"featured_media":14773,"comment_status":"open","ping_status":"closed","template":"","meta":{"_et_pb_use_builder":"","_et_pb_old_content":"","_et_gb_content_width":""},"product_brand":[],"product_cat":[1494],"product_tag":[1495,1496],"class_list":{"0":"post-15231","1":"product","2":"type-product","3":"status-publish","4":"has-post-thumbnail","6":"product_cat-bucket-cylinders","7":"product_tag-bucket-cylinders","8":"product_tag-hydraulic-cylinders","10":"first","11":"instock","12":"shipping-taxable","13":"product-type-simple"},"amp_enabled":true,"_links":{"self":[{"href":"https:\/\/www.hydraulic-cylinders.net\/lt\/wp-json\/wp\/v2\/product\/15231","targetHints":{"allow":["GET"]}}],"collection":[{"href":"https:\/\/www.hydraulic-cylinders.net\/lt\/wp-json\/wp\/v2\/product"}],"about":[{"href":"https:\/\/www.hydraulic-cylinders.net\/lt\/wp-json\/wp\/v2\/types\/product"}],"replies":[{"embeddable":true,"href":"https:\/\/www.hydraulic-cylinders.net\/lt\/wp-json\/wp\/v2\/comments?post=15231"}],"wp:featuredmedia":[{"embeddable":true,"href":"https:\/\/www.hydraulic-cylinders.net\/lt\/wp-json\/wp\/v2\/media\/14773"}],"wp:attachment":[{"href":"https:\/\/www.hydraulic-cylinders.net\/lt\/wp-json\/wp\/v2\/media?parent=15231"}],"wp:term":[{"taxonomy":"product_brand","embeddable":true,"href":"https:\/\/www.hydraulic-cylinders.net\/lt\/wp-json\/wp\/v2\/product_brand?post=15231"},{"taxonomy":"product_cat","embeddable":true,"href":"https:\/\/www.hydraulic-cylinders.net\/lt\/wp-json\/wp\/v2\/product_cat?post=15231"},{"taxonomy":"product_tag","embeddable":true,"href":"https:\/\/www.hydraulic-cylinders.net\/lt\/wp-json\/wp\/v2\/product_tag?post=15231"}],"curies":[{"name":"wp","href":"https:\/\/api.w.org\/{rel}","templated":true}]}}