{"id":15237,"date":"2025-01-19T14:16:38","date_gmt":"2025-01-19T14:16:38","guid":{"rendered":"https:\/\/www.hydraulic-cylinders.net\/product\/bucket-cylinder-for-caterpillar-middle-excavator-e320d-rr\/"},"modified":"2025-01-19T14:16:40","modified_gmt":"2025-01-19T14:16:40","slug":"bucket-cylinder-for-caterpillar-middle-excavator-e320d-rr","status":"publish","type":"product","link":"https:\/\/www.hydraulic-cylinders.net\/lt\/produktas\/bucket-cylinder-for-caterpillar-middle-excavator-e320d-rr\/","title":{"rendered":"Kau\u0161o cilindras Caterpillar viduriniam ekskavatoriui E320D RR"},"content":{"rendered":"<h1>Kau\u0161o cilindras Caterpillar viduriniam ekskavatoriui E320D RR<\/h1>\n<p>\u201eCaterpillar\u201c vidutinio profilio ekskavatoriaus E320D RR kau\u0161o cilindras yra specializuotas hidraulinis cilindras, skirtas valdyti kau\u0161o jud\u0117jim\u0105 sunkiosiose ma\u0161inose, tokiose kaip ekskavatoriai, ekskavatoriniai ekskavatoriai ir frontaliniai krautuvai. Jo pagrindin\u0117 funkcija \u2013 leisti pakelti, nuleisti ir pakreipti kau\u0161\u0105, tod\u0117l jis tinka \u012fvairioms med\u017eiag\u0173 tvarkymo u\u017eduotims. Hidraulin\u0117je sistemoje kau\u0161o cilindras tiksliai valdo kau\u0161\u0105, naudodamas hidraulin\u0117s alyvos sl\u0117gio poky\u010dius, tod\u0117l operatoriai gali efektyviai valdyti sunkius krovinius ir prisitaikyti prie sud\u0117tingos darbo aplinkos bei \u012fvairi\u0173 darbo reikalavim\u0173.<\/p>\n<p><img decoding=\"async\" src=\"https:\/\/www.hydraulic-cylinders.net\/wp-content\/uploads\/2025\/01\/songte-company-2.webp\" alt=\"Kau\u0161o cilindro vaizdas\"><\/p>\n<h2>\u201eCaterpillar Middle Excavator E320D RR\u201c kau\u0161o cilindro savyb\u0117s:<\/h2>\n<ol>\n<li>Didelis tvirtumas ir ilgaam\u017ei\u0161kumas: Paprastai pagamintas i\u0161 didelio stiprumo plieno arba aliuminio, jis gali atlaikyti didel\u012f sl\u0117g\u012f ir dideles apkrovas, prisitaikydamas prie at\u0161iauri\u0173 darbo s\u0105lyg\u0173. Projektuojant atsi\u017evelgiama \u012f atsparum\u0105 dilimui ir korozijai, taip pailginant jo tarnavimo laik\u0105.<\/li>\n<li>Efektyvus hidraulinis veikimas: Naudodamas hidraulin\u0117s alyvos sl\u0117g\u012f, jis u\u017etikrina skland\u017eius i\u0161pl\u0117timo ir atitraukimo judesius, greitai reaguodamas \u012f valdymo komandas ir u\u017etikrindamas galingas st\u016bmimo bei traukimo j\u0117gas, tinkamas sunkiems kroviniams ir sud\u0117tingoms u\u017eduotims valdyti.<\/li>\n<li>Universal\u016bs tipai: Cilindr\u0105 galima pasirinkti kaip vienpusio veikimo (hidraulinis sl\u0117gis naudojamas tik viena kryptimi) arba dvipusio veikimo (hidraulinis sl\u0117gis naudojamas abiem kryptimis), atsi\u017evelgiant \u012f poreikius, o kai kurie modeliai yra teleskopiniai, leid\u017eiantys didesn\u012f i\u0161pl\u0117tim\u0105 nedidinant i\u0161orini\u0173 matmen\u0173, tinka naudoti ribotoje erdv\u0117je.<\/li>\n<li>Puikus pakeitimas: m\u016bs\u0173 gaminys gali puikiai pakeisti \u012fvairius hidraulinius cilindrus. <\/li>\n<\/ol>\n<p><img decoding=\"async\" src=\"https:\/\/www.hydraulic-cylinders.net\/wp-content\/uploads\/2025\/01\/songte-cylinder-head-with-all-kinds-excavator-models.webp\" alt=\"Kau\u0161o cilindro pakeitimo paveiksl\u0117lis\"><\/p>\n<h2>Kau\u0161o cilindro pritaikymas Caterpillar Middle Excavator E320D RR:<\/h2>\n<ul>\n<li>Statybin\u0117 \u012franga: ji randama ekskavatoriuose ir yra labai svarbi kasant, kraunant ir perkeliant grunt\u0105 ar \u0161iuk\u0161les. Ekskavatoriuose kau\u0161o cilindras padeda tiek kasant, tiek keliant.<\/li>\n<li>\u017dem\u0117s \u016bkio technika: naudojama frontaliniuose krautuvuose dirvo\u017eemiui, \u0161ienui ir kitoms med\u017eiagoms kasti, kelti ir transportuoti.<\/li>\n<li>Ekskavatoriai: Kau\u0161o cilindras leid\u017eia atlikti kasimo veiksmus, leisdamas kau\u0161ui \u012fsiskverbti \u012f dirv\u0105.<\/li>\n<li>Krautuvai: Priekiniuose krautuvuose jie padeda efektyviai pakelti ir i\u0161mesti prekes.<\/li>\n<\/ul>\n<h2>Projektavimo aspektai ir atrankos kriterijai:<\/h2>\n<p>Projektuojant \u201eCaterpillar Middle Excavator E320D RR\u201c kau\u0161o cilindr\u0105, reikia atsi\u017evelgti \u012f kelis veiksnius:<\/p>\n<ul>\n<li>Guoli\u0173 talpa: Cilindras turi atlaikyti numatyt\u0105 apkrov\u0105 be gedim\u0173.<\/li>\n<li>Sandarinimas: Naudojami \u012fvair\u016bs sandarinimo komponentai, tokie kaip st\u016bmokli\u0173 ir kot\u0173 sandarikliai, i\u0161 dilimui atspari\u0173 med\u017eiag\u0173, toki\u0173 kaip poliuretanas ir nitrilo kau\u010diukas. Cilindro korpusas ir srieginiai pavir\u0161iai yra kruop\u0161\u010diai apdorojami, siekiant padidinti atsparum\u0105 dilimui.<\/li>\n<li>Patvarumas: konstrukcija tur\u0117t\u0173 u\u017etikrinti ilgalaik\u012f veikim\u0105 ir atsparum\u0105 dilimui.<\/li>\n<li>Saugumas: tur\u0117t\u0173 b\u016bti \u012fdiegtos saugos priemon\u0117s, kad b\u016bt\u0173 i\u0161vengta nelaiming\u0173 atsitikim\u0173 eksploatacijos metu.<\/li>\n<li>Prie\u017ei\u016bra: Cilindras turi b\u016bti suprojektuotas taip, kad j\u012f b\u016bt\u0173 lengva pri\u017ei\u016br\u0117ti ir remontuoti.<\/li>\n<\/ul>\n<p><img decoding=\"async\" src=\"https:\/\/www.hydraulic-cylinders.net\/wp-content\/uploads\/2025\/01\/songte-oil-pipes-and-spare-parts.webp\" alt=\"Hidraulinio cilindro komponent\u0173 vaizdas\"><\/p>\n<h2>Kau\u0161o cilindro sandarinimas ir tepimas:<\/h2>\n<p>\u201eCaterpillar\u201c vidutinio dyd\u017eio ekskavatoriaus E320D RR kau\u0161o cilindre naudojami \u012fvair\u016bs sandarinimo komponentai, \u012fskaitant st\u016bmokli\u0173 ir stryp\u0173 sandariklius. \u0160ie komponentai pagaminti i\u0161 atspari\u0173 dilimui med\u017eiag\u0173, toki\u0173 kaip poliuretanas ir nitrilo kau\u010diukas. Cilindro korpusas ir srieginiai galiniai pavir\u0161iai yra kruop\u0161\u010diai apdorojami, siekiant pagerinti atsparum\u0105 dilimui. Norint u\u017etikrinti skland\u0173 veikim\u0105 ir ilgaam\u017ei\u0161kum\u0105, reikia reguliariai tepti tinkama hidrauline alyva.<\/p>\n<h2>Reguliarios patikros ir prevencin\u0117s prie\u017ei\u016bros priemon\u0117s:<\/h2>\n<ul>\n<li>Reguliariai tikrinkite cilindr\u0105, ar n\u0117ra susid\u0117v\u0117jimo, pa\u017eeidim\u0173 ar nuot\u0117kio po\u017eymi\u0173.<\/li>\n<li>U\u017etikrinkite tinkam\u0105 cilindro komponent\u0173 sutepim\u0105.<\/li>\n<li>Nor\u0117dami i\u0161laikyti optimal\u0173 na\u0161um\u0105, pakeiskite sandariklius ir kitas susid\u0117v\u0117jusias dalis.<\/li>\n<\/ul>\n<h2>Tinkamas kau\u0161o cilindro montavimo vadovas:<\/h2>\n<p>Nor\u0117dami teisingai sumontuoti \u201eCaterpillar\u201c vidutinio profilio ekskavatoriaus E320D RR kau\u0161o cilindr\u0105, atlikite \u0161iuos veiksmus:<\/p>\n<ol>\n<li>Montavimo metu tinkamai sulygiuokite cilindr\u0105.<\/li>\n<li>Cilindrui pritvirtinti naudokite tinkamus tvirtinimo laikiklius.<\/li>\n<li>Laikykit\u0117s rekomenduojam\u0173 patikrinimo, remonto ir keitimo proced\u016br\u0173.<\/li>\n<li>Nor\u0117dami prailginti cilindro tarnavimo laik\u0105, naudokite remonto paslaugas ir pakaitines dalis.<\/li>\n<\/ol>\n<p><img decoding=\"async\" src=\"https:\/\/www.hydraulic-cylinders.net\/wp-content\/uploads\/2025\/01\/songte-chushion-collar.webp\" alt=\"Cilindro montavimo vaizdas\"><\/p>\n<h2>Saugos aspektai ir aplinkos veiksniai:<\/h2>\n<p>Naudojant kau\u0161o cilindr\u0105 \u201eCaterpillar\u201c vidutinio profilio ekskavatoriui E320D RR, labai svarbu teikti pirmenyb\u0119 saugos priemon\u0117ms, kad b\u016bt\u0173 i\u0161vengta nelaiming\u0173 atsitikim\u0173 ir suma\u017eintas poveikis aplinkai. Saugos atsargumo priemoni\u0173 reikia laikytis visada, atliekant eksploatavim\u0105 ir technin\u0119 prie\u017ei\u016br\u0105.<\/p>\n<h2>Gedim\u0173 diagnostika ir da\u017eniausios problemos:<\/h2>\n<p>Jei kyla problem\u0173 d\u0117l \u201eCaterpillar Middle Excavator E320D RR\u201c kau\u0161o cilindro, atsi\u017evelkite \u012f \u0161ias galimas prie\u017eastis:<\/p>\n<ul>\n<li>Hidraulin\u0117s alyvos nuot\u0117kis<\/li>\n<li>Nenuosekl\u016bs tiesimo ir atitraukimo judesiai<\/li>\n<li>Ne\u012fprasti garsai veikimo metu<\/li>\n<\/ul>\n<p>Nor\u0117dami efektyviai pa\u0161alinti \u0161ias problemas ir jas i\u0161spr\u0119sti, atsi\u017evelkite \u012f \u0161iuos patarimus ir sprendimus:<\/p>\n<ul>\n<li>Patikrinkite ir suremontuokite visus pa\u017eeistus ar susid\u0117v\u0117jusius sandariklius.<\/li>\n<li>U\u017etikrinkite tinkam\u0105 vis\u0173 judan\u010di\u0173 dali\u0173 sutepim\u0105.<\/li>\n<li>\u012egyvendinkite prevencines priemones, kad suma\u017eintum\u0117te galimas problemas.<\/li>\n<\/ul>\n<p><img decoding=\"async\" src=\"https:\/\/www.hydraulic-cylinders.net\/wp-content\/uploads\/2025\/01\/songte-bushings-with-all-kinds-of-excavator-models.webp\" alt=\"Hidraulini\u0173 cilindr\u0173 \u012fvori\u0173 vaizdas\"><\/p>\n<p>Nepamir\u0161kite straipsn\u012f strukt\u016brizuoti logi\u0161kai, naudoti paantra\u0161tes lengvam nar\u0161ymui, \u012ftraukti atitinkam\u0173 vaizd\u0173 ar diagram\u0173, kad b\u016bt\u0173 lengviau suprasti, ir u\u017etikrinti ai\u0161kum\u0105, glaustum\u0105 bei tinkamum\u0105 skaitytojams, turintiems skirting\u0105 technini\u0173 \u017eini\u0173 lyg\u012f.<\/p>\n<h2>Apie m\u016bs\u0173 \u012fmon\u0119:<\/h2>\n<p>Esame pakaitini\u0173 hidraulini\u0173 cilindr\u0173 gamintojas, si\u016blantis plat\u0173 gamini\u0173 asortiment\u0105. B\u016bdami vieni i\u0161 pirmaujan\u010di\u0173 hidraulini\u0173 cilindr\u0173 gamintoj\u0173 ir didmenini\u0173 platintoj\u0173 vidaus ir tarptautin\u0117se rinkose, laikom\u0117s puikios kokyb\u0117s princip\u0173. Taikydama industrializuot\u0105 gamybos valdymo strategij\u0105, pagr\u012fst\u0105 patobulintomis gamybos dirbtuv\u0117mis, m\u016bs\u0173 \u012fmon\u0117 nuolat tobulina gamybos platform\u0105, tobulina gamini\u0173 kokyb\u0117s gamybos proces\u0105 ir turi didelius gamybos paj\u0117gumus. Siekiame patenkinti \u012fvairius klient\u0173 poreikius, u\u017etikrindami auk\u0161t\u0105 efektyvum\u0105, tikslum\u0105 ir kokyb\u0119.<\/p>\n<p><img decoding=\"async\" src=\"https:\/\/www.hydraulic-cylinders.net\/wp-content\/uploads\/2025\/01\/songte-company-3.webp\" alt=\"\u012emon\u0117s \u012fvaizdis\"><\/p>\n<h3>Kod\u0117l verta rinktis m\u016bs\u0173 \u012fmon\u0119:<\/h3>\n<ul>\n<li>Profesionalumas: Turime kvalifikuot\u0173 specialist\u0173 komand\u0105, skirt\u0105 auk\u0161tos kokyb\u0117s hidraulini\u0173 cilindr\u0173 tiekimui.<\/li>\n<li>Tarptautiniai sertifikatai: M\u016bs\u0173 gaminiai atitinka tarptautinius kokyb\u0117s standartus ir sertifikatus.<\/li>\n<li>Individualaus pritaikymo paslaugos: Si\u016blome individualius sprendimus, pritaikytus konkretiems poreikiams.<\/li>\n<li>Moderniausia gamybos \u012franga: Naudojame pa\u017eangi\u0105 gamybos \u012frang\u0105, kad u\u017etikrintume tikslum\u0105 ir kokyb\u0119.<\/li>\n<li>Aptarnavimas po pardavimo: teikiame i\u0161sami\u0105 garantinio aptarnavimo paslaug\u0105, kad u\u017etikrintume klient\u0173 pasitenkinim\u0105.<\/li>\n<\/ul>\n<p>Autorius: lyl<\/p>\n<p><img decoding=\"async\" src=\"https:\/\/hzpt.com\/wp-content\/uploads\/2024\/11\/songte-company-1.webp\" alt=\"\u012emon\u0117s \u012fvaizdis\"><\/p>","protected":false},"excerpt":{"rendered":"<p>Bucket Cylinder For Caterpillar Middle Excavator E320D RR Bucket Cylinder for Caterpillar Middle Excavator E320D RR is a specialized hydraulic cylinder designed to control the movement of the bucket in heavy machinery such as excavators, backhoe excavators, and front loaders. Its main function is to enable the lifting, lowering, and tilting of the bucket, making [&hellip;]<\/p>","protected":false},"featured_media":14789,"comment_status":"open","ping_status":"closed","template":"","meta":{"_et_pb_use_builder":"","_et_pb_old_content":"","_et_gb_content_width":""},"product_brand":[],"product_cat":[1494],"product_tag":[1495,1496],"class_list":{"0":"post-15237","1":"product","2":"type-product","3":"status-publish","4":"has-post-thumbnail","6":"product_cat-bucket-cylinders","7":"product_tag-bucket-cylinders","8":"product_tag-hydraulic-cylinders","10":"first","11":"instock","12":"shipping-taxable","13":"product-type-simple"},"amp_enabled":true,"_links":{"self":[{"href":"https:\/\/www.hydraulic-cylinders.net\/lt\/wp-json\/wp\/v2\/product\/15237","targetHints":{"allow":["GET"]}}],"collection":[{"href":"https:\/\/www.hydraulic-cylinders.net\/lt\/wp-json\/wp\/v2\/product"}],"about":[{"href":"https:\/\/www.hydraulic-cylinders.net\/lt\/wp-json\/wp\/v2\/types\/product"}],"replies":[{"embeddable":true,"href":"https:\/\/www.hydraulic-cylinders.net\/lt\/wp-json\/wp\/v2\/comments?post=15237"}],"wp:featuredmedia":[{"embeddable":true,"href":"https:\/\/www.hydraulic-cylinders.net\/lt\/wp-json\/wp\/v2\/media\/14789"}],"wp:attachment":[{"href":"https:\/\/www.hydraulic-cylinders.net\/lt\/wp-json\/wp\/v2\/media?parent=15237"}],"wp:term":[{"taxonomy":"product_brand","embeddable":true,"href":"https:\/\/www.hydraulic-cylinders.net\/lt\/wp-json\/wp\/v2\/product_brand?post=15237"},{"taxonomy":"product_cat","embeddable":true,"href":"https:\/\/www.hydraulic-cylinders.net\/lt\/wp-json\/wp\/v2\/product_cat?post=15237"},{"taxonomy":"product_tag","embeddable":true,"href":"https:\/\/www.hydraulic-cylinders.net\/lt\/wp-json\/wp\/v2\/product_tag?post=15237"}],"curies":[{"name":"wp","href":"https:\/\/api.w.org\/{rel}","templated":true}]}}