{"id":15238,"date":"2025-01-19T14:16:42","date_gmt":"2025-01-19T14:16:42","guid":{"rendered":"https:\/\/www.hydraulic-cylinders.net\/product\/bucket-cylinder-for-caterpillar-middle-excavator-e323dl-323d2l\/"},"modified":"2025-01-19T14:16:44","modified_gmt":"2025-01-19T14:16:44","slug":"bucket-cylinder-for-caterpillar-middle-excavator-e323dl-323d2l","status":"publish","type":"product","link":"https:\/\/www.hydraulic-cylinders.net\/lt\/produktas\/bucket-cylinder-for-caterpillar-middle-excavator-e323dl-323d2l\/","title":{"rendered":"Kau\u0161o cilindras Caterpillar viduriniam ekskavatoriui E323DL\/323D2L"},"content":{"rendered":"<h1>Kau\u0161o cilindras Caterpillar viduriniam ekskavatoriui E323DL\/323D2L<\/h1>\n<h2>\u012evadas<\/h2>\n<p>Kau\u0161o cilindras yra specialiai suprojektuotas hidraulinis cilindras, daugiausia naudojamas kau\u0161\u0173 jud\u0117jimui valdyti sunkiosiose ma\u0161inose, tokiose kaip ekskavatoriai, ekskavatoriai ir krautuvai. Pagrindin\u0117 jo funkcija \u2013 leisti kau\u0161ui pakilti, nuleisti ir pakreipti, kad b\u016bt\u0173 lengviau atlikti \u012fvairias med\u017eiag\u0173 tvarkymo u\u017eduotis. Hidraulin\u0117je sistemoje kau\u0161o cilindras tiksliai valdo kau\u0161\u0105 keisdamas hidraulin\u0117s alyvos sl\u0117g\u012f, tod\u0117l operatoriai gali efektyviai valdyti sunkius krovinius ir prisitaikyti prie sud\u0117tingos darbo aplinkos bei \u012fvairi\u0173 eksploatacini\u0173 poreiki\u0173.<\/p>\n<p><img decoding=\"async\" src=\"https:\/\/www.hydraulic-cylinders.net\/wp-content\/uploads\/2025\/01\/songte-company-2.webp\"><\/p>\n<h2>Savyb\u0117s<\/h2>\n<ul>\n<li>Didelis stiprumas ir ilgaam\u017ei\u0161kumas: Paprastai gaminami i\u0161 didelio stiprumo plieno arba aliuminio, kurie gali atlaikyti auk\u0161t\u0105 sl\u0117g\u012f ir dideles apkrovas, tinkami at\u0161iaurioms darbo aplinkoms. Projektuojant atsi\u017evelgiama \u012f atsparum\u0105 dilimui ir korozijai, kurie prailgina tarnavimo laik\u0105.<\/li>\n<li>Efektyvus hidraulinis veikimas: Skland\u016bs i\u0161pl\u0117timo ir susitraukimo veiksmai pasiekiami naudojant hidraulin\u0117s alyvos sl\u0117g\u012f, kuris greitai reaguoja \u012f valdymo komandas ir u\u017etikrina galingas st\u016bmimo bei traukimo j\u0117gas, tinkamas sunkiems kroviniams ir sud\u0117tingoms u\u017eduotims atlikti.<\/li>\n<li>\u012evair\u016bs tipai: pagal eksploatacinius reikalavimus galima pasirinkti vienpusio veikimo (hidraulika naudojama tik viena kryptimi) arba dvipusio veikimo (hidraulika naudojama abiem kryptimis) cilindrus, o kai kurie modeliai yra teleskopiniai, leid\u017eiantys didesn\u012f i\u0161pl\u0117tim\u0105 nedidinant i\u0161orini\u0173 matmen\u0173, tinka naudoti ribotoje erdv\u0117je.<\/li>\n<li>Lengvas keitimas: M\u016bs\u0173 gamin\u012f galima puikiai pakeisti \u0161iais hidrauliniais cilindrais.<\/li>\n<\/ul>\n<p><img decoding=\"async\" src=\"https:\/\/www.hydraulic-cylinders.net\/wp-content\/uploads\/2025\/01\/songte-cylinder-head-with-all-kinds-excavator-models.webp\"><\/p>\n<h2>Parai\u0161kos<\/h2>\n<h3>Statybin\u0117 \u012franga<\/h3>\n<p>Ekskavatoriuose jie yra b\u016btini kasant, kraunant ir perkeliant grunt\u0105 ar \u0161iuk\u0161les. Ekskavatoriuose kau\u0161o cilindrai padeda tiek kasant, tiek keliant. Krautuvuose jie padeda efektyviai kelti ir i\u0161versti prekes.<\/p>\n<h3>\u017dem\u0117s \u016bkio technika<\/h3>\n<p>Naudojamas priekiniuose krautuvuose dirvo\u017eemiui, \u0161ienui ir kitoms med\u017eiagoms semti, kelti ir transportuoti.<\/p>\n<h3>Ekskavatoriai<\/h3>\n<p>Kau\u0161o cilindras kasimo veiksm\u0105 atlieka leisdamas kau\u0161ui \u012fsiskverbti \u012f dirv\u0105.<\/p>\n<h3>Krautuvai<\/h3>\n<p>Priekiniuose krautuvuose jie padeda efektyviai kelti ir pakreipti prekes.<\/p>\n<p><img decoding=\"async\" src=\"https:\/\/www.hydraulic-cylinders.net\/wp-content\/uploads\/2025\/01\/songte-chushion-collar.webp\"><\/p>\n<h2>Projektavimo aspektai ir atrankos kriterijai<\/h2>\n<ul>\n<li>Keliamoji galia<\/li>\n<li>Sandarinimas<\/li>\n<li>Patvarumas<\/li>\n<li>Saugumas<\/li>\n<li>Prie\u017ei\u016bra<\/li>\n<\/ul>\n<p><img decoding=\"async\" src=\"https:\/\/www.hydraulic-cylinders.net\/wp-content\/uploads\/2025\/01\/songte-oil-pipes-and-spare-parts.webp\"><\/p>\n<h2>Sandarinimas ir tepimas<\/h2>\n<p>Naudojami \u012fvair\u016bs sandarinimo komponentai, tokie kaip st\u016bmokli\u0173 sandarikliai, kot\u0173 sandarikliai ir kt. Sandarinimo komponentai yra pagaminti i\u0161 atspari\u0173 dilimui med\u017eiag\u0173, toki\u0173 kaip poliuretanas ir nitrilo kau\u010diukas. Cilindro korpusas ir sriegio galiniai pavir\u0161iai yra kruop\u0161\u010diai apdirbti, siekiant pagerinti atsparum\u0105 dilimui. B\u016btina reguliariai tepti tinkama hidrauline alyva.<\/p>\n<h2>Profilaktin\u0117 prie\u017ei\u016bra ir patikra<\/h2>\n<ul>\n<li>Reguliarus patikrinimas<\/li>\n<li>Tinkamas tepimas<\/li>\n<li>Sandariklio keitimas ir kalibravimo patikrinimas<\/li>\n<\/ul>\n<p>Svarbu tinkamai sumontuoti, sutepti ir sureguliuoti cilindr\u0105. Montuojant reikia pateikti teisingas lygiavimo gaires, o cilindrui pritvirtinti naudoti tinkamus montavimo laikiklius. Pateikiamos rekomenduojamos patikrinimo, remonto ir keitimo proced\u016bros, taip pat atsargin\u0117s dalys ir remonto paslaugos, siekiant prailginti cilindro tarnavimo laik\u0105.<\/p>\n<p><img decoding=\"async\" src=\"https:\/\/www.hydraulic-cylinders.net\/wp-content\/uploads\/2025\/01\/songte-bushings-with-all-kinds-of-excavator-models.webp\"><\/p>\n<h2>Saugos aspektai ir aplinkos veiksniai<\/h2>\n<p>Naudojant cilindr\u0105, svarbu laikytis saugos priemoni\u0173. Reguliarus techninis aptarnavimas ir ap\u017ei\u016bra gali pad\u0117ti suma\u017einti galimas problemas. Naudojant cilindr\u0105, taip pat reik\u0117t\u0173 atsi\u017evelgti \u012f aplinkos veiksnius.<\/p>\n<h2>Trik\u010di\u0173 \u0161alinimas ir da\u017eniausios problemos<\/h2>\n<ul>\n<li>Nuot\u0117kis<\/li>\n<li>L\u0117tas veikimas<\/li>\n<li>Per didelis triuk\u0161mas<\/li>\n<\/ul>\n<p>Pateikiami trik\u010di\u0173 \u0161alinimo patarimai ir sprendimai, padedantys skaitytojams efektyviai diagnozuoti ir i\u0161spr\u0119sti problemas. Taip pat si\u016blomos prevencin\u0117s priemon\u0117s, siekiant suma\u017einti galimas problemas.<\/p>\n<p><img decoding=\"async\" src=\"https:\/\/hzpt.com\/wp-content\/uploads\/2024\/11\/songte-company-1.webp\"><\/p>\n<h2>Apie mus<\/h2>\n<p>Esame pakaitini\u0173 hidraulini\u0173 cilindr\u0173 gamintojas, si\u016blantis plat\u0173 gamini\u0173 asortiment\u0105, ir tapome vienu i\u0161 pirmaujan\u010di\u0173 hidraulini\u0173 cilindr\u0173 gamintoj\u0173 bei didmenini\u0173 platintoj\u0173 vidaus ir tarptautin\u0117se rinkose. Vadovaujam\u0117s kokyb\u0117s puikumo principu, remdamiesi industrializuota smulkiosios gamybos dirbtuvi\u0173 gamybos valdymo strategija, nuolat tobuliname dirbtuvi\u0173 gamybos platform\u0105, geriname gamini\u0173 kokyb\u0117s proces\u0105 ir turime stiprias k\u016brimo galimybes. Taip pat pritaik\u0117me auk\u0161\u010diausios klas\u0117s skaitmenin\u0119 gamybos \u012frang\u0105, profesionalias bandym\u0173 sistemas ir techninius talentus, kad patenkintume \u012fvairius klient\u0173 poreikius, u\u017etikrindami auk\u0161t\u0105 efektyvum\u0105, tikslum\u0105 ir kokyb\u0119.<\/p>\n<ul>\n<li>Profesionalumas<\/li>\n<li>Tarptautinis sertifikavimas<\/li>\n<li>Individualus aptarnavimas<\/li>\n<li>Gamybos \u012franga<\/li>\n<li>Aptarnavimas po pardavimo<\/li>\n<\/ul>\n<p>Autorius: lyl<\/p>","protected":false},"excerpt":{"rendered":"<p>Bucket Cylinder For Caterpillar Middle Excavator E323DL\/323D2L Introduction The bucket cylinder is a specially designed hydraulic cylinder that is primarily used for controlling the movement of buckets in heavy machinery such as excavators, backhoes, and loaders. Its main function is to enable the bucket to lift, lower, and tilt, making it easier to handle various [&hellip;]<\/p>","protected":false},"featured_media":14788,"comment_status":"open","ping_status":"closed","template":"","meta":{"_et_pb_use_builder":"","_et_pb_old_content":"","_et_gb_content_width":""},"product_brand":[],"product_cat":[1494],"product_tag":[1495,1496],"class_list":{"0":"post-15238","1":"product","2":"type-product","3":"status-publish","4":"has-post-thumbnail","6":"product_cat-bucket-cylinders","7":"product_tag-bucket-cylinders","8":"product_tag-hydraulic-cylinders","10":"first","11":"instock","12":"shipping-taxable","13":"product-type-simple"},"amp_enabled":true,"_links":{"self":[{"href":"https:\/\/www.hydraulic-cylinders.net\/lt\/wp-json\/wp\/v2\/product\/15238","targetHints":{"allow":["GET"]}}],"collection":[{"href":"https:\/\/www.hydraulic-cylinders.net\/lt\/wp-json\/wp\/v2\/product"}],"about":[{"href":"https:\/\/www.hydraulic-cylinders.net\/lt\/wp-json\/wp\/v2\/types\/product"}],"replies":[{"embeddable":true,"href":"https:\/\/www.hydraulic-cylinders.net\/lt\/wp-json\/wp\/v2\/comments?post=15238"}],"wp:featuredmedia":[{"embeddable":true,"href":"https:\/\/www.hydraulic-cylinders.net\/lt\/wp-json\/wp\/v2\/media\/14788"}],"wp:attachment":[{"href":"https:\/\/www.hydraulic-cylinders.net\/lt\/wp-json\/wp\/v2\/media?parent=15238"}],"wp:term":[{"taxonomy":"product_brand","embeddable":true,"href":"https:\/\/www.hydraulic-cylinders.net\/lt\/wp-json\/wp\/v2\/product_brand?post=15238"},{"taxonomy":"product_cat","embeddable":true,"href":"https:\/\/www.hydraulic-cylinders.net\/lt\/wp-json\/wp\/v2\/product_cat?post=15238"},{"taxonomy":"product_tag","embeddable":true,"href":"https:\/\/www.hydraulic-cylinders.net\/lt\/wp-json\/wp\/v2\/product_tag?post=15238"}],"curies":[{"name":"wp","href":"https:\/\/api.w.org\/{rel}","templated":true}]}}